{"id":2042,"date":"2023-06-28T09:26:40","date_gmt":"2023-06-28T14:26:40","guid":{"rendered":"https:\/\/staging.glassupply.com\/ca\/product\/handrail-wall-mounted-fixed-bracket-with-swivel-head\/"},"modified":"2025-06-05T08:04:33","modified_gmt":"2025-06-05T13:04:33","slug":"handrail-wall-mounted-fixed-bracket-with-swivel-head","status":"publish","type":"product","link":"https:\/\/glassupply.com\/ca\/es\/producto\/handrail-wall-mounted-fixed-bracket-with-swivel-head\/","title":{"rendered":"Handrail Wall Mounted Fixed Bracket with Swivel Head"},"content":{"rendered":"","protected":false},"excerpt":{"rendered":"<p>El Soporte Fijo de Pared para Pasamanos con Cabezal Giratorio est\u00e1 espec\u00edficamente dise\u00f1ado para proporcionar la distancia \u00f3ptima entre la pared y el pasamanos (R-HR-RT), asegurando un agarre c\u00f3modo, seguro y accesible para todos los usuarios. En general, un rango de distancia entre 2\u201d (51 mm) y 2-3\/4\u201c (70 mm) es un buen punto de partida para la mayor\u00eda de las instalaciones de pasamanos. Este espacio permite un agarre c\u00f3modo y tambi\u00e9n proporciona suficiente espacio para que la mano se mueva libremente a lo largo del pasamanos.<\/p>\n<p>Adem\u00e1s, la caracter\u00edstica del cabezal giratorio del soporte permite un f\u00e1cil ajuste del \u00e1ngulo, asegurando que est\u00e9 perfectamente alineado con la pendiente de las escaleras o balc\u00f3n.<\/p>\n<p>Elaborados con aleaciones de acero inoxidable 316 de la m\u00e1s alta calidad, nuestros conectores de pasamanos de alta gama ofrecen no solo propiedades superiores de resistencia a la corrosi\u00f3n, sino tambi\u00e9n un atractivo est\u00e9tico inigualable que mejorar\u00e1 el aspecto general y la sensaci\u00f3n de cualquier proyecto. Nuestros conectores de pasamanos y la serie de pasamanos de acero inoxidable 316 son la elecci\u00f3n perfecta para quienes buscan durabilidad, fiabilidad y atractivo visual, asegurando un rendimiento duradero incluso en los entornos m\u00e1s exigentes.<\/p>\n<p>Elija entre un acabado de acero inoxidable pulido (cepillado) o un acabado mate negro liso que est\u00e1 recubierto con polvo aplicado electrost\u00e1ticamente y curado en horno para una superficie resistente a los ara\u00f1azos y protegida contra las inclemencias del tiempo. Ideal para aplicaciones tanto interiores como exteriores, ofrece una excelente resistencia a la corrosi\u00f3n, lo que lo hace perfecto para estructuras con un alto grado de corrosi\u00f3n, como regiones costeras y ambientes de piscinas.<\/p>\n<h2><b>ESPECIFICACIONES T\u00c9CNICAS<\/b><\/h2>\n<table>\n<tbody>\n<tr>\n<td>Pasamanos Recomendado<\/td>\n<td><span style=\"font-weight: 400;\">R-HR-RT<\/span><\/td>\n<\/tr>\n<tr>\n<td>Color\/Acabado<\/td>\n<td><span style=\"font-weight: 400;\">Negro Mate, Acero Inoxidable Pulido<\/span><\/td>\n<\/tr>\n<tr>\n<td>Material de Fabricaci\u00f3n<\/td>\n<td><span style=\"font-weight: 400;\">Acero Inoxidable AISI 316<\/span><\/td>\n<\/tr>\n<tr>\n<td>Uso Recomendado<\/td>\n<td><span style=\"font-weight: 400;\">Interior, Exterior<\/span><\/td>\n<\/tr>\n<\/tbody>\n<\/table>\n","protected":false},"featured_media":1883,"comment_status":"closed","ping_status":"closed","template":"","meta":{"_acf_changed":false,"inline_featured_image":false},"product_brand":[],"product_cat":[60,134],"product_tag":[],"class_list":{"0":"post-2042","1":"product","2":"type-product","3":"status-publish","4":"has-post-thumbnail","6":"product_cat-glass-fence-railing-hardware-es","7":"product_cat-handrail-es","9":"first","10":"instock","11":"taxable","12":"shipping-taxable","13":"purchasable","14":"product-type-variable","15":"has-default-attributes"},"acf":[],"yoast_head":"<!-- This site is optimized with the Yoast SEO plugin v26.9 - https:\/\/yoast.com\/product\/yoast-seo-wordpress\/ -->\n<title>Handrail Wall Mounted Fixed Bracket with Swivel Head - Glassupply (CA)<\/title>\n<meta name=\"robots\" content=\"index, follow, max-snippet:-1, max-image-preview:large, max-video-preview:-1\" \/>\n<link rel=\"canonical\" href=\"https:\/\/glassupply.com\/ca\/es\/producto\/handrail-wall-mounted-fixed-bracket-with-swivel-head\/\" \/>\n<meta property=\"og:locale\" content=\"es_ES\" \/>\n<meta property=\"og:type\" content=\"article\" \/>\n<meta property=\"og:title\" content=\"Handrail Wall Mounted Fixed Bracket with Swivel Head - Glassupply (CA)\" \/>\n<meta property=\"og:description\" content=\"El Soporte Fijo de Pared para Pasamanos con Cabezal Giratorio est\u00e1 espec\u00edficamente dise\u00f1ado para proporcionar la distancia \u00f3ptima entre la pared y el pasamanos (R-HR-RT), asegurando un agarre c\u00f3modo, seguro y accesible para todos los usuarios. En general, un rango de distancia entre 2\u201d (51 mm) y 2-3\/4\u201c (70 mm) es un buen punto de partida para la mayor\u00eda de las instalaciones de pasamanos. Este espacio permite un agarre c\u00f3modo y tambi\u00e9n proporciona suficiente espacio para que la mano se mueva libremente a lo largo del pasamanos.  Adem\u00e1s, la caracter\u00edstica del cabezal giratorio del soporte permite un f\u00e1cil ajuste del \u00e1ngulo, asegurando que est\u00e9 perfectamente alineado con la pendiente de las escaleras o balc\u00f3n.  Elaborados con aleaciones de acero inoxidable 316 de la m\u00e1s alta calidad, nuestros conectores de pasamanos de alta gama ofrecen no solo propiedades superiores de resistencia a la corrosi\u00f3n, sino tambi\u00e9n un atractivo est\u00e9tico inigualable que mejorar\u00e1 el aspecto general y la sensaci\u00f3n de cualquier proyecto. Nuestros conectores de pasamanos y la serie de pasamanos de acero inoxidable 316 son la elecci\u00f3n perfecta para quienes buscan durabilidad, fiabilidad y atractivo visual, asegurando un rendimiento duradero incluso en los entornos m\u00e1s exigentes.  Elija entre un acabado de acero inoxidable pulido (cepillado) o un acabado mate negro liso que est\u00e1 recubierto con polvo aplicado electrost\u00e1ticamente y curado en horno para una superficie resistente a los ara\u00f1azos y protegida contra las inclemencias del tiempo. Ideal para aplicaciones tanto interiores como exteriores, ofrece una excelente resistencia a la corrosi\u00f3n, lo que lo hace perfecto para estructuras con un alto grado de corrosi\u00f3n, como regiones costeras y ambientes de piscinas. ESPECIFICACIONES T\u00c9CNICAS    Pasamanos Recomendado R-HR-RT   Color\/Acabado Negro Mate, Acero Inoxidable Pulido   Material de Fabricaci\u00f3n Acero Inoxidable AISI 316   Uso Recomendado Interior, Exterior\" \/>\n<meta property=\"og:url\" content=\"https:\/\/glassupply.com\/ca\/es\/producto\/handrail-wall-mounted-fixed-bracket-with-swivel-head\/\" \/>\n<meta property=\"og:site_name\" content=\"Glassupply (CA)\" \/>\n<meta property=\"article:modified_time\" content=\"2025-06-05T13:04:33+00:00\" \/>\n<meta property=\"og:image\" content=\"https:\/\/glassupply.com\/ca\/wp-content\/uploads\/sites\/5\/2023\/06\/R-HR-WMBSHSS-Product-Image-2.webp\" \/>\n\t<meta property=\"og:image:width\" content=\"1500\" \/>\n\t<meta property=\"og:image:height\" content=\"1500\" \/>\n\t<meta property=\"og:image:type\" content=\"image\/webp\" \/>\n<meta name=\"twitter:card\" content=\"summary_large_image\" \/>\n<meta name=\"twitter:label1\" content=\"Est. reading time\" \/>\n\t<meta name=\"twitter:data1\" content=\"1 minuto\" \/>\n<script type=\"application\/ld+json\" class=\"yoast-schema-graph\">{\"@context\":\"https:\/\/schema.org\",\"@graph\":[{\"@type\":\"WebPage\",\"@id\":\"https:\/\/glassupply.com\/ca\/es\/producto\/handrail-wall-mounted-fixed-bracket-with-swivel-head\/\",\"url\":\"https:\/\/glassupply.com\/ca\/es\/producto\/handrail-wall-mounted-fixed-bracket-with-swivel-head\/\",\"name\":\"Handrail Wall Mounted Fixed Bracket with Swivel Head - Glassupply (CA)\",\"isPartOf\":{\"@id\":\"https:\/\/glassupply.com\/ca\/fr\/#website\"},\"primaryImageOfPage\":{\"@id\":\"https:\/\/glassupply.com\/ca\/es\/producto\/handrail-wall-mounted-fixed-bracket-with-swivel-head\/#primaryimage\"},\"image\":{\"@id\":\"https:\/\/glassupply.com\/ca\/es\/producto\/handrail-wall-mounted-fixed-bracket-with-swivel-head\/#primaryimage\"},\"thumbnailUrl\":\"https:\/\/glassupply.com\/ca\/wp-content\/uploads\/sites\/5\/2023\/06\/R-HR-WMBSHSS-Product-Image-2.webp\",\"datePublished\":\"2023-06-28T14:26:40+00:00\",\"dateModified\":\"2025-06-05T13:04:33+00:00\",\"breadcrumb\":{\"@id\":\"https:\/\/glassupply.com\/ca\/es\/producto\/handrail-wall-mounted-fixed-bracket-with-swivel-head\/#breadcrumb\"},\"inLanguage\":\"es\",\"potentialAction\":[{\"@type\":\"ReadAction\",\"target\":[\"https:\/\/glassupply.com\/ca\/es\/producto\/handrail-wall-mounted-fixed-bracket-with-swivel-head\/\"]}]},{\"@type\":\"ImageObject\",\"inLanguage\":\"es\",\"@id\":\"https:\/\/glassupply.com\/ca\/es\/producto\/handrail-wall-mounted-fixed-bracket-with-swivel-head\/#primaryimage\",\"url\":\"https:\/\/glassupply.com\/ca\/wp-content\/uploads\/sites\/5\/2023\/06\/R-HR-WMBSHSS-Product-Image-2.webp\",\"contentUrl\":\"https:\/\/glassupply.com\/ca\/wp-content\/uploads\/sites\/5\/2023\/06\/R-HR-WMBSHSS-Product-Image-2.webp\",\"width\":1500,\"height\":1500},{\"@type\":\"BreadcrumbList\",\"@id\":\"https:\/\/glassupply.com\/ca\/es\/producto\/handrail-wall-mounted-fixed-bracket-with-swivel-head\/#breadcrumb\",\"itemListElement\":[{\"@type\":\"ListItem\",\"position\":1,\"name\":\"Home\",\"item\":\"https:\/\/glassupply.com\/ca\/es\/\"},{\"@type\":\"ListItem\",\"position\":2,\"name\":\"Tienda\",\"item\":\"https:\/\/glassupply.com\/ca\/es\/tienda\/\"},{\"@type\":\"ListItem\",\"position\":3,\"name\":\"Handrail Wall Mounted Fixed Bracket with Swivel Head\"}]},{\"@type\":\"WebSite\",\"@id\":\"https:\/\/glassupply.com\/ca\/fr\/#website\",\"url\":\"https:\/\/glassupply.com\/ca\/fr\/\",\"name\":\"Glassupply.com\",\"description\":\"From the manufacturer to your doorstep\",\"publisher\":{\"@id\":\"https:\/\/glassupply.com\/ca\/fr\/#organization\"},\"potentialAction\":[{\"@type\":\"SearchAction\",\"target\":{\"@type\":\"EntryPoint\",\"urlTemplate\":\"https:\/\/glassupply.com\/ca\/fr\/?s={search_term_string}\"},\"query-input\":{\"@type\":\"PropertyValueSpecification\",\"valueRequired\":true,\"valueName\":\"search_term_string\"}}],\"inLanguage\":\"es\"},{\"@type\":\"Organization\",\"@id\":\"https:\/\/glassupply.com\/ca\/fr\/#organization\",\"name\":\"Glassupply.com\",\"url\":\"https:\/\/glassupply.com\/ca\/fr\/\",\"logo\":{\"@type\":\"ImageObject\",\"inLanguage\":\"es\",\"@id\":\"https:\/\/glassupply.com\/ca\/fr\/#\/schema\/logo\/image\/\",\"url\":\"https:\/\/staging.glassupply.com\/ca\/wp-content\/uploads\/sites\/5\/2023\/07\/logo.svg\",\"contentUrl\":\"https:\/\/staging.glassupply.com\/ca\/wp-content\/uploads\/sites\/5\/2023\/07\/logo.svg\",\"width\":310,\"height\":24,\"caption\":\"Glassupply.com\"},\"image\":{\"@id\":\"https:\/\/glassupply.com\/ca\/fr\/#\/schema\/logo\/image\/\"}}]}<\/script>\n<!-- \/ Yoast SEO plugin. -->","yoast_head_json":{"title":"Handrail Wall Mounted Fixed Bracket with Swivel Head - Glassupply (CA)","robots":{"index":"index","follow":"follow","max-snippet":"max-snippet:-1","max-image-preview":"max-image-preview:large","max-video-preview":"max-video-preview:-1"},"canonical":"https:\/\/glassupply.com\/ca\/es\/producto\/handrail-wall-mounted-fixed-bracket-with-swivel-head\/","og_locale":"es_ES","og_type":"article","og_title":"Handrail Wall Mounted Fixed Bracket with Swivel Head - Glassupply (CA)","og_description":"El Soporte Fijo de Pared para Pasamanos con Cabezal Giratorio est\u00e1 espec\u00edficamente dise\u00f1ado para proporcionar la distancia \u00f3ptima entre la pared y el pasamanos (R-HR-RT), asegurando un agarre c\u00f3modo, seguro y accesible para todos los usuarios. En general, un rango de distancia entre 2\u201d (51 mm) y 2-3\/4\u201c (70 mm) es un buen punto de partida para la mayor\u00eda de las instalaciones de pasamanos. Este espacio permite un agarre c\u00f3modo y tambi\u00e9n proporciona suficiente espacio para que la mano se mueva libremente a lo largo del pasamanos.  Adem\u00e1s, la caracter\u00edstica del cabezal giratorio del soporte permite un f\u00e1cil ajuste del \u00e1ngulo, asegurando que est\u00e9 perfectamente alineado con la pendiente de las escaleras o balc\u00f3n.  Elaborados con aleaciones de acero inoxidable 316 de la m\u00e1s alta calidad, nuestros conectores de pasamanos de alta gama ofrecen no solo propiedades superiores de resistencia a la corrosi\u00f3n, sino tambi\u00e9n un atractivo est\u00e9tico inigualable que mejorar\u00e1 el aspecto general y la sensaci\u00f3n de cualquier proyecto. Nuestros conectores de pasamanos y la serie de pasamanos de acero inoxidable 316 son la elecci\u00f3n perfecta para quienes buscan durabilidad, fiabilidad y atractivo visual, asegurando un rendimiento duradero incluso en los entornos m\u00e1s exigentes.  Elija entre un acabado de acero inoxidable pulido (cepillado) o un acabado mate negro liso que est\u00e1 recubierto con polvo aplicado electrost\u00e1ticamente y curado en horno para una superficie resistente a los ara\u00f1azos y protegida contra las inclemencias del tiempo. Ideal para aplicaciones tanto interiores como exteriores, ofrece una excelente resistencia a la corrosi\u00f3n, lo que lo hace perfecto para estructuras con un alto grado de corrosi\u00f3n, como regiones costeras y ambientes de piscinas. ESPECIFICACIONES T\u00c9CNICAS    Pasamanos Recomendado R-HR-RT   Color\/Acabado Negro Mate, Acero Inoxidable Pulido   Material de Fabricaci\u00f3n Acero Inoxidable AISI 316   Uso Recomendado Interior, Exterior","og_url":"https:\/\/glassupply.com\/ca\/es\/producto\/handrail-wall-mounted-fixed-bracket-with-swivel-head\/","og_site_name":"Glassupply (CA)","article_modified_time":"2025-06-05T13:04:33+00:00","og_image":[{"width":1500,"height":1500,"url":"https:\/\/glassupply.com\/ca\/wp-content\/uploads\/sites\/5\/2023\/06\/R-HR-WMBSHSS-Product-Image-2.webp","type":"image\/webp"}],"twitter_card":"summary_large_image","twitter_misc":{"Est. reading time":"1 minuto"},"schema":{"@context":"https:\/\/schema.org","@graph":[{"@type":"WebPage","@id":"https:\/\/glassupply.com\/ca\/es\/producto\/handrail-wall-mounted-fixed-bracket-with-swivel-head\/","url":"https:\/\/glassupply.com\/ca\/es\/producto\/handrail-wall-mounted-fixed-bracket-with-swivel-head\/","name":"Handrail Wall Mounted Fixed Bracket with Swivel Head - Glassupply (CA)","isPartOf":{"@id":"https:\/\/glassupply.com\/ca\/fr\/#website"},"primaryImageOfPage":{"@id":"https:\/\/glassupply.com\/ca\/es\/producto\/handrail-wall-mounted-fixed-bracket-with-swivel-head\/#primaryimage"},"image":{"@id":"https:\/\/glassupply.com\/ca\/es\/producto\/handrail-wall-mounted-fixed-bracket-with-swivel-head\/#primaryimage"},"thumbnailUrl":"https:\/\/glassupply.com\/ca\/wp-content\/uploads\/sites\/5\/2023\/06\/R-HR-WMBSHSS-Product-Image-2.webp","datePublished":"2023-06-28T14:26:40+00:00","dateModified":"2025-06-05T13:04:33+00:00","breadcrumb":{"@id":"https:\/\/glassupply.com\/ca\/es\/producto\/handrail-wall-mounted-fixed-bracket-with-swivel-head\/#breadcrumb"},"inLanguage":"es","potentialAction":[{"@type":"ReadAction","target":["https:\/\/glassupply.com\/ca\/es\/producto\/handrail-wall-mounted-fixed-bracket-with-swivel-head\/"]}]},{"@type":"ImageObject","inLanguage":"es","@id":"https:\/\/glassupply.com\/ca\/es\/producto\/handrail-wall-mounted-fixed-bracket-with-swivel-head\/#primaryimage","url":"https:\/\/glassupply.com\/ca\/wp-content\/uploads\/sites\/5\/2023\/06\/R-HR-WMBSHSS-Product-Image-2.webp","contentUrl":"https:\/\/glassupply.com\/ca\/wp-content\/uploads\/sites\/5\/2023\/06\/R-HR-WMBSHSS-Product-Image-2.webp","width":1500,"height":1500},{"@type":"BreadcrumbList","@id":"https:\/\/glassupply.com\/ca\/es\/producto\/handrail-wall-mounted-fixed-bracket-with-swivel-head\/#breadcrumb","itemListElement":[{"@type":"ListItem","position":1,"name":"Home","item":"https:\/\/glassupply.com\/ca\/es\/"},{"@type":"ListItem","position":2,"name":"Tienda","item":"https:\/\/glassupply.com\/ca\/es\/tienda\/"},{"@type":"ListItem","position":3,"name":"Handrail Wall Mounted Fixed Bracket with Swivel Head"}]},{"@type":"WebSite","@id":"https:\/\/glassupply.com\/ca\/fr\/#website","url":"https:\/\/glassupply.com\/ca\/fr\/","name":"Glassupply.com","description":"From the manufacturer to your doorstep","publisher":{"@id":"https:\/\/glassupply.com\/ca\/fr\/#organization"},"potentialAction":[{"@type":"SearchAction","target":{"@type":"EntryPoint","urlTemplate":"https:\/\/glassupply.com\/ca\/fr\/?s={search_term_string}"},"query-input":{"@type":"PropertyValueSpecification","valueRequired":true,"valueName":"search_term_string"}}],"inLanguage":"es"},{"@type":"Organization","@id":"https:\/\/glassupply.com\/ca\/fr\/#organization","name":"Glassupply.com","url":"https:\/\/glassupply.com\/ca\/fr\/","logo":{"@type":"ImageObject","inLanguage":"es","@id":"https:\/\/glassupply.com\/ca\/fr\/#\/schema\/logo\/image\/","url":"https:\/\/staging.glassupply.com\/ca\/wp-content\/uploads\/sites\/5\/2023\/07\/logo.svg","contentUrl":"https:\/\/staging.glassupply.com\/ca\/wp-content\/uploads\/sites\/5\/2023\/07\/logo.svg","width":310,"height":24,"caption":"Glassupply.com"},"image":{"@id":"https:\/\/glassupply.com\/ca\/fr\/#\/schema\/logo\/image\/"}}]}},"_links":{"self":[{"href":"https:\/\/glassupply.com\/ca\/es\/wp-json\/wp\/v2\/product\/2042","targetHints":{"allow":["GET"]}}],"collection":[{"href":"https:\/\/glassupply.com\/ca\/es\/wp-json\/wp\/v2\/product"}],"about":[{"href":"https:\/\/glassupply.com\/ca\/es\/wp-json\/wp\/v2\/types\/product"}],"replies":[{"embeddable":true,"href":"https:\/\/glassupply.com\/ca\/es\/wp-json\/wp\/v2\/comments?post=2042"}],"wp:featuredmedia":[{"embeddable":true,"href":"https:\/\/glassupply.com\/ca\/es\/wp-json\/wp\/v2\/media\/1883"}],"wp:attachment":[{"href":"https:\/\/glassupply.com\/ca\/es\/wp-json\/wp\/v2\/media?parent=2042"}],"wp:term":[{"taxonomy":"product_brand","embeddable":true,"href":"https:\/\/glassupply.com\/ca\/es\/wp-json\/wp\/v2\/product_brand?post=2042"},{"taxonomy":"product_cat","embeddable":true,"href":"https:\/\/glassupply.com\/ca\/es\/wp-json\/wp\/v2\/product_cat?post=2042"},{"taxonomy":"product_tag","embeddable":true,"href":"https:\/\/glassupply.com\/ca\/es\/wp-json\/wp\/v2\/product_tag?post=2042"}],"curies":[{"name":"wp","href":"https:\/\/api.w.org\/{rel}","templated":true}]}}