{"id":2201,"date":"2023-06-28T09:26:31","date_gmt":"2023-06-28T14:26:31","guid":{"rendered":"https:\/\/staging.glassupply.com\/ca\/product\/180-glass-to-glass-reverse-latch-for-frameless-glass-railing\/"},"modified":"2025-06-05T07:05:56","modified_gmt":"2025-06-05T12:05:56","slug":"180-glass-to-glass-reverse-latch-for-frameless-glass-railing","status":"publish","type":"product","link":"https:\/\/glassupply.com\/ca\/es\/producto\/180-glass-to-glass-reverse-latch-for-frameless-glass-railing\/","title":{"rendered":"180\u00b0 Glass to Glass Reverse Latch for Frameless Glass Railing"},"content":{"rendered":"","protected":false},"excerpt":{"rendered":"<p><span style=\"font-weight: 400;\">El pestillo invertido de vidrio a vidrio de 180\u00b0 para barandillas sin marco es un pestillo altamente funcional y seguro que cuenta con un mecanismo magn\u00e9tico de autocierre. Este pestillo est\u00e1 dise\u00f1ado espec\u00edficamente para instalarse en un panel de vidrio adyacente, siendo una opci\u00f3n ideal para barandillas de vidrio sin marco.<\/span><\/p>\n<p><span style=\"font-weight: 400;\">Cuando se combina con nuestras bisagras con resorte y autocierre, este pestillo magn\u00e9tico puede ser un componente vital para cumplir con los<\/span><b> requisitos de barreras de seguridad para piscinas<\/b><span style=\"font-weight: 400;\"> que est\u00e1n implementando muchos municipios en Norteam\u00e9rica.<\/span><\/p>\n<p><span style=\"font-weight: 400;\">Este tipo de pestillo est\u00e1 dise\u00f1ado para instalarse de manera que el cerrojo del pestillo quede en el lado opuesto a donde se abrir\u00e1 la puerta. Este sistema funcionar\u00e1 independientemente de si la puerta tiene bisagra a la izquierda o a la derecha.<\/span><\/p>\n<p><span style=\"font-weight: 400;\">Si la puerta se abre hacia afuera, el pestillo invertido se instalar\u00e1 en el interior de la puerta, permitiendo que el cerrojo del pestillo se extienda dentro del recept\u00e1culo magn\u00e9tico cuando la puerta est\u00e9 cerrada. Esto proporciona mayor seguridad y a menudo es requerido para cumplir con la <\/span><b>regulaci\u00f3n de piscinas.<\/b><\/p>\n<p><span style=\"font-weight: 400;\">En contraste, un pestillo regular se instala en el mismo lado hacia donde se abre la puerta. Para una puerta que se abre hacia afuera, el pestillo regular se instalar\u00eda en el exterior de la puerta.<\/span><\/p>\n<p><span style=\"font-weight: 400;\">Fabricado con aleaci\u00f3n de acero inoxidable Duplex 2205 de la m\u00e1s alta calidad, este herraje marino y anticorrosivo es conocido por su resistencia superior y capacidad para resistir la corrosi\u00f3n en ambientes exteriores exigentes. Nuestra aleaci\u00f3n de acero inoxidable Duplex 2205, con un 22% de cromo, 3% de molibdeno y entre 5% y 6% de n\u00edquel, ofrece una resistencia a la corrosi\u00f3n superior y m\u00e1s del doble de la resistencia al rendimiento comparado con el acero inoxidable austen\u00edtico est\u00e1ndar.<\/span><\/p>\n<p><span style=\"font-weight: 400;\">Elija entre un acabado de acero inoxidable pulido (cepillado) o un acabado negro mate liso con recubrimiento en polvo aplicado electrost\u00e1ticamente y curado al horno para una superficie resistente a los ara\u00f1azos y protegida contra la intemperie. Ideal para aplicaciones tanto interiores como exteriores, ofrece una excelente resistencia a la corrosi\u00f3n, siendo perfecto para estructuras con un alto grado de corrosi\u00f3n, como regiones costeras y entornos de piscinas.<\/span><\/p>\n<p>&nbsp;<\/p>\n<h2><b>ESPECIFICACIONES T\u00c9CNICAS<\/b><\/h2>\n<table>\n<tbody>\n<tr>\n<td><b>Espesor del vidrio de seguridad<\/b><\/td>\n<td><span style=\"font-weight: 400;\">3\/8\u201d &#8211; 1\/2\u201d (10 a 12 mm) \u2013 puede alojar paneles de vidrio de 9\/16\u201d (13.5 mm)<\/span><\/td>\n<\/tr>\n<tr>\n<td><b>Color\/Acabado<\/b><\/td>\n<td><span style=\"font-weight: 400;\">Acero inoxidable pulido, Negro mate<\/span><\/td>\n<\/tr>\n<tr>\n<td><b>Material de fabricaci\u00f3n<\/b><\/td>\n<td><span style=\"font-weight: 400;\">Acero inoxidable Duplex 2205<\/span><\/td>\n<\/tr>\n<tr>\n<td><b>Recomendaci\u00f3n de deducci\u00f3n para el espacio de la puerta<\/b><\/td>\n<td><span style=\"font-weight: 400;\">1\/4\u201d &#8211; 3\/8\u201d (6 a 10 mm)<\/span><\/td>\n<\/tr>\n<tr>\n<td><b>Tipo de montaje<\/b><\/td>\n<td><span style=\"font-weight: 400;\">Montaje en panel de vidrio<\/span><\/td>\n<\/tr>\n<tr>\n<td><b>Uso recomendado<\/b><\/td>\n<td><span style=\"font-weight: 400;\">Interior, Exterior<\/span><\/td>\n<\/tr>\n<tr>\n<td><b>Lado de montaje<\/b><\/td>\n<td><span style=\"font-weight: 400;\">Reversible<\/span><\/td>\n<\/tr>\n<\/tbody>\n<\/table>\n","protected":false},"featured_media":1763,"comment_status":"closed","ping_status":"closed","template":"","meta":{"_acf_changed":false,"inline_featured_image":false},"product_brand":[],"product_cat":[133,60],"product_tag":[],"class_list":{"0":"post-2201","1":"product","2":"type-product","3":"status-publish","4":"has-post-thumbnail","6":"product_cat-door-hardware-es","7":"product_cat-glass-fence-railing-hardware-es","9":"first","10":"instock","11":"taxable","12":"shipping-taxable","13":"purchasable","14":"product-type-variable","15":"has-default-attributes"},"acf":[],"yoast_head":"<!-- This site is optimized with the Yoast SEO plugin v26.9 - https:\/\/yoast.com\/product\/yoast-seo-wordpress\/ -->\n<title>180\u00b0 Glass to Glass Reverse Latch for Frameless Glass Railing - Glassupply (CA)<\/title>\n<meta name=\"robots\" content=\"index, follow, max-snippet:-1, max-image-preview:large, max-video-preview:-1\" \/>\n<link rel=\"canonical\" href=\"https:\/\/glassupply.com\/ca\/es\/producto\/180-glass-to-glass-reverse-latch-for-frameless-glass-railing\/\" \/>\n<meta property=\"og:locale\" content=\"es_ES\" \/>\n<meta property=\"og:type\" content=\"article\" \/>\n<meta property=\"og:title\" content=\"180\u00b0 Glass to Glass Reverse Latch for Frameless Glass Railing - Glassupply (CA)\" \/>\n<meta property=\"og:description\" content=\"El pestillo invertido de vidrio a vidrio de 180\u00b0 para barandillas sin marco es un pestillo altamente funcional y seguro que cuenta con un mecanismo magn\u00e9tico de autocierre. Este pestillo est\u00e1 dise\u00f1ado espec\u00edficamente para instalarse en un panel de vidrio adyacente, siendo una opci\u00f3n ideal para barandillas de vidrio sin marco.  Cuando se combina con nuestras bisagras con resorte y autocierre, este pestillo magn\u00e9tico puede ser un componente vital para cumplir con los requisitos de barreras de seguridad para piscinas que est\u00e1n implementando muchos municipios en Norteam\u00e9rica.  Este tipo de pestillo est\u00e1 dise\u00f1ado para instalarse de manera que el cerrojo del pestillo quede en el lado opuesto a donde se abrir\u00e1 la puerta. Este sistema funcionar\u00e1 independientemente de si la puerta tiene bisagra a la izquierda o a la derecha.  Si la puerta se abre hacia afuera, el pestillo invertido se instalar\u00e1 en el interior de la puerta, permitiendo que el cerrojo del pestillo se extienda dentro del recept\u00e1culo magn\u00e9tico cuando la puerta est\u00e9 cerrada. Esto proporciona mayor seguridad y a menudo es requerido para cumplir con la regulaci\u00f3n de piscinas.  En contraste, un pestillo regular se instala en el mismo lado hacia donde se abre la puerta. Para una puerta que se abre hacia afuera, el pestillo regular se instalar\u00eda en el exterior de la puerta.  Fabricado con aleaci\u00f3n de acero inoxidable Duplex 2205 de la m\u00e1s alta calidad, este herraje marino y anticorrosivo es conocido por su resistencia superior y capacidad para resistir la corrosi\u00f3n en ambientes exteriores exigentes. Nuestra aleaci\u00f3n de acero inoxidable Duplex 2205, con un 22% de cromo, 3% de molibdeno y entre 5% y 6% de n\u00edquel, ofrece una resistencia a la corrosi\u00f3n superior y m\u00e1s del doble de la resistencia al rendimiento comparado con el acero inoxidable austen\u00edtico est\u00e1ndar.  Elija entre un acabado de acero inoxidable pulido (cepillado) o un acabado negro mate liso con recubrimiento en polvo aplicado electrost\u00e1ticamente y curado al horno para una superficie resistente a los ara\u00f1azos y protegida contra la intemperie. Ideal para aplicaciones tanto interiores como exteriores, ofrece una excelente resistencia a la corrosi\u00f3n, siendo perfecto para estructuras con un alto grado de corrosi\u00f3n, como regiones costeras y entornos de piscinas.  &nbsp; ESPECIFICACIONES T\u00c9CNICAS    Espesor del vidrio de seguridad 3\/8\u201d - 1\/2\u201d (10 a 12 mm) \u2013 puede alojar paneles de vidrio de 9\/16\u201d (13.5 mm)   Color\/Acabado Acero inoxidable pulido, Negro mate   Material de fabricaci\u00f3n Acero inoxidable Duplex 2205   Recomendaci\u00f3n de deducci\u00f3n para el espacio de la puerta 1\/4\u201d - 3\/8\u201d (6 a 10 mm)   Tipo de montaje Montaje en panel de vidrio   Uso recomendado Interior, Exterior   Lado de montaje Reversible\" \/>\n<meta property=\"og:url\" content=\"https:\/\/glassupply.com\/ca\/es\/producto\/180-glass-to-glass-reverse-latch-for-frameless-glass-railing\/\" \/>\n<meta property=\"og:site_name\" content=\"Glassupply (CA)\" \/>\n<meta property=\"article:modified_time\" content=\"2025-06-05T12:05:56+00:00\" \/>\n<meta property=\"og:image\" content=\"https:\/\/glassupply.com\/ca\/wp-content\/uploads\/sites\/5\/2023\/06\/R-DH-180GGLICSS-First-Product-Image-min.webp\" \/>\n\t<meta property=\"og:image:width\" content=\"1551\" \/>\n\t<meta property=\"og:image:height\" content=\"1551\" \/>\n\t<meta property=\"og:image:type\" content=\"image\/webp\" \/>\n<meta name=\"twitter:card\" content=\"summary_large_image\" \/>\n<meta name=\"twitter:label1\" content=\"Est. reading time\" \/>\n\t<meta name=\"twitter:data1\" content=\"1 minuto\" \/>\n<script type=\"application\/ld+json\" class=\"yoast-schema-graph\">{\"@context\":\"https:\/\/schema.org\",\"@graph\":[{\"@type\":\"WebPage\",\"@id\":\"https:\/\/glassupply.com\/ca\/es\/producto\/180-glass-to-glass-reverse-latch-for-frameless-glass-railing\/\",\"url\":\"https:\/\/glassupply.com\/ca\/es\/producto\/180-glass-to-glass-reverse-latch-for-frameless-glass-railing\/\",\"name\":\"180\u00b0 Glass to Glass Reverse Latch for Frameless Glass Railing - Glassupply (CA)\",\"isPartOf\":{\"@id\":\"https:\/\/glassupply.com\/ca\/fr\/#website\"},\"primaryImageOfPage\":{\"@id\":\"https:\/\/glassupply.com\/ca\/es\/producto\/180-glass-to-glass-reverse-latch-for-frameless-glass-railing\/#primaryimage\"},\"image\":{\"@id\":\"https:\/\/glassupply.com\/ca\/es\/producto\/180-glass-to-glass-reverse-latch-for-frameless-glass-railing\/#primaryimage\"},\"thumbnailUrl\":\"https:\/\/glassupply.com\/ca\/wp-content\/uploads\/sites\/5\/2023\/06\/R-DH-180GGLICSS-First-Product-Image-min.webp\",\"datePublished\":\"2023-06-28T14:26:31+00:00\",\"dateModified\":\"2025-06-05T12:05:56+00:00\",\"breadcrumb\":{\"@id\":\"https:\/\/glassupply.com\/ca\/es\/producto\/180-glass-to-glass-reverse-latch-for-frameless-glass-railing\/#breadcrumb\"},\"inLanguage\":\"es\",\"potentialAction\":[{\"@type\":\"ReadAction\",\"target\":[\"https:\/\/glassupply.com\/ca\/es\/producto\/180-glass-to-glass-reverse-latch-for-frameless-glass-railing\/\"]}]},{\"@type\":\"ImageObject\",\"inLanguage\":\"es\",\"@id\":\"https:\/\/glassupply.com\/ca\/es\/producto\/180-glass-to-glass-reverse-latch-for-frameless-glass-railing\/#primaryimage\",\"url\":\"https:\/\/glassupply.com\/ca\/wp-content\/uploads\/sites\/5\/2023\/06\/R-DH-180GGLICSS-First-Product-Image-min.webp\",\"contentUrl\":\"https:\/\/glassupply.com\/ca\/wp-content\/uploads\/sites\/5\/2023\/06\/R-DH-180GGLICSS-First-Product-Image-min.webp\",\"width\":1551,\"height\":1551},{\"@type\":\"BreadcrumbList\",\"@id\":\"https:\/\/glassupply.com\/ca\/es\/producto\/180-glass-to-glass-reverse-latch-for-frameless-glass-railing\/#breadcrumb\",\"itemListElement\":[{\"@type\":\"ListItem\",\"position\":1,\"name\":\"Home\",\"item\":\"https:\/\/glassupply.com\/ca\/es\/\"},{\"@type\":\"ListItem\",\"position\":2,\"name\":\"Tienda\",\"item\":\"https:\/\/glassupply.com\/ca\/es\/tienda\/\"},{\"@type\":\"ListItem\",\"position\":3,\"name\":\"180\u00b0 Glass to Glass Reverse Latch for Frameless Glass Railing\"}]},{\"@type\":\"WebSite\",\"@id\":\"https:\/\/glassupply.com\/ca\/fr\/#website\",\"url\":\"https:\/\/glassupply.com\/ca\/fr\/\",\"name\":\"Glassupply.com\",\"description\":\"From the manufacturer to your doorstep\",\"publisher\":{\"@id\":\"https:\/\/glassupply.com\/ca\/fr\/#organization\"},\"potentialAction\":[{\"@type\":\"SearchAction\",\"target\":{\"@type\":\"EntryPoint\",\"urlTemplate\":\"https:\/\/glassupply.com\/ca\/fr\/?s={search_term_string}\"},\"query-input\":{\"@type\":\"PropertyValueSpecification\",\"valueRequired\":true,\"valueName\":\"search_term_string\"}}],\"inLanguage\":\"es\"},{\"@type\":\"Organization\",\"@id\":\"https:\/\/glassupply.com\/ca\/fr\/#organization\",\"name\":\"Glassupply.com\",\"url\":\"https:\/\/glassupply.com\/ca\/fr\/\",\"logo\":{\"@type\":\"ImageObject\",\"inLanguage\":\"es\",\"@id\":\"https:\/\/glassupply.com\/ca\/fr\/#\/schema\/logo\/image\/\",\"url\":\"https:\/\/staging.glassupply.com\/ca\/wp-content\/uploads\/sites\/5\/2023\/07\/logo.svg\",\"contentUrl\":\"https:\/\/staging.glassupply.com\/ca\/wp-content\/uploads\/sites\/5\/2023\/07\/logo.svg\",\"width\":310,\"height\":24,\"caption\":\"Glassupply.com\"},\"image\":{\"@id\":\"https:\/\/glassupply.com\/ca\/fr\/#\/schema\/logo\/image\/\"}}]}<\/script>\n<!-- \/ Yoast SEO plugin. -->","yoast_head_json":{"title":"180\u00b0 Glass to Glass Reverse Latch for Frameless Glass Railing - Glassupply (CA)","robots":{"index":"index","follow":"follow","max-snippet":"max-snippet:-1","max-image-preview":"max-image-preview:large","max-video-preview":"max-video-preview:-1"},"canonical":"https:\/\/glassupply.com\/ca\/es\/producto\/180-glass-to-glass-reverse-latch-for-frameless-glass-railing\/","og_locale":"es_ES","og_type":"article","og_title":"180\u00b0 Glass to Glass Reverse Latch for Frameless Glass Railing - Glassupply (CA)","og_description":"El pestillo invertido de vidrio a vidrio de 180\u00b0 para barandillas sin marco es un pestillo altamente funcional y seguro que cuenta con un mecanismo magn\u00e9tico de autocierre. Este pestillo est\u00e1 dise\u00f1ado espec\u00edficamente para instalarse en un panel de vidrio adyacente, siendo una opci\u00f3n ideal para barandillas de vidrio sin marco.  Cuando se combina con nuestras bisagras con resorte y autocierre, este pestillo magn\u00e9tico puede ser un componente vital para cumplir con los requisitos de barreras de seguridad para piscinas que est\u00e1n implementando muchos municipios en Norteam\u00e9rica.  Este tipo de pestillo est\u00e1 dise\u00f1ado para instalarse de manera que el cerrojo del pestillo quede en el lado opuesto a donde se abrir\u00e1 la puerta. Este sistema funcionar\u00e1 independientemente de si la puerta tiene bisagra a la izquierda o a la derecha.  Si la puerta se abre hacia afuera, el pestillo invertido se instalar\u00e1 en el interior de la puerta, permitiendo que el cerrojo del pestillo se extienda dentro del recept\u00e1culo magn\u00e9tico cuando la puerta est\u00e9 cerrada. Esto proporciona mayor seguridad y a menudo es requerido para cumplir con la regulaci\u00f3n de piscinas.  En contraste, un pestillo regular se instala en el mismo lado hacia donde se abre la puerta. Para una puerta que se abre hacia afuera, el pestillo regular se instalar\u00eda en el exterior de la puerta.  Fabricado con aleaci\u00f3n de acero inoxidable Duplex 2205 de la m\u00e1s alta calidad, este herraje marino y anticorrosivo es conocido por su resistencia superior y capacidad para resistir la corrosi\u00f3n en ambientes exteriores exigentes. Nuestra aleaci\u00f3n de acero inoxidable Duplex 2205, con un 22% de cromo, 3% de molibdeno y entre 5% y 6% de n\u00edquel, ofrece una resistencia a la corrosi\u00f3n superior y m\u00e1s del doble de la resistencia al rendimiento comparado con el acero inoxidable austen\u00edtico est\u00e1ndar.  Elija entre un acabado de acero inoxidable pulido (cepillado) o un acabado negro mate liso con recubrimiento en polvo aplicado electrost\u00e1ticamente y curado al horno para una superficie resistente a los ara\u00f1azos y protegida contra la intemperie. Ideal para aplicaciones tanto interiores como exteriores, ofrece una excelente resistencia a la corrosi\u00f3n, siendo perfecto para estructuras con un alto grado de corrosi\u00f3n, como regiones costeras y entornos de piscinas.  &nbsp; ESPECIFICACIONES T\u00c9CNICAS    Espesor del vidrio de seguridad 3\/8\u201d - 1\/2\u201d (10 a 12 mm) \u2013 puede alojar paneles de vidrio de 9\/16\u201d (13.5 mm)   Color\/Acabado Acero inoxidable pulido, Negro mate   Material de fabricaci\u00f3n Acero inoxidable Duplex 2205   Recomendaci\u00f3n de deducci\u00f3n para el espacio de la puerta 1\/4\u201d - 3\/8\u201d (6 a 10 mm)   Tipo de montaje Montaje en panel de vidrio   Uso recomendado Interior, Exterior   Lado de montaje Reversible","og_url":"https:\/\/glassupply.com\/ca\/es\/producto\/180-glass-to-glass-reverse-latch-for-frameless-glass-railing\/","og_site_name":"Glassupply (CA)","article_modified_time":"2025-06-05T12:05:56+00:00","og_image":[{"width":1551,"height":1551,"url":"https:\/\/glassupply.com\/ca\/wp-content\/uploads\/sites\/5\/2023\/06\/R-DH-180GGLICSS-First-Product-Image-min.webp","type":"image\/webp"}],"twitter_card":"summary_large_image","twitter_misc":{"Est. reading time":"1 minuto"},"schema":{"@context":"https:\/\/schema.org","@graph":[{"@type":"WebPage","@id":"https:\/\/glassupply.com\/ca\/es\/producto\/180-glass-to-glass-reverse-latch-for-frameless-glass-railing\/","url":"https:\/\/glassupply.com\/ca\/es\/producto\/180-glass-to-glass-reverse-latch-for-frameless-glass-railing\/","name":"180\u00b0 Glass to Glass Reverse Latch for Frameless Glass Railing - Glassupply (CA)","isPartOf":{"@id":"https:\/\/glassupply.com\/ca\/fr\/#website"},"primaryImageOfPage":{"@id":"https:\/\/glassupply.com\/ca\/es\/producto\/180-glass-to-glass-reverse-latch-for-frameless-glass-railing\/#primaryimage"},"image":{"@id":"https:\/\/glassupply.com\/ca\/es\/producto\/180-glass-to-glass-reverse-latch-for-frameless-glass-railing\/#primaryimage"},"thumbnailUrl":"https:\/\/glassupply.com\/ca\/wp-content\/uploads\/sites\/5\/2023\/06\/R-DH-180GGLICSS-First-Product-Image-min.webp","datePublished":"2023-06-28T14:26:31+00:00","dateModified":"2025-06-05T12:05:56+00:00","breadcrumb":{"@id":"https:\/\/glassupply.com\/ca\/es\/producto\/180-glass-to-glass-reverse-latch-for-frameless-glass-railing\/#breadcrumb"},"inLanguage":"es","potentialAction":[{"@type":"ReadAction","target":["https:\/\/glassupply.com\/ca\/es\/producto\/180-glass-to-glass-reverse-latch-for-frameless-glass-railing\/"]}]},{"@type":"ImageObject","inLanguage":"es","@id":"https:\/\/glassupply.com\/ca\/es\/producto\/180-glass-to-glass-reverse-latch-for-frameless-glass-railing\/#primaryimage","url":"https:\/\/glassupply.com\/ca\/wp-content\/uploads\/sites\/5\/2023\/06\/R-DH-180GGLICSS-First-Product-Image-min.webp","contentUrl":"https:\/\/glassupply.com\/ca\/wp-content\/uploads\/sites\/5\/2023\/06\/R-DH-180GGLICSS-First-Product-Image-min.webp","width":1551,"height":1551},{"@type":"BreadcrumbList","@id":"https:\/\/glassupply.com\/ca\/es\/producto\/180-glass-to-glass-reverse-latch-for-frameless-glass-railing\/#breadcrumb","itemListElement":[{"@type":"ListItem","position":1,"name":"Home","item":"https:\/\/glassupply.com\/ca\/es\/"},{"@type":"ListItem","position":2,"name":"Tienda","item":"https:\/\/glassupply.com\/ca\/es\/tienda\/"},{"@type":"ListItem","position":3,"name":"180\u00b0 Glass to Glass Reverse Latch for Frameless Glass Railing"}]},{"@type":"WebSite","@id":"https:\/\/glassupply.com\/ca\/fr\/#website","url":"https:\/\/glassupply.com\/ca\/fr\/","name":"Glassupply.com","description":"From the manufacturer to your doorstep","publisher":{"@id":"https:\/\/glassupply.com\/ca\/fr\/#organization"},"potentialAction":[{"@type":"SearchAction","target":{"@type":"EntryPoint","urlTemplate":"https:\/\/glassupply.com\/ca\/fr\/?s={search_term_string}"},"query-input":{"@type":"PropertyValueSpecification","valueRequired":true,"valueName":"search_term_string"}}],"inLanguage":"es"},{"@type":"Organization","@id":"https:\/\/glassupply.com\/ca\/fr\/#organization","name":"Glassupply.com","url":"https:\/\/glassupply.com\/ca\/fr\/","logo":{"@type":"ImageObject","inLanguage":"es","@id":"https:\/\/glassupply.com\/ca\/fr\/#\/schema\/logo\/image\/","url":"https:\/\/staging.glassupply.com\/ca\/wp-content\/uploads\/sites\/5\/2023\/07\/logo.svg","contentUrl":"https:\/\/staging.glassupply.com\/ca\/wp-content\/uploads\/sites\/5\/2023\/07\/logo.svg","width":310,"height":24,"caption":"Glassupply.com"},"image":{"@id":"https:\/\/glassupply.com\/ca\/fr\/#\/schema\/logo\/image\/"}}]}},"_links":{"self":[{"href":"https:\/\/glassupply.com\/ca\/es\/wp-json\/wp\/v2\/product\/2201","targetHints":{"allow":["GET"]}}],"collection":[{"href":"https:\/\/glassupply.com\/ca\/es\/wp-json\/wp\/v2\/product"}],"about":[{"href":"https:\/\/glassupply.com\/ca\/es\/wp-json\/wp\/v2\/types\/product"}],"replies":[{"embeddable":true,"href":"https:\/\/glassupply.com\/ca\/es\/wp-json\/wp\/v2\/comments?post=2201"}],"wp:featuredmedia":[{"embeddable":true,"href":"https:\/\/glassupply.com\/ca\/es\/wp-json\/wp\/v2\/media\/1763"}],"wp:attachment":[{"href":"https:\/\/glassupply.com\/ca\/es\/wp-json\/wp\/v2\/media?parent=2201"}],"wp:term":[{"taxonomy":"product_brand","embeddable":true,"href":"https:\/\/glassupply.com\/ca\/es\/wp-json\/wp\/v2\/product_brand?post=2201"},{"taxonomy":"product_cat","embeddable":true,"href":"https:\/\/glassupply.com\/ca\/es\/wp-json\/wp\/v2\/product_cat?post=2201"},{"taxonomy":"product_tag","embeddable":true,"href":"https:\/\/glassupply.com\/ca\/es\/wp-json\/wp\/v2\/product_tag?post=2201"}],"curies":[{"name":"wp","href":"https:\/\/api.w.org\/{rel}","templated":true}]}}