{"id":2212,"date":"2023-06-28T09:26:31","date_gmt":"2023-06-28T14:26:31","guid":{"rendered":"https:\/\/staging.glassupply.com\/ca\/product\/spring-loaded-glass-to-wall-door-hinge-for-frameless-glass-railing\/"},"modified":"2025-06-05T07:25:19","modified_gmt":"2025-06-05T12:25:19","slug":"spring-loaded-glass-to-wall-door-hinge-for-frameless-glass-railing","status":"publish","type":"product","link":"https:\/\/glassupply.com\/ca\/es\/producto\/spring-loaded-glass-to-wall-door-hinge-for-frameless-glass-railing\/","title":{"rendered":"Spring Loaded Glass-to-Wall Door Hinge for Frameless Glass Railing"},"content":{"rendered":"","protected":false},"excerpt":{"rendered":"<p><span style=\"font-weight: 400;\">La bisagra de puerta con resorte para vidrio sin marco de pared a vidrio es una bisagra altamente funcional y segura que viene equipada con un mecanismo de resorte de cierre autom\u00e1tico. Esta bisagra est\u00e1 dise\u00f1ada espec\u00edficamente para instalarse en una pared o poste adyacente, lo que la convierte en una opci\u00f3n ideal para barandillas de vidrio sin marco.<\/span><\/p>\n<p><span style=\"font-weight: 400;\">Para ajustar la tensi\u00f3n del resorte, simplemente retire la tapa plana superior y acceda al tornillo de ajuste con una llave Allen. Adem\u00e1s, <\/span><b>cuando se combina con nuestro pestillo magn\u00e9tico de cierre autom\u00e1tico, esta bisagra con resorte puede ser un componente vital para cumplir con los requisitos de barrera de seguridad para piscinas que est\u00e1n siendo implementados por muchos municipios en toda Am\u00e9rica del Norte<\/b><span style=\"font-weight: 400;\">.<\/span><\/p>\n<p><span style=\"font-weight: 400;\">Fabricado con la aleaci\u00f3n de acero inoxidable Duplex 2205 de la m\u00e1s alta calidad, este hardware marino anticorrosivo es conocido por su gran resistencia y durabilidad en entornos exteriores hostiles. Nuestra aleaci\u00f3n de acero inoxidable Duplex 2205, compuesta por un 22% de cromo, 3% de molibdeno y entre 5% y 6% de n\u00edquel, proporciona una resistencia superior a la corrosi\u00f3n y m\u00e1s del doble de la resistencia de fluencia en comparaci\u00f3n con el acero inoxidable austen\u00edtico est\u00e1ndar.<\/span><\/p>\n<p><span style=\"font-weight: 400;\">Elija entre un acabado de acero inoxidable pulido (cepillado) o un acabado negro mate suave con recubrimiento en polvo aplicado electrost\u00e1ticamente y curado al horno para una superficie resistente a los ara\u00f1azos y protegida contra el clima. Ideal para aplicaciones tanto interiores como exteriores, ofrece una excelente resistencia a la corrosi\u00f3n, lo que lo hace perfecto para estructuras con un alto grado de exposici\u00f3n, como regiones costeras y entornos con piscinas.<\/span><\/p>\n<p><b>Tenga en cuenta que cada bisagra se vende por separado. Si desea comprar un par de bisagras, ajuste la cantidad del pedido a 2 antes de realizar su compra.<\/b><\/p>\n<p>&nbsp;<\/p>\n<h2><b>ESPECIFICACIONES T\u00c9CNICAS<\/b><\/h2>\n<table>\n<tbody>\n<tr>\n<td><b>Espesor del vidrio de seguridad<\/b><\/td>\n<td><span style=\"font-weight: 400;\">3\/8\u201d- 1\/2\u201d (10 a 12 mm) \u2013 puede acomodar paneles de vidrio de 9\/16\u201d (13.5 mm)<\/span><\/td>\n<\/tr>\n<tr>\n<td><b>Color\/Acabado<\/b><\/td>\n<td><span style=\"font-weight: 400;\">Acero inoxidable pulido, negro mate<\/span><\/td>\n<\/tr>\n<tr>\n<td><b>Material de fabricaci\u00f3n<\/b><\/td>\n<td><span style=\"font-weight: 400;\">Acero inoxidable Duplex 2205<\/span><\/td>\n<\/tr>\n<tr>\n<td><b>Deducci\u00f3n recomendada de espacio para la puerta<\/b><\/td>\n<td><span style=\"font-weight: 400;\">13\/16&#8243; a 7\/8&#8243; (20 a 22 mm)<\/span><\/td>\n<\/tr>\n<tr>\n<td><b>Tipo de montaje<\/b><\/td>\n<td><span style=\"font-weight: 400;\">De pared a vidrio, de poste a vidrio<\/span><\/td>\n<\/tr>\n<tr>\n<td><b>Ubicaci\u00f3n recomendada<\/b><\/td>\n<td><span style=\"font-weight: 400;\">Interior, exterior<\/span><\/td>\n<\/tr>\n<tr>\n<td><b>Lado de montaje<\/b><\/td>\n<td><span style=\"font-weight: 400;\">Reversible<\/span><\/td>\n<\/tr>\n<\/tbody>\n<\/table>\n","protected":false},"featured_media":1751,"comment_status":"closed","ping_status":"closed","template":"","meta":{"_acf_changed":false,"inline_featured_image":false},"product_brand":[],"product_cat":[133,60],"product_tag":[],"class_list":{"0":"post-2212","1":"product","2":"type-product","3":"status-publish","4":"has-post-thumbnail","6":"product_cat-door-hardware-es","7":"product_cat-glass-fence-railing-hardware-es","9":"first","10":"instock","11":"taxable","12":"shipping-taxable","13":"purchasable","14":"product-type-variable","15":"has-default-attributes"},"acf":[],"yoast_head":"<!-- This site is optimized with the Yoast SEO plugin v26.9 - https:\/\/yoast.com\/product\/yoast-seo-wordpress\/ -->\n<title>Spring Loaded Glass-to-Wall Door Hinge for Frameless Glass Railing - Glassupply (CA)<\/title>\n<meta name=\"robots\" content=\"index, follow, max-snippet:-1, max-image-preview:large, max-video-preview:-1\" \/>\n<link rel=\"canonical\" href=\"https:\/\/glassupply.com\/ca\/es\/producto\/spring-loaded-glass-to-wall-door-hinge-for-frameless-glass-railing\/\" \/>\n<meta property=\"og:locale\" content=\"es_ES\" \/>\n<meta property=\"og:type\" content=\"article\" \/>\n<meta property=\"og:title\" content=\"Spring Loaded Glass-to-Wall Door Hinge for Frameless Glass Railing - Glassupply (CA)\" \/>\n<meta property=\"og:description\" content=\"La bisagra de puerta con resorte para vidrio sin marco de pared a vidrio es una bisagra altamente funcional y segura que viene equipada con un mecanismo de resorte de cierre autom\u00e1tico. Esta bisagra est\u00e1 dise\u00f1ada espec\u00edficamente para instalarse en una pared o poste adyacente, lo que la convierte en una opci\u00f3n ideal para barandillas de vidrio sin marco.  Para ajustar la tensi\u00f3n del resorte, simplemente retire la tapa plana superior y acceda al tornillo de ajuste con una llave Allen. Adem\u00e1s, cuando se combina con nuestro pestillo magn\u00e9tico de cierre autom\u00e1tico, esta bisagra con resorte puede ser un componente vital para cumplir con los requisitos de barrera de seguridad para piscinas que est\u00e1n siendo implementados por muchos municipios en toda Am\u00e9rica del Norte.  Fabricado con la aleaci\u00f3n de acero inoxidable Duplex 2205 de la m\u00e1s alta calidad, este hardware marino anticorrosivo es conocido por su gran resistencia y durabilidad en entornos exteriores hostiles. Nuestra aleaci\u00f3n de acero inoxidable Duplex 2205, compuesta por un 22% de cromo, 3% de molibdeno y entre 5% y 6% de n\u00edquel, proporciona una resistencia superior a la corrosi\u00f3n y m\u00e1s del doble de la resistencia de fluencia en comparaci\u00f3n con el acero inoxidable austen\u00edtico est\u00e1ndar.  Elija entre un acabado de acero inoxidable pulido (cepillado) o un acabado negro mate suave con recubrimiento en polvo aplicado electrost\u00e1ticamente y curado al horno para una superficie resistente a los ara\u00f1azos y protegida contra el clima. Ideal para aplicaciones tanto interiores como exteriores, ofrece una excelente resistencia a la corrosi\u00f3n, lo que lo hace perfecto para estructuras con un alto grado de exposici\u00f3n, como regiones costeras y entornos con piscinas.  Tenga en cuenta que cada bisagra se vende por separado. Si desea comprar un par de bisagras, ajuste la cantidad del pedido a 2 antes de realizar su compra.  &nbsp; ESPECIFICACIONES T\u00c9CNICAS    Espesor del vidrio de seguridad 3\/8\u201d- 1\/2\u201d (10 a 12 mm) \u2013 puede acomodar paneles de vidrio de 9\/16\u201d (13.5 mm)   Color\/Acabado Acero inoxidable pulido, negro mate   Material de fabricaci\u00f3n Acero inoxidable Duplex 2205   Deducci\u00f3n recomendada de espacio para la puerta 13\/16&quot; a 7\/8&quot; (20 a 22 mm)   Tipo de montaje De pared a vidrio, de poste a vidrio   Ubicaci\u00f3n recomendada Interior, exterior   Lado de montaje Reversible\" \/>\n<meta property=\"og:url\" content=\"https:\/\/glassupply.com\/ca\/es\/producto\/spring-loaded-glass-to-wall-door-hinge-for-frameless-glass-railing\/\" \/>\n<meta property=\"og:site_name\" content=\"Glassupply (CA)\" \/>\n<meta property=\"article:modified_time\" content=\"2025-06-05T12:25:19+00:00\" \/>\n<meta property=\"og:image\" content=\"https:\/\/glassupply.com\/ca\/wp-content\/uploads\/sites\/5\/2023\/06\/R-DH-GWHSS-Product-Image-1-2.webp\" \/>\n\t<meta property=\"og:image:width\" content=\"1600\" \/>\n\t<meta property=\"og:image:height\" content=\"1600\" \/>\n\t<meta property=\"og:image:type\" content=\"image\/webp\" \/>\n<meta name=\"twitter:card\" content=\"summary_large_image\" \/>\n<meta name=\"twitter:label1\" content=\"Est. reading time\" \/>\n\t<meta name=\"twitter:data1\" content=\"1 minuto\" \/>\n<script type=\"application\/ld+json\" class=\"yoast-schema-graph\">{\"@context\":\"https:\/\/schema.org\",\"@graph\":[{\"@type\":\"WebPage\",\"@id\":\"https:\/\/glassupply.com\/ca\/es\/producto\/spring-loaded-glass-to-wall-door-hinge-for-frameless-glass-railing\/\",\"url\":\"https:\/\/glassupply.com\/ca\/es\/producto\/spring-loaded-glass-to-wall-door-hinge-for-frameless-glass-railing\/\",\"name\":\"Spring Loaded Glass-to-Wall Door Hinge for Frameless Glass Railing - Glassupply (CA)\",\"isPartOf\":{\"@id\":\"https:\/\/glassupply.com\/ca\/fr\/#website\"},\"primaryImageOfPage\":{\"@id\":\"https:\/\/glassupply.com\/ca\/es\/producto\/spring-loaded-glass-to-wall-door-hinge-for-frameless-glass-railing\/#primaryimage\"},\"image\":{\"@id\":\"https:\/\/glassupply.com\/ca\/es\/producto\/spring-loaded-glass-to-wall-door-hinge-for-frameless-glass-railing\/#primaryimage\"},\"thumbnailUrl\":\"https:\/\/glassupply.com\/ca\/wp-content\/uploads\/sites\/5\/2023\/06\/R-DH-GWHSS-Product-Image-1-2.webp\",\"datePublished\":\"2023-06-28T14:26:31+00:00\",\"dateModified\":\"2025-06-05T12:25:19+00:00\",\"breadcrumb\":{\"@id\":\"https:\/\/glassupply.com\/ca\/es\/producto\/spring-loaded-glass-to-wall-door-hinge-for-frameless-glass-railing\/#breadcrumb\"},\"inLanguage\":\"es\",\"potentialAction\":[{\"@type\":\"ReadAction\",\"target\":[\"https:\/\/glassupply.com\/ca\/es\/producto\/spring-loaded-glass-to-wall-door-hinge-for-frameless-glass-railing\/\"]}]},{\"@type\":\"ImageObject\",\"inLanguage\":\"es\",\"@id\":\"https:\/\/glassupply.com\/ca\/es\/producto\/spring-loaded-glass-to-wall-door-hinge-for-frameless-glass-railing\/#primaryimage\",\"url\":\"https:\/\/glassupply.com\/ca\/wp-content\/uploads\/sites\/5\/2023\/06\/R-DH-GWHSS-Product-Image-1-2.webp\",\"contentUrl\":\"https:\/\/glassupply.com\/ca\/wp-content\/uploads\/sites\/5\/2023\/06\/R-DH-GWHSS-Product-Image-1-2.webp\",\"width\":1600,\"height\":1600},{\"@type\":\"BreadcrumbList\",\"@id\":\"https:\/\/glassupply.com\/ca\/es\/producto\/spring-loaded-glass-to-wall-door-hinge-for-frameless-glass-railing\/#breadcrumb\",\"itemListElement\":[{\"@type\":\"ListItem\",\"position\":1,\"name\":\"Home\",\"item\":\"https:\/\/glassupply.com\/ca\/es\/\"},{\"@type\":\"ListItem\",\"position\":2,\"name\":\"Tienda\",\"item\":\"https:\/\/glassupply.com\/ca\/es\/tienda\/\"},{\"@type\":\"ListItem\",\"position\":3,\"name\":\"Spring Loaded Glass-to-Wall Door Hinge for Frameless Glass Railing\"}]},{\"@type\":\"WebSite\",\"@id\":\"https:\/\/glassupply.com\/ca\/fr\/#website\",\"url\":\"https:\/\/glassupply.com\/ca\/fr\/\",\"name\":\"Glassupply.com\",\"description\":\"From the manufacturer to your doorstep\",\"publisher\":{\"@id\":\"https:\/\/glassupply.com\/ca\/fr\/#organization\"},\"potentialAction\":[{\"@type\":\"SearchAction\",\"target\":{\"@type\":\"EntryPoint\",\"urlTemplate\":\"https:\/\/glassupply.com\/ca\/fr\/?s={search_term_string}\"},\"query-input\":{\"@type\":\"PropertyValueSpecification\",\"valueRequired\":true,\"valueName\":\"search_term_string\"}}],\"inLanguage\":\"es\"},{\"@type\":\"Organization\",\"@id\":\"https:\/\/glassupply.com\/ca\/fr\/#organization\",\"name\":\"Glassupply.com\",\"url\":\"https:\/\/glassupply.com\/ca\/fr\/\",\"logo\":{\"@type\":\"ImageObject\",\"inLanguage\":\"es\",\"@id\":\"https:\/\/glassupply.com\/ca\/fr\/#\/schema\/logo\/image\/\",\"url\":\"https:\/\/staging.glassupply.com\/ca\/wp-content\/uploads\/sites\/5\/2023\/07\/logo.svg\",\"contentUrl\":\"https:\/\/staging.glassupply.com\/ca\/wp-content\/uploads\/sites\/5\/2023\/07\/logo.svg\",\"width\":310,\"height\":24,\"caption\":\"Glassupply.com\"},\"image\":{\"@id\":\"https:\/\/glassupply.com\/ca\/fr\/#\/schema\/logo\/image\/\"}}]}<\/script>\n<!-- \/ Yoast SEO plugin. -->","yoast_head_json":{"title":"Spring Loaded Glass-to-Wall Door Hinge for Frameless Glass Railing - Glassupply (CA)","robots":{"index":"index","follow":"follow","max-snippet":"max-snippet:-1","max-image-preview":"max-image-preview:large","max-video-preview":"max-video-preview:-1"},"canonical":"https:\/\/glassupply.com\/ca\/es\/producto\/spring-loaded-glass-to-wall-door-hinge-for-frameless-glass-railing\/","og_locale":"es_ES","og_type":"article","og_title":"Spring Loaded Glass-to-Wall Door Hinge for Frameless Glass Railing - Glassupply (CA)","og_description":"La bisagra de puerta con resorte para vidrio sin marco de pared a vidrio es una bisagra altamente funcional y segura que viene equipada con un mecanismo de resorte de cierre autom\u00e1tico. Esta bisagra est\u00e1 dise\u00f1ada espec\u00edficamente para instalarse en una pared o poste adyacente, lo que la convierte en una opci\u00f3n ideal para barandillas de vidrio sin marco.  Para ajustar la tensi\u00f3n del resorte, simplemente retire la tapa plana superior y acceda al tornillo de ajuste con una llave Allen. Adem\u00e1s, cuando se combina con nuestro pestillo magn\u00e9tico de cierre autom\u00e1tico, esta bisagra con resorte puede ser un componente vital para cumplir con los requisitos de barrera de seguridad para piscinas que est\u00e1n siendo implementados por muchos municipios en toda Am\u00e9rica del Norte.  Fabricado con la aleaci\u00f3n de acero inoxidable Duplex 2205 de la m\u00e1s alta calidad, este hardware marino anticorrosivo es conocido por su gran resistencia y durabilidad en entornos exteriores hostiles. Nuestra aleaci\u00f3n de acero inoxidable Duplex 2205, compuesta por un 22% de cromo, 3% de molibdeno y entre 5% y 6% de n\u00edquel, proporciona una resistencia superior a la corrosi\u00f3n y m\u00e1s del doble de la resistencia de fluencia en comparaci\u00f3n con el acero inoxidable austen\u00edtico est\u00e1ndar.  Elija entre un acabado de acero inoxidable pulido (cepillado) o un acabado negro mate suave con recubrimiento en polvo aplicado electrost\u00e1ticamente y curado al horno para una superficie resistente a los ara\u00f1azos y protegida contra el clima. Ideal para aplicaciones tanto interiores como exteriores, ofrece una excelente resistencia a la corrosi\u00f3n, lo que lo hace perfecto para estructuras con un alto grado de exposici\u00f3n, como regiones costeras y entornos con piscinas.  Tenga en cuenta que cada bisagra se vende por separado. Si desea comprar un par de bisagras, ajuste la cantidad del pedido a 2 antes de realizar su compra.  &nbsp; ESPECIFICACIONES T\u00c9CNICAS    Espesor del vidrio de seguridad 3\/8\u201d- 1\/2\u201d (10 a 12 mm) \u2013 puede acomodar paneles de vidrio de 9\/16\u201d (13.5 mm)   Color\/Acabado Acero inoxidable pulido, negro mate   Material de fabricaci\u00f3n Acero inoxidable Duplex 2205   Deducci\u00f3n recomendada de espacio para la puerta 13\/16\" a 7\/8\" (20 a 22 mm)   Tipo de montaje De pared a vidrio, de poste a vidrio   Ubicaci\u00f3n recomendada Interior, exterior   Lado de montaje Reversible","og_url":"https:\/\/glassupply.com\/ca\/es\/producto\/spring-loaded-glass-to-wall-door-hinge-for-frameless-glass-railing\/","og_site_name":"Glassupply (CA)","article_modified_time":"2025-06-05T12:25:19+00:00","og_image":[{"width":1600,"height":1600,"url":"https:\/\/glassupply.com\/ca\/wp-content\/uploads\/sites\/5\/2023\/06\/R-DH-GWHSS-Product-Image-1-2.webp","type":"image\/webp"}],"twitter_card":"summary_large_image","twitter_misc":{"Est. reading time":"1 minuto"},"schema":{"@context":"https:\/\/schema.org","@graph":[{"@type":"WebPage","@id":"https:\/\/glassupply.com\/ca\/es\/producto\/spring-loaded-glass-to-wall-door-hinge-for-frameless-glass-railing\/","url":"https:\/\/glassupply.com\/ca\/es\/producto\/spring-loaded-glass-to-wall-door-hinge-for-frameless-glass-railing\/","name":"Spring Loaded Glass-to-Wall Door Hinge for Frameless Glass Railing - Glassupply (CA)","isPartOf":{"@id":"https:\/\/glassupply.com\/ca\/fr\/#website"},"primaryImageOfPage":{"@id":"https:\/\/glassupply.com\/ca\/es\/producto\/spring-loaded-glass-to-wall-door-hinge-for-frameless-glass-railing\/#primaryimage"},"image":{"@id":"https:\/\/glassupply.com\/ca\/es\/producto\/spring-loaded-glass-to-wall-door-hinge-for-frameless-glass-railing\/#primaryimage"},"thumbnailUrl":"https:\/\/glassupply.com\/ca\/wp-content\/uploads\/sites\/5\/2023\/06\/R-DH-GWHSS-Product-Image-1-2.webp","datePublished":"2023-06-28T14:26:31+00:00","dateModified":"2025-06-05T12:25:19+00:00","breadcrumb":{"@id":"https:\/\/glassupply.com\/ca\/es\/producto\/spring-loaded-glass-to-wall-door-hinge-for-frameless-glass-railing\/#breadcrumb"},"inLanguage":"es","potentialAction":[{"@type":"ReadAction","target":["https:\/\/glassupply.com\/ca\/es\/producto\/spring-loaded-glass-to-wall-door-hinge-for-frameless-glass-railing\/"]}]},{"@type":"ImageObject","inLanguage":"es","@id":"https:\/\/glassupply.com\/ca\/es\/producto\/spring-loaded-glass-to-wall-door-hinge-for-frameless-glass-railing\/#primaryimage","url":"https:\/\/glassupply.com\/ca\/wp-content\/uploads\/sites\/5\/2023\/06\/R-DH-GWHSS-Product-Image-1-2.webp","contentUrl":"https:\/\/glassupply.com\/ca\/wp-content\/uploads\/sites\/5\/2023\/06\/R-DH-GWHSS-Product-Image-1-2.webp","width":1600,"height":1600},{"@type":"BreadcrumbList","@id":"https:\/\/glassupply.com\/ca\/es\/producto\/spring-loaded-glass-to-wall-door-hinge-for-frameless-glass-railing\/#breadcrumb","itemListElement":[{"@type":"ListItem","position":1,"name":"Home","item":"https:\/\/glassupply.com\/ca\/es\/"},{"@type":"ListItem","position":2,"name":"Tienda","item":"https:\/\/glassupply.com\/ca\/es\/tienda\/"},{"@type":"ListItem","position":3,"name":"Spring Loaded Glass-to-Wall Door Hinge for Frameless Glass Railing"}]},{"@type":"WebSite","@id":"https:\/\/glassupply.com\/ca\/fr\/#website","url":"https:\/\/glassupply.com\/ca\/fr\/","name":"Glassupply.com","description":"From the manufacturer to your doorstep","publisher":{"@id":"https:\/\/glassupply.com\/ca\/fr\/#organization"},"potentialAction":[{"@type":"SearchAction","target":{"@type":"EntryPoint","urlTemplate":"https:\/\/glassupply.com\/ca\/fr\/?s={search_term_string}"},"query-input":{"@type":"PropertyValueSpecification","valueRequired":true,"valueName":"search_term_string"}}],"inLanguage":"es"},{"@type":"Organization","@id":"https:\/\/glassupply.com\/ca\/fr\/#organization","name":"Glassupply.com","url":"https:\/\/glassupply.com\/ca\/fr\/","logo":{"@type":"ImageObject","inLanguage":"es","@id":"https:\/\/glassupply.com\/ca\/fr\/#\/schema\/logo\/image\/","url":"https:\/\/staging.glassupply.com\/ca\/wp-content\/uploads\/sites\/5\/2023\/07\/logo.svg","contentUrl":"https:\/\/staging.glassupply.com\/ca\/wp-content\/uploads\/sites\/5\/2023\/07\/logo.svg","width":310,"height":24,"caption":"Glassupply.com"},"image":{"@id":"https:\/\/glassupply.com\/ca\/fr\/#\/schema\/logo\/image\/"}}]}},"_links":{"self":[{"href":"https:\/\/glassupply.com\/ca\/es\/wp-json\/wp\/v2\/product\/2212","targetHints":{"allow":["GET"]}}],"collection":[{"href":"https:\/\/glassupply.com\/ca\/es\/wp-json\/wp\/v2\/product"}],"about":[{"href":"https:\/\/glassupply.com\/ca\/es\/wp-json\/wp\/v2\/types\/product"}],"replies":[{"embeddable":true,"href":"https:\/\/glassupply.com\/ca\/es\/wp-json\/wp\/v2\/comments?post=2212"}],"wp:featuredmedia":[{"embeddable":true,"href":"https:\/\/glassupply.com\/ca\/es\/wp-json\/wp\/v2\/media\/1751"}],"wp:attachment":[{"href":"https:\/\/glassupply.com\/ca\/es\/wp-json\/wp\/v2\/media?parent=2212"}],"wp:term":[{"taxonomy":"product_brand","embeddable":true,"href":"https:\/\/glassupply.com\/ca\/es\/wp-json\/wp\/v2\/product_brand?post=2212"},{"taxonomy":"product_cat","embeddable":true,"href":"https:\/\/glassupply.com\/ca\/es\/wp-json\/wp\/v2\/product_cat?post=2212"},{"taxonomy":"product_tag","embeddable":true,"href":"https:\/\/glassupply.com\/ca\/es\/wp-json\/wp\/v2\/product_tag?post=2212"}],"curies":[{"name":"wp","href":"https:\/\/api.w.org\/{rel}","templated":true}]}}