{"id":2237,"date":"2023-06-28T09:26:06","date_gmt":"2023-06-28T14:26:06","guid":{"rendered":"https:\/\/staging.glassupply.com\/ca\/product\/top-rail-gasket\/"},"modified":"2025-06-05T09:13:59","modified_gmt":"2025-06-05T14:13:59","slug":"top-rail-gasket","status":"publish","type":"product","link":"https:\/\/glassupply.com\/ca\/es\/producto\/top-rail-gasket\/","title":{"rendered":"Top Rail Gasket"},"content":{"rendered":"","protected":false},"excerpt":{"rendered":"<p><span style=\"font-weight: 400;\">La junta para pasamanos est\u00e1 dise\u00f1ada para encajar entre nuestro pasamanos (R-TR-R) y el panel de vidrio para proporcionar una conexi\u00f3n segura y estable, adem\u00e1s de amortiguar el vidrio para evitar da\u00f1os.<\/span><\/p>\n<p><span style=\"font-weight: 400;\">Para usarse con vidrio de seguridad de 1\/2\u201d (12 mm) de espesor.<\/span><\/p>\n","protected":false},"featured_media":1693,"comment_status":"closed","ping_status":"closed","template":"","meta":{"_acf_changed":false,"inline_featured_image":false},"product_brand":[],"product_cat":[136,87,60],"product_tag":[],"class_list":{"0":"post-2237","1":"product","2":"type-product","3":"status-publish","4":"has-post-thumbnail","6":"product_cat-top-rail-es","7":"product_cat-glass-hardware-es","8":"product_cat-glass-fence-railing-hardware-es","10":"first","11":"instock","12":"taxable","13":"shipping-taxable","14":"purchasable","15":"product-type-simple"},"acf":[],"yoast_head":"<!-- This site is optimized with the Yoast SEO Premium plugin v27.4 (Yoast SEO v27.4) - https:\/\/yoast.com\/product\/yoast-seo-premium-wordpress\/ -->\n<title>Top Rail Gasket - Glassupply (CA)<\/title>\n<meta name=\"robots\" content=\"index, follow, max-snippet:-1, max-image-preview:large, max-video-preview:-1\" \/>\n<link rel=\"canonical\" href=\"https:\/\/glassupply.com\/ca\/es\/producto\/top-rail-gasket\/\" \/>\n<meta property=\"og:locale\" content=\"es_ES\" \/>\n<meta property=\"og:type\" content=\"article\" \/>\n<meta property=\"og:title\" content=\"Top Rail Gasket\" \/>\n<meta property=\"og:description\" content=\"La junta para pasamanos est\u00e1 dise\u00f1ada para encajar entre nuestro pasamanos (R-TR-R) y el panel de vidrio para proporcionar una conexi\u00f3n segura y estable, adem\u00e1s de amortiguar el vidrio para evitar da\u00f1os.  Para usarse con vidrio de seguridad de 1\/2\u201d (12 mm) de espesor.\" \/>\n<meta property=\"og:url\" content=\"https:\/\/glassupply.com\/ca\/es\/producto\/top-rail-gasket\/\" \/>\n<meta property=\"og:site_name\" content=\"Glassupply (CA)\" \/>\n<meta property=\"article:publisher\" content=\"https:\/\/www.facebook.com\/glassupply.comCustomGlass\" \/>\n<meta property=\"article:modified_time\" content=\"2025-06-05T14:13:59+00:00\" \/>\n<meta property=\"og:image\" content=\"https:\/\/glassupply.com\/ca\/wp-content\/uploads\/sites\/5\/2023\/06\/R-TR-GASKET-Product-Image.jpg\" \/>\n\t<meta property=\"og:image:width\" content=\"2500\" \/>\n\t<meta property=\"og:image:height\" content=\"2500\" \/>\n\t<meta property=\"og:image:type\" content=\"image\/jpeg\" \/>\n<meta name=\"twitter:card\" content=\"summary_large_image\" \/>\n<meta name=\"twitter:label1\" content=\"Price\" \/>\n\t<meta name=\"twitter:data1\" content=\"&#036;20.00\" \/>\n\t<meta name=\"twitter:label2\" content=\"Availability\" \/>\n\t<meta name=\"twitter:data2\" content=\"In stock\" \/>\n<script type=\"application\/ld+json\" class=\"yoast-schema-graph\">{\"@context\":\"https:\\\/\\\/schema.org\",\"@graph\":[{\"@type\":\"WebPage\",\"@id\":\"https:\\\/\\\/glassupply.com\\\/ca\\\/es\\\/producto\\\/top-rail-gasket\\\/\",\"url\":\"https:\\\/\\\/glassupply.com\\\/ca\\\/es\\\/producto\\\/top-rail-gasket\\\/\",\"name\":\"Top Rail Gasket - Glassupply (CA)\",\"isPartOf\":{\"@id\":\"https:\\\/\\\/glassupply.com\\\/ca\\\/fr\\\/#website\"},\"primaryImageOfPage\":{\"@id\":\"https:\\\/\\\/glassupply.com\\\/ca\\\/es\\\/producto\\\/top-rail-gasket\\\/#primaryimage\"},\"image\":{\"@id\":\"https:\\\/\\\/glassupply.com\\\/ca\\\/es\\\/producto\\\/top-rail-gasket\\\/#primaryimage\"},\"thumbnailUrl\":\"https:\\\/\\\/glassupply.com\\\/ca\\\/wp-content\\\/uploads\\\/sites\\\/5\\\/2023\\\/06\\\/R-TR-GASKET-Product-Image.jpg\",\"datePublished\":\"2023-06-28T14:26:06+00:00\",\"dateModified\":\"2025-06-05T14:13:59+00:00\",\"breadcrumb\":{\"@id\":\"https:\\\/\\\/glassupply.com\\\/ca\\\/es\\\/producto\\\/top-rail-gasket\\\/#breadcrumb\"},\"inLanguage\":\"es\",\"potentialAction\":[{\"@type\":\"ReadAction\",\"target\":[\"https:\\\/\\\/glassupply.com\\\/ca\\\/es\\\/producto\\\/top-rail-gasket\\\/\"]}]},{\"@type\":\"ImageObject\",\"inLanguage\":\"es\",\"@id\":\"https:\\\/\\\/glassupply.com\\\/ca\\\/es\\\/producto\\\/top-rail-gasket\\\/#primaryimage\",\"url\":\"https:\\\/\\\/glassupply.com\\\/ca\\\/wp-content\\\/uploads\\\/sites\\\/5\\\/2023\\\/06\\\/R-TR-GASKET-Product-Image.jpg\",\"contentUrl\":\"https:\\\/\\\/glassupply.com\\\/ca\\\/wp-content\\\/uploads\\\/sites\\\/5\\\/2023\\\/06\\\/R-TR-GASKET-Product-Image.jpg\",\"width\":2500,\"height\":2500},{\"@type\":\"BreadcrumbList\",\"@id\":\"https:\\\/\\\/glassupply.com\\\/ca\\\/es\\\/producto\\\/top-rail-gasket\\\/#breadcrumb\",\"itemListElement\":[{\"@type\":\"ListItem\",\"position\":1,\"name\":\"Home\",\"item\":\"https:\\\/\\\/glassupply.com\\\/ca\\\/es\\\/\"},{\"@type\":\"ListItem\",\"position\":2,\"name\":\"Tienda\",\"item\":\"https:\\\/\\\/glassupply.com\\\/ca\\\/es\\\/tienda\\\/\"},{\"@type\":\"ListItem\",\"position\":3,\"name\":\"Top Rail Gasket\"}]},{\"@type\":\"WebSite\",\"@id\":\"https:\\\/\\\/glassupply.com\\\/ca\\\/fr\\\/#website\",\"url\":\"https:\\\/\\\/glassupply.com\\\/ca\\\/fr\\\/\",\"name\":\"Glassupply.com\",\"description\":\"From the manufacturer to your doorstep\",\"publisher\":{\"@id\":\"https:\\\/\\\/glassupply.com\\\/ca\\\/fr\\\/#organization\"},\"potentialAction\":[{\"@type\":\"SearchAction\",\"target\":{\"@type\":\"EntryPoint\",\"urlTemplate\":\"https:\\\/\\\/glassupply.com\\\/ca\\\/fr\\\/?s={search_term_string}\"},\"query-input\":{\"@type\":\"PropertyValueSpecification\",\"valueRequired\":true,\"valueName\":\"search_term_string\"}}],\"inLanguage\":\"es\"},{\"@type\":[\"Organization\",\"Place\"],\"@id\":\"https:\\\/\\\/glassupply.com\\\/ca\\\/fr\\\/#organization\",\"name\":\"Glassupply.com\",\"url\":\"https:\\\/\\\/glassupply.com\\\/ca\\\/fr\\\/\",\"logo\":{\"@id\":\"https:\\\/\\\/glassupply.com\\\/ca\\\/es\\\/producto\\\/top-rail-gasket\\\/#local-main-organization-logo\"},\"image\":{\"@id\":\"https:\\\/\\\/glassupply.com\\\/ca\\\/es\\\/producto\\\/top-rail-gasket\\\/#local-main-organization-logo\"},\"sameAs\":[\"https:\\\/\\\/www.facebook.com\\\/glassupply.comCustomGlass\",\"https:\\\/\\\/www.youtube.com\\\/@Glassupply.comVideos\"],\"address\":{\"@id\":\"https:\\\/\\\/glassupply.com\\\/ca\\\/es\\\/producto\\\/top-rail-gasket\\\/#local-main-place-address\"},\"geo\":{\"@type\":\"GeoCoordinates\",\"latitude\":\"45.752055926060365\",\"longitude\":\"-73.44333072883563\"},\"telephone\":[\"+1-888-225-4392\"],\"openingHoursSpecification\":[],\"email\":\"support@glassupply.com\"},{\"@type\":\"PostalAddress\",\"@id\":\"https:\\\/\\\/glassupply.com\\\/ca\\\/es\\\/producto\\\/top-rail-gasket\\\/#local-main-place-address\",\"streetAddress\":\"80 Rue de Normandie\",\"addressLocality\":\"Repentigny\",\"postalCode\":\"J6A 4W2\",\"addressRegion\":\"Quebec (QC)\",\"addressCountry\":\"CA\"},{\"@type\":\"ImageObject\",\"inLanguage\":\"es\",\"@id\":\"https:\\\/\\\/glassupply.com\\\/ca\\\/es\\\/producto\\\/top-rail-gasket\\\/#local-main-organization-logo\",\"url\":\"https:\\\/\\\/glassupply.com\\\/ca\\\/wp-content\\\/uploads\\\/sites\\\/5\\\/2023\\\/07\\\/logo.svg\",\"contentUrl\":\"https:\\\/\\\/glassupply.com\\\/ca\\\/wp-content\\\/uploads\\\/sites\\\/5\\\/2023\\\/07\\\/logo.svg\",\"width\":310,\"height\":24,\"caption\":\"Glassupply.com\"}]}<\/script>\n<meta property=\"product:price:amount\" content=\"20.00\" \/>\n<meta property=\"product:price:currency\" content=\"CAD\" \/>\n<meta property=\"og:availability\" content=\"instock\" \/>\n<meta property=\"product:availability\" content=\"instock\" \/>\n<meta property=\"product:retailer_item_id\" content=\"R-TR-GASKET\" \/>\n<meta property=\"product:condition\" content=\"new\" \/>\n<meta name=\"geo.placename\" content=\"Repentigny\" \/>\n<meta name=\"geo.position\" content=\"45.752055926060365;-73.44333072883563\" \/>\n<meta name=\"geo.region\" content=\"Canada\" \/>\n<!-- \/ Yoast SEO Premium plugin. -->","yoast_head_json":{"title":"Top Rail Gasket - Glassupply (CA)","robots":{"index":"index","follow":"follow","max-snippet":"max-snippet:-1","max-image-preview":"max-image-preview:large","max-video-preview":"max-video-preview:-1"},"canonical":"https:\/\/glassupply.com\/ca\/es\/producto\/top-rail-gasket\/","og_locale":"es_ES","og_type":"article","og_title":"Top Rail Gasket","og_description":"La junta para pasamanos est\u00e1 dise\u00f1ada para encajar entre nuestro pasamanos (R-TR-R) y el panel de vidrio para proporcionar una conexi\u00f3n segura y estable, adem\u00e1s de amortiguar el vidrio para evitar da\u00f1os.  Para usarse con vidrio de seguridad de 1\/2\u201d (12 mm) de espesor.","og_url":"https:\/\/glassupply.com\/ca\/es\/producto\/top-rail-gasket\/","og_site_name":"Glassupply (CA)","article_publisher":"https:\/\/www.facebook.com\/glassupply.comCustomGlass","article_modified_time":"2025-06-05T14:13:59+00:00","og_image":[{"width":2500,"height":2500,"url":"https:\/\/glassupply.com\/ca\/wp-content\/uploads\/sites\/5\/2023\/06\/R-TR-GASKET-Product-Image.jpg","type":"image\/jpeg"}],"twitter_card":"summary_large_image","twitter_misc":{"Price":"&#36;20.00","Availability":"In stock"},"schema":{"@context":"https:\/\/schema.org","@graph":[{"@type":"WebPage","@id":"https:\/\/glassupply.com\/ca\/es\/producto\/top-rail-gasket\/","url":"https:\/\/glassupply.com\/ca\/es\/producto\/top-rail-gasket\/","name":"Top Rail Gasket - Glassupply (CA)","isPartOf":{"@id":"https:\/\/glassupply.com\/ca\/fr\/#website"},"primaryImageOfPage":{"@id":"https:\/\/glassupply.com\/ca\/es\/producto\/top-rail-gasket\/#primaryimage"},"image":{"@id":"https:\/\/glassupply.com\/ca\/es\/producto\/top-rail-gasket\/#primaryimage"},"thumbnailUrl":"https:\/\/glassupply.com\/ca\/wp-content\/uploads\/sites\/5\/2023\/06\/R-TR-GASKET-Product-Image.jpg","datePublished":"2023-06-28T14:26:06+00:00","dateModified":"2025-06-05T14:13:59+00:00","breadcrumb":{"@id":"https:\/\/glassupply.com\/ca\/es\/producto\/top-rail-gasket\/#breadcrumb"},"inLanguage":"es","potentialAction":[{"@type":"ReadAction","target":["https:\/\/glassupply.com\/ca\/es\/producto\/top-rail-gasket\/"]}]},{"@type":"ImageObject","inLanguage":"es","@id":"https:\/\/glassupply.com\/ca\/es\/producto\/top-rail-gasket\/#primaryimage","url":"https:\/\/glassupply.com\/ca\/wp-content\/uploads\/sites\/5\/2023\/06\/R-TR-GASKET-Product-Image.jpg","contentUrl":"https:\/\/glassupply.com\/ca\/wp-content\/uploads\/sites\/5\/2023\/06\/R-TR-GASKET-Product-Image.jpg","width":2500,"height":2500},{"@type":"BreadcrumbList","@id":"https:\/\/glassupply.com\/ca\/es\/producto\/top-rail-gasket\/#breadcrumb","itemListElement":[{"@type":"ListItem","position":1,"name":"Home","item":"https:\/\/glassupply.com\/ca\/es\/"},{"@type":"ListItem","position":2,"name":"Tienda","item":"https:\/\/glassupply.com\/ca\/es\/tienda\/"},{"@type":"ListItem","position":3,"name":"Top Rail Gasket"}]},{"@type":"WebSite","@id":"https:\/\/glassupply.com\/ca\/fr\/#website","url":"https:\/\/glassupply.com\/ca\/fr\/","name":"Glassupply.com","description":"From the manufacturer to your doorstep","publisher":{"@id":"https:\/\/glassupply.com\/ca\/fr\/#organization"},"potentialAction":[{"@type":"SearchAction","target":{"@type":"EntryPoint","urlTemplate":"https:\/\/glassupply.com\/ca\/fr\/?s={search_term_string}"},"query-input":{"@type":"PropertyValueSpecification","valueRequired":true,"valueName":"search_term_string"}}],"inLanguage":"es"},{"@type":["Organization","Place"],"@id":"https:\/\/glassupply.com\/ca\/fr\/#organization","name":"Glassupply.com","url":"https:\/\/glassupply.com\/ca\/fr\/","logo":{"@id":"https:\/\/glassupply.com\/ca\/es\/producto\/top-rail-gasket\/#local-main-organization-logo"},"image":{"@id":"https:\/\/glassupply.com\/ca\/es\/producto\/top-rail-gasket\/#local-main-organization-logo"},"sameAs":["https:\/\/www.facebook.com\/glassupply.comCustomGlass","https:\/\/www.youtube.com\/@Glassupply.comVideos"],"address":{"@id":"https:\/\/glassupply.com\/ca\/es\/producto\/top-rail-gasket\/#local-main-place-address"},"geo":{"@type":"GeoCoordinates","latitude":"45.752055926060365","longitude":"-73.44333072883563"},"telephone":["+1-888-225-4392"],"openingHoursSpecification":[],"email":"support@glassupply.com"},{"@type":"PostalAddress","@id":"https:\/\/glassupply.com\/ca\/es\/producto\/top-rail-gasket\/#local-main-place-address","streetAddress":"80 Rue de Normandie","addressLocality":"Repentigny","postalCode":"J6A 4W2","addressRegion":"Quebec (QC)","addressCountry":"CA"},{"@type":"ImageObject","inLanguage":"es","@id":"https:\/\/glassupply.com\/ca\/es\/producto\/top-rail-gasket\/#local-main-organization-logo","url":"https:\/\/glassupply.com\/ca\/wp-content\/uploads\/sites\/5\/2023\/07\/logo.svg","contentUrl":"https:\/\/glassupply.com\/ca\/wp-content\/uploads\/sites\/5\/2023\/07\/logo.svg","width":310,"height":24,"caption":"Glassupply.com"}]},"product_price_amount":"20.00","product_price_currency":"CAD","og_availability":"instock","product_availability":"instock","product_retailer_item_id":"R-TR-GASKET","product_condition":"new","geo.placename":"Repentigny","geo.position":{"lat":"45.752055926060365","long":"-73.44333072883563"},"geo.region":"Canada"},"_links":{"self":[{"href":"https:\/\/glassupply.com\/ca\/es\/wp-json\/wp\/v2\/product\/2237","targetHints":{"allow":["GET"]}}],"collection":[{"href":"https:\/\/glassupply.com\/ca\/es\/wp-json\/wp\/v2\/product"}],"about":[{"href":"https:\/\/glassupply.com\/ca\/es\/wp-json\/wp\/v2\/types\/product"}],"replies":[{"embeddable":true,"href":"https:\/\/glassupply.com\/ca\/es\/wp-json\/wp\/v2\/comments?post=2237"}],"wp:featuredmedia":[{"embeddable":true,"href":"https:\/\/glassupply.com\/ca\/es\/wp-json\/wp\/v2\/media\/1693"}],"wp:attachment":[{"href":"https:\/\/glassupply.com\/ca\/es\/wp-json\/wp\/v2\/media?parent=2237"}],"wp:term":[{"taxonomy":"product_brand","embeddable":true,"href":"https:\/\/glassupply.com\/ca\/es\/wp-json\/wp\/v2\/product_brand?post=2237"},{"taxonomy":"product_cat","embeddable":true,"href":"https:\/\/glassupply.com\/ca\/es\/wp-json\/wp\/v2\/product_cat?post=2237"},{"taxonomy":"product_tag","embeddable":true,"href":"https:\/\/glassupply.com\/ca\/es\/wp-json\/wp\/v2\/product_tag?post=2237"}],"curies":[{"name":"wp","href":"https:\/\/api.w.org\/{rel}","templated":true}]}}