{"id":2267,"date":"2023-06-28T09:26:06","date_gmt":"2023-06-28T09:26:06","guid":{"rendered":"https:\/\/staging.glassupply.com\/ca\/product\/gs-low-profile-graspable-top-rail\/"},"modified":"2026-02-12T07:43:58","modified_gmt":"2026-02-12T12:43:58","slug":"gs-low-profile-graspable-top-rail","status":"publish","type":"product","link":"https:\/\/glassupply.com\/ca\/es\/producto\/gs-low-profile-graspable-top-rail\/","title":{"rendered":"GS Low Profile Graspable Top Rail"},"content":{"rendered":"","protected":false},"excerpt":{"rendered":"<p><span style=\"font-weight: 400;\">El pasamanos superior agarrable de perfil bajo GS es un componente utilizado para proporcionar un soporte seguro para que los usuarios se agarren mientras suben o bajan escaleras. Tambi\u00e9n funciona como barrera en un sistema de barandilla de vidrio sin marco.<\/span><\/p>\n<p><span style=\"font-weight: 400;\">Fabricado con aleaciones de acero inoxidable 316 de la m\u00e1s alta calidad, nuestro pasamanos superior de alta gama ofrece no solo propiedades superiores de resistencia a la corrosi\u00f3n, sino tambi\u00e9n un atractivo est\u00e9tico inigualable que realzar\u00e1 el aspecto y la sensaci\u00f3n general de cualquier proyecto. Ya sea que est\u00e9 construyendo un espacio moderno al aire libre o un \u00e1rea de piscina elegante y estilizada, nuestro pasamanos superior de acero inoxidable 316 es la elecci\u00f3n perfecta para quienes buscan durabilidad, fiabilidad y atractivo visual. Con su rendimiento duradero, bajos requisitos de mantenimiento y excepcional versatilidad, nuestro pasamanos superior de acero inoxidable 316 es la soluci\u00f3n definitiva para cualquier proyecto que demande materiales de la m\u00e1s alta calidad, asegurando un desempe\u00f1o prolongado incluso en los ambientes m\u00e1s exigentes.<\/span><\/p>\n<p><span style=\"font-weight: 400;\">Elija entre un acabado de acero inoxidable pulido (cepillado) o un acabado negro mate suave con recubrimiento en polvo aplicado electrost\u00e1ticamente y curado al horno para una superficie resistente a los ara\u00f1azos y protegida contra el clima. Ideal para aplicaciones tanto interiores como exteriores, ofrece una excelente resistencia a la corrosi\u00f3n, lo que lo hace perfecto para estructuras con un alto grado de exposici\u00f3n, como regiones costeras y entornos con piscinas.<\/span><\/p>\n<p><b>Instrucciones:<\/b><\/p>\n<p><span style=\"font-weight: 400;\">La longitud est\u00e1ndar de nuestro pasamanos es de 98\u201d (249 cm). Para pedidos est\u00e1ndar en l\u00ednea, la longitud m\u00e1xima de env\u00edo es de 98\u201d (empaquetado en un tubo de cart\u00f3n). El pasamanos se vende en dos tama\u00f1os diferentes: 49\u201d (media longitud) o 98\u201d (longitud completa).<\/span><\/p>\n<p><span style=\"font-weight: 400;\">Ejemplo: si la cantidad seleccionada = 1<\/span><\/p>\n<p><span style=\"font-weight: 400;\">y la longitud seleccionada = 49\u201d<\/span><\/p>\n<p><span style=\"font-weight: 400;\">Recibir\u00e1 1 pieza de pasamanos de 49\u201d<\/span><\/p>\n<p><span style=\"font-weight: 400;\">Si necesita grandes cantidades, por favor cont\u00e1ctenos; le cotizaremos manualmente el hardware y los gastos de env\u00edo.<\/span><\/p>\n<p><span style=\"font-weight: 400;\">La junta para pasamanos R-TR-GASKET se vende por separado.<\/span><\/p>\n<h2><strong>ESPECIFICACIONES T\u00c9CNICAS<\/strong><\/h2>\n<table>\n<tbody>\n<tr>\n<td><b>Espesor del vidrio de seguridad<\/b><\/td>\n<td><span style=\"font-weight: 400;\">1\/2\u201d (12 mm)<\/span><\/td>\n<\/tr>\n<tr>\n<td><b>Color\/Acabado<\/b><\/td>\n<td><span style=\"font-weight: 400;\">Negro mate, acero inoxidable pulido<\/span><\/td>\n<\/tr>\n<tr>\n<td><b>Material de fabricaci\u00f3n<\/b><\/td>\n<td><span style=\"font-weight: 400;\">Acero inoxidable AISI 316<\/span><\/td>\n<\/tr>\n<tr>\n<td><b>Ubicaci\u00f3n recomendada<\/b><\/td>\n<td><span style=\"font-weight: 400;\">Interior, exterior<\/span><\/td>\n<\/tr>\n<\/tbody>\n<\/table>\n","protected":false},"featured_media":1681,"comment_status":"closed","ping_status":"closed","template":"","meta":{"_acf_changed":false,"inline_featured_image":false},"product_brand":[],"product_cat":[87,136,60],"product_tag":[],"class_list":{"0":"post-2267","1":"product","2":"type-product","3":"status-publish","4":"has-post-thumbnail","6":"product_cat-glass-hardware-es","7":"product_cat-top-rail-es","8":"product_cat-glass-fence-railing-hardware-es","10":"first","11":"instock","12":"taxable","13":"shipping-taxable","14":"purchasable","15":"product-type-variable","16":"has-default-attributes"},"acf":[],"yoast_head":"<!-- This site is optimized with the Yoast SEO plugin v26.9 - https:\/\/yoast.com\/product\/yoast-seo-wordpress\/ -->\n<title>GS Low Profile Graspable Top Rail - Glassupply (CA)<\/title>\n<meta name=\"robots\" content=\"index, follow, max-snippet:-1, max-image-preview:large, max-video-preview:-1\" \/>\n<link rel=\"canonical\" href=\"https:\/\/glassupply.com\/ca\/es\/producto\/gs-low-profile-graspable-top-rail\/\" \/>\n<meta property=\"og:locale\" content=\"es_ES\" \/>\n<meta property=\"og:type\" content=\"article\" \/>\n<meta property=\"og:title\" content=\"GS Low Profile Graspable Top Rail - Glassupply (CA)\" \/>\n<meta property=\"og:description\" content=\"El pasamanos superior agarrable de perfil bajo GS es un componente utilizado para proporcionar un soporte seguro para que los usuarios se agarren mientras suben o bajan escaleras. Tambi\u00e9n funciona como barrera en un sistema de barandilla de vidrio sin marco.  Fabricado con aleaciones de acero inoxidable 316 de la m\u00e1s alta calidad, nuestro pasamanos superior de alta gama ofrece no solo propiedades superiores de resistencia a la corrosi\u00f3n, sino tambi\u00e9n un atractivo est\u00e9tico inigualable que realzar\u00e1 el aspecto y la sensaci\u00f3n general de cualquier proyecto. Ya sea que est\u00e9 construyendo un espacio moderno al aire libre o un \u00e1rea de piscina elegante y estilizada, nuestro pasamanos superior de acero inoxidable 316 es la elecci\u00f3n perfecta para quienes buscan durabilidad, fiabilidad y atractivo visual. Con su rendimiento duradero, bajos requisitos de mantenimiento y excepcional versatilidad, nuestro pasamanos superior de acero inoxidable 316 es la soluci\u00f3n definitiva para cualquier proyecto que demande materiales de la m\u00e1s alta calidad, asegurando un desempe\u00f1o prolongado incluso en los ambientes m\u00e1s exigentes.  Elija entre un acabado de acero inoxidable pulido (cepillado) o un acabado negro mate suave con recubrimiento en polvo aplicado electrost\u00e1ticamente y curado al horno para una superficie resistente a los ara\u00f1azos y protegida contra el clima. Ideal para aplicaciones tanto interiores como exteriores, ofrece una excelente resistencia a la corrosi\u00f3n, lo que lo hace perfecto para estructuras con un alto grado de exposici\u00f3n, como regiones costeras y entornos con piscinas.  Instrucciones:  La longitud est\u00e1ndar de nuestro pasamanos es de 98\u201d (249 cm). Para pedidos est\u00e1ndar en l\u00ednea, la longitud m\u00e1xima de env\u00edo es de 98\u201d (empaquetado en un tubo de cart\u00f3n). El pasamanos se vende en dos tama\u00f1os diferentes: 49\u201d (media longitud) o 98\u201d (longitud completa).  Ejemplo: si la cantidad seleccionada = 1  y la longitud seleccionada = 49\u201d  Recibir\u00e1 1 pieza de pasamanos de 49\u201d  Si necesita grandes cantidades, por favor cont\u00e1ctenos; le cotizaremos manualmente el hardware y los gastos de env\u00edo.  La junta para pasamanos R-TR-GASKET se vende por separado. ESPECIFICACIONES T\u00c9CNICAS    Espesor del vidrio de seguridad 1\/2\u201d (12 mm)   Color\/Acabado Negro mate, acero inoxidable pulido   Material de fabricaci\u00f3n Acero inoxidable AISI 316   Ubicaci\u00f3n recomendada Interior, exterior\" \/>\n<meta property=\"og:url\" content=\"https:\/\/glassupply.com\/ca\/es\/producto\/gs-low-profile-graspable-top-rail\/\" \/>\n<meta property=\"og:site_name\" content=\"Glassupply (CA)\" \/>\n<meta property=\"article:modified_time\" content=\"2026-02-12T12:43:58+00:00\" \/>\n<meta property=\"og:image\" content=\"https:\/\/glassupply.com\/ca\/wp-content\/uploads\/sites\/5\/2023\/06\/R-TR-RSS-Product-Image.webp\" \/>\n\t<meta property=\"og:image:width\" content=\"2500\" \/>\n\t<meta property=\"og:image:height\" content=\"2500\" \/>\n\t<meta property=\"og:image:type\" content=\"image\/webp\" \/>\n<meta name=\"twitter:card\" content=\"summary_large_image\" \/>\n<meta name=\"twitter:label1\" content=\"Est. reading time\" \/>\n\t<meta name=\"twitter:data1\" content=\"1 minuto\" \/>\n<script type=\"application\/ld+json\" class=\"yoast-schema-graph\">{\"@context\":\"https:\/\/schema.org\",\"@graph\":[{\"@type\":\"WebPage\",\"@id\":\"https:\/\/glassupply.com\/ca\/es\/producto\/gs-low-profile-graspable-top-rail\/\",\"url\":\"https:\/\/glassupply.com\/ca\/es\/producto\/gs-low-profile-graspable-top-rail\/\",\"name\":\"GS Low Profile Graspable Top Rail - Glassupply (CA)\",\"isPartOf\":{\"@id\":\"https:\/\/glassupply.com\/ca\/fr\/#website\"},\"primaryImageOfPage\":{\"@id\":\"https:\/\/glassupply.com\/ca\/es\/producto\/gs-low-profile-graspable-top-rail\/#primaryimage\"},\"image\":{\"@id\":\"https:\/\/glassupply.com\/ca\/es\/producto\/gs-low-profile-graspable-top-rail\/#primaryimage\"},\"thumbnailUrl\":\"https:\/\/glassupply.com\/ca\/wp-content\/uploads\/sites\/5\/2023\/06\/R-TR-RSS-Product-Image.webp\",\"datePublished\":\"2023-06-28T09:26:06+00:00\",\"dateModified\":\"2026-02-12T12:43:58+00:00\",\"breadcrumb\":{\"@id\":\"https:\/\/glassupply.com\/ca\/es\/producto\/gs-low-profile-graspable-top-rail\/#breadcrumb\"},\"inLanguage\":\"es\",\"potentialAction\":[{\"@type\":\"ReadAction\",\"target\":[\"https:\/\/glassupply.com\/ca\/es\/producto\/gs-low-profile-graspable-top-rail\/\"]}]},{\"@type\":\"ImageObject\",\"inLanguage\":\"es\",\"@id\":\"https:\/\/glassupply.com\/ca\/es\/producto\/gs-low-profile-graspable-top-rail\/#primaryimage\",\"url\":\"https:\/\/glassupply.com\/ca\/wp-content\/uploads\/sites\/5\/2023\/06\/R-TR-RSS-Product-Image.webp\",\"contentUrl\":\"https:\/\/glassupply.com\/ca\/wp-content\/uploads\/sites\/5\/2023\/06\/R-TR-RSS-Product-Image.webp\",\"width\":2500,\"height\":2500},{\"@type\":\"BreadcrumbList\",\"@id\":\"https:\/\/glassupply.com\/ca\/es\/producto\/gs-low-profile-graspable-top-rail\/#breadcrumb\",\"itemListElement\":[{\"@type\":\"ListItem\",\"position\":1,\"name\":\"Home\",\"item\":\"https:\/\/glassupply.com\/ca\/es\/\"},{\"@type\":\"ListItem\",\"position\":2,\"name\":\"Tienda\",\"item\":\"https:\/\/glassupply.com\/ca\/es\/tienda\/\"},{\"@type\":\"ListItem\",\"position\":3,\"name\":\"GS Low Profile Graspable Top Rail\"}]},{\"@type\":\"WebSite\",\"@id\":\"https:\/\/glassupply.com\/ca\/fr\/#website\",\"url\":\"https:\/\/glassupply.com\/ca\/fr\/\",\"name\":\"Glassupply.com\",\"description\":\"From the manufacturer to your doorstep\",\"publisher\":{\"@id\":\"https:\/\/glassupply.com\/ca\/fr\/#organization\"},\"potentialAction\":[{\"@type\":\"SearchAction\",\"target\":{\"@type\":\"EntryPoint\",\"urlTemplate\":\"https:\/\/glassupply.com\/ca\/fr\/?s={search_term_string}\"},\"query-input\":{\"@type\":\"PropertyValueSpecification\",\"valueRequired\":true,\"valueName\":\"search_term_string\"}}],\"inLanguage\":\"es\"},{\"@type\":\"Organization\",\"@id\":\"https:\/\/glassupply.com\/ca\/fr\/#organization\",\"name\":\"Glassupply.com\",\"url\":\"https:\/\/glassupply.com\/ca\/fr\/\",\"logo\":{\"@type\":\"ImageObject\",\"inLanguage\":\"es\",\"@id\":\"https:\/\/glassupply.com\/ca\/fr\/#\/schema\/logo\/image\/\",\"url\":\"https:\/\/staging.glassupply.com\/ca\/wp-content\/uploads\/sites\/5\/2023\/07\/logo.svg\",\"contentUrl\":\"https:\/\/staging.glassupply.com\/ca\/wp-content\/uploads\/sites\/5\/2023\/07\/logo.svg\",\"width\":310,\"height\":24,\"caption\":\"Glassupply.com\"},\"image\":{\"@id\":\"https:\/\/glassupply.com\/ca\/fr\/#\/schema\/logo\/image\/\"}}]}<\/script>\n<!-- \/ Yoast SEO plugin. -->","yoast_head_json":{"title":"GS Low Profile Graspable Top Rail - Glassupply (CA)","robots":{"index":"index","follow":"follow","max-snippet":"max-snippet:-1","max-image-preview":"max-image-preview:large","max-video-preview":"max-video-preview:-1"},"canonical":"https:\/\/glassupply.com\/ca\/es\/producto\/gs-low-profile-graspable-top-rail\/","og_locale":"es_ES","og_type":"article","og_title":"GS Low Profile Graspable Top Rail - Glassupply (CA)","og_description":"El pasamanos superior agarrable de perfil bajo GS es un componente utilizado para proporcionar un soporte seguro para que los usuarios se agarren mientras suben o bajan escaleras. Tambi\u00e9n funciona como barrera en un sistema de barandilla de vidrio sin marco.  Fabricado con aleaciones de acero inoxidable 316 de la m\u00e1s alta calidad, nuestro pasamanos superior de alta gama ofrece no solo propiedades superiores de resistencia a la corrosi\u00f3n, sino tambi\u00e9n un atractivo est\u00e9tico inigualable que realzar\u00e1 el aspecto y la sensaci\u00f3n general de cualquier proyecto. Ya sea que est\u00e9 construyendo un espacio moderno al aire libre o un \u00e1rea de piscina elegante y estilizada, nuestro pasamanos superior de acero inoxidable 316 es la elecci\u00f3n perfecta para quienes buscan durabilidad, fiabilidad y atractivo visual. Con su rendimiento duradero, bajos requisitos de mantenimiento y excepcional versatilidad, nuestro pasamanos superior de acero inoxidable 316 es la soluci\u00f3n definitiva para cualquier proyecto que demande materiales de la m\u00e1s alta calidad, asegurando un desempe\u00f1o prolongado incluso en los ambientes m\u00e1s exigentes.  Elija entre un acabado de acero inoxidable pulido (cepillado) o un acabado negro mate suave con recubrimiento en polvo aplicado electrost\u00e1ticamente y curado al horno para una superficie resistente a los ara\u00f1azos y protegida contra el clima. Ideal para aplicaciones tanto interiores como exteriores, ofrece una excelente resistencia a la corrosi\u00f3n, lo que lo hace perfecto para estructuras con un alto grado de exposici\u00f3n, como regiones costeras y entornos con piscinas.  Instrucciones:  La longitud est\u00e1ndar de nuestro pasamanos es de 98\u201d (249 cm). Para pedidos est\u00e1ndar en l\u00ednea, la longitud m\u00e1xima de env\u00edo es de 98\u201d (empaquetado en un tubo de cart\u00f3n). El pasamanos se vende en dos tama\u00f1os diferentes: 49\u201d (media longitud) o 98\u201d (longitud completa).  Ejemplo: si la cantidad seleccionada = 1  y la longitud seleccionada = 49\u201d  Recibir\u00e1 1 pieza de pasamanos de 49\u201d  Si necesita grandes cantidades, por favor cont\u00e1ctenos; le cotizaremos manualmente el hardware y los gastos de env\u00edo.  La junta para pasamanos R-TR-GASKET se vende por separado. ESPECIFICACIONES T\u00c9CNICAS    Espesor del vidrio de seguridad 1\/2\u201d (12 mm)   Color\/Acabado Negro mate, acero inoxidable pulido   Material de fabricaci\u00f3n Acero inoxidable AISI 316   Ubicaci\u00f3n recomendada Interior, exterior","og_url":"https:\/\/glassupply.com\/ca\/es\/producto\/gs-low-profile-graspable-top-rail\/","og_site_name":"Glassupply (CA)","article_modified_time":"2026-02-12T12:43:58+00:00","og_image":[{"width":2500,"height":2500,"url":"https:\/\/glassupply.com\/ca\/wp-content\/uploads\/sites\/5\/2023\/06\/R-TR-RSS-Product-Image.webp","type":"image\/webp"}],"twitter_card":"summary_large_image","twitter_misc":{"Est. reading time":"1 minuto"},"schema":{"@context":"https:\/\/schema.org","@graph":[{"@type":"WebPage","@id":"https:\/\/glassupply.com\/ca\/es\/producto\/gs-low-profile-graspable-top-rail\/","url":"https:\/\/glassupply.com\/ca\/es\/producto\/gs-low-profile-graspable-top-rail\/","name":"GS Low Profile Graspable Top Rail - Glassupply (CA)","isPartOf":{"@id":"https:\/\/glassupply.com\/ca\/fr\/#website"},"primaryImageOfPage":{"@id":"https:\/\/glassupply.com\/ca\/es\/producto\/gs-low-profile-graspable-top-rail\/#primaryimage"},"image":{"@id":"https:\/\/glassupply.com\/ca\/es\/producto\/gs-low-profile-graspable-top-rail\/#primaryimage"},"thumbnailUrl":"https:\/\/glassupply.com\/ca\/wp-content\/uploads\/sites\/5\/2023\/06\/R-TR-RSS-Product-Image.webp","datePublished":"2023-06-28T09:26:06+00:00","dateModified":"2026-02-12T12:43:58+00:00","breadcrumb":{"@id":"https:\/\/glassupply.com\/ca\/es\/producto\/gs-low-profile-graspable-top-rail\/#breadcrumb"},"inLanguage":"es","potentialAction":[{"@type":"ReadAction","target":["https:\/\/glassupply.com\/ca\/es\/producto\/gs-low-profile-graspable-top-rail\/"]}]},{"@type":"ImageObject","inLanguage":"es","@id":"https:\/\/glassupply.com\/ca\/es\/producto\/gs-low-profile-graspable-top-rail\/#primaryimage","url":"https:\/\/glassupply.com\/ca\/wp-content\/uploads\/sites\/5\/2023\/06\/R-TR-RSS-Product-Image.webp","contentUrl":"https:\/\/glassupply.com\/ca\/wp-content\/uploads\/sites\/5\/2023\/06\/R-TR-RSS-Product-Image.webp","width":2500,"height":2500},{"@type":"BreadcrumbList","@id":"https:\/\/glassupply.com\/ca\/es\/producto\/gs-low-profile-graspable-top-rail\/#breadcrumb","itemListElement":[{"@type":"ListItem","position":1,"name":"Home","item":"https:\/\/glassupply.com\/ca\/es\/"},{"@type":"ListItem","position":2,"name":"Tienda","item":"https:\/\/glassupply.com\/ca\/es\/tienda\/"},{"@type":"ListItem","position":3,"name":"GS Low Profile Graspable Top Rail"}]},{"@type":"WebSite","@id":"https:\/\/glassupply.com\/ca\/fr\/#website","url":"https:\/\/glassupply.com\/ca\/fr\/","name":"Glassupply.com","description":"From the manufacturer to your doorstep","publisher":{"@id":"https:\/\/glassupply.com\/ca\/fr\/#organization"},"potentialAction":[{"@type":"SearchAction","target":{"@type":"EntryPoint","urlTemplate":"https:\/\/glassupply.com\/ca\/fr\/?s={search_term_string}"},"query-input":{"@type":"PropertyValueSpecification","valueRequired":true,"valueName":"search_term_string"}}],"inLanguage":"es"},{"@type":"Organization","@id":"https:\/\/glassupply.com\/ca\/fr\/#organization","name":"Glassupply.com","url":"https:\/\/glassupply.com\/ca\/fr\/","logo":{"@type":"ImageObject","inLanguage":"es","@id":"https:\/\/glassupply.com\/ca\/fr\/#\/schema\/logo\/image\/","url":"https:\/\/staging.glassupply.com\/ca\/wp-content\/uploads\/sites\/5\/2023\/07\/logo.svg","contentUrl":"https:\/\/staging.glassupply.com\/ca\/wp-content\/uploads\/sites\/5\/2023\/07\/logo.svg","width":310,"height":24,"caption":"Glassupply.com"},"image":{"@id":"https:\/\/glassupply.com\/ca\/fr\/#\/schema\/logo\/image\/"}}]}},"_links":{"self":[{"href":"https:\/\/glassupply.com\/ca\/es\/wp-json\/wp\/v2\/product\/2267","targetHints":{"allow":["GET"]}}],"collection":[{"href":"https:\/\/glassupply.com\/ca\/es\/wp-json\/wp\/v2\/product"}],"about":[{"href":"https:\/\/glassupply.com\/ca\/es\/wp-json\/wp\/v2\/types\/product"}],"replies":[{"embeddable":true,"href":"https:\/\/glassupply.com\/ca\/es\/wp-json\/wp\/v2\/comments?post=2267"}],"wp:featuredmedia":[{"embeddable":true,"href":"https:\/\/glassupply.com\/ca\/es\/wp-json\/wp\/v2\/media\/1681"}],"wp:attachment":[{"href":"https:\/\/glassupply.com\/ca\/es\/wp-json\/wp\/v2\/media?parent=2267"}],"wp:term":[{"taxonomy":"product_brand","embeddable":true,"href":"https:\/\/glassupply.com\/ca\/es\/wp-json\/wp\/v2\/product_brand?post=2267"},{"taxonomy":"product_cat","embeddable":true,"href":"https:\/\/glassupply.com\/ca\/es\/wp-json\/wp\/v2\/product_cat?post=2267"},{"taxonomy":"product_tag","embeddable":true,"href":"https:\/\/glassupply.com\/ca\/es\/wp-json\/wp\/v2\/product_tag?post=2267"}],"curies":[{"name":"wp","href":"https:\/\/api.w.org\/{rel}","templated":true}]}}