{"id":2311,"date":"2023-06-28T09:26:05","date_gmt":"2023-06-28T14:26:05","guid":{"rendered":"https:\/\/staging.glassupply.com\/ca\/product\/spring-loaded-glass-to-glass-door-hinge-for-frameless-glass-railing\/"},"modified":"2025-06-05T07:22:33","modified_gmt":"2025-06-05T12:22:33","slug":"spring-loaded-glass-to-glass-door-hinge-for-frameless-glass-railing","status":"publish","type":"product","link":"https:\/\/glassupply.com\/ca\/es\/producto\/spring-loaded-glass-to-glass-door-hinge-for-frameless-glass-railing\/","title":{"rendered":"Spring Loaded Glass-to-Glass Door Hinge for Frameless Glass Railing"},"content":{"rendered":"","protected":false},"excerpt":{"rendered":"<p><span style=\"font-weight: 400;\">La bisagra de puerta de vidrio a vidrio con resorte para barandillas de vidrio sin marco es una bisagra altamente funcional y segura que viene equipada con un mecanismo de cierre autom\u00e1tico con resorte. Esta bisagra est\u00e1 espec\u00edficamente dise\u00f1ada para instalarse en un panel de vidrio adyacente, lo que la convierte en una opci\u00f3n ideal para barandillas de vidrio sin marco.<\/span><\/p>\n<p><span style=\"font-weight: 400;\">Para ajustar la tensi\u00f3n del resorte, simplemente retire la tapa plana superior y acceda al tornillo de ajuste con una llave Allen. Adem\u00e1s, <\/span><b>cuando se combina con nuestro pestillo magn\u00e9tico de cierre autom\u00e1tico, esta bisagra con resorte puede ser un componente vital para cumplir con los requisitos de barrera de seguridad para piscinas que est\u00e1n siendo implementados por muchos municipios en toda Am\u00e9rica del Norte<\/b><span style=\"font-weight: 400;\">.<\/span><\/p>\n<p><span style=\"font-weight: 400;\">Fabricado con aleaci\u00f3n de acero inoxidable Duplex 2205 de la m\u00e1s alta calidad, este herraje marino anticorrosivo es conocido por su resistencia superior y durabilidad frente a la corrosi\u00f3n en ambientes exteriores agresivos. Nuestra aleaci\u00f3n Duplex 2205, compuesta por 22% de cromo, 3% de molibdeno y entre 5 y 6% de n\u00edquel, ofrece una resistencia a la corrosi\u00f3n superior y m\u00e1s del doble de resistencia al rendimiento en comparaci\u00f3n con el acero inoxidable austen\u00edtico est\u00e1ndar.<\/span><\/p>\n<p><span style=\"font-weight: 400;\">Elija entre un acabado de acero inoxidable pulido (cepillado) o un acabado negro mate suave, con recubrimiento en polvo aplicado electrost\u00e1ticamente y curado en horno para una superficie resistente a los ara\u00f1azos y protegida contra la intemperie. Ideal tanto para aplicaciones interiores como exteriores, ofrece excelente resistencia a la corrosi\u00f3n, lo que lo hace perfecto para estructuras en zonas costeras o en entornos con piscinas.<\/span><\/p>\n<p><b>Tenga en cuenta que cada bisagra se vende por separado. Si desea comprar un par de bisagras, ajuste la cantidad del pedido a 2 antes de realizar la compra.<\/b><\/p>\n<h2><b>ESPECIFICACIONES T\u00c9CNICAS<\/b><\/h2>\n<table>\n<tbody>\n<tr>\n<td><b>Espesor del vidrio de seguridad<\/b><\/td>\n<td><span style=\"font-weight: 400;\">3\/8\u201d &#8211; 1\/2\u201d (10 a 12 mm) \u2013 puede acomodar paneles de vidrio de 9\/16\u201d (13,5 mm)<\/span><\/td>\n<\/tr>\n<tr>\n<td><b>Color\/Acabado<\/b><\/td>\n<td><span style=\"font-weight: 400;\">Acero inoxidable pulido, Negro mate<\/span><\/td>\n<\/tr>\n<tr>\n<td><b>Material de fabricaci\u00f3n<\/b><\/td>\n<td><span style=\"font-weight: 400;\">Acero inoxidable Duplex 2205<\/span><\/td>\n<\/tr>\n<tr>\n<td><b>Deducci\u00f3n recomendada del espacio de la puerta<\/b><\/td>\n<td><span style=\"font-weight: 400;\">1\/4\u201d &#8211; 3\/8\u201d (6 a 10 mm)<\/span><\/td>\n<\/tr>\n<tr>\n<td><b>Tipo de montaje<\/b><\/td>\n<td><span style=\"font-weight: 400;\">Montaje en panel de vidrio<\/span><\/td>\n<\/tr>\n<tr>\n<td><b>Uso recomendado del lugar<\/b><\/td>\n<td><span style=\"font-weight: 400;\">Interior, Exterior<\/span><\/td>\n<\/tr>\n<tr>\n<td><b>Lado de montaje<\/b><\/td>\n<td><span style=\"font-weight: 400;\">Reversible<\/span><\/td>\n<\/tr>\n<tr>\n<td><\/td>\n<td><\/td>\n<\/tr>\n<\/tbody>\n<\/table>\n<h2><\/h2>\n","protected":false},"featured_media":1643,"comment_status":"closed","ping_status":"closed","template":"","meta":{"_acf_changed":false,"inline_featured_image":false},"product_brand":[],"product_cat":[133,60],"product_tag":[],"class_list":{"0":"post-2311","1":"product","2":"type-product","3":"status-publish","4":"has-post-thumbnail","6":"product_cat-door-hardware-es","7":"product_cat-glass-fence-railing-hardware-es","9":"first","10":"instock","11":"taxable","12":"shipping-taxable","13":"purchasable","14":"product-type-variable"},"acf":[],"yoast_head":"<!-- This site is optimized with the Yoast SEO plugin v26.9 - https:\/\/yoast.com\/product\/yoast-seo-wordpress\/ -->\n<title>Spring Loaded Glass-to-Glass Door Hinge for Frameless Glass Railing - Glassupply (CA)<\/title>\n<meta name=\"robots\" content=\"index, follow, max-snippet:-1, max-image-preview:large, max-video-preview:-1\" \/>\n<link rel=\"canonical\" href=\"https:\/\/glassupply.com\/ca\/es\/producto\/spring-loaded-glass-to-glass-door-hinge-for-frameless-glass-railing\/\" \/>\n<meta property=\"og:locale\" content=\"es_ES\" \/>\n<meta property=\"og:type\" content=\"article\" \/>\n<meta property=\"og:title\" content=\"Spring Loaded Glass-to-Glass Door Hinge for Frameless Glass Railing - Glassupply (CA)\" \/>\n<meta property=\"og:description\" content=\"La bisagra de puerta de vidrio a vidrio con resorte para barandillas de vidrio sin marco es una bisagra altamente funcional y segura que viene equipada con un mecanismo de cierre autom\u00e1tico con resorte. Esta bisagra est\u00e1 espec\u00edficamente dise\u00f1ada para instalarse en un panel de vidrio adyacente, lo que la convierte en una opci\u00f3n ideal para barandillas de vidrio sin marco.  Para ajustar la tensi\u00f3n del resorte, simplemente retire la tapa plana superior y acceda al tornillo de ajuste con una llave Allen. Adem\u00e1s, cuando se combina con nuestro pestillo magn\u00e9tico de cierre autom\u00e1tico, esta bisagra con resorte puede ser un componente vital para cumplir con los requisitos de barrera de seguridad para piscinas que est\u00e1n siendo implementados por muchos municipios en toda Am\u00e9rica del Norte.  Fabricado con aleaci\u00f3n de acero inoxidable Duplex 2205 de la m\u00e1s alta calidad, este herraje marino anticorrosivo es conocido por su resistencia superior y durabilidad frente a la corrosi\u00f3n en ambientes exteriores agresivos. Nuestra aleaci\u00f3n Duplex 2205, compuesta por 22% de cromo, 3% de molibdeno y entre 5 y 6% de n\u00edquel, ofrece una resistencia a la corrosi\u00f3n superior y m\u00e1s del doble de resistencia al rendimiento en comparaci\u00f3n con el acero inoxidable austen\u00edtico est\u00e1ndar.  Elija entre un acabado de acero inoxidable pulido (cepillado) o un acabado negro mate suave, con recubrimiento en polvo aplicado electrost\u00e1ticamente y curado en horno para una superficie resistente a los ara\u00f1azos y protegida contra la intemperie. Ideal tanto para aplicaciones interiores como exteriores, ofrece excelente resistencia a la corrosi\u00f3n, lo que lo hace perfecto para estructuras en zonas costeras o en entornos con piscinas.  Tenga en cuenta que cada bisagra se vende por separado. Si desea comprar un par de bisagras, ajuste la cantidad del pedido a 2 antes de realizar la compra. ESPECIFICACIONES T\u00c9CNICAS    Espesor del vidrio de seguridad 3\/8\u201d - 1\/2\u201d (10 a 12 mm) \u2013 puede acomodar paneles de vidrio de 9\/16\u201d (13,5 mm)   Color\/Acabado Acero inoxidable pulido, Negro mate   Material de fabricaci\u00f3n Acero inoxidable Duplex 2205   Deducci\u00f3n recomendada del espacio de la puerta 1\/4\u201d - 3\/8\u201d (6 a 10 mm)   Tipo de montaje Montaje en panel de vidrio   Uso recomendado del lugar Interior, Exterior   Lado de montaje Reversible\" \/>\n<meta property=\"og:url\" content=\"https:\/\/glassupply.com\/ca\/es\/producto\/spring-loaded-glass-to-glass-door-hinge-for-frameless-glass-railing\/\" \/>\n<meta property=\"og:site_name\" content=\"Glassupply (CA)\" \/>\n<meta property=\"article:modified_time\" content=\"2025-06-05T12:22:33+00:00\" \/>\n<meta property=\"og:image\" content=\"https:\/\/glassupply.com\/ca\/wp-content\/uploads\/sites\/5\/2023\/06\/R-DH-GGHSS-Frist-Product-Image-min.webp\" \/>\n\t<meta property=\"og:image:width\" content=\"1902\" \/>\n\t<meta property=\"og:image:height\" content=\"1902\" \/>\n\t<meta property=\"og:image:type\" content=\"image\/webp\" \/>\n<meta name=\"twitter:card\" content=\"summary_large_image\" \/>\n<meta name=\"twitter:label1\" content=\"Est. reading time\" \/>\n\t<meta name=\"twitter:data1\" content=\"1 minuto\" \/>\n<script type=\"application\/ld+json\" class=\"yoast-schema-graph\">{\"@context\":\"https:\/\/schema.org\",\"@graph\":[{\"@type\":\"WebPage\",\"@id\":\"https:\/\/glassupply.com\/ca\/es\/producto\/spring-loaded-glass-to-glass-door-hinge-for-frameless-glass-railing\/\",\"url\":\"https:\/\/glassupply.com\/ca\/es\/producto\/spring-loaded-glass-to-glass-door-hinge-for-frameless-glass-railing\/\",\"name\":\"Spring Loaded Glass-to-Glass Door Hinge for Frameless Glass Railing - Glassupply (CA)\",\"isPartOf\":{\"@id\":\"https:\/\/glassupply.com\/ca\/fr\/#website\"},\"primaryImageOfPage\":{\"@id\":\"https:\/\/glassupply.com\/ca\/es\/producto\/spring-loaded-glass-to-glass-door-hinge-for-frameless-glass-railing\/#primaryimage\"},\"image\":{\"@id\":\"https:\/\/glassupply.com\/ca\/es\/producto\/spring-loaded-glass-to-glass-door-hinge-for-frameless-glass-railing\/#primaryimage\"},\"thumbnailUrl\":\"https:\/\/glassupply.com\/ca\/wp-content\/uploads\/sites\/5\/2023\/06\/R-DH-GGHSS-Frist-Product-Image-min.webp\",\"datePublished\":\"2023-06-28T14:26:05+00:00\",\"dateModified\":\"2025-06-05T12:22:33+00:00\",\"breadcrumb\":{\"@id\":\"https:\/\/glassupply.com\/ca\/es\/producto\/spring-loaded-glass-to-glass-door-hinge-for-frameless-glass-railing\/#breadcrumb\"},\"inLanguage\":\"es\",\"potentialAction\":[{\"@type\":\"ReadAction\",\"target\":[\"https:\/\/glassupply.com\/ca\/es\/producto\/spring-loaded-glass-to-glass-door-hinge-for-frameless-glass-railing\/\"]}]},{\"@type\":\"ImageObject\",\"inLanguage\":\"es\",\"@id\":\"https:\/\/glassupply.com\/ca\/es\/producto\/spring-loaded-glass-to-glass-door-hinge-for-frameless-glass-railing\/#primaryimage\",\"url\":\"https:\/\/glassupply.com\/ca\/wp-content\/uploads\/sites\/5\/2023\/06\/R-DH-GGHSS-Frist-Product-Image-min.webp\",\"contentUrl\":\"https:\/\/glassupply.com\/ca\/wp-content\/uploads\/sites\/5\/2023\/06\/R-DH-GGHSS-Frist-Product-Image-min.webp\",\"width\":1902,\"height\":1902},{\"@type\":\"BreadcrumbList\",\"@id\":\"https:\/\/glassupply.com\/ca\/es\/producto\/spring-loaded-glass-to-glass-door-hinge-for-frameless-glass-railing\/#breadcrumb\",\"itemListElement\":[{\"@type\":\"ListItem\",\"position\":1,\"name\":\"Home\",\"item\":\"https:\/\/glassupply.com\/ca\/es\/\"},{\"@type\":\"ListItem\",\"position\":2,\"name\":\"Tienda\",\"item\":\"https:\/\/glassupply.com\/ca\/es\/tienda\/\"},{\"@type\":\"ListItem\",\"position\":3,\"name\":\"Spring Loaded Glass-to-Glass Door Hinge for Frameless Glass Railing\"}]},{\"@type\":\"WebSite\",\"@id\":\"https:\/\/glassupply.com\/ca\/fr\/#website\",\"url\":\"https:\/\/glassupply.com\/ca\/fr\/\",\"name\":\"Glassupply.com\",\"description\":\"From the manufacturer to your doorstep\",\"publisher\":{\"@id\":\"https:\/\/glassupply.com\/ca\/fr\/#organization\"},\"potentialAction\":[{\"@type\":\"SearchAction\",\"target\":{\"@type\":\"EntryPoint\",\"urlTemplate\":\"https:\/\/glassupply.com\/ca\/fr\/?s={search_term_string}\"},\"query-input\":{\"@type\":\"PropertyValueSpecification\",\"valueRequired\":true,\"valueName\":\"search_term_string\"}}],\"inLanguage\":\"es\"},{\"@type\":\"Organization\",\"@id\":\"https:\/\/glassupply.com\/ca\/fr\/#organization\",\"name\":\"Glassupply.com\",\"url\":\"https:\/\/glassupply.com\/ca\/fr\/\",\"logo\":{\"@type\":\"ImageObject\",\"inLanguage\":\"es\",\"@id\":\"https:\/\/glassupply.com\/ca\/fr\/#\/schema\/logo\/image\/\",\"url\":\"https:\/\/staging.glassupply.com\/ca\/wp-content\/uploads\/sites\/5\/2023\/07\/logo.svg\",\"contentUrl\":\"https:\/\/staging.glassupply.com\/ca\/wp-content\/uploads\/sites\/5\/2023\/07\/logo.svg\",\"width\":310,\"height\":24,\"caption\":\"Glassupply.com\"},\"image\":{\"@id\":\"https:\/\/glassupply.com\/ca\/fr\/#\/schema\/logo\/image\/\"}}]}<\/script>\n<!-- \/ Yoast SEO plugin. -->","yoast_head_json":{"title":"Spring Loaded Glass-to-Glass Door Hinge for Frameless Glass Railing - Glassupply (CA)","robots":{"index":"index","follow":"follow","max-snippet":"max-snippet:-1","max-image-preview":"max-image-preview:large","max-video-preview":"max-video-preview:-1"},"canonical":"https:\/\/glassupply.com\/ca\/es\/producto\/spring-loaded-glass-to-glass-door-hinge-for-frameless-glass-railing\/","og_locale":"es_ES","og_type":"article","og_title":"Spring Loaded Glass-to-Glass Door Hinge for Frameless Glass Railing - Glassupply (CA)","og_description":"La bisagra de puerta de vidrio a vidrio con resorte para barandillas de vidrio sin marco es una bisagra altamente funcional y segura que viene equipada con un mecanismo de cierre autom\u00e1tico con resorte. Esta bisagra est\u00e1 espec\u00edficamente dise\u00f1ada para instalarse en un panel de vidrio adyacente, lo que la convierte en una opci\u00f3n ideal para barandillas de vidrio sin marco.  Para ajustar la tensi\u00f3n del resorte, simplemente retire la tapa plana superior y acceda al tornillo de ajuste con una llave Allen. Adem\u00e1s, cuando se combina con nuestro pestillo magn\u00e9tico de cierre autom\u00e1tico, esta bisagra con resorte puede ser un componente vital para cumplir con los requisitos de barrera de seguridad para piscinas que est\u00e1n siendo implementados por muchos municipios en toda Am\u00e9rica del Norte.  Fabricado con aleaci\u00f3n de acero inoxidable Duplex 2205 de la m\u00e1s alta calidad, este herraje marino anticorrosivo es conocido por su resistencia superior y durabilidad frente a la corrosi\u00f3n en ambientes exteriores agresivos. Nuestra aleaci\u00f3n Duplex 2205, compuesta por 22% de cromo, 3% de molibdeno y entre 5 y 6% de n\u00edquel, ofrece una resistencia a la corrosi\u00f3n superior y m\u00e1s del doble de resistencia al rendimiento en comparaci\u00f3n con el acero inoxidable austen\u00edtico est\u00e1ndar.  Elija entre un acabado de acero inoxidable pulido (cepillado) o un acabado negro mate suave, con recubrimiento en polvo aplicado electrost\u00e1ticamente y curado en horno para una superficie resistente a los ara\u00f1azos y protegida contra la intemperie. Ideal tanto para aplicaciones interiores como exteriores, ofrece excelente resistencia a la corrosi\u00f3n, lo que lo hace perfecto para estructuras en zonas costeras o en entornos con piscinas.  Tenga en cuenta que cada bisagra se vende por separado. Si desea comprar un par de bisagras, ajuste la cantidad del pedido a 2 antes de realizar la compra. ESPECIFICACIONES T\u00c9CNICAS    Espesor del vidrio de seguridad 3\/8\u201d - 1\/2\u201d (10 a 12 mm) \u2013 puede acomodar paneles de vidrio de 9\/16\u201d (13,5 mm)   Color\/Acabado Acero inoxidable pulido, Negro mate   Material de fabricaci\u00f3n Acero inoxidable Duplex 2205   Deducci\u00f3n recomendada del espacio de la puerta 1\/4\u201d - 3\/8\u201d (6 a 10 mm)   Tipo de montaje Montaje en panel de vidrio   Uso recomendado del lugar Interior, Exterior   Lado de montaje Reversible","og_url":"https:\/\/glassupply.com\/ca\/es\/producto\/spring-loaded-glass-to-glass-door-hinge-for-frameless-glass-railing\/","og_site_name":"Glassupply (CA)","article_modified_time":"2025-06-05T12:22:33+00:00","og_image":[{"width":1902,"height":1902,"url":"https:\/\/glassupply.com\/ca\/wp-content\/uploads\/sites\/5\/2023\/06\/R-DH-GGHSS-Frist-Product-Image-min.webp","type":"image\/webp"}],"twitter_card":"summary_large_image","twitter_misc":{"Est. reading time":"1 minuto"},"schema":{"@context":"https:\/\/schema.org","@graph":[{"@type":"WebPage","@id":"https:\/\/glassupply.com\/ca\/es\/producto\/spring-loaded-glass-to-glass-door-hinge-for-frameless-glass-railing\/","url":"https:\/\/glassupply.com\/ca\/es\/producto\/spring-loaded-glass-to-glass-door-hinge-for-frameless-glass-railing\/","name":"Spring Loaded Glass-to-Glass Door Hinge for Frameless Glass Railing - Glassupply (CA)","isPartOf":{"@id":"https:\/\/glassupply.com\/ca\/fr\/#website"},"primaryImageOfPage":{"@id":"https:\/\/glassupply.com\/ca\/es\/producto\/spring-loaded-glass-to-glass-door-hinge-for-frameless-glass-railing\/#primaryimage"},"image":{"@id":"https:\/\/glassupply.com\/ca\/es\/producto\/spring-loaded-glass-to-glass-door-hinge-for-frameless-glass-railing\/#primaryimage"},"thumbnailUrl":"https:\/\/glassupply.com\/ca\/wp-content\/uploads\/sites\/5\/2023\/06\/R-DH-GGHSS-Frist-Product-Image-min.webp","datePublished":"2023-06-28T14:26:05+00:00","dateModified":"2025-06-05T12:22:33+00:00","breadcrumb":{"@id":"https:\/\/glassupply.com\/ca\/es\/producto\/spring-loaded-glass-to-glass-door-hinge-for-frameless-glass-railing\/#breadcrumb"},"inLanguage":"es","potentialAction":[{"@type":"ReadAction","target":["https:\/\/glassupply.com\/ca\/es\/producto\/spring-loaded-glass-to-glass-door-hinge-for-frameless-glass-railing\/"]}]},{"@type":"ImageObject","inLanguage":"es","@id":"https:\/\/glassupply.com\/ca\/es\/producto\/spring-loaded-glass-to-glass-door-hinge-for-frameless-glass-railing\/#primaryimage","url":"https:\/\/glassupply.com\/ca\/wp-content\/uploads\/sites\/5\/2023\/06\/R-DH-GGHSS-Frist-Product-Image-min.webp","contentUrl":"https:\/\/glassupply.com\/ca\/wp-content\/uploads\/sites\/5\/2023\/06\/R-DH-GGHSS-Frist-Product-Image-min.webp","width":1902,"height":1902},{"@type":"BreadcrumbList","@id":"https:\/\/glassupply.com\/ca\/es\/producto\/spring-loaded-glass-to-glass-door-hinge-for-frameless-glass-railing\/#breadcrumb","itemListElement":[{"@type":"ListItem","position":1,"name":"Home","item":"https:\/\/glassupply.com\/ca\/es\/"},{"@type":"ListItem","position":2,"name":"Tienda","item":"https:\/\/glassupply.com\/ca\/es\/tienda\/"},{"@type":"ListItem","position":3,"name":"Spring Loaded Glass-to-Glass Door Hinge for Frameless Glass Railing"}]},{"@type":"WebSite","@id":"https:\/\/glassupply.com\/ca\/fr\/#website","url":"https:\/\/glassupply.com\/ca\/fr\/","name":"Glassupply.com","description":"From the manufacturer to your doorstep","publisher":{"@id":"https:\/\/glassupply.com\/ca\/fr\/#organization"},"potentialAction":[{"@type":"SearchAction","target":{"@type":"EntryPoint","urlTemplate":"https:\/\/glassupply.com\/ca\/fr\/?s={search_term_string}"},"query-input":{"@type":"PropertyValueSpecification","valueRequired":true,"valueName":"search_term_string"}}],"inLanguage":"es"},{"@type":"Organization","@id":"https:\/\/glassupply.com\/ca\/fr\/#organization","name":"Glassupply.com","url":"https:\/\/glassupply.com\/ca\/fr\/","logo":{"@type":"ImageObject","inLanguage":"es","@id":"https:\/\/glassupply.com\/ca\/fr\/#\/schema\/logo\/image\/","url":"https:\/\/staging.glassupply.com\/ca\/wp-content\/uploads\/sites\/5\/2023\/07\/logo.svg","contentUrl":"https:\/\/staging.glassupply.com\/ca\/wp-content\/uploads\/sites\/5\/2023\/07\/logo.svg","width":310,"height":24,"caption":"Glassupply.com"},"image":{"@id":"https:\/\/glassupply.com\/ca\/fr\/#\/schema\/logo\/image\/"}}]}},"_links":{"self":[{"href":"https:\/\/glassupply.com\/ca\/es\/wp-json\/wp\/v2\/product\/2311","targetHints":{"allow":["GET"]}}],"collection":[{"href":"https:\/\/glassupply.com\/ca\/es\/wp-json\/wp\/v2\/product"}],"about":[{"href":"https:\/\/glassupply.com\/ca\/es\/wp-json\/wp\/v2\/types\/product"}],"replies":[{"embeddable":true,"href":"https:\/\/glassupply.com\/ca\/es\/wp-json\/wp\/v2\/comments?post=2311"}],"wp:featuredmedia":[{"embeddable":true,"href":"https:\/\/glassupply.com\/ca\/es\/wp-json\/wp\/v2\/media\/1643"}],"wp:attachment":[{"href":"https:\/\/glassupply.com\/ca\/es\/wp-json\/wp\/v2\/media?parent=2311"}],"wp:term":[{"taxonomy":"product_brand","embeddable":true,"href":"https:\/\/glassupply.com\/ca\/es\/wp-json\/wp\/v2\/product_brand?post=2311"},{"taxonomy":"product_cat","embeddable":true,"href":"https:\/\/glassupply.com\/ca\/es\/wp-json\/wp\/v2\/product_cat?post=2311"},{"taxonomy":"product_tag","embeddable":true,"href":"https:\/\/glassupply.com\/ca\/es\/wp-json\/wp\/v2\/product_tag?post=2311"}],"curies":[{"name":"wp","href":"https:\/\/api.w.org\/{rel}","templated":true}]}}