{"id":2337,"date":"2023-06-28T09:26:05","date_gmt":"2023-06-28T09:26:05","guid":{"rendered":"https:\/\/staging.glassupply.com\/ca\/product\/gs-u-channel-for-3-8-10mm-or-1-2-12mm-glass\/"},"modified":"2026-02-12T07:38:42","modified_gmt":"2026-02-12T12:38:42","slug":"gs-u-channel-for-3-8-10mm-or-1-2-12mm-glass","status":"publish","type":"product","link":"https:\/\/glassupply.com\/ca\/es\/producto\/gs-u-channel-for-3-8-10mm-or-1-2-12mm-glass\/","title":{"rendered":"GS U-Channel for 3\/8\u00bb (10mm) or 1\/2&#8243; (12mm) Glass"},"content":{"rendered":"","protected":false},"excerpt":{"rendered":"<p><span style=\"font-weight: 400;\">El Canal en U GS es un producto vers\u00e1til y pr\u00e1ctico dise\u00f1ado para sujetar y estabilizar de forma segura paneles fijos de vidrio en diversas aplicaciones, como mamparas de ducha, divisores de vidrio y vitrinas.<\/span><\/p>\n<p><span style=\"font-weight: 400;\">El Canal en U GS est\u00e1 fabricado con aluminio de alta calidad y est\u00e1 disponible en dos tama\u00f1os diferentes para adaptarse a vidrio de 3\/8\u201d (10 mm) o 1\/2\u201d (12 mm).<\/span><\/p>\n<p><span style=\"font-weight: 400;\">El Canal en U puede instalarse f\u00e1cilmente utilizando tornillos, adhesivo u otros m\u00e9todos apropiados, y no requiere perforaciones ni cortes en el vidrio; normalmente se <\/span><span style=\"font-weight: 400;\">fija con silicona transparente.<\/span><\/p>\n<p><span style=\"font-weight: 400;\">Nuestro proceso de acabado del herraje de aluminio incluye tres m\u00e9todos de aplicaci\u00f3n diferentes, cada uno de los cuales ofrece un acabado duradero, resistente a la corrosi\u00f3n y visualmente atractivo. Estos m\u00e9todos incluyen anodizado (Negro Mate), cromado (Cromo) y niquelado (N\u00edquel Cepillado). Independientemente de la opci\u00f3n elegida, nuestro proceso de acabado garantiza un resultado hermoso y duradero que cumple con los m\u00e1s altos est\u00e1ndares de calidad y resistencia de la industria, ofreciendo un rendimiento y una apariencia excepcionales.<\/span><\/p>\n<p><b>Instrucciones:<\/b><\/p>\n<p><span style=\"font-weight: 400;\">Nuestra longitud est\u00e1ndar de canal en U es de 144\u201d (3.66 m). Para pedidos en l\u00ednea est\u00e1ndar, la longitud m\u00e1xima de env\u00edo es de 98\u201d (2.5 m), embalada en un tubo de cart\u00f3n. Por favor, especifique la longitud de corte deseada abajo para su pedido.<\/span><\/p>\n<p><span style=\"font-weight: 400;\">Para Cantidad 1 = 1 canal en U completo de 144\u201d cortado a la longitud especificada + la pieza restante del canal tambi\u00e9n se incluir\u00e1.<\/span><\/p>\n<p><span style=\"font-weight: 400;\">Ejemplo: si la cantidad seleccionada = 1<\/span><span style=\"font-weight: 400;\"><br \/>\n<\/span><span style=\"font-weight: 400;\">y si la longitud de corte seleccionada = 98\u201d<\/span><\/p>\n<p><span style=\"font-weight: 400;\">Recibir\u00e1 1 pieza de canal en U de 98\u201d y 1 pieza de canal en U de 46\u201d (144 &#8211; 98 = 46\u201d).<\/span><\/p>\n<p><span style=\"font-weight: 400;\">Si necesita una longitud completa o grandes cantidades, por favor cont\u00e1ctenos. Le enviaremos una cotizaci\u00f3n manual de los costos de env\u00edo.<\/span><\/p>\n<h2><b>ESPECIFICACIONES T\u00c9CNICAS<\/b><\/h2>\n<table>\n<tbody>\n<tr>\n<td><b>Espesor del vidrio de seguridad<\/b><\/td>\n<td><span style=\"font-weight: 400;\">3\/8\u201d (10 mm) a 1\/2\u201d (12 mm)<\/span><\/td>\n<\/tr>\n<tr>\n<td><b>Color\/Acabado<\/b><\/td>\n<td><span style=\"font-weight: 400;\">Cromo, N\u00edquel Cepillado, Negro Mate<\/span><\/td>\n<\/tr>\n<tr>\n<td><b>Material de fabricaci\u00f3n<\/b><\/td>\n<td><span style=\"font-weight: 400;\">Aluminio<\/span><\/td>\n<\/tr>\n<\/tbody>\n<\/table>\n","protected":false},"featured_media":1613,"comment_status":"closed","ping_status":"closed","template":"","meta":{"_acf_changed":false,"inline_featured_image":false},"product_brand":[],"product_cat":[72],"product_tag":[],"class_list":{"0":"post-2337","1":"product","2":"type-product","3":"status-publish","4":"has-post-thumbnail","6":"product_cat-shower-hardware-es","8":"first","9":"instock","10":"taxable","11":"shipping-taxable","12":"purchasable","13":"product-type-variable","14":"has-default-attributes"},"acf":[],"yoast_head":"<!-- This site is optimized with the Yoast SEO plugin v26.9 - https:\/\/yoast.com\/product\/yoast-seo-wordpress\/ -->\n<title>GS U-Channel for 3\/8&#039;&#039; (10mm) or 1\/2&quot; (12mm) Glass - Glassupply (CA)<\/title>\n<meta name=\"robots\" content=\"index, follow, max-snippet:-1, max-image-preview:large, max-video-preview:-1\" \/>\n<link rel=\"canonical\" href=\"https:\/\/glassupply.com\/ca\/es\/producto\/gs-u-channel-for-3-8-10mm-or-1-2-12mm-glass\/\" \/>\n<meta property=\"og:locale\" content=\"es_ES\" \/>\n<meta property=\"og:type\" content=\"article\" \/>\n<meta property=\"og:title\" content=\"GS U-Channel for 3\/8&#039;&#039; (10mm) or 1\/2&quot; (12mm) Glass - Glassupply (CA)\" \/>\n<meta property=\"og:description\" content=\"El Canal en U GS es un producto vers\u00e1til y pr\u00e1ctico dise\u00f1ado para sujetar y estabilizar de forma segura paneles fijos de vidrio en diversas aplicaciones, como mamparas de ducha, divisores de vidrio y vitrinas.  El Canal en U GS est\u00e1 fabricado con aluminio de alta calidad y est\u00e1 disponible en dos tama\u00f1os diferentes para adaptarse a vidrio de 3\/8\u201d (10 mm) o 1\/2\u201d (12 mm).  El Canal en U puede instalarse f\u00e1cilmente utilizando tornillos, adhesivo u otros m\u00e9todos apropiados, y no requiere perforaciones ni cortes en el vidrio; normalmente se fija con silicona transparente.  Nuestro proceso de acabado del herraje de aluminio incluye tres m\u00e9todos de aplicaci\u00f3n diferentes, cada uno de los cuales ofrece un acabado duradero, resistente a la corrosi\u00f3n y visualmente atractivo. Estos m\u00e9todos incluyen anodizado (Negro Mate), cromado (Cromo) y niquelado (N\u00edquel Cepillado). Independientemente de la opci\u00f3n elegida, nuestro proceso de acabado garantiza un resultado hermoso y duradero que cumple con los m\u00e1s altos est\u00e1ndares de calidad y resistencia de la industria, ofreciendo un rendimiento y una apariencia excepcionales.  Instrucciones:  Nuestra longitud est\u00e1ndar de canal en U es de 144\u201d (3.66 m). Para pedidos en l\u00ednea est\u00e1ndar, la longitud m\u00e1xima de env\u00edo es de 98\u201d (2.5 m), embalada en un tubo de cart\u00f3n. Por favor, especifique la longitud de corte deseada abajo para su pedido.  Para Cantidad 1 = 1 canal en U completo de 144\u201d cortado a la longitud especificada + la pieza restante del canal tambi\u00e9n se incluir\u00e1.  Ejemplo: si la cantidad seleccionada = 1 y si la longitud de corte seleccionada = 98\u201d  Recibir\u00e1 1 pieza de canal en U de 98\u201d y 1 pieza de canal en U de 46\u201d (144 - 98 = 46\u201d).  Si necesita una longitud completa o grandes cantidades, por favor cont\u00e1ctenos. Le enviaremos una cotizaci\u00f3n manual de los costos de env\u00edo. ESPECIFICACIONES T\u00c9CNICAS    Espesor del vidrio de seguridad 3\/8\u201d (10 mm) a 1\/2\u201d (12 mm)   Color\/Acabado Cromo, N\u00edquel Cepillado, Negro Mate   Material de fabricaci\u00f3n Aluminio\" \/>\n<meta property=\"og:url\" content=\"https:\/\/glassupply.com\/ca\/es\/producto\/gs-u-channel-for-3-8-10mm-or-1-2-12mm-glass\/\" \/>\n<meta property=\"og:site_name\" content=\"Glassupply (CA)\" \/>\n<meta property=\"article:modified_time\" content=\"2026-02-12T12:38:42+00:00\" \/>\n<meta property=\"og:image\" content=\"https:\/\/glassupply.com\/ca\/wp-content\/uploads\/sites\/5\/2023\/06\/S-UC-10CH-Product-Image.webp\" \/>\n\t<meta property=\"og:image:width\" content=\"2500\" \/>\n\t<meta property=\"og:image:height\" content=\"2500\" \/>\n\t<meta property=\"og:image:type\" content=\"image\/webp\" \/>\n<meta name=\"twitter:card\" content=\"summary_large_image\" \/>\n<meta name=\"twitter:label1\" content=\"Est. reading time\" \/>\n\t<meta name=\"twitter:data1\" content=\"1 minuto\" \/>\n<script type=\"application\/ld+json\" class=\"yoast-schema-graph\">{\"@context\":\"https:\/\/schema.org\",\"@graph\":[{\"@type\":\"WebPage\",\"@id\":\"https:\/\/glassupply.com\/ca\/es\/producto\/gs-u-channel-for-3-8-10mm-or-1-2-12mm-glass\/\",\"url\":\"https:\/\/glassupply.com\/ca\/es\/producto\/gs-u-channel-for-3-8-10mm-or-1-2-12mm-glass\/\",\"name\":\"GS U-Channel for 3\/8'' (10mm) or 1\/2\\\" (12mm) Glass - Glassupply (CA)\",\"isPartOf\":{\"@id\":\"https:\/\/glassupply.com\/ca\/fr\/#website\"},\"primaryImageOfPage\":{\"@id\":\"https:\/\/glassupply.com\/ca\/es\/producto\/gs-u-channel-for-3-8-10mm-or-1-2-12mm-glass\/#primaryimage\"},\"image\":{\"@id\":\"https:\/\/glassupply.com\/ca\/es\/producto\/gs-u-channel-for-3-8-10mm-or-1-2-12mm-glass\/#primaryimage\"},\"thumbnailUrl\":\"https:\/\/glassupply.com\/ca\/wp-content\/uploads\/sites\/5\/2023\/06\/S-UC-10CH-Product-Image.webp\",\"datePublished\":\"2023-06-28T09:26:05+00:00\",\"dateModified\":\"2026-02-12T12:38:42+00:00\",\"breadcrumb\":{\"@id\":\"https:\/\/glassupply.com\/ca\/es\/producto\/gs-u-channel-for-3-8-10mm-or-1-2-12mm-glass\/#breadcrumb\"},\"inLanguage\":\"es\",\"potentialAction\":[{\"@type\":\"ReadAction\",\"target\":[\"https:\/\/glassupply.com\/ca\/es\/producto\/gs-u-channel-for-3-8-10mm-or-1-2-12mm-glass\/\"]}]},{\"@type\":\"ImageObject\",\"inLanguage\":\"es\",\"@id\":\"https:\/\/glassupply.com\/ca\/es\/producto\/gs-u-channel-for-3-8-10mm-or-1-2-12mm-glass\/#primaryimage\",\"url\":\"https:\/\/glassupply.com\/ca\/wp-content\/uploads\/sites\/5\/2023\/06\/S-UC-10CH-Product-Image.webp\",\"contentUrl\":\"https:\/\/glassupply.com\/ca\/wp-content\/uploads\/sites\/5\/2023\/06\/S-UC-10CH-Product-Image.webp\",\"width\":2500,\"height\":2500},{\"@type\":\"BreadcrumbList\",\"@id\":\"https:\/\/glassupply.com\/ca\/es\/producto\/gs-u-channel-for-3-8-10mm-or-1-2-12mm-glass\/#breadcrumb\",\"itemListElement\":[{\"@type\":\"ListItem\",\"position\":1,\"name\":\"Home\",\"item\":\"https:\/\/glassupply.com\/ca\/es\/\"},{\"@type\":\"ListItem\",\"position\":2,\"name\":\"Tienda\",\"item\":\"https:\/\/glassupply.com\/ca\/es\/tienda\/\"},{\"@type\":\"ListItem\",\"position\":3,\"name\":\"GS U-Channel for 3\/8&#8221; (10mm) or 1\/2&#8243; (12mm) Glass\"}]},{\"@type\":\"WebSite\",\"@id\":\"https:\/\/glassupply.com\/ca\/fr\/#website\",\"url\":\"https:\/\/glassupply.com\/ca\/fr\/\",\"name\":\"Glassupply.com\",\"description\":\"From the manufacturer to your doorstep\",\"publisher\":{\"@id\":\"https:\/\/glassupply.com\/ca\/fr\/#organization\"},\"potentialAction\":[{\"@type\":\"SearchAction\",\"target\":{\"@type\":\"EntryPoint\",\"urlTemplate\":\"https:\/\/glassupply.com\/ca\/fr\/?s={search_term_string}\"},\"query-input\":{\"@type\":\"PropertyValueSpecification\",\"valueRequired\":true,\"valueName\":\"search_term_string\"}}],\"inLanguage\":\"es\"},{\"@type\":\"Organization\",\"@id\":\"https:\/\/glassupply.com\/ca\/fr\/#organization\",\"name\":\"Glassupply.com\",\"url\":\"https:\/\/glassupply.com\/ca\/fr\/\",\"logo\":{\"@type\":\"ImageObject\",\"inLanguage\":\"es\",\"@id\":\"https:\/\/glassupply.com\/ca\/fr\/#\/schema\/logo\/image\/\",\"url\":\"https:\/\/staging.glassupply.com\/ca\/wp-content\/uploads\/sites\/5\/2023\/07\/logo.svg\",\"contentUrl\":\"https:\/\/staging.glassupply.com\/ca\/wp-content\/uploads\/sites\/5\/2023\/07\/logo.svg\",\"width\":310,\"height\":24,\"caption\":\"Glassupply.com\"},\"image\":{\"@id\":\"https:\/\/glassupply.com\/ca\/fr\/#\/schema\/logo\/image\/\"}}]}<\/script>\n<!-- \/ Yoast SEO plugin. -->","yoast_head_json":{"title":"GS U-Channel for 3\/8'' (10mm) or 1\/2\" (12mm) Glass - Glassupply (CA)","robots":{"index":"index","follow":"follow","max-snippet":"max-snippet:-1","max-image-preview":"max-image-preview:large","max-video-preview":"max-video-preview:-1"},"canonical":"https:\/\/glassupply.com\/ca\/es\/producto\/gs-u-channel-for-3-8-10mm-or-1-2-12mm-glass\/","og_locale":"es_ES","og_type":"article","og_title":"GS U-Channel for 3\/8'' (10mm) or 1\/2\" (12mm) Glass - Glassupply (CA)","og_description":"El Canal en U GS es un producto vers\u00e1til y pr\u00e1ctico dise\u00f1ado para sujetar y estabilizar de forma segura paneles fijos de vidrio en diversas aplicaciones, como mamparas de ducha, divisores de vidrio y vitrinas.  El Canal en U GS est\u00e1 fabricado con aluminio de alta calidad y est\u00e1 disponible en dos tama\u00f1os diferentes para adaptarse a vidrio de 3\/8\u201d (10 mm) o 1\/2\u201d (12 mm).  El Canal en U puede instalarse f\u00e1cilmente utilizando tornillos, adhesivo u otros m\u00e9todos apropiados, y no requiere perforaciones ni cortes en el vidrio; normalmente se fija con silicona transparente.  Nuestro proceso de acabado del herraje de aluminio incluye tres m\u00e9todos de aplicaci\u00f3n diferentes, cada uno de los cuales ofrece un acabado duradero, resistente a la corrosi\u00f3n y visualmente atractivo. Estos m\u00e9todos incluyen anodizado (Negro Mate), cromado (Cromo) y niquelado (N\u00edquel Cepillado). Independientemente de la opci\u00f3n elegida, nuestro proceso de acabado garantiza un resultado hermoso y duradero que cumple con los m\u00e1s altos est\u00e1ndares de calidad y resistencia de la industria, ofreciendo un rendimiento y una apariencia excepcionales.  Instrucciones:  Nuestra longitud est\u00e1ndar de canal en U es de 144\u201d (3.66 m). Para pedidos en l\u00ednea est\u00e1ndar, la longitud m\u00e1xima de env\u00edo es de 98\u201d (2.5 m), embalada en un tubo de cart\u00f3n. Por favor, especifique la longitud de corte deseada abajo para su pedido.  Para Cantidad 1 = 1 canal en U completo de 144\u201d cortado a la longitud especificada + la pieza restante del canal tambi\u00e9n se incluir\u00e1.  Ejemplo: si la cantidad seleccionada = 1 y si la longitud de corte seleccionada = 98\u201d  Recibir\u00e1 1 pieza de canal en U de 98\u201d y 1 pieza de canal en U de 46\u201d (144 - 98 = 46\u201d).  Si necesita una longitud completa o grandes cantidades, por favor cont\u00e1ctenos. Le enviaremos una cotizaci\u00f3n manual de los costos de env\u00edo. ESPECIFICACIONES T\u00c9CNICAS    Espesor del vidrio de seguridad 3\/8\u201d (10 mm) a 1\/2\u201d (12 mm)   Color\/Acabado Cromo, N\u00edquel Cepillado, Negro Mate   Material de fabricaci\u00f3n Aluminio","og_url":"https:\/\/glassupply.com\/ca\/es\/producto\/gs-u-channel-for-3-8-10mm-or-1-2-12mm-glass\/","og_site_name":"Glassupply (CA)","article_modified_time":"2026-02-12T12:38:42+00:00","og_image":[{"width":2500,"height":2500,"url":"https:\/\/glassupply.com\/ca\/wp-content\/uploads\/sites\/5\/2023\/06\/S-UC-10CH-Product-Image.webp","type":"image\/webp"}],"twitter_card":"summary_large_image","twitter_misc":{"Est. reading time":"1 minuto"},"schema":{"@context":"https:\/\/schema.org","@graph":[{"@type":"WebPage","@id":"https:\/\/glassupply.com\/ca\/es\/producto\/gs-u-channel-for-3-8-10mm-or-1-2-12mm-glass\/","url":"https:\/\/glassupply.com\/ca\/es\/producto\/gs-u-channel-for-3-8-10mm-or-1-2-12mm-glass\/","name":"GS U-Channel for 3\/8'' (10mm) or 1\/2\" (12mm) Glass - Glassupply (CA)","isPartOf":{"@id":"https:\/\/glassupply.com\/ca\/fr\/#website"},"primaryImageOfPage":{"@id":"https:\/\/glassupply.com\/ca\/es\/producto\/gs-u-channel-for-3-8-10mm-or-1-2-12mm-glass\/#primaryimage"},"image":{"@id":"https:\/\/glassupply.com\/ca\/es\/producto\/gs-u-channel-for-3-8-10mm-or-1-2-12mm-glass\/#primaryimage"},"thumbnailUrl":"https:\/\/glassupply.com\/ca\/wp-content\/uploads\/sites\/5\/2023\/06\/S-UC-10CH-Product-Image.webp","datePublished":"2023-06-28T09:26:05+00:00","dateModified":"2026-02-12T12:38:42+00:00","breadcrumb":{"@id":"https:\/\/glassupply.com\/ca\/es\/producto\/gs-u-channel-for-3-8-10mm-or-1-2-12mm-glass\/#breadcrumb"},"inLanguage":"es","potentialAction":[{"@type":"ReadAction","target":["https:\/\/glassupply.com\/ca\/es\/producto\/gs-u-channel-for-3-8-10mm-or-1-2-12mm-glass\/"]}]},{"@type":"ImageObject","inLanguage":"es","@id":"https:\/\/glassupply.com\/ca\/es\/producto\/gs-u-channel-for-3-8-10mm-or-1-2-12mm-glass\/#primaryimage","url":"https:\/\/glassupply.com\/ca\/wp-content\/uploads\/sites\/5\/2023\/06\/S-UC-10CH-Product-Image.webp","contentUrl":"https:\/\/glassupply.com\/ca\/wp-content\/uploads\/sites\/5\/2023\/06\/S-UC-10CH-Product-Image.webp","width":2500,"height":2500},{"@type":"BreadcrumbList","@id":"https:\/\/glassupply.com\/ca\/es\/producto\/gs-u-channel-for-3-8-10mm-or-1-2-12mm-glass\/#breadcrumb","itemListElement":[{"@type":"ListItem","position":1,"name":"Home","item":"https:\/\/glassupply.com\/ca\/es\/"},{"@type":"ListItem","position":2,"name":"Tienda","item":"https:\/\/glassupply.com\/ca\/es\/tienda\/"},{"@type":"ListItem","position":3,"name":"GS U-Channel for 3\/8&#8221; (10mm) or 1\/2&#8243; (12mm) Glass"}]},{"@type":"WebSite","@id":"https:\/\/glassupply.com\/ca\/fr\/#website","url":"https:\/\/glassupply.com\/ca\/fr\/","name":"Glassupply.com","description":"From the manufacturer to your doorstep","publisher":{"@id":"https:\/\/glassupply.com\/ca\/fr\/#organization"},"potentialAction":[{"@type":"SearchAction","target":{"@type":"EntryPoint","urlTemplate":"https:\/\/glassupply.com\/ca\/fr\/?s={search_term_string}"},"query-input":{"@type":"PropertyValueSpecification","valueRequired":true,"valueName":"search_term_string"}}],"inLanguage":"es"},{"@type":"Organization","@id":"https:\/\/glassupply.com\/ca\/fr\/#organization","name":"Glassupply.com","url":"https:\/\/glassupply.com\/ca\/fr\/","logo":{"@type":"ImageObject","inLanguage":"es","@id":"https:\/\/glassupply.com\/ca\/fr\/#\/schema\/logo\/image\/","url":"https:\/\/staging.glassupply.com\/ca\/wp-content\/uploads\/sites\/5\/2023\/07\/logo.svg","contentUrl":"https:\/\/staging.glassupply.com\/ca\/wp-content\/uploads\/sites\/5\/2023\/07\/logo.svg","width":310,"height":24,"caption":"Glassupply.com"},"image":{"@id":"https:\/\/glassupply.com\/ca\/fr\/#\/schema\/logo\/image\/"}}]}},"_links":{"self":[{"href":"https:\/\/glassupply.com\/ca\/es\/wp-json\/wp\/v2\/product\/2337","targetHints":{"allow":["GET"]}}],"collection":[{"href":"https:\/\/glassupply.com\/ca\/es\/wp-json\/wp\/v2\/product"}],"about":[{"href":"https:\/\/glassupply.com\/ca\/es\/wp-json\/wp\/v2\/types\/product"}],"replies":[{"embeddable":true,"href":"https:\/\/glassupply.com\/ca\/es\/wp-json\/wp\/v2\/comments?post=2337"}],"wp:featuredmedia":[{"embeddable":true,"href":"https:\/\/glassupply.com\/ca\/es\/wp-json\/wp\/v2\/media\/1613"}],"wp:attachment":[{"href":"https:\/\/glassupply.com\/ca\/es\/wp-json\/wp\/v2\/media?parent=2337"}],"wp:term":[{"taxonomy":"product_brand","embeddable":true,"href":"https:\/\/glassupply.com\/ca\/es\/wp-json\/wp\/v2\/product_brand?post=2337"},{"taxonomy":"product_cat","embeddable":true,"href":"https:\/\/glassupply.com\/ca\/es\/wp-json\/wp\/v2\/product_cat?post=2337"},{"taxonomy":"product_tag","embeddable":true,"href":"https:\/\/glassupply.com\/ca\/es\/wp-json\/wp\/v2\/product_tag?post=2337"}],"curies":[{"name":"wp","href":"https:\/\/api.w.org\/{rel}","templated":true}]}}