{"id":2352,"date":"2023-06-28T09:25:55","date_gmt":"2023-06-28T14:25:55","guid":{"rendered":"https:\/\/staging.glassupply.com\/ca\/product\/gs-90-glass-to-glass-square-hinge\/"},"modified":"2025-06-06T01:20:37","modified_gmt":"2025-06-06T06:20:37","slug":"gs-90-glass-to-glass-square-hinge","status":"publish","type":"product","link":"https:\/\/glassupply.com\/ca\/es\/producto\/gs-90-glass-to-glass-square-hinge\/","title":{"rendered":"GS 90\u00b0 Glass to Glass Square Hinge"},"content":{"rendered":"","protected":false},"excerpt":{"rendered":"<p><span style=\"font-weight: 400;\">La bisagra cuadrada de vidrio a vidrio GS 90\u00b0 est\u00e1 dise\u00f1ada para montar una puerta de vidrio en un panel fijo de vidrio adyacente y permite una separaci\u00f3n de vidrio a vidrio de 5\/32\u201d (4 mm) a 5\/16\u201d (8 mm).<\/span><\/p>\n<p><span style=\"font-weight: 400;\">Esta bisagra de alta gama<\/span><span style=\"font-weight: 400;\"> es auto-centrante, contiene un pasador de pivote reversible de 5 grados y est\u00e1 fabricada en lat\u00f3n macizo, con todas las piezas m\u00f3viles (pasadores y resortes) en acero inoxidable.<\/span><\/p>\n<p><b>Pasador de pivote reversible est\u00e1ndar<\/b><\/p>\n<p><span style=\"font-weight: 400;\">La bisagra cuadrada de vidrio a vidrio GS 90\u00b0<\/span><span style=\"font-weight: 400;\"> contiene un pasador de pivote reversible. Un lado del pasador est\u00e1 marcado con 90 grados. El lado opuesto est\u00e1 marcado con 85 grados.<\/span><\/p>\n<p><span style=\"font-weight: 400;\">La bisagra viene preconfigurada con el lado de 90 grados activado como configuraci\u00f3n predeterminada. Esto significa que, cuando se activa el resorte auto-centrante, la puerta se detendr\u00e1 en una posici\u00f3n cerrada y formar\u00e1 una l\u00ednea recta (tambi\u00e9n conocida como 90\u00b0 o 0\u00b0).<\/span><\/p>\n<p><span style=\"font-weight: 400;\">Sin embargo, el pasador puede rotarse para activar el otro lado (85\u00b0), lo que har\u00eda que la puerta se detenga en una posici\u00f3n cerrada que est\u00e1 5\u00b0 m\u00e1s all\u00e1 de la l\u00ednea recta. Es importante tener en cuenta que el pasador no debe girarse al rev\u00e9s. El lado de 85 grados del pasador de pivote se activa generalmente para lograr un sello m\u00e1s herm\u00e9tico con ciertos tipos de empaques de ducha.<\/span><\/p>\n<p><b>Usando dos bisagras<\/b><\/p>\n<p><span style=\"font-weight: 400;\">Con vidrio de 5\/16\u2033 a 1\/2\u2033 (8 a 12 mm), la bisagra soportar\u00e1 hasta 90 lbs (41 kg) con un ancho m\u00e1ximo de puerta de 32\u2033 (813 mm).<\/span><\/p>\n<p><b>Usando tres bisagras<\/b><\/p>\n<p><span style=\"font-weight: 400;\">Con vidrio de 5\/16\u2033 a 1\/2\u2033 (8 a 12 mm), la bisagra soportar\u00e1 hasta 130 lbs (59 kg) con un ancho m\u00e1ximo de puerta de 36\u2033 (915 mm).<\/span><\/p>\n<p><b>Incluye<\/b><span style=\"font-weight: 400;\">:\u00a0<\/span><\/p>\n<p><span style=\"font-weight: 400;\">Juntas para todos los grosores de vidrio, tornillos, tacos pl\u00e1sticos para pared.<\/span><\/p>\n<p><span style=\"font-weight: 400;\">Tenga en cuenta que se requiere fabricaci\u00f3n del vidrio para acomodar la bisagra.<\/span><\/p>\n<p><span style=\"font-weight: 400;\">Nuestro proceso de acabado del herraje para ducha incluye tres m\u00e9todos de aplicaci\u00f3n diferentes, cada uno con un acabado duradero, resistente a la corrosi\u00f3n y visualmente atractivo. Estos m\u00e9todos incluyen la electroforesis (Negro Mate), el cromado (Cromo) y el niquelado (N\u00edquel Cepillado). Independientemente de la opci\u00f3n elegida, nuestro proceso de acabado garantiza un acabado hermoso y duradero que cumple con los m\u00e1s altos est\u00e1ndares de calidad y durabilidad de la industria, brindando un rendimiento y atractivo visual excepcionales.<\/span><\/p>\n<h2><b>ESPECIFICACIONES T\u00c9CNICAS<\/b><\/h2>\n<table>\n<tbody>\n<tr>\n<td><b>Espesor del vidrio de seguridad<\/b><\/td>\n<td><span style=\"font-weight: 400;\">5\/16\u201d (8 mm) a 1\/2\u201d (12 mm)<\/span><\/td>\n<\/tr>\n<tr>\n<td><b>Color\/Acabado<\/b><\/td>\n<td><span style=\"font-weight: 400;\">Cromo, N\u00edquel Cepillado, Negro Mate<\/span><\/td>\n<\/tr>\n<tr>\n<td><b>Prueba de durabilidad\/vida \u00fatil<\/b><\/td>\n<td><span style=\"font-weight: 400;\">50000 ciclos de apertura\/cierre*<\/span><\/td>\n<\/tr>\n<tr>\n<td><b>Material de fabricaci\u00f3n<\/b><\/td>\n<td><span style=\"font-weight: 400;\">Lat\u00f3n macizo<\/span><\/td>\n<\/tr>\n<tr>\n<td><b>Tipo de apertura<\/b><\/td>\n<td><span style=\"font-weight: 400;\">90<\/span><span style=\"font-weight: 400;\">\u00b0 <\/span><span style=\"font-weight: 400;\">hacia dentro y 90<\/span><span style=\"font-weight: 400;\">\u00b0<\/span><span style=\"font-weight: 400;\"> hacia fuera<\/span><\/td>\n<\/tr>\n<tr>\n<td><b>Tipo de cierre<\/b><\/td>\n<td><span style=\"font-weight: 400;\">Auto-centrante dentro de los 15 grados de la posici\u00f3n cerrada<\/span><\/td>\n<\/tr>\n<\/tbody>\n<\/table>\n<p><span style=\"font-weight: 400;\">*El t\u00e9rmino \u201c50000 ciclos de apertura\/cierre\u201d es una prueba com\u00fanmente utilizada para medir la durabilidad y vida \u00fatil de las bisagras de puertas. Significa que la bisagra ha sido probada para soportar la apertura y cierre de la puerta 50.000 veces sin fallos ni signos de desgaste.<\/span><\/p>\n","protected":false},"featured_media":6180,"comment_status":"open","ping_status":"closed","template":"","meta":{"_acf_changed":false,"inline_featured_image":false},"product_brand":[],"product_cat":[72],"product_tag":[],"class_list":{"0":"post-2352","1":"product","2":"type-product","3":"status-publish","4":"has-post-thumbnail","6":"product_cat-shower-hardware-es","8":"first","9":"instock","10":"taxable","11":"shipping-taxable","12":"purchasable","13":"product-type-variable","14":"has-default-attributes"},"acf":[],"yoast_head":"<!-- This site is optimized with the Yoast SEO plugin v26.9 - https:\/\/yoast.com\/product\/yoast-seo-wordpress\/ -->\n<title>GS 90\u00b0 Glass to Glass Square Hinge - Glassupply (CA)<\/title>\n<meta name=\"robots\" content=\"index, follow, max-snippet:-1, max-image-preview:large, max-video-preview:-1\" \/>\n<link rel=\"canonical\" href=\"https:\/\/glassupply.com\/ca\/es\/producto\/gs-90-glass-to-glass-square-hinge\/\" \/>\n<meta property=\"og:locale\" content=\"es_ES\" \/>\n<meta property=\"og:type\" content=\"article\" \/>\n<meta property=\"og:title\" content=\"GS 90\u00b0 Glass to Glass Square Hinge - Glassupply (CA)\" \/>\n<meta property=\"og:description\" content=\"La bisagra cuadrada de vidrio a vidrio GS 90\u00b0 est\u00e1 dise\u00f1ada para montar una puerta de vidrio en un panel fijo de vidrio adyacente y permite una separaci\u00f3n de vidrio a vidrio de 5\/32\u201d (4 mm) a 5\/16\u201d (8 mm).  Esta bisagra de alta gama es auto-centrante, contiene un pasador de pivote reversible de 5 grados y est\u00e1 fabricada en lat\u00f3n macizo, con todas las piezas m\u00f3viles (pasadores y resortes) en acero inoxidable.  Pasador de pivote reversible est\u00e1ndar  La bisagra cuadrada de vidrio a vidrio GS 90\u00b0 contiene un pasador de pivote reversible. Un lado del pasador est\u00e1 marcado con 90 grados. El lado opuesto est\u00e1 marcado con 85 grados.  La bisagra viene preconfigurada con el lado de 90 grados activado como configuraci\u00f3n predeterminada. Esto significa que, cuando se activa el resorte auto-centrante, la puerta se detendr\u00e1 en una posici\u00f3n cerrada y formar\u00e1 una l\u00ednea recta (tambi\u00e9n conocida como 90\u00b0 o 0\u00b0).  Sin embargo, el pasador puede rotarse para activar el otro lado (85\u00b0), lo que har\u00eda que la puerta se detenga en una posici\u00f3n cerrada que est\u00e1 5\u00b0 m\u00e1s all\u00e1 de la l\u00ednea recta. Es importante tener en cuenta que el pasador no debe girarse al rev\u00e9s. El lado de 85 grados del pasador de pivote se activa generalmente para lograr un sello m\u00e1s herm\u00e9tico con ciertos tipos de empaques de ducha.  Usando dos bisagras  Con vidrio de 5\/16\u2033 a 1\/2\u2033 (8 a 12 mm), la bisagra soportar\u00e1 hasta 90 lbs (41 kg) con un ancho m\u00e1ximo de puerta de 32\u2033 (813 mm).  Usando tres bisagras  Con vidrio de 5\/16\u2033 a 1\/2\u2033 (8 a 12 mm), la bisagra soportar\u00e1 hasta 130 lbs (59 kg) con un ancho m\u00e1ximo de puerta de 36\u2033 (915 mm).  Incluye:\u00a0  Juntas para todos los grosores de vidrio, tornillos, tacos pl\u00e1sticos para pared.  Tenga en cuenta que se requiere fabricaci\u00f3n del vidrio para acomodar la bisagra.  Nuestro proceso de acabado del herraje para ducha incluye tres m\u00e9todos de aplicaci\u00f3n diferentes, cada uno con un acabado duradero, resistente a la corrosi\u00f3n y visualmente atractivo. Estos m\u00e9todos incluyen la electroforesis (Negro Mate), el cromado (Cromo) y el niquelado (N\u00edquel Cepillado). Independientemente de la opci\u00f3n elegida, nuestro proceso de acabado garantiza un acabado hermoso y duradero que cumple con los m\u00e1s altos est\u00e1ndares de calidad y durabilidad de la industria, brindando un rendimiento y atractivo visual excepcionales. ESPECIFICACIONES T\u00c9CNICAS    Espesor del vidrio de seguridad 5\/16\u201d (8 mm) a 1\/2\u201d (12 mm)   Color\/Acabado Cromo, N\u00edquel Cepillado, Negro Mate   Prueba de durabilidad\/vida \u00fatil 50000 ciclos de apertura\/cierre*   Material de fabricaci\u00f3n Lat\u00f3n macizo   Tipo de apertura 90\u00b0 hacia dentro y 90\u00b0 hacia fuera   Tipo de cierre Auto-centrante dentro de los 15 grados de la posici\u00f3n cerrada    *El t\u00e9rmino \u201c50000 ciclos de apertura\/cierre\u201d es una prueba com\u00fanmente utilizada para medir la durabilidad y vida \u00fatil de las bisagras de puertas. Significa que la bisagra ha sido probada para soportar la apertura y cierre de la puerta 50.000 veces sin fallos ni signos de desgaste.\" \/>\n<meta property=\"og:url\" content=\"https:\/\/glassupply.com\/ca\/es\/producto\/gs-90-glass-to-glass-square-hinge\/\" \/>\n<meta property=\"og:site_name\" content=\"Glassupply (CA)\" \/>\n<meta property=\"article:modified_time\" content=\"2025-06-06T06:20:37+00:00\" \/>\n<meta property=\"og:image\" content=\"https:\/\/glassupply.com\/ca\/wp-content\/uploads\/sites\/5\/2024\/04\/SHIGG90CH.webp\" \/>\n\t<meta property=\"og:image:width\" content=\"2000\" \/>\n\t<meta property=\"og:image:height\" content=\"2000\" \/>\n\t<meta property=\"og:image:type\" content=\"image\/webp\" \/>\n<meta name=\"twitter:card\" content=\"summary_large_image\" \/>\n<meta name=\"twitter:label1\" content=\"Est. reading time\" \/>\n\t<meta name=\"twitter:data1\" content=\"1 minuto\" \/>\n<script type=\"application\/ld+json\" class=\"yoast-schema-graph\">{\"@context\":\"https:\/\/schema.org\",\"@graph\":[{\"@type\":\"WebPage\",\"@id\":\"https:\/\/glassupply.com\/ca\/es\/producto\/gs-90-glass-to-glass-square-hinge\/\",\"url\":\"https:\/\/glassupply.com\/ca\/es\/producto\/gs-90-glass-to-glass-square-hinge\/\",\"name\":\"GS 90\u00b0 Glass to Glass Square Hinge - Glassupply (CA)\",\"isPartOf\":{\"@id\":\"https:\/\/glassupply.com\/ca\/fr\/#website\"},\"primaryImageOfPage\":{\"@id\":\"https:\/\/glassupply.com\/ca\/es\/producto\/gs-90-glass-to-glass-square-hinge\/#primaryimage\"},\"image\":{\"@id\":\"https:\/\/glassupply.com\/ca\/es\/producto\/gs-90-glass-to-glass-square-hinge\/#primaryimage\"},\"thumbnailUrl\":\"https:\/\/glassupply.com\/ca\/wp-content\/uploads\/sites\/5\/2024\/04\/SHIGG90CH.webp\",\"datePublished\":\"2023-06-28T14:25:55+00:00\",\"dateModified\":\"2025-06-06T06:20:37+00:00\",\"breadcrumb\":{\"@id\":\"https:\/\/glassupply.com\/ca\/es\/producto\/gs-90-glass-to-glass-square-hinge\/#breadcrumb\"},\"inLanguage\":\"es\",\"potentialAction\":[{\"@type\":\"ReadAction\",\"target\":[\"https:\/\/glassupply.com\/ca\/es\/producto\/gs-90-glass-to-glass-square-hinge\/\"]}]},{\"@type\":\"ImageObject\",\"inLanguage\":\"es\",\"@id\":\"https:\/\/glassupply.com\/ca\/es\/producto\/gs-90-glass-to-glass-square-hinge\/#primaryimage\",\"url\":\"https:\/\/glassupply.com\/ca\/wp-content\/uploads\/sites\/5\/2024\/04\/SHIGG90CH.webp\",\"contentUrl\":\"https:\/\/glassupply.com\/ca\/wp-content\/uploads\/sites\/5\/2024\/04\/SHIGG90CH.webp\",\"width\":2000,\"height\":2000},{\"@type\":\"BreadcrumbList\",\"@id\":\"https:\/\/glassupply.com\/ca\/es\/producto\/gs-90-glass-to-glass-square-hinge\/#breadcrumb\",\"itemListElement\":[{\"@type\":\"ListItem\",\"position\":1,\"name\":\"Home\",\"item\":\"https:\/\/glassupply.com\/ca\/es\/\"},{\"@type\":\"ListItem\",\"position\":2,\"name\":\"Tienda\",\"item\":\"https:\/\/glassupply.com\/ca\/es\/tienda\/\"},{\"@type\":\"ListItem\",\"position\":3,\"name\":\"GS 90\u00b0 Glass to Glass Square Hinge\"}]},{\"@type\":\"WebSite\",\"@id\":\"https:\/\/glassupply.com\/ca\/fr\/#website\",\"url\":\"https:\/\/glassupply.com\/ca\/fr\/\",\"name\":\"Glassupply.com\",\"description\":\"From the manufacturer to your doorstep\",\"publisher\":{\"@id\":\"https:\/\/glassupply.com\/ca\/fr\/#organization\"},\"potentialAction\":[{\"@type\":\"SearchAction\",\"target\":{\"@type\":\"EntryPoint\",\"urlTemplate\":\"https:\/\/glassupply.com\/ca\/fr\/?s={search_term_string}\"},\"query-input\":{\"@type\":\"PropertyValueSpecification\",\"valueRequired\":true,\"valueName\":\"search_term_string\"}}],\"inLanguage\":\"es\"},{\"@type\":\"Organization\",\"@id\":\"https:\/\/glassupply.com\/ca\/fr\/#organization\",\"name\":\"Glassupply.com\",\"url\":\"https:\/\/glassupply.com\/ca\/fr\/\",\"logo\":{\"@type\":\"ImageObject\",\"inLanguage\":\"es\",\"@id\":\"https:\/\/glassupply.com\/ca\/fr\/#\/schema\/logo\/image\/\",\"url\":\"https:\/\/staging.glassupply.com\/ca\/wp-content\/uploads\/sites\/5\/2023\/07\/logo.svg\",\"contentUrl\":\"https:\/\/staging.glassupply.com\/ca\/wp-content\/uploads\/sites\/5\/2023\/07\/logo.svg\",\"width\":310,\"height\":24,\"caption\":\"Glassupply.com\"},\"image\":{\"@id\":\"https:\/\/glassupply.com\/ca\/fr\/#\/schema\/logo\/image\/\"}}]}<\/script>\n<!-- \/ Yoast SEO plugin. -->","yoast_head_json":{"title":"GS 90\u00b0 Glass to Glass Square Hinge - Glassupply (CA)","robots":{"index":"index","follow":"follow","max-snippet":"max-snippet:-1","max-image-preview":"max-image-preview:large","max-video-preview":"max-video-preview:-1"},"canonical":"https:\/\/glassupply.com\/ca\/es\/producto\/gs-90-glass-to-glass-square-hinge\/","og_locale":"es_ES","og_type":"article","og_title":"GS 90\u00b0 Glass to Glass Square Hinge - Glassupply (CA)","og_description":"La bisagra cuadrada de vidrio a vidrio GS 90\u00b0 est\u00e1 dise\u00f1ada para montar una puerta de vidrio en un panel fijo de vidrio adyacente y permite una separaci\u00f3n de vidrio a vidrio de 5\/32\u201d (4 mm) a 5\/16\u201d (8 mm).  Esta bisagra de alta gama es auto-centrante, contiene un pasador de pivote reversible de 5 grados y est\u00e1 fabricada en lat\u00f3n macizo, con todas las piezas m\u00f3viles (pasadores y resortes) en acero inoxidable.  Pasador de pivote reversible est\u00e1ndar  La bisagra cuadrada de vidrio a vidrio GS 90\u00b0 contiene un pasador de pivote reversible. Un lado del pasador est\u00e1 marcado con 90 grados. El lado opuesto est\u00e1 marcado con 85 grados.  La bisagra viene preconfigurada con el lado de 90 grados activado como configuraci\u00f3n predeterminada. Esto significa que, cuando se activa el resorte auto-centrante, la puerta se detendr\u00e1 en una posici\u00f3n cerrada y formar\u00e1 una l\u00ednea recta (tambi\u00e9n conocida como 90\u00b0 o 0\u00b0).  Sin embargo, el pasador puede rotarse para activar el otro lado (85\u00b0), lo que har\u00eda que la puerta se detenga en una posici\u00f3n cerrada que est\u00e1 5\u00b0 m\u00e1s all\u00e1 de la l\u00ednea recta. Es importante tener en cuenta que el pasador no debe girarse al rev\u00e9s. El lado de 85 grados del pasador de pivote se activa generalmente para lograr un sello m\u00e1s herm\u00e9tico con ciertos tipos de empaques de ducha.  Usando dos bisagras  Con vidrio de 5\/16\u2033 a 1\/2\u2033 (8 a 12 mm), la bisagra soportar\u00e1 hasta 90 lbs (41 kg) con un ancho m\u00e1ximo de puerta de 32\u2033 (813 mm).  Usando tres bisagras  Con vidrio de 5\/16\u2033 a 1\/2\u2033 (8 a 12 mm), la bisagra soportar\u00e1 hasta 130 lbs (59 kg) con un ancho m\u00e1ximo de puerta de 36\u2033 (915 mm).  Incluye:\u00a0  Juntas para todos los grosores de vidrio, tornillos, tacos pl\u00e1sticos para pared.  Tenga en cuenta que se requiere fabricaci\u00f3n del vidrio para acomodar la bisagra.  Nuestro proceso de acabado del herraje para ducha incluye tres m\u00e9todos de aplicaci\u00f3n diferentes, cada uno con un acabado duradero, resistente a la corrosi\u00f3n y visualmente atractivo. Estos m\u00e9todos incluyen la electroforesis (Negro Mate), el cromado (Cromo) y el niquelado (N\u00edquel Cepillado). Independientemente de la opci\u00f3n elegida, nuestro proceso de acabado garantiza un acabado hermoso y duradero que cumple con los m\u00e1s altos est\u00e1ndares de calidad y durabilidad de la industria, brindando un rendimiento y atractivo visual excepcionales. ESPECIFICACIONES T\u00c9CNICAS    Espesor del vidrio de seguridad 5\/16\u201d (8 mm) a 1\/2\u201d (12 mm)   Color\/Acabado Cromo, N\u00edquel Cepillado, Negro Mate   Prueba de durabilidad\/vida \u00fatil 50000 ciclos de apertura\/cierre*   Material de fabricaci\u00f3n Lat\u00f3n macizo   Tipo de apertura 90\u00b0 hacia dentro y 90\u00b0 hacia fuera   Tipo de cierre Auto-centrante dentro de los 15 grados de la posici\u00f3n cerrada    *El t\u00e9rmino \u201c50000 ciclos de apertura\/cierre\u201d es una prueba com\u00fanmente utilizada para medir la durabilidad y vida \u00fatil de las bisagras de puertas. Significa que la bisagra ha sido probada para soportar la apertura y cierre de la puerta 50.000 veces sin fallos ni signos de desgaste.","og_url":"https:\/\/glassupply.com\/ca\/es\/producto\/gs-90-glass-to-glass-square-hinge\/","og_site_name":"Glassupply (CA)","article_modified_time":"2025-06-06T06:20:37+00:00","og_image":[{"width":2000,"height":2000,"url":"https:\/\/glassupply.com\/ca\/wp-content\/uploads\/sites\/5\/2024\/04\/SHIGG90CH.webp","type":"image\/webp"}],"twitter_card":"summary_large_image","twitter_misc":{"Est. reading time":"1 minuto"},"schema":{"@context":"https:\/\/schema.org","@graph":[{"@type":"WebPage","@id":"https:\/\/glassupply.com\/ca\/es\/producto\/gs-90-glass-to-glass-square-hinge\/","url":"https:\/\/glassupply.com\/ca\/es\/producto\/gs-90-glass-to-glass-square-hinge\/","name":"GS 90\u00b0 Glass to Glass Square Hinge - Glassupply (CA)","isPartOf":{"@id":"https:\/\/glassupply.com\/ca\/fr\/#website"},"primaryImageOfPage":{"@id":"https:\/\/glassupply.com\/ca\/es\/producto\/gs-90-glass-to-glass-square-hinge\/#primaryimage"},"image":{"@id":"https:\/\/glassupply.com\/ca\/es\/producto\/gs-90-glass-to-glass-square-hinge\/#primaryimage"},"thumbnailUrl":"https:\/\/glassupply.com\/ca\/wp-content\/uploads\/sites\/5\/2024\/04\/SHIGG90CH.webp","datePublished":"2023-06-28T14:25:55+00:00","dateModified":"2025-06-06T06:20:37+00:00","breadcrumb":{"@id":"https:\/\/glassupply.com\/ca\/es\/producto\/gs-90-glass-to-glass-square-hinge\/#breadcrumb"},"inLanguage":"es","potentialAction":[{"@type":"ReadAction","target":["https:\/\/glassupply.com\/ca\/es\/producto\/gs-90-glass-to-glass-square-hinge\/"]}]},{"@type":"ImageObject","inLanguage":"es","@id":"https:\/\/glassupply.com\/ca\/es\/producto\/gs-90-glass-to-glass-square-hinge\/#primaryimage","url":"https:\/\/glassupply.com\/ca\/wp-content\/uploads\/sites\/5\/2024\/04\/SHIGG90CH.webp","contentUrl":"https:\/\/glassupply.com\/ca\/wp-content\/uploads\/sites\/5\/2024\/04\/SHIGG90CH.webp","width":2000,"height":2000},{"@type":"BreadcrumbList","@id":"https:\/\/glassupply.com\/ca\/es\/producto\/gs-90-glass-to-glass-square-hinge\/#breadcrumb","itemListElement":[{"@type":"ListItem","position":1,"name":"Home","item":"https:\/\/glassupply.com\/ca\/es\/"},{"@type":"ListItem","position":2,"name":"Tienda","item":"https:\/\/glassupply.com\/ca\/es\/tienda\/"},{"@type":"ListItem","position":3,"name":"GS 90\u00b0 Glass to Glass Square Hinge"}]},{"@type":"WebSite","@id":"https:\/\/glassupply.com\/ca\/fr\/#website","url":"https:\/\/glassupply.com\/ca\/fr\/","name":"Glassupply.com","description":"From the manufacturer to your doorstep","publisher":{"@id":"https:\/\/glassupply.com\/ca\/fr\/#organization"},"potentialAction":[{"@type":"SearchAction","target":{"@type":"EntryPoint","urlTemplate":"https:\/\/glassupply.com\/ca\/fr\/?s={search_term_string}"},"query-input":{"@type":"PropertyValueSpecification","valueRequired":true,"valueName":"search_term_string"}}],"inLanguage":"es"},{"@type":"Organization","@id":"https:\/\/glassupply.com\/ca\/fr\/#organization","name":"Glassupply.com","url":"https:\/\/glassupply.com\/ca\/fr\/","logo":{"@type":"ImageObject","inLanguage":"es","@id":"https:\/\/glassupply.com\/ca\/fr\/#\/schema\/logo\/image\/","url":"https:\/\/staging.glassupply.com\/ca\/wp-content\/uploads\/sites\/5\/2023\/07\/logo.svg","contentUrl":"https:\/\/staging.glassupply.com\/ca\/wp-content\/uploads\/sites\/5\/2023\/07\/logo.svg","width":310,"height":24,"caption":"Glassupply.com"},"image":{"@id":"https:\/\/glassupply.com\/ca\/fr\/#\/schema\/logo\/image\/"}}]}},"_links":{"self":[{"href":"https:\/\/glassupply.com\/ca\/es\/wp-json\/wp\/v2\/product\/2352","targetHints":{"allow":["GET"]}}],"collection":[{"href":"https:\/\/glassupply.com\/ca\/es\/wp-json\/wp\/v2\/product"}],"about":[{"href":"https:\/\/glassupply.com\/ca\/es\/wp-json\/wp\/v2\/types\/product"}],"replies":[{"embeddable":true,"href":"https:\/\/glassupply.com\/ca\/es\/wp-json\/wp\/v2\/comments?post=2352"}],"wp:featuredmedia":[{"embeddable":true,"href":"https:\/\/glassupply.com\/ca\/es\/wp-json\/wp\/v2\/media\/6180"}],"wp:attachment":[{"href":"https:\/\/glassupply.com\/ca\/es\/wp-json\/wp\/v2\/media?parent=2352"}],"wp:term":[{"taxonomy":"product_brand","embeddable":true,"href":"https:\/\/glassupply.com\/ca\/es\/wp-json\/wp\/v2\/product_brand?post=2352"},{"taxonomy":"product_cat","embeddable":true,"href":"https:\/\/glassupply.com\/ca\/es\/wp-json\/wp\/v2\/product_cat?post=2352"},{"taxonomy":"product_tag","embeddable":true,"href":"https:\/\/glassupply.com\/ca\/es\/wp-json\/wp\/v2\/product_tag?post=2352"}],"curies":[{"name":"wp","href":"https:\/\/api.w.org\/{rel}","templated":true}]}}