{"id":2381,"date":"2023-06-28T09:25:55","date_gmt":"2023-06-28T14:25:55","guid":{"rendered":"https:\/\/staging.glassupply.com\/ca\/product\/mirror-adhesive-double-face-tape-installation-kit\/"},"modified":"2026-01-24T10:07:03","modified_gmt":"2026-01-24T15:07:03","slug":"mirror-adhesive-double-face-tape-installation-kit","status":"publish","type":"product","link":"https:\/\/glassupply.com\/ca\/es\/producto\/mirror-adhesive-double-face-tape-installation-kit\/","title":{"rendered":"Mirror Adhesive &amp; Double Face Tape Installation Kit"},"content":{"rendered":"","protected":false},"excerpt":{"rendered":"<p>Esta es la combinaci\u00f3n definitiva de productos para la instalaci\u00f3n de espejos sin marco (hasta 48\u00bb x 96\u00bb o 32 pies cuadrados). Esta cinta de espuma de doble cara para montaje de espejos est\u00e1 dise\u00f1ada para sostener temporalmente los espejos mientras el masticado se cura.<\/p>\n<p>&#8211; Esta <strong>cinta adhesiva de doble cara<\/strong> combina espuma con adhesivo acr\u00edlico.<\/p>\n<p>&#8211; Ofrece una adhesi\u00f3n superior y un alto poder de sujeci\u00f3n al corte.<\/p>\n<p>&#8211; Esta cinta mantiene su fuerza bajo condiciones extremas de calor y fr\u00edo, y no se despega ni absorbe humedad.<\/p>\n<p>&#8211; Aplicar sobre superficies limpias, secas, lisas o irregulares.<\/p>\n<p><strong>Mirro-Mastic\u00ae<\/strong> es el est\u00e1ndar de la industria en adhesivos de mastic de alta calidad. Formulado para adherir espejos de vidrio y acr\u00edlico a varios sustratos, Mirro-Mastic ha sido probado en laboratorio y en campo para garantizar su compatibilidad con todas las principales marcas de espejos y pinturas de respaldo.<\/p>\n<p><strong>VENTAJAS Y BENEFICIOS<\/strong><\/p>\n<p>&#8211; Formulado para uso en espejos de vidrio y acr\u00edlico.<\/p>\n<p>&#8211; No da\u00f1a el plateado del espejo.<\/p>\n<p>&#8211; Permanece activo, no se agrieta ni se seca.<\/p>\n<p>&#8211; Absorbe vibraciones normales.<\/p>\n<p>&#8211; Permite el movimiento debido a cambios t\u00e9rmicos normales.<\/p>\n<p>&#8211; Se puede usar en respaldos de seguridad reforzados.<\/p>\n","protected":false},"featured_media":1573,"comment_status":"open","ping_status":"closed","template":"","meta":{"_acf_changed":false,"inline_featured_image":false},"product_brand":[],"product_cat":[99],"product_tag":[],"class_list":{"0":"post-2381","1":"product","2":"type-product","3":"status-publish","4":"has-post-thumbnail","6":"product_cat-general-hardware-and-components-es","8":"first","9":"instock","10":"taxable","11":"shipping-taxable","12":"purchasable","13":"product-type-simple"},"acf":[],"yoast_head":"<!-- This site is optimized with the Yoast SEO Premium plugin v27.4 (Yoast SEO v27.4) - https:\/\/yoast.com\/product\/yoast-seo-premium-wordpress\/ -->\n<title>Mirror Adhesive &amp; Double Face Tape Installation Kit - Glassupply (CA)<\/title>\n<meta name=\"robots\" content=\"index, follow, max-snippet:-1, max-image-preview:large, max-video-preview:-1\" \/>\n<link rel=\"canonical\" href=\"https:\/\/glassupply.com\/ca\/es\/producto\/mirror-adhesive-double-face-tape-installation-kit\/\" \/>\n<meta property=\"og:locale\" content=\"es_ES\" \/>\n<meta property=\"og:type\" content=\"article\" \/>\n<meta property=\"og:title\" content=\"Mirror Adhesive &amp; Double Face Tape Installation Kit\" \/>\n<meta property=\"og:description\" content=\"Esta es la combinaci\u00f3n definitiva de productos para la instalaci\u00f3n de espejos sin marco (hasta 48&#039;&#039; x 96&#039;&#039; o 32 pies cuadrados). Esta cinta de espuma de doble cara para montaje de espejos est\u00e1 dise\u00f1ada para sostener temporalmente los espejos mientras el masticado se cura.  - Esta cinta adhesiva de doble cara combina espuma con adhesivo acr\u00edlico.  - Ofrece una adhesi\u00f3n superior y un alto poder de sujeci\u00f3n al corte.  - Esta cinta mantiene su fuerza bajo condiciones extremas de calor y fr\u00edo, y no se despega ni absorbe humedad.  - Aplicar sobre superficies limpias, secas, lisas o irregulares.  Mirro-Mastic\u00ae es el est\u00e1ndar de la industria en adhesivos de mastic de alta calidad. Formulado para adherir espejos de vidrio y acr\u00edlico a varios sustratos, Mirro-Mastic ha sido probado en laboratorio y en campo para garantizar su compatibilidad con todas las principales marcas de espejos y pinturas de respaldo.  VENTAJAS Y BENEFICIOS  - Formulado para uso en espejos de vidrio y acr\u00edlico.  - No da\u00f1a el plateado del espejo.  - Permanece activo, no se agrieta ni se seca.  - Absorbe vibraciones normales.  - Permite el movimiento debido a cambios t\u00e9rmicos normales.  - Se puede usar en respaldos de seguridad reforzados.\" \/>\n<meta property=\"og:url\" content=\"https:\/\/glassupply.com\/ca\/es\/producto\/mirror-adhesive-double-face-tape-installation-kit\/\" \/>\n<meta property=\"og:site_name\" content=\"Glassupply (CA)\" \/>\n<meta property=\"article:publisher\" content=\"https:\/\/www.facebook.com\/glassupply.comCustomGlass\" \/>\n<meta property=\"article:modified_time\" content=\"2026-01-24T15:07:03+00:00\" \/>\n<meta property=\"og:image\" content=\"https:\/\/glassupply.com\/ca\/wp-content\/uploads\/sites\/5\/2023\/06\/combo.jpg\" \/>\n\t<meta property=\"og:image:width\" content=\"750\" \/>\n\t<meta property=\"og:image:height\" content=\"500\" \/>\n\t<meta property=\"og:image:type\" content=\"image\/jpeg\" \/>\n<meta name=\"twitter:card\" content=\"summary_large_image\" \/>\n<meta name=\"twitter:label1\" content=\"Price\" \/>\n\t<meta name=\"twitter:data1\" content=\"&#036;34.00\" \/>\n\t<meta name=\"twitter:label2\" content=\"Availability\" \/>\n\t<meta name=\"twitter:data2\" content=\"In stock\" \/>\n<script type=\"application\/ld+json\" class=\"yoast-schema-graph\">{\"@context\":\"https:\\\/\\\/schema.org\",\"@graph\":[{\"@type\":\"WebPage\",\"@id\":\"https:\\\/\\\/glassupply.com\\\/ca\\\/es\\\/producto\\\/mirror-adhesive-double-face-tape-installation-kit\\\/\",\"url\":\"https:\\\/\\\/glassupply.com\\\/ca\\\/es\\\/producto\\\/mirror-adhesive-double-face-tape-installation-kit\\\/\",\"name\":\"Mirror Adhesive &amp; Double Face Tape Installation Kit - Glassupply (CA)\",\"isPartOf\":{\"@id\":\"https:\\\/\\\/glassupply.com\\\/ca\\\/fr\\\/#website\"},\"primaryImageOfPage\":{\"@id\":\"https:\\\/\\\/glassupply.com\\\/ca\\\/es\\\/producto\\\/mirror-adhesive-double-face-tape-installation-kit\\\/#primaryimage\"},\"image\":{\"@id\":\"https:\\\/\\\/glassupply.com\\\/ca\\\/es\\\/producto\\\/mirror-adhesive-double-face-tape-installation-kit\\\/#primaryimage\"},\"thumbnailUrl\":\"https:\\\/\\\/glassupply.com\\\/ca\\\/wp-content\\\/uploads\\\/sites\\\/5\\\/2023\\\/06\\\/combo.jpg\",\"datePublished\":\"2023-06-28T14:25:55+00:00\",\"dateModified\":\"2026-01-24T15:07:03+00:00\",\"breadcrumb\":{\"@id\":\"https:\\\/\\\/glassupply.com\\\/ca\\\/es\\\/producto\\\/mirror-adhesive-double-face-tape-installation-kit\\\/#breadcrumb\"},\"inLanguage\":\"es\",\"potentialAction\":[{\"@type\":\"ReadAction\",\"target\":[\"https:\\\/\\\/glassupply.com\\\/ca\\\/es\\\/producto\\\/mirror-adhesive-double-face-tape-installation-kit\\\/\"]}]},{\"@type\":\"ImageObject\",\"inLanguage\":\"es\",\"@id\":\"https:\\\/\\\/glassupply.com\\\/ca\\\/es\\\/producto\\\/mirror-adhesive-double-face-tape-installation-kit\\\/#primaryimage\",\"url\":\"https:\\\/\\\/glassupply.com\\\/ca\\\/wp-content\\\/uploads\\\/sites\\\/5\\\/2023\\\/06\\\/combo.jpg\",\"contentUrl\":\"https:\\\/\\\/glassupply.com\\\/ca\\\/wp-content\\\/uploads\\\/sites\\\/5\\\/2023\\\/06\\\/combo.jpg\",\"width\":750,\"height\":500},{\"@type\":\"BreadcrumbList\",\"@id\":\"https:\\\/\\\/glassupply.com\\\/ca\\\/es\\\/producto\\\/mirror-adhesive-double-face-tape-installation-kit\\\/#breadcrumb\",\"itemListElement\":[{\"@type\":\"ListItem\",\"position\":1,\"name\":\"Home\",\"item\":\"https:\\\/\\\/glassupply.com\\\/ca\\\/es\\\/\"},{\"@type\":\"ListItem\",\"position\":2,\"name\":\"Tienda\",\"item\":\"https:\\\/\\\/glassupply.com\\\/ca\\\/es\\\/tienda\\\/\"},{\"@type\":\"ListItem\",\"position\":3,\"name\":\"Mirror Adhesive &amp; Double Face Tape Installation Kit\"}]},{\"@type\":\"WebSite\",\"@id\":\"https:\\\/\\\/glassupply.com\\\/ca\\\/fr\\\/#website\",\"url\":\"https:\\\/\\\/glassupply.com\\\/ca\\\/fr\\\/\",\"name\":\"Glassupply.com\",\"description\":\"From the manufacturer to your doorstep\",\"publisher\":{\"@id\":\"https:\\\/\\\/glassupply.com\\\/ca\\\/fr\\\/#organization\"},\"potentialAction\":[{\"@type\":\"SearchAction\",\"target\":{\"@type\":\"EntryPoint\",\"urlTemplate\":\"https:\\\/\\\/glassupply.com\\\/ca\\\/fr\\\/?s={search_term_string}\"},\"query-input\":{\"@type\":\"PropertyValueSpecification\",\"valueRequired\":true,\"valueName\":\"search_term_string\"}}],\"inLanguage\":\"es\"},{\"@type\":[\"Organization\",\"Place\"],\"@id\":\"https:\\\/\\\/glassupply.com\\\/ca\\\/fr\\\/#organization\",\"name\":\"Glassupply.com\",\"url\":\"https:\\\/\\\/glassupply.com\\\/ca\\\/fr\\\/\",\"logo\":{\"@id\":\"https:\\\/\\\/glassupply.com\\\/ca\\\/es\\\/producto\\\/mirror-adhesive-double-face-tape-installation-kit\\\/#local-main-organization-logo\"},\"image\":{\"@id\":\"https:\\\/\\\/glassupply.com\\\/ca\\\/es\\\/producto\\\/mirror-adhesive-double-face-tape-installation-kit\\\/#local-main-organization-logo\"},\"sameAs\":[\"https:\\\/\\\/www.facebook.com\\\/glassupply.comCustomGlass\",\"https:\\\/\\\/www.youtube.com\\\/@Glassupply.comVideos\"],\"address\":{\"@id\":\"https:\\\/\\\/glassupply.com\\\/ca\\\/es\\\/producto\\\/mirror-adhesive-double-face-tape-installation-kit\\\/#local-main-place-address\"},\"geo\":{\"@type\":\"GeoCoordinates\",\"latitude\":\"45.752055926060365\",\"longitude\":\"-73.44333072883563\"},\"telephone\":[\"+1-888-225-4392\"],\"openingHoursSpecification\":[],\"email\":\"support@glassupply.com\"},{\"@type\":\"PostalAddress\",\"@id\":\"https:\\\/\\\/glassupply.com\\\/ca\\\/es\\\/producto\\\/mirror-adhesive-double-face-tape-installation-kit\\\/#local-main-place-address\",\"streetAddress\":\"80 Rue de Normandie\",\"addressLocality\":\"Repentigny\",\"postalCode\":\"J6A 4W2\",\"addressRegion\":\"Quebec (QC)\",\"addressCountry\":\"CA\"},{\"@type\":\"ImageObject\",\"inLanguage\":\"es\",\"@id\":\"https:\\\/\\\/glassupply.com\\\/ca\\\/es\\\/producto\\\/mirror-adhesive-double-face-tape-installation-kit\\\/#local-main-organization-logo\",\"url\":\"https:\\\/\\\/glassupply.com\\\/ca\\\/wp-content\\\/uploads\\\/sites\\\/5\\\/2023\\\/07\\\/logo.svg\",\"contentUrl\":\"https:\\\/\\\/glassupply.com\\\/ca\\\/wp-content\\\/uploads\\\/sites\\\/5\\\/2023\\\/07\\\/logo.svg\",\"width\":310,\"height\":24,\"caption\":\"Glassupply.com\"}]}<\/script>\n<meta property=\"product:price:amount\" content=\"34.00\" \/>\n<meta property=\"product:price:currency\" content=\"CAD\" \/>\n<meta property=\"og:availability\" content=\"instock\" \/>\n<meta property=\"product:availability\" content=\"instock\" \/>\n<meta property=\"product:retailer_item_id\" content=\"M-MI-IK\" \/>\n<meta property=\"product:condition\" content=\"new\" \/>\n<meta name=\"geo.placename\" content=\"Repentigny\" \/>\n<meta name=\"geo.position\" content=\"45.752055926060365;-73.44333072883563\" \/>\n<meta name=\"geo.region\" content=\"Canada\" \/>\n<!-- \/ Yoast SEO Premium plugin. -->","yoast_head_json":{"title":"Mirror Adhesive &amp; Double Face Tape Installation Kit - Glassupply (CA)","robots":{"index":"index","follow":"follow","max-snippet":"max-snippet:-1","max-image-preview":"max-image-preview:large","max-video-preview":"max-video-preview:-1"},"canonical":"https:\/\/glassupply.com\/ca\/es\/producto\/mirror-adhesive-double-face-tape-installation-kit\/","og_locale":"es_ES","og_type":"article","og_title":"Mirror Adhesive &amp; Double Face Tape Installation Kit","og_description":"Esta es la combinaci\u00f3n definitiva de productos para la instalaci\u00f3n de espejos sin marco (hasta 48'' x 96'' o 32 pies cuadrados). Esta cinta de espuma de doble cara para montaje de espejos est\u00e1 dise\u00f1ada para sostener temporalmente los espejos mientras el masticado se cura.  - Esta cinta adhesiva de doble cara combina espuma con adhesivo acr\u00edlico.  - Ofrece una adhesi\u00f3n superior y un alto poder de sujeci\u00f3n al corte.  - Esta cinta mantiene su fuerza bajo condiciones extremas de calor y fr\u00edo, y no se despega ni absorbe humedad.  - Aplicar sobre superficies limpias, secas, lisas o irregulares.  Mirro-Mastic\u00ae es el est\u00e1ndar de la industria en adhesivos de mastic de alta calidad. Formulado para adherir espejos de vidrio y acr\u00edlico a varios sustratos, Mirro-Mastic ha sido probado en laboratorio y en campo para garantizar su compatibilidad con todas las principales marcas de espejos y pinturas de respaldo.  VENTAJAS Y BENEFICIOS  - Formulado para uso en espejos de vidrio y acr\u00edlico.  - No da\u00f1a el plateado del espejo.  - Permanece activo, no se agrieta ni se seca.  - Absorbe vibraciones normales.  - Permite el movimiento debido a cambios t\u00e9rmicos normales.  - Se puede usar en respaldos de seguridad reforzados.","og_url":"https:\/\/glassupply.com\/ca\/es\/producto\/mirror-adhesive-double-face-tape-installation-kit\/","og_site_name":"Glassupply (CA)","article_publisher":"https:\/\/www.facebook.com\/glassupply.comCustomGlass","article_modified_time":"2026-01-24T15:07:03+00:00","og_image":[{"width":750,"height":500,"url":"https:\/\/glassupply.com\/ca\/wp-content\/uploads\/sites\/5\/2023\/06\/combo.jpg","type":"image\/jpeg"}],"twitter_card":"summary_large_image","twitter_misc":{"Price":"&#36;34.00","Availability":"In stock"},"schema":{"@context":"https:\/\/schema.org","@graph":[{"@type":"WebPage","@id":"https:\/\/glassupply.com\/ca\/es\/producto\/mirror-adhesive-double-face-tape-installation-kit\/","url":"https:\/\/glassupply.com\/ca\/es\/producto\/mirror-adhesive-double-face-tape-installation-kit\/","name":"Mirror Adhesive &amp; Double Face Tape Installation Kit - Glassupply (CA)","isPartOf":{"@id":"https:\/\/glassupply.com\/ca\/fr\/#website"},"primaryImageOfPage":{"@id":"https:\/\/glassupply.com\/ca\/es\/producto\/mirror-adhesive-double-face-tape-installation-kit\/#primaryimage"},"image":{"@id":"https:\/\/glassupply.com\/ca\/es\/producto\/mirror-adhesive-double-face-tape-installation-kit\/#primaryimage"},"thumbnailUrl":"https:\/\/glassupply.com\/ca\/wp-content\/uploads\/sites\/5\/2023\/06\/combo.jpg","datePublished":"2023-06-28T14:25:55+00:00","dateModified":"2026-01-24T15:07:03+00:00","breadcrumb":{"@id":"https:\/\/glassupply.com\/ca\/es\/producto\/mirror-adhesive-double-face-tape-installation-kit\/#breadcrumb"},"inLanguage":"es","potentialAction":[{"@type":"ReadAction","target":["https:\/\/glassupply.com\/ca\/es\/producto\/mirror-adhesive-double-face-tape-installation-kit\/"]}]},{"@type":"ImageObject","inLanguage":"es","@id":"https:\/\/glassupply.com\/ca\/es\/producto\/mirror-adhesive-double-face-tape-installation-kit\/#primaryimage","url":"https:\/\/glassupply.com\/ca\/wp-content\/uploads\/sites\/5\/2023\/06\/combo.jpg","contentUrl":"https:\/\/glassupply.com\/ca\/wp-content\/uploads\/sites\/5\/2023\/06\/combo.jpg","width":750,"height":500},{"@type":"BreadcrumbList","@id":"https:\/\/glassupply.com\/ca\/es\/producto\/mirror-adhesive-double-face-tape-installation-kit\/#breadcrumb","itemListElement":[{"@type":"ListItem","position":1,"name":"Home","item":"https:\/\/glassupply.com\/ca\/es\/"},{"@type":"ListItem","position":2,"name":"Tienda","item":"https:\/\/glassupply.com\/ca\/es\/tienda\/"},{"@type":"ListItem","position":3,"name":"Mirror Adhesive &amp; Double Face Tape Installation Kit"}]},{"@type":"WebSite","@id":"https:\/\/glassupply.com\/ca\/fr\/#website","url":"https:\/\/glassupply.com\/ca\/fr\/","name":"Glassupply.com","description":"From the manufacturer to your doorstep","publisher":{"@id":"https:\/\/glassupply.com\/ca\/fr\/#organization"},"potentialAction":[{"@type":"SearchAction","target":{"@type":"EntryPoint","urlTemplate":"https:\/\/glassupply.com\/ca\/fr\/?s={search_term_string}"},"query-input":{"@type":"PropertyValueSpecification","valueRequired":true,"valueName":"search_term_string"}}],"inLanguage":"es"},{"@type":["Organization","Place"],"@id":"https:\/\/glassupply.com\/ca\/fr\/#organization","name":"Glassupply.com","url":"https:\/\/glassupply.com\/ca\/fr\/","logo":{"@id":"https:\/\/glassupply.com\/ca\/es\/producto\/mirror-adhesive-double-face-tape-installation-kit\/#local-main-organization-logo"},"image":{"@id":"https:\/\/glassupply.com\/ca\/es\/producto\/mirror-adhesive-double-face-tape-installation-kit\/#local-main-organization-logo"},"sameAs":["https:\/\/www.facebook.com\/glassupply.comCustomGlass","https:\/\/www.youtube.com\/@Glassupply.comVideos"],"address":{"@id":"https:\/\/glassupply.com\/ca\/es\/producto\/mirror-adhesive-double-face-tape-installation-kit\/#local-main-place-address"},"geo":{"@type":"GeoCoordinates","latitude":"45.752055926060365","longitude":"-73.44333072883563"},"telephone":["+1-888-225-4392"],"openingHoursSpecification":[],"email":"support@glassupply.com"},{"@type":"PostalAddress","@id":"https:\/\/glassupply.com\/ca\/es\/producto\/mirror-adhesive-double-face-tape-installation-kit\/#local-main-place-address","streetAddress":"80 Rue de Normandie","addressLocality":"Repentigny","postalCode":"J6A 4W2","addressRegion":"Quebec (QC)","addressCountry":"CA"},{"@type":"ImageObject","inLanguage":"es","@id":"https:\/\/glassupply.com\/ca\/es\/producto\/mirror-adhesive-double-face-tape-installation-kit\/#local-main-organization-logo","url":"https:\/\/glassupply.com\/ca\/wp-content\/uploads\/sites\/5\/2023\/07\/logo.svg","contentUrl":"https:\/\/glassupply.com\/ca\/wp-content\/uploads\/sites\/5\/2023\/07\/logo.svg","width":310,"height":24,"caption":"Glassupply.com"}]},"product_price_amount":"34.00","product_price_currency":"CAD","og_availability":"instock","product_availability":"instock","product_retailer_item_id":"M-MI-IK","product_condition":"new","geo.placename":"Repentigny","geo.position":{"lat":"45.752055926060365","long":"-73.44333072883563"},"geo.region":"Canada"},"_links":{"self":[{"href":"https:\/\/glassupply.com\/ca\/es\/wp-json\/wp\/v2\/product\/2381","targetHints":{"allow":["GET"]}}],"collection":[{"href":"https:\/\/glassupply.com\/ca\/es\/wp-json\/wp\/v2\/product"}],"about":[{"href":"https:\/\/glassupply.com\/ca\/es\/wp-json\/wp\/v2\/types\/product"}],"replies":[{"embeddable":true,"href":"https:\/\/glassupply.com\/ca\/es\/wp-json\/wp\/v2\/comments?post=2381"}],"wp:featuredmedia":[{"embeddable":true,"href":"https:\/\/glassupply.com\/ca\/es\/wp-json\/wp\/v2\/media\/1573"}],"wp:attachment":[{"href":"https:\/\/glassupply.com\/ca\/es\/wp-json\/wp\/v2\/media?parent=2381"}],"wp:term":[{"taxonomy":"product_brand","embeddable":true,"href":"https:\/\/glassupply.com\/ca\/es\/wp-json\/wp\/v2\/product_brand?post=2381"},{"taxonomy":"product_cat","embeddable":true,"href":"https:\/\/glassupply.com\/ca\/es\/wp-json\/wp\/v2\/product_cat?post=2381"},{"taxonomy":"product_tag","embeddable":true,"href":"https:\/\/glassupply.com\/ca\/es\/wp-json\/wp\/v2\/product_tag?post=2381"}],"curies":[{"name":"wp","href":"https:\/\/api.w.org\/{rel}","templated":true}]}}