{"id":2387,"date":"2023-06-28T09:25:54","date_gmt":"2023-06-28T09:25:54","guid":{"rendered":"https:\/\/staging.glassupply.com\/ca\/product\/mirror-mounting-double-sided-foam-tape\/"},"modified":"2025-06-06T01:58:09","modified_gmt":"2025-06-06T06:58:09","slug":"mirror-mounting-double-sided-foam-tape","status":"publish","type":"product","link":"https:\/\/glassupply.com\/ca\/es\/producto\/mirror-mounting-double-sided-foam-tape\/","title":{"rendered":"Mirror Mounting Double-Sided Foam Tape"},"content":{"rendered":"","protected":false},"excerpt":{"rendered":"<div class=\"flex-shrink-0 flex flex-col relative items-end\">\n<div>\n<div class=\"pt-0\">\n<div class=\"gizmo-bot-avatar flex h-8 w-8 items-center justify-center overflow-hidden rounded-full\">\n<div class=\"relative p-1 rounded-sm flex items-center justify-center bg-token-main-surface-primary text-token-text-primary h-8 w-8\">Esta cinta de acristalamiento de espuma de doble cara est\u00e1 especialmente dise\u00f1ada con una base de espuma de polietileno (PE) reticulado y un sistema adhesivo acr\u00edlico. Su construcci\u00f3n \u00fanica la hace ideal para acristalamientos y otras aplicaciones exigentes, ofreciendo facilidad de uso, fuerte adhesi\u00f3n y rendimiento duradero.<\/div>\n<\/div>\n<\/div>\n<\/div>\n<\/div>\n<p>Esta cinta mantiene su resistencia en condiciones extremas de calor y fr\u00edo, y no se despega ni absorbe humedad.<\/p>\n<p>GL-N0708 y GL-N0716 son cintas de acristalamiento de espuma de doble cara dise\u00f1adas para aplicaciones de acristalamiento de ventanas. Disponibles en espesores de 1\/8 pulgada y 1\/16 pulgada, est\u00e1n recubiertas en ambos lados con un adhesivo acr\u00edlico de alta adherencia que se fija r\u00e1pidamente y sigue fortaleci\u00e9ndose con el tiempo. Fabricadas con una espuma de polietileno suave y flexible, se adaptan a una variedad de superficies texturizadas.<\/p>\n<h5><strong>APLICACIONES DE LA CINTA<\/strong><\/h5>\n<p>Las aplicaciones m\u00e1s comunes para la cinta de espuma de doble cara incluyen:<\/p>\n<ul>\n<li>acristalamiento de ventanas con marcos de aluminio<\/li>\n<li>acristalamiento de ventanas con marcos de PVC<\/li>\n<li>uni\u00f3n y montaje de pl\u00e1sticos ligeros<\/li>\n<li>uni\u00f3n y montaje de metales ligeros<\/li>\n<\/ul>\n<h5><strong>CARACTER\u00cdSTICAS DE LA CINTA<\/strong><\/h5>\n<p>Las caracter\u00edsticas de la cinta de acristalamiento de espuma de doble cara incluyen:<\/p>\n<ul>\n<li>excelente sellado contra agua, polvo y luz<\/li>\n<li>resistencia al clima, temperatura, rayos UV y oxidaci\u00f3n<\/li>\n<li>flexible y suave, se ajusta f\u00e1cilmente a diferentes superficies texturizadas<\/li>\n<li>alta adherencia inicial<\/li>\n<li>el adhesivo acr\u00edlico sigue fortaleciendo su adherencia con el tiempo<\/li>\n<li>forro protector f\u00e1cil de retirar<\/li>\n<li>certificaci\u00f3n AAMA (apta para acristalamiento)<\/li>\n<\/ul>\n<h5><strong>ADHESIVO DE LA CINTA<\/strong><\/h5>\n<p>La cinta utiliza adhesivo acr\u00edlico.<\/p>\n<h5><strong>RESISTENCIA CLIM\u00c1TICA<\/strong><\/h5>\n<p>La cinta de acristalamiento de espuma de doble cara ofrece excelente resistencia al clima, rayos UV, temperatura y oxidaci\u00f3n.<\/p>\n<p>&nbsp;<\/p>\n<h5>APLICACIONES<\/h5>\n<ul class=\"list-unstyled\">\n<li>Usar para acristalamiento de ventanas con marcos de aluminio y PVC<\/li>\n<li>Usar para uni\u00f3n y montaje de pl\u00e1sticos y metales ligeros<\/li>\n<\/ul>\n<h5><\/h5>\n<h5>CARACTER\u00cdSTICAS Y BENEFICIOS<\/h5>\n<ul class=\"list-unstyled\">\n<li>La certificaci\u00f3n AAMA la hace apta para aplicaciones de acristalamiento<\/li>\n<li>Excelente resistencia al clima, oxidaci\u00f3n, rayos UV y temperatura<\/li>\n<li>Buen sellado contra agua, polvo y luz<\/li>\n<li>Flexible y suave para ajustarse a diversas superficies texturizadas<\/li>\n<li>Alta adherencia inicial y el adhesivo acr\u00edlico se fortalece con el tiempo<\/li>\n<\/ul>\n<p>&nbsp;<\/p>\n<h4><strong>Tenga en cuenta que la versi\u00f3n de cinta de 1\/8\u2033 de espesor viene en rollo de 75 pies, mientras que la versi\u00f3n de 1\/16\u2033 est\u00e1 disponible en rollo de 150 pies.<\/strong><\/h4>\n","protected":false},"featured_media":8448,"comment_status":"closed","ping_status":"closed","template":"","meta":{"_acf_changed":false,"inline_featured_image":false},"product_brand":[],"product_cat":[99],"product_tag":[],"class_list":{"0":"post-2387","1":"product","2":"type-product","3":"status-publish","4":"has-post-thumbnail","6":"product_cat-general-hardware-and-components-es","8":"first","9":"instock","10":"taxable","11":"shipping-taxable","12":"purchasable","13":"product-type-variable","14":"has-default-attributes"},"acf":[],"yoast_head":"<!-- This site is optimized with the Yoast SEO plugin v26.9 - https:\/\/yoast.com\/product\/yoast-seo-wordpress\/ -->\n<title>Mirror Mounting Double-Sided Foam Tape - Glassupply (CA)<\/title>\n<meta name=\"robots\" content=\"index, follow, max-snippet:-1, max-image-preview:large, max-video-preview:-1\" \/>\n<link rel=\"canonical\" href=\"https:\/\/glassupply.com\/ca\/es\/producto\/mirror-mounting-double-sided-foam-tape\/\" \/>\n<meta property=\"og:locale\" content=\"es_ES\" \/>\n<meta property=\"og:type\" content=\"article\" \/>\n<meta property=\"og:title\" content=\"Mirror Mounting Double-Sided Foam Tape - Glassupply (CA)\" \/>\n<meta property=\"og:description\" content=\"Esta cinta de acristalamiento de espuma de doble cara est\u00e1 especialmente dise\u00f1ada con una base de espuma de polietileno (PE) reticulado y un sistema adhesivo acr\u00edlico. Su construcci\u00f3n \u00fanica la hace ideal para acristalamientos y otras aplicaciones exigentes, ofreciendo facilidad de uso, fuerte adhesi\u00f3n y rendimiento duradero.     Esta cinta mantiene su resistencia en condiciones extremas de calor y fr\u00edo, y no se despega ni absorbe humedad.  GL-N0708 y GL-N0716 son cintas de acristalamiento de espuma de doble cara dise\u00f1adas para aplicaciones de acristalamiento de ventanas. Disponibles en espesores de 1\/8 pulgada y 1\/16 pulgada, est\u00e1n recubiertas en ambos lados con un adhesivo acr\u00edlico de alta adherencia que se fija r\u00e1pidamente y sigue fortaleci\u00e9ndose con el tiempo. Fabricadas con una espuma de polietileno suave y flexible, se adaptan a una variedad de superficies texturizadas. APLICACIONES DE LA CINTA Las aplicaciones m\u00e1s comunes para la cinta de espuma de doble cara incluyen:   acristalamiento de ventanas con marcos de aluminio  acristalamiento de ventanas con marcos de PVC  uni\u00f3n y montaje de pl\u00e1sticos ligeros  uni\u00f3n y montaje de metales ligeros  CARACTER\u00cdSTICAS DE LA CINTA Las caracter\u00edsticas de la cinta de acristalamiento de espuma de doble cara incluyen:   excelente sellado contra agua, polvo y luz  resistencia al clima, temperatura, rayos UV y oxidaci\u00f3n  flexible y suave, se ajusta f\u00e1cilmente a diferentes superficies texturizadas  alta adherencia inicial  el adhesivo acr\u00edlico sigue fortaleciendo su adherencia con el tiempo  forro protector f\u00e1cil de retirar  certificaci\u00f3n AAMA (apta para acristalamiento)  ADHESIVO DE LA CINTA La cinta utiliza adhesivo acr\u00edlico. RESISTENCIA CLIM\u00c1TICA La cinta de acristalamiento de espuma de doble cara ofrece excelente resistencia al clima, rayos UV, temperatura y oxidaci\u00f3n.  &nbsp; APLICACIONES   Usar para acristalamiento de ventanas con marcos de aluminio y PVC  Usar para uni\u00f3n y montaje de pl\u00e1sticos y metales ligeros   CARACTER\u00cdSTICAS Y BENEFICIOS   La certificaci\u00f3n AAMA la hace apta para aplicaciones de acristalamiento  Excelente resistencia al clima, oxidaci\u00f3n, rayos UV y temperatura  Buen sellado contra agua, polvo y luz  Flexible y suave para ajustarse a diversas superficies texturizadas  Alta adherencia inicial y el adhesivo acr\u00edlico se fortalece con el tiempo  &nbsp; Tenga en cuenta que la versi\u00f3n de cinta de 1\/8\u2033 de espesor viene en rollo de 75 pies, mientras que la versi\u00f3n de 1\/16\u2033 est\u00e1 disponible en rollo de 150 pies.\" \/>\n<meta property=\"og:url\" content=\"https:\/\/glassupply.com\/ca\/es\/producto\/mirror-mounting-double-sided-foam-tape\/\" \/>\n<meta property=\"og:site_name\" content=\"Glassupply (CA)\" \/>\n<meta property=\"article:modified_time\" content=\"2025-06-06T06:58:09+00:00\" \/>\n<meta property=\"og:image\" content=\"https:\/\/glassupply.com\/ca\/wp-content\/uploads\/sites\/5\/2023\/06\/echotape.webp\" \/>\n\t<meta property=\"og:image:width\" content=\"1280\" \/>\n\t<meta property=\"og:image:height\" content=\"1280\" \/>\n\t<meta property=\"og:image:type\" content=\"image\/webp\" \/>\n<meta name=\"twitter:card\" content=\"summary_large_image\" \/>\n<meta name=\"twitter:label1\" content=\"Est. reading time\" \/>\n\t<meta name=\"twitter:data1\" content=\"1 minuto\" \/>\n<script type=\"application\/ld+json\" class=\"yoast-schema-graph\">{\"@context\":\"https:\/\/schema.org\",\"@graph\":[{\"@type\":\"WebPage\",\"@id\":\"https:\/\/glassupply.com\/ca\/es\/producto\/mirror-mounting-double-sided-foam-tape\/\",\"url\":\"https:\/\/glassupply.com\/ca\/es\/producto\/mirror-mounting-double-sided-foam-tape\/\",\"name\":\"Mirror Mounting Double-Sided Foam Tape - Glassupply (CA)\",\"isPartOf\":{\"@id\":\"https:\/\/glassupply.com\/ca\/fr\/#website\"},\"primaryImageOfPage\":{\"@id\":\"https:\/\/glassupply.com\/ca\/es\/producto\/mirror-mounting-double-sided-foam-tape\/#primaryimage\"},\"image\":{\"@id\":\"https:\/\/glassupply.com\/ca\/es\/producto\/mirror-mounting-double-sided-foam-tape\/#primaryimage\"},\"thumbnailUrl\":\"https:\/\/glassupply.com\/ca\/wp-content\/uploads\/sites\/5\/2023\/06\/echotape.webp\",\"datePublished\":\"2023-06-28T09:25:54+00:00\",\"dateModified\":\"2025-06-06T06:58:09+00:00\",\"breadcrumb\":{\"@id\":\"https:\/\/glassupply.com\/ca\/es\/producto\/mirror-mounting-double-sided-foam-tape\/#breadcrumb\"},\"inLanguage\":\"es\",\"potentialAction\":[{\"@type\":\"ReadAction\",\"target\":[\"https:\/\/glassupply.com\/ca\/es\/producto\/mirror-mounting-double-sided-foam-tape\/\"]}]},{\"@type\":\"ImageObject\",\"inLanguage\":\"es\",\"@id\":\"https:\/\/glassupply.com\/ca\/es\/producto\/mirror-mounting-double-sided-foam-tape\/#primaryimage\",\"url\":\"https:\/\/glassupply.com\/ca\/wp-content\/uploads\/sites\/5\/2023\/06\/echotape.webp\",\"contentUrl\":\"https:\/\/glassupply.com\/ca\/wp-content\/uploads\/sites\/5\/2023\/06\/echotape.webp\",\"width\":1280,\"height\":1280},{\"@type\":\"BreadcrumbList\",\"@id\":\"https:\/\/glassupply.com\/ca\/es\/producto\/mirror-mounting-double-sided-foam-tape\/#breadcrumb\",\"itemListElement\":[{\"@type\":\"ListItem\",\"position\":1,\"name\":\"Home\",\"item\":\"https:\/\/glassupply.com\/ca\/es\/\"},{\"@type\":\"ListItem\",\"position\":2,\"name\":\"Tienda\",\"item\":\"https:\/\/glassupply.com\/ca\/es\/tienda\/\"},{\"@type\":\"ListItem\",\"position\":3,\"name\":\"Mirror Mounting Double-Sided Foam Tape\"}]},{\"@type\":\"WebSite\",\"@id\":\"https:\/\/glassupply.com\/ca\/fr\/#website\",\"url\":\"https:\/\/glassupply.com\/ca\/fr\/\",\"name\":\"Glassupply.com\",\"description\":\"From the manufacturer to your doorstep\",\"publisher\":{\"@id\":\"https:\/\/glassupply.com\/ca\/fr\/#organization\"},\"potentialAction\":[{\"@type\":\"SearchAction\",\"target\":{\"@type\":\"EntryPoint\",\"urlTemplate\":\"https:\/\/glassupply.com\/ca\/fr\/?s={search_term_string}\"},\"query-input\":{\"@type\":\"PropertyValueSpecification\",\"valueRequired\":true,\"valueName\":\"search_term_string\"}}],\"inLanguage\":\"es\"},{\"@type\":\"Organization\",\"@id\":\"https:\/\/glassupply.com\/ca\/fr\/#organization\",\"name\":\"Glassupply.com\",\"url\":\"https:\/\/glassupply.com\/ca\/fr\/\",\"logo\":{\"@type\":\"ImageObject\",\"inLanguage\":\"es\",\"@id\":\"https:\/\/glassupply.com\/ca\/fr\/#\/schema\/logo\/image\/\",\"url\":\"https:\/\/staging.glassupply.com\/ca\/wp-content\/uploads\/sites\/5\/2023\/07\/logo.svg\",\"contentUrl\":\"https:\/\/staging.glassupply.com\/ca\/wp-content\/uploads\/sites\/5\/2023\/07\/logo.svg\",\"width\":310,\"height\":24,\"caption\":\"Glassupply.com\"},\"image\":{\"@id\":\"https:\/\/glassupply.com\/ca\/fr\/#\/schema\/logo\/image\/\"}}]}<\/script>\n<!-- \/ Yoast SEO plugin. -->","yoast_head_json":{"title":"Mirror Mounting Double-Sided Foam Tape - Glassupply (CA)","robots":{"index":"index","follow":"follow","max-snippet":"max-snippet:-1","max-image-preview":"max-image-preview:large","max-video-preview":"max-video-preview:-1"},"canonical":"https:\/\/glassupply.com\/ca\/es\/producto\/mirror-mounting-double-sided-foam-tape\/","og_locale":"es_ES","og_type":"article","og_title":"Mirror Mounting Double-Sided Foam Tape - Glassupply (CA)","og_description":"Esta cinta de acristalamiento de espuma de doble cara est\u00e1 especialmente dise\u00f1ada con una base de espuma de polietileno (PE) reticulado y un sistema adhesivo acr\u00edlico. Su construcci\u00f3n \u00fanica la hace ideal para acristalamientos y otras aplicaciones exigentes, ofreciendo facilidad de uso, fuerte adhesi\u00f3n y rendimiento duradero.     Esta cinta mantiene su resistencia en condiciones extremas de calor y fr\u00edo, y no se despega ni absorbe humedad.  GL-N0708 y GL-N0716 son cintas de acristalamiento de espuma de doble cara dise\u00f1adas para aplicaciones de acristalamiento de ventanas. Disponibles en espesores de 1\/8 pulgada y 1\/16 pulgada, est\u00e1n recubiertas en ambos lados con un adhesivo acr\u00edlico de alta adherencia que se fija r\u00e1pidamente y sigue fortaleci\u00e9ndose con el tiempo. Fabricadas con una espuma de polietileno suave y flexible, se adaptan a una variedad de superficies texturizadas. APLICACIONES DE LA CINTA Las aplicaciones m\u00e1s comunes para la cinta de espuma de doble cara incluyen:   acristalamiento de ventanas con marcos de aluminio  acristalamiento de ventanas con marcos de PVC  uni\u00f3n y montaje de pl\u00e1sticos ligeros  uni\u00f3n y montaje de metales ligeros  CARACTER\u00cdSTICAS DE LA CINTA Las caracter\u00edsticas de la cinta de acristalamiento de espuma de doble cara incluyen:   excelente sellado contra agua, polvo y luz  resistencia al clima, temperatura, rayos UV y oxidaci\u00f3n  flexible y suave, se ajusta f\u00e1cilmente a diferentes superficies texturizadas  alta adherencia inicial  el adhesivo acr\u00edlico sigue fortaleciendo su adherencia con el tiempo  forro protector f\u00e1cil de retirar  certificaci\u00f3n AAMA (apta para acristalamiento)  ADHESIVO DE LA CINTA La cinta utiliza adhesivo acr\u00edlico. RESISTENCIA CLIM\u00c1TICA La cinta de acristalamiento de espuma de doble cara ofrece excelente resistencia al clima, rayos UV, temperatura y oxidaci\u00f3n.  &nbsp; APLICACIONES   Usar para acristalamiento de ventanas con marcos de aluminio y PVC  Usar para uni\u00f3n y montaje de pl\u00e1sticos y metales ligeros   CARACTER\u00cdSTICAS Y BENEFICIOS   La certificaci\u00f3n AAMA la hace apta para aplicaciones de acristalamiento  Excelente resistencia al clima, oxidaci\u00f3n, rayos UV y temperatura  Buen sellado contra agua, polvo y luz  Flexible y suave para ajustarse a diversas superficies texturizadas  Alta adherencia inicial y el adhesivo acr\u00edlico se fortalece con el tiempo  &nbsp; Tenga en cuenta que la versi\u00f3n de cinta de 1\/8\u2033 de espesor viene en rollo de 75 pies, mientras que la versi\u00f3n de 1\/16\u2033 est\u00e1 disponible en rollo de 150 pies.","og_url":"https:\/\/glassupply.com\/ca\/es\/producto\/mirror-mounting-double-sided-foam-tape\/","og_site_name":"Glassupply (CA)","article_modified_time":"2025-06-06T06:58:09+00:00","og_image":[{"width":1280,"height":1280,"url":"https:\/\/glassupply.com\/ca\/wp-content\/uploads\/sites\/5\/2023\/06\/echotape.webp","type":"image\/webp"}],"twitter_card":"summary_large_image","twitter_misc":{"Est. reading time":"1 minuto"},"schema":{"@context":"https:\/\/schema.org","@graph":[{"@type":"WebPage","@id":"https:\/\/glassupply.com\/ca\/es\/producto\/mirror-mounting-double-sided-foam-tape\/","url":"https:\/\/glassupply.com\/ca\/es\/producto\/mirror-mounting-double-sided-foam-tape\/","name":"Mirror Mounting Double-Sided Foam Tape - Glassupply (CA)","isPartOf":{"@id":"https:\/\/glassupply.com\/ca\/fr\/#website"},"primaryImageOfPage":{"@id":"https:\/\/glassupply.com\/ca\/es\/producto\/mirror-mounting-double-sided-foam-tape\/#primaryimage"},"image":{"@id":"https:\/\/glassupply.com\/ca\/es\/producto\/mirror-mounting-double-sided-foam-tape\/#primaryimage"},"thumbnailUrl":"https:\/\/glassupply.com\/ca\/wp-content\/uploads\/sites\/5\/2023\/06\/echotape.webp","datePublished":"2023-06-28T09:25:54+00:00","dateModified":"2025-06-06T06:58:09+00:00","breadcrumb":{"@id":"https:\/\/glassupply.com\/ca\/es\/producto\/mirror-mounting-double-sided-foam-tape\/#breadcrumb"},"inLanguage":"es","potentialAction":[{"@type":"ReadAction","target":["https:\/\/glassupply.com\/ca\/es\/producto\/mirror-mounting-double-sided-foam-tape\/"]}]},{"@type":"ImageObject","inLanguage":"es","@id":"https:\/\/glassupply.com\/ca\/es\/producto\/mirror-mounting-double-sided-foam-tape\/#primaryimage","url":"https:\/\/glassupply.com\/ca\/wp-content\/uploads\/sites\/5\/2023\/06\/echotape.webp","contentUrl":"https:\/\/glassupply.com\/ca\/wp-content\/uploads\/sites\/5\/2023\/06\/echotape.webp","width":1280,"height":1280},{"@type":"BreadcrumbList","@id":"https:\/\/glassupply.com\/ca\/es\/producto\/mirror-mounting-double-sided-foam-tape\/#breadcrumb","itemListElement":[{"@type":"ListItem","position":1,"name":"Home","item":"https:\/\/glassupply.com\/ca\/es\/"},{"@type":"ListItem","position":2,"name":"Tienda","item":"https:\/\/glassupply.com\/ca\/es\/tienda\/"},{"@type":"ListItem","position":3,"name":"Mirror Mounting Double-Sided Foam Tape"}]},{"@type":"WebSite","@id":"https:\/\/glassupply.com\/ca\/fr\/#website","url":"https:\/\/glassupply.com\/ca\/fr\/","name":"Glassupply.com","description":"From the manufacturer to your doorstep","publisher":{"@id":"https:\/\/glassupply.com\/ca\/fr\/#organization"},"potentialAction":[{"@type":"SearchAction","target":{"@type":"EntryPoint","urlTemplate":"https:\/\/glassupply.com\/ca\/fr\/?s={search_term_string}"},"query-input":{"@type":"PropertyValueSpecification","valueRequired":true,"valueName":"search_term_string"}}],"inLanguage":"es"},{"@type":"Organization","@id":"https:\/\/glassupply.com\/ca\/fr\/#organization","name":"Glassupply.com","url":"https:\/\/glassupply.com\/ca\/fr\/","logo":{"@type":"ImageObject","inLanguage":"es","@id":"https:\/\/glassupply.com\/ca\/fr\/#\/schema\/logo\/image\/","url":"https:\/\/staging.glassupply.com\/ca\/wp-content\/uploads\/sites\/5\/2023\/07\/logo.svg","contentUrl":"https:\/\/staging.glassupply.com\/ca\/wp-content\/uploads\/sites\/5\/2023\/07\/logo.svg","width":310,"height":24,"caption":"Glassupply.com"},"image":{"@id":"https:\/\/glassupply.com\/ca\/fr\/#\/schema\/logo\/image\/"}}]}},"_links":{"self":[{"href":"https:\/\/glassupply.com\/ca\/es\/wp-json\/wp\/v2\/product\/2387","targetHints":{"allow":["GET"]}}],"collection":[{"href":"https:\/\/glassupply.com\/ca\/es\/wp-json\/wp\/v2\/product"}],"about":[{"href":"https:\/\/glassupply.com\/ca\/es\/wp-json\/wp\/v2\/types\/product"}],"replies":[{"embeddable":true,"href":"https:\/\/glassupply.com\/ca\/es\/wp-json\/wp\/v2\/comments?post=2387"}],"wp:featuredmedia":[{"embeddable":true,"href":"https:\/\/glassupply.com\/ca\/es\/wp-json\/wp\/v2\/media\/8448"}],"wp:attachment":[{"href":"https:\/\/glassupply.com\/ca\/es\/wp-json\/wp\/v2\/media?parent=2387"}],"wp:term":[{"taxonomy":"product_brand","embeddable":true,"href":"https:\/\/glassupply.com\/ca\/es\/wp-json\/wp\/v2\/product_brand?post=2387"},{"taxonomy":"product_cat","embeddable":true,"href":"https:\/\/glassupply.com\/ca\/es\/wp-json\/wp\/v2\/product_cat?post=2387"},{"taxonomy":"product_tag","embeddable":true,"href":"https:\/\/glassupply.com\/ca\/es\/wp-json\/wp\/v2\/product_tag?post=2387"}],"curies":[{"name":"wp","href":"https:\/\/api.w.org\/{rel}","templated":true}]}}