{"id":2437,"date":"2023-06-28T09:25:54","date_gmt":"2023-06-28T09:25:54","guid":{"rendered":"https:\/\/staging.glassupply.com\/ca\/product\/gs-2205-duplex-stainless-steel-surface-mount-spigot\/"},"modified":"2025-06-05T08:47:26","modified_gmt":"2025-06-05T13:47:26","slug":"gs-2205-duplex-stainless-steel-surface-mount-spigot","status":"publish","type":"product","link":"https:\/\/glassupply.com\/ca\/es\/producto\/gs-2205-duplex-stainless-steel-surface-mount-spigot\/","title":{"rendered":"GS 2205 Duplex Stainless-Steel Surface Mount Spigot ES"},"content":{"rendered":"","protected":false},"excerpt":{"rendered":"<p><strong>Presentamos nuestro Spigot de Montaje Superficial GS 2205 de Acero Inoxidable D\u00faplex con Tornillos de Ajuste de Nivel, dise\u00f1ado para simplificar la instalaci\u00f3n de paneles de vidrio, incluso en superficies horizontales irregulares.<\/strong><\/p>\n<p><span style=\"font-weight: 400;\">Nuestro paquete de Spigot de Montaje Superficial incluye m\u00faltiples insertos de diferentes grosores de juntas que pueden acomodar paneles de vidrio de <\/span><b>\u215c\u201d pulgadas (10 mm) a 9\/16 pulgadas (13.5 mm) de espesor.<\/b><\/p>\n<p><span style=\"font-weight: 400;\">Nuestro dise\u00f1o \u00fanico con ranura en U agrandada diferencia a nuestro Spigot de otros en el mercado, facilitando la instalaci\u00f3n como nunca antes. Con la <\/span><b>ranura ampliada<\/b><span style=\"font-weight: 400;\">, la alineaci\u00f3n se vuelve sencilla. Simplemente inserte el vidrio y ajuste seg\u00fan sea necesario, usando la junta provista. (Para vidrio de 12 mm, se necesita una sola junta.) Luego, apriete el tornillo Allen en su lugar.<\/span><\/p>\n<p><span style=\"font-weight: 400;\">La adici\u00f3n de una <\/span><b>funci\u00f3n de puesta a tierra<\/b><span style=\"font-weight: 400;\"> en la base del spigot garantiza el cumplimiento con los requisitos espec\u00edficos de puesta a tierra de ciertas jurisdicciones.<\/span><\/p>\n<p><span style=\"font-weight: 400;\">Equipado con cuatro tornillos ajustadores de nivel y una placa de acero inoxidable, este spigot facilita la alineaci\u00f3n y nivelaci\u00f3n de m\u00faltiples paneles de vidrio sin esfuerzo. Nuestra placa de presi\u00f3n ajustable simplifica la instalaci\u00f3n del vidrio \u2013 apriete el tornillo superior para inclinar el vidrio hacia adentro y el tornillo inferior para inclinarlo hacia afuera.<\/span><\/p>\n<p><span style=\"font-weight: 400;\">Adem\u00e1s, la barandilla puede nivelarse a la altura del vidrio para ajuste de altura.<\/span><b> Cada paquete incluye bloques de ajuste<\/b><span style=\"font-weight: 400;\">, permitiendo un ajuste de vidrio de hasta \u00bd\u201d en altura.<\/span><\/p>\n<p><span style=\"font-weight: 400;\">Fabricado con la aleaci\u00f3n de acero inoxidable D\u00faplex 2205 de la m\u00e1s alta calidad, esta aleaci\u00f3n marina y anticorrosiva es conocida por su superior resistencia y durabilidad en ambientes exteriores agresivos. Nos enorgullece ofrecer solo la mejor calidad de acero inoxidable en el mercado. Nuestra aleaci\u00f3n de acero inoxidable D\u00faplex 2205 con 22% de cromo, 3% de molibdeno y 5 a 6% de n\u00edquel proporciona una resistencia a la corrosi\u00f3n superior y m\u00e1s del doble de resistencia al esfuerzo que el grado est\u00e1ndar de acero inoxidable austen\u00edtico.<\/span><\/p>\n<p><span style=\"font-weight: 400;\">Nuestros Sistemas de Barandillas de Vidrio Sin Marco est\u00e1n dise\u00f1ados para proporcionar m\u00e1xima seguridad, y hemos tomado todas las medidas para asegurar que cumplan o superen los m\u00e1s altos est\u00e1ndares de ingenier\u00eda. El Spigot de Acero Inoxidable D\u00faplex GS 2205 con Tornillos de Ajuste de Nivel ha pasado rigurosas pruebas de carga conforme a m\u00faltiples c\u00f3digos de construcci\u00f3n. Puede confiar en la calidad y fiabilidad de nuestros productos. Cont\u00e1ctenos hoy para m\u00e1s informaci\u00f3n y d\u00e9 el primer paso para mejorar su sistema de barandilla al m\u00e1s alto nivel de seguridad.<\/span><\/p>\n<p><span style=\"font-weight: 400;\">Elija entre un acabado de acero inoxidable pulido (cepillado) o un acabado mate negro liso que est\u00e1 recubierto con polvo aplicado electrost\u00e1ticamente y curado en horno para una superficie resistente a los ara\u00f1azos y protegida contra las inclemencias del tiempo. Ideal para aplicaciones tanto interiores como exteriores, ofrece una excelente resistencia a la corrosi\u00f3n, perfecto para estructuras con alto grado de corrosi\u00f3n, como regiones costeras y ambientes de piscinas.<\/span><\/p>\n<p><span style=\"font-weight: 400;\">Mejore la instalaci\u00f3n de sus paneles de vidrio con nuestro Spigot de Montaje Superficial GS 2205 de Acero Inoxidable D\u00faplex con Tornillos de Ajuste de Nivel, la combinaci\u00f3n perfecta de funcionalidad y estilo.<\/span><\/p>\n<h2><b>ESPECIFICACIONES T\u00c9CNICAS<\/b><\/h2>\n<table>\n<tbody>\n<tr>\n<td><b>Espesor de Vidrio de Seguridad<\/b><\/td>\n<td><span style=\"font-weight: 400;\">Paneles de vidrio de 3\/8\u201d (10 mm) a 9\/16\u201d (13.5 mm)<\/span><\/td>\n<\/tr>\n<tr>\n<td><b>Color\/Acabado<\/b><\/td>\n<td><span style=\"font-weight: 400;\">Acero Inoxidable Pulido, Negro Mate<\/span><\/td>\n<\/tr>\n<tr>\n<td><b>Material de Fabricaci\u00f3n<\/b><\/td>\n<td><span style=\"font-weight: 400;\">Acero Inoxidable D\u00faplex 2205<\/span><\/td>\n<\/tr>\n<tr>\n<td><b>Uso Recomendado<\/b><\/td>\n<td><span style=\"font-weight: 400;\">Interior, Exterior<\/span><\/td>\n<\/tr>\n<\/tbody>\n<\/table>\n","protected":false},"featured_media":5811,"comment_status":"closed","ping_status":"closed","template":"","meta":{"_acf_changed":false,"inline_featured_image":false},"product_brand":[],"product_cat":[60,135],"product_tag":[],"class_list":{"0":"post-2437","1":"product","2":"type-product","3":"status-publish","4":"has-post-thumbnail","6":"product_cat-glass-fence-railing-hardware-es","7":"product_cat-railing-system-es","9":"first","10":"instock","11":"taxable","12":"shipping-taxable","13":"purchasable","14":"product-type-variable","15":"has-default-attributes"},"acf":[],"yoast_head":"<!-- This site is optimized with the Yoast SEO plugin v26.9 - https:\/\/yoast.com\/product\/yoast-seo-wordpress\/ -->\n<title>GS 2205 Duplex Stainless-Steel Surface Mount Spigot ES - Glassupply (CA)<\/title>\n<meta name=\"robots\" content=\"index, follow, max-snippet:-1, max-image-preview:large, max-video-preview:-1\" \/>\n<link rel=\"canonical\" href=\"https:\/\/glassupply.com\/ca\/es\/producto\/gs-2205-duplex-stainless-steel-surface-mount-spigot\/\" \/>\n<meta property=\"og:locale\" content=\"es_ES\" \/>\n<meta property=\"og:type\" content=\"article\" \/>\n<meta property=\"og:title\" content=\"GS 2205 Duplex Stainless-Steel Surface Mount Spigot ES - Glassupply (CA)\" \/>\n<meta property=\"og:description\" content=\"Presentamos nuestro Spigot de Montaje Superficial GS 2205 de Acero Inoxidable D\u00faplex con Tornillos de Ajuste de Nivel, dise\u00f1ado para simplificar la instalaci\u00f3n de paneles de vidrio, incluso en superficies horizontales irregulares.  Nuestro paquete de Spigot de Montaje Superficial incluye m\u00faltiples insertos de diferentes grosores de juntas que pueden acomodar paneles de vidrio de \u215c\u201d pulgadas (10 mm) a 9\/16 pulgadas (13.5 mm) de espesor.  Nuestro dise\u00f1o \u00fanico con ranura en U agrandada diferencia a nuestro Spigot de otros en el mercado, facilitando la instalaci\u00f3n como nunca antes. Con la ranura ampliada, la alineaci\u00f3n se vuelve sencilla. Simplemente inserte el vidrio y ajuste seg\u00fan sea necesario, usando la junta provista. (Para vidrio de 12 mm, se necesita una sola junta.) Luego, apriete el tornillo Allen en su lugar.  La adici\u00f3n de una funci\u00f3n de puesta a tierra en la base del spigot garantiza el cumplimiento con los requisitos espec\u00edficos de puesta a tierra de ciertas jurisdicciones.  Equipado con cuatro tornillos ajustadores de nivel y una placa de acero inoxidable, este spigot facilita la alineaci\u00f3n y nivelaci\u00f3n de m\u00faltiples paneles de vidrio sin esfuerzo. Nuestra placa de presi\u00f3n ajustable simplifica la instalaci\u00f3n del vidrio \u2013 apriete el tornillo superior para inclinar el vidrio hacia adentro y el tornillo inferior para inclinarlo hacia afuera.  Adem\u00e1s, la barandilla puede nivelarse a la altura del vidrio para ajuste de altura. Cada paquete incluye bloques de ajuste, permitiendo un ajuste de vidrio de hasta \u00bd\u201d en altura.  Fabricado con la aleaci\u00f3n de acero inoxidable D\u00faplex 2205 de la m\u00e1s alta calidad, esta aleaci\u00f3n marina y anticorrosiva es conocida por su superior resistencia y durabilidad en ambientes exteriores agresivos. Nos enorgullece ofrecer solo la mejor calidad de acero inoxidable en el mercado. Nuestra aleaci\u00f3n de acero inoxidable D\u00faplex 2205 con 22% de cromo, 3% de molibdeno y 5 a 6% de n\u00edquel proporciona una resistencia a la corrosi\u00f3n superior y m\u00e1s del doble de resistencia al esfuerzo que el grado est\u00e1ndar de acero inoxidable austen\u00edtico.  Nuestros Sistemas de Barandillas de Vidrio Sin Marco est\u00e1n dise\u00f1ados para proporcionar m\u00e1xima seguridad, y hemos tomado todas las medidas para asegurar que cumplan o superen los m\u00e1s altos est\u00e1ndares de ingenier\u00eda. El Spigot de Acero Inoxidable D\u00faplex GS 2205 con Tornillos de Ajuste de Nivel ha pasado rigurosas pruebas de carga conforme a m\u00faltiples c\u00f3digos de construcci\u00f3n. Puede confiar en la calidad y fiabilidad de nuestros productos. Cont\u00e1ctenos hoy para m\u00e1s informaci\u00f3n y d\u00e9 el primer paso para mejorar su sistema de barandilla al m\u00e1s alto nivel de seguridad.  Elija entre un acabado de acero inoxidable pulido (cepillado) o un acabado mate negro liso que est\u00e1 recubierto con polvo aplicado electrost\u00e1ticamente y curado en horno para una superficie resistente a los ara\u00f1azos y protegida contra las inclemencias del tiempo. Ideal para aplicaciones tanto interiores como exteriores, ofrece una excelente resistencia a la corrosi\u00f3n, perfecto para estructuras con alto grado de corrosi\u00f3n, como regiones costeras y ambientes de piscinas.  Mejore la instalaci\u00f3n de sus paneles de vidrio con nuestro Spigot de Montaje Superficial GS 2205 de Acero Inoxidable D\u00faplex con Tornillos de Ajuste de Nivel, la combinaci\u00f3n perfecta de funcionalidad y estilo. ESPECIFICACIONES T\u00c9CNICAS    Espesor de Vidrio de Seguridad Paneles de vidrio de 3\/8\u201d (10 mm) a 9\/16\u201d (13.5 mm)   Color\/Acabado Acero Inoxidable Pulido, Negro Mate   Material de Fabricaci\u00f3n Acero Inoxidable D\u00faplex 2205   Uso Recomendado Interior, Exterior\" \/>\n<meta property=\"og:url\" content=\"https:\/\/glassupply.com\/ca\/es\/producto\/gs-2205-duplex-stainless-steel-surface-mount-spigot\/\" \/>\n<meta property=\"og:site_name\" content=\"Glassupply (CA)\" \/>\n<meta property=\"article:modified_time\" content=\"2025-06-05T13:47:26+00:00\" \/>\n<meta property=\"og:image\" content=\"https:\/\/glassupply.com\/ca\/wp-content\/uploads\/sites\/5\/2023\/06\/R-SP-2205-1SS_2-1.webp\" \/>\n\t<meta property=\"og:image:width\" content=\"2000\" \/>\n\t<meta property=\"og:image:height\" content=\"2000\" \/>\n\t<meta property=\"og:image:type\" content=\"image\/webp\" \/>\n<meta name=\"twitter:card\" content=\"summary_large_image\" \/>\n<meta name=\"twitter:label1\" content=\"Est. reading time\" \/>\n\t<meta name=\"twitter:data1\" content=\"1 minuto\" \/>\n<script type=\"application\/ld+json\" class=\"yoast-schema-graph\">{\"@context\":\"https:\/\/schema.org\",\"@graph\":[{\"@type\":\"WebPage\",\"@id\":\"https:\/\/glassupply.com\/ca\/es\/producto\/gs-2205-duplex-stainless-steel-surface-mount-spigot\/\",\"url\":\"https:\/\/glassupply.com\/ca\/es\/producto\/gs-2205-duplex-stainless-steel-surface-mount-spigot\/\",\"name\":\"GS 2205 Duplex Stainless-Steel Surface Mount Spigot ES - Glassupply (CA)\",\"isPartOf\":{\"@id\":\"https:\/\/glassupply.com\/ca\/fr\/#website\"},\"primaryImageOfPage\":{\"@id\":\"https:\/\/glassupply.com\/ca\/es\/producto\/gs-2205-duplex-stainless-steel-surface-mount-spigot\/#primaryimage\"},\"image\":{\"@id\":\"https:\/\/glassupply.com\/ca\/es\/producto\/gs-2205-duplex-stainless-steel-surface-mount-spigot\/#primaryimage\"},\"thumbnailUrl\":\"https:\/\/glassupply.com\/ca\/wp-content\/uploads\/sites\/5\/2023\/06\/R-SP-2205-1SS_2-1.webp\",\"datePublished\":\"2023-06-28T09:25:54+00:00\",\"dateModified\":\"2025-06-05T13:47:26+00:00\",\"breadcrumb\":{\"@id\":\"https:\/\/glassupply.com\/ca\/es\/producto\/gs-2205-duplex-stainless-steel-surface-mount-spigot\/#breadcrumb\"},\"inLanguage\":\"es\",\"potentialAction\":[{\"@type\":\"ReadAction\",\"target\":[\"https:\/\/glassupply.com\/ca\/es\/producto\/gs-2205-duplex-stainless-steel-surface-mount-spigot\/\"]}]},{\"@type\":\"ImageObject\",\"inLanguage\":\"es\",\"@id\":\"https:\/\/glassupply.com\/ca\/es\/producto\/gs-2205-duplex-stainless-steel-surface-mount-spigot\/#primaryimage\",\"url\":\"https:\/\/glassupply.com\/ca\/wp-content\/uploads\/sites\/5\/2023\/06\/R-SP-2205-1SS_2-1.webp\",\"contentUrl\":\"https:\/\/glassupply.com\/ca\/wp-content\/uploads\/sites\/5\/2023\/06\/R-SP-2205-1SS_2-1.webp\",\"width\":2000,\"height\":2000},{\"@type\":\"BreadcrumbList\",\"@id\":\"https:\/\/glassupply.com\/ca\/es\/producto\/gs-2205-duplex-stainless-steel-surface-mount-spigot\/#breadcrumb\",\"itemListElement\":[{\"@type\":\"ListItem\",\"position\":1,\"name\":\"Home\",\"item\":\"https:\/\/glassupply.com\/ca\/es\/\"},{\"@type\":\"ListItem\",\"position\":2,\"name\":\"Tienda\",\"item\":\"https:\/\/glassupply.com\/ca\/es\/tienda\/\"},{\"@type\":\"ListItem\",\"position\":3,\"name\":\"GS 2205 Duplex Stainless-Steel Surface Mount Spigot ES\"}]},{\"@type\":\"WebSite\",\"@id\":\"https:\/\/glassupply.com\/ca\/fr\/#website\",\"url\":\"https:\/\/glassupply.com\/ca\/fr\/\",\"name\":\"Glassupply.com\",\"description\":\"From the manufacturer to your doorstep\",\"publisher\":{\"@id\":\"https:\/\/glassupply.com\/ca\/fr\/#organization\"},\"potentialAction\":[{\"@type\":\"SearchAction\",\"target\":{\"@type\":\"EntryPoint\",\"urlTemplate\":\"https:\/\/glassupply.com\/ca\/fr\/?s={search_term_string}\"},\"query-input\":{\"@type\":\"PropertyValueSpecification\",\"valueRequired\":true,\"valueName\":\"search_term_string\"}}],\"inLanguage\":\"es\"},{\"@type\":\"Organization\",\"@id\":\"https:\/\/glassupply.com\/ca\/fr\/#organization\",\"name\":\"Glassupply.com\",\"url\":\"https:\/\/glassupply.com\/ca\/fr\/\",\"logo\":{\"@type\":\"ImageObject\",\"inLanguage\":\"es\",\"@id\":\"https:\/\/glassupply.com\/ca\/fr\/#\/schema\/logo\/image\/\",\"url\":\"https:\/\/staging.glassupply.com\/ca\/wp-content\/uploads\/sites\/5\/2023\/07\/logo.svg\",\"contentUrl\":\"https:\/\/staging.glassupply.com\/ca\/wp-content\/uploads\/sites\/5\/2023\/07\/logo.svg\",\"width\":310,\"height\":24,\"caption\":\"Glassupply.com\"},\"image\":{\"@id\":\"https:\/\/glassupply.com\/ca\/fr\/#\/schema\/logo\/image\/\"}}]}<\/script>\n<!-- \/ Yoast SEO plugin. -->","yoast_head_json":{"title":"GS 2205 Duplex Stainless-Steel Surface Mount Spigot ES - Glassupply (CA)","robots":{"index":"index","follow":"follow","max-snippet":"max-snippet:-1","max-image-preview":"max-image-preview:large","max-video-preview":"max-video-preview:-1"},"canonical":"https:\/\/glassupply.com\/ca\/es\/producto\/gs-2205-duplex-stainless-steel-surface-mount-spigot\/","og_locale":"es_ES","og_type":"article","og_title":"GS 2205 Duplex Stainless-Steel Surface Mount Spigot ES - Glassupply (CA)","og_description":"Presentamos nuestro Spigot de Montaje Superficial GS 2205 de Acero Inoxidable D\u00faplex con Tornillos de Ajuste de Nivel, dise\u00f1ado para simplificar la instalaci\u00f3n de paneles de vidrio, incluso en superficies horizontales irregulares.  Nuestro paquete de Spigot de Montaje Superficial incluye m\u00faltiples insertos de diferentes grosores de juntas que pueden acomodar paneles de vidrio de \u215c\u201d pulgadas (10 mm) a 9\/16 pulgadas (13.5 mm) de espesor.  Nuestro dise\u00f1o \u00fanico con ranura en U agrandada diferencia a nuestro Spigot de otros en el mercado, facilitando la instalaci\u00f3n como nunca antes. Con la ranura ampliada, la alineaci\u00f3n se vuelve sencilla. Simplemente inserte el vidrio y ajuste seg\u00fan sea necesario, usando la junta provista. (Para vidrio de 12 mm, se necesita una sola junta.) Luego, apriete el tornillo Allen en su lugar.  La adici\u00f3n de una funci\u00f3n de puesta a tierra en la base del spigot garantiza el cumplimiento con los requisitos espec\u00edficos de puesta a tierra de ciertas jurisdicciones.  Equipado con cuatro tornillos ajustadores de nivel y una placa de acero inoxidable, este spigot facilita la alineaci\u00f3n y nivelaci\u00f3n de m\u00faltiples paneles de vidrio sin esfuerzo. Nuestra placa de presi\u00f3n ajustable simplifica la instalaci\u00f3n del vidrio \u2013 apriete el tornillo superior para inclinar el vidrio hacia adentro y el tornillo inferior para inclinarlo hacia afuera.  Adem\u00e1s, la barandilla puede nivelarse a la altura del vidrio para ajuste de altura. Cada paquete incluye bloques de ajuste, permitiendo un ajuste de vidrio de hasta \u00bd\u201d en altura.  Fabricado con la aleaci\u00f3n de acero inoxidable D\u00faplex 2205 de la m\u00e1s alta calidad, esta aleaci\u00f3n marina y anticorrosiva es conocida por su superior resistencia y durabilidad en ambientes exteriores agresivos. Nos enorgullece ofrecer solo la mejor calidad de acero inoxidable en el mercado. Nuestra aleaci\u00f3n de acero inoxidable D\u00faplex 2205 con 22% de cromo, 3% de molibdeno y 5 a 6% de n\u00edquel proporciona una resistencia a la corrosi\u00f3n superior y m\u00e1s del doble de resistencia al esfuerzo que el grado est\u00e1ndar de acero inoxidable austen\u00edtico.  Nuestros Sistemas de Barandillas de Vidrio Sin Marco est\u00e1n dise\u00f1ados para proporcionar m\u00e1xima seguridad, y hemos tomado todas las medidas para asegurar que cumplan o superen los m\u00e1s altos est\u00e1ndares de ingenier\u00eda. El Spigot de Acero Inoxidable D\u00faplex GS 2205 con Tornillos de Ajuste de Nivel ha pasado rigurosas pruebas de carga conforme a m\u00faltiples c\u00f3digos de construcci\u00f3n. Puede confiar en la calidad y fiabilidad de nuestros productos. Cont\u00e1ctenos hoy para m\u00e1s informaci\u00f3n y d\u00e9 el primer paso para mejorar su sistema de barandilla al m\u00e1s alto nivel de seguridad.  Elija entre un acabado de acero inoxidable pulido (cepillado) o un acabado mate negro liso que est\u00e1 recubierto con polvo aplicado electrost\u00e1ticamente y curado en horno para una superficie resistente a los ara\u00f1azos y protegida contra las inclemencias del tiempo. Ideal para aplicaciones tanto interiores como exteriores, ofrece una excelente resistencia a la corrosi\u00f3n, perfecto para estructuras con alto grado de corrosi\u00f3n, como regiones costeras y ambientes de piscinas.  Mejore la instalaci\u00f3n de sus paneles de vidrio con nuestro Spigot de Montaje Superficial GS 2205 de Acero Inoxidable D\u00faplex con Tornillos de Ajuste de Nivel, la combinaci\u00f3n perfecta de funcionalidad y estilo. ESPECIFICACIONES T\u00c9CNICAS    Espesor de Vidrio de Seguridad Paneles de vidrio de 3\/8\u201d (10 mm) a 9\/16\u201d (13.5 mm)   Color\/Acabado Acero Inoxidable Pulido, Negro Mate   Material de Fabricaci\u00f3n Acero Inoxidable D\u00faplex 2205   Uso Recomendado Interior, Exterior","og_url":"https:\/\/glassupply.com\/ca\/es\/producto\/gs-2205-duplex-stainless-steel-surface-mount-spigot\/","og_site_name":"Glassupply (CA)","article_modified_time":"2025-06-05T13:47:26+00:00","og_image":[{"width":2000,"height":2000,"url":"https:\/\/glassupply.com\/ca\/wp-content\/uploads\/sites\/5\/2023\/06\/R-SP-2205-1SS_2-1.webp","type":"image\/webp"}],"twitter_card":"summary_large_image","twitter_misc":{"Est. reading time":"1 minuto"},"schema":{"@context":"https:\/\/schema.org","@graph":[{"@type":"WebPage","@id":"https:\/\/glassupply.com\/ca\/es\/producto\/gs-2205-duplex-stainless-steel-surface-mount-spigot\/","url":"https:\/\/glassupply.com\/ca\/es\/producto\/gs-2205-duplex-stainless-steel-surface-mount-spigot\/","name":"GS 2205 Duplex Stainless-Steel Surface Mount Spigot ES - Glassupply (CA)","isPartOf":{"@id":"https:\/\/glassupply.com\/ca\/fr\/#website"},"primaryImageOfPage":{"@id":"https:\/\/glassupply.com\/ca\/es\/producto\/gs-2205-duplex-stainless-steel-surface-mount-spigot\/#primaryimage"},"image":{"@id":"https:\/\/glassupply.com\/ca\/es\/producto\/gs-2205-duplex-stainless-steel-surface-mount-spigot\/#primaryimage"},"thumbnailUrl":"https:\/\/glassupply.com\/ca\/wp-content\/uploads\/sites\/5\/2023\/06\/R-SP-2205-1SS_2-1.webp","datePublished":"2023-06-28T09:25:54+00:00","dateModified":"2025-06-05T13:47:26+00:00","breadcrumb":{"@id":"https:\/\/glassupply.com\/ca\/es\/producto\/gs-2205-duplex-stainless-steel-surface-mount-spigot\/#breadcrumb"},"inLanguage":"es","potentialAction":[{"@type":"ReadAction","target":["https:\/\/glassupply.com\/ca\/es\/producto\/gs-2205-duplex-stainless-steel-surface-mount-spigot\/"]}]},{"@type":"ImageObject","inLanguage":"es","@id":"https:\/\/glassupply.com\/ca\/es\/producto\/gs-2205-duplex-stainless-steel-surface-mount-spigot\/#primaryimage","url":"https:\/\/glassupply.com\/ca\/wp-content\/uploads\/sites\/5\/2023\/06\/R-SP-2205-1SS_2-1.webp","contentUrl":"https:\/\/glassupply.com\/ca\/wp-content\/uploads\/sites\/5\/2023\/06\/R-SP-2205-1SS_2-1.webp","width":2000,"height":2000},{"@type":"BreadcrumbList","@id":"https:\/\/glassupply.com\/ca\/es\/producto\/gs-2205-duplex-stainless-steel-surface-mount-spigot\/#breadcrumb","itemListElement":[{"@type":"ListItem","position":1,"name":"Home","item":"https:\/\/glassupply.com\/ca\/es\/"},{"@type":"ListItem","position":2,"name":"Tienda","item":"https:\/\/glassupply.com\/ca\/es\/tienda\/"},{"@type":"ListItem","position":3,"name":"GS 2205 Duplex Stainless-Steel Surface Mount Spigot ES"}]},{"@type":"WebSite","@id":"https:\/\/glassupply.com\/ca\/fr\/#website","url":"https:\/\/glassupply.com\/ca\/fr\/","name":"Glassupply.com","description":"From the manufacturer to your doorstep","publisher":{"@id":"https:\/\/glassupply.com\/ca\/fr\/#organization"},"potentialAction":[{"@type":"SearchAction","target":{"@type":"EntryPoint","urlTemplate":"https:\/\/glassupply.com\/ca\/fr\/?s={search_term_string}"},"query-input":{"@type":"PropertyValueSpecification","valueRequired":true,"valueName":"search_term_string"}}],"inLanguage":"es"},{"@type":"Organization","@id":"https:\/\/glassupply.com\/ca\/fr\/#organization","name":"Glassupply.com","url":"https:\/\/glassupply.com\/ca\/fr\/","logo":{"@type":"ImageObject","inLanguage":"es","@id":"https:\/\/glassupply.com\/ca\/fr\/#\/schema\/logo\/image\/","url":"https:\/\/staging.glassupply.com\/ca\/wp-content\/uploads\/sites\/5\/2023\/07\/logo.svg","contentUrl":"https:\/\/staging.glassupply.com\/ca\/wp-content\/uploads\/sites\/5\/2023\/07\/logo.svg","width":310,"height":24,"caption":"Glassupply.com"},"image":{"@id":"https:\/\/glassupply.com\/ca\/fr\/#\/schema\/logo\/image\/"}}]}},"_links":{"self":[{"href":"https:\/\/glassupply.com\/ca\/es\/wp-json\/wp\/v2\/product\/2437","targetHints":{"allow":["GET"]}}],"collection":[{"href":"https:\/\/glassupply.com\/ca\/es\/wp-json\/wp\/v2\/product"}],"about":[{"href":"https:\/\/glassupply.com\/ca\/es\/wp-json\/wp\/v2\/types\/product"}],"replies":[{"embeddable":true,"href":"https:\/\/glassupply.com\/ca\/es\/wp-json\/wp\/v2\/comments?post=2437"}],"wp:featuredmedia":[{"embeddable":true,"href":"https:\/\/glassupply.com\/ca\/es\/wp-json\/wp\/v2\/media\/5811"}],"wp:attachment":[{"href":"https:\/\/glassupply.com\/ca\/es\/wp-json\/wp\/v2\/media?parent=2437"}],"wp:term":[{"taxonomy":"product_brand","embeddable":true,"href":"https:\/\/glassupply.com\/ca\/es\/wp-json\/wp\/v2\/product_brand?post=2437"},{"taxonomy":"product_cat","embeddable":true,"href":"https:\/\/glassupply.com\/ca\/es\/wp-json\/wp\/v2\/product_cat?post=2437"},{"taxonomy":"product_tag","embeddable":true,"href":"https:\/\/glassupply.com\/ca\/es\/wp-json\/wp\/v2\/product_tag?post=2437"}],"curies":[{"name":"wp","href":"https:\/\/api.w.org\/{rel}","templated":true}]}}