{"id":6024,"date":"2024-04-09T08:05:54","date_gmt":"2024-04-09T13:05:54","guid":{"rendered":"https:\/\/glassupply.com\/ca\/shop\/square-post-kit-for-aluminum-framed-railing-system\/"},"modified":"2025-06-05T06:22:34","modified_gmt":"2025-06-05T11:22:34","slug":"square-post-kit-for-aluminum-framed-railing-system","status":"publish","type":"product","link":"https:\/\/glassupply.com\/ca\/es\/producto\/square-post-kit-for-aluminum-framed-railing-system\/","title":{"rendered":"2 1\/4&#8243; Square Post Kit for Aluminum Framed Railing System"},"content":{"rendered":"","protected":false},"excerpt":{"rendered":"<p><span style=\"font-weight: 400;\">Presentamos nuestro kit de poste cuadrado GS de 2 1\/4&#8243; para aplicaciones montadas en superficie, un componente fundamental idealmente adecuado para nuestro sistema de barandillas con marco de aluminio GS. Este robusto poste sirve como elemento clave para garantizar la integridad estructural y la estabilidad de nuestra soluci\u00f3n de barandillas con marco de aluminio GS, pero tambi\u00e9n puede usarse para otras aplicaciones.<\/span><\/p>\n<p><span style=\"font-weight: 400;\">El dise\u00f1o cuadrado de 2-1\/4&#8243; con esquinas de radio reducido ofrece solidez mientras minimiza la obstrucci\u00f3n visual y mantiene una apariencia elegante y contempor\u00e1nea.<\/span><\/p>\n<p><span style=\"font-weight: 400;\">Logre el m\u00e1ximo atractivo est\u00e9tico con nuestro sistema de poste y barandilla con marco de aluminio<\/span><b>, sin tornillos visibles ni marcas de soldadura para un acabado impecable.<\/b><\/p>\n<p><span style=\"font-weight: 400;\">Dise\u00f1ado para simplificar la instalaci\u00f3n de paneles de vidrio, incluso en superficies horizontales irregulares.<\/span><\/p>\n<p><span style=\"font-weight: 400;\">El kit de poste viene equipado con un soporte montado en el lateral, tapa de poste y cubiertas para tornillos de cabeza Lag y Phillips.<\/span><\/p>\n<p><span style=\"font-weight: 400;\">Tambi\u00e9n disponible con una base montada en el lateral, nuestro poste de 2-1\/4&#8243; ofrece fiabilidad y atractivo est\u00e9tico, lo que lo convierte en una excelente opci\u00f3n para cualquier proyecto.<\/span><\/p>\n<p><span style=\"font-weight: 400;\">\u00a0\u00a0Caracter\u00edsticas clave y beneficios:<\/span><\/p>\n<p><span style=\"font-weight: 400;\">&#8211; Estos postes est\u00e1n dise\u00f1ados meticulosamente para una integraci\u00f3n perfecta y un rendimiento duradero.<\/span><\/p>\n<p><span style=\"font-weight: 400;\">&#8211; La geometr\u00eda de los pilotos de tornillo internos dentro de la secci\u00f3n interna del poste permite conexiones f\u00e1ciles y ocultas con otros componentes del sistema.<\/span><\/p>\n<p><span style=\"font-weight: 400;\">&#8211; El dise\u00f1o cuadrado de 2-1\/4&#8243; con esquinas de radio reducido proporciona robustez y minimiza la obstrucci\u00f3n visual, manteniendo una apariencia moderna y estilizada.<\/span><\/p>\n<p><span style=\"font-weight: 400;\">&#8211; Fabricados con aluminio 6063-T6, estos postes garantizan resistencia y soporte para vidrio sin hundimientos ni necesidad de soportes adicionales.<\/span><\/p>\n<p><span style=\"font-weight: 400;\">&#8211; El recubrimiento en polvo AAMA 2604 proporciona una durabilidad de primer nivel.<\/span><\/p>\n<p><span style=\"font-weight: 400;\">&#8211; Disponibles en alturas finales de barandilla de 36&#8243;, 42&#8243; y 48&#8243;, estos postes se adaptan a diversos requisitos de proyecto.<\/span><\/p>\n<p><span style=\"font-weight: 400;\">&#8211; Sistema de ajuste por presi\u00f3n para la tapa del poste, sin necesidad de pegamento ni silicona.<\/span><\/p>\n<p><span style=\"font-weight: 400;\">&#8211; Montaje apto para bricolaje gracias a instrucciones detalladas y gu\u00edas de perforaci\u00f3n, lo que garantiza una instalaci\u00f3n sencilla.<\/span><\/p>\n<h2><b>EL KIT INCLUYE<\/b><\/h2>\n<table>\n<tbody>\n<tr>\n<td><b>Producto<\/b><\/td>\n<td><b>SKU<\/b><\/td>\n<td><b>Cant.<\/b><\/td>\n<\/tr>\n<tr>\n<td><span style=\"font-weight: 400;\">Poste cuadrado de 2 1\/4&#8243;<\/span><\/td>\n<td><span style=\"font-weight: 400;\">R-AFR-37PO-XX, o R-AFR-43PO-XX, o R-AFR-49PO-XX<\/span><\/td>\n<td><span style=\"font-weight: 400;\">1<\/span><\/td>\n<\/tr>\n<tr>\n<td><span style=\"font-weight: 400;\">Base del poste<\/span><\/td>\n<td><span style=\"font-weight: 400;\">R-AFR-PB-XX<\/span><\/td>\n<td><span style=\"font-weight: 400;\">1<\/span><\/td>\n<\/tr>\n<tr>\n<td><span style=\"font-weight: 400;\">Tapa del poste<\/span><\/td>\n<td><span style=\"font-weight: 400;\">R-AFR-PC<\/span><\/td>\n<td><span style=\"font-weight: 400;\">1<\/span><\/td>\n<\/tr>\n<tr>\n<td><span style=\"font-weight: 400;\">Cubiertas para tornillos de cabeza Lag<\/span><\/td>\n<td><span style=\"font-weight: 400;\">R-AFR-CLS-XX<\/span><\/td>\n<td><span style=\"font-weight: 400;\">4<\/span><\/td>\n<\/tr>\n<tr>\n<td><span style=\"font-weight: 400;\">Tornillo de cabeza plana acero inoxidable 18-8, tama\u00f1o #14, 2&#8243; de largo (para fijaci\u00f3n de la base al poste)<\/span><\/td>\n<td><span style=\"font-weight: 400;\">R-AFR-BPSCW14-2-00<\/span><\/td>\n<td><span style=\"font-weight: 400;\">4<\/span><\/td>\n<\/tr>\n<\/tbody>\n<\/table>\n<h2><b>ESPECIFICACIONES T\u00c9CNICAS<\/b><\/h2>\n<table>\n<tbody>\n<tr>\n<td><b>Tratamiento de superficie<\/b><\/td>\n<td><span style=\"font-weight: 400;\">Revestimiento en polvo<\/span><\/td>\n<\/tr>\n<tr>\n<td><b>Color\/Acabado<\/b><\/td>\n<td><span style=\"font-weight: 400;\">Blanco, Negro<\/span><\/td>\n<\/tr>\n<tr>\n<td><b>Material de fabricaci\u00f3n<\/b><\/td>\n<td><span style=\"font-weight: 400;\">Aluminio 6063-T6<\/span><\/td>\n<\/tr>\n<tr>\n<td><b>Uso recomendado<\/b><\/td>\n<td><span style=\"font-weight: 400;\">Barandillas, Cercado para piscinas, Barandales, Barandillas de terrazas<\/span><\/td>\n<\/tr>\n<\/tbody>\n<\/table>\n","protected":false},"featured_media":5983,"comment_status":"closed","ping_status":"closed","template":"","meta":{"_acf_changed":false,"inline_featured_image":false},"product_brand":[],"product_cat":[156,60,135],"product_tag":[],"class_list":{"0":"post-6024","1":"product","2":"type-product","3":"status-publish","4":"has-post-thumbnail","6":"product_cat-aluminum-framed-railing-es-glass-fence-railing-hardware-es","7":"product_cat-glass-fence-railing-hardware-es","8":"product_cat-railing-system-es","10":"first","11":"instock","12":"taxable","13":"shipping-taxable","14":"purchasable","15":"product-type-variable"},"acf":[],"yoast_head":"<!-- This site is optimized with the Yoast SEO plugin v26.9 - https:\/\/yoast.com\/product\/yoast-seo-wordpress\/ -->\n<title>2 1\/4&quot; Square Post Kit for Aluminum Framed Railing System - Glassupply (CA)<\/title>\n<meta name=\"robots\" content=\"index, follow, max-snippet:-1, max-image-preview:large, max-video-preview:-1\" \/>\n<link rel=\"canonical\" href=\"https:\/\/glassupply.com\/ca\/es\/producto\/square-post-kit-for-aluminum-framed-railing-system\/\" \/>\n<meta property=\"og:locale\" content=\"es_ES\" \/>\n<meta property=\"og:type\" content=\"article\" \/>\n<meta property=\"og:title\" content=\"2 1\/4&quot; Square Post Kit for Aluminum Framed Railing System - Glassupply (CA)\" \/>\n<meta property=\"og:description\" content=\"Presentamos nuestro kit de poste cuadrado GS de 2 1\/4&quot; para aplicaciones montadas en superficie, un componente fundamental idealmente adecuado para nuestro sistema de barandillas con marco de aluminio GS. Este robusto poste sirve como elemento clave para garantizar la integridad estructural y la estabilidad de nuestra soluci\u00f3n de barandillas con marco de aluminio GS, pero tambi\u00e9n puede usarse para otras aplicaciones.  El dise\u00f1o cuadrado de 2-1\/4&quot; con esquinas de radio reducido ofrece solidez mientras minimiza la obstrucci\u00f3n visual y mantiene una apariencia elegante y contempor\u00e1nea.  Logre el m\u00e1ximo atractivo est\u00e9tico con nuestro sistema de poste y barandilla con marco de aluminio, sin tornillos visibles ni marcas de soldadura para un acabado impecable.  Dise\u00f1ado para simplificar la instalaci\u00f3n de paneles de vidrio, incluso en superficies horizontales irregulares.  El kit de poste viene equipado con un soporte montado en el lateral, tapa de poste y cubiertas para tornillos de cabeza Lag y Phillips.  Tambi\u00e9n disponible con una base montada en el lateral, nuestro poste de 2-1\/4&quot; ofrece fiabilidad y atractivo est\u00e9tico, lo que lo convierte en una excelente opci\u00f3n para cualquier proyecto.  \u00a0\u00a0Caracter\u00edsticas clave y beneficios:  - Estos postes est\u00e1n dise\u00f1ados meticulosamente para una integraci\u00f3n perfecta y un rendimiento duradero.  - La geometr\u00eda de los pilotos de tornillo internos dentro de la secci\u00f3n interna del poste permite conexiones f\u00e1ciles y ocultas con otros componentes del sistema.  - El dise\u00f1o cuadrado de 2-1\/4&quot; con esquinas de radio reducido proporciona robustez y minimiza la obstrucci\u00f3n visual, manteniendo una apariencia moderna y estilizada.  - Fabricados con aluminio 6063-T6, estos postes garantizan resistencia y soporte para vidrio sin hundimientos ni necesidad de soportes adicionales.  - El recubrimiento en polvo AAMA 2604 proporciona una durabilidad de primer nivel.  - Disponibles en alturas finales de barandilla de 36&quot;, 42&quot; y 48&quot;, estos postes se adaptan a diversos requisitos de proyecto.  - Sistema de ajuste por presi\u00f3n para la tapa del poste, sin necesidad de pegamento ni silicona.  - Montaje apto para bricolaje gracias a instrucciones detalladas y gu\u00edas de perforaci\u00f3n, lo que garantiza una instalaci\u00f3n sencilla. EL KIT INCLUYE    Producto SKU Cant.   Poste cuadrado de 2 1\/4&quot; R-AFR-37PO-XX, o R-AFR-43PO-XX, o R-AFR-49PO-XX 1   Base del poste R-AFR-PB-XX 1   Tapa del poste R-AFR-PC 1   Cubiertas para tornillos de cabeza Lag R-AFR-CLS-XX 4   Tornillo de cabeza plana acero inoxidable 18-8, tama\u00f1o #14, 2&quot; de largo (para fijaci\u00f3n de la base al poste) R-AFR-BPSCW14-2-00 4    ESPECIFICACIONES T\u00c9CNICAS    Tratamiento de superficie Revestimiento en polvo   Color\/Acabado Blanco, Negro   Material de fabricaci\u00f3n Aluminio 6063-T6   Uso recomendado Barandillas, Cercado para piscinas, Barandales, Barandillas de terrazas\" \/>\n<meta property=\"og:url\" content=\"https:\/\/glassupply.com\/ca\/es\/producto\/square-post-kit-for-aluminum-framed-railing-system\/\" \/>\n<meta property=\"og:site_name\" content=\"Glassupply (CA)\" \/>\n<meta property=\"article:modified_time\" content=\"2025-06-05T11:22:34+00:00\" \/>\n<meta property=\"og:image\" content=\"https:\/\/glassupply.com\/ca\/wp-content\/uploads\/sites\/5\/2024\/04\/R-AFR-43POKIT-BK.webp\" \/>\n\t<meta property=\"og:image:width\" content=\"2000\" \/>\n\t<meta property=\"og:image:height\" content=\"2000\" \/>\n\t<meta property=\"og:image:type\" content=\"image\/webp\" \/>\n<meta name=\"twitter:card\" content=\"summary_large_image\" \/>\n<meta name=\"twitter:label1\" content=\"Est. reading time\" \/>\n\t<meta name=\"twitter:data1\" content=\"1 minuto\" \/>\n<script type=\"application\/ld+json\" class=\"yoast-schema-graph\">{\"@context\":\"https:\/\/schema.org\",\"@graph\":[{\"@type\":\"WebPage\",\"@id\":\"https:\/\/glassupply.com\/ca\/es\/producto\/square-post-kit-for-aluminum-framed-railing-system\/\",\"url\":\"https:\/\/glassupply.com\/ca\/es\/producto\/square-post-kit-for-aluminum-framed-railing-system\/\",\"name\":\"2 1\/4\\\" Square Post Kit for Aluminum Framed Railing System - Glassupply (CA)\",\"isPartOf\":{\"@id\":\"https:\/\/glassupply.com\/ca\/fr\/#website\"},\"primaryImageOfPage\":{\"@id\":\"https:\/\/glassupply.com\/ca\/es\/producto\/square-post-kit-for-aluminum-framed-railing-system\/#primaryimage\"},\"image\":{\"@id\":\"https:\/\/glassupply.com\/ca\/es\/producto\/square-post-kit-for-aluminum-framed-railing-system\/#primaryimage\"},\"thumbnailUrl\":\"https:\/\/glassupply.com\/ca\/wp-content\/uploads\/sites\/5\/2024\/04\/R-AFR-43POKIT-BK.webp\",\"datePublished\":\"2024-04-09T13:05:54+00:00\",\"dateModified\":\"2025-06-05T11:22:34+00:00\",\"breadcrumb\":{\"@id\":\"https:\/\/glassupply.com\/ca\/es\/producto\/square-post-kit-for-aluminum-framed-railing-system\/#breadcrumb\"},\"inLanguage\":\"es\",\"potentialAction\":[{\"@type\":\"ReadAction\",\"target\":[\"https:\/\/glassupply.com\/ca\/es\/producto\/square-post-kit-for-aluminum-framed-railing-system\/\"]}]},{\"@type\":\"ImageObject\",\"inLanguage\":\"es\",\"@id\":\"https:\/\/glassupply.com\/ca\/es\/producto\/square-post-kit-for-aluminum-framed-railing-system\/#primaryimage\",\"url\":\"https:\/\/glassupply.com\/ca\/wp-content\/uploads\/sites\/5\/2024\/04\/R-AFR-43POKIT-BK.webp\",\"contentUrl\":\"https:\/\/glassupply.com\/ca\/wp-content\/uploads\/sites\/5\/2024\/04\/R-AFR-43POKIT-BK.webp\",\"width\":2000,\"height\":2000},{\"@type\":\"BreadcrumbList\",\"@id\":\"https:\/\/glassupply.com\/ca\/es\/producto\/square-post-kit-for-aluminum-framed-railing-system\/#breadcrumb\",\"itemListElement\":[{\"@type\":\"ListItem\",\"position\":1,\"name\":\"Home\",\"item\":\"https:\/\/glassupply.com\/ca\/es\/\"},{\"@type\":\"ListItem\",\"position\":2,\"name\":\"Tienda\",\"item\":\"https:\/\/glassupply.com\/ca\/es\/tienda\/\"},{\"@type\":\"ListItem\",\"position\":3,\"name\":\"2 1\/4&#8243; Square Post Kit for Aluminum Framed Railing System\"}]},{\"@type\":\"WebSite\",\"@id\":\"https:\/\/glassupply.com\/ca\/fr\/#website\",\"url\":\"https:\/\/glassupply.com\/ca\/fr\/\",\"name\":\"Glassupply.com\",\"description\":\"From the manufacturer to your doorstep\",\"publisher\":{\"@id\":\"https:\/\/glassupply.com\/ca\/fr\/#organization\"},\"potentialAction\":[{\"@type\":\"SearchAction\",\"target\":{\"@type\":\"EntryPoint\",\"urlTemplate\":\"https:\/\/glassupply.com\/ca\/fr\/?s={search_term_string}\"},\"query-input\":{\"@type\":\"PropertyValueSpecification\",\"valueRequired\":true,\"valueName\":\"search_term_string\"}}],\"inLanguage\":\"es\"},{\"@type\":\"Organization\",\"@id\":\"https:\/\/glassupply.com\/ca\/fr\/#organization\",\"name\":\"Glassupply.com\",\"url\":\"https:\/\/glassupply.com\/ca\/fr\/\",\"logo\":{\"@type\":\"ImageObject\",\"inLanguage\":\"es\",\"@id\":\"https:\/\/glassupply.com\/ca\/fr\/#\/schema\/logo\/image\/\",\"url\":\"https:\/\/staging.glassupply.com\/ca\/wp-content\/uploads\/sites\/5\/2023\/07\/logo.svg\",\"contentUrl\":\"https:\/\/staging.glassupply.com\/ca\/wp-content\/uploads\/sites\/5\/2023\/07\/logo.svg\",\"width\":310,\"height\":24,\"caption\":\"Glassupply.com\"},\"image\":{\"@id\":\"https:\/\/glassupply.com\/ca\/fr\/#\/schema\/logo\/image\/\"}}]}<\/script>\n<!-- \/ Yoast SEO plugin. -->","yoast_head_json":{"title":"2 1\/4\" Square Post Kit for Aluminum Framed Railing System - Glassupply (CA)","robots":{"index":"index","follow":"follow","max-snippet":"max-snippet:-1","max-image-preview":"max-image-preview:large","max-video-preview":"max-video-preview:-1"},"canonical":"https:\/\/glassupply.com\/ca\/es\/producto\/square-post-kit-for-aluminum-framed-railing-system\/","og_locale":"es_ES","og_type":"article","og_title":"2 1\/4\" Square Post Kit for Aluminum Framed Railing System - Glassupply (CA)","og_description":"Presentamos nuestro kit de poste cuadrado GS de 2 1\/4\" para aplicaciones montadas en superficie, un componente fundamental idealmente adecuado para nuestro sistema de barandillas con marco de aluminio GS. Este robusto poste sirve como elemento clave para garantizar la integridad estructural y la estabilidad de nuestra soluci\u00f3n de barandillas con marco de aluminio GS, pero tambi\u00e9n puede usarse para otras aplicaciones.  El dise\u00f1o cuadrado de 2-1\/4\" con esquinas de radio reducido ofrece solidez mientras minimiza la obstrucci\u00f3n visual y mantiene una apariencia elegante y contempor\u00e1nea.  Logre el m\u00e1ximo atractivo est\u00e9tico con nuestro sistema de poste y barandilla con marco de aluminio, sin tornillos visibles ni marcas de soldadura para un acabado impecable.  Dise\u00f1ado para simplificar la instalaci\u00f3n de paneles de vidrio, incluso en superficies horizontales irregulares.  El kit de poste viene equipado con un soporte montado en el lateral, tapa de poste y cubiertas para tornillos de cabeza Lag y Phillips.  Tambi\u00e9n disponible con una base montada en el lateral, nuestro poste de 2-1\/4\" ofrece fiabilidad y atractivo est\u00e9tico, lo que lo convierte en una excelente opci\u00f3n para cualquier proyecto.  \u00a0\u00a0Caracter\u00edsticas clave y beneficios:  - Estos postes est\u00e1n dise\u00f1ados meticulosamente para una integraci\u00f3n perfecta y un rendimiento duradero.  - La geometr\u00eda de los pilotos de tornillo internos dentro de la secci\u00f3n interna del poste permite conexiones f\u00e1ciles y ocultas con otros componentes del sistema.  - El dise\u00f1o cuadrado de 2-1\/4\" con esquinas de radio reducido proporciona robustez y minimiza la obstrucci\u00f3n visual, manteniendo una apariencia moderna y estilizada.  - Fabricados con aluminio 6063-T6, estos postes garantizan resistencia y soporte para vidrio sin hundimientos ni necesidad de soportes adicionales.  - El recubrimiento en polvo AAMA 2604 proporciona una durabilidad de primer nivel.  - Disponibles en alturas finales de barandilla de 36\", 42\" y 48\", estos postes se adaptan a diversos requisitos de proyecto.  - Sistema de ajuste por presi\u00f3n para la tapa del poste, sin necesidad de pegamento ni silicona.  - Montaje apto para bricolaje gracias a instrucciones detalladas y gu\u00edas de perforaci\u00f3n, lo que garantiza una instalaci\u00f3n sencilla. EL KIT INCLUYE    Producto SKU Cant.   Poste cuadrado de 2 1\/4\" R-AFR-37PO-XX, o R-AFR-43PO-XX, o R-AFR-49PO-XX 1   Base del poste R-AFR-PB-XX 1   Tapa del poste R-AFR-PC 1   Cubiertas para tornillos de cabeza Lag R-AFR-CLS-XX 4   Tornillo de cabeza plana acero inoxidable 18-8, tama\u00f1o #14, 2\" de largo (para fijaci\u00f3n de la base al poste) R-AFR-BPSCW14-2-00 4    ESPECIFICACIONES T\u00c9CNICAS    Tratamiento de superficie Revestimiento en polvo   Color\/Acabado Blanco, Negro   Material de fabricaci\u00f3n Aluminio 6063-T6   Uso recomendado Barandillas, Cercado para piscinas, Barandales, Barandillas de terrazas","og_url":"https:\/\/glassupply.com\/ca\/es\/producto\/square-post-kit-for-aluminum-framed-railing-system\/","og_site_name":"Glassupply (CA)","article_modified_time":"2025-06-05T11:22:34+00:00","og_image":[{"width":2000,"height":2000,"url":"https:\/\/glassupply.com\/ca\/wp-content\/uploads\/sites\/5\/2024\/04\/R-AFR-43POKIT-BK.webp","type":"image\/webp"}],"twitter_card":"summary_large_image","twitter_misc":{"Est. reading time":"1 minuto"},"schema":{"@context":"https:\/\/schema.org","@graph":[{"@type":"WebPage","@id":"https:\/\/glassupply.com\/ca\/es\/producto\/square-post-kit-for-aluminum-framed-railing-system\/","url":"https:\/\/glassupply.com\/ca\/es\/producto\/square-post-kit-for-aluminum-framed-railing-system\/","name":"2 1\/4\" Square Post Kit for Aluminum Framed Railing System - Glassupply (CA)","isPartOf":{"@id":"https:\/\/glassupply.com\/ca\/fr\/#website"},"primaryImageOfPage":{"@id":"https:\/\/glassupply.com\/ca\/es\/producto\/square-post-kit-for-aluminum-framed-railing-system\/#primaryimage"},"image":{"@id":"https:\/\/glassupply.com\/ca\/es\/producto\/square-post-kit-for-aluminum-framed-railing-system\/#primaryimage"},"thumbnailUrl":"https:\/\/glassupply.com\/ca\/wp-content\/uploads\/sites\/5\/2024\/04\/R-AFR-43POKIT-BK.webp","datePublished":"2024-04-09T13:05:54+00:00","dateModified":"2025-06-05T11:22:34+00:00","breadcrumb":{"@id":"https:\/\/glassupply.com\/ca\/es\/producto\/square-post-kit-for-aluminum-framed-railing-system\/#breadcrumb"},"inLanguage":"es","potentialAction":[{"@type":"ReadAction","target":["https:\/\/glassupply.com\/ca\/es\/producto\/square-post-kit-for-aluminum-framed-railing-system\/"]}]},{"@type":"ImageObject","inLanguage":"es","@id":"https:\/\/glassupply.com\/ca\/es\/producto\/square-post-kit-for-aluminum-framed-railing-system\/#primaryimage","url":"https:\/\/glassupply.com\/ca\/wp-content\/uploads\/sites\/5\/2024\/04\/R-AFR-43POKIT-BK.webp","contentUrl":"https:\/\/glassupply.com\/ca\/wp-content\/uploads\/sites\/5\/2024\/04\/R-AFR-43POKIT-BK.webp","width":2000,"height":2000},{"@type":"BreadcrumbList","@id":"https:\/\/glassupply.com\/ca\/es\/producto\/square-post-kit-for-aluminum-framed-railing-system\/#breadcrumb","itemListElement":[{"@type":"ListItem","position":1,"name":"Home","item":"https:\/\/glassupply.com\/ca\/es\/"},{"@type":"ListItem","position":2,"name":"Tienda","item":"https:\/\/glassupply.com\/ca\/es\/tienda\/"},{"@type":"ListItem","position":3,"name":"2 1\/4&#8243; Square Post Kit for Aluminum Framed Railing System"}]},{"@type":"WebSite","@id":"https:\/\/glassupply.com\/ca\/fr\/#website","url":"https:\/\/glassupply.com\/ca\/fr\/","name":"Glassupply.com","description":"From the manufacturer to your doorstep","publisher":{"@id":"https:\/\/glassupply.com\/ca\/fr\/#organization"},"potentialAction":[{"@type":"SearchAction","target":{"@type":"EntryPoint","urlTemplate":"https:\/\/glassupply.com\/ca\/fr\/?s={search_term_string}"},"query-input":{"@type":"PropertyValueSpecification","valueRequired":true,"valueName":"search_term_string"}}],"inLanguage":"es"},{"@type":"Organization","@id":"https:\/\/glassupply.com\/ca\/fr\/#organization","name":"Glassupply.com","url":"https:\/\/glassupply.com\/ca\/fr\/","logo":{"@type":"ImageObject","inLanguage":"es","@id":"https:\/\/glassupply.com\/ca\/fr\/#\/schema\/logo\/image\/","url":"https:\/\/staging.glassupply.com\/ca\/wp-content\/uploads\/sites\/5\/2023\/07\/logo.svg","contentUrl":"https:\/\/staging.glassupply.com\/ca\/wp-content\/uploads\/sites\/5\/2023\/07\/logo.svg","width":310,"height":24,"caption":"Glassupply.com"},"image":{"@id":"https:\/\/glassupply.com\/ca\/fr\/#\/schema\/logo\/image\/"}}]}},"_links":{"self":[{"href":"https:\/\/glassupply.com\/ca\/es\/wp-json\/wp\/v2\/product\/6024","targetHints":{"allow":["GET"]}}],"collection":[{"href":"https:\/\/glassupply.com\/ca\/es\/wp-json\/wp\/v2\/product"}],"about":[{"href":"https:\/\/glassupply.com\/ca\/es\/wp-json\/wp\/v2\/types\/product"}],"replies":[{"embeddable":true,"href":"https:\/\/glassupply.com\/ca\/es\/wp-json\/wp\/v2\/comments?post=6024"}],"wp:featuredmedia":[{"embeddable":true,"href":"https:\/\/glassupply.com\/ca\/es\/wp-json\/wp\/v2\/media\/5983"}],"wp:attachment":[{"href":"https:\/\/glassupply.com\/ca\/es\/wp-json\/wp\/v2\/media?parent=6024"}],"wp:term":[{"taxonomy":"product_brand","embeddable":true,"href":"https:\/\/glassupply.com\/ca\/es\/wp-json\/wp\/v2\/product_brand?post=6024"},{"taxonomy":"product_cat","embeddable":true,"href":"https:\/\/glassupply.com\/ca\/es\/wp-json\/wp\/v2\/product_cat?post=6024"},{"taxonomy":"product_tag","embeddable":true,"href":"https:\/\/glassupply.com\/ca\/es\/wp-json\/wp\/v2\/product_tag?post=6024"}],"curies":[{"name":"wp","href":"https:\/\/api.w.org\/{rel}","templated":true}]}}