{"id":6072,"date":"2024-04-09T08:23:22","date_gmt":"2024-04-09T13:23:22","guid":{"rendered":"https:\/\/glassupply.com\/ca\/shop\/outside-corner-fascia-mounted-square-post-kit\/"},"modified":"2025-06-05T06:38:39","modified_gmt":"2025-06-05T11:38:39","slug":"outside-corner-fascia-mounted-square-post-kit","status":"publish","type":"product","link":"https:\/\/glassupply.com\/ca\/es\/producto\/outside-corner-fascia-mounted-square-post-kit\/","title":{"rendered":"Outside Corner Fascia Mounted 2 1\/4&#8243; Square Post Kit"},"content":{"rendered":"","protected":false},"excerpt":{"rendered":"<p><span style=\"font-weight: 400;\">Presentamos nuestro Kit de Poste Cuadrado GS 2 1\/4&#8243; para aplicaciones de montaje en fascia de esquina exterior, un componente fundamental ideal para nuestro sistema de barandilla con marco de aluminio GS montado en fascia. Este poste robusto sirve como un elemento esencial para garantizar la integridad estructural y la estabilidad de nuestra soluci\u00f3n de barandilla con marco de aluminio GS, pero tambi\u00e9n puede utilizarse para otras aplicaciones.<\/span><\/p>\n<p><span style=\"font-weight: 400;\">El Poste de Esquina Exterior Montado en Fascia est\u00e1 dise\u00f1ado para una fijaci\u00f3n segura al tablero de fascia exterior de una terraza o cualquier otra superficie, asegurando estabilidad y fiabilidad. Cuando se enfrenta a superficies con borde goteante o nariz, emplear m\u00faltiples cu\u00f1as de soporte para el soporte de esquina de fascia de 1\/2&#8243; apiladas puede despejar eficazmente el saliente de la nariz.<\/span><b>Las cu\u00f1as para soporte de esquina se venden por separado.<\/b><\/p>\n<p><b>El beneficio principal de utilizar un sistema montado en fascia es la capacidad de ahorrar m\u00e1s de 4 pulgadas de espacio en la terraza en comparaci\u00f3n con postes montados en superficie.<\/b><\/p>\n<p><span style=\"font-weight: 400;\">Logre el m\u00e1ximo atractivo est\u00e9tico con nuestro poste y sistema de barandilla con marco de aluminio, que cuenta con<\/span><b> tornillos visibles o marcas de soldadura para un acabado impecable.<\/b><\/p>\n<p><span style=\"font-weight: 400;\">Dise\u00f1ado para simplificar la instalaci\u00f3n de paneles de vidrio, incluso en superficies horizontales irregulares,<\/span><\/p>\n<p><span style=\"font-weight: 400;\">El Kit de Poste viene equipado con un soporte montado en fascia, tapa de poste, cubiertas para tornillos de cabeza lag y cabeza Phillips.<\/span><\/p>\n<p><span style=\"font-weight: 400;\">Para postes montados en fascia asegurados en l\u00ednea recta, opte por el <\/span><span style=\"font-weight: 400;\">Kit de Poste Montado en Fascia Recto de 2 1\/4&#8243;.<\/span><\/p>\n<p><span style=\"font-weight: 400;\">Para postes montados en fascia asegurados en una esquina interior, opte por el <\/span><span style=\"font-weight: 400;\">Kit de Poste Montado en Fascia de Esquina Interior de 2 1\/4&#8243;.<\/span><\/p>\n<p><span style=\"font-weight: 400;\">Tambi\u00e9n disponible con base montada en la parte superior.<\/span><\/p>\n<p><span style=\"font-weight: 400;\">\u00a0\u00a0Caracter\u00edsticas y Beneficios Clave:<\/span><\/p>\n<p><span style=\"font-weight: 400;\">&#8211; Estos postes est\u00e1n meticulosamente dise\u00f1ados para una integraci\u00f3n perfecta y un rendimiento duradero.<\/span><\/p>\n<p><span style=\"font-weight: 400;\">&#8211; La geometr\u00eda interna de los pilotes para tornillos dentro de la secci\u00f3n interna del poste facilita conexiones con otros componentes del sistema de manera sencilla y oculta.<\/span><\/p>\n<p><span style=\"font-weight: 400;\">&#8211; El dise\u00f1o cuadrado de 2 1\/4&#8243; con esquinas de radio cerrado ofrece robustez mientras minimiza la obstrucci\u00f3n de la vista y mantiene un aspecto elegante y contempor\u00e1neo.<\/span><\/p>\n<p><span style=\"font-weight: 400;\">&#8211; Fabricados con aluminio 6063-T6, estos postes garantizan resistencia y soporte para vidrio sin hundimientos ni soporte adicional requerido.<\/span><\/p>\n<p><span style=\"font-weight: 400;\">&#8211; El recubrimiento en polvo AAMA 2604 proporciona durabilidad de primera l\u00ednea.<\/span><\/p>\n<p><span style=\"font-weight: 400;\">&#8211; Disponibles en alturas finales de barandilla de 36\u201d, 42&#8243; y 48\u201d, estos postes satisfacen diversos requisitos de proyectos.<\/span><\/p>\n<p><span style=\"font-weight: 400;\">&#8211; Sistema de ajuste a presi\u00f3n para tapa de poste, no requiere pegamento ni silicona.<\/span><\/p>\n<h2><b>EL KIT INCLUYE<\/b><\/h2>\n<table>\n<tbody>\n<tr>\n<td><b>Producto<\/b><\/td>\n<td><b>SKU<\/b><\/td>\n<td><b>Cantidad<\/b><\/td>\n<\/tr>\n<tr>\n<td><span style=\"font-weight: 400;\">Poste Cuadrado 2 1\/4&#8243;<\/span><\/td>\n<td><span style=\"font-weight: 400;\">R-AFR-37PO-XX, o R-AFR-43PO-XX, o R-AFR-49PO-XX<\/span><\/td>\n<td><span style=\"font-weight: 400;\">1<\/span><\/td>\n<\/tr>\n<tr>\n<td><span style=\"font-weight: 400;\">Soporte de Soporte de Esquina Exterior Montado en Fascia<\/span><\/td>\n<td><span style=\"font-weight: 400;\">R-AFR-FMOCB-XX<\/span><\/td>\n<td><span style=\"font-weight: 400;\">1<\/span><\/td>\n<\/tr>\n<tr>\n<td><span style=\"font-weight: 400;\">Tapa de Poste<\/span><\/td>\n<td><span style=\"font-weight: 400;\">R-AFR-PC<\/span><\/td>\n<td><span style=\"font-weight: 400;\">1<\/span><\/td>\n<\/tr>\n<tr>\n<td><span style=\"font-weight: 400;\">Cubiertas para Tornillos de Cabeza Lag<\/span><\/td>\n<td><span style=\"font-weight: 400;\">R-AFR-CLS-XX<\/span><\/td>\n<td><span style=\"font-weight: 400;\">4<\/span><\/td>\n<\/tr>\n<tr>\n<td><span style=\"font-weight: 400;\">Tornillo plano de acero inoxidable 18-8, tama\u00f1o #10, 1&#8243; de largo (para soporte a poste)<\/span><\/td>\n<td><span style=\"font-weight: 400;\">R-AFR-FMSCW10-1-00<\/span><\/td>\n<td><span style=\"font-weight: 400;\">2<\/span><\/td>\n<\/tr>\n<\/tbody>\n<\/table>\n<h2><b>ESPECIFICACIONES T\u00c9CNICAS<\/b><\/h2>\n<table>\n<tbody>\n<tr>\n<td><b>Tratamiento de Superficie<\/b><\/td>\n<td><span style=\"font-weight: 400;\">Revestimiento en polvo<\/span><\/td>\n<\/tr>\n<tr>\n<td><b>Color\/Acabado<\/b><\/td>\n<td><span style=\"font-weight: 400;\">Blanco, Negro<\/span><\/td>\n<\/tr>\n<tr>\n<td><b>Material de Fabricaci\u00f3n<\/b><\/td>\n<td><span style=\"font-weight: 400;\">Aluminio 6063-T6<\/span><\/td>\n<\/tr>\n<tr>\n<td><b>Uso Recomendado<\/b><\/td>\n<td><span style=\"font-weight: 400;\">Barandilla, Cerramiento de Piscina, Barandilla de Seguridad, Barandilla para Terraza<\/span><\/td>\n<\/tr>\n<\/tbody>\n<\/table>\n","protected":false},"featured_media":12833,"comment_status":"closed","ping_status":"closed","template":"","meta":{"_acf_changed":false,"inline_featured_image":false},"product_brand":[],"product_cat":[156,60,135],"product_tag":[],"class_list":{"0":"post-6072","1":"product","2":"type-product","3":"status-publish","4":"has-post-thumbnail","6":"product_cat-aluminum-framed-railing-es-glass-fence-railing-hardware-es","7":"product_cat-glass-fence-railing-hardware-es","8":"product_cat-railing-system-es","10":"first","11":"instock","12":"taxable","13":"shipping-taxable","14":"purchasable","15":"product-type-variable"},"acf":[],"yoast_head":"<!-- This site is optimized with the Yoast SEO plugin v26.9 - https:\/\/yoast.com\/product\/yoast-seo-wordpress\/ -->\n<title>Outside Corner Fascia Mounted 2 1\/4&quot; Square Post Kit - Glassupply (CA)<\/title>\n<meta name=\"robots\" content=\"index, follow, max-snippet:-1, max-image-preview:large, max-video-preview:-1\" \/>\n<link rel=\"canonical\" href=\"https:\/\/glassupply.com\/ca\/es\/producto\/outside-corner-fascia-mounted-square-post-kit\/\" \/>\n<meta property=\"og:locale\" content=\"es_ES\" \/>\n<meta property=\"og:type\" content=\"article\" \/>\n<meta property=\"og:title\" content=\"Outside Corner Fascia Mounted 2 1\/4&quot; Square Post Kit - Glassupply (CA)\" \/>\n<meta property=\"og:description\" content=\"Presentamos nuestro Kit de Poste Cuadrado GS 2 1\/4&quot; para aplicaciones de montaje en fascia de esquina exterior, un componente fundamental ideal para nuestro sistema de barandilla con marco de aluminio GS montado en fascia. Este poste robusto sirve como un elemento esencial para garantizar la integridad estructural y la estabilidad de nuestra soluci\u00f3n de barandilla con marco de aluminio GS, pero tambi\u00e9n puede utilizarse para otras aplicaciones.  El Poste de Esquina Exterior Montado en Fascia est\u00e1 dise\u00f1ado para una fijaci\u00f3n segura al tablero de fascia exterior de una terraza o cualquier otra superficie, asegurando estabilidad y fiabilidad. Cuando se enfrenta a superficies con borde goteante o nariz, emplear m\u00faltiples cu\u00f1as de soporte para el soporte de esquina de fascia de 1\/2&quot; apiladas puede despejar eficazmente el saliente de la nariz.Las cu\u00f1as para soporte de esquina se venden por separado.  El beneficio principal de utilizar un sistema montado en fascia es la capacidad de ahorrar m\u00e1s de 4 pulgadas de espacio en la terraza en comparaci\u00f3n con postes montados en superficie.  Logre el m\u00e1ximo atractivo est\u00e9tico con nuestro poste y sistema de barandilla con marco de aluminio, que cuenta con tornillos visibles o marcas de soldadura para un acabado impecable.  Dise\u00f1ado para simplificar la instalaci\u00f3n de paneles de vidrio, incluso en superficies horizontales irregulares,  El Kit de Poste viene equipado con un soporte montado en fascia, tapa de poste, cubiertas para tornillos de cabeza lag y cabeza Phillips.  Para postes montados en fascia asegurados en l\u00ednea recta, opte por el Kit de Poste Montado en Fascia Recto de 2 1\/4&quot;.  Para postes montados en fascia asegurados en una esquina interior, opte por el Kit de Poste Montado en Fascia de Esquina Interior de 2 1\/4&quot;.  Tambi\u00e9n disponible con base montada en la parte superior.  \u00a0\u00a0Caracter\u00edsticas y Beneficios Clave:  - Estos postes est\u00e1n meticulosamente dise\u00f1ados para una integraci\u00f3n perfecta y un rendimiento duradero.  - La geometr\u00eda interna de los pilotes para tornillos dentro de la secci\u00f3n interna del poste facilita conexiones con otros componentes del sistema de manera sencilla y oculta.  - El dise\u00f1o cuadrado de 2 1\/4&quot; con esquinas de radio cerrado ofrece robustez mientras minimiza la obstrucci\u00f3n de la vista y mantiene un aspecto elegante y contempor\u00e1neo.  - Fabricados con aluminio 6063-T6, estos postes garantizan resistencia y soporte para vidrio sin hundimientos ni soporte adicional requerido.  - El recubrimiento en polvo AAMA 2604 proporciona durabilidad de primera l\u00ednea.  - Disponibles en alturas finales de barandilla de 36\u201d, 42&quot; y 48\u201d, estos postes satisfacen diversos requisitos de proyectos.  - Sistema de ajuste a presi\u00f3n para tapa de poste, no requiere pegamento ni silicona. EL KIT INCLUYE    Producto SKU Cantidad   Poste Cuadrado 2 1\/4&quot; R-AFR-37PO-XX, o R-AFR-43PO-XX, o R-AFR-49PO-XX 1   Soporte de Soporte de Esquina Exterior Montado en Fascia R-AFR-FMOCB-XX 1   Tapa de Poste R-AFR-PC 1   Cubiertas para Tornillos de Cabeza Lag R-AFR-CLS-XX 4   Tornillo plano de acero inoxidable 18-8, tama\u00f1o #10, 1&quot; de largo (para soporte a poste) R-AFR-FMSCW10-1-00 2    ESPECIFICACIONES T\u00c9CNICAS    Tratamiento de Superficie Revestimiento en polvo   Color\/Acabado Blanco, Negro   Material de Fabricaci\u00f3n Aluminio 6063-T6   Uso Recomendado Barandilla, Cerramiento de Piscina, Barandilla de Seguridad, Barandilla para Terraza\" \/>\n<meta property=\"og:url\" content=\"https:\/\/glassupply.com\/ca\/es\/producto\/outside-corner-fascia-mounted-square-post-kit\/\" \/>\n<meta property=\"og:site_name\" content=\"Glassupply (CA)\" \/>\n<meta property=\"article:modified_time\" content=\"2025-06-05T11:38:39+00:00\" \/>\n<meta name=\"twitter:card\" content=\"summary_large_image\" \/>\n<meta name=\"twitter:label1\" content=\"Est. reading time\" \/>\n\t<meta name=\"twitter:data1\" content=\"1 minuto\" \/>\n<script type=\"application\/ld+json\" class=\"yoast-schema-graph\">{\"@context\":\"https:\/\/schema.org\",\"@graph\":[{\"@type\":\"WebPage\",\"@id\":\"https:\/\/glassupply.com\/ca\/es\/producto\/outside-corner-fascia-mounted-square-post-kit\/\",\"url\":\"https:\/\/glassupply.com\/ca\/es\/producto\/outside-corner-fascia-mounted-square-post-kit\/\",\"name\":\"Outside Corner Fascia Mounted 2 1\/4\\\" Square Post Kit - Glassupply (CA)\",\"isPartOf\":{\"@id\":\"https:\/\/glassupply.com\/ca\/fr\/#website\"},\"primaryImageOfPage\":{\"@id\":\"https:\/\/glassupply.com\/ca\/es\/producto\/outside-corner-fascia-mounted-square-post-kit\/#primaryimage\"},\"image\":{\"@id\":\"https:\/\/glassupply.com\/ca\/es\/producto\/outside-corner-fascia-mounted-square-post-kit\/#primaryimage\"},\"thumbnailUrl\":\"https:\/\/glassupply.com\/ca\/wp-content\/uploads\/sites\/5\/2025\/10\/R-AFR-49POOCFMKIT-BK.jpg\",\"datePublished\":\"2024-04-09T13:23:22+00:00\",\"dateModified\":\"2025-06-05T11:38:39+00:00\",\"breadcrumb\":{\"@id\":\"https:\/\/glassupply.com\/ca\/es\/producto\/outside-corner-fascia-mounted-square-post-kit\/#breadcrumb\"},\"inLanguage\":\"es\",\"potentialAction\":[{\"@type\":\"ReadAction\",\"target\":[\"https:\/\/glassupply.com\/ca\/es\/producto\/outside-corner-fascia-mounted-square-post-kit\/\"]}]},{\"@type\":\"ImageObject\",\"inLanguage\":\"es\",\"@id\":\"https:\/\/glassupply.com\/ca\/es\/producto\/outside-corner-fascia-mounted-square-post-kit\/#primaryimage\",\"url\":\"https:\/\/glassupply.com\/ca\/wp-content\/uploads\/sites\/5\/2025\/10\/R-AFR-49POOCFMKIT-BK.jpg\",\"contentUrl\":\"https:\/\/glassupply.com\/ca\/wp-content\/uploads\/sites\/5\/2025\/10\/R-AFR-49POOCFMKIT-BK.jpg\",\"width\":2000,\"height\":2000},{\"@type\":\"BreadcrumbList\",\"@id\":\"https:\/\/glassupply.com\/ca\/es\/producto\/outside-corner-fascia-mounted-square-post-kit\/#breadcrumb\",\"itemListElement\":[{\"@type\":\"ListItem\",\"position\":1,\"name\":\"Home\",\"item\":\"https:\/\/glassupply.com\/ca\/es\/\"},{\"@type\":\"ListItem\",\"position\":2,\"name\":\"Tienda\",\"item\":\"https:\/\/glassupply.com\/ca\/es\/tienda\/\"},{\"@type\":\"ListItem\",\"position\":3,\"name\":\"Outside Corner Fascia Mounted 2 1\/4&#8243; Square Post Kit\"}]},{\"@type\":\"WebSite\",\"@id\":\"https:\/\/glassupply.com\/ca\/fr\/#website\",\"url\":\"https:\/\/glassupply.com\/ca\/fr\/\",\"name\":\"Glassupply.com\",\"description\":\"From the manufacturer to your doorstep\",\"publisher\":{\"@id\":\"https:\/\/glassupply.com\/ca\/fr\/#organization\"},\"potentialAction\":[{\"@type\":\"SearchAction\",\"target\":{\"@type\":\"EntryPoint\",\"urlTemplate\":\"https:\/\/glassupply.com\/ca\/fr\/?s={search_term_string}\"},\"query-input\":{\"@type\":\"PropertyValueSpecification\",\"valueRequired\":true,\"valueName\":\"search_term_string\"}}],\"inLanguage\":\"es\"},{\"@type\":\"Organization\",\"@id\":\"https:\/\/glassupply.com\/ca\/fr\/#organization\",\"name\":\"Glassupply.com\",\"url\":\"https:\/\/glassupply.com\/ca\/fr\/\",\"logo\":{\"@type\":\"ImageObject\",\"inLanguage\":\"es\",\"@id\":\"https:\/\/glassupply.com\/ca\/fr\/#\/schema\/logo\/image\/\",\"url\":\"https:\/\/staging.glassupply.com\/ca\/wp-content\/uploads\/sites\/5\/2023\/07\/logo.svg\",\"contentUrl\":\"https:\/\/staging.glassupply.com\/ca\/wp-content\/uploads\/sites\/5\/2023\/07\/logo.svg\",\"width\":310,\"height\":24,\"caption\":\"Glassupply.com\"},\"image\":{\"@id\":\"https:\/\/glassupply.com\/ca\/fr\/#\/schema\/logo\/image\/\"}}]}<\/script>\n<!-- \/ Yoast SEO plugin. -->","yoast_head_json":{"title":"Outside Corner Fascia Mounted 2 1\/4\" Square Post Kit - Glassupply (CA)","robots":{"index":"index","follow":"follow","max-snippet":"max-snippet:-1","max-image-preview":"max-image-preview:large","max-video-preview":"max-video-preview:-1"},"canonical":"https:\/\/glassupply.com\/ca\/es\/producto\/outside-corner-fascia-mounted-square-post-kit\/","og_locale":"es_ES","og_type":"article","og_title":"Outside Corner Fascia Mounted 2 1\/4\" Square Post Kit - Glassupply (CA)","og_description":"Presentamos nuestro Kit de Poste Cuadrado GS 2 1\/4\" para aplicaciones de montaje en fascia de esquina exterior, un componente fundamental ideal para nuestro sistema de barandilla con marco de aluminio GS montado en fascia. Este poste robusto sirve como un elemento esencial para garantizar la integridad estructural y la estabilidad de nuestra soluci\u00f3n de barandilla con marco de aluminio GS, pero tambi\u00e9n puede utilizarse para otras aplicaciones.  El Poste de Esquina Exterior Montado en Fascia est\u00e1 dise\u00f1ado para una fijaci\u00f3n segura al tablero de fascia exterior de una terraza o cualquier otra superficie, asegurando estabilidad y fiabilidad. Cuando se enfrenta a superficies con borde goteante o nariz, emplear m\u00faltiples cu\u00f1as de soporte para el soporte de esquina de fascia de 1\/2\" apiladas puede despejar eficazmente el saliente de la nariz.Las cu\u00f1as para soporte de esquina se venden por separado.  El beneficio principal de utilizar un sistema montado en fascia es la capacidad de ahorrar m\u00e1s de 4 pulgadas de espacio en la terraza en comparaci\u00f3n con postes montados en superficie.  Logre el m\u00e1ximo atractivo est\u00e9tico con nuestro poste y sistema de barandilla con marco de aluminio, que cuenta con tornillos visibles o marcas de soldadura para un acabado impecable.  Dise\u00f1ado para simplificar la instalaci\u00f3n de paneles de vidrio, incluso en superficies horizontales irregulares,  El Kit de Poste viene equipado con un soporte montado en fascia, tapa de poste, cubiertas para tornillos de cabeza lag y cabeza Phillips.  Para postes montados en fascia asegurados en l\u00ednea recta, opte por el Kit de Poste Montado en Fascia Recto de 2 1\/4\".  Para postes montados en fascia asegurados en una esquina interior, opte por el Kit de Poste Montado en Fascia de Esquina Interior de 2 1\/4\".  Tambi\u00e9n disponible con base montada en la parte superior.  \u00a0\u00a0Caracter\u00edsticas y Beneficios Clave:  - Estos postes est\u00e1n meticulosamente dise\u00f1ados para una integraci\u00f3n perfecta y un rendimiento duradero.  - La geometr\u00eda interna de los pilotes para tornillos dentro de la secci\u00f3n interna del poste facilita conexiones con otros componentes del sistema de manera sencilla y oculta.  - El dise\u00f1o cuadrado de 2 1\/4\" con esquinas de radio cerrado ofrece robustez mientras minimiza la obstrucci\u00f3n de la vista y mantiene un aspecto elegante y contempor\u00e1neo.  - Fabricados con aluminio 6063-T6, estos postes garantizan resistencia y soporte para vidrio sin hundimientos ni soporte adicional requerido.  - El recubrimiento en polvo AAMA 2604 proporciona durabilidad de primera l\u00ednea.  - Disponibles en alturas finales de barandilla de 36\u201d, 42\" y 48\u201d, estos postes satisfacen diversos requisitos de proyectos.  - Sistema de ajuste a presi\u00f3n para tapa de poste, no requiere pegamento ni silicona. EL KIT INCLUYE    Producto SKU Cantidad   Poste Cuadrado 2 1\/4\" R-AFR-37PO-XX, o R-AFR-43PO-XX, o R-AFR-49PO-XX 1   Soporte de Soporte de Esquina Exterior Montado en Fascia R-AFR-FMOCB-XX 1   Tapa de Poste R-AFR-PC 1   Cubiertas para Tornillos de Cabeza Lag R-AFR-CLS-XX 4   Tornillo plano de acero inoxidable 18-8, tama\u00f1o #10, 1\" de largo (para soporte a poste) R-AFR-FMSCW10-1-00 2    ESPECIFICACIONES T\u00c9CNICAS    Tratamiento de Superficie Revestimiento en polvo   Color\/Acabado Blanco, Negro   Material de Fabricaci\u00f3n Aluminio 6063-T6   Uso Recomendado Barandilla, Cerramiento de Piscina, Barandilla de Seguridad, Barandilla para Terraza","og_url":"https:\/\/glassupply.com\/ca\/es\/producto\/outside-corner-fascia-mounted-square-post-kit\/","og_site_name":"Glassupply (CA)","article_modified_time":"2025-06-05T11:38:39+00:00","twitter_card":"summary_large_image","twitter_misc":{"Est. reading time":"1 minuto"},"schema":{"@context":"https:\/\/schema.org","@graph":[{"@type":"WebPage","@id":"https:\/\/glassupply.com\/ca\/es\/producto\/outside-corner-fascia-mounted-square-post-kit\/","url":"https:\/\/glassupply.com\/ca\/es\/producto\/outside-corner-fascia-mounted-square-post-kit\/","name":"Outside Corner Fascia Mounted 2 1\/4\" Square Post Kit - Glassupply (CA)","isPartOf":{"@id":"https:\/\/glassupply.com\/ca\/fr\/#website"},"primaryImageOfPage":{"@id":"https:\/\/glassupply.com\/ca\/es\/producto\/outside-corner-fascia-mounted-square-post-kit\/#primaryimage"},"image":{"@id":"https:\/\/glassupply.com\/ca\/es\/producto\/outside-corner-fascia-mounted-square-post-kit\/#primaryimage"},"thumbnailUrl":"https:\/\/glassupply.com\/ca\/wp-content\/uploads\/sites\/5\/2025\/10\/R-AFR-49POOCFMKIT-BK.jpg","datePublished":"2024-04-09T13:23:22+00:00","dateModified":"2025-06-05T11:38:39+00:00","breadcrumb":{"@id":"https:\/\/glassupply.com\/ca\/es\/producto\/outside-corner-fascia-mounted-square-post-kit\/#breadcrumb"},"inLanguage":"es","potentialAction":[{"@type":"ReadAction","target":["https:\/\/glassupply.com\/ca\/es\/producto\/outside-corner-fascia-mounted-square-post-kit\/"]}]},{"@type":"ImageObject","inLanguage":"es","@id":"https:\/\/glassupply.com\/ca\/es\/producto\/outside-corner-fascia-mounted-square-post-kit\/#primaryimage","url":"https:\/\/glassupply.com\/ca\/wp-content\/uploads\/sites\/5\/2025\/10\/R-AFR-49POOCFMKIT-BK.jpg","contentUrl":"https:\/\/glassupply.com\/ca\/wp-content\/uploads\/sites\/5\/2025\/10\/R-AFR-49POOCFMKIT-BK.jpg","width":2000,"height":2000},{"@type":"BreadcrumbList","@id":"https:\/\/glassupply.com\/ca\/es\/producto\/outside-corner-fascia-mounted-square-post-kit\/#breadcrumb","itemListElement":[{"@type":"ListItem","position":1,"name":"Home","item":"https:\/\/glassupply.com\/ca\/es\/"},{"@type":"ListItem","position":2,"name":"Tienda","item":"https:\/\/glassupply.com\/ca\/es\/tienda\/"},{"@type":"ListItem","position":3,"name":"Outside Corner Fascia Mounted 2 1\/4&#8243; Square Post Kit"}]},{"@type":"WebSite","@id":"https:\/\/glassupply.com\/ca\/fr\/#website","url":"https:\/\/glassupply.com\/ca\/fr\/","name":"Glassupply.com","description":"From the manufacturer to your doorstep","publisher":{"@id":"https:\/\/glassupply.com\/ca\/fr\/#organization"},"potentialAction":[{"@type":"SearchAction","target":{"@type":"EntryPoint","urlTemplate":"https:\/\/glassupply.com\/ca\/fr\/?s={search_term_string}"},"query-input":{"@type":"PropertyValueSpecification","valueRequired":true,"valueName":"search_term_string"}}],"inLanguage":"es"},{"@type":"Organization","@id":"https:\/\/glassupply.com\/ca\/fr\/#organization","name":"Glassupply.com","url":"https:\/\/glassupply.com\/ca\/fr\/","logo":{"@type":"ImageObject","inLanguage":"es","@id":"https:\/\/glassupply.com\/ca\/fr\/#\/schema\/logo\/image\/","url":"https:\/\/staging.glassupply.com\/ca\/wp-content\/uploads\/sites\/5\/2023\/07\/logo.svg","contentUrl":"https:\/\/staging.glassupply.com\/ca\/wp-content\/uploads\/sites\/5\/2023\/07\/logo.svg","width":310,"height":24,"caption":"Glassupply.com"},"image":{"@id":"https:\/\/glassupply.com\/ca\/fr\/#\/schema\/logo\/image\/"}}]}},"_links":{"self":[{"href":"https:\/\/glassupply.com\/ca\/es\/wp-json\/wp\/v2\/product\/6072","targetHints":{"allow":["GET"]}}],"collection":[{"href":"https:\/\/glassupply.com\/ca\/es\/wp-json\/wp\/v2\/product"}],"about":[{"href":"https:\/\/glassupply.com\/ca\/es\/wp-json\/wp\/v2\/types\/product"}],"replies":[{"embeddable":true,"href":"https:\/\/glassupply.com\/ca\/es\/wp-json\/wp\/v2\/comments?post=6072"}],"wp:featuredmedia":[{"embeddable":true,"href":"https:\/\/glassupply.com\/ca\/es\/wp-json\/wp\/v2\/media\/12833"}],"wp:attachment":[{"href":"https:\/\/glassupply.com\/ca\/es\/wp-json\/wp\/v2\/media?parent=6072"}],"wp:term":[{"taxonomy":"product_brand","embeddable":true,"href":"https:\/\/glassupply.com\/ca\/es\/wp-json\/wp\/v2\/product_brand?post=6072"},{"taxonomy":"product_cat","embeddable":true,"href":"https:\/\/glassupply.com\/ca\/es\/wp-json\/wp\/v2\/product_cat?post=6072"},{"taxonomy":"product_tag","embeddable":true,"href":"https:\/\/glassupply.com\/ca\/es\/wp-json\/wp\/v2\/product_tag?post=6072"}],"curies":[{"name":"wp","href":"https:\/\/api.w.org\/{rel}","templated":true}]}}