{"id":6389,"date":"2024-04-11T00:57:38","date_gmt":"2024-04-11T05:57:38","guid":{"rendered":"https:\/\/glassupply.com\/ca\/shop\/inside-corner-fascia-mounted-2-1-4-square-post-kit\/"},"modified":"2025-06-05T06:35:44","modified_gmt":"2025-06-05T11:35:44","slug":"inside-corner-fascia-mounted-2-1-4-square-post-kit","status":"publish","type":"product","link":"https:\/\/glassupply.com\/ca\/es\/producto\/inside-corner-fascia-mounted-2-1-4-square-post-kit\/","title":{"rendered":"Inside Corner Fascia Mounted 2 1\/4&#8243; Square Post Kit"},"content":{"rendered":"","protected":false},"excerpt":{"rendered":"<p><span style=\"font-weight: 400;\">Presentamos nuestro Kit de Poste Cuadrado GS de 2 1\/4&#8243; para aplicaciones montadas en esquina interior tipo fascia, un componente fundamental ideal para nuestro sistema de barandilla con marco de aluminio montado en fascia. Este resistente poste sirve como un elemento esencial para garantizar la integridad estructural y la estabilidad de nuestro sistema de barandillas con marco de aluminio GS, aunque tambi\u00e9n puede utilizarse en otras aplicaciones.<\/span><\/p>\n<p><span style=\"font-weight: 400;\">El poste de esquina interior montado en fascia est\u00e1 dise\u00f1ado para una fijaci\u00f3n segura a la cara exterior de una plataforma u otra superficie, garantizando estabilidad y fiabilidad. Cuando se enfrenta a superficies con borde de goteo o saliente, el uso de varios calzos para soporte de esquina de 1\/2&#8243; apilados puede despejar eficazmente el saliente. <\/span><b>Los calzos para soporte de esquina se venden por separado.<\/b><\/p>\n<p><b>El principal beneficio de utilizar un sistema montado en fascia es la capacidad de ahorrar m\u00e1s de 4 pulgadas de espacio \u00fatil en la plataforma en comparaci\u00f3n con postes montados en superficie.<\/b><\/p>\n<p><span style=\"font-weight: 400;\">Logre el m\u00e1ximo atractivo est\u00e9tico con nuestro poste y sistema de barandilla con marco de aluminio, que presenta<\/span><b> sin tornillos visibles ni marcas de soldadura para un acabado impecable.<\/b><\/p>\n<p><span style=\"font-weight: 400;\">Dise\u00f1ado para simplificar la instalaci\u00f3n de paneles de vidrio, incluso en superficies horizontales irregulares,<\/span><\/p>\n<p><span style=\"font-weight: 400;\">El kit de poste viene equipado con soporte montado en fascia, tapa de poste y cubiertas para tornillos tipo Lag y Phillip.<\/span><\/p>\n<p><span style=\"font-weight: 400;\">Para postes montados en fascia alineados en l\u00ednea recta, elija el <\/span><span style=\"font-weight: 400;\">Kit de Poste Recto de 2 1\/4&#8243; montado en fascia.<\/span><\/p>\n<p><span style=\"font-weight: 400;\">Para postes montados en fascia en esquina exterior, elija el <\/span><span style=\"font-weight: 400;\">Kit de Poste de Esquina Exterior de 2 1\/4&#8243; montado en fascia.<\/span><\/p>\n<p><span style=\"font-weight: 400;\">Tambi\u00e9n disponible con base superior montada.<\/span><\/p>\n<p><span style=\"font-weight: 400;\">\u00a0\u00a0Caracter\u00edsticas y Beneficios Clave:<\/span><\/p>\n<p><span style=\"font-weight: 400;\">&#8211; Estos postes est\u00e1n meticulosamente dise\u00f1ados para una integraci\u00f3n perfecta y un rendimiento duradero.<\/span><\/p>\n<p><span style=\"font-weight: 400;\">&#8211; La geometr\u00eda interna de los orificios gu\u00eda en el interior del poste facilita las conexiones con otros componentes del sistema de manera sencilla y oculta.<\/span><\/p>\n<p><span style=\"font-weight: 400;\">&#8211; El dise\u00f1o cuadrado de 2-1\/4&#8243; con esquinas de radio estrecho ofrece robustez sin obstruir las vistas, manteniendo una apariencia contempor\u00e1nea y elegante.<\/span><\/p>\n<p><span style=\"font-weight: 400;\">&#8211; Fabricados en aluminio 6063-T6, estos postes garantizan resistencia y soporte para el vidrio sin hundimientos ni necesidad de refuerzos adicionales.<\/span><\/p>\n<p><span style=\"font-weight: 400;\">&#8211; El recubrimiento en polvo AAMA 2604 proporciona durabilidad de primera categor\u00eda.<\/span><\/p>\n<p><span style=\"font-weight: 400;\">&#8211; Disponible en alturas finales de barandilla de 36&#8243;, 42&#8243; y 48&#8243;, estos postes se adaptan a diferentes requisitos de proyecto.<\/span><\/p>\n<p><span style=\"font-weight: 400;\">&#8211; Sistema de ajuste a presi\u00f3n de la tapa del poste, sin necesidad de pegamento o silicona.<\/span><\/p>\n<h2><b>EL KIT INCLUYE<\/b><\/h2>\n<table>\n<tbody>\n<tr>\n<td><b>Producto<\/b><\/td>\n<td><b>SKU<\/b><\/td>\n<td><b>Cantidad<\/b><\/td>\n<\/tr>\n<tr>\n<td><span style=\"font-weight: 400;\">Poste Cuadrado de 2 1\/4&#8243;<\/span><\/td>\n<td><span style=\"font-weight: 400;\">R-AFR-49PO-XX<\/span><\/td>\n<td><span style=\"font-weight: 400;\">1<\/span><\/td>\n<\/tr>\n<tr>\n<td><span style=\"font-weight: 400;\">Soporte de Esquina Interior Montado en Fascia<\/span><\/td>\n<td><span style=\"font-weight: 400;\">R-AFR-FMICB-XX<\/span><\/td>\n<td><span style=\"font-weight: 400;\">1<\/span><\/td>\n<\/tr>\n<tr>\n<td><span style=\"font-weight: 400;\">Tapa de Poste<\/span><\/td>\n<td><span style=\"font-weight: 400;\">R-AFR-PC<\/span><\/td>\n<td><span style=\"font-weight: 400;\">1<\/span><\/td>\n<\/tr>\n<tr>\n<td><span style=\"font-weight: 400;\">Cubiertas para Tornillos de Cabeza Lag<\/span><\/td>\n<td><span style=\"font-weight: 400;\">R-AFR-CLS-XX<\/span><\/td>\n<td><span style=\"font-weight: 400;\">4<\/span><\/td>\n<\/tr>\n<tr>\n<td><span style=\"font-weight: 400;\">Tornillos de Cabeza Plana de Acero Inoxidable 18-8, Tama\u00f1o #10, 1&#8243; de Largo (para soporte a poste)<\/span><\/td>\n<td><span style=\"font-weight: 400;\">R-AFR-FMSCW10-1-00<\/span><\/td>\n<td><span style=\"font-weight: 400;\">2<\/span><\/td>\n<\/tr>\n<\/tbody>\n<\/table>\n<h2><b>ESPECIFICACIONES T\u00c9CNICAS<\/b><\/h2>\n<table>\n<tbody>\n<tr>\n<td><b>Tratamiento Superficial<\/b><\/td>\n<td><span style=\"font-weight: 400;\">Recubrimiento en Polvo<\/span><\/td>\n<\/tr>\n<tr>\n<td><b>Color\/Acabado<\/b><\/td>\n<td><span style=\"font-weight: 400;\">Blanco, Negro<\/span><\/td>\n<\/tr>\n<tr>\n<td><b>Material de Fabricaci\u00f3n<\/b><\/td>\n<td><span style=\"font-weight: 400;\">Aluminio 6063-T6<\/span><\/td>\n<\/tr>\n<tr>\n<td><b>Uso Recomendado<\/b><\/td>\n<td><span style=\"font-weight: 400;\">Barandilla, Cercas de Piscina, Barandilla de Seguridad, Barandilla para Terrazas<\/span><\/td>\n<\/tr>\n<\/tbody>\n<\/table>\n","protected":false},"featured_media":12930,"comment_status":"closed","ping_status":"closed","template":"","meta":{"_acf_changed":false,"inline_featured_image":false},"product_brand":[],"product_cat":[156,60,135],"product_tag":[],"class_list":{"0":"post-6389","1":"product","2":"type-product","3":"status-publish","4":"has-post-thumbnail","6":"product_cat-aluminum-framed-railing-es-glass-fence-railing-hardware-es","7":"product_cat-glass-fence-railing-hardware-es","8":"product_cat-railing-system-es","10":"first","11":"instock","12":"taxable","13":"shipping-taxable","14":"purchasable","15":"product-type-variable"},"acf":[],"yoast_head":"<!-- This site is optimized with the Yoast SEO plugin v26.9 - https:\/\/yoast.com\/product\/yoast-seo-wordpress\/ -->\n<title>Inside Corner Fascia Mounted 2 1\/4&quot; Square Post Kit - Glassupply (CA)<\/title>\n<meta name=\"robots\" content=\"index, follow, max-snippet:-1, max-image-preview:large, max-video-preview:-1\" \/>\n<link rel=\"canonical\" href=\"https:\/\/glassupply.com\/ca\/es\/producto\/inside-corner-fascia-mounted-2-1-4-square-post-kit\/\" \/>\n<meta property=\"og:locale\" content=\"es_ES\" \/>\n<meta property=\"og:type\" content=\"article\" \/>\n<meta property=\"og:title\" content=\"Inside Corner Fascia Mounted 2 1\/4&quot; Square Post Kit - Glassupply (CA)\" \/>\n<meta property=\"og:description\" content=\"Presentamos nuestro Kit de Poste Cuadrado GS de 2 1\/4&quot; para aplicaciones montadas en esquina interior tipo fascia, un componente fundamental ideal para nuestro sistema de barandilla con marco de aluminio montado en fascia. Este resistente poste sirve como un elemento esencial para garantizar la integridad estructural y la estabilidad de nuestro sistema de barandillas con marco de aluminio GS, aunque tambi\u00e9n puede utilizarse en otras aplicaciones.  El poste de esquina interior montado en fascia est\u00e1 dise\u00f1ado para una fijaci\u00f3n segura a la cara exterior de una plataforma u otra superficie, garantizando estabilidad y fiabilidad. Cuando se enfrenta a superficies con borde de goteo o saliente, el uso de varios calzos para soporte de esquina de 1\/2&quot; apilados puede despejar eficazmente el saliente. Los calzos para soporte de esquina se venden por separado.  El principal beneficio de utilizar un sistema montado en fascia es la capacidad de ahorrar m\u00e1s de 4 pulgadas de espacio \u00fatil en la plataforma en comparaci\u00f3n con postes montados en superficie.  Logre el m\u00e1ximo atractivo est\u00e9tico con nuestro poste y sistema de barandilla con marco de aluminio, que presenta sin tornillos visibles ni marcas de soldadura para un acabado impecable.  Dise\u00f1ado para simplificar la instalaci\u00f3n de paneles de vidrio, incluso en superficies horizontales irregulares,  El kit de poste viene equipado con soporte montado en fascia, tapa de poste y cubiertas para tornillos tipo Lag y Phillip.  Para postes montados en fascia alineados en l\u00ednea recta, elija el Kit de Poste Recto de 2 1\/4&quot; montado en fascia.  Para postes montados en fascia en esquina exterior, elija el Kit de Poste de Esquina Exterior de 2 1\/4&quot; montado en fascia.  Tambi\u00e9n disponible con base superior montada.  \u00a0\u00a0Caracter\u00edsticas y Beneficios Clave:  - Estos postes est\u00e1n meticulosamente dise\u00f1ados para una integraci\u00f3n perfecta y un rendimiento duradero.  - La geometr\u00eda interna de los orificios gu\u00eda en el interior del poste facilita las conexiones con otros componentes del sistema de manera sencilla y oculta.  - El dise\u00f1o cuadrado de 2-1\/4&quot; con esquinas de radio estrecho ofrece robustez sin obstruir las vistas, manteniendo una apariencia contempor\u00e1nea y elegante.  - Fabricados en aluminio 6063-T6, estos postes garantizan resistencia y soporte para el vidrio sin hundimientos ni necesidad de refuerzos adicionales.  - El recubrimiento en polvo AAMA 2604 proporciona durabilidad de primera categor\u00eda.  - Disponible en alturas finales de barandilla de 36&quot;, 42&quot; y 48&quot;, estos postes se adaptan a diferentes requisitos de proyecto.  - Sistema de ajuste a presi\u00f3n de la tapa del poste, sin necesidad de pegamento o silicona. EL KIT INCLUYE    Producto SKU Cantidad   Poste Cuadrado de 2 1\/4&quot; R-AFR-49PO-XX 1   Soporte de Esquina Interior Montado en Fascia R-AFR-FMICB-XX 1   Tapa de Poste R-AFR-PC 1   Cubiertas para Tornillos de Cabeza Lag R-AFR-CLS-XX 4   Tornillos de Cabeza Plana de Acero Inoxidable 18-8, Tama\u00f1o #10, 1&quot; de Largo (para soporte a poste) R-AFR-FMSCW10-1-00 2    ESPECIFICACIONES T\u00c9CNICAS    Tratamiento Superficial Recubrimiento en Polvo   Color\/Acabado Blanco, Negro   Material de Fabricaci\u00f3n Aluminio 6063-T6   Uso Recomendado Barandilla, Cercas de Piscina, Barandilla de Seguridad, Barandilla para Terrazas\" \/>\n<meta property=\"og:url\" content=\"https:\/\/glassupply.com\/ca\/es\/producto\/inside-corner-fascia-mounted-2-1-4-square-post-kit\/\" \/>\n<meta property=\"og:site_name\" content=\"Glassupply (CA)\" \/>\n<meta property=\"article:modified_time\" content=\"2025-06-05T11:35:44+00:00\" \/>\n<meta property=\"og:image\" content=\"https:\/\/glassupply.com\/ca\/wp-content\/uploads\/sites\/5\/2024\/04\/06_01_BK_v2.webp\" \/>\n\t<meta property=\"og:image:width\" content=\"2000\" \/>\n\t<meta property=\"og:image:height\" content=\"2000\" \/>\n\t<meta property=\"og:image:type\" content=\"image\/webp\" \/>\n<meta name=\"twitter:card\" content=\"summary_large_image\" \/>\n<meta name=\"twitter:label1\" content=\"Est. reading time\" \/>\n\t<meta name=\"twitter:data1\" content=\"1 minuto\" \/>\n<script type=\"application\/ld+json\" class=\"yoast-schema-graph\">{\"@context\":\"https:\/\/schema.org\",\"@graph\":[{\"@type\":\"WebPage\",\"@id\":\"https:\/\/glassupply.com\/ca\/es\/producto\/inside-corner-fascia-mounted-2-1-4-square-post-kit\/\",\"url\":\"https:\/\/glassupply.com\/ca\/es\/producto\/inside-corner-fascia-mounted-2-1-4-square-post-kit\/\",\"name\":\"Inside Corner Fascia Mounted 2 1\/4\\\" Square Post Kit - Glassupply (CA)\",\"isPartOf\":{\"@id\":\"https:\/\/glassupply.com\/ca\/fr\/#website\"},\"primaryImageOfPage\":{\"@id\":\"https:\/\/glassupply.com\/ca\/es\/producto\/inside-corner-fascia-mounted-2-1-4-square-post-kit\/#primaryimage\"},\"image\":{\"@id\":\"https:\/\/glassupply.com\/ca\/es\/producto\/inside-corner-fascia-mounted-2-1-4-square-post-kit\/#primaryimage\"},\"thumbnailUrl\":\"https:\/\/glassupply.com\/ca\/wp-content\/uploads\/sites\/5\/2025\/10\/R-AFR-49POICFMKIT-BK.jpg\",\"datePublished\":\"2024-04-11T05:57:38+00:00\",\"dateModified\":\"2025-06-05T11:35:44+00:00\",\"breadcrumb\":{\"@id\":\"https:\/\/glassupply.com\/ca\/es\/producto\/inside-corner-fascia-mounted-2-1-4-square-post-kit\/#breadcrumb\"},\"inLanguage\":\"es\",\"potentialAction\":[{\"@type\":\"ReadAction\",\"target\":[\"https:\/\/glassupply.com\/ca\/es\/producto\/inside-corner-fascia-mounted-2-1-4-square-post-kit\/\"]}]},{\"@type\":\"ImageObject\",\"inLanguage\":\"es\",\"@id\":\"https:\/\/glassupply.com\/ca\/es\/producto\/inside-corner-fascia-mounted-2-1-4-square-post-kit\/#primaryimage\",\"url\":\"https:\/\/glassupply.com\/ca\/wp-content\/uploads\/sites\/5\/2025\/10\/R-AFR-49POICFMKIT-BK.jpg\",\"contentUrl\":\"https:\/\/glassupply.com\/ca\/wp-content\/uploads\/sites\/5\/2025\/10\/R-AFR-49POICFMKIT-BK.jpg\",\"width\":2000,\"height\":2000},{\"@type\":\"BreadcrumbList\",\"@id\":\"https:\/\/glassupply.com\/ca\/es\/producto\/inside-corner-fascia-mounted-2-1-4-square-post-kit\/#breadcrumb\",\"itemListElement\":[{\"@type\":\"ListItem\",\"position\":1,\"name\":\"Home\",\"item\":\"https:\/\/glassupply.com\/ca\/es\/\"},{\"@type\":\"ListItem\",\"position\":2,\"name\":\"Tienda\",\"item\":\"https:\/\/glassupply.com\/ca\/es\/tienda\/\"},{\"@type\":\"ListItem\",\"position\":3,\"name\":\"Inside Corner Fascia Mounted 2 1\/4&#8243; Square Post Kit\"}]},{\"@type\":\"WebSite\",\"@id\":\"https:\/\/glassupply.com\/ca\/fr\/#website\",\"url\":\"https:\/\/glassupply.com\/ca\/fr\/\",\"name\":\"Glassupply.com\",\"description\":\"From the manufacturer to your doorstep\",\"publisher\":{\"@id\":\"https:\/\/glassupply.com\/ca\/fr\/#organization\"},\"potentialAction\":[{\"@type\":\"SearchAction\",\"target\":{\"@type\":\"EntryPoint\",\"urlTemplate\":\"https:\/\/glassupply.com\/ca\/fr\/?s={search_term_string}\"},\"query-input\":{\"@type\":\"PropertyValueSpecification\",\"valueRequired\":true,\"valueName\":\"search_term_string\"}}],\"inLanguage\":\"es\"},{\"@type\":\"Organization\",\"@id\":\"https:\/\/glassupply.com\/ca\/fr\/#organization\",\"name\":\"Glassupply.com\",\"url\":\"https:\/\/glassupply.com\/ca\/fr\/\",\"logo\":{\"@type\":\"ImageObject\",\"inLanguage\":\"es\",\"@id\":\"https:\/\/glassupply.com\/ca\/fr\/#\/schema\/logo\/image\/\",\"url\":\"https:\/\/staging.glassupply.com\/ca\/wp-content\/uploads\/sites\/5\/2023\/07\/logo.svg\",\"contentUrl\":\"https:\/\/staging.glassupply.com\/ca\/wp-content\/uploads\/sites\/5\/2023\/07\/logo.svg\",\"width\":310,\"height\":24,\"caption\":\"Glassupply.com\"},\"image\":{\"@id\":\"https:\/\/glassupply.com\/ca\/fr\/#\/schema\/logo\/image\/\"}}]}<\/script>\n<!-- \/ Yoast SEO plugin. -->","yoast_head_json":{"title":"Inside Corner Fascia Mounted 2 1\/4\" Square Post Kit - Glassupply (CA)","robots":{"index":"index","follow":"follow","max-snippet":"max-snippet:-1","max-image-preview":"max-image-preview:large","max-video-preview":"max-video-preview:-1"},"canonical":"https:\/\/glassupply.com\/ca\/es\/producto\/inside-corner-fascia-mounted-2-1-4-square-post-kit\/","og_locale":"es_ES","og_type":"article","og_title":"Inside Corner Fascia Mounted 2 1\/4\" Square Post Kit - Glassupply (CA)","og_description":"Presentamos nuestro Kit de Poste Cuadrado GS de 2 1\/4\" para aplicaciones montadas en esquina interior tipo fascia, un componente fundamental ideal para nuestro sistema de barandilla con marco de aluminio montado en fascia. Este resistente poste sirve como un elemento esencial para garantizar la integridad estructural y la estabilidad de nuestro sistema de barandillas con marco de aluminio GS, aunque tambi\u00e9n puede utilizarse en otras aplicaciones.  El poste de esquina interior montado en fascia est\u00e1 dise\u00f1ado para una fijaci\u00f3n segura a la cara exterior de una plataforma u otra superficie, garantizando estabilidad y fiabilidad. Cuando se enfrenta a superficies con borde de goteo o saliente, el uso de varios calzos para soporte de esquina de 1\/2\" apilados puede despejar eficazmente el saliente. Los calzos para soporte de esquina se venden por separado.  El principal beneficio de utilizar un sistema montado en fascia es la capacidad de ahorrar m\u00e1s de 4 pulgadas de espacio \u00fatil en la plataforma en comparaci\u00f3n con postes montados en superficie.  Logre el m\u00e1ximo atractivo est\u00e9tico con nuestro poste y sistema de barandilla con marco de aluminio, que presenta sin tornillos visibles ni marcas de soldadura para un acabado impecable.  Dise\u00f1ado para simplificar la instalaci\u00f3n de paneles de vidrio, incluso en superficies horizontales irregulares,  El kit de poste viene equipado con soporte montado en fascia, tapa de poste y cubiertas para tornillos tipo Lag y Phillip.  Para postes montados en fascia alineados en l\u00ednea recta, elija el Kit de Poste Recto de 2 1\/4\" montado en fascia.  Para postes montados en fascia en esquina exterior, elija el Kit de Poste de Esquina Exterior de 2 1\/4\" montado en fascia.  Tambi\u00e9n disponible con base superior montada.  \u00a0\u00a0Caracter\u00edsticas y Beneficios Clave:  - Estos postes est\u00e1n meticulosamente dise\u00f1ados para una integraci\u00f3n perfecta y un rendimiento duradero.  - La geometr\u00eda interna de los orificios gu\u00eda en el interior del poste facilita las conexiones con otros componentes del sistema de manera sencilla y oculta.  - El dise\u00f1o cuadrado de 2-1\/4\" con esquinas de radio estrecho ofrece robustez sin obstruir las vistas, manteniendo una apariencia contempor\u00e1nea y elegante.  - Fabricados en aluminio 6063-T6, estos postes garantizan resistencia y soporte para el vidrio sin hundimientos ni necesidad de refuerzos adicionales.  - El recubrimiento en polvo AAMA 2604 proporciona durabilidad de primera categor\u00eda.  - Disponible en alturas finales de barandilla de 36\", 42\" y 48\", estos postes se adaptan a diferentes requisitos de proyecto.  - Sistema de ajuste a presi\u00f3n de la tapa del poste, sin necesidad de pegamento o silicona. EL KIT INCLUYE    Producto SKU Cantidad   Poste Cuadrado de 2 1\/4\" R-AFR-49PO-XX 1   Soporte de Esquina Interior Montado en Fascia R-AFR-FMICB-XX 1   Tapa de Poste R-AFR-PC 1   Cubiertas para Tornillos de Cabeza Lag R-AFR-CLS-XX 4   Tornillos de Cabeza Plana de Acero Inoxidable 18-8, Tama\u00f1o #10, 1\" de Largo (para soporte a poste) R-AFR-FMSCW10-1-00 2    ESPECIFICACIONES T\u00c9CNICAS    Tratamiento Superficial Recubrimiento en Polvo   Color\/Acabado Blanco, Negro   Material de Fabricaci\u00f3n Aluminio 6063-T6   Uso Recomendado Barandilla, Cercas de Piscina, Barandilla de Seguridad, Barandilla para Terrazas","og_url":"https:\/\/glassupply.com\/ca\/es\/producto\/inside-corner-fascia-mounted-2-1-4-square-post-kit\/","og_site_name":"Glassupply (CA)","article_modified_time":"2025-06-05T11:35:44+00:00","og_image":[{"width":2000,"height":2000,"url":"https:\/\/glassupply.com\/ca\/wp-content\/uploads\/sites\/5\/2024\/04\/06_01_BK_v2.webp","type":"image\/webp"}],"twitter_card":"summary_large_image","twitter_misc":{"Est. reading time":"1 minuto"},"schema":{"@context":"https:\/\/schema.org","@graph":[{"@type":"WebPage","@id":"https:\/\/glassupply.com\/ca\/es\/producto\/inside-corner-fascia-mounted-2-1-4-square-post-kit\/","url":"https:\/\/glassupply.com\/ca\/es\/producto\/inside-corner-fascia-mounted-2-1-4-square-post-kit\/","name":"Inside Corner Fascia Mounted 2 1\/4\" Square Post Kit - Glassupply (CA)","isPartOf":{"@id":"https:\/\/glassupply.com\/ca\/fr\/#website"},"primaryImageOfPage":{"@id":"https:\/\/glassupply.com\/ca\/es\/producto\/inside-corner-fascia-mounted-2-1-4-square-post-kit\/#primaryimage"},"image":{"@id":"https:\/\/glassupply.com\/ca\/es\/producto\/inside-corner-fascia-mounted-2-1-4-square-post-kit\/#primaryimage"},"thumbnailUrl":"https:\/\/glassupply.com\/ca\/wp-content\/uploads\/sites\/5\/2025\/10\/R-AFR-49POICFMKIT-BK.jpg","datePublished":"2024-04-11T05:57:38+00:00","dateModified":"2025-06-05T11:35:44+00:00","breadcrumb":{"@id":"https:\/\/glassupply.com\/ca\/es\/producto\/inside-corner-fascia-mounted-2-1-4-square-post-kit\/#breadcrumb"},"inLanguage":"es","potentialAction":[{"@type":"ReadAction","target":["https:\/\/glassupply.com\/ca\/es\/producto\/inside-corner-fascia-mounted-2-1-4-square-post-kit\/"]}]},{"@type":"ImageObject","inLanguage":"es","@id":"https:\/\/glassupply.com\/ca\/es\/producto\/inside-corner-fascia-mounted-2-1-4-square-post-kit\/#primaryimage","url":"https:\/\/glassupply.com\/ca\/wp-content\/uploads\/sites\/5\/2025\/10\/R-AFR-49POICFMKIT-BK.jpg","contentUrl":"https:\/\/glassupply.com\/ca\/wp-content\/uploads\/sites\/5\/2025\/10\/R-AFR-49POICFMKIT-BK.jpg","width":2000,"height":2000},{"@type":"BreadcrumbList","@id":"https:\/\/glassupply.com\/ca\/es\/producto\/inside-corner-fascia-mounted-2-1-4-square-post-kit\/#breadcrumb","itemListElement":[{"@type":"ListItem","position":1,"name":"Home","item":"https:\/\/glassupply.com\/ca\/es\/"},{"@type":"ListItem","position":2,"name":"Tienda","item":"https:\/\/glassupply.com\/ca\/es\/tienda\/"},{"@type":"ListItem","position":3,"name":"Inside Corner Fascia Mounted 2 1\/4&#8243; Square Post Kit"}]},{"@type":"WebSite","@id":"https:\/\/glassupply.com\/ca\/fr\/#website","url":"https:\/\/glassupply.com\/ca\/fr\/","name":"Glassupply.com","description":"From the manufacturer to your doorstep","publisher":{"@id":"https:\/\/glassupply.com\/ca\/fr\/#organization"},"potentialAction":[{"@type":"SearchAction","target":{"@type":"EntryPoint","urlTemplate":"https:\/\/glassupply.com\/ca\/fr\/?s={search_term_string}"},"query-input":{"@type":"PropertyValueSpecification","valueRequired":true,"valueName":"search_term_string"}}],"inLanguage":"es"},{"@type":"Organization","@id":"https:\/\/glassupply.com\/ca\/fr\/#organization","name":"Glassupply.com","url":"https:\/\/glassupply.com\/ca\/fr\/","logo":{"@type":"ImageObject","inLanguage":"es","@id":"https:\/\/glassupply.com\/ca\/fr\/#\/schema\/logo\/image\/","url":"https:\/\/staging.glassupply.com\/ca\/wp-content\/uploads\/sites\/5\/2023\/07\/logo.svg","contentUrl":"https:\/\/staging.glassupply.com\/ca\/wp-content\/uploads\/sites\/5\/2023\/07\/logo.svg","width":310,"height":24,"caption":"Glassupply.com"},"image":{"@id":"https:\/\/glassupply.com\/ca\/fr\/#\/schema\/logo\/image\/"}}]}},"_links":{"self":[{"href":"https:\/\/glassupply.com\/ca\/es\/wp-json\/wp\/v2\/product\/6389","targetHints":{"allow":["GET"]}}],"collection":[{"href":"https:\/\/glassupply.com\/ca\/es\/wp-json\/wp\/v2\/product"}],"about":[{"href":"https:\/\/glassupply.com\/ca\/es\/wp-json\/wp\/v2\/types\/product"}],"replies":[{"embeddable":true,"href":"https:\/\/glassupply.com\/ca\/es\/wp-json\/wp\/v2\/comments?post=6389"}],"wp:featuredmedia":[{"embeddable":true,"href":"https:\/\/glassupply.com\/ca\/es\/wp-json\/wp\/v2\/media\/12930"}],"wp:attachment":[{"href":"https:\/\/glassupply.com\/ca\/es\/wp-json\/wp\/v2\/media?parent=6389"}],"wp:term":[{"taxonomy":"product_brand","embeddable":true,"href":"https:\/\/glassupply.com\/ca\/es\/wp-json\/wp\/v2\/product_brand?post=6389"},{"taxonomy":"product_cat","embeddable":true,"href":"https:\/\/glassupply.com\/ca\/es\/wp-json\/wp\/v2\/product_cat?post=6389"},{"taxonomy":"product_tag","embeddable":true,"href":"https:\/\/glassupply.com\/ca\/es\/wp-json\/wp\/v2\/product_tag?post=6389"}],"curies":[{"name":"wp","href":"https:\/\/api.w.org\/{rel}","templated":true}]}}