{"id":6420,"date":"2024-04-11T01:05:47","date_gmt":"2024-04-11T06:05:47","guid":{"rendered":"https:\/\/glassupply.com\/ca\/shop\/bottom-track-kit-for-aluminum-framed-railing\/"},"modified":"2025-06-05T06:25:55","modified_gmt":"2025-06-05T11:25:55","slug":"bottom-track-kit-for-aluminum-framed-railing","status":"publish","type":"product","link":"https:\/\/glassupply.com\/ca\/es\/producto\/bottom-track-kit-for-aluminum-framed-railing\/","title":{"rendered":"Bottom Track Kit for Aluminum Framed Railing"},"content":{"rendered":"","protected":false},"excerpt":{"rendered":"<p><span style=\"font-weight: 400;\">Presentamos nuestro Kit de Riel Inferior GS para aplicaciones de sistemas de barandillas, un componente fundamental idealmente adecuado para nuestro sistema de barandilla con marco de aluminio GS. Este robusto perfil sirve como un elemento esencial para garantizar la integridad estructural y la estabilidad de nuestra soluci\u00f3n de barandilla con marco de aluminio GS, aunque tambi\u00e9n puede usarse para otras aplicaciones.<\/span><\/p>\n<p><span style=\"font-weight: 400;\">El Kit de Riel Inferior GS cuenta con un<\/span><b> sistema de encaje a presi\u00f3n<\/b><span style=\"font-weight: 400;\">, que permite fijar f\u00e1cilmente la cubierta a su riel subyacente <\/span><b>sin necesidad de tornillos ni accesorios adicionales<\/b><span style=\"font-weight: 400;\">. Este dise\u00f1o innovador garantiza un acabado superior y de alta gama en comparaci\u00f3n con los postes soldados tradicionales, lo que da como resultado una apariencia elegante y sin juntas.<\/span><\/p>\n<p><span style=\"font-weight: 400;\">Combinado con el Kit de Riel Superior Moderno GS, el sistema ofrece una<\/span><b> funci\u00f3n de inserci\u00f3n de vidrio<\/b><span style=\"font-weight: 400;\">, que permite un proceso de instalaci\u00f3n sencillo. Esto significa que los rieles superior e inferior pueden montarse primero, y luego se desliza el vidrio de forma segura en la junta superior para luego dejarlo caer en el riel de la junta inferior. Este enfoque permite que el vidrio se adapte y se instale directamente en obra para cada proyecto, asegurando un ajuste perfecto, a diferencia de los sistemas preensamblados en f\u00e1brica.<\/span><\/p>\n<p><span style=\"font-weight: 400;\">Una caracter\u00edstica interesante a destacar es que nuestro kit incluye dos soportes de montaje, lo que ofrece flexibilidad para la instalaci\u00f3n en pared o poste.<\/span><\/p>\n<p><span style=\"font-weight: 400;\">\u00a0\u00a0Caracter\u00edsticas y Beneficios Clave:<\/span><\/p>\n<p><span style=\"font-weight: 400;\">&#8211; Fabricado en aluminio 6063-T6, garantiza resistencia y soporte del vidrio sin combarse ni necesitar soporte adicional.<\/span><\/p>\n<p><span style=\"font-weight: 400;\">&#8211; Dise\u00f1o moderno y elegante<\/span><\/p>\n<p><span style=\"font-weight: 400;\">&#8211; El recubrimiento en polvo AAMA 2604 proporciona una durabilidad de primera calidad.<\/span><\/p>\n<p><span style=\"font-weight: 400;\">&#8211; Con sistema de encaje a presi\u00f3n<\/span><span style=\"font-weight: 400;\">, sin tornillos visibles ni marcas de soldadura<\/span><\/p>\n<p><span style=\"font-weight: 400;\">&#8211; Con una longitud final de 72 pulgadas, se env\u00eda f\u00e1cilmente y puede recortarse en obra sin dificultad.<\/span><\/p>\n<h2><b>EL KIT INCLUYE<\/b><\/h2>\n<table>\n<tbody>\n<tr>\n<td><b>Producto<\/b><\/td>\n<td><b>SKU<\/b><\/td>\n<td><b>Cantidad<\/b><\/td>\n<\/tr>\n<tr>\n<td><span style=\"font-weight: 400;\">Cubierta del Riel Inferior<\/span><\/td>\n<td><span style=\"font-weight: 400;\">R-AFR-72BTC-XX<\/span><\/td>\n<td><span style=\"font-weight: 400;\">1<\/span><\/td>\n<\/tr>\n<tr>\n<td><span style=\"font-weight: 400;\">Riel Inferior<\/span><\/td>\n<td><span style=\"font-weight: 400;\">R-AFR-72BT-XX<\/span><\/td>\n<td><span style=\"font-weight: 400;\">1<\/span><\/td>\n<\/tr>\n<tr>\n<td><span style=\"font-weight: 400;\">Junta para Riel Inferior<\/span><\/td>\n<td><span style=\"font-weight: 400;\">R-AFR-72BG-BK<\/span><\/td>\n<td><span style=\"font-weight: 400;\">1<\/span><\/td>\n<\/tr>\n<tr>\n<td><span style=\"font-weight: 400;\">Soporte de Montaje en U<\/span><\/td>\n<td><span style=\"font-weight: 400;\">R-AFR-IUB-MF<\/span><\/td>\n<td><span style=\"font-weight: 400;\">2<\/span><\/td>\n<\/tr>\n<tr>\n<td><span style=\"font-weight: 400;\">Relleno de Junta (para espacios entre vidrio y poste)<\/span><\/td>\n<td><span style=\"font-weight: 400;\">R-AFR-GF-BK<\/span><\/td>\n<td><span style=\"font-weight: 400;\">2<\/span><\/td>\n<\/tr>\n<tr>\n<td><span style=\"font-weight: 400;\">Tornillo de Cabeza Redonda Acero Inoxidable 18-8, Tama\u00f1o #8, 1\/2&#8243; Largo<\/span><\/td>\n<td><span style=\"font-weight: 400;\">R-AFR-HRSCW8-1.5-00<\/span><\/td>\n<td><span style=\"font-weight: 400;\">12<\/span><\/td>\n<\/tr>\n<\/tbody>\n<\/table>\n<h2><b>ESPECIFICACIONES T\u00c9CNICAS<\/b><\/h2>\n<table>\n<tbody>\n<tr>\n<td><b>Tratamiento Superficial<\/b><\/td>\n<td><span style=\"font-weight: 400;\">Recubrimiento en Polvo<\/span><\/td>\n<\/tr>\n<tr>\n<td><b>Color\/Acabado<\/b><\/td>\n<td><span style=\"font-weight: 400;\">Blanco, Negro<\/span><\/td>\n<\/tr>\n<tr>\n<td><b>Material de Fabricaci\u00f3n<\/b><\/td>\n<td><span style=\"font-weight: 400;\">Aluminio 6063-T6<\/span><\/td>\n<\/tr>\n<tr>\n<td><b>Uso Recomendado<\/b><\/td>\n<td><span style=\"font-weight: 400;\">Barandillas, Cercas para Piscinas, Barandas de Seguridad, Barandillas de Terraza<\/span><\/td>\n<\/tr>\n<\/tbody>\n<\/table>\n<div id=\"gtx-trans\" style=\"position: absolute; left: 219px; top: 896.828px;\">\n<div class=\"gtx-trans-icon\"><\/div>\n<\/div>\n","protected":false},"featured_media":6949,"comment_status":"closed","ping_status":"closed","template":"","meta":{"_acf_changed":false,"inline_featured_image":false},"product_brand":[],"product_cat":[156,60,135],"product_tag":[],"class_list":{"0":"post-6420","1":"product","2":"type-product","3":"status-publish","4":"has-post-thumbnail","6":"product_cat-aluminum-framed-railing-es-glass-fence-railing-hardware-es","7":"product_cat-glass-fence-railing-hardware-es","8":"product_cat-railing-system-es","10":"first","11":"instock","12":"taxable","13":"shipping-taxable","14":"purchasable","15":"product-type-variable","16":"has-default-attributes"},"acf":[],"yoast_head":"<!-- This site is optimized with the Yoast SEO plugin v26.9 - https:\/\/yoast.com\/product\/yoast-seo-wordpress\/ -->\n<title>Bottom Track Kit for Aluminum Framed Railing - Glassupply (CA)<\/title>\n<meta name=\"robots\" content=\"index, follow, max-snippet:-1, max-image-preview:large, max-video-preview:-1\" \/>\n<link rel=\"canonical\" href=\"https:\/\/glassupply.com\/ca\/es\/producto\/bottom-track-kit-for-aluminum-framed-railing\/\" \/>\n<meta property=\"og:locale\" content=\"es_ES\" \/>\n<meta property=\"og:type\" content=\"article\" \/>\n<meta property=\"og:title\" content=\"Bottom Track Kit for Aluminum Framed Railing - Glassupply (CA)\" \/>\n<meta property=\"og:description\" content=\"Presentamos nuestro Kit de Riel Inferior GS para aplicaciones de sistemas de barandillas, un componente fundamental idealmente adecuado para nuestro sistema de barandilla con marco de aluminio GS. Este robusto perfil sirve como un elemento esencial para garantizar la integridad estructural y la estabilidad de nuestra soluci\u00f3n de barandilla con marco de aluminio GS, aunque tambi\u00e9n puede usarse para otras aplicaciones.  El Kit de Riel Inferior GS cuenta con un sistema de encaje a presi\u00f3n, que permite fijar f\u00e1cilmente la cubierta a su riel subyacente sin necesidad de tornillos ni accesorios adicionales. Este dise\u00f1o innovador garantiza un acabado superior y de alta gama en comparaci\u00f3n con los postes soldados tradicionales, lo que da como resultado una apariencia elegante y sin juntas.  Combinado con el Kit de Riel Superior Moderno GS, el sistema ofrece una funci\u00f3n de inserci\u00f3n de vidrio, que permite un proceso de instalaci\u00f3n sencillo. Esto significa que los rieles superior e inferior pueden montarse primero, y luego se desliza el vidrio de forma segura en la junta superior para luego dejarlo caer en el riel de la junta inferior. Este enfoque permite que el vidrio se adapte y se instale directamente en obra para cada proyecto, asegurando un ajuste perfecto, a diferencia de los sistemas preensamblados en f\u00e1brica.  Una caracter\u00edstica interesante a destacar es que nuestro kit incluye dos soportes de montaje, lo que ofrece flexibilidad para la instalaci\u00f3n en pared o poste.  \u00a0\u00a0Caracter\u00edsticas y Beneficios Clave:  - Fabricado en aluminio 6063-T6, garantiza resistencia y soporte del vidrio sin combarse ni necesitar soporte adicional.  - Dise\u00f1o moderno y elegante  - El recubrimiento en polvo AAMA 2604 proporciona una durabilidad de primera calidad.  - Con sistema de encaje a presi\u00f3n, sin tornillos visibles ni marcas de soldadura  - Con una longitud final de 72 pulgadas, se env\u00eda f\u00e1cilmente y puede recortarse en obra sin dificultad. EL KIT INCLUYE    Producto SKU Cantidad   Cubierta del Riel Inferior R-AFR-72BTC-XX 1   Riel Inferior R-AFR-72BT-XX 1   Junta para Riel Inferior R-AFR-72BG-BK 1   Soporte de Montaje en U R-AFR-IUB-MF 2   Relleno de Junta (para espacios entre vidrio y poste) R-AFR-GF-BK 2   Tornillo de Cabeza Redonda Acero Inoxidable 18-8, Tama\u00f1o #8, 1\/2&quot; Largo R-AFR-HRSCW8-1.5-00 12    ESPECIFICACIONES T\u00c9CNICAS    Tratamiento Superficial Recubrimiento en Polvo   Color\/Acabado Blanco, Negro   Material de Fabricaci\u00f3n Aluminio 6063-T6   Uso Recomendado Barandillas, Cercas para Piscinas, Barandas de Seguridad, Barandillas de Terraza\" \/>\n<meta property=\"og:url\" content=\"https:\/\/glassupply.com\/ca\/es\/producto\/bottom-track-kit-for-aluminum-framed-railing\/\" \/>\n<meta property=\"og:site_name\" content=\"Glassupply (CA)\" \/>\n<meta property=\"article:modified_time\" content=\"2025-06-05T11:25:55+00:00\" \/>\n<meta property=\"og:image\" content=\"https:\/\/glassupply.com\/ca\/wp-content\/uploads\/sites\/5\/2024\/05\/R-AFR-72BTKIT-BK_2.webp\" \/>\n\t<meta property=\"og:image:width\" content=\"2000\" \/>\n\t<meta property=\"og:image:height\" content=\"2000\" \/>\n\t<meta property=\"og:image:type\" content=\"image\/webp\" \/>\n<meta name=\"twitter:card\" content=\"summary_large_image\" \/>\n<meta name=\"twitter:label1\" content=\"Est. reading time\" \/>\n\t<meta name=\"twitter:data1\" content=\"1 minuto\" \/>\n<script type=\"application\/ld+json\" class=\"yoast-schema-graph\">{\"@context\":\"https:\/\/schema.org\",\"@graph\":[{\"@type\":\"WebPage\",\"@id\":\"https:\/\/glassupply.com\/ca\/es\/producto\/bottom-track-kit-for-aluminum-framed-railing\/\",\"url\":\"https:\/\/glassupply.com\/ca\/es\/producto\/bottom-track-kit-for-aluminum-framed-railing\/\",\"name\":\"Bottom Track Kit for Aluminum Framed Railing - Glassupply (CA)\",\"isPartOf\":{\"@id\":\"https:\/\/glassupply.com\/ca\/fr\/#website\"},\"primaryImageOfPage\":{\"@id\":\"https:\/\/glassupply.com\/ca\/es\/producto\/bottom-track-kit-for-aluminum-framed-railing\/#primaryimage\"},\"image\":{\"@id\":\"https:\/\/glassupply.com\/ca\/es\/producto\/bottom-track-kit-for-aluminum-framed-railing\/#primaryimage\"},\"thumbnailUrl\":\"https:\/\/glassupply.com\/ca\/wp-content\/uploads\/sites\/5\/2024\/05\/R-AFR-72BTKIT-BK_2.webp\",\"datePublished\":\"2024-04-11T06:05:47+00:00\",\"dateModified\":\"2025-06-05T11:25:55+00:00\",\"breadcrumb\":{\"@id\":\"https:\/\/glassupply.com\/ca\/es\/producto\/bottom-track-kit-for-aluminum-framed-railing\/#breadcrumb\"},\"inLanguage\":\"es\",\"potentialAction\":[{\"@type\":\"ReadAction\",\"target\":[\"https:\/\/glassupply.com\/ca\/es\/producto\/bottom-track-kit-for-aluminum-framed-railing\/\"]}]},{\"@type\":\"ImageObject\",\"inLanguage\":\"es\",\"@id\":\"https:\/\/glassupply.com\/ca\/es\/producto\/bottom-track-kit-for-aluminum-framed-railing\/#primaryimage\",\"url\":\"https:\/\/glassupply.com\/ca\/wp-content\/uploads\/sites\/5\/2024\/05\/R-AFR-72BTKIT-BK_2.webp\",\"contentUrl\":\"https:\/\/glassupply.com\/ca\/wp-content\/uploads\/sites\/5\/2024\/05\/R-AFR-72BTKIT-BK_2.webp\",\"width\":2000,\"height\":2000},{\"@type\":\"BreadcrumbList\",\"@id\":\"https:\/\/glassupply.com\/ca\/es\/producto\/bottom-track-kit-for-aluminum-framed-railing\/#breadcrumb\",\"itemListElement\":[{\"@type\":\"ListItem\",\"position\":1,\"name\":\"Home\",\"item\":\"https:\/\/glassupply.com\/ca\/es\/\"},{\"@type\":\"ListItem\",\"position\":2,\"name\":\"Tienda\",\"item\":\"https:\/\/glassupply.com\/ca\/es\/tienda\/\"},{\"@type\":\"ListItem\",\"position\":3,\"name\":\"Bottom Track Kit for Aluminum Framed Railing\"}]},{\"@type\":\"WebSite\",\"@id\":\"https:\/\/glassupply.com\/ca\/fr\/#website\",\"url\":\"https:\/\/glassupply.com\/ca\/fr\/\",\"name\":\"Glassupply.com\",\"description\":\"From the manufacturer to your doorstep\",\"publisher\":{\"@id\":\"https:\/\/glassupply.com\/ca\/fr\/#organization\"},\"potentialAction\":[{\"@type\":\"SearchAction\",\"target\":{\"@type\":\"EntryPoint\",\"urlTemplate\":\"https:\/\/glassupply.com\/ca\/fr\/?s={search_term_string}\"},\"query-input\":{\"@type\":\"PropertyValueSpecification\",\"valueRequired\":true,\"valueName\":\"search_term_string\"}}],\"inLanguage\":\"es\"},{\"@type\":\"Organization\",\"@id\":\"https:\/\/glassupply.com\/ca\/fr\/#organization\",\"name\":\"Glassupply.com\",\"url\":\"https:\/\/glassupply.com\/ca\/fr\/\",\"logo\":{\"@type\":\"ImageObject\",\"inLanguage\":\"es\",\"@id\":\"https:\/\/glassupply.com\/ca\/fr\/#\/schema\/logo\/image\/\",\"url\":\"https:\/\/staging.glassupply.com\/ca\/wp-content\/uploads\/sites\/5\/2023\/07\/logo.svg\",\"contentUrl\":\"https:\/\/staging.glassupply.com\/ca\/wp-content\/uploads\/sites\/5\/2023\/07\/logo.svg\",\"width\":310,\"height\":24,\"caption\":\"Glassupply.com\"},\"image\":{\"@id\":\"https:\/\/glassupply.com\/ca\/fr\/#\/schema\/logo\/image\/\"}}]}<\/script>\n<!-- \/ Yoast SEO plugin. -->","yoast_head_json":{"title":"Bottom Track Kit for Aluminum Framed Railing - Glassupply (CA)","robots":{"index":"index","follow":"follow","max-snippet":"max-snippet:-1","max-image-preview":"max-image-preview:large","max-video-preview":"max-video-preview:-1"},"canonical":"https:\/\/glassupply.com\/ca\/es\/producto\/bottom-track-kit-for-aluminum-framed-railing\/","og_locale":"es_ES","og_type":"article","og_title":"Bottom Track Kit for Aluminum Framed Railing - Glassupply (CA)","og_description":"Presentamos nuestro Kit de Riel Inferior GS para aplicaciones de sistemas de barandillas, un componente fundamental idealmente adecuado para nuestro sistema de barandilla con marco de aluminio GS. Este robusto perfil sirve como un elemento esencial para garantizar la integridad estructural y la estabilidad de nuestra soluci\u00f3n de barandilla con marco de aluminio GS, aunque tambi\u00e9n puede usarse para otras aplicaciones.  El Kit de Riel Inferior GS cuenta con un sistema de encaje a presi\u00f3n, que permite fijar f\u00e1cilmente la cubierta a su riel subyacente sin necesidad de tornillos ni accesorios adicionales. Este dise\u00f1o innovador garantiza un acabado superior y de alta gama en comparaci\u00f3n con los postes soldados tradicionales, lo que da como resultado una apariencia elegante y sin juntas.  Combinado con el Kit de Riel Superior Moderno GS, el sistema ofrece una funci\u00f3n de inserci\u00f3n de vidrio, que permite un proceso de instalaci\u00f3n sencillo. Esto significa que los rieles superior e inferior pueden montarse primero, y luego se desliza el vidrio de forma segura en la junta superior para luego dejarlo caer en el riel de la junta inferior. Este enfoque permite que el vidrio se adapte y se instale directamente en obra para cada proyecto, asegurando un ajuste perfecto, a diferencia de los sistemas preensamblados en f\u00e1brica.  Una caracter\u00edstica interesante a destacar es que nuestro kit incluye dos soportes de montaje, lo que ofrece flexibilidad para la instalaci\u00f3n en pared o poste.  \u00a0\u00a0Caracter\u00edsticas y Beneficios Clave:  - Fabricado en aluminio 6063-T6, garantiza resistencia y soporte del vidrio sin combarse ni necesitar soporte adicional.  - Dise\u00f1o moderno y elegante  - El recubrimiento en polvo AAMA 2604 proporciona una durabilidad de primera calidad.  - Con sistema de encaje a presi\u00f3n, sin tornillos visibles ni marcas de soldadura  - Con una longitud final de 72 pulgadas, se env\u00eda f\u00e1cilmente y puede recortarse en obra sin dificultad. EL KIT INCLUYE    Producto SKU Cantidad   Cubierta del Riel Inferior R-AFR-72BTC-XX 1   Riel Inferior R-AFR-72BT-XX 1   Junta para Riel Inferior R-AFR-72BG-BK 1   Soporte de Montaje en U R-AFR-IUB-MF 2   Relleno de Junta (para espacios entre vidrio y poste) R-AFR-GF-BK 2   Tornillo de Cabeza Redonda Acero Inoxidable 18-8, Tama\u00f1o #8, 1\/2\" Largo R-AFR-HRSCW8-1.5-00 12    ESPECIFICACIONES T\u00c9CNICAS    Tratamiento Superficial Recubrimiento en Polvo   Color\/Acabado Blanco, Negro   Material de Fabricaci\u00f3n Aluminio 6063-T6   Uso Recomendado Barandillas, Cercas para Piscinas, Barandas de Seguridad, Barandillas de Terraza","og_url":"https:\/\/glassupply.com\/ca\/es\/producto\/bottom-track-kit-for-aluminum-framed-railing\/","og_site_name":"Glassupply (CA)","article_modified_time":"2025-06-05T11:25:55+00:00","og_image":[{"width":2000,"height":2000,"url":"https:\/\/glassupply.com\/ca\/wp-content\/uploads\/sites\/5\/2024\/05\/R-AFR-72BTKIT-BK_2.webp","type":"image\/webp"}],"twitter_card":"summary_large_image","twitter_misc":{"Est. reading time":"1 minuto"},"schema":{"@context":"https:\/\/schema.org","@graph":[{"@type":"WebPage","@id":"https:\/\/glassupply.com\/ca\/es\/producto\/bottom-track-kit-for-aluminum-framed-railing\/","url":"https:\/\/glassupply.com\/ca\/es\/producto\/bottom-track-kit-for-aluminum-framed-railing\/","name":"Bottom Track Kit for Aluminum Framed Railing - Glassupply (CA)","isPartOf":{"@id":"https:\/\/glassupply.com\/ca\/fr\/#website"},"primaryImageOfPage":{"@id":"https:\/\/glassupply.com\/ca\/es\/producto\/bottom-track-kit-for-aluminum-framed-railing\/#primaryimage"},"image":{"@id":"https:\/\/glassupply.com\/ca\/es\/producto\/bottom-track-kit-for-aluminum-framed-railing\/#primaryimage"},"thumbnailUrl":"https:\/\/glassupply.com\/ca\/wp-content\/uploads\/sites\/5\/2024\/05\/R-AFR-72BTKIT-BK_2.webp","datePublished":"2024-04-11T06:05:47+00:00","dateModified":"2025-06-05T11:25:55+00:00","breadcrumb":{"@id":"https:\/\/glassupply.com\/ca\/es\/producto\/bottom-track-kit-for-aluminum-framed-railing\/#breadcrumb"},"inLanguage":"es","potentialAction":[{"@type":"ReadAction","target":["https:\/\/glassupply.com\/ca\/es\/producto\/bottom-track-kit-for-aluminum-framed-railing\/"]}]},{"@type":"ImageObject","inLanguage":"es","@id":"https:\/\/glassupply.com\/ca\/es\/producto\/bottom-track-kit-for-aluminum-framed-railing\/#primaryimage","url":"https:\/\/glassupply.com\/ca\/wp-content\/uploads\/sites\/5\/2024\/05\/R-AFR-72BTKIT-BK_2.webp","contentUrl":"https:\/\/glassupply.com\/ca\/wp-content\/uploads\/sites\/5\/2024\/05\/R-AFR-72BTKIT-BK_2.webp","width":2000,"height":2000},{"@type":"BreadcrumbList","@id":"https:\/\/glassupply.com\/ca\/es\/producto\/bottom-track-kit-for-aluminum-framed-railing\/#breadcrumb","itemListElement":[{"@type":"ListItem","position":1,"name":"Home","item":"https:\/\/glassupply.com\/ca\/es\/"},{"@type":"ListItem","position":2,"name":"Tienda","item":"https:\/\/glassupply.com\/ca\/es\/tienda\/"},{"@type":"ListItem","position":3,"name":"Bottom Track Kit for Aluminum Framed Railing"}]},{"@type":"WebSite","@id":"https:\/\/glassupply.com\/ca\/fr\/#website","url":"https:\/\/glassupply.com\/ca\/fr\/","name":"Glassupply.com","description":"From the manufacturer to your doorstep","publisher":{"@id":"https:\/\/glassupply.com\/ca\/fr\/#organization"},"potentialAction":[{"@type":"SearchAction","target":{"@type":"EntryPoint","urlTemplate":"https:\/\/glassupply.com\/ca\/fr\/?s={search_term_string}"},"query-input":{"@type":"PropertyValueSpecification","valueRequired":true,"valueName":"search_term_string"}}],"inLanguage":"es"},{"@type":"Organization","@id":"https:\/\/glassupply.com\/ca\/fr\/#organization","name":"Glassupply.com","url":"https:\/\/glassupply.com\/ca\/fr\/","logo":{"@type":"ImageObject","inLanguage":"es","@id":"https:\/\/glassupply.com\/ca\/fr\/#\/schema\/logo\/image\/","url":"https:\/\/staging.glassupply.com\/ca\/wp-content\/uploads\/sites\/5\/2023\/07\/logo.svg","contentUrl":"https:\/\/staging.glassupply.com\/ca\/wp-content\/uploads\/sites\/5\/2023\/07\/logo.svg","width":310,"height":24,"caption":"Glassupply.com"},"image":{"@id":"https:\/\/glassupply.com\/ca\/fr\/#\/schema\/logo\/image\/"}}]}},"_links":{"self":[{"href":"https:\/\/glassupply.com\/ca\/es\/wp-json\/wp\/v2\/product\/6420","targetHints":{"allow":["GET"]}}],"collection":[{"href":"https:\/\/glassupply.com\/ca\/es\/wp-json\/wp\/v2\/product"}],"about":[{"href":"https:\/\/glassupply.com\/ca\/es\/wp-json\/wp\/v2\/types\/product"}],"replies":[{"embeddable":true,"href":"https:\/\/glassupply.com\/ca\/es\/wp-json\/wp\/v2\/comments?post=6420"}],"wp:featuredmedia":[{"embeddable":true,"href":"https:\/\/glassupply.com\/ca\/es\/wp-json\/wp\/v2\/media\/6949"}],"wp:attachment":[{"href":"https:\/\/glassupply.com\/ca\/es\/wp-json\/wp\/v2\/media?parent=6420"}],"wp:term":[{"taxonomy":"product_brand","embeddable":true,"href":"https:\/\/glassupply.com\/ca\/es\/wp-json\/wp\/v2\/product_brand?post=6420"},{"taxonomy":"product_cat","embeddable":true,"href":"https:\/\/glassupply.com\/ca\/es\/wp-json\/wp\/v2\/product_cat?post=6420"},{"taxonomy":"product_tag","embeddable":true,"href":"https:\/\/glassupply.com\/ca\/es\/wp-json\/wp\/v2\/product_tag?post=6420"}],"curies":[{"name":"wp","href":"https:\/\/api.w.org\/{rel}","templated":true}]}}