{"id":6722,"date":"2024-05-03T07:04:06","date_gmt":"2024-05-03T12:04:06","guid":{"rendered":"https:\/\/glassupply.com\/ca\/shop\/translucent-vinyl-double-fin-seal\/"},"modified":"2025-06-06T01:47:56","modified_gmt":"2025-06-06T06:47:56","slug":"translucent-vinyl-double-fin-seal","status":"publish","type":"product","link":"https:\/\/glassupply.com\/ca\/es\/producto\/translucent-vinyl-double-fin-seal\/","title":{"rendered":"Translucent Vinyl Double Fin Seal"},"content":{"rendered":"","protected":false},"excerpt":{"rendered":"<p><span style=\"font-weight: 400;\">El sello doble aleta transl\u00facido es una soluci\u00f3n vers\u00e1til para puertas de tipo doble batiente. Su aleta est\u00e1 dise\u00f1ada para sellar eficazmente huecos de hasta 8 mm (5\/16\u201d).<\/span><\/p>\n<p><span style=\"font-weight: 400;\">Con la cinta 3M Hi-Bond transparente preaplicada, la base r\u00edgida de 8 mm (5\/16\u201d) del Edge Wipe puede ser f\u00e1cilmente y de forma segura adherida al borde del vidrio para una sujeci\u00f3n permanente. Esta caracter\u00edstica a\u00f1ade conveniencia y fiabilidad al proceso de instalaci\u00f3n.<\/span><\/p>\n<p><span style=\"font-weight: 400;\">No se requiere fabricaci\u00f3n del vidrio.<\/span><\/p>\n<h2><b>ESPECIFICACIONES T\u00c9CNICAS<\/b><\/h2>\n<table>\n<tbody>\n<tr>\n<td><b>Espesor del vidrio de seguridad<\/b><\/td>\n<td><span style=\"font-weight: 400;\">8 mm (5\/16\u201d) a 12 mm (1\/2\u201d)<\/span><\/td>\n<\/tr>\n<tr>\n<td><b>Longitud<\/b><\/td>\n<td><span style=\"font-weight: 400;\">2438 mm (96\u201d)<\/span><\/td>\n<\/tr>\n<tr>\n<td><b>Material de fabricaci\u00f3n<\/b><\/td>\n<td><span style=\"font-weight: 400;\">Base r\u00edgida de policarbonato, aleta blanda de vinilo<\/span><\/td>\n<\/tr>\n<\/tbody>\n<\/table>\n","protected":false},"featured_media":6713,"comment_status":"closed","ping_status":"closed","template":"","meta":{"_acf_changed":false,"inline_featured_image":false},"product_brand":[],"product_cat":[72],"product_tag":[],"class_list":{"0":"post-6722","1":"product","2":"type-product","3":"status-publish","4":"has-post-thumbnail","6":"product_cat-shower-hardware-es","8":"first","9":"instock","10":"taxable","11":"shipping-taxable","12":"purchasable","13":"product-type-simple"},"acf":[],"yoast_head":"<!-- This site is optimized with the Yoast SEO Premium plugin v27.4 (Yoast SEO v27.4) - https:\/\/yoast.com\/product\/yoast-seo-premium-wordpress\/ -->\n<title>Translucent Vinyl Double Fin Seal - Glassupply (CA)<\/title>\n<meta name=\"robots\" content=\"index, follow, max-snippet:-1, max-image-preview:large, max-video-preview:-1\" \/>\n<link rel=\"canonical\" href=\"https:\/\/glassupply.com\/ca\/es\/producto\/translucent-vinyl-double-fin-seal\/\" \/>\n<meta property=\"og:locale\" content=\"es_ES\" \/>\n<meta property=\"og:type\" content=\"article\" \/>\n<meta property=\"og:title\" content=\"Translucent Vinyl Double Fin Seal\" \/>\n<meta property=\"og:description\" content=\"El sello doble aleta transl\u00facido es una soluci\u00f3n vers\u00e1til para puertas de tipo doble batiente. Su aleta est\u00e1 dise\u00f1ada para sellar eficazmente huecos de hasta 8 mm (5\/16\u201d).  Con la cinta 3M Hi-Bond transparente preaplicada, la base r\u00edgida de 8 mm (5\/16\u201d) del Edge Wipe puede ser f\u00e1cilmente y de forma segura adherida al borde del vidrio para una sujeci\u00f3n permanente. Esta caracter\u00edstica a\u00f1ade conveniencia y fiabilidad al proceso de instalaci\u00f3n.  No se requiere fabricaci\u00f3n del vidrio. ESPECIFICACIONES T\u00c9CNICAS    Espesor del vidrio de seguridad 8 mm (5\/16\u201d) a 12 mm (1\/2\u201d)   Longitud 2438 mm (96\u201d)   Material de fabricaci\u00f3n Base r\u00edgida de policarbonato, aleta blanda de vinilo\" \/>\n<meta property=\"og:url\" content=\"https:\/\/glassupply.com\/ca\/es\/producto\/translucent-vinyl-double-fin-seal\/\" \/>\n<meta property=\"og:site_name\" content=\"Glassupply (CA)\" \/>\n<meta property=\"article:publisher\" content=\"https:\/\/www.facebook.com\/glassupply.comCustomGlass\" \/>\n<meta property=\"article:modified_time\" content=\"2025-06-06T06:47:56+00:00\" \/>\n<meta property=\"og:image\" content=\"https:\/\/glassupply.com\/ca\/wp-content\/uploads\/sites\/5\/2024\/05\/S-IK-TVDFS-Product-Image-1.webp\" \/>\n\t<meta property=\"og:image:width\" content=\"1500\" \/>\n\t<meta property=\"og:image:height\" content=\"1500\" \/>\n\t<meta property=\"og:image:type\" content=\"image\/webp\" \/>\n<meta name=\"twitter:card\" content=\"summary_large_image\" \/>\n<meta name=\"twitter:label1\" content=\"Price\" \/>\n\t<meta name=\"twitter:data1\" content=\"&#036;15.00\" \/>\n\t<meta name=\"twitter:label2\" content=\"Availability\" \/>\n\t<meta name=\"twitter:data2\" content=\"In stock\" \/>\n<script type=\"application\/ld+json\" class=\"yoast-schema-graph\">{\"@context\":\"https:\\\/\\\/schema.org\",\"@graph\":[{\"@type\":\"WebPage\",\"@id\":\"https:\\\/\\\/glassupply.com\\\/ca\\\/es\\\/producto\\\/translucent-vinyl-double-fin-seal\\\/\",\"url\":\"https:\\\/\\\/glassupply.com\\\/ca\\\/es\\\/producto\\\/translucent-vinyl-double-fin-seal\\\/\",\"name\":\"Translucent Vinyl Double Fin Seal - Glassupply (CA)\",\"isPartOf\":{\"@id\":\"https:\\\/\\\/glassupply.com\\\/ca\\\/fr\\\/#website\"},\"primaryImageOfPage\":{\"@id\":\"https:\\\/\\\/glassupply.com\\\/ca\\\/es\\\/producto\\\/translucent-vinyl-double-fin-seal\\\/#primaryimage\"},\"image\":{\"@id\":\"https:\\\/\\\/glassupply.com\\\/ca\\\/es\\\/producto\\\/translucent-vinyl-double-fin-seal\\\/#primaryimage\"},\"thumbnailUrl\":\"https:\\\/\\\/glassupply.com\\\/ca\\\/wp-content\\\/uploads\\\/sites\\\/5\\\/2024\\\/05\\\/S-IK-TVDFS-Product-Image-1.webp\",\"datePublished\":\"2024-05-03T12:04:06+00:00\",\"dateModified\":\"2025-06-06T06:47:56+00:00\",\"breadcrumb\":{\"@id\":\"https:\\\/\\\/glassupply.com\\\/ca\\\/es\\\/producto\\\/translucent-vinyl-double-fin-seal\\\/#breadcrumb\"},\"inLanguage\":\"es\",\"potentialAction\":[{\"@type\":\"ReadAction\",\"target\":[\"https:\\\/\\\/glassupply.com\\\/ca\\\/es\\\/producto\\\/translucent-vinyl-double-fin-seal\\\/\"]}]},{\"@type\":\"ImageObject\",\"inLanguage\":\"es\",\"@id\":\"https:\\\/\\\/glassupply.com\\\/ca\\\/es\\\/producto\\\/translucent-vinyl-double-fin-seal\\\/#primaryimage\",\"url\":\"https:\\\/\\\/glassupply.com\\\/ca\\\/wp-content\\\/uploads\\\/sites\\\/5\\\/2024\\\/05\\\/S-IK-TVDFS-Product-Image-1.webp\",\"contentUrl\":\"https:\\\/\\\/glassupply.com\\\/ca\\\/wp-content\\\/uploads\\\/sites\\\/5\\\/2024\\\/05\\\/S-IK-TVDFS-Product-Image-1.webp\",\"width\":1500,\"height\":1500},{\"@type\":\"BreadcrumbList\",\"@id\":\"https:\\\/\\\/glassupply.com\\\/ca\\\/es\\\/producto\\\/translucent-vinyl-double-fin-seal\\\/#breadcrumb\",\"itemListElement\":[{\"@type\":\"ListItem\",\"position\":1,\"name\":\"Home\",\"item\":\"https:\\\/\\\/glassupply.com\\\/ca\\\/es\\\/\"},{\"@type\":\"ListItem\",\"position\":2,\"name\":\"Tienda\",\"item\":\"https:\\\/\\\/glassupply.com\\\/ca\\\/es\\\/tienda\\\/\"},{\"@type\":\"ListItem\",\"position\":3,\"name\":\"Translucent Vinyl Double Fin Seal\"}]},{\"@type\":\"WebSite\",\"@id\":\"https:\\\/\\\/glassupply.com\\\/ca\\\/fr\\\/#website\",\"url\":\"https:\\\/\\\/glassupply.com\\\/ca\\\/fr\\\/\",\"name\":\"Glassupply.com\",\"description\":\"From the manufacturer to your doorstep\",\"publisher\":{\"@id\":\"https:\\\/\\\/glassupply.com\\\/ca\\\/fr\\\/#organization\"},\"potentialAction\":[{\"@type\":\"SearchAction\",\"target\":{\"@type\":\"EntryPoint\",\"urlTemplate\":\"https:\\\/\\\/glassupply.com\\\/ca\\\/fr\\\/?s={search_term_string}\"},\"query-input\":{\"@type\":\"PropertyValueSpecification\",\"valueRequired\":true,\"valueName\":\"search_term_string\"}}],\"inLanguage\":\"es\"},{\"@type\":[\"Organization\",\"Place\"],\"@id\":\"https:\\\/\\\/glassupply.com\\\/ca\\\/fr\\\/#organization\",\"name\":\"Glassupply.com\",\"url\":\"https:\\\/\\\/glassupply.com\\\/ca\\\/fr\\\/\",\"logo\":{\"@id\":\"https:\\\/\\\/glassupply.com\\\/ca\\\/es\\\/producto\\\/translucent-vinyl-double-fin-seal\\\/#local-main-organization-logo\"},\"image\":{\"@id\":\"https:\\\/\\\/glassupply.com\\\/ca\\\/es\\\/producto\\\/translucent-vinyl-double-fin-seal\\\/#local-main-organization-logo\"},\"sameAs\":[\"https:\\\/\\\/www.facebook.com\\\/glassupply.comCustomGlass\",\"https:\\\/\\\/www.youtube.com\\\/@Glassupply.comVideos\"],\"address\":{\"@id\":\"https:\\\/\\\/glassupply.com\\\/ca\\\/es\\\/producto\\\/translucent-vinyl-double-fin-seal\\\/#local-main-place-address\"},\"geo\":{\"@type\":\"GeoCoordinates\",\"latitude\":\"45.752055926060365\",\"longitude\":\"-73.44333072883563\"},\"telephone\":[\"+1-888-225-4392\"],\"openingHoursSpecification\":[],\"email\":\"support@glassupply.com\"},{\"@type\":\"PostalAddress\",\"@id\":\"https:\\\/\\\/glassupply.com\\\/ca\\\/es\\\/producto\\\/translucent-vinyl-double-fin-seal\\\/#local-main-place-address\",\"streetAddress\":\"80 Rue de Normandie\",\"addressLocality\":\"Repentigny\",\"postalCode\":\"J6A 4W2\",\"addressRegion\":\"Quebec (QC)\",\"addressCountry\":\"CA\"},{\"@type\":\"ImageObject\",\"inLanguage\":\"es\",\"@id\":\"https:\\\/\\\/glassupply.com\\\/ca\\\/es\\\/producto\\\/translucent-vinyl-double-fin-seal\\\/#local-main-organization-logo\",\"url\":\"https:\\\/\\\/glassupply.com\\\/ca\\\/wp-content\\\/uploads\\\/sites\\\/5\\\/2023\\\/07\\\/logo.svg\",\"contentUrl\":\"https:\\\/\\\/glassupply.com\\\/ca\\\/wp-content\\\/uploads\\\/sites\\\/5\\\/2023\\\/07\\\/logo.svg\",\"width\":310,\"height\":24,\"caption\":\"Glassupply.com\"}]}<\/script>\n<meta property=\"product:price:amount\" content=\"15.00\" \/>\n<meta property=\"product:price:currency\" content=\"CAD\" \/>\n<meta property=\"og:availability\" content=\"instock\" \/>\n<meta property=\"product:availability\" content=\"instock\" \/>\n<meta property=\"product:retailer_item_id\" content=\"S-IK-TVDFS\" \/>\n<meta property=\"product:condition\" content=\"new\" \/>\n<meta name=\"geo.placename\" content=\"Repentigny\" \/>\n<meta name=\"geo.position\" content=\"45.752055926060365;-73.44333072883563\" \/>\n<meta name=\"geo.region\" content=\"Canada\" \/>\n<!-- \/ Yoast SEO Premium plugin. -->","yoast_head_json":{"title":"Translucent Vinyl Double Fin Seal - Glassupply (CA)","robots":{"index":"index","follow":"follow","max-snippet":"max-snippet:-1","max-image-preview":"max-image-preview:large","max-video-preview":"max-video-preview:-1"},"canonical":"https:\/\/glassupply.com\/ca\/es\/producto\/translucent-vinyl-double-fin-seal\/","og_locale":"es_ES","og_type":"article","og_title":"Translucent Vinyl Double Fin Seal","og_description":"El sello doble aleta transl\u00facido es una soluci\u00f3n vers\u00e1til para puertas de tipo doble batiente. Su aleta est\u00e1 dise\u00f1ada para sellar eficazmente huecos de hasta 8 mm (5\/16\u201d).  Con la cinta 3M Hi-Bond transparente preaplicada, la base r\u00edgida de 8 mm (5\/16\u201d) del Edge Wipe puede ser f\u00e1cilmente y de forma segura adherida al borde del vidrio para una sujeci\u00f3n permanente. Esta caracter\u00edstica a\u00f1ade conveniencia y fiabilidad al proceso de instalaci\u00f3n.  No se requiere fabricaci\u00f3n del vidrio. ESPECIFICACIONES T\u00c9CNICAS    Espesor del vidrio de seguridad 8 mm (5\/16\u201d) a 12 mm (1\/2\u201d)   Longitud 2438 mm (96\u201d)   Material de fabricaci\u00f3n Base r\u00edgida de policarbonato, aleta blanda de vinilo","og_url":"https:\/\/glassupply.com\/ca\/es\/producto\/translucent-vinyl-double-fin-seal\/","og_site_name":"Glassupply (CA)","article_publisher":"https:\/\/www.facebook.com\/glassupply.comCustomGlass","article_modified_time":"2025-06-06T06:47:56+00:00","og_image":[{"width":1500,"height":1500,"url":"https:\/\/glassupply.com\/ca\/wp-content\/uploads\/sites\/5\/2024\/05\/S-IK-TVDFS-Product-Image-1.webp","type":"image\/webp"}],"twitter_card":"summary_large_image","twitter_misc":{"Price":"&#36;15.00","Availability":"In stock"},"schema":{"@context":"https:\/\/schema.org","@graph":[{"@type":"WebPage","@id":"https:\/\/glassupply.com\/ca\/es\/producto\/translucent-vinyl-double-fin-seal\/","url":"https:\/\/glassupply.com\/ca\/es\/producto\/translucent-vinyl-double-fin-seal\/","name":"Translucent Vinyl Double Fin Seal - Glassupply (CA)","isPartOf":{"@id":"https:\/\/glassupply.com\/ca\/fr\/#website"},"primaryImageOfPage":{"@id":"https:\/\/glassupply.com\/ca\/es\/producto\/translucent-vinyl-double-fin-seal\/#primaryimage"},"image":{"@id":"https:\/\/glassupply.com\/ca\/es\/producto\/translucent-vinyl-double-fin-seal\/#primaryimage"},"thumbnailUrl":"https:\/\/glassupply.com\/ca\/wp-content\/uploads\/sites\/5\/2024\/05\/S-IK-TVDFS-Product-Image-1.webp","datePublished":"2024-05-03T12:04:06+00:00","dateModified":"2025-06-06T06:47:56+00:00","breadcrumb":{"@id":"https:\/\/glassupply.com\/ca\/es\/producto\/translucent-vinyl-double-fin-seal\/#breadcrumb"},"inLanguage":"es","potentialAction":[{"@type":"ReadAction","target":["https:\/\/glassupply.com\/ca\/es\/producto\/translucent-vinyl-double-fin-seal\/"]}]},{"@type":"ImageObject","inLanguage":"es","@id":"https:\/\/glassupply.com\/ca\/es\/producto\/translucent-vinyl-double-fin-seal\/#primaryimage","url":"https:\/\/glassupply.com\/ca\/wp-content\/uploads\/sites\/5\/2024\/05\/S-IK-TVDFS-Product-Image-1.webp","contentUrl":"https:\/\/glassupply.com\/ca\/wp-content\/uploads\/sites\/5\/2024\/05\/S-IK-TVDFS-Product-Image-1.webp","width":1500,"height":1500},{"@type":"BreadcrumbList","@id":"https:\/\/glassupply.com\/ca\/es\/producto\/translucent-vinyl-double-fin-seal\/#breadcrumb","itemListElement":[{"@type":"ListItem","position":1,"name":"Home","item":"https:\/\/glassupply.com\/ca\/es\/"},{"@type":"ListItem","position":2,"name":"Tienda","item":"https:\/\/glassupply.com\/ca\/es\/tienda\/"},{"@type":"ListItem","position":3,"name":"Translucent Vinyl Double Fin Seal"}]},{"@type":"WebSite","@id":"https:\/\/glassupply.com\/ca\/fr\/#website","url":"https:\/\/glassupply.com\/ca\/fr\/","name":"Glassupply.com","description":"From the manufacturer to your doorstep","publisher":{"@id":"https:\/\/glassupply.com\/ca\/fr\/#organization"},"potentialAction":[{"@type":"SearchAction","target":{"@type":"EntryPoint","urlTemplate":"https:\/\/glassupply.com\/ca\/fr\/?s={search_term_string}"},"query-input":{"@type":"PropertyValueSpecification","valueRequired":true,"valueName":"search_term_string"}}],"inLanguage":"es"},{"@type":["Organization","Place"],"@id":"https:\/\/glassupply.com\/ca\/fr\/#organization","name":"Glassupply.com","url":"https:\/\/glassupply.com\/ca\/fr\/","logo":{"@id":"https:\/\/glassupply.com\/ca\/es\/producto\/translucent-vinyl-double-fin-seal\/#local-main-organization-logo"},"image":{"@id":"https:\/\/glassupply.com\/ca\/es\/producto\/translucent-vinyl-double-fin-seal\/#local-main-organization-logo"},"sameAs":["https:\/\/www.facebook.com\/glassupply.comCustomGlass","https:\/\/www.youtube.com\/@Glassupply.comVideos"],"address":{"@id":"https:\/\/glassupply.com\/ca\/es\/producto\/translucent-vinyl-double-fin-seal\/#local-main-place-address"},"geo":{"@type":"GeoCoordinates","latitude":"45.752055926060365","longitude":"-73.44333072883563"},"telephone":["+1-888-225-4392"],"openingHoursSpecification":[],"email":"support@glassupply.com"},{"@type":"PostalAddress","@id":"https:\/\/glassupply.com\/ca\/es\/producto\/translucent-vinyl-double-fin-seal\/#local-main-place-address","streetAddress":"80 Rue de Normandie","addressLocality":"Repentigny","postalCode":"J6A 4W2","addressRegion":"Quebec (QC)","addressCountry":"CA"},{"@type":"ImageObject","inLanguage":"es","@id":"https:\/\/glassupply.com\/ca\/es\/producto\/translucent-vinyl-double-fin-seal\/#local-main-organization-logo","url":"https:\/\/glassupply.com\/ca\/wp-content\/uploads\/sites\/5\/2023\/07\/logo.svg","contentUrl":"https:\/\/glassupply.com\/ca\/wp-content\/uploads\/sites\/5\/2023\/07\/logo.svg","width":310,"height":24,"caption":"Glassupply.com"}]},"product_price_amount":"15.00","product_price_currency":"CAD","og_availability":"instock","product_availability":"instock","product_retailer_item_id":"S-IK-TVDFS","product_condition":"new","geo.placename":"Repentigny","geo.position":{"lat":"45.752055926060365","long":"-73.44333072883563"},"geo.region":"Canada"},"_links":{"self":[{"href":"https:\/\/glassupply.com\/ca\/es\/wp-json\/wp\/v2\/product\/6722","targetHints":{"allow":["GET"]}}],"collection":[{"href":"https:\/\/glassupply.com\/ca\/es\/wp-json\/wp\/v2\/product"}],"about":[{"href":"https:\/\/glassupply.com\/ca\/es\/wp-json\/wp\/v2\/types\/product"}],"replies":[{"embeddable":true,"href":"https:\/\/glassupply.com\/ca\/es\/wp-json\/wp\/v2\/comments?post=6722"}],"wp:featuredmedia":[{"embeddable":true,"href":"https:\/\/glassupply.com\/ca\/es\/wp-json\/wp\/v2\/media\/6713"}],"wp:attachment":[{"href":"https:\/\/glassupply.com\/ca\/es\/wp-json\/wp\/v2\/media?parent=6722"}],"wp:term":[{"taxonomy":"product_brand","embeddable":true,"href":"https:\/\/glassupply.com\/ca\/es\/wp-json\/wp\/v2\/product_brand?post=6722"},{"taxonomy":"product_cat","embeddable":true,"href":"https:\/\/glassupply.com\/ca\/es\/wp-json\/wp\/v2\/product_cat?post=6722"},{"taxonomy":"product_tag","embeddable":true,"href":"https:\/\/glassupply.com\/ca\/es\/wp-json\/wp\/v2\/product_tag?post=6722"}],"curies":[{"name":"wp","href":"https:\/\/api.w.org\/{rel}","templated":true}]}}