{"id":6980,"date":"2024-05-27T02:21:15","date_gmt":"2024-05-27T07:21:15","guid":{"rendered":"https:\/\/glassupply.com\/ca\/shop\/gs-adjustable-base-shoe-system\/"},"modified":"2025-06-05T08:50:25","modified_gmt":"2025-06-05T13:50:25","slug":"gs-adjustable-base-shoe-system","status":"publish","type":"product","link":"https:\/\/glassupply.com\/ca\/es\/producto\/gs-adjustable-base-shoe-system\/","title":{"rendered":"GS Adjustable Base Shoe System"},"content":{"rendered":"","protected":false},"excerpt":{"rendered":"<p><span style=\"font-weight: 400;\">Presentamos nuestro Sistema de Zapata Ajustable GS patentado*, dise\u00f1ado para simplificar la instalaci\u00f3n y alineaci\u00f3n de paneles de vidrio, incluso en superficies horizontales irregulares.<\/span><\/p>\n<p><span style=\"font-weight: 400;\">El<\/span><b> Dispositivo Interno de Sujeci\u00f3n Ajustable<\/b><span style=\"font-weight: 400;\"> (R-BSR-ACD-00) permite que los paneles de vidrio se<\/span><b> inclinen hasta 2 grados<\/b><span style=\"font-weight: 400;\">, proporcionando el equivalente a m\u00e1s de 1.5 pulgadas de ajuste en cualquier direcci\u00f3n. Esto garantiza una alineaci\u00f3n impecable en cada ocasi\u00f3n, incluso cuando las secciones de la zapata no est\u00e1n completamente niveladas. Esta caracter\u00edstica es especialmente ventajosa para configuraciones <\/span><b>totalmente sin marco<\/b><span style=\"font-weight: 400;\"> donde no se agregan abrazaderas ni pasamanos en la parte superior del vidrio.<\/span><\/p>\n<p><span style=\"font-weight: 400;\">Otro aspecto distintivo del Sistema de Zapata Ajustable GS es su capacidad para que todo el <\/span><b>proceso de instalaci\u00f3n se realice desde el lado interior de la barandilla<\/b><span style=\"font-weight: 400;\">. Esta caracter\u00edstica pr\u00e1ctica es particularmente beneficiosa para instalaciones en segundos pisos, balcones elevados o \u00e1reas de dif\u00edcil acceso donde solo se tiene acceso desde un lado.<\/span><\/p>\n<p><span style=\"font-weight: 400;\">Con la <\/span><b>altura y anchura de base m\u00e1s peque\u00f1as del mercado<\/b><span style=\"font-weight: 400;\">, nuestro producto es <\/span><b>ideal<\/b><span style=\"font-weight: 400;\"> para aplicaciones modernas de <\/span><b>interiores elegantes<\/b><span style=\"font-weight: 400;\">. Adem\u00e1s, su dise\u00f1o vers\u00e1til lo hace igualmente <\/span><b>adecuado para aplicaciones exteriores<\/b><span style=\"font-weight: 400;\">, proporcionando funcionalidad y atractivo est\u00e9tico en diversos entornos.<\/span><\/p>\n<p><span style=\"font-weight: 400;\">Representando la vanguardia en innovaci\u00f3n de barandillas de vidrio, nuestro sistema de zapata recientemente dise\u00f1ado<\/span><b> no requiere herramientas especiales para su instalaci\u00f3n<\/b><span style=\"font-weight: 400;\">. Este producto ofrece una soluci\u00f3n \u00f3ptima a los desaf\u00edos pr\u00e1cticos encontrados en obras de construcci\u00f3n de todo tipo.<\/span><\/p>\n<p><b>No se requieren herramientas especiales.<\/b><span style=\"font-weight: 400;\"> La instalaci\u00f3n o desmontaje solo requiere una llave Allen.<\/span><\/p>\n<p><span style=\"font-weight: 400;\">A trav\u00e9s de su<\/span><b> recubrimiento decorativo de aluminio anodizado<\/b><span style=\"font-weight: 400;\">, el sistema de zapata se ofrece en dos acabados: acero inoxidable pulido y negro mate.<\/span><\/p>\n<p><span style=\"font-weight: 400;\">Nuestra zapata base viene con<\/span><b> orificios preperforados<\/b><span style=\"font-weight: 400;\"> cada 12\u201d para acelerar el proceso de instalaci\u00f3n.<\/span><\/p>\n<p><span style=\"font-weight: 400;\">Caracter\u00edsticas clave y beneficios:<\/span><\/p>\n<p><span style=\"font-weight: 400;\">&#8211; Fabricado en aluminio 6063-T6, nuestro producto garantiza resistencia y protecci\u00f3n contra la corrosi\u00f3n<\/span><\/p>\n<p><span style=\"font-weight: 400;\">&#8211; Con la menor altura y anchura de base del mercado, nuestro producto es ideal para aplicaciones modernas de interiores elegantes.<\/span><\/p>\n<p><span style=\"font-weight: 400;\">&#8211; Recubrimiento disponible en acabado anodizado decorativo<\/span><\/p>\n<p><span style=\"font-weight: 400;\">&#8211; El Mecanismo de Sujeci\u00f3n Ajustable simplifica significativamente el proceso de instalaci\u00f3n.<\/span><\/p>\n<p><span style=\"font-weight: 400;\">&#8211; La instalaci\u00f3n puede lograrse totalmente sin marco, con el beneficio adicional de una f\u00e1cil alineaci\u00f3n de paneles.<\/span><\/p>\n<p><span style=\"font-weight: 400;\">&#8211; Apto para aplicaciones exteriores t\u00edpicas.<\/span><\/p>\n<p><span style=\"font-weight: 400;\">&#8211; La instalaci\u00f3n se realiza desde un solo lado.<\/span><\/p>\n<p><span style=\"font-weight: 400;\">&#8211; Dise\u00f1o moderno y elegante<\/span><\/p>\n<p><span style=\"font-weight: 400;\">&#8211; Dise\u00f1o innovador con patente en tr\u00e1mite.<\/span><\/p>\n<h2><b>EL KIT INCLUYE<\/b><\/h2>\n<table>\n<tbody>\n<tr>\n<td><b>Producto<\/b><\/td>\n<td><b>SKU<\/b><\/td>\n<td><b>Cant.<\/b><\/td>\n<\/tr>\n<tr>\n<td><span style=\"font-weight: 400;\">Zapata base de aluminio<\/span><\/td>\n<td><span style=\"font-weight: 400;\">R-BSR-96ABS-MF<\/span><\/td>\n<td><span style=\"font-weight: 400;\">1<\/span><\/td>\n<\/tr>\n<tr>\n<td><span style=\"font-weight: 400;\">Recubrimiento de zapata<\/span><\/td>\n<td><span style=\"font-weight: 400;\">R-BSR-96CL-XX<\/span><\/td>\n<td><span style=\"font-weight: 400;\">2<\/span><\/td>\n<\/tr>\n<tr>\n<td><span style=\"font-weight: 400;\">Junta de recubrimiento interior<\/span><\/td>\n<td><span style=\"font-weight: 400;\">R-BSR-ICG-BK<\/span><\/td>\n<td><span style=\"font-weight: 400;\">1<\/span><\/td>\n<\/tr>\n<tr>\n<td><span style=\"font-weight: 400;\">Junta de recubrimiento exterior<\/span><\/td>\n<td><span style=\"font-weight: 400;\">R-BSR-OCG-BK<\/span><\/td>\n<td><span style=\"font-weight: 400;\">1<\/span><\/td>\n<\/tr>\n<tr>\n<td><span style=\"font-weight: 400;\">Dispositivo de Sujeci\u00f3n Ajustable GS para Zapata <\/span><span style=\"font-weight: 400;\">(3 por panel de vidrio)<\/span><\/td>\n<td><span style=\"font-weight: 400;\">R-BSR-ACD-00<\/span><\/td>\n<td>6<\/td>\n<\/tr>\n<tr>\n<td><span style=\"font-weight: 400;\">Pasador de uni\u00f3n de perfil<\/span><\/td>\n<td><span style=\"font-weight: 400;\">R-BSR-PJP-MF<\/span><\/td>\n<td><span style=\"font-weight: 400;\">2<\/span><\/td>\n<\/tr>\n<tr>\n<td><span style=\"font-weight: 400;\">Tap\u00f3n de extremo para zapata<\/span><\/td>\n<td><span style=\"font-weight: 400;\">R-BSR-EC<\/span><\/td>\n<td><span style=\"font-weight: 400;\">2<\/span><\/td>\n<\/tr>\n<tr>\n<td><span style=\"font-weight: 400;\">Cinta adhesiva de doble cara de 10mm, rollo de 10 metros \u2013 3M<\/span><\/td>\n<td><span style=\"font-weight: 400;\">IK-DFT-10mm-10m<\/span><\/td>\n<td><span style=\"font-weight: 400;\">1<\/span><\/td>\n<\/tr>\n<\/tbody>\n<\/table>\n<h2><b>ESPECIFICACIONES T\u00c9CNICAS<\/b><\/h2>\n<table>\n<tbody>\n<tr>\n<td><b>Espesor del vidrio de seguridad<\/b><\/td>\n<td><span style=\"font-weight: 400;\">Paneles de vidrio de 1\/2\u201d (12 mm) a 9\/16\u201d (13.5 mm)<\/span><\/td>\n<\/tr>\n<tr>\n<td><b>Color\/Acabado del recubrimiento<\/b><\/td>\n<td><span style=\"font-weight: 400;\">Acero inoxidable pulido anodizado, negro mate anodizado<\/span><\/td>\n<\/tr>\n<tr>\n<td><b>Material de fabricaci\u00f3n<\/b><\/td>\n<td><span style=\"font-weight: 400;\">Aluminio 6063-T6<\/span><\/td>\n<\/tr>\n<tr>\n<td><b>Ubicaci\u00f3n recomendada de uso<\/b><\/td>\n<td><span style=\"font-weight: 400;\">Interior, Exterior<\/span><\/td>\n<\/tr>\n<tr>\n<td><b>Uso recomendado<\/b><\/td>\n<td><span style=\"font-weight: 400;\">Barandillas, Cercas para piscinas, Barandales de seguridad,<\/span><br \/>\n<span style=\"font-weight: 400;\">Barandales de terrazas, Barandillas interiores<\/span><\/td>\n<\/tr>\n<\/tbody>\n<\/table>\n","protected":false},"featured_media":6961,"comment_status":"closed","ping_status":"closed","template":"","meta":{"_acf_changed":false,"inline_featured_image":false},"product_brand":[],"product_cat":[135],"product_tag":[],"class_list":{"0":"post-6980","1":"product","2":"type-product","3":"status-publish","4":"has-post-thumbnail","6":"product_cat-railing-system-es","8":"first","9":"instock","10":"taxable","11":"shipping-taxable","12":"purchasable","13":"product-type-variable","14":"has-default-attributes"},"acf":[],"yoast_head":"<!-- This site is optimized with the Yoast SEO plugin v26.9 - https:\/\/yoast.com\/product\/yoast-seo-wordpress\/ -->\n<title>GS Adjustable Base Shoe System - Glassupply (CA)<\/title>\n<meta name=\"robots\" content=\"index, follow, max-snippet:-1, max-image-preview:large, max-video-preview:-1\" \/>\n<link rel=\"canonical\" href=\"https:\/\/glassupply.com\/ca\/es\/producto\/gs-adjustable-base-shoe-system\/\" \/>\n<meta property=\"og:locale\" content=\"es_ES\" \/>\n<meta property=\"og:type\" content=\"article\" \/>\n<meta property=\"og:title\" content=\"GS Adjustable Base Shoe System - Glassupply (CA)\" \/>\n<meta property=\"og:description\" content=\"Presentamos nuestro Sistema de Zapata Ajustable GS patentado*, dise\u00f1ado para simplificar la instalaci\u00f3n y alineaci\u00f3n de paneles de vidrio, incluso en superficies horizontales irregulares.  El Dispositivo Interno de Sujeci\u00f3n Ajustable (R-BSR-ACD-00) permite que los paneles de vidrio se inclinen hasta 2 grados, proporcionando el equivalente a m\u00e1s de 1.5 pulgadas de ajuste en cualquier direcci\u00f3n. Esto garantiza una alineaci\u00f3n impecable en cada ocasi\u00f3n, incluso cuando las secciones de la zapata no est\u00e1n completamente niveladas. Esta caracter\u00edstica es especialmente ventajosa para configuraciones totalmente sin marco donde no se agregan abrazaderas ni pasamanos en la parte superior del vidrio.  Otro aspecto distintivo del Sistema de Zapata Ajustable GS es su capacidad para que todo el proceso de instalaci\u00f3n se realice desde el lado interior de la barandilla. Esta caracter\u00edstica pr\u00e1ctica es particularmente beneficiosa para instalaciones en segundos pisos, balcones elevados o \u00e1reas de dif\u00edcil acceso donde solo se tiene acceso desde un lado.  Con la altura y anchura de base m\u00e1s peque\u00f1as del mercado, nuestro producto es ideal para aplicaciones modernas de interiores elegantes. Adem\u00e1s, su dise\u00f1o vers\u00e1til lo hace igualmente adecuado para aplicaciones exteriores, proporcionando funcionalidad y atractivo est\u00e9tico en diversos entornos.  Representando la vanguardia en innovaci\u00f3n de barandillas de vidrio, nuestro sistema de zapata recientemente dise\u00f1ado no requiere herramientas especiales para su instalaci\u00f3n. Este producto ofrece una soluci\u00f3n \u00f3ptima a los desaf\u00edos pr\u00e1cticos encontrados en obras de construcci\u00f3n de todo tipo.  No se requieren herramientas especiales. La instalaci\u00f3n o desmontaje solo requiere una llave Allen.  A trav\u00e9s de su recubrimiento decorativo de aluminio anodizado, el sistema de zapata se ofrece en dos acabados: acero inoxidable pulido y negro mate.  Nuestra zapata base viene con orificios preperforados cada 12\u201d para acelerar el proceso de instalaci\u00f3n.  Caracter\u00edsticas clave y beneficios:  - Fabricado en aluminio 6063-T6, nuestro producto garantiza resistencia y protecci\u00f3n contra la corrosi\u00f3n  - Con la menor altura y anchura de base del mercado, nuestro producto es ideal para aplicaciones modernas de interiores elegantes.  - Recubrimiento disponible en acabado anodizado decorativo  - El Mecanismo de Sujeci\u00f3n Ajustable simplifica significativamente el proceso de instalaci\u00f3n.  - La instalaci\u00f3n puede lograrse totalmente sin marco, con el beneficio adicional de una f\u00e1cil alineaci\u00f3n de paneles.  - Apto para aplicaciones exteriores t\u00edpicas.  - La instalaci\u00f3n se realiza desde un solo lado.  - Dise\u00f1o moderno y elegante  - Dise\u00f1o innovador con patente en tr\u00e1mite. EL KIT INCLUYE    Producto SKU Cant.   Zapata base de aluminio R-BSR-96ABS-MF 1   Recubrimiento de zapata R-BSR-96CL-XX 2   Junta de recubrimiento interior R-BSR-ICG-BK 1   Junta de recubrimiento exterior R-BSR-OCG-BK 1   Dispositivo de Sujeci\u00f3n Ajustable GS para Zapata (3 por panel de vidrio) R-BSR-ACD-00 6   Pasador de uni\u00f3n de perfil R-BSR-PJP-MF 2   Tap\u00f3n de extremo para zapata R-BSR-EC 2   Cinta adhesiva de doble cara de 10mm, rollo de 10 metros \u2013 3M IK-DFT-10mm-10m 1    ESPECIFICACIONES T\u00c9CNICAS    Espesor del vidrio de seguridad Paneles de vidrio de 1\/2\u201d (12 mm) a 9\/16\u201d (13.5 mm)   Color\/Acabado del recubrimiento Acero inoxidable pulido anodizado, negro mate anodizado   Material de fabricaci\u00f3n Aluminio 6063-T6   Ubicaci\u00f3n recomendada de uso Interior, Exterior   Uso recomendado Barandillas, Cercas para piscinas, Barandales de seguridad, Barandales de terrazas, Barandillas interiores\" \/>\n<meta property=\"og:url\" content=\"https:\/\/glassupply.com\/ca\/es\/producto\/gs-adjustable-base-shoe-system\/\" \/>\n<meta property=\"og:site_name\" content=\"Glassupply (CA)\" \/>\n<meta property=\"article:modified_time\" content=\"2025-06-05T13:50:25+00:00\" \/>\n<meta property=\"og:image\" content=\"https:\/\/glassupply.com\/ca\/wp-content\/uploads\/sites\/5\/2024\/05\/R-BSR-96ABSKIT-SS_1.webp\" \/>\n\t<meta property=\"og:image:width\" content=\"3000\" \/>\n\t<meta property=\"og:image:height\" content=\"3000\" \/>\n\t<meta property=\"og:image:type\" content=\"image\/webp\" \/>\n<meta name=\"twitter:card\" content=\"summary_large_image\" \/>\n<meta name=\"twitter:label1\" content=\"Est. reading time\" \/>\n\t<meta name=\"twitter:data1\" content=\"1 minuto\" \/>\n<script type=\"application\/ld+json\" class=\"yoast-schema-graph\">{\"@context\":\"https:\/\/schema.org\",\"@graph\":[{\"@type\":\"WebPage\",\"@id\":\"https:\/\/glassupply.com\/ca\/es\/producto\/gs-adjustable-base-shoe-system\/\",\"url\":\"https:\/\/glassupply.com\/ca\/es\/producto\/gs-adjustable-base-shoe-system\/\",\"name\":\"GS Adjustable Base Shoe System - Glassupply (CA)\",\"isPartOf\":{\"@id\":\"https:\/\/glassupply.com\/ca\/fr\/#website\"},\"primaryImageOfPage\":{\"@id\":\"https:\/\/glassupply.com\/ca\/es\/producto\/gs-adjustable-base-shoe-system\/#primaryimage\"},\"image\":{\"@id\":\"https:\/\/glassupply.com\/ca\/es\/producto\/gs-adjustable-base-shoe-system\/#primaryimage\"},\"thumbnailUrl\":\"https:\/\/glassupply.com\/ca\/wp-content\/uploads\/sites\/5\/2024\/05\/R-BSR-96ABSKIT-SS_1.webp\",\"datePublished\":\"2024-05-27T07:21:15+00:00\",\"dateModified\":\"2025-06-05T13:50:25+00:00\",\"breadcrumb\":{\"@id\":\"https:\/\/glassupply.com\/ca\/es\/producto\/gs-adjustable-base-shoe-system\/#breadcrumb\"},\"inLanguage\":\"es\",\"potentialAction\":[{\"@type\":\"ReadAction\",\"target\":[\"https:\/\/glassupply.com\/ca\/es\/producto\/gs-adjustable-base-shoe-system\/\"]}]},{\"@type\":\"ImageObject\",\"inLanguage\":\"es\",\"@id\":\"https:\/\/glassupply.com\/ca\/es\/producto\/gs-adjustable-base-shoe-system\/#primaryimage\",\"url\":\"https:\/\/glassupply.com\/ca\/wp-content\/uploads\/sites\/5\/2024\/05\/R-BSR-96ABSKIT-SS_1.webp\",\"contentUrl\":\"https:\/\/glassupply.com\/ca\/wp-content\/uploads\/sites\/5\/2024\/05\/R-BSR-96ABSKIT-SS_1.webp\",\"width\":3000,\"height\":3000},{\"@type\":\"BreadcrumbList\",\"@id\":\"https:\/\/glassupply.com\/ca\/es\/producto\/gs-adjustable-base-shoe-system\/#breadcrumb\",\"itemListElement\":[{\"@type\":\"ListItem\",\"position\":1,\"name\":\"Home\",\"item\":\"https:\/\/glassupply.com\/ca\/es\/\"},{\"@type\":\"ListItem\",\"position\":2,\"name\":\"Tienda\",\"item\":\"https:\/\/glassupply.com\/ca\/es\/tienda\/\"},{\"@type\":\"ListItem\",\"position\":3,\"name\":\"GS Adjustable Base Shoe System\"}]},{\"@type\":\"WebSite\",\"@id\":\"https:\/\/glassupply.com\/ca\/fr\/#website\",\"url\":\"https:\/\/glassupply.com\/ca\/fr\/\",\"name\":\"Glassupply.com\",\"description\":\"From the manufacturer to your doorstep\",\"publisher\":{\"@id\":\"https:\/\/glassupply.com\/ca\/fr\/#organization\"},\"potentialAction\":[{\"@type\":\"SearchAction\",\"target\":{\"@type\":\"EntryPoint\",\"urlTemplate\":\"https:\/\/glassupply.com\/ca\/fr\/?s={search_term_string}\"},\"query-input\":{\"@type\":\"PropertyValueSpecification\",\"valueRequired\":true,\"valueName\":\"search_term_string\"}}],\"inLanguage\":\"es\"},{\"@type\":\"Organization\",\"@id\":\"https:\/\/glassupply.com\/ca\/fr\/#organization\",\"name\":\"Glassupply.com\",\"url\":\"https:\/\/glassupply.com\/ca\/fr\/\",\"logo\":{\"@type\":\"ImageObject\",\"inLanguage\":\"es\",\"@id\":\"https:\/\/glassupply.com\/ca\/fr\/#\/schema\/logo\/image\/\",\"url\":\"https:\/\/staging.glassupply.com\/ca\/wp-content\/uploads\/sites\/5\/2023\/07\/logo.svg\",\"contentUrl\":\"https:\/\/staging.glassupply.com\/ca\/wp-content\/uploads\/sites\/5\/2023\/07\/logo.svg\",\"width\":310,\"height\":24,\"caption\":\"Glassupply.com\"},\"image\":{\"@id\":\"https:\/\/glassupply.com\/ca\/fr\/#\/schema\/logo\/image\/\"}}]}<\/script>\n<!-- \/ Yoast SEO plugin. -->","yoast_head_json":{"title":"GS Adjustable Base Shoe System - Glassupply (CA)","robots":{"index":"index","follow":"follow","max-snippet":"max-snippet:-1","max-image-preview":"max-image-preview:large","max-video-preview":"max-video-preview:-1"},"canonical":"https:\/\/glassupply.com\/ca\/es\/producto\/gs-adjustable-base-shoe-system\/","og_locale":"es_ES","og_type":"article","og_title":"GS Adjustable Base Shoe System - Glassupply (CA)","og_description":"Presentamos nuestro Sistema de Zapata Ajustable GS patentado*, dise\u00f1ado para simplificar la instalaci\u00f3n y alineaci\u00f3n de paneles de vidrio, incluso en superficies horizontales irregulares.  El Dispositivo Interno de Sujeci\u00f3n Ajustable (R-BSR-ACD-00) permite que los paneles de vidrio se inclinen hasta 2 grados, proporcionando el equivalente a m\u00e1s de 1.5 pulgadas de ajuste en cualquier direcci\u00f3n. Esto garantiza una alineaci\u00f3n impecable en cada ocasi\u00f3n, incluso cuando las secciones de la zapata no est\u00e1n completamente niveladas. Esta caracter\u00edstica es especialmente ventajosa para configuraciones totalmente sin marco donde no se agregan abrazaderas ni pasamanos en la parte superior del vidrio.  Otro aspecto distintivo del Sistema de Zapata Ajustable GS es su capacidad para que todo el proceso de instalaci\u00f3n se realice desde el lado interior de la barandilla. Esta caracter\u00edstica pr\u00e1ctica es particularmente beneficiosa para instalaciones en segundos pisos, balcones elevados o \u00e1reas de dif\u00edcil acceso donde solo se tiene acceso desde un lado.  Con la altura y anchura de base m\u00e1s peque\u00f1as del mercado, nuestro producto es ideal para aplicaciones modernas de interiores elegantes. Adem\u00e1s, su dise\u00f1o vers\u00e1til lo hace igualmente adecuado para aplicaciones exteriores, proporcionando funcionalidad y atractivo est\u00e9tico en diversos entornos.  Representando la vanguardia en innovaci\u00f3n de barandillas de vidrio, nuestro sistema de zapata recientemente dise\u00f1ado no requiere herramientas especiales para su instalaci\u00f3n. Este producto ofrece una soluci\u00f3n \u00f3ptima a los desaf\u00edos pr\u00e1cticos encontrados en obras de construcci\u00f3n de todo tipo.  No se requieren herramientas especiales. La instalaci\u00f3n o desmontaje solo requiere una llave Allen.  A trav\u00e9s de su recubrimiento decorativo de aluminio anodizado, el sistema de zapata se ofrece en dos acabados: acero inoxidable pulido y negro mate.  Nuestra zapata base viene con orificios preperforados cada 12\u201d para acelerar el proceso de instalaci\u00f3n.  Caracter\u00edsticas clave y beneficios:  - Fabricado en aluminio 6063-T6, nuestro producto garantiza resistencia y protecci\u00f3n contra la corrosi\u00f3n  - Con la menor altura y anchura de base del mercado, nuestro producto es ideal para aplicaciones modernas de interiores elegantes.  - Recubrimiento disponible en acabado anodizado decorativo  - El Mecanismo de Sujeci\u00f3n Ajustable simplifica significativamente el proceso de instalaci\u00f3n.  - La instalaci\u00f3n puede lograrse totalmente sin marco, con el beneficio adicional de una f\u00e1cil alineaci\u00f3n de paneles.  - Apto para aplicaciones exteriores t\u00edpicas.  - La instalaci\u00f3n se realiza desde un solo lado.  - Dise\u00f1o moderno y elegante  - Dise\u00f1o innovador con patente en tr\u00e1mite. EL KIT INCLUYE    Producto SKU Cant.   Zapata base de aluminio R-BSR-96ABS-MF 1   Recubrimiento de zapata R-BSR-96CL-XX 2   Junta de recubrimiento interior R-BSR-ICG-BK 1   Junta de recubrimiento exterior R-BSR-OCG-BK 1   Dispositivo de Sujeci\u00f3n Ajustable GS para Zapata (3 por panel de vidrio) R-BSR-ACD-00 6   Pasador de uni\u00f3n de perfil R-BSR-PJP-MF 2   Tap\u00f3n de extremo para zapata R-BSR-EC 2   Cinta adhesiva de doble cara de 10mm, rollo de 10 metros \u2013 3M IK-DFT-10mm-10m 1    ESPECIFICACIONES T\u00c9CNICAS    Espesor del vidrio de seguridad Paneles de vidrio de 1\/2\u201d (12 mm) a 9\/16\u201d (13.5 mm)   Color\/Acabado del recubrimiento Acero inoxidable pulido anodizado, negro mate anodizado   Material de fabricaci\u00f3n Aluminio 6063-T6   Ubicaci\u00f3n recomendada de uso Interior, Exterior   Uso recomendado Barandillas, Cercas para piscinas, Barandales de seguridad, Barandales de terrazas, Barandillas interiores","og_url":"https:\/\/glassupply.com\/ca\/es\/producto\/gs-adjustable-base-shoe-system\/","og_site_name":"Glassupply (CA)","article_modified_time":"2025-06-05T13:50:25+00:00","og_image":[{"width":3000,"height":3000,"url":"https:\/\/glassupply.com\/ca\/wp-content\/uploads\/sites\/5\/2024\/05\/R-BSR-96ABSKIT-SS_1.webp","type":"image\/webp"}],"twitter_card":"summary_large_image","twitter_misc":{"Est. reading time":"1 minuto"},"schema":{"@context":"https:\/\/schema.org","@graph":[{"@type":"WebPage","@id":"https:\/\/glassupply.com\/ca\/es\/producto\/gs-adjustable-base-shoe-system\/","url":"https:\/\/glassupply.com\/ca\/es\/producto\/gs-adjustable-base-shoe-system\/","name":"GS Adjustable Base Shoe System - Glassupply (CA)","isPartOf":{"@id":"https:\/\/glassupply.com\/ca\/fr\/#website"},"primaryImageOfPage":{"@id":"https:\/\/glassupply.com\/ca\/es\/producto\/gs-adjustable-base-shoe-system\/#primaryimage"},"image":{"@id":"https:\/\/glassupply.com\/ca\/es\/producto\/gs-adjustable-base-shoe-system\/#primaryimage"},"thumbnailUrl":"https:\/\/glassupply.com\/ca\/wp-content\/uploads\/sites\/5\/2024\/05\/R-BSR-96ABSKIT-SS_1.webp","datePublished":"2024-05-27T07:21:15+00:00","dateModified":"2025-06-05T13:50:25+00:00","breadcrumb":{"@id":"https:\/\/glassupply.com\/ca\/es\/producto\/gs-adjustable-base-shoe-system\/#breadcrumb"},"inLanguage":"es","potentialAction":[{"@type":"ReadAction","target":["https:\/\/glassupply.com\/ca\/es\/producto\/gs-adjustable-base-shoe-system\/"]}]},{"@type":"ImageObject","inLanguage":"es","@id":"https:\/\/glassupply.com\/ca\/es\/producto\/gs-adjustable-base-shoe-system\/#primaryimage","url":"https:\/\/glassupply.com\/ca\/wp-content\/uploads\/sites\/5\/2024\/05\/R-BSR-96ABSKIT-SS_1.webp","contentUrl":"https:\/\/glassupply.com\/ca\/wp-content\/uploads\/sites\/5\/2024\/05\/R-BSR-96ABSKIT-SS_1.webp","width":3000,"height":3000},{"@type":"BreadcrumbList","@id":"https:\/\/glassupply.com\/ca\/es\/producto\/gs-adjustable-base-shoe-system\/#breadcrumb","itemListElement":[{"@type":"ListItem","position":1,"name":"Home","item":"https:\/\/glassupply.com\/ca\/es\/"},{"@type":"ListItem","position":2,"name":"Tienda","item":"https:\/\/glassupply.com\/ca\/es\/tienda\/"},{"@type":"ListItem","position":3,"name":"GS Adjustable Base Shoe System"}]},{"@type":"WebSite","@id":"https:\/\/glassupply.com\/ca\/fr\/#website","url":"https:\/\/glassupply.com\/ca\/fr\/","name":"Glassupply.com","description":"From the manufacturer to your doorstep","publisher":{"@id":"https:\/\/glassupply.com\/ca\/fr\/#organization"},"potentialAction":[{"@type":"SearchAction","target":{"@type":"EntryPoint","urlTemplate":"https:\/\/glassupply.com\/ca\/fr\/?s={search_term_string}"},"query-input":{"@type":"PropertyValueSpecification","valueRequired":true,"valueName":"search_term_string"}}],"inLanguage":"es"},{"@type":"Organization","@id":"https:\/\/glassupply.com\/ca\/fr\/#organization","name":"Glassupply.com","url":"https:\/\/glassupply.com\/ca\/fr\/","logo":{"@type":"ImageObject","inLanguage":"es","@id":"https:\/\/glassupply.com\/ca\/fr\/#\/schema\/logo\/image\/","url":"https:\/\/staging.glassupply.com\/ca\/wp-content\/uploads\/sites\/5\/2023\/07\/logo.svg","contentUrl":"https:\/\/staging.glassupply.com\/ca\/wp-content\/uploads\/sites\/5\/2023\/07\/logo.svg","width":310,"height":24,"caption":"Glassupply.com"},"image":{"@id":"https:\/\/glassupply.com\/ca\/fr\/#\/schema\/logo\/image\/"}}]}},"_links":{"self":[{"href":"https:\/\/glassupply.com\/ca\/es\/wp-json\/wp\/v2\/product\/6980","targetHints":{"allow":["GET"]}}],"collection":[{"href":"https:\/\/glassupply.com\/ca\/es\/wp-json\/wp\/v2\/product"}],"about":[{"href":"https:\/\/glassupply.com\/ca\/es\/wp-json\/wp\/v2\/types\/product"}],"replies":[{"embeddable":true,"href":"https:\/\/glassupply.com\/ca\/es\/wp-json\/wp\/v2\/comments?post=6980"}],"wp:featuredmedia":[{"embeddable":true,"href":"https:\/\/glassupply.com\/ca\/es\/wp-json\/wp\/v2\/media\/6961"}],"wp:attachment":[{"href":"https:\/\/glassupply.com\/ca\/es\/wp-json\/wp\/v2\/media?parent=6980"}],"wp:term":[{"taxonomy":"product_brand","embeddable":true,"href":"https:\/\/glassupply.com\/ca\/es\/wp-json\/wp\/v2\/product_brand?post=6980"},{"taxonomy":"product_cat","embeddable":true,"href":"https:\/\/glassupply.com\/ca\/es\/wp-json\/wp\/v2\/product_cat?post=6980"},{"taxonomy":"product_tag","embeddable":true,"href":"https:\/\/glassupply.com\/ca\/es\/wp-json\/wp\/v2\/product_tag?post=6980"}],"curies":[{"name":"wp","href":"https:\/\/api.w.org\/{rel}","templated":true}]}}