{"id":2024,"date":"2023-06-28T09:26:40","date_gmt":"2023-06-28T14:26:40","guid":{"rendered":"https:\/\/staging.glassupply.com\/ca\/product\/handrail-glass-mounted-adjustable-projection-bracket-2-1-16%e2%80%b3-to-4-3-4%e2%80%b3\/"},"modified":"2025-06-05T07:54:47","modified_gmt":"2025-06-05T12:54:47","slug":"handrail-glass-mounted-adjustable-projection-bracket-2-1-16%e2%80%b3-to-4-3-4%e2%80%b3","status":"publish","type":"product","link":"https:\/\/glassupply.com\/ca\/fr\/produit\/handrail-glass-mounted-adjustable-projection-bracket-2-1-16%e2%80%b3-to-4-3-4%e2%80%b3\/","title":{"rendered":"Handrail Glass Mounted Adjustable Projection Bracket \u2013 2 1\/16\u2033 to 4 3\/4\u2033"},"content":{"rendered":"","protected":false},"excerpt":{"rendered":"<p><span style=\"font-weight: 400;\">Le support de projection r\u00e9glable pour main courante mont\u00e9e sur verre \u2013 de 2 1\/16\u2033 \u00e0 4 3\/4\u2033 dispose d\u2019un bras \u00e0 projection r\u00e9glable, ce qui permet une personnalisation facile de la distance de projection du support entre le panneau de verre et la main courante.<\/span><\/p>\n<p><span style=\"font-weight: 400;\">L\u2019un des avantages de cette fonction r\u00e9glable est qu\u2019elle permet d\u2019aligner une section de garde-corps en verre avec un mur qui n\u2019est pas dans l\u2019axe. En ajustant la distance de projection, les installateurs peuvent s\u2019assurer que la main courante est positionn\u00e9e correctement par rapport au panneau de verre et au mur, offrant ainsi un aspect propre et sans joint visible.<\/span><\/p>\n<p><span style=\"font-weight: 400;\">En plus de ses avantages d\u2019alignement, la fonction de projection \u00e0 longueur r\u00e9glable est \u00e9galement utile lorsque la main courante doit \u00eatre positionn\u00e9e \u00e0 une distance sp\u00e9cifique du panneau de verre.<\/span><\/p>\n<p><span style=\"font-weight: 400;\">De plus, la t\u00eate pivotante du support permet un r\u00e9glage facile de l\u2019angle, garantissant un alignement parfait avec la pente des escaliers ou du balcon.<\/span><\/p>\n<p><span style=\"font-weight: 400;\">Fabriqu\u00e9s avec des alliages en acier inoxydable 316 de la plus haute qualit\u00e9, nos connecteurs de main courante haut de gamme offrent non seulement une r\u00e9sistance sup\u00e9rieure \u00e0 la corrosion, mais aussi une esth\u00e9tique in\u00e9gal\u00e9e qui am\u00e9liorera l\u2019apparence et la sensation de tout projet. Nos connecteurs et s\u00e9ries de main courante en acier inoxydable 316 sont le choix parfait pour ceux qui recherchent durabilit\u00e9, fiabilit\u00e9 et attrait visuel tout en garantissant une performance durable m\u00eame dans les environnements les plus exigeants.<\/span><\/p>\n<p><span style=\"font-weight: 400;\">Choisissez une finition en acier inoxydable poli (bross\u00e9) ou une finition noire mate lisse, appliqu\u00e9e par poudrage \u00e9lectrostatique et cuite au four pour une surface r\u00e9sistante aux rayures et prot\u00e9g\u00e9e contre les intemp\u00e9ries. Id\u00e9al pour les applications int\u00e9rieures et ext\u00e9rieures, il offre une excellente r\u00e9sistance \u00e0 la corrosion, ce qui le rend parfait pour les structures expos\u00e9es \u00e0 un haut degr\u00e9 de corrosion, telles que les r\u00e9gions c\u00f4ti\u00e8res et les environnements de piscine.<\/span><\/p>\n<p>&nbsp;<\/p>\n<h2><b>SP\u00c9CIFICATIONS TECHNIQUES<\/b><\/h2>\n<table>\n<tbody>\n<tr>\n<td><b>Main courante recommand\u00e9e<\/b><\/td>\n<td><span style=\"font-weight: 400;\">R-HR-RT<\/span><\/td>\n<\/tr>\n<tr>\n<td><b>Couleur\/Finition<\/b><\/td>\n<td><span style=\"font-weight: 400;\">Noir Mat, Acier Inoxydable Poli<\/span><\/td>\n<\/tr>\n<tr>\n<td><b>Mat\u00e9riau de fabrication<\/b><\/td>\n<td><span style=\"font-weight: 400;\">Acier Inoxydable AISI 316<\/span><\/td>\n<\/tr>\n<tr>\n<td><b>Usage recommand\u00e9<\/b><\/td>\n<td><span style=\"font-weight: 400;\">Int\u00e9rieur, Ext\u00e9rieur<\/span><\/td>\n<\/tr>\n<\/tbody>\n<\/table>\n","protected":false},"featured_media":1862,"comment_status":"closed","ping_status":"closed","template":"","meta":{"_acf_changed":false,"inline_featured_image":false},"product_brand":[],"product_cat":[71,129],"product_tag":[],"class_list":{"0":"post-2024","1":"product","2":"type-product","3":"status-publish","4":"has-post-thumbnail","6":"product_cat-glass-fence-railing-hardware-fr","7":"product_cat-handrail-fr","9":"first","10":"instock","11":"taxable","12":"shipping-taxable","13":"purchasable","14":"product-type-variable","15":"has-default-attributes"},"acf":[],"yoast_head":"<!-- This site is optimized with the Yoast SEO plugin v26.9 - https:\/\/yoast.com\/product\/yoast-seo-wordpress\/ -->\n<title>Handrail Glass Mounted Adjustable Projection Bracket \u2013 2 1\/16\u2033 to 4 3\/4\u2033 - Glassupply (CA)<\/title>\n<meta name=\"robots\" content=\"index, follow, max-snippet:-1, max-image-preview:large, max-video-preview:-1\" \/>\n<link rel=\"canonical\" href=\"https:\/\/glassupply.com\/ca\/fr\/produit\/handrail-glass-mounted-adjustable-projection-bracket-2-1-16\u2033-to-4-3-4\u2033\/\" \/>\n<meta property=\"og:locale\" content=\"fr_CA\" \/>\n<meta property=\"og:type\" content=\"article\" \/>\n<meta property=\"og:title\" content=\"Handrail Glass Mounted Adjustable Projection Bracket \u2013 2 1\/16\u2033 to 4 3\/4\u2033 - Glassupply (CA)\" \/>\n<meta property=\"og:description\" content=\"Le support de projection r\u00e9glable pour main courante mont\u00e9e sur verre \u2013 de 2 1\/16\u2033 \u00e0 4 3\/4\u2033 dispose d\u2019un bras \u00e0 projection r\u00e9glable, ce qui permet une personnalisation facile de la distance de projection du support entre le panneau de verre et la main courante.  L\u2019un des avantages de cette fonction r\u00e9glable est qu\u2019elle permet d\u2019aligner une section de garde-corps en verre avec un mur qui n\u2019est pas dans l\u2019axe. En ajustant la distance de projection, les installateurs peuvent s\u2019assurer que la main courante est positionn\u00e9e correctement par rapport au panneau de verre et au mur, offrant ainsi un aspect propre et sans joint visible.  En plus de ses avantages d\u2019alignement, la fonction de projection \u00e0 longueur r\u00e9glable est \u00e9galement utile lorsque la main courante doit \u00eatre positionn\u00e9e \u00e0 une distance sp\u00e9cifique du panneau de verre.  De plus, la t\u00eate pivotante du support permet un r\u00e9glage facile de l\u2019angle, garantissant un alignement parfait avec la pente des escaliers ou du balcon.  Fabriqu\u00e9s avec des alliages en acier inoxydable 316 de la plus haute qualit\u00e9, nos connecteurs de main courante haut de gamme offrent non seulement une r\u00e9sistance sup\u00e9rieure \u00e0 la corrosion, mais aussi une esth\u00e9tique in\u00e9gal\u00e9e qui am\u00e9liorera l\u2019apparence et la sensation de tout projet. Nos connecteurs et s\u00e9ries de main courante en acier inoxydable 316 sont le choix parfait pour ceux qui recherchent durabilit\u00e9, fiabilit\u00e9 et attrait visuel tout en garantissant une performance durable m\u00eame dans les environnements les plus exigeants.  Choisissez une finition en acier inoxydable poli (bross\u00e9) ou une finition noire mate lisse, appliqu\u00e9e par poudrage \u00e9lectrostatique et cuite au four pour une surface r\u00e9sistante aux rayures et prot\u00e9g\u00e9e contre les intemp\u00e9ries. Id\u00e9al pour les applications int\u00e9rieures et ext\u00e9rieures, il offre une excellente r\u00e9sistance \u00e0 la corrosion, ce qui le rend parfait pour les structures expos\u00e9es \u00e0 un haut degr\u00e9 de corrosion, telles que les r\u00e9gions c\u00f4ti\u00e8res et les environnements de piscine.  &nbsp; SP\u00c9CIFICATIONS TECHNIQUES    Main courante recommand\u00e9e R-HR-RT   Couleur\/Finition Noir Mat, Acier Inoxydable Poli   Mat\u00e9riau de fabrication Acier Inoxydable AISI 316   Usage recommand\u00e9 Int\u00e9rieur, Ext\u00e9rieur\" \/>\n<meta property=\"og:url\" content=\"https:\/\/glassupply.com\/ca\/fr\/produit\/handrail-glass-mounted-adjustable-projection-bracket-2-1-16\u2033-to-4-3-4\u2033\/\" \/>\n<meta property=\"og:site_name\" content=\"Glassupply (CA)\" \/>\n<meta property=\"article:modified_time\" content=\"2025-06-05T12:54:47+00:00\" \/>\n<meta property=\"og:image\" content=\"https:\/\/glassupply.com\/ca\/wp-content\/uploads\/sites\/5\/2023\/06\/R-HR-GMBAJLGTH2SS-Product-Image-4.webp\" \/>\n\t<meta property=\"og:image:width\" content=\"1500\" \/>\n\t<meta property=\"og:image:height\" content=\"1500\" \/>\n\t<meta property=\"og:image:type\" content=\"image\/webp\" \/>\n<meta name=\"twitter:card\" content=\"summary_large_image\" \/>\n<meta name=\"twitter:label1\" content=\"Est. reading time\" \/>\n\t<meta name=\"twitter:data1\" content=\"1 minute\" \/>\n<script type=\"application\/ld+json\" class=\"yoast-schema-graph\">{\"@context\":\"https:\/\/schema.org\",\"@graph\":[{\"@type\":\"WebPage\",\"@id\":\"https:\/\/glassupply.com\/ca\/fr\/produit\/handrail-glass-mounted-adjustable-projection-bracket-2-1-16%e2%80%b3-to-4-3-4%e2%80%b3\/\",\"url\":\"https:\/\/glassupply.com\/ca\/fr\/produit\/handrail-glass-mounted-adjustable-projection-bracket-2-1-16%e2%80%b3-to-4-3-4%e2%80%b3\/\",\"name\":\"Handrail Glass Mounted Adjustable Projection Bracket \u2013 2 1\/16\u2033 to 4 3\/4\u2033 - Glassupply (CA)\",\"isPartOf\":{\"@id\":\"https:\/\/glassupply.com\/ca\/fr\/#website\"},\"primaryImageOfPage\":{\"@id\":\"https:\/\/glassupply.com\/ca\/fr\/produit\/handrail-glass-mounted-adjustable-projection-bracket-2-1-16%e2%80%b3-to-4-3-4%e2%80%b3\/#primaryimage\"},\"image\":{\"@id\":\"https:\/\/glassupply.com\/ca\/fr\/produit\/handrail-glass-mounted-adjustable-projection-bracket-2-1-16%e2%80%b3-to-4-3-4%e2%80%b3\/#primaryimage\"},\"thumbnailUrl\":\"https:\/\/glassupply.com\/ca\/wp-content\/uploads\/sites\/5\/2023\/06\/R-HR-GMBAJLGTH2SS-Product-Image-4.webp\",\"datePublished\":\"2023-06-28T14:26:40+00:00\",\"dateModified\":\"2025-06-05T12:54:47+00:00\",\"breadcrumb\":{\"@id\":\"https:\/\/glassupply.com\/ca\/fr\/produit\/handrail-glass-mounted-adjustable-projection-bracket-2-1-16%e2%80%b3-to-4-3-4%e2%80%b3\/#breadcrumb\"},\"inLanguage\":\"fr-FR\",\"potentialAction\":[{\"@type\":\"ReadAction\",\"target\":[\"https:\/\/glassupply.com\/ca\/fr\/produit\/handrail-glass-mounted-adjustable-projection-bracket-2-1-16%e2%80%b3-to-4-3-4%e2%80%b3\/\"]}]},{\"@type\":\"ImageObject\",\"inLanguage\":\"fr-FR\",\"@id\":\"https:\/\/glassupply.com\/ca\/fr\/produit\/handrail-glass-mounted-adjustable-projection-bracket-2-1-16%e2%80%b3-to-4-3-4%e2%80%b3\/#primaryimage\",\"url\":\"https:\/\/glassupply.com\/ca\/wp-content\/uploads\/sites\/5\/2023\/06\/R-HR-GMBAJLGTH2SS-Product-Image-4.webp\",\"contentUrl\":\"https:\/\/glassupply.com\/ca\/wp-content\/uploads\/sites\/5\/2023\/06\/R-HR-GMBAJLGTH2SS-Product-Image-4.webp\",\"width\":1500,\"height\":1500},{\"@type\":\"BreadcrumbList\",\"@id\":\"https:\/\/glassupply.com\/ca\/fr\/produit\/handrail-glass-mounted-adjustable-projection-bracket-2-1-16%e2%80%b3-to-4-3-4%e2%80%b3\/#breadcrumb\",\"itemListElement\":[{\"@type\":\"ListItem\",\"position\":1,\"name\":\"Home\",\"item\":\"https:\/\/glassupply.com\/ca\/fr\/\"},{\"@type\":\"ListItem\",\"position\":2,\"name\":\"Shop\",\"item\":\"https:\/\/glassupply.com\/ca\/fr\/shop\/\"},{\"@type\":\"ListItem\",\"position\":3,\"name\":\"Handrail Glass Mounted Adjustable Projection Bracket \u2013 2 1\/16\u2033 to 4 3\/4\u2033\"}]},{\"@type\":\"WebSite\",\"@id\":\"https:\/\/glassupply.com\/ca\/fr\/#website\",\"url\":\"https:\/\/glassupply.com\/ca\/fr\/\",\"name\":\"Glassupply.com\",\"description\":\"From the manufacturer to your doorstep\",\"publisher\":{\"@id\":\"https:\/\/glassupply.com\/ca\/fr\/#organization\"},\"potentialAction\":[{\"@type\":\"SearchAction\",\"target\":{\"@type\":\"EntryPoint\",\"urlTemplate\":\"https:\/\/glassupply.com\/ca\/fr\/?s={search_term_string}\"},\"query-input\":{\"@type\":\"PropertyValueSpecification\",\"valueRequired\":true,\"valueName\":\"search_term_string\"}}],\"inLanguage\":\"fr-FR\"},{\"@type\":\"Organization\",\"@id\":\"https:\/\/glassupply.com\/ca\/fr\/#organization\",\"name\":\"Glassupply.com\",\"url\":\"https:\/\/glassupply.com\/ca\/fr\/\",\"logo\":{\"@type\":\"ImageObject\",\"inLanguage\":\"fr-FR\",\"@id\":\"https:\/\/glassupply.com\/ca\/fr\/#\/schema\/logo\/image\/\",\"url\":\"https:\/\/staging.glassupply.com\/ca\/wp-content\/uploads\/sites\/5\/2023\/07\/logo.svg\",\"contentUrl\":\"https:\/\/staging.glassupply.com\/ca\/wp-content\/uploads\/sites\/5\/2023\/07\/logo.svg\",\"width\":310,\"height\":24,\"caption\":\"Glassupply.com\"},\"image\":{\"@id\":\"https:\/\/glassupply.com\/ca\/fr\/#\/schema\/logo\/image\/\"}}]}<\/script>\n<!-- \/ Yoast SEO plugin. -->","yoast_head_json":{"title":"Handrail Glass Mounted Adjustable Projection Bracket \u2013 2 1\/16\u2033 to 4 3\/4\u2033 - Glassupply (CA)","robots":{"index":"index","follow":"follow","max-snippet":"max-snippet:-1","max-image-preview":"max-image-preview:large","max-video-preview":"max-video-preview:-1"},"canonical":"https:\/\/glassupply.com\/ca\/fr\/produit\/handrail-glass-mounted-adjustable-projection-bracket-2-1-16\u2033-to-4-3-4\u2033\/","og_locale":"fr_CA","og_type":"article","og_title":"Handrail Glass Mounted Adjustable Projection Bracket \u2013 2 1\/16\u2033 to 4 3\/4\u2033 - Glassupply (CA)","og_description":"Le support de projection r\u00e9glable pour main courante mont\u00e9e sur verre \u2013 de 2 1\/16\u2033 \u00e0 4 3\/4\u2033 dispose d\u2019un bras \u00e0 projection r\u00e9glable, ce qui permet une personnalisation facile de la distance de projection du support entre le panneau de verre et la main courante.  L\u2019un des avantages de cette fonction r\u00e9glable est qu\u2019elle permet d\u2019aligner une section de garde-corps en verre avec un mur qui n\u2019est pas dans l\u2019axe. En ajustant la distance de projection, les installateurs peuvent s\u2019assurer que la main courante est positionn\u00e9e correctement par rapport au panneau de verre et au mur, offrant ainsi un aspect propre et sans joint visible.  En plus de ses avantages d\u2019alignement, la fonction de projection \u00e0 longueur r\u00e9glable est \u00e9galement utile lorsque la main courante doit \u00eatre positionn\u00e9e \u00e0 une distance sp\u00e9cifique du panneau de verre.  De plus, la t\u00eate pivotante du support permet un r\u00e9glage facile de l\u2019angle, garantissant un alignement parfait avec la pente des escaliers ou du balcon.  Fabriqu\u00e9s avec des alliages en acier inoxydable 316 de la plus haute qualit\u00e9, nos connecteurs de main courante haut de gamme offrent non seulement une r\u00e9sistance sup\u00e9rieure \u00e0 la corrosion, mais aussi une esth\u00e9tique in\u00e9gal\u00e9e qui am\u00e9liorera l\u2019apparence et la sensation de tout projet. Nos connecteurs et s\u00e9ries de main courante en acier inoxydable 316 sont le choix parfait pour ceux qui recherchent durabilit\u00e9, fiabilit\u00e9 et attrait visuel tout en garantissant une performance durable m\u00eame dans les environnements les plus exigeants.  Choisissez une finition en acier inoxydable poli (bross\u00e9) ou une finition noire mate lisse, appliqu\u00e9e par poudrage \u00e9lectrostatique et cuite au four pour une surface r\u00e9sistante aux rayures et prot\u00e9g\u00e9e contre les intemp\u00e9ries. Id\u00e9al pour les applications int\u00e9rieures et ext\u00e9rieures, il offre une excellente r\u00e9sistance \u00e0 la corrosion, ce qui le rend parfait pour les structures expos\u00e9es \u00e0 un haut degr\u00e9 de corrosion, telles que les r\u00e9gions c\u00f4ti\u00e8res et les environnements de piscine.  &nbsp; SP\u00c9CIFICATIONS TECHNIQUES    Main courante recommand\u00e9e R-HR-RT   Couleur\/Finition Noir Mat, Acier Inoxydable Poli   Mat\u00e9riau de fabrication Acier Inoxydable AISI 316   Usage recommand\u00e9 Int\u00e9rieur, Ext\u00e9rieur","og_url":"https:\/\/glassupply.com\/ca\/fr\/produit\/handrail-glass-mounted-adjustable-projection-bracket-2-1-16\u2033-to-4-3-4\u2033\/","og_site_name":"Glassupply (CA)","article_modified_time":"2025-06-05T12:54:47+00:00","og_image":[{"width":1500,"height":1500,"url":"https:\/\/glassupply.com\/ca\/wp-content\/uploads\/sites\/5\/2023\/06\/R-HR-GMBAJLGTH2SS-Product-Image-4.webp","type":"image\/webp"}],"twitter_card":"summary_large_image","twitter_misc":{"Est. reading time":"1 minute"},"schema":{"@context":"https:\/\/schema.org","@graph":[{"@type":"WebPage","@id":"https:\/\/glassupply.com\/ca\/fr\/produit\/handrail-glass-mounted-adjustable-projection-bracket-2-1-16%e2%80%b3-to-4-3-4%e2%80%b3\/","url":"https:\/\/glassupply.com\/ca\/fr\/produit\/handrail-glass-mounted-adjustable-projection-bracket-2-1-16%e2%80%b3-to-4-3-4%e2%80%b3\/","name":"Handrail Glass Mounted Adjustable Projection Bracket \u2013 2 1\/16\u2033 to 4 3\/4\u2033 - Glassupply (CA)","isPartOf":{"@id":"https:\/\/glassupply.com\/ca\/fr\/#website"},"primaryImageOfPage":{"@id":"https:\/\/glassupply.com\/ca\/fr\/produit\/handrail-glass-mounted-adjustable-projection-bracket-2-1-16%e2%80%b3-to-4-3-4%e2%80%b3\/#primaryimage"},"image":{"@id":"https:\/\/glassupply.com\/ca\/fr\/produit\/handrail-glass-mounted-adjustable-projection-bracket-2-1-16%e2%80%b3-to-4-3-4%e2%80%b3\/#primaryimage"},"thumbnailUrl":"https:\/\/glassupply.com\/ca\/wp-content\/uploads\/sites\/5\/2023\/06\/R-HR-GMBAJLGTH2SS-Product-Image-4.webp","datePublished":"2023-06-28T14:26:40+00:00","dateModified":"2025-06-05T12:54:47+00:00","breadcrumb":{"@id":"https:\/\/glassupply.com\/ca\/fr\/produit\/handrail-glass-mounted-adjustable-projection-bracket-2-1-16%e2%80%b3-to-4-3-4%e2%80%b3\/#breadcrumb"},"inLanguage":"fr-FR","potentialAction":[{"@type":"ReadAction","target":["https:\/\/glassupply.com\/ca\/fr\/produit\/handrail-glass-mounted-adjustable-projection-bracket-2-1-16%e2%80%b3-to-4-3-4%e2%80%b3\/"]}]},{"@type":"ImageObject","inLanguage":"fr-FR","@id":"https:\/\/glassupply.com\/ca\/fr\/produit\/handrail-glass-mounted-adjustable-projection-bracket-2-1-16%e2%80%b3-to-4-3-4%e2%80%b3\/#primaryimage","url":"https:\/\/glassupply.com\/ca\/wp-content\/uploads\/sites\/5\/2023\/06\/R-HR-GMBAJLGTH2SS-Product-Image-4.webp","contentUrl":"https:\/\/glassupply.com\/ca\/wp-content\/uploads\/sites\/5\/2023\/06\/R-HR-GMBAJLGTH2SS-Product-Image-4.webp","width":1500,"height":1500},{"@type":"BreadcrumbList","@id":"https:\/\/glassupply.com\/ca\/fr\/produit\/handrail-glass-mounted-adjustable-projection-bracket-2-1-16%e2%80%b3-to-4-3-4%e2%80%b3\/#breadcrumb","itemListElement":[{"@type":"ListItem","position":1,"name":"Home","item":"https:\/\/glassupply.com\/ca\/fr\/"},{"@type":"ListItem","position":2,"name":"Shop","item":"https:\/\/glassupply.com\/ca\/fr\/shop\/"},{"@type":"ListItem","position":3,"name":"Handrail Glass Mounted Adjustable Projection Bracket \u2013 2 1\/16\u2033 to 4 3\/4\u2033"}]},{"@type":"WebSite","@id":"https:\/\/glassupply.com\/ca\/fr\/#website","url":"https:\/\/glassupply.com\/ca\/fr\/","name":"Glassupply.com","description":"From the manufacturer to your doorstep","publisher":{"@id":"https:\/\/glassupply.com\/ca\/fr\/#organization"},"potentialAction":[{"@type":"SearchAction","target":{"@type":"EntryPoint","urlTemplate":"https:\/\/glassupply.com\/ca\/fr\/?s={search_term_string}"},"query-input":{"@type":"PropertyValueSpecification","valueRequired":true,"valueName":"search_term_string"}}],"inLanguage":"fr-FR"},{"@type":"Organization","@id":"https:\/\/glassupply.com\/ca\/fr\/#organization","name":"Glassupply.com","url":"https:\/\/glassupply.com\/ca\/fr\/","logo":{"@type":"ImageObject","inLanguage":"fr-FR","@id":"https:\/\/glassupply.com\/ca\/fr\/#\/schema\/logo\/image\/","url":"https:\/\/staging.glassupply.com\/ca\/wp-content\/uploads\/sites\/5\/2023\/07\/logo.svg","contentUrl":"https:\/\/staging.glassupply.com\/ca\/wp-content\/uploads\/sites\/5\/2023\/07\/logo.svg","width":310,"height":24,"caption":"Glassupply.com"},"image":{"@id":"https:\/\/glassupply.com\/ca\/fr\/#\/schema\/logo\/image\/"}}]}},"_links":{"self":[{"href":"https:\/\/glassupply.com\/ca\/fr\/wp-json\/wp\/v2\/product\/2024","targetHints":{"allow":["GET"]}}],"collection":[{"href":"https:\/\/glassupply.com\/ca\/fr\/wp-json\/wp\/v2\/product"}],"about":[{"href":"https:\/\/glassupply.com\/ca\/fr\/wp-json\/wp\/v2\/types\/product"}],"replies":[{"embeddable":true,"href":"https:\/\/glassupply.com\/ca\/fr\/wp-json\/wp\/v2\/comments?post=2024"}],"wp:featuredmedia":[{"embeddable":true,"href":"https:\/\/glassupply.com\/ca\/fr\/wp-json\/wp\/v2\/media\/1862"}],"wp:attachment":[{"href":"https:\/\/glassupply.com\/ca\/fr\/wp-json\/wp\/v2\/media?parent=2024"}],"wp:term":[{"taxonomy":"product_brand","embeddable":true,"href":"https:\/\/glassupply.com\/ca\/fr\/wp-json\/wp\/v2\/product_brand?post=2024"},{"taxonomy":"product_cat","embeddable":true,"href":"https:\/\/glassupply.com\/ca\/fr\/wp-json\/wp\/v2\/product_cat?post=2024"},{"taxonomy":"product_tag","embeddable":true,"href":"https:\/\/glassupply.com\/ca\/fr\/wp-json\/wp\/v2\/product_tag?post=2024"}],"curies":[{"name":"wp","href":"https:\/\/api.w.org\/{rel}","templated":true}]}}