{"id":2030,"date":"2023-06-28T09:26:40","date_gmt":"2023-06-28T14:26:40","guid":{"rendered":"https:\/\/staging.glassupply.com\/ca\/product\/handrail-wall-mounted-fixed-bracket-with-swivel-head\/"},"modified":"2025-06-05T08:03:50","modified_gmt":"2025-06-05T13:03:50","slug":"handrail-wall-mounted-fixed-bracket-with-swivel-head","status":"publish","type":"product","link":"https:\/\/glassupply.com\/ca\/fr\/produit\/handrail-wall-mounted-fixed-bracket-with-swivel-head\/","title":{"rendered":"Handrail Wall Mounted Fixed Bracket with Swivel Head"},"content":{"rendered":"","protected":false},"excerpt":{"rendered":"<p>Le support fixe mural pour main courante avec t\u00eate pivotante est sp\u00e9cialement con\u00e7u pour fournir la distance optimale entre le mur et la main courante (R-HR-RT), garantissant une prise confortable, s\u00fbre et accessible pour tous les utilisateurs. En g\u00e9n\u00e9ral, une plage de distance entre 51 mm (2\u201d) et 70 mm (2-3\/4\u201d) constitue un bon point de d\u00e9part pour la plupart des installations de main courante. Cet espacement permet une prise confortable tout en offrant suffisamment de d\u00e9gagement pour que la main puisse se d\u00e9placer librement le long de la rampe.<\/p>\n<p>De plus, la fonction de t\u00eate pivotante du support permet un r\u00e9glage facile de l\u2019angle, garantissant un alignement parfait avec la pente des escaliers ou du balcon.<\/p>\n<p>Confectionn\u00e9s avec des alliages en acier inoxydable 316 de la plus haute qualit\u00e9, nos connecteurs de main courante haut de gamme offrent non seulement des propri\u00e9t\u00e9s sup\u00e9rieures de r\u00e9sistance \u00e0 la corrosion, mais \u00e9galement un attrait esth\u00e9tique in\u00e9gal\u00e9 qui am\u00e9liorera l\u2019apparence g\u00e9n\u00e9rale de tout projet. Nos connecteurs et s\u00e9ries de main courante en acier inoxydable 316 sont le choix parfait pour ceux qui recherchent durabilit\u00e9, fiabilit\u00e9 et esth\u00e9tique tout en garantissant une performance durable m\u00eame dans les environnements les plus difficiles.<\/p>\n<p>Choisissez une finition en acier inoxydable poli (bross\u00e9) ou une finition mate noire lisse, appliqu\u00e9e par poudrage \u00e9lectrostatique et cuite au four pour une surface r\u00e9sistante aux rayures et prot\u00e9g\u00e9e contre les intemp\u00e9ries. Id\u00e9al pour les applications int\u00e9rieures et ext\u00e9rieures, il offre une excellente r\u00e9sistance \u00e0 la corrosion, ce qui le rend parfait pour les structures expos\u00e9es \u00e0 un fort degr\u00e9 de corrosion, telles que les r\u00e9gions c\u00f4ti\u00e8res et les environnements de piscines.<\/p>\n<h2><b>SP\u00c9CIFICATIONS TECHNIQUES<\/b><\/h2>\n<table>\n<tbody>\n<tr>\n<td>Main Courante Recommand\u00e9e<\/td>\n<td><span style=\"font-weight: 400;\">R-HR-RT<\/span><\/td>\n<\/tr>\n<tr>\n<td>Couleur\/Finition<\/td>\n<td><span style=\"font-weight: 400;\">Noir Mat, Acier Inoxydable Poli<\/span><\/td>\n<\/tr>\n<tr>\n<td>Mat\u00e9riau de Fabrication<\/td>\n<td><span style=\"font-weight: 400;\">Acier Inoxydable AISI 316<\/span><\/td>\n<\/tr>\n<tr>\n<td>Usage Recommand\u00e9<\/td>\n<td><span style=\"font-weight: 400;\">Int\u00e9rieur, Ext\u00e9rieur<\/span><\/td>\n<\/tr>\n<\/tbody>\n<\/table>\n","protected":false},"featured_media":1882,"comment_status":"closed","ping_status":"closed","template":"","meta":{"_acf_changed":false,"inline_featured_image":false},"product_brand":[],"product_cat":[71,129],"product_tag":[],"class_list":{"0":"post-2030","1":"product","2":"type-product","3":"status-publish","4":"has-post-thumbnail","6":"product_cat-glass-fence-railing-hardware-fr","7":"product_cat-handrail-fr","9":"first","10":"instock","11":"taxable","12":"shipping-taxable","13":"purchasable","14":"product-type-variable","15":"has-default-attributes"},"acf":[],"yoast_head":"<!-- This site is optimized with the Yoast SEO plugin v26.9 - https:\/\/yoast.com\/product\/yoast-seo-wordpress\/ -->\n<title>Handrail Wall Mounted Fixed Bracket with Swivel Head - Glassupply (CA)<\/title>\n<meta name=\"robots\" content=\"index, follow, max-snippet:-1, max-image-preview:large, max-video-preview:-1\" \/>\n<link rel=\"canonical\" href=\"https:\/\/glassupply.com\/ca\/fr\/produit\/handrail-wall-mounted-fixed-bracket-with-swivel-head\/\" \/>\n<meta property=\"og:locale\" content=\"fr_CA\" \/>\n<meta property=\"og:type\" content=\"article\" \/>\n<meta property=\"og:title\" content=\"Handrail Wall Mounted Fixed Bracket with Swivel Head - Glassupply (CA)\" \/>\n<meta property=\"og:description\" content=\"Le support fixe mural pour main courante avec t\u00eate pivotante est sp\u00e9cialement con\u00e7u pour fournir la distance optimale entre le mur et la main courante (R-HR-RT), garantissant une prise confortable, s\u00fbre et accessible pour tous les utilisateurs. En g\u00e9n\u00e9ral, une plage de distance entre 51 mm (2\u201d) et 70 mm (2-3\/4\u201d) constitue un bon point de d\u00e9part pour la plupart des installations de main courante. Cet espacement permet une prise confortable tout en offrant suffisamment de d\u00e9gagement pour que la main puisse se d\u00e9placer librement le long de la rampe.  De plus, la fonction de t\u00eate pivotante du support permet un r\u00e9glage facile de l\u2019angle, garantissant un alignement parfait avec la pente des escaliers ou du balcon.  Confectionn\u00e9s avec des alliages en acier inoxydable 316 de la plus haute qualit\u00e9, nos connecteurs de main courante haut de gamme offrent non seulement des propri\u00e9t\u00e9s sup\u00e9rieures de r\u00e9sistance \u00e0 la corrosion, mais \u00e9galement un attrait esth\u00e9tique in\u00e9gal\u00e9 qui am\u00e9liorera l\u2019apparence g\u00e9n\u00e9rale de tout projet. Nos connecteurs et s\u00e9ries de main courante en acier inoxydable 316 sont le choix parfait pour ceux qui recherchent durabilit\u00e9, fiabilit\u00e9 et esth\u00e9tique tout en garantissant une performance durable m\u00eame dans les environnements les plus difficiles.  Choisissez une finition en acier inoxydable poli (bross\u00e9) ou une finition mate noire lisse, appliqu\u00e9e par poudrage \u00e9lectrostatique et cuite au four pour une surface r\u00e9sistante aux rayures et prot\u00e9g\u00e9e contre les intemp\u00e9ries. Id\u00e9al pour les applications int\u00e9rieures et ext\u00e9rieures, il offre une excellente r\u00e9sistance \u00e0 la corrosion, ce qui le rend parfait pour les structures expos\u00e9es \u00e0 un fort degr\u00e9 de corrosion, telles que les r\u00e9gions c\u00f4ti\u00e8res et les environnements de piscines. SP\u00c9CIFICATIONS TECHNIQUES    Main Courante Recommand\u00e9e R-HR-RT   Couleur\/Finition Noir Mat, Acier Inoxydable Poli   Mat\u00e9riau de Fabrication Acier Inoxydable AISI 316   Usage Recommand\u00e9 Int\u00e9rieur, Ext\u00e9rieur\" \/>\n<meta property=\"og:url\" content=\"https:\/\/glassupply.com\/ca\/fr\/produit\/handrail-wall-mounted-fixed-bracket-with-swivel-head\/\" \/>\n<meta property=\"og:site_name\" content=\"Glassupply (CA)\" \/>\n<meta property=\"article:modified_time\" content=\"2025-06-05T13:03:50+00:00\" \/>\n<meta property=\"og:image\" content=\"https:\/\/glassupply.com\/ca\/wp-content\/uploads\/sites\/5\/2023\/06\/R-HR-WMBSHSS-Product-Image-2.webp\" \/>\n\t<meta property=\"og:image:width\" content=\"1500\" \/>\n\t<meta property=\"og:image:height\" content=\"1500\" \/>\n\t<meta property=\"og:image:type\" content=\"image\/webp\" \/>\n<meta name=\"twitter:card\" content=\"summary_large_image\" \/>\n<meta name=\"twitter:label1\" content=\"Est. reading time\" \/>\n\t<meta name=\"twitter:data1\" content=\"1 minute\" \/>\n<script type=\"application\/ld+json\" class=\"yoast-schema-graph\">{\"@context\":\"https:\/\/schema.org\",\"@graph\":[{\"@type\":\"WebPage\",\"@id\":\"https:\/\/glassupply.com\/ca\/fr\/produit\/handrail-wall-mounted-fixed-bracket-with-swivel-head\/\",\"url\":\"https:\/\/glassupply.com\/ca\/fr\/produit\/handrail-wall-mounted-fixed-bracket-with-swivel-head\/\",\"name\":\"Handrail Wall Mounted Fixed Bracket with Swivel Head - Glassupply (CA)\",\"isPartOf\":{\"@id\":\"https:\/\/glassupply.com\/ca\/fr\/#website\"},\"primaryImageOfPage\":{\"@id\":\"https:\/\/glassupply.com\/ca\/fr\/produit\/handrail-wall-mounted-fixed-bracket-with-swivel-head\/#primaryimage\"},\"image\":{\"@id\":\"https:\/\/glassupply.com\/ca\/fr\/produit\/handrail-wall-mounted-fixed-bracket-with-swivel-head\/#primaryimage\"},\"thumbnailUrl\":\"https:\/\/glassupply.com\/ca\/wp-content\/uploads\/sites\/5\/2023\/06\/R-HR-WMBSHSS-Product-Image-2.webp\",\"datePublished\":\"2023-06-28T14:26:40+00:00\",\"dateModified\":\"2025-06-05T13:03:50+00:00\",\"breadcrumb\":{\"@id\":\"https:\/\/glassupply.com\/ca\/fr\/produit\/handrail-wall-mounted-fixed-bracket-with-swivel-head\/#breadcrumb\"},\"inLanguage\":\"fr-FR\",\"potentialAction\":[{\"@type\":\"ReadAction\",\"target\":[\"https:\/\/glassupply.com\/ca\/fr\/produit\/handrail-wall-mounted-fixed-bracket-with-swivel-head\/\"]}]},{\"@type\":\"ImageObject\",\"inLanguage\":\"fr-FR\",\"@id\":\"https:\/\/glassupply.com\/ca\/fr\/produit\/handrail-wall-mounted-fixed-bracket-with-swivel-head\/#primaryimage\",\"url\":\"https:\/\/glassupply.com\/ca\/wp-content\/uploads\/sites\/5\/2023\/06\/R-HR-WMBSHSS-Product-Image-2.webp\",\"contentUrl\":\"https:\/\/glassupply.com\/ca\/wp-content\/uploads\/sites\/5\/2023\/06\/R-HR-WMBSHSS-Product-Image-2.webp\",\"width\":1500,\"height\":1500},{\"@type\":\"BreadcrumbList\",\"@id\":\"https:\/\/glassupply.com\/ca\/fr\/produit\/handrail-wall-mounted-fixed-bracket-with-swivel-head\/#breadcrumb\",\"itemListElement\":[{\"@type\":\"ListItem\",\"position\":1,\"name\":\"Home\",\"item\":\"https:\/\/glassupply.com\/ca\/fr\/\"},{\"@type\":\"ListItem\",\"position\":2,\"name\":\"Shop\",\"item\":\"https:\/\/glassupply.com\/ca\/fr\/shop\/\"},{\"@type\":\"ListItem\",\"position\":3,\"name\":\"Handrail Wall Mounted Fixed Bracket with Swivel Head\"}]},{\"@type\":\"WebSite\",\"@id\":\"https:\/\/glassupply.com\/ca\/fr\/#website\",\"url\":\"https:\/\/glassupply.com\/ca\/fr\/\",\"name\":\"Glassupply.com\",\"description\":\"From the manufacturer to your doorstep\",\"publisher\":{\"@id\":\"https:\/\/glassupply.com\/ca\/fr\/#organization\"},\"potentialAction\":[{\"@type\":\"SearchAction\",\"target\":{\"@type\":\"EntryPoint\",\"urlTemplate\":\"https:\/\/glassupply.com\/ca\/fr\/?s={search_term_string}\"},\"query-input\":{\"@type\":\"PropertyValueSpecification\",\"valueRequired\":true,\"valueName\":\"search_term_string\"}}],\"inLanguage\":\"fr-FR\"},{\"@type\":\"Organization\",\"@id\":\"https:\/\/glassupply.com\/ca\/fr\/#organization\",\"name\":\"Glassupply.com\",\"url\":\"https:\/\/glassupply.com\/ca\/fr\/\",\"logo\":{\"@type\":\"ImageObject\",\"inLanguage\":\"fr-FR\",\"@id\":\"https:\/\/glassupply.com\/ca\/fr\/#\/schema\/logo\/image\/\",\"url\":\"https:\/\/staging.glassupply.com\/ca\/wp-content\/uploads\/sites\/5\/2023\/07\/logo.svg\",\"contentUrl\":\"https:\/\/staging.glassupply.com\/ca\/wp-content\/uploads\/sites\/5\/2023\/07\/logo.svg\",\"width\":310,\"height\":24,\"caption\":\"Glassupply.com\"},\"image\":{\"@id\":\"https:\/\/glassupply.com\/ca\/fr\/#\/schema\/logo\/image\/\"}}]}<\/script>\n<!-- \/ Yoast SEO plugin. -->","yoast_head_json":{"title":"Handrail Wall Mounted Fixed Bracket with Swivel Head - Glassupply (CA)","robots":{"index":"index","follow":"follow","max-snippet":"max-snippet:-1","max-image-preview":"max-image-preview:large","max-video-preview":"max-video-preview:-1"},"canonical":"https:\/\/glassupply.com\/ca\/fr\/produit\/handrail-wall-mounted-fixed-bracket-with-swivel-head\/","og_locale":"fr_CA","og_type":"article","og_title":"Handrail Wall Mounted Fixed Bracket with Swivel Head - Glassupply (CA)","og_description":"Le support fixe mural pour main courante avec t\u00eate pivotante est sp\u00e9cialement con\u00e7u pour fournir la distance optimale entre le mur et la main courante (R-HR-RT), garantissant une prise confortable, s\u00fbre et accessible pour tous les utilisateurs. En g\u00e9n\u00e9ral, une plage de distance entre 51 mm (2\u201d) et 70 mm (2-3\/4\u201d) constitue un bon point de d\u00e9part pour la plupart des installations de main courante. Cet espacement permet une prise confortable tout en offrant suffisamment de d\u00e9gagement pour que la main puisse se d\u00e9placer librement le long de la rampe.  De plus, la fonction de t\u00eate pivotante du support permet un r\u00e9glage facile de l\u2019angle, garantissant un alignement parfait avec la pente des escaliers ou du balcon.  Confectionn\u00e9s avec des alliages en acier inoxydable 316 de la plus haute qualit\u00e9, nos connecteurs de main courante haut de gamme offrent non seulement des propri\u00e9t\u00e9s sup\u00e9rieures de r\u00e9sistance \u00e0 la corrosion, mais \u00e9galement un attrait esth\u00e9tique in\u00e9gal\u00e9 qui am\u00e9liorera l\u2019apparence g\u00e9n\u00e9rale de tout projet. Nos connecteurs et s\u00e9ries de main courante en acier inoxydable 316 sont le choix parfait pour ceux qui recherchent durabilit\u00e9, fiabilit\u00e9 et esth\u00e9tique tout en garantissant une performance durable m\u00eame dans les environnements les plus difficiles.  Choisissez une finition en acier inoxydable poli (bross\u00e9) ou une finition mate noire lisse, appliqu\u00e9e par poudrage \u00e9lectrostatique et cuite au four pour une surface r\u00e9sistante aux rayures et prot\u00e9g\u00e9e contre les intemp\u00e9ries. Id\u00e9al pour les applications int\u00e9rieures et ext\u00e9rieures, il offre une excellente r\u00e9sistance \u00e0 la corrosion, ce qui le rend parfait pour les structures expos\u00e9es \u00e0 un fort degr\u00e9 de corrosion, telles que les r\u00e9gions c\u00f4ti\u00e8res et les environnements de piscines. SP\u00c9CIFICATIONS TECHNIQUES    Main Courante Recommand\u00e9e R-HR-RT   Couleur\/Finition Noir Mat, Acier Inoxydable Poli   Mat\u00e9riau de Fabrication Acier Inoxydable AISI 316   Usage Recommand\u00e9 Int\u00e9rieur, Ext\u00e9rieur","og_url":"https:\/\/glassupply.com\/ca\/fr\/produit\/handrail-wall-mounted-fixed-bracket-with-swivel-head\/","og_site_name":"Glassupply (CA)","article_modified_time":"2025-06-05T13:03:50+00:00","og_image":[{"width":1500,"height":1500,"url":"https:\/\/glassupply.com\/ca\/wp-content\/uploads\/sites\/5\/2023\/06\/R-HR-WMBSHSS-Product-Image-2.webp","type":"image\/webp"}],"twitter_card":"summary_large_image","twitter_misc":{"Est. reading time":"1 minute"},"schema":{"@context":"https:\/\/schema.org","@graph":[{"@type":"WebPage","@id":"https:\/\/glassupply.com\/ca\/fr\/produit\/handrail-wall-mounted-fixed-bracket-with-swivel-head\/","url":"https:\/\/glassupply.com\/ca\/fr\/produit\/handrail-wall-mounted-fixed-bracket-with-swivel-head\/","name":"Handrail Wall Mounted Fixed Bracket with Swivel Head - Glassupply (CA)","isPartOf":{"@id":"https:\/\/glassupply.com\/ca\/fr\/#website"},"primaryImageOfPage":{"@id":"https:\/\/glassupply.com\/ca\/fr\/produit\/handrail-wall-mounted-fixed-bracket-with-swivel-head\/#primaryimage"},"image":{"@id":"https:\/\/glassupply.com\/ca\/fr\/produit\/handrail-wall-mounted-fixed-bracket-with-swivel-head\/#primaryimage"},"thumbnailUrl":"https:\/\/glassupply.com\/ca\/wp-content\/uploads\/sites\/5\/2023\/06\/R-HR-WMBSHSS-Product-Image-2.webp","datePublished":"2023-06-28T14:26:40+00:00","dateModified":"2025-06-05T13:03:50+00:00","breadcrumb":{"@id":"https:\/\/glassupply.com\/ca\/fr\/produit\/handrail-wall-mounted-fixed-bracket-with-swivel-head\/#breadcrumb"},"inLanguage":"fr-FR","potentialAction":[{"@type":"ReadAction","target":["https:\/\/glassupply.com\/ca\/fr\/produit\/handrail-wall-mounted-fixed-bracket-with-swivel-head\/"]}]},{"@type":"ImageObject","inLanguage":"fr-FR","@id":"https:\/\/glassupply.com\/ca\/fr\/produit\/handrail-wall-mounted-fixed-bracket-with-swivel-head\/#primaryimage","url":"https:\/\/glassupply.com\/ca\/wp-content\/uploads\/sites\/5\/2023\/06\/R-HR-WMBSHSS-Product-Image-2.webp","contentUrl":"https:\/\/glassupply.com\/ca\/wp-content\/uploads\/sites\/5\/2023\/06\/R-HR-WMBSHSS-Product-Image-2.webp","width":1500,"height":1500},{"@type":"BreadcrumbList","@id":"https:\/\/glassupply.com\/ca\/fr\/produit\/handrail-wall-mounted-fixed-bracket-with-swivel-head\/#breadcrumb","itemListElement":[{"@type":"ListItem","position":1,"name":"Home","item":"https:\/\/glassupply.com\/ca\/fr\/"},{"@type":"ListItem","position":2,"name":"Shop","item":"https:\/\/glassupply.com\/ca\/fr\/shop\/"},{"@type":"ListItem","position":3,"name":"Handrail Wall Mounted Fixed Bracket with Swivel Head"}]},{"@type":"WebSite","@id":"https:\/\/glassupply.com\/ca\/fr\/#website","url":"https:\/\/glassupply.com\/ca\/fr\/","name":"Glassupply.com","description":"From the manufacturer to your doorstep","publisher":{"@id":"https:\/\/glassupply.com\/ca\/fr\/#organization"},"potentialAction":[{"@type":"SearchAction","target":{"@type":"EntryPoint","urlTemplate":"https:\/\/glassupply.com\/ca\/fr\/?s={search_term_string}"},"query-input":{"@type":"PropertyValueSpecification","valueRequired":true,"valueName":"search_term_string"}}],"inLanguage":"fr-FR"},{"@type":"Organization","@id":"https:\/\/glassupply.com\/ca\/fr\/#organization","name":"Glassupply.com","url":"https:\/\/glassupply.com\/ca\/fr\/","logo":{"@type":"ImageObject","inLanguage":"fr-FR","@id":"https:\/\/glassupply.com\/ca\/fr\/#\/schema\/logo\/image\/","url":"https:\/\/staging.glassupply.com\/ca\/wp-content\/uploads\/sites\/5\/2023\/07\/logo.svg","contentUrl":"https:\/\/staging.glassupply.com\/ca\/wp-content\/uploads\/sites\/5\/2023\/07\/logo.svg","width":310,"height":24,"caption":"Glassupply.com"},"image":{"@id":"https:\/\/glassupply.com\/ca\/fr\/#\/schema\/logo\/image\/"}}]}},"_links":{"self":[{"href":"https:\/\/glassupply.com\/ca\/fr\/wp-json\/wp\/v2\/product\/2030","targetHints":{"allow":["GET"]}}],"collection":[{"href":"https:\/\/glassupply.com\/ca\/fr\/wp-json\/wp\/v2\/product"}],"about":[{"href":"https:\/\/glassupply.com\/ca\/fr\/wp-json\/wp\/v2\/types\/product"}],"replies":[{"embeddable":true,"href":"https:\/\/glassupply.com\/ca\/fr\/wp-json\/wp\/v2\/comments?post=2030"}],"wp:featuredmedia":[{"embeddable":true,"href":"https:\/\/glassupply.com\/ca\/fr\/wp-json\/wp\/v2\/media\/1882"}],"wp:attachment":[{"href":"https:\/\/glassupply.com\/ca\/fr\/wp-json\/wp\/v2\/media?parent=2030"}],"wp:term":[{"taxonomy":"product_brand","embeddable":true,"href":"https:\/\/glassupply.com\/ca\/fr\/wp-json\/wp\/v2\/product_brand?post=2030"},{"taxonomy":"product_cat","embeddable":true,"href":"https:\/\/glassupply.com\/ca\/fr\/wp-json\/wp\/v2\/product_cat?post=2030"},{"taxonomy":"product_tag","embeddable":true,"href":"https:\/\/glassupply.com\/ca\/fr\/wp-json\/wp\/v2\/product_tag?post=2030"}],"curies":[{"name":"wp","href":"https:\/\/api.w.org\/{rel}","templated":true}]}}