{"id":2044,"date":"2023-06-28T09:26:40","date_gmt":"2023-06-28T14:26:40","guid":{"rendered":"https:\/\/staging.glassupply.com\/ca\/product\/glass-mounted-adjustable-length-projection-bracket-with-swivel-head-4-5-16-to-6-7-8\/"},"modified":"2025-06-05T07:27:48","modified_gmt":"2025-06-05T12:27:48","slug":"glass-mounted-adjustable-length-projection-bracket-with-swivel-head-4-5-16-to-6-7-8","status":"publish","type":"product","link":"https:\/\/glassupply.com\/ca\/fr\/produit\/glass-mounted-adjustable-length-projection-bracket-with-swivel-head-4-5-16-to-6-7-8\/","title":{"rendered":"Glass Mounted Adjustable length projection Bracket with Swivel Head &#8211; 4 5\/16&Prime; to 6 7\/8&Prime;"},"content":{"rendered":"","protected":false},"excerpt":{"rendered":"<p><span style=\"font-weight: 400;\">Le support de main courante \u00e0 projection r\u00e9glable fix\u00e9 sur le verre \u2013 de 4 5\/16\u2033 \u00e0 6 7\/8\u2033 \u2013 est dot\u00e9 d\u2019un bras de projection ajustable, permettant une personnalisation facile de la distance entre le panneau de verre et la main courante.<\/span><\/p>\n<p><span style=\"font-weight: 400;\">L\u2019un des avantages de cette fonction r\u00e9glable est qu\u2019elle permet d\u2019aligner une section de garde-corps en verre avec un mur qui n\u2019est pas parfaitement align\u00e9. En ajustant la distance de projection, les installateurs peuvent s\u2019assurer que la main courante est correctement positionn\u00e9e par rapport au panneau de verre et au mur, assurant ainsi un rendu propre et harmonieux.<\/span><\/p>\n<p><span style=\"font-weight: 400;\">Outre ses avantages en mati\u00e8re d\u2019alignement, la fonction de projection r\u00e9glable est \u00e9galement utile lorsque la main courante doit \u00eatre positionn\u00e9e \u00e0 une distance sp\u00e9cifique du panneau de verre.<\/span><\/p>\n<p><span style=\"font-weight: 400;\">De plus, la t\u00eate pivotante du support permet un ajustement facile de l\u2019angle, garantissant un alignement parfait avec l\u2019inclinaison de l\u2019escalier ou du balcon.<\/span><\/p>\n<p><span style=\"font-weight: 400;\">Fabriqu\u00e9s \u00e0 partir d\u2019alliages d\u2019acier inoxydable 316 de la plus haute qualit\u00e9, nos connecteurs de main courante haut de gamme offrent non seulement une r\u00e9sistance sup\u00e9rieure \u00e0 la corrosion, mais aussi une esth\u00e9tique in\u00e9gal\u00e9e qui rehaussera l\u2019apparence g\u00e9n\u00e9rale de tout projet. Nos connecteurs et mains courantes en acier inoxydable 316 sont le choix id\u00e9al pour ceux qui recherchent durabilit\u00e9, fiabilit\u00e9 et attrait visuel, tout en garantissant des performances durables m\u00eame dans les environnements les plus extr\u00eames.<\/span><\/p>\n<p><span style=\"font-weight: 400;\">Choisissez une finition en acier inoxydable poli (bross\u00e9) ou une finition noire mate lisse, appliqu\u00e9e par poudrage \u00e9lectrostatique et cuite au four pour une surface r\u00e9sistante aux rayures et prot\u00e9g\u00e9e contre les intemp\u00e9ries. Id\u00e9al pour les applications int\u00e9rieures et ext\u00e9rieures, ce produit offre une excellente r\u00e9sistance \u00e0 la corrosion, ce qui le rend parfait pour les structures situ\u00e9es dans des zones \u00e0 forte corrosion, comme les r\u00e9gions c\u00f4ti\u00e8res et les environnements de piscines.<\/span><\/p>\n<h2><b>SP\u00c9CIFICATIONS TECHNIQUES<\/b><\/h2>\n<table>\n<tbody>\n<tr>\n<td><b>Main courante recommand\u00e9e<\/b><\/td>\n<td><span style=\"font-weight: 400;\">R-HR-RT<\/span><\/td>\n<\/tr>\n<tr>\n<td><b>Couleur\/Finition<\/b><\/td>\n<td><span style=\"font-weight: 400;\">Noir mat, acier inoxydable poli<\/span><\/td>\n<\/tr>\n<tr>\n<td><b>Mat\u00e9riau de fabrication<\/b><\/td>\n<td><span style=\"font-weight: 400;\">Acier inoxydable AISI 316<\/span><\/td>\n<\/tr>\n<tr>\n<td><b>Utilisation recommand\u00e9e<\/b><\/td>\n<td><span style=\"font-weight: 400;\">Int\u00e9rieur, ext\u00e9rieur<\/span><\/td>\n<\/tr>\n<\/tbody>\n<\/table>\n","protected":false},"featured_media":1858,"comment_status":"closed","ping_status":"closed","template":"","meta":{"_acf_changed":false,"inline_featured_image":false},"product_brand":[],"product_cat":[71,129],"product_tag":[],"class_list":{"0":"post-2044","1":"product","2":"type-product","3":"status-publish","4":"has-post-thumbnail","6":"product_cat-glass-fence-railing-hardware-fr","7":"product_cat-handrail-fr","9":"first","10":"instock","11":"taxable","12":"shipping-taxable","13":"purchasable","14":"product-type-variable","15":"has-default-attributes"},"acf":[],"yoast_head":"<!-- This site is optimized with the Yoast SEO plugin v26.9 - https:\/\/yoast.com\/product\/yoast-seo-wordpress\/ -->\n<title>Glass Mounted Adjustable length projection Bracket with Swivel Head - 4 5\/16&quot; to 6 7\/8&quot; - Glassupply (CA)<\/title>\n<meta name=\"robots\" content=\"index, follow, max-snippet:-1, max-image-preview:large, max-video-preview:-1\" \/>\n<link rel=\"canonical\" href=\"https:\/\/glassupply.com\/ca\/fr\/produit\/glass-mounted-adjustable-length-projection-bracket-with-swivel-head-4-5-16-to-6-7-8\/\" \/>\n<meta property=\"og:locale\" content=\"fr_CA\" \/>\n<meta property=\"og:type\" content=\"article\" \/>\n<meta property=\"og:title\" content=\"Glass Mounted Adjustable length projection Bracket with Swivel Head - 4 5\/16&quot; to 6 7\/8&quot; - Glassupply (CA)\" \/>\n<meta property=\"og:description\" content=\"Le support de main courante \u00e0 projection r\u00e9glable fix\u00e9 sur le verre \u2013 de 4 5\/16\u2033 \u00e0 6 7\/8\u2033 \u2013 est dot\u00e9 d\u2019un bras de projection ajustable, permettant une personnalisation facile de la distance entre le panneau de verre et la main courante.  L\u2019un des avantages de cette fonction r\u00e9glable est qu\u2019elle permet d\u2019aligner une section de garde-corps en verre avec un mur qui n\u2019est pas parfaitement align\u00e9. En ajustant la distance de projection, les installateurs peuvent s\u2019assurer que la main courante est correctement positionn\u00e9e par rapport au panneau de verre et au mur, assurant ainsi un rendu propre et harmonieux.  Outre ses avantages en mati\u00e8re d\u2019alignement, la fonction de projection r\u00e9glable est \u00e9galement utile lorsque la main courante doit \u00eatre positionn\u00e9e \u00e0 une distance sp\u00e9cifique du panneau de verre.  De plus, la t\u00eate pivotante du support permet un ajustement facile de l\u2019angle, garantissant un alignement parfait avec l\u2019inclinaison de l\u2019escalier ou du balcon.  Fabriqu\u00e9s \u00e0 partir d\u2019alliages d\u2019acier inoxydable 316 de la plus haute qualit\u00e9, nos connecteurs de main courante haut de gamme offrent non seulement une r\u00e9sistance sup\u00e9rieure \u00e0 la corrosion, mais aussi une esth\u00e9tique in\u00e9gal\u00e9e qui rehaussera l\u2019apparence g\u00e9n\u00e9rale de tout projet. Nos connecteurs et mains courantes en acier inoxydable 316 sont le choix id\u00e9al pour ceux qui recherchent durabilit\u00e9, fiabilit\u00e9 et attrait visuel, tout en garantissant des performances durables m\u00eame dans les environnements les plus extr\u00eames.  Choisissez une finition en acier inoxydable poli (bross\u00e9) ou une finition noire mate lisse, appliqu\u00e9e par poudrage \u00e9lectrostatique et cuite au four pour une surface r\u00e9sistante aux rayures et prot\u00e9g\u00e9e contre les intemp\u00e9ries. Id\u00e9al pour les applications int\u00e9rieures et ext\u00e9rieures, ce produit offre une excellente r\u00e9sistance \u00e0 la corrosion, ce qui le rend parfait pour les structures situ\u00e9es dans des zones \u00e0 forte corrosion, comme les r\u00e9gions c\u00f4ti\u00e8res et les environnements de piscines. SP\u00c9CIFICATIONS TECHNIQUES    Main courante recommand\u00e9e R-HR-RT   Couleur\/Finition Noir mat, acier inoxydable poli   Mat\u00e9riau de fabrication Acier inoxydable AISI 316   Utilisation recommand\u00e9e Int\u00e9rieur, ext\u00e9rieur\" \/>\n<meta property=\"og:url\" content=\"https:\/\/glassupply.com\/ca\/fr\/produit\/glass-mounted-adjustable-length-projection-bracket-with-swivel-head-4-5-16-to-6-7-8\/\" \/>\n<meta property=\"og:site_name\" content=\"Glassupply (CA)\" \/>\n<meta property=\"article:modified_time\" content=\"2025-06-05T12:27:48+00:00\" \/>\n<meta property=\"og:image\" content=\"https:\/\/glassupply.com\/ca\/wp-content\/uploads\/sites\/5\/2023\/06\/R-HR-GMBAJLGTHSS-Product-Image-2.webp\" \/>\n\t<meta property=\"og:image:width\" content=\"1500\" \/>\n\t<meta property=\"og:image:height\" content=\"1500\" \/>\n\t<meta property=\"og:image:type\" content=\"image\/webp\" \/>\n<meta name=\"twitter:card\" content=\"summary_large_image\" \/>\n<meta name=\"twitter:label1\" content=\"Est. reading time\" \/>\n\t<meta name=\"twitter:data1\" content=\"1 minute\" \/>\n<script type=\"application\/ld+json\" class=\"yoast-schema-graph\">{\"@context\":\"https:\/\/schema.org\",\"@graph\":[{\"@type\":\"WebPage\",\"@id\":\"https:\/\/glassupply.com\/ca\/fr\/produit\/glass-mounted-adjustable-length-projection-bracket-with-swivel-head-4-5-16-to-6-7-8\/\",\"url\":\"https:\/\/glassupply.com\/ca\/fr\/produit\/glass-mounted-adjustable-length-projection-bracket-with-swivel-head-4-5-16-to-6-7-8\/\",\"name\":\"Glass Mounted Adjustable length projection Bracket with Swivel Head - 4 5\/16\\\" to 6 7\/8\\\" - Glassupply (CA)\",\"isPartOf\":{\"@id\":\"https:\/\/glassupply.com\/ca\/fr\/#website\"},\"primaryImageOfPage\":{\"@id\":\"https:\/\/glassupply.com\/ca\/fr\/produit\/glass-mounted-adjustable-length-projection-bracket-with-swivel-head-4-5-16-to-6-7-8\/#primaryimage\"},\"image\":{\"@id\":\"https:\/\/glassupply.com\/ca\/fr\/produit\/glass-mounted-adjustable-length-projection-bracket-with-swivel-head-4-5-16-to-6-7-8\/#primaryimage\"},\"thumbnailUrl\":\"https:\/\/glassupply.com\/ca\/wp-content\/uploads\/sites\/5\/2023\/06\/R-HR-GMBAJLGTHSS-Product-Image-2.webp\",\"datePublished\":\"2023-06-28T14:26:40+00:00\",\"dateModified\":\"2025-06-05T12:27:48+00:00\",\"breadcrumb\":{\"@id\":\"https:\/\/glassupply.com\/ca\/fr\/produit\/glass-mounted-adjustable-length-projection-bracket-with-swivel-head-4-5-16-to-6-7-8\/#breadcrumb\"},\"inLanguage\":\"fr-FR\",\"potentialAction\":[{\"@type\":\"ReadAction\",\"target\":[\"https:\/\/glassupply.com\/ca\/fr\/produit\/glass-mounted-adjustable-length-projection-bracket-with-swivel-head-4-5-16-to-6-7-8\/\"]}]},{\"@type\":\"ImageObject\",\"inLanguage\":\"fr-FR\",\"@id\":\"https:\/\/glassupply.com\/ca\/fr\/produit\/glass-mounted-adjustable-length-projection-bracket-with-swivel-head-4-5-16-to-6-7-8\/#primaryimage\",\"url\":\"https:\/\/glassupply.com\/ca\/wp-content\/uploads\/sites\/5\/2023\/06\/R-HR-GMBAJLGTHSS-Product-Image-2.webp\",\"contentUrl\":\"https:\/\/glassupply.com\/ca\/wp-content\/uploads\/sites\/5\/2023\/06\/R-HR-GMBAJLGTHSS-Product-Image-2.webp\",\"width\":1500,\"height\":1500},{\"@type\":\"BreadcrumbList\",\"@id\":\"https:\/\/glassupply.com\/ca\/fr\/produit\/glass-mounted-adjustable-length-projection-bracket-with-swivel-head-4-5-16-to-6-7-8\/#breadcrumb\",\"itemListElement\":[{\"@type\":\"ListItem\",\"position\":1,\"name\":\"Home\",\"item\":\"https:\/\/glassupply.com\/ca\/fr\/\"},{\"@type\":\"ListItem\",\"position\":2,\"name\":\"Shop\",\"item\":\"https:\/\/glassupply.com\/ca\/fr\/shop\/\"},{\"@type\":\"ListItem\",\"position\":3,\"name\":\"Glass Mounted Adjustable length projection Bracket with Swivel Head &#8211; 4 5\/16&#8243; to 6 7\/8&#8243;\"}]},{\"@type\":\"WebSite\",\"@id\":\"https:\/\/glassupply.com\/ca\/fr\/#website\",\"url\":\"https:\/\/glassupply.com\/ca\/fr\/\",\"name\":\"Glassupply.com\",\"description\":\"From the manufacturer to your doorstep\",\"publisher\":{\"@id\":\"https:\/\/glassupply.com\/ca\/fr\/#organization\"},\"potentialAction\":[{\"@type\":\"SearchAction\",\"target\":{\"@type\":\"EntryPoint\",\"urlTemplate\":\"https:\/\/glassupply.com\/ca\/fr\/?s={search_term_string}\"},\"query-input\":{\"@type\":\"PropertyValueSpecification\",\"valueRequired\":true,\"valueName\":\"search_term_string\"}}],\"inLanguage\":\"fr-FR\"},{\"@type\":\"Organization\",\"@id\":\"https:\/\/glassupply.com\/ca\/fr\/#organization\",\"name\":\"Glassupply.com\",\"url\":\"https:\/\/glassupply.com\/ca\/fr\/\",\"logo\":{\"@type\":\"ImageObject\",\"inLanguage\":\"fr-FR\",\"@id\":\"https:\/\/glassupply.com\/ca\/fr\/#\/schema\/logo\/image\/\",\"url\":\"https:\/\/staging.glassupply.com\/ca\/wp-content\/uploads\/sites\/5\/2023\/07\/logo.svg\",\"contentUrl\":\"https:\/\/staging.glassupply.com\/ca\/wp-content\/uploads\/sites\/5\/2023\/07\/logo.svg\",\"width\":310,\"height\":24,\"caption\":\"Glassupply.com\"},\"image\":{\"@id\":\"https:\/\/glassupply.com\/ca\/fr\/#\/schema\/logo\/image\/\"}}]}<\/script>\n<!-- \/ Yoast SEO plugin. -->","yoast_head_json":{"title":"Glass Mounted Adjustable length projection Bracket with Swivel Head - 4 5\/16\" to 6 7\/8\" - Glassupply (CA)","robots":{"index":"index","follow":"follow","max-snippet":"max-snippet:-1","max-image-preview":"max-image-preview:large","max-video-preview":"max-video-preview:-1"},"canonical":"https:\/\/glassupply.com\/ca\/fr\/produit\/glass-mounted-adjustable-length-projection-bracket-with-swivel-head-4-5-16-to-6-7-8\/","og_locale":"fr_CA","og_type":"article","og_title":"Glass Mounted Adjustable length projection Bracket with Swivel Head - 4 5\/16\" to 6 7\/8\" - Glassupply (CA)","og_description":"Le support de main courante \u00e0 projection r\u00e9glable fix\u00e9 sur le verre \u2013 de 4 5\/16\u2033 \u00e0 6 7\/8\u2033 \u2013 est dot\u00e9 d\u2019un bras de projection ajustable, permettant une personnalisation facile de la distance entre le panneau de verre et la main courante.  L\u2019un des avantages de cette fonction r\u00e9glable est qu\u2019elle permet d\u2019aligner une section de garde-corps en verre avec un mur qui n\u2019est pas parfaitement align\u00e9. En ajustant la distance de projection, les installateurs peuvent s\u2019assurer que la main courante est correctement positionn\u00e9e par rapport au panneau de verre et au mur, assurant ainsi un rendu propre et harmonieux.  Outre ses avantages en mati\u00e8re d\u2019alignement, la fonction de projection r\u00e9glable est \u00e9galement utile lorsque la main courante doit \u00eatre positionn\u00e9e \u00e0 une distance sp\u00e9cifique du panneau de verre.  De plus, la t\u00eate pivotante du support permet un ajustement facile de l\u2019angle, garantissant un alignement parfait avec l\u2019inclinaison de l\u2019escalier ou du balcon.  Fabriqu\u00e9s \u00e0 partir d\u2019alliages d\u2019acier inoxydable 316 de la plus haute qualit\u00e9, nos connecteurs de main courante haut de gamme offrent non seulement une r\u00e9sistance sup\u00e9rieure \u00e0 la corrosion, mais aussi une esth\u00e9tique in\u00e9gal\u00e9e qui rehaussera l\u2019apparence g\u00e9n\u00e9rale de tout projet. Nos connecteurs et mains courantes en acier inoxydable 316 sont le choix id\u00e9al pour ceux qui recherchent durabilit\u00e9, fiabilit\u00e9 et attrait visuel, tout en garantissant des performances durables m\u00eame dans les environnements les plus extr\u00eames.  Choisissez une finition en acier inoxydable poli (bross\u00e9) ou une finition noire mate lisse, appliqu\u00e9e par poudrage \u00e9lectrostatique et cuite au four pour une surface r\u00e9sistante aux rayures et prot\u00e9g\u00e9e contre les intemp\u00e9ries. Id\u00e9al pour les applications int\u00e9rieures et ext\u00e9rieures, ce produit offre une excellente r\u00e9sistance \u00e0 la corrosion, ce qui le rend parfait pour les structures situ\u00e9es dans des zones \u00e0 forte corrosion, comme les r\u00e9gions c\u00f4ti\u00e8res et les environnements de piscines. SP\u00c9CIFICATIONS TECHNIQUES    Main courante recommand\u00e9e R-HR-RT   Couleur\/Finition Noir mat, acier inoxydable poli   Mat\u00e9riau de fabrication Acier inoxydable AISI 316   Utilisation recommand\u00e9e Int\u00e9rieur, ext\u00e9rieur","og_url":"https:\/\/glassupply.com\/ca\/fr\/produit\/glass-mounted-adjustable-length-projection-bracket-with-swivel-head-4-5-16-to-6-7-8\/","og_site_name":"Glassupply (CA)","article_modified_time":"2025-06-05T12:27:48+00:00","og_image":[{"width":1500,"height":1500,"url":"https:\/\/glassupply.com\/ca\/wp-content\/uploads\/sites\/5\/2023\/06\/R-HR-GMBAJLGTHSS-Product-Image-2.webp","type":"image\/webp"}],"twitter_card":"summary_large_image","twitter_misc":{"Est. reading time":"1 minute"},"schema":{"@context":"https:\/\/schema.org","@graph":[{"@type":"WebPage","@id":"https:\/\/glassupply.com\/ca\/fr\/produit\/glass-mounted-adjustable-length-projection-bracket-with-swivel-head-4-5-16-to-6-7-8\/","url":"https:\/\/glassupply.com\/ca\/fr\/produit\/glass-mounted-adjustable-length-projection-bracket-with-swivel-head-4-5-16-to-6-7-8\/","name":"Glass Mounted Adjustable length projection Bracket with Swivel Head - 4 5\/16\" to 6 7\/8\" - Glassupply (CA)","isPartOf":{"@id":"https:\/\/glassupply.com\/ca\/fr\/#website"},"primaryImageOfPage":{"@id":"https:\/\/glassupply.com\/ca\/fr\/produit\/glass-mounted-adjustable-length-projection-bracket-with-swivel-head-4-5-16-to-6-7-8\/#primaryimage"},"image":{"@id":"https:\/\/glassupply.com\/ca\/fr\/produit\/glass-mounted-adjustable-length-projection-bracket-with-swivel-head-4-5-16-to-6-7-8\/#primaryimage"},"thumbnailUrl":"https:\/\/glassupply.com\/ca\/wp-content\/uploads\/sites\/5\/2023\/06\/R-HR-GMBAJLGTHSS-Product-Image-2.webp","datePublished":"2023-06-28T14:26:40+00:00","dateModified":"2025-06-05T12:27:48+00:00","breadcrumb":{"@id":"https:\/\/glassupply.com\/ca\/fr\/produit\/glass-mounted-adjustable-length-projection-bracket-with-swivel-head-4-5-16-to-6-7-8\/#breadcrumb"},"inLanguage":"fr-FR","potentialAction":[{"@type":"ReadAction","target":["https:\/\/glassupply.com\/ca\/fr\/produit\/glass-mounted-adjustable-length-projection-bracket-with-swivel-head-4-5-16-to-6-7-8\/"]}]},{"@type":"ImageObject","inLanguage":"fr-FR","@id":"https:\/\/glassupply.com\/ca\/fr\/produit\/glass-mounted-adjustable-length-projection-bracket-with-swivel-head-4-5-16-to-6-7-8\/#primaryimage","url":"https:\/\/glassupply.com\/ca\/wp-content\/uploads\/sites\/5\/2023\/06\/R-HR-GMBAJLGTHSS-Product-Image-2.webp","contentUrl":"https:\/\/glassupply.com\/ca\/wp-content\/uploads\/sites\/5\/2023\/06\/R-HR-GMBAJLGTHSS-Product-Image-2.webp","width":1500,"height":1500},{"@type":"BreadcrumbList","@id":"https:\/\/glassupply.com\/ca\/fr\/produit\/glass-mounted-adjustable-length-projection-bracket-with-swivel-head-4-5-16-to-6-7-8\/#breadcrumb","itemListElement":[{"@type":"ListItem","position":1,"name":"Home","item":"https:\/\/glassupply.com\/ca\/fr\/"},{"@type":"ListItem","position":2,"name":"Shop","item":"https:\/\/glassupply.com\/ca\/fr\/shop\/"},{"@type":"ListItem","position":3,"name":"Glass Mounted Adjustable length projection Bracket with Swivel Head &#8211; 4 5\/16&#8243; to 6 7\/8&#8243;"}]},{"@type":"WebSite","@id":"https:\/\/glassupply.com\/ca\/fr\/#website","url":"https:\/\/glassupply.com\/ca\/fr\/","name":"Glassupply.com","description":"From the manufacturer to your doorstep","publisher":{"@id":"https:\/\/glassupply.com\/ca\/fr\/#organization"},"potentialAction":[{"@type":"SearchAction","target":{"@type":"EntryPoint","urlTemplate":"https:\/\/glassupply.com\/ca\/fr\/?s={search_term_string}"},"query-input":{"@type":"PropertyValueSpecification","valueRequired":true,"valueName":"search_term_string"}}],"inLanguage":"fr-FR"},{"@type":"Organization","@id":"https:\/\/glassupply.com\/ca\/fr\/#organization","name":"Glassupply.com","url":"https:\/\/glassupply.com\/ca\/fr\/","logo":{"@type":"ImageObject","inLanguage":"fr-FR","@id":"https:\/\/glassupply.com\/ca\/fr\/#\/schema\/logo\/image\/","url":"https:\/\/staging.glassupply.com\/ca\/wp-content\/uploads\/sites\/5\/2023\/07\/logo.svg","contentUrl":"https:\/\/staging.glassupply.com\/ca\/wp-content\/uploads\/sites\/5\/2023\/07\/logo.svg","width":310,"height":24,"caption":"Glassupply.com"},"image":{"@id":"https:\/\/glassupply.com\/ca\/fr\/#\/schema\/logo\/image\/"}}]}},"_links":{"self":[{"href":"https:\/\/glassupply.com\/ca\/fr\/wp-json\/wp\/v2\/product\/2044","targetHints":{"allow":["GET"]}}],"collection":[{"href":"https:\/\/glassupply.com\/ca\/fr\/wp-json\/wp\/v2\/product"}],"about":[{"href":"https:\/\/glassupply.com\/ca\/fr\/wp-json\/wp\/v2\/types\/product"}],"replies":[{"embeddable":true,"href":"https:\/\/glassupply.com\/ca\/fr\/wp-json\/wp\/v2\/comments?post=2044"}],"wp:featuredmedia":[{"embeddable":true,"href":"https:\/\/glassupply.com\/ca\/fr\/wp-json\/wp\/v2\/media\/1858"}],"wp:attachment":[{"href":"https:\/\/glassupply.com\/ca\/fr\/wp-json\/wp\/v2\/media?parent=2044"}],"wp:term":[{"taxonomy":"product_brand","embeddable":true,"href":"https:\/\/glassupply.com\/ca\/fr\/wp-json\/wp\/v2\/product_brand?post=2044"},{"taxonomy":"product_cat","embeddable":true,"href":"https:\/\/glassupply.com\/ca\/fr\/wp-json\/wp\/v2\/product_cat?post=2044"},{"taxonomy":"product_tag","embeddable":true,"href":"https:\/\/glassupply.com\/ca\/fr\/wp-json\/wp\/v2\/product_tag?post=2044"}],"curies":[{"name":"wp","href":"https:\/\/api.w.org\/{rel}","templated":true}]}}