{"id":2100,"date":"2023-06-28T09:26:39","date_gmt":"2023-06-28T09:26:39","guid":{"rendered":"https:\/\/staging.glassupply.com\/ca\/product\/gs-round-handrail-tube\/"},"modified":"2026-02-12T07:42:21","modified_gmt":"2026-02-12T12:42:21","slug":"gs-round-handrail-tube","status":"publish","type":"product","link":"https:\/\/glassupply.com\/ca\/fr\/produit\/gs-round-handrail-tube\/","title":{"rendered":"GS Round Handrail Tube"},"content":{"rendered":"","protected":false},"excerpt":{"rendered":"<p><span style=\"font-weight: 400;\">Le tube de main courante ronde GS est un composant utilis\u00e9 dans un syst\u00e8me de garde-corps pour les escaliers, balcons ou autres zones n\u00e9cessitant une main courante.<\/span><\/p>\n<p><span style=\"font-weight: 400;\">Fabriqu\u00e9e avec des alliages en acier inoxydable 316 de la plus haute qualit\u00e9, notre main courante haut de gamme offre non seulement une r\u00e9sistance sup\u00e9rieure \u00e0 la corrosion, mais aussi une esth\u00e9tique in\u00e9gal\u00e9e qui rehaussera l&rsquo;apparence et la sensation de n&rsquo;importe quel projet. Que vous construisiez un espace de vie ext\u00e9rieur moderne ou une zone ext\u00e9rieure \u00e9l\u00e9gante et styl\u00e9e, notre main courante en acier inoxydable 316 est le choix id\u00e9al pour ceux qui recherchent durabilit\u00e9, fiabilit\u00e9 et attrait visuel. Gr\u00e2ce \u00e0 sa performance durable, \u00e0 ses faibles besoins d&rsquo;entretien et \u00e0 sa polyvalence exceptionnelle, notre main courante est la solution ultime pour tout projet exigeant des mat\u00e9riaux de la plus haute qualit\u00e9 tout en garantissant une performance durable, m\u00eame dans les environnements les plus difficiles.<\/span><\/p>\n<p><span style=\"font-weight: 400;\">Choisissez entre une finition en acier inoxydable poli (bross\u00e9) ou une finition noire mate lisse, appliqu\u00e9e par poudrage \u00e9lectrostatique et cuite au four pour une surface r\u00e9sistante aux rayures et prot\u00e9g\u00e9e contre les intemp\u00e9ries. Id\u00e9ale pour les applications int\u00e9rieures et ext\u00e9rieures, elle offre une excellente r\u00e9sistance \u00e0 la corrosion, ce qui la rend parfaite pour les structures expos\u00e9es \u00e0 un haut degr\u00e9 de corrosion, comme les r\u00e9gions c\u00f4ti\u00e8res et les environnements de piscine.<\/span><\/p>\n<p>&nbsp;<\/p>\n<table>\n<tbody>\n<tr>\n<td><b>Couleur\/Finition<\/b><\/td>\n<td><span style=\"font-weight: 400;\">Noir Mat, Acier Inoxydable Poli<\/span><\/td>\n<\/tr>\n<tr>\n<td><b>Mat\u00e9riau de Fabrication<\/b><\/td>\n<td><span style=\"font-weight: 400;\">Acier Inoxydable AISI 316<\/span><\/td>\n<\/tr>\n<tr>\n<td><b>Diam\u00e8tre<\/b><\/td>\n<td><span style=\"font-weight: 400;\">1-11\/16\u2033\u00a0<\/span><\/td>\n<\/tr>\n<tr>\n<td><b>Utilisation Recommand\u00e9e<\/b><\/td>\n<td><span style=\"font-weight: 400;\">Int\u00e9rieur, Ext\u00e9rieur<\/span><\/td>\n<\/tr>\n<tr>\n<td><b>Type de Montage<\/b><\/td>\n<td><span style=\"font-weight: 400;\">Montage par Support<\/span><\/td>\n<\/tr>\n<\/tbody>\n<\/table>\n<p>&nbsp;<\/p>\n<p><b>Instructions :<\/b><\/p>\n<p><span style=\"font-weight: 400;\">La longueur standard de notre main courante est de 98\u201d (248,9 cm). Pour les commandes en ligne standards, la longueur maximale d&rsquo;exp\u00e9dition est de 98\u201d (emball\u00e9e dans un tube en carton). La main courante est vendue en deux tailles diff\u00e9rentes : 49\u201d (demi-longueur) ou 98\u201d (longueur compl\u00e8te).<\/span><\/p>\n<p><span style=\"font-weight: 400;\">Par exemple : si la quantit\u00e9 s\u00e9lectionn\u00e9e = 1<\/span><\/p>\n<p><span style=\"font-weight: 400;\">et si la longueur s\u00e9lectionn\u00e9e = 49\u201d<\/span><\/p>\n<p><span style=\"font-weight: 400;\">Vous recevrez 1 x pi\u00e8ce de 49\u201d de main courante<\/span><\/p>\n<p><span style=\"font-weight: 400;\">Si vous avez besoin de grandes quantit\u00e9s, veuillez nous contacter, nous \u00e9tablirons un devis manuel pour la quincaillerie et les frais d&rsquo;exp\u00e9dition.<\/span><\/p>\n","protected":false},"featured_media":1836,"comment_status":"closed","ping_status":"closed","template":"","meta":{"_acf_changed":false,"inline_featured_image":false},"product_brand":[],"product_cat":[71,129],"product_tag":[],"class_list":{"0":"post-2100","1":"product","2":"type-product","3":"status-publish","4":"has-post-thumbnail","6":"product_cat-glass-fence-railing-hardware-fr","7":"product_cat-handrail-fr","9":"first","10":"instock","11":"taxable","12":"shipping-taxable","13":"purchasable","14":"product-type-variable","15":"has-default-attributes"},"acf":[],"yoast_head":"<!-- This site is optimized with the Yoast SEO plugin v26.9 - https:\/\/yoast.com\/product\/yoast-seo-wordpress\/ -->\n<title>GS Round Handrail Tube - Glassupply (CA)<\/title>\n<meta name=\"robots\" content=\"index, follow, max-snippet:-1, max-image-preview:large, max-video-preview:-1\" \/>\n<link rel=\"canonical\" href=\"https:\/\/glassupply.com\/ca\/fr\/produit\/gs-round-handrail-tube\/\" \/>\n<meta property=\"og:locale\" content=\"fr_CA\" \/>\n<meta property=\"og:type\" content=\"article\" \/>\n<meta property=\"og:title\" content=\"GS Round Handrail Tube - Glassupply (CA)\" \/>\n<meta property=\"og:description\" content=\"Le tube de main courante ronde GS est un composant utilis\u00e9 dans un syst\u00e8me de garde-corps pour les escaliers, balcons ou autres zones n\u00e9cessitant une main courante.  Fabriqu\u00e9e avec des alliages en acier inoxydable 316 de la plus haute qualit\u00e9, notre main courante haut de gamme offre non seulement une r\u00e9sistance sup\u00e9rieure \u00e0 la corrosion, mais aussi une esth\u00e9tique in\u00e9gal\u00e9e qui rehaussera l&#039;apparence et la sensation de n&#039;importe quel projet. Que vous construisiez un espace de vie ext\u00e9rieur moderne ou une zone ext\u00e9rieure \u00e9l\u00e9gante et styl\u00e9e, notre main courante en acier inoxydable 316 est le choix id\u00e9al pour ceux qui recherchent durabilit\u00e9, fiabilit\u00e9 et attrait visuel. Gr\u00e2ce \u00e0 sa performance durable, \u00e0 ses faibles besoins d&#039;entretien et \u00e0 sa polyvalence exceptionnelle, notre main courante est la solution ultime pour tout projet exigeant des mat\u00e9riaux de la plus haute qualit\u00e9 tout en garantissant une performance durable, m\u00eame dans les environnements les plus difficiles.  Choisissez entre une finition en acier inoxydable poli (bross\u00e9) ou une finition noire mate lisse, appliqu\u00e9e par poudrage \u00e9lectrostatique et cuite au four pour une surface r\u00e9sistante aux rayures et prot\u00e9g\u00e9e contre les intemp\u00e9ries. Id\u00e9ale pour les applications int\u00e9rieures et ext\u00e9rieures, elle offre une excellente r\u00e9sistance \u00e0 la corrosion, ce qui la rend parfaite pour les structures expos\u00e9es \u00e0 un haut degr\u00e9 de corrosion, comme les r\u00e9gions c\u00f4ti\u00e8res et les environnements de piscine.  &nbsp;    Couleur\/Finition Noir Mat, Acier Inoxydable Poli   Mat\u00e9riau de Fabrication Acier Inoxydable AISI 316   Diam\u00e8tre 1-11\/16\u2033\u00a0   Utilisation Recommand\u00e9e Int\u00e9rieur, Ext\u00e9rieur   Type de Montage Montage par Support    &nbsp;  Instructions :  La longueur standard de notre main courante est de 98\u201d (248,9 cm). Pour les commandes en ligne standards, la longueur maximale d&#039;exp\u00e9dition est de 98\u201d (emball\u00e9e dans un tube en carton). La main courante est vendue en deux tailles diff\u00e9rentes : 49\u201d (demi-longueur) ou 98\u201d (longueur compl\u00e8te).  Par exemple : si la quantit\u00e9 s\u00e9lectionn\u00e9e = 1  et si la longueur s\u00e9lectionn\u00e9e = 49\u201d  Vous recevrez 1 x pi\u00e8ce de 49\u201d de main courante  Si vous avez besoin de grandes quantit\u00e9s, veuillez nous contacter, nous \u00e9tablirons un devis manuel pour la quincaillerie et les frais d&#039;exp\u00e9dition.\" \/>\n<meta property=\"og:url\" content=\"https:\/\/glassupply.com\/ca\/fr\/produit\/gs-round-handrail-tube\/\" \/>\n<meta property=\"og:site_name\" content=\"Glassupply (CA)\" \/>\n<meta property=\"article:modified_time\" content=\"2026-02-12T12:42:21+00:00\" \/>\n<meta property=\"og:image\" content=\"https:\/\/glassupply.com\/ca\/wp-content\/uploads\/sites\/5\/2023\/06\/R-HR-RTSS-Product-Image.webp\" \/>\n\t<meta property=\"og:image:width\" content=\"1500\" \/>\n\t<meta property=\"og:image:height\" content=\"1500\" \/>\n\t<meta property=\"og:image:type\" content=\"image\/webp\" \/>\n<meta name=\"twitter:card\" content=\"summary_large_image\" \/>\n<meta name=\"twitter:label1\" content=\"Est. reading time\" \/>\n\t<meta name=\"twitter:data1\" content=\"1 minute\" \/>\n<script type=\"application\/ld+json\" class=\"yoast-schema-graph\">{\"@context\":\"https:\/\/schema.org\",\"@graph\":[{\"@type\":\"WebPage\",\"@id\":\"https:\/\/glassupply.com\/ca\/fr\/produit\/gs-round-handrail-tube\/\",\"url\":\"https:\/\/glassupply.com\/ca\/fr\/produit\/gs-round-handrail-tube\/\",\"name\":\"GS Round Handrail Tube - Glassupply (CA)\",\"isPartOf\":{\"@id\":\"https:\/\/glassupply.com\/ca\/fr\/#website\"},\"primaryImageOfPage\":{\"@id\":\"https:\/\/glassupply.com\/ca\/fr\/produit\/gs-round-handrail-tube\/#primaryimage\"},\"image\":{\"@id\":\"https:\/\/glassupply.com\/ca\/fr\/produit\/gs-round-handrail-tube\/#primaryimage\"},\"thumbnailUrl\":\"https:\/\/glassupply.com\/ca\/wp-content\/uploads\/sites\/5\/2023\/06\/R-HR-RTSS-Product-Image.webp\",\"datePublished\":\"2023-06-28T09:26:39+00:00\",\"dateModified\":\"2026-02-12T12:42:21+00:00\",\"breadcrumb\":{\"@id\":\"https:\/\/glassupply.com\/ca\/fr\/produit\/gs-round-handrail-tube\/#breadcrumb\"},\"inLanguage\":\"fr-FR\",\"potentialAction\":[{\"@type\":\"ReadAction\",\"target\":[\"https:\/\/glassupply.com\/ca\/fr\/produit\/gs-round-handrail-tube\/\"]}]},{\"@type\":\"ImageObject\",\"inLanguage\":\"fr-FR\",\"@id\":\"https:\/\/glassupply.com\/ca\/fr\/produit\/gs-round-handrail-tube\/#primaryimage\",\"url\":\"https:\/\/glassupply.com\/ca\/wp-content\/uploads\/sites\/5\/2023\/06\/R-HR-RTSS-Product-Image.webp\",\"contentUrl\":\"https:\/\/glassupply.com\/ca\/wp-content\/uploads\/sites\/5\/2023\/06\/R-HR-RTSS-Product-Image.webp\",\"width\":1500,\"height\":1500},{\"@type\":\"BreadcrumbList\",\"@id\":\"https:\/\/glassupply.com\/ca\/fr\/produit\/gs-round-handrail-tube\/#breadcrumb\",\"itemListElement\":[{\"@type\":\"ListItem\",\"position\":1,\"name\":\"Home\",\"item\":\"https:\/\/glassupply.com\/ca\/fr\/\"},{\"@type\":\"ListItem\",\"position\":2,\"name\":\"Shop\",\"item\":\"https:\/\/glassupply.com\/ca\/fr\/shop\/\"},{\"@type\":\"ListItem\",\"position\":3,\"name\":\"GS Round Handrail Tube\"}]},{\"@type\":\"WebSite\",\"@id\":\"https:\/\/glassupply.com\/ca\/fr\/#website\",\"url\":\"https:\/\/glassupply.com\/ca\/fr\/\",\"name\":\"Glassupply.com\",\"description\":\"From the manufacturer to your doorstep\",\"publisher\":{\"@id\":\"https:\/\/glassupply.com\/ca\/fr\/#organization\"},\"potentialAction\":[{\"@type\":\"SearchAction\",\"target\":{\"@type\":\"EntryPoint\",\"urlTemplate\":\"https:\/\/glassupply.com\/ca\/fr\/?s={search_term_string}\"},\"query-input\":{\"@type\":\"PropertyValueSpecification\",\"valueRequired\":true,\"valueName\":\"search_term_string\"}}],\"inLanguage\":\"fr-FR\"},{\"@type\":\"Organization\",\"@id\":\"https:\/\/glassupply.com\/ca\/fr\/#organization\",\"name\":\"Glassupply.com\",\"url\":\"https:\/\/glassupply.com\/ca\/fr\/\",\"logo\":{\"@type\":\"ImageObject\",\"inLanguage\":\"fr-FR\",\"@id\":\"https:\/\/glassupply.com\/ca\/fr\/#\/schema\/logo\/image\/\",\"url\":\"https:\/\/staging.glassupply.com\/ca\/wp-content\/uploads\/sites\/5\/2023\/07\/logo.svg\",\"contentUrl\":\"https:\/\/staging.glassupply.com\/ca\/wp-content\/uploads\/sites\/5\/2023\/07\/logo.svg\",\"width\":310,\"height\":24,\"caption\":\"Glassupply.com\"},\"image\":{\"@id\":\"https:\/\/glassupply.com\/ca\/fr\/#\/schema\/logo\/image\/\"}}]}<\/script>\n<!-- \/ Yoast SEO plugin. -->","yoast_head_json":{"title":"GS Round Handrail Tube - Glassupply (CA)","robots":{"index":"index","follow":"follow","max-snippet":"max-snippet:-1","max-image-preview":"max-image-preview:large","max-video-preview":"max-video-preview:-1"},"canonical":"https:\/\/glassupply.com\/ca\/fr\/produit\/gs-round-handrail-tube\/","og_locale":"fr_CA","og_type":"article","og_title":"GS Round Handrail Tube - Glassupply (CA)","og_description":"Le tube de main courante ronde GS est un composant utilis\u00e9 dans un syst\u00e8me de garde-corps pour les escaliers, balcons ou autres zones n\u00e9cessitant une main courante.  Fabriqu\u00e9e avec des alliages en acier inoxydable 316 de la plus haute qualit\u00e9, notre main courante haut de gamme offre non seulement une r\u00e9sistance sup\u00e9rieure \u00e0 la corrosion, mais aussi une esth\u00e9tique in\u00e9gal\u00e9e qui rehaussera l'apparence et la sensation de n'importe quel projet. Que vous construisiez un espace de vie ext\u00e9rieur moderne ou une zone ext\u00e9rieure \u00e9l\u00e9gante et styl\u00e9e, notre main courante en acier inoxydable 316 est le choix id\u00e9al pour ceux qui recherchent durabilit\u00e9, fiabilit\u00e9 et attrait visuel. Gr\u00e2ce \u00e0 sa performance durable, \u00e0 ses faibles besoins d'entretien et \u00e0 sa polyvalence exceptionnelle, notre main courante est la solution ultime pour tout projet exigeant des mat\u00e9riaux de la plus haute qualit\u00e9 tout en garantissant une performance durable, m\u00eame dans les environnements les plus difficiles.  Choisissez entre une finition en acier inoxydable poli (bross\u00e9) ou une finition noire mate lisse, appliqu\u00e9e par poudrage \u00e9lectrostatique et cuite au four pour une surface r\u00e9sistante aux rayures et prot\u00e9g\u00e9e contre les intemp\u00e9ries. Id\u00e9ale pour les applications int\u00e9rieures et ext\u00e9rieures, elle offre une excellente r\u00e9sistance \u00e0 la corrosion, ce qui la rend parfaite pour les structures expos\u00e9es \u00e0 un haut degr\u00e9 de corrosion, comme les r\u00e9gions c\u00f4ti\u00e8res et les environnements de piscine.  &nbsp;    Couleur\/Finition Noir Mat, Acier Inoxydable Poli   Mat\u00e9riau de Fabrication Acier Inoxydable AISI 316   Diam\u00e8tre 1-11\/16\u2033\u00a0   Utilisation Recommand\u00e9e Int\u00e9rieur, Ext\u00e9rieur   Type de Montage Montage par Support    &nbsp;  Instructions :  La longueur standard de notre main courante est de 98\u201d (248,9 cm). Pour les commandes en ligne standards, la longueur maximale d'exp\u00e9dition est de 98\u201d (emball\u00e9e dans un tube en carton). La main courante est vendue en deux tailles diff\u00e9rentes : 49\u201d (demi-longueur) ou 98\u201d (longueur compl\u00e8te).  Par exemple : si la quantit\u00e9 s\u00e9lectionn\u00e9e = 1  et si la longueur s\u00e9lectionn\u00e9e = 49\u201d  Vous recevrez 1 x pi\u00e8ce de 49\u201d de main courante  Si vous avez besoin de grandes quantit\u00e9s, veuillez nous contacter, nous \u00e9tablirons un devis manuel pour la quincaillerie et les frais d'exp\u00e9dition.","og_url":"https:\/\/glassupply.com\/ca\/fr\/produit\/gs-round-handrail-tube\/","og_site_name":"Glassupply (CA)","article_modified_time":"2026-02-12T12:42:21+00:00","og_image":[{"width":1500,"height":1500,"url":"https:\/\/glassupply.com\/ca\/wp-content\/uploads\/sites\/5\/2023\/06\/R-HR-RTSS-Product-Image.webp","type":"image\/webp"}],"twitter_card":"summary_large_image","twitter_misc":{"Est. reading time":"1 minute"},"schema":{"@context":"https:\/\/schema.org","@graph":[{"@type":"WebPage","@id":"https:\/\/glassupply.com\/ca\/fr\/produit\/gs-round-handrail-tube\/","url":"https:\/\/glassupply.com\/ca\/fr\/produit\/gs-round-handrail-tube\/","name":"GS Round Handrail Tube - Glassupply (CA)","isPartOf":{"@id":"https:\/\/glassupply.com\/ca\/fr\/#website"},"primaryImageOfPage":{"@id":"https:\/\/glassupply.com\/ca\/fr\/produit\/gs-round-handrail-tube\/#primaryimage"},"image":{"@id":"https:\/\/glassupply.com\/ca\/fr\/produit\/gs-round-handrail-tube\/#primaryimage"},"thumbnailUrl":"https:\/\/glassupply.com\/ca\/wp-content\/uploads\/sites\/5\/2023\/06\/R-HR-RTSS-Product-Image.webp","datePublished":"2023-06-28T09:26:39+00:00","dateModified":"2026-02-12T12:42:21+00:00","breadcrumb":{"@id":"https:\/\/glassupply.com\/ca\/fr\/produit\/gs-round-handrail-tube\/#breadcrumb"},"inLanguage":"fr-FR","potentialAction":[{"@type":"ReadAction","target":["https:\/\/glassupply.com\/ca\/fr\/produit\/gs-round-handrail-tube\/"]}]},{"@type":"ImageObject","inLanguage":"fr-FR","@id":"https:\/\/glassupply.com\/ca\/fr\/produit\/gs-round-handrail-tube\/#primaryimage","url":"https:\/\/glassupply.com\/ca\/wp-content\/uploads\/sites\/5\/2023\/06\/R-HR-RTSS-Product-Image.webp","contentUrl":"https:\/\/glassupply.com\/ca\/wp-content\/uploads\/sites\/5\/2023\/06\/R-HR-RTSS-Product-Image.webp","width":1500,"height":1500},{"@type":"BreadcrumbList","@id":"https:\/\/glassupply.com\/ca\/fr\/produit\/gs-round-handrail-tube\/#breadcrumb","itemListElement":[{"@type":"ListItem","position":1,"name":"Home","item":"https:\/\/glassupply.com\/ca\/fr\/"},{"@type":"ListItem","position":2,"name":"Shop","item":"https:\/\/glassupply.com\/ca\/fr\/shop\/"},{"@type":"ListItem","position":3,"name":"GS Round Handrail Tube"}]},{"@type":"WebSite","@id":"https:\/\/glassupply.com\/ca\/fr\/#website","url":"https:\/\/glassupply.com\/ca\/fr\/","name":"Glassupply.com","description":"From the manufacturer to your doorstep","publisher":{"@id":"https:\/\/glassupply.com\/ca\/fr\/#organization"},"potentialAction":[{"@type":"SearchAction","target":{"@type":"EntryPoint","urlTemplate":"https:\/\/glassupply.com\/ca\/fr\/?s={search_term_string}"},"query-input":{"@type":"PropertyValueSpecification","valueRequired":true,"valueName":"search_term_string"}}],"inLanguage":"fr-FR"},{"@type":"Organization","@id":"https:\/\/glassupply.com\/ca\/fr\/#organization","name":"Glassupply.com","url":"https:\/\/glassupply.com\/ca\/fr\/","logo":{"@type":"ImageObject","inLanguage":"fr-FR","@id":"https:\/\/glassupply.com\/ca\/fr\/#\/schema\/logo\/image\/","url":"https:\/\/staging.glassupply.com\/ca\/wp-content\/uploads\/sites\/5\/2023\/07\/logo.svg","contentUrl":"https:\/\/staging.glassupply.com\/ca\/wp-content\/uploads\/sites\/5\/2023\/07\/logo.svg","width":310,"height":24,"caption":"Glassupply.com"},"image":{"@id":"https:\/\/glassupply.com\/ca\/fr\/#\/schema\/logo\/image\/"}}]}},"_links":{"self":[{"href":"https:\/\/glassupply.com\/ca\/fr\/wp-json\/wp\/v2\/product\/2100","targetHints":{"allow":["GET"]}}],"collection":[{"href":"https:\/\/glassupply.com\/ca\/fr\/wp-json\/wp\/v2\/product"}],"about":[{"href":"https:\/\/glassupply.com\/ca\/fr\/wp-json\/wp\/v2\/types\/product"}],"replies":[{"embeddable":true,"href":"https:\/\/glassupply.com\/ca\/fr\/wp-json\/wp\/v2\/comments?post=2100"}],"wp:featuredmedia":[{"embeddable":true,"href":"https:\/\/glassupply.com\/ca\/fr\/wp-json\/wp\/v2\/media\/1836"}],"wp:attachment":[{"href":"https:\/\/glassupply.com\/ca\/fr\/wp-json\/wp\/v2\/media?parent=2100"}],"wp:term":[{"taxonomy":"product_brand","embeddable":true,"href":"https:\/\/glassupply.com\/ca\/fr\/wp-json\/wp\/v2\/product_brand?post=2100"},{"taxonomy":"product_cat","embeddable":true,"href":"https:\/\/glassupply.com\/ca\/fr\/wp-json\/wp\/v2\/product_cat?post=2100"},{"taxonomy":"product_tag","embeddable":true,"href":"https:\/\/glassupply.com\/ca\/fr\/wp-json\/wp\/v2\/product_tag?post=2100"}],"curies":[{"name":"wp","href":"https:\/\/api.w.org\/{rel}","templated":true}]}}