{"id":2134,"date":"2023-06-28T09:26:38","date_gmt":"2023-06-28T14:26:38","guid":{"rendered":"https:\/\/staging.glassupply.com\/ca\/product\/45-wall-mount-support-bar\/"},"modified":"2025-06-05T09:32:36","modified_gmt":"2025-06-05T14:32:36","slug":"45-wall-mount-support-bar","status":"publish","type":"product","link":"https:\/\/glassupply.com\/ca\/fr\/produit\/45-wall-mount-support-bar\/","title":{"rendered":"45\u00b0 Wall Mount Support Bar"},"content":{"rendered":"","protected":false},"excerpt":{"rendered":"<p><span style=\"font-weight: 400;\">La barre de renfort murale \u00e0 45\u00b0 est con\u00e7ue pour offrir une stabilit\u00e9 suppl\u00e9mentaire aux panneaux de verre fixes dans les cabines de douche ou autres installations similaires. Elle peut \u00eatre mont\u00e9e \u00e0 un angle de 45 degr\u00e9s sur un mur et convient aux panneaux en verre d\u2019une \u00e9paisseur de 5\/16\u201d (8 mm) \u00e0 1\/2\u201d (12 mm).<\/span><\/p>\n<p><span style=\"font-weight: 400;\">Cette barre de renfort haut de gamme pr\u00e9sente un design de base moderne c\u00f4t\u00e9 mur et une extr\u00e9mit\u00e9 en forme de U pivotante qui permet de fixer le panneau de verre. Des vis de serrage avec embout en nylon sont incluses pour \u00e9viter tout contact entre le verre et le m\u00e9tal, tout en maintenant fermement le panneau en place. Aucun per\u00e7age ou d\u00e9coupe du verre n\u2019est n\u00e9cessaire pour l\u2019installation de cette barre de renfort.<\/span><\/p>\n<p><span style=\"font-weight: 400;\">Ce produit est une solution pratique et \u00e9l\u00e9gante pour toute installation de douche visant \u00e0 obtenir un aspect totalement sans cadre tout en assurant un bon niveau de stabilit\u00e9.<\/span><\/p>\n<p><span style=\"font-weight: 400;\">Vendu en longueur de 51\u201d (1,3 m), \u00e0 d\u00e9couper sur site. Les vis et chevilles en plastique pour la fixation murale sont incluses dans le kit.<\/span><\/p>\n<p><span style=\"font-weight: 400;\">Notre proc\u00e9d\u00e9 de finition pour la quincaillerie de douche comprend trois m\u00e9thodes d\u2019application diff\u00e9rentes, chacune offrant une finition durable, r\u00e9sistante \u00e0 la corrosion et esth\u00e9tiquement attrayante. Ces m\u00e9thodes incluent l\u2019\u00e9lectrophor\u00e8se (Noir Mat), le chromage (Chrome) et le nickelage (Nickel Bross\u00e9). Quelle que soit l\u2019option choisie, notre proc\u00e9d\u00e9 de finition garantit une apparence belle et durable qui respecte les normes les plus \u00e9lev\u00e9es de l\u2019industrie en mati\u00e8re de qualit\u00e9 et de performance, tout en offrant une excellente esth\u00e9tique.<\/span><\/p>\n<h2><b>LE KIT COMPREND<\/b><\/h2>\n<table>\n<tbody>\n<tr>\n<td><b>Produit<\/b><\/td>\n<td><b>SKU<\/b><\/td>\n<td><b>Qt\u00e9<\/b><\/td>\n<\/tr>\n<tr>\n<td><b>Tube de renfort<\/b><\/td>\n<td><span style=\"font-weight: 400;\">S-SB-TXX<\/span><\/td>\n<td><span style=\"font-weight: 400;\">1<\/span><\/td>\n<\/tr>\n<tr>\n<td><b>Support de barre de renfort<\/b><\/td>\n<td><span style=\"font-weight: 400;\">S-SB-UBXX<\/span><\/td>\n<td><span style=\"font-weight: 400;\">1<\/span><\/td>\n<\/tr>\n<tr>\n<td><b>Support mural 45\u00b0 pour barre de renfort<\/b><\/td>\n<td><span style=\"font-weight: 400;\">S-SB-WM45XX<\/span><\/td>\n<td><span style=\"font-weight: 400;\">1<\/span><\/td>\n<\/tr>\n<tr>\n<td><b>Vis, chevilles murales en plastique<\/b><\/td>\n<td><span style=\"font-weight: 400;\">S-SB-MISC<\/span><\/td>\n<td><span style=\"font-weight: 400;\">1<\/span><\/td>\n<\/tr>\n<\/tbody>\n<\/table>\n<h2><b>SP\u00c9CIFICATIONS TECHNIQUES<\/b><\/h2>\n<table>\n<tbody>\n<tr>\n<td><b>\u00c9paisseur du verre de s\u00e9curit\u00e9<\/b><\/td>\n<td><span style=\"font-weight: 400;\">5\/16\u201d (8 mm) \u00e0 1\/2\u201d (12 mm)<\/span><\/td>\n<\/tr>\n<tr>\n<td><b>Couleur\/Finition<\/b><\/td>\n<td><span style=\"font-weight: 400;\">Chrome, Nickel Bross\u00e9, Noir Mat<\/span><\/td>\n<\/tr>\n<tr>\n<td><b>Mat\u00e9riau de fabrication<\/b><\/td>\n<td><span style=\"font-weight: 400;\">Acier inoxydable<\/span><\/td>\n<\/tr>\n<\/tbody>\n<\/table>\n","protected":false},"featured_media":6158,"comment_status":"closed","ping_status":"closed","template":"","meta":{"_acf_changed":false,"inline_featured_image":false},"product_brand":[],"product_cat":[73],"product_tag":[],"class_list":{"0":"post-2134","1":"product","2":"type-product","3":"status-publish","4":"has-post-thumbnail","6":"product_cat-shower-hardware-fr","8":"first","9":"instock","10":"taxable","11":"shipping-taxable","12":"purchasable","13":"product-type-variable","14":"has-default-attributes"},"acf":[],"yoast_head":"<!-- This site is optimized with the Yoast SEO Premium plugin v27.4 (Yoast SEO v27.4) - https:\/\/yoast.com\/product\/yoast-seo-premium-wordpress\/ -->\n<title>45\u00b0 Wall Mount Support Bar - Glassupply (CA)<\/title>\n<meta name=\"robots\" content=\"index, follow, max-snippet:-1, max-image-preview:large, max-video-preview:-1\" \/>\n<link rel=\"canonical\" href=\"https:\/\/glassupply.com\/ca\/fr\/produit\/45-wall-mount-support-bar\/\" \/>\n<meta property=\"og:locale\" content=\"fr_CA\" \/>\n<meta property=\"og:type\" content=\"article\" \/>\n<meta property=\"og:title\" content=\"45\u00b0 Wall Mount Support Bar\" \/>\n<meta property=\"og:description\" content=\"La barre de renfort murale \u00e0 45\u00b0 est con\u00e7ue pour offrir une stabilit\u00e9 suppl\u00e9mentaire aux panneaux de verre fixes dans les cabines de douche ou autres installations similaires. Elle peut \u00eatre mont\u00e9e \u00e0 un angle de 45 degr\u00e9s sur un mur et convient aux panneaux en verre d\u2019une \u00e9paisseur de 5\/16\u201d (8 mm) \u00e0 1\/2\u201d (12 mm).  Cette barre de renfort haut de gamme pr\u00e9sente un design de base moderne c\u00f4t\u00e9 mur et une extr\u00e9mit\u00e9 en forme de U pivotante qui permet de fixer le panneau de verre. Des vis de serrage avec embout en nylon sont incluses pour \u00e9viter tout contact entre le verre et le m\u00e9tal, tout en maintenant fermement le panneau en place. Aucun per\u00e7age ou d\u00e9coupe du verre n\u2019est n\u00e9cessaire pour l\u2019installation de cette barre de renfort.  Ce produit est une solution pratique et \u00e9l\u00e9gante pour toute installation de douche visant \u00e0 obtenir un aspect totalement sans cadre tout en assurant un bon niveau de stabilit\u00e9.  Vendu en longueur de 51\u201d (1,3 m), \u00e0 d\u00e9couper sur site. Les vis et chevilles en plastique pour la fixation murale sont incluses dans le kit.  Notre proc\u00e9d\u00e9 de finition pour la quincaillerie de douche comprend trois m\u00e9thodes d\u2019application diff\u00e9rentes, chacune offrant une finition durable, r\u00e9sistante \u00e0 la corrosion et esth\u00e9tiquement attrayante. Ces m\u00e9thodes incluent l\u2019\u00e9lectrophor\u00e8se (Noir Mat), le chromage (Chrome) et le nickelage (Nickel Bross\u00e9). Quelle que soit l\u2019option choisie, notre proc\u00e9d\u00e9 de finition garantit une apparence belle et durable qui respecte les normes les plus \u00e9lev\u00e9es de l\u2019industrie en mati\u00e8re de qualit\u00e9 et de performance, tout en offrant une excellente esth\u00e9tique. LE KIT COMPREND    Produit SKU Qt\u00e9   Tube de renfort S-SB-TXX 1   Support de barre de renfort S-SB-UBXX 1   Support mural 45\u00b0 pour barre de renfort S-SB-WM45XX 1   Vis, chevilles murales en plastique S-SB-MISC 1    SP\u00c9CIFICATIONS TECHNIQUES    \u00c9paisseur du verre de s\u00e9curit\u00e9 5\/16\u201d (8 mm) \u00e0 1\/2\u201d (12 mm)   Couleur\/Finition Chrome, Nickel Bross\u00e9, Noir Mat   Mat\u00e9riau de fabrication Acier inoxydable\" \/>\n<meta property=\"og:url\" content=\"https:\/\/glassupply.com\/ca\/fr\/produit\/45-wall-mount-support-bar\/\" \/>\n<meta property=\"og:site_name\" content=\"Glassupply (CA)\" \/>\n<meta property=\"article:modified_time\" content=\"2025-06-05T14:32:36+00:00\" \/>\n<meta property=\"og:image\" content=\"https:\/\/glassupply.com\/ca\/wp-content\/uploads\/sites\/5\/2024\/04\/S-SB-KSB45CH.webp\" \/>\n\t<meta property=\"og:image:width\" content=\"2000\" \/>\n\t<meta property=\"og:image:height\" content=\"2000\" \/>\n\t<meta property=\"og:image:type\" content=\"image\/webp\" \/>\n<meta name=\"twitter:card\" content=\"summary_large_image\" \/>\n<meta name=\"twitter:label1\" content=\"Availability\" \/>\n\t<meta name=\"twitter:data1\" content=\"In stock\" \/>\n<script type=\"application\/ld+json\" class=\"yoast-schema-graph\">{\"@context\":\"https:\\\/\\\/schema.org\",\"@graph\":[{\"@type\":\"WebPage\",\"@id\":\"https:\\\/\\\/glassupply.com\\\/ca\\\/fr\\\/produit\\\/45-wall-mount-support-bar\\\/\",\"url\":\"https:\\\/\\\/glassupply.com\\\/ca\\\/fr\\\/produit\\\/45-wall-mount-support-bar\\\/\",\"name\":\"45\u00b0 Wall Mount Support Bar - Glassupply (CA)\",\"isPartOf\":{\"@id\":\"https:\\\/\\\/glassupply.com\\\/ca\\\/fr\\\/#website\"},\"primaryImageOfPage\":{\"@id\":\"https:\\\/\\\/glassupply.com\\\/ca\\\/fr\\\/produit\\\/45-wall-mount-support-bar\\\/#primaryimage\"},\"image\":{\"@id\":\"https:\\\/\\\/glassupply.com\\\/ca\\\/fr\\\/produit\\\/45-wall-mount-support-bar\\\/#primaryimage\"},\"thumbnailUrl\":\"https:\\\/\\\/glassupply.com\\\/ca\\\/wp-content\\\/uploads\\\/sites\\\/5\\\/2024\\\/04\\\/S-SB-KSB45CH.webp\",\"datePublished\":\"2023-06-28T14:26:38+00:00\",\"dateModified\":\"2025-06-05T14:32:36+00:00\",\"breadcrumb\":{\"@id\":\"https:\\\/\\\/glassupply.com\\\/ca\\\/fr\\\/produit\\\/45-wall-mount-support-bar\\\/#breadcrumb\"},\"inLanguage\":\"fr-FR\",\"potentialAction\":[{\"@type\":\"ReadAction\",\"target\":[\"https:\\\/\\\/glassupply.com\\\/ca\\\/fr\\\/produit\\\/45-wall-mount-support-bar\\\/\"]}]},{\"@type\":\"ImageObject\",\"inLanguage\":\"fr-FR\",\"@id\":\"https:\\\/\\\/glassupply.com\\\/ca\\\/fr\\\/produit\\\/45-wall-mount-support-bar\\\/#primaryimage\",\"url\":\"https:\\\/\\\/glassupply.com\\\/ca\\\/wp-content\\\/uploads\\\/sites\\\/5\\\/2024\\\/04\\\/S-SB-KSB45CH.webp\",\"contentUrl\":\"https:\\\/\\\/glassupply.com\\\/ca\\\/wp-content\\\/uploads\\\/sites\\\/5\\\/2024\\\/04\\\/S-SB-KSB45CH.webp\",\"width\":2000,\"height\":2000},{\"@type\":\"BreadcrumbList\",\"@id\":\"https:\\\/\\\/glassupply.com\\\/ca\\\/fr\\\/produit\\\/45-wall-mount-support-bar\\\/#breadcrumb\",\"itemListElement\":[{\"@type\":\"ListItem\",\"position\":1,\"name\":\"Home\",\"item\":\"https:\\\/\\\/glassupply.com\\\/ca\\\/fr\\\/\"},{\"@type\":\"ListItem\",\"position\":2,\"name\":\"Shop\",\"item\":\"https:\\\/\\\/glassupply.com\\\/ca\\\/fr\\\/shop\\\/\"},{\"@type\":\"ListItem\",\"position\":3,\"name\":\"45\u00b0 Wall Mount Support Bar\"}]},{\"@type\":\"WebSite\",\"@id\":\"https:\\\/\\\/glassupply.com\\\/ca\\\/fr\\\/#website\",\"url\":\"https:\\\/\\\/glassupply.com\\\/ca\\\/fr\\\/\",\"name\":\"Glassupply.com\",\"description\":\"From the manufacturer to your doorstep\",\"publisher\":{\"@id\":\"https:\\\/\\\/glassupply.com\\\/ca\\\/fr\\\/#organization\"},\"potentialAction\":[{\"@type\":\"SearchAction\",\"target\":{\"@type\":\"EntryPoint\",\"urlTemplate\":\"https:\\\/\\\/glassupply.com\\\/ca\\\/fr\\\/?s={search_term_string}\"},\"query-input\":{\"@type\":\"PropertyValueSpecification\",\"valueRequired\":true,\"valueName\":\"search_term_string\"}}],\"inLanguage\":\"fr-FR\"},{\"@type\":[\"Organization\",\"Place\"],\"@id\":\"https:\\\/\\\/glassupply.com\\\/ca\\\/fr\\\/#organization\",\"name\":\"Glassupply.com\",\"url\":\"https:\\\/\\\/glassupply.com\\\/ca\\\/fr\\\/\",\"logo\":{\"@id\":\"https:\\\/\\\/glassupply.com\\\/ca\\\/fr\\\/produit\\\/45-wall-mount-support-bar\\\/#local-main-organization-logo\"},\"image\":{\"@id\":\"https:\\\/\\\/glassupply.com\\\/ca\\\/fr\\\/produit\\\/45-wall-mount-support-bar\\\/#local-main-organization-logo\"},\"telephone\":[],\"openingHoursSpecification\":[{\"@type\":\"OpeningHoursSpecification\",\"dayOfWeek\":[\"Monday\",\"Tuesday\",\"Wednesday\",\"Thursday\",\"Friday\",\"Saturday\",\"Sunday\"],\"opens\":\"09:00\",\"closes\":\"17:00\"}]},{\"@type\":\"ImageObject\",\"inLanguage\":\"fr-FR\",\"@id\":\"https:\\\/\\\/glassupply.com\\\/ca\\\/fr\\\/produit\\\/45-wall-mount-support-bar\\\/#local-main-organization-logo\",\"url\":\"https:\\\/\\\/glassupply.com\\\/ca\\\/wp-content\\\/uploads\\\/sites\\\/5\\\/2023\\\/07\\\/logo.svg\",\"contentUrl\":\"https:\\\/\\\/glassupply.com\\\/ca\\\/wp-content\\\/uploads\\\/sites\\\/5\\\/2023\\\/07\\\/logo.svg\",\"width\":310,\"height\":24,\"caption\":\"Glassupply.com\"}]}<\/script>\n<meta property=\"og:availability\" content=\"instock\" \/>\n<meta property=\"product:availability\" content=\"instock\" \/>\n<meta property=\"product:condition\" content=\"new\" \/>\n<!-- \/ Yoast SEO Premium plugin. -->","yoast_head_json":{"title":"45\u00b0 Wall Mount Support Bar - Glassupply (CA)","robots":{"index":"index","follow":"follow","max-snippet":"max-snippet:-1","max-image-preview":"max-image-preview:large","max-video-preview":"max-video-preview:-1"},"canonical":"https:\/\/glassupply.com\/ca\/fr\/produit\/45-wall-mount-support-bar\/","og_locale":"fr_CA","og_type":"article","og_title":"45\u00b0 Wall Mount Support Bar","og_description":"La barre de renfort murale \u00e0 45\u00b0 est con\u00e7ue pour offrir une stabilit\u00e9 suppl\u00e9mentaire aux panneaux de verre fixes dans les cabines de douche ou autres installations similaires. Elle peut \u00eatre mont\u00e9e \u00e0 un angle de 45 degr\u00e9s sur un mur et convient aux panneaux en verre d\u2019une \u00e9paisseur de 5\/16\u201d (8 mm) \u00e0 1\/2\u201d (12 mm).  Cette barre de renfort haut de gamme pr\u00e9sente un design de base moderne c\u00f4t\u00e9 mur et une extr\u00e9mit\u00e9 en forme de U pivotante qui permet de fixer le panneau de verre. Des vis de serrage avec embout en nylon sont incluses pour \u00e9viter tout contact entre le verre et le m\u00e9tal, tout en maintenant fermement le panneau en place. Aucun per\u00e7age ou d\u00e9coupe du verre n\u2019est n\u00e9cessaire pour l\u2019installation de cette barre de renfort.  Ce produit est une solution pratique et \u00e9l\u00e9gante pour toute installation de douche visant \u00e0 obtenir un aspect totalement sans cadre tout en assurant un bon niveau de stabilit\u00e9.  Vendu en longueur de 51\u201d (1,3 m), \u00e0 d\u00e9couper sur site. Les vis et chevilles en plastique pour la fixation murale sont incluses dans le kit.  Notre proc\u00e9d\u00e9 de finition pour la quincaillerie de douche comprend trois m\u00e9thodes d\u2019application diff\u00e9rentes, chacune offrant une finition durable, r\u00e9sistante \u00e0 la corrosion et esth\u00e9tiquement attrayante. Ces m\u00e9thodes incluent l\u2019\u00e9lectrophor\u00e8se (Noir Mat), le chromage (Chrome) et le nickelage (Nickel Bross\u00e9). Quelle que soit l\u2019option choisie, notre proc\u00e9d\u00e9 de finition garantit une apparence belle et durable qui respecte les normes les plus \u00e9lev\u00e9es de l\u2019industrie en mati\u00e8re de qualit\u00e9 et de performance, tout en offrant une excellente esth\u00e9tique. LE KIT COMPREND    Produit SKU Qt\u00e9   Tube de renfort S-SB-TXX 1   Support de barre de renfort S-SB-UBXX 1   Support mural 45\u00b0 pour barre de renfort S-SB-WM45XX 1   Vis, chevilles murales en plastique S-SB-MISC 1    SP\u00c9CIFICATIONS TECHNIQUES    \u00c9paisseur du verre de s\u00e9curit\u00e9 5\/16\u201d (8 mm) \u00e0 1\/2\u201d (12 mm)   Couleur\/Finition Chrome, Nickel Bross\u00e9, Noir Mat   Mat\u00e9riau de fabrication Acier inoxydable","og_url":"https:\/\/glassupply.com\/ca\/fr\/produit\/45-wall-mount-support-bar\/","og_site_name":"Glassupply (CA)","article_modified_time":"2025-06-05T14:32:36+00:00","og_image":[{"width":2000,"height":2000,"url":"https:\/\/glassupply.com\/ca\/wp-content\/uploads\/sites\/5\/2024\/04\/S-SB-KSB45CH.webp","type":"image\/webp"}],"twitter_card":"summary_large_image","twitter_misc":{"Availability":"In stock"},"schema":{"@context":"https:\/\/schema.org","@graph":[{"@type":"WebPage","@id":"https:\/\/glassupply.com\/ca\/fr\/produit\/45-wall-mount-support-bar\/","url":"https:\/\/glassupply.com\/ca\/fr\/produit\/45-wall-mount-support-bar\/","name":"45\u00b0 Wall Mount Support Bar - Glassupply (CA)","isPartOf":{"@id":"https:\/\/glassupply.com\/ca\/fr\/#website"},"primaryImageOfPage":{"@id":"https:\/\/glassupply.com\/ca\/fr\/produit\/45-wall-mount-support-bar\/#primaryimage"},"image":{"@id":"https:\/\/glassupply.com\/ca\/fr\/produit\/45-wall-mount-support-bar\/#primaryimage"},"thumbnailUrl":"https:\/\/glassupply.com\/ca\/wp-content\/uploads\/sites\/5\/2024\/04\/S-SB-KSB45CH.webp","datePublished":"2023-06-28T14:26:38+00:00","dateModified":"2025-06-05T14:32:36+00:00","breadcrumb":{"@id":"https:\/\/glassupply.com\/ca\/fr\/produit\/45-wall-mount-support-bar\/#breadcrumb"},"inLanguage":"fr-FR","potentialAction":[{"@type":"ReadAction","target":["https:\/\/glassupply.com\/ca\/fr\/produit\/45-wall-mount-support-bar\/"]}]},{"@type":"ImageObject","inLanguage":"fr-FR","@id":"https:\/\/glassupply.com\/ca\/fr\/produit\/45-wall-mount-support-bar\/#primaryimage","url":"https:\/\/glassupply.com\/ca\/wp-content\/uploads\/sites\/5\/2024\/04\/S-SB-KSB45CH.webp","contentUrl":"https:\/\/glassupply.com\/ca\/wp-content\/uploads\/sites\/5\/2024\/04\/S-SB-KSB45CH.webp","width":2000,"height":2000},{"@type":"BreadcrumbList","@id":"https:\/\/glassupply.com\/ca\/fr\/produit\/45-wall-mount-support-bar\/#breadcrumb","itemListElement":[{"@type":"ListItem","position":1,"name":"Home","item":"https:\/\/glassupply.com\/ca\/fr\/"},{"@type":"ListItem","position":2,"name":"Shop","item":"https:\/\/glassupply.com\/ca\/fr\/shop\/"},{"@type":"ListItem","position":3,"name":"45\u00b0 Wall Mount Support Bar"}]},{"@type":"WebSite","@id":"https:\/\/glassupply.com\/ca\/fr\/#website","url":"https:\/\/glassupply.com\/ca\/fr\/","name":"Glassupply.com","description":"From the manufacturer to your doorstep","publisher":{"@id":"https:\/\/glassupply.com\/ca\/fr\/#organization"},"potentialAction":[{"@type":"SearchAction","target":{"@type":"EntryPoint","urlTemplate":"https:\/\/glassupply.com\/ca\/fr\/?s={search_term_string}"},"query-input":{"@type":"PropertyValueSpecification","valueRequired":true,"valueName":"search_term_string"}}],"inLanguage":"fr-FR"},{"@type":["Organization","Place"],"@id":"https:\/\/glassupply.com\/ca\/fr\/#organization","name":"Glassupply.com","url":"https:\/\/glassupply.com\/ca\/fr\/","logo":{"@id":"https:\/\/glassupply.com\/ca\/fr\/produit\/45-wall-mount-support-bar\/#local-main-organization-logo"},"image":{"@id":"https:\/\/glassupply.com\/ca\/fr\/produit\/45-wall-mount-support-bar\/#local-main-organization-logo"},"telephone":[],"openingHoursSpecification":[{"@type":"OpeningHoursSpecification","dayOfWeek":["Monday","Tuesday","Wednesday","Thursday","Friday","Saturday","Sunday"],"opens":"09:00","closes":"17:00"}]},{"@type":"ImageObject","inLanguage":"fr-FR","@id":"https:\/\/glassupply.com\/ca\/fr\/produit\/45-wall-mount-support-bar\/#local-main-organization-logo","url":"https:\/\/glassupply.com\/ca\/wp-content\/uploads\/sites\/5\/2023\/07\/logo.svg","contentUrl":"https:\/\/glassupply.com\/ca\/wp-content\/uploads\/sites\/5\/2023\/07\/logo.svg","width":310,"height":24,"caption":"Glassupply.com"}]},"og_availability":"instock","product_availability":"instock","product_condition":"new"},"_links":{"self":[{"href":"https:\/\/glassupply.com\/ca\/fr\/wp-json\/wp\/v2\/product\/2134","targetHints":{"allow":["GET"]}}],"collection":[{"href":"https:\/\/glassupply.com\/ca\/fr\/wp-json\/wp\/v2\/product"}],"about":[{"href":"https:\/\/glassupply.com\/ca\/fr\/wp-json\/wp\/v2\/types\/product"}],"replies":[{"embeddable":true,"href":"https:\/\/glassupply.com\/ca\/fr\/wp-json\/wp\/v2\/comments?post=2134"}],"wp:featuredmedia":[{"embeddable":true,"href":"https:\/\/glassupply.com\/ca\/fr\/wp-json\/wp\/v2\/media\/6158"}],"wp:attachment":[{"href":"https:\/\/glassupply.com\/ca\/fr\/wp-json\/wp\/v2\/media?parent=2134"}],"wp:term":[{"taxonomy":"product_brand","embeddable":true,"href":"https:\/\/glassupply.com\/ca\/fr\/wp-json\/wp\/v2\/product_brand?post=2134"},{"taxonomy":"product_cat","embeddable":true,"href":"https:\/\/glassupply.com\/ca\/fr\/wp-json\/wp\/v2\/product_cat?post=2134"},{"taxonomy":"product_tag","embeddable":true,"href":"https:\/\/glassupply.com\/ca\/fr\/wp-json\/wp\/v2\/product_tag?post=2134"}],"curies":[{"name":"wp","href":"https:\/\/api.w.org\/{rel}","templated":true}]}}