{"id":2138,"date":"2023-06-28T09:26:38","date_gmt":"2023-06-28T14:26:38","guid":{"rendered":"https:\/\/staging.glassupply.com\/ca\/product\/vertical-ceiling-support-bar\/"},"modified":"2025-06-06T01:49:34","modified_gmt":"2025-06-06T06:49:34","slug":"vertical-ceiling-support-bar","status":"publish","type":"product","link":"https:\/\/glassupply.com\/ca\/fr\/produit\/vertical-ceiling-support-bar\/","title":{"rendered":"Vertical \u2013 Ceiling Support Bar"},"content":{"rendered":"","protected":false},"excerpt":{"rendered":"<p><span style=\"font-weight: 400;\">La barre de support verticale pour plafond est con\u00e7ue pour offrir une stabilit\u00e9 suppl\u00e9mentaire aux panneaux de verre fixes dans les cabines de douche ou autres installations similaires. Elle peut \u00eatre mont\u00e9e \u00e0 un angle droit de 90 degr\u00e9s sur un plafond et convient aux panneaux de verre d\u2019une \u00e9paisseur de 8 mm (5\/16\u201d) \u00e0 12 mm (1\/2\u201d).<\/span><\/p>\n<p><span style=\"font-weight: 400;\">Cette barre de support haut de gamme pr\u00e9sente un design moderne \u00e0 la base c\u00f4t\u00e9 plafond et un r\u00e9ceptacle en forme de U \u00e0 l\u2019autre extr\u00e9mit\u00e9, qui peut pivoter pour s\u00e9curiser le panneau de verre fixe. Des vis de r\u00e9glage \u00e0 pointe en nylon sont incluses pour \u00e9viter tout contact verre-m\u00e9tal et maintenir solidement le panneau de verre en place. Aucune d\u00e9coupe ou per\u00e7age du verre n\u2019est n\u00e9cessaire pour accueillir la barre de support.<\/span><\/p>\n<p><span style=\"font-weight: 400;\">Ce produit est un ajout utile et \u00e9l\u00e9gant \u00e0 toute installation de douche pour obtenir un aspect totalement sans cadre tout en assurant un bon niveau de soutien.<\/span><\/p>\n<p><span style=\"font-weight: 400;\">Vendu en longueur de 1,3 m (51\u201d), \u00e0 couper sur site selon les besoins. Les vis et chevilles en plastique pour mur sont incluses dans le kit.<\/span><\/p>\n<p><span style=\"font-weight: 400;\">Notre processus de finition des quincailleries de douche comprend trois m\u00e9thodes appliqu\u00e9es diff\u00e9rentes, chacune donnant une finition durable, r\u00e9sistante \u00e0 la corrosion et visuellement attrayante. Ces m\u00e9thodes comprennent l\u2019\u00e9lectrophor\u00e8se (Noir Mat), le chromage (chrome) et le nickelage (Nickel Bross\u00e9). Quelle que soit l\u2019option choisie, notre processus de finition garantit une finition belle et durable qui r\u00e9pond aux normes industrielles les plus \u00e9lev\u00e9es en mati\u00e8re de qualit\u00e9 et de durabilit\u00e9, offrant une performance exceptionnelle et un attrait visuel.<\/span><\/p>\n<p>&nbsp;<\/p>\n<h2><b>LE KIT COMPREND<\/b><\/h2>\n<table>\n<tbody>\n<tr>\n<td><b>Produit<\/b><\/td>\n<td><b>SKU<\/b><\/td>\n<td><b>Quantit\u00e9<\/b><\/td>\n<\/tr>\n<tr>\n<td><b>Tuyau de barre de support<\/b><\/td>\n<td><span style=\"font-weight: 400;\">S-SB-TXX<\/span><\/td>\n<td><span style=\"font-weight: 400;\">1<\/span><\/td>\n<\/tr>\n<tr>\n<td><b>Support vertical de barre de support<\/b><\/td>\n<td><span style=\"font-weight: 400;\">S-SB-VBXX<\/span><\/td>\n<td><span style=\"font-weight: 400;\">1<\/span><\/td>\n<\/tr>\n<tr>\n<td><b>Support de barre de support mural\/plafond \u00e0 90\u00b0<\/b><\/td>\n<td><span style=\"font-weight: 400;\">S-SB-WM90XX<\/span><\/td>\n<td><span style=\"font-weight: 400;\">1<\/span><\/td>\n<\/tr>\n<\/tbody>\n<\/table>\n<h2><b>SP\u00c9CIFICATIONS TECHNIQUES<\/b><\/h2>\n<table>\n<tbody>\n<tr>\n<td><b>\u00c9paisseur du verre de s\u00e9curit\u00e9<\/b><\/td>\n<td><span style=\"font-weight: 400;\">8 mm (5\/16\u201d) \u00e0 12 mm (1\/2\u201d)<\/span><\/td>\n<\/tr>\n<tr>\n<td><b>Couleur\/Finition<\/b><\/td>\n<td><span style=\"font-weight: 400;\">Chrome, Nickel Bross\u00e9, Noir Mat<\/span><\/td>\n<\/tr>\n<tr>\n<td><b>Mat\u00e9riau de fabrication<\/b><\/td>\n<td><span style=\"font-weight: 400;\">Acier inoxydable<\/span><\/td>\n<\/tr>\n<\/tbody>\n<\/table>\n","protected":false},"featured_media":6167,"comment_status":"closed","ping_status":"closed","template":"","meta":{"_acf_changed":false,"inline_featured_image":false},"product_brand":[],"product_cat":[73],"product_tag":[],"class_list":{"0":"post-2138","1":"product","2":"type-product","3":"status-publish","4":"has-post-thumbnail","6":"product_cat-shower-hardware-fr","8":"first","9":"instock","10":"taxable","11":"shipping-taxable","12":"purchasable","13":"product-type-variable","14":"has-default-attributes"},"acf":[],"yoast_head":"<!-- This site is optimized with the Yoast SEO plugin v26.9 - https:\/\/yoast.com\/product\/yoast-seo-wordpress\/ -->\n<title>Vertical \u2013 Ceiling Support Bar - Glassupply (CA)<\/title>\n<meta name=\"robots\" content=\"index, follow, max-snippet:-1, max-image-preview:large, max-video-preview:-1\" \/>\n<link rel=\"canonical\" href=\"https:\/\/glassupply.com\/ca\/fr\/produit\/vertical-ceiling-support-bar\/\" \/>\n<meta property=\"og:locale\" content=\"fr_CA\" \/>\n<meta property=\"og:type\" content=\"article\" \/>\n<meta property=\"og:title\" content=\"Vertical \u2013 Ceiling Support Bar - Glassupply (CA)\" \/>\n<meta property=\"og:description\" content=\"La barre de support verticale pour plafond est con\u00e7ue pour offrir une stabilit\u00e9 suppl\u00e9mentaire aux panneaux de verre fixes dans les cabines de douche ou autres installations similaires. Elle peut \u00eatre mont\u00e9e \u00e0 un angle droit de 90 degr\u00e9s sur un plafond et convient aux panneaux de verre d\u2019une \u00e9paisseur de 8 mm (5\/16\u201d) \u00e0 12 mm (1\/2\u201d).  Cette barre de support haut de gamme pr\u00e9sente un design moderne \u00e0 la base c\u00f4t\u00e9 plafond et un r\u00e9ceptacle en forme de U \u00e0 l\u2019autre extr\u00e9mit\u00e9, qui peut pivoter pour s\u00e9curiser le panneau de verre fixe. Des vis de r\u00e9glage \u00e0 pointe en nylon sont incluses pour \u00e9viter tout contact verre-m\u00e9tal et maintenir solidement le panneau de verre en place. Aucune d\u00e9coupe ou per\u00e7age du verre n\u2019est n\u00e9cessaire pour accueillir la barre de support.  Ce produit est un ajout utile et \u00e9l\u00e9gant \u00e0 toute installation de douche pour obtenir un aspect totalement sans cadre tout en assurant un bon niveau de soutien.  Vendu en longueur de 1,3 m (51\u201d), \u00e0 couper sur site selon les besoins. Les vis et chevilles en plastique pour mur sont incluses dans le kit.  Notre processus de finition des quincailleries de douche comprend trois m\u00e9thodes appliqu\u00e9es diff\u00e9rentes, chacune donnant une finition durable, r\u00e9sistante \u00e0 la corrosion et visuellement attrayante. Ces m\u00e9thodes comprennent l\u2019\u00e9lectrophor\u00e8se (Noir Mat), le chromage (chrome) et le nickelage (Nickel Bross\u00e9). Quelle que soit l\u2019option choisie, notre processus de finition garantit une finition belle et durable qui r\u00e9pond aux normes industrielles les plus \u00e9lev\u00e9es en mati\u00e8re de qualit\u00e9 et de durabilit\u00e9, offrant une performance exceptionnelle et un attrait visuel.  &nbsp; LE KIT COMPREND    Produit SKU Quantit\u00e9   Tuyau de barre de support S-SB-TXX 1   Support vertical de barre de support S-SB-VBXX 1   Support de barre de support mural\/plafond \u00e0 90\u00b0 S-SB-WM90XX 1    SP\u00c9CIFICATIONS TECHNIQUES    \u00c9paisseur du verre de s\u00e9curit\u00e9 8 mm (5\/16\u201d) \u00e0 12 mm (1\/2\u201d)   Couleur\/Finition Chrome, Nickel Bross\u00e9, Noir Mat   Mat\u00e9riau de fabrication Acier inoxydable\" \/>\n<meta property=\"og:url\" content=\"https:\/\/glassupply.com\/ca\/fr\/produit\/vertical-ceiling-support-bar\/\" \/>\n<meta property=\"og:site_name\" content=\"Glassupply (CA)\" \/>\n<meta property=\"article:modified_time\" content=\"2025-06-06T06:49:34+00:00\" \/>\n<meta property=\"og:image\" content=\"https:\/\/glassupply.com\/ca\/wp-content\/uploads\/sites\/5\/2024\/04\/S-SB-KSBVECH.webp\" \/>\n\t<meta property=\"og:image:width\" content=\"2000\" \/>\n\t<meta property=\"og:image:height\" content=\"2000\" \/>\n\t<meta property=\"og:image:type\" content=\"image\/webp\" \/>\n<meta name=\"twitter:card\" content=\"summary_large_image\" \/>\n<meta name=\"twitter:label1\" content=\"Est. reading time\" \/>\n\t<meta name=\"twitter:data1\" content=\"1 minute\" \/>\n<script type=\"application\/ld+json\" class=\"yoast-schema-graph\">{\"@context\":\"https:\/\/schema.org\",\"@graph\":[{\"@type\":\"WebPage\",\"@id\":\"https:\/\/glassupply.com\/ca\/fr\/produit\/vertical-ceiling-support-bar\/\",\"url\":\"https:\/\/glassupply.com\/ca\/fr\/produit\/vertical-ceiling-support-bar\/\",\"name\":\"Vertical \u2013 Ceiling Support Bar - Glassupply (CA)\",\"isPartOf\":{\"@id\":\"https:\/\/glassupply.com\/ca\/fr\/#website\"},\"primaryImageOfPage\":{\"@id\":\"https:\/\/glassupply.com\/ca\/fr\/produit\/vertical-ceiling-support-bar\/#primaryimage\"},\"image\":{\"@id\":\"https:\/\/glassupply.com\/ca\/fr\/produit\/vertical-ceiling-support-bar\/#primaryimage\"},\"thumbnailUrl\":\"https:\/\/glassupply.com\/ca\/wp-content\/uploads\/sites\/5\/2024\/04\/S-SB-KSBVECH.webp\",\"datePublished\":\"2023-06-28T14:26:38+00:00\",\"dateModified\":\"2025-06-06T06:49:34+00:00\",\"breadcrumb\":{\"@id\":\"https:\/\/glassupply.com\/ca\/fr\/produit\/vertical-ceiling-support-bar\/#breadcrumb\"},\"inLanguage\":\"fr-FR\",\"potentialAction\":[{\"@type\":\"ReadAction\",\"target\":[\"https:\/\/glassupply.com\/ca\/fr\/produit\/vertical-ceiling-support-bar\/\"]}]},{\"@type\":\"ImageObject\",\"inLanguage\":\"fr-FR\",\"@id\":\"https:\/\/glassupply.com\/ca\/fr\/produit\/vertical-ceiling-support-bar\/#primaryimage\",\"url\":\"https:\/\/glassupply.com\/ca\/wp-content\/uploads\/sites\/5\/2024\/04\/S-SB-KSBVECH.webp\",\"contentUrl\":\"https:\/\/glassupply.com\/ca\/wp-content\/uploads\/sites\/5\/2024\/04\/S-SB-KSBVECH.webp\",\"width\":2000,\"height\":2000},{\"@type\":\"BreadcrumbList\",\"@id\":\"https:\/\/glassupply.com\/ca\/fr\/produit\/vertical-ceiling-support-bar\/#breadcrumb\",\"itemListElement\":[{\"@type\":\"ListItem\",\"position\":1,\"name\":\"Home\",\"item\":\"https:\/\/glassupply.com\/ca\/fr\/\"},{\"@type\":\"ListItem\",\"position\":2,\"name\":\"Shop\",\"item\":\"https:\/\/glassupply.com\/ca\/fr\/shop\/\"},{\"@type\":\"ListItem\",\"position\":3,\"name\":\"Vertical \u2013 Ceiling Support Bar\"}]},{\"@type\":\"WebSite\",\"@id\":\"https:\/\/glassupply.com\/ca\/fr\/#website\",\"url\":\"https:\/\/glassupply.com\/ca\/fr\/\",\"name\":\"Glassupply.com\",\"description\":\"From the manufacturer to your doorstep\",\"publisher\":{\"@id\":\"https:\/\/glassupply.com\/ca\/fr\/#organization\"},\"potentialAction\":[{\"@type\":\"SearchAction\",\"target\":{\"@type\":\"EntryPoint\",\"urlTemplate\":\"https:\/\/glassupply.com\/ca\/fr\/?s={search_term_string}\"},\"query-input\":{\"@type\":\"PropertyValueSpecification\",\"valueRequired\":true,\"valueName\":\"search_term_string\"}}],\"inLanguage\":\"fr-FR\"},{\"@type\":\"Organization\",\"@id\":\"https:\/\/glassupply.com\/ca\/fr\/#organization\",\"name\":\"Glassupply.com\",\"url\":\"https:\/\/glassupply.com\/ca\/fr\/\",\"logo\":{\"@type\":\"ImageObject\",\"inLanguage\":\"fr-FR\",\"@id\":\"https:\/\/glassupply.com\/ca\/fr\/#\/schema\/logo\/image\/\",\"url\":\"https:\/\/staging.glassupply.com\/ca\/wp-content\/uploads\/sites\/5\/2023\/07\/logo.svg\",\"contentUrl\":\"https:\/\/staging.glassupply.com\/ca\/wp-content\/uploads\/sites\/5\/2023\/07\/logo.svg\",\"width\":310,\"height\":24,\"caption\":\"Glassupply.com\"},\"image\":{\"@id\":\"https:\/\/glassupply.com\/ca\/fr\/#\/schema\/logo\/image\/\"}}]}<\/script>\n<!-- \/ Yoast SEO plugin. -->","yoast_head_json":{"title":"Vertical \u2013 Ceiling Support Bar - Glassupply (CA)","robots":{"index":"index","follow":"follow","max-snippet":"max-snippet:-1","max-image-preview":"max-image-preview:large","max-video-preview":"max-video-preview:-1"},"canonical":"https:\/\/glassupply.com\/ca\/fr\/produit\/vertical-ceiling-support-bar\/","og_locale":"fr_CA","og_type":"article","og_title":"Vertical \u2013 Ceiling Support Bar - Glassupply (CA)","og_description":"La barre de support verticale pour plafond est con\u00e7ue pour offrir une stabilit\u00e9 suppl\u00e9mentaire aux panneaux de verre fixes dans les cabines de douche ou autres installations similaires. Elle peut \u00eatre mont\u00e9e \u00e0 un angle droit de 90 degr\u00e9s sur un plafond et convient aux panneaux de verre d\u2019une \u00e9paisseur de 8 mm (5\/16\u201d) \u00e0 12 mm (1\/2\u201d).  Cette barre de support haut de gamme pr\u00e9sente un design moderne \u00e0 la base c\u00f4t\u00e9 plafond et un r\u00e9ceptacle en forme de U \u00e0 l\u2019autre extr\u00e9mit\u00e9, qui peut pivoter pour s\u00e9curiser le panneau de verre fixe. Des vis de r\u00e9glage \u00e0 pointe en nylon sont incluses pour \u00e9viter tout contact verre-m\u00e9tal et maintenir solidement le panneau de verre en place. Aucune d\u00e9coupe ou per\u00e7age du verre n\u2019est n\u00e9cessaire pour accueillir la barre de support.  Ce produit est un ajout utile et \u00e9l\u00e9gant \u00e0 toute installation de douche pour obtenir un aspect totalement sans cadre tout en assurant un bon niveau de soutien.  Vendu en longueur de 1,3 m (51\u201d), \u00e0 couper sur site selon les besoins. Les vis et chevilles en plastique pour mur sont incluses dans le kit.  Notre processus de finition des quincailleries de douche comprend trois m\u00e9thodes appliqu\u00e9es diff\u00e9rentes, chacune donnant une finition durable, r\u00e9sistante \u00e0 la corrosion et visuellement attrayante. Ces m\u00e9thodes comprennent l\u2019\u00e9lectrophor\u00e8se (Noir Mat), le chromage (chrome) et le nickelage (Nickel Bross\u00e9). Quelle que soit l\u2019option choisie, notre processus de finition garantit une finition belle et durable qui r\u00e9pond aux normes industrielles les plus \u00e9lev\u00e9es en mati\u00e8re de qualit\u00e9 et de durabilit\u00e9, offrant une performance exceptionnelle et un attrait visuel.  &nbsp; LE KIT COMPREND    Produit SKU Quantit\u00e9   Tuyau de barre de support S-SB-TXX 1   Support vertical de barre de support S-SB-VBXX 1   Support de barre de support mural\/plafond \u00e0 90\u00b0 S-SB-WM90XX 1    SP\u00c9CIFICATIONS TECHNIQUES    \u00c9paisseur du verre de s\u00e9curit\u00e9 8 mm (5\/16\u201d) \u00e0 12 mm (1\/2\u201d)   Couleur\/Finition Chrome, Nickel Bross\u00e9, Noir Mat   Mat\u00e9riau de fabrication Acier inoxydable","og_url":"https:\/\/glassupply.com\/ca\/fr\/produit\/vertical-ceiling-support-bar\/","og_site_name":"Glassupply (CA)","article_modified_time":"2025-06-06T06:49:34+00:00","og_image":[{"width":2000,"height":2000,"url":"https:\/\/glassupply.com\/ca\/wp-content\/uploads\/sites\/5\/2024\/04\/S-SB-KSBVECH.webp","type":"image\/webp"}],"twitter_card":"summary_large_image","twitter_misc":{"Est. reading time":"1 minute"},"schema":{"@context":"https:\/\/schema.org","@graph":[{"@type":"WebPage","@id":"https:\/\/glassupply.com\/ca\/fr\/produit\/vertical-ceiling-support-bar\/","url":"https:\/\/glassupply.com\/ca\/fr\/produit\/vertical-ceiling-support-bar\/","name":"Vertical \u2013 Ceiling Support Bar - Glassupply (CA)","isPartOf":{"@id":"https:\/\/glassupply.com\/ca\/fr\/#website"},"primaryImageOfPage":{"@id":"https:\/\/glassupply.com\/ca\/fr\/produit\/vertical-ceiling-support-bar\/#primaryimage"},"image":{"@id":"https:\/\/glassupply.com\/ca\/fr\/produit\/vertical-ceiling-support-bar\/#primaryimage"},"thumbnailUrl":"https:\/\/glassupply.com\/ca\/wp-content\/uploads\/sites\/5\/2024\/04\/S-SB-KSBVECH.webp","datePublished":"2023-06-28T14:26:38+00:00","dateModified":"2025-06-06T06:49:34+00:00","breadcrumb":{"@id":"https:\/\/glassupply.com\/ca\/fr\/produit\/vertical-ceiling-support-bar\/#breadcrumb"},"inLanguage":"fr-FR","potentialAction":[{"@type":"ReadAction","target":["https:\/\/glassupply.com\/ca\/fr\/produit\/vertical-ceiling-support-bar\/"]}]},{"@type":"ImageObject","inLanguage":"fr-FR","@id":"https:\/\/glassupply.com\/ca\/fr\/produit\/vertical-ceiling-support-bar\/#primaryimage","url":"https:\/\/glassupply.com\/ca\/wp-content\/uploads\/sites\/5\/2024\/04\/S-SB-KSBVECH.webp","contentUrl":"https:\/\/glassupply.com\/ca\/wp-content\/uploads\/sites\/5\/2024\/04\/S-SB-KSBVECH.webp","width":2000,"height":2000},{"@type":"BreadcrumbList","@id":"https:\/\/glassupply.com\/ca\/fr\/produit\/vertical-ceiling-support-bar\/#breadcrumb","itemListElement":[{"@type":"ListItem","position":1,"name":"Home","item":"https:\/\/glassupply.com\/ca\/fr\/"},{"@type":"ListItem","position":2,"name":"Shop","item":"https:\/\/glassupply.com\/ca\/fr\/shop\/"},{"@type":"ListItem","position":3,"name":"Vertical \u2013 Ceiling Support Bar"}]},{"@type":"WebSite","@id":"https:\/\/glassupply.com\/ca\/fr\/#website","url":"https:\/\/glassupply.com\/ca\/fr\/","name":"Glassupply.com","description":"From the manufacturer to your doorstep","publisher":{"@id":"https:\/\/glassupply.com\/ca\/fr\/#organization"},"potentialAction":[{"@type":"SearchAction","target":{"@type":"EntryPoint","urlTemplate":"https:\/\/glassupply.com\/ca\/fr\/?s={search_term_string}"},"query-input":{"@type":"PropertyValueSpecification","valueRequired":true,"valueName":"search_term_string"}}],"inLanguage":"fr-FR"},{"@type":"Organization","@id":"https:\/\/glassupply.com\/ca\/fr\/#organization","name":"Glassupply.com","url":"https:\/\/glassupply.com\/ca\/fr\/","logo":{"@type":"ImageObject","inLanguage":"fr-FR","@id":"https:\/\/glassupply.com\/ca\/fr\/#\/schema\/logo\/image\/","url":"https:\/\/staging.glassupply.com\/ca\/wp-content\/uploads\/sites\/5\/2023\/07\/logo.svg","contentUrl":"https:\/\/staging.glassupply.com\/ca\/wp-content\/uploads\/sites\/5\/2023\/07\/logo.svg","width":310,"height":24,"caption":"Glassupply.com"},"image":{"@id":"https:\/\/glassupply.com\/ca\/fr\/#\/schema\/logo\/image\/"}}]}},"_links":{"self":[{"href":"https:\/\/glassupply.com\/ca\/fr\/wp-json\/wp\/v2\/product\/2138","targetHints":{"allow":["GET"]}}],"collection":[{"href":"https:\/\/glassupply.com\/ca\/fr\/wp-json\/wp\/v2\/product"}],"about":[{"href":"https:\/\/glassupply.com\/ca\/fr\/wp-json\/wp\/v2\/types\/product"}],"replies":[{"embeddable":true,"href":"https:\/\/glassupply.com\/ca\/fr\/wp-json\/wp\/v2\/comments?post=2138"}],"wp:featuredmedia":[{"embeddable":true,"href":"https:\/\/glassupply.com\/ca\/fr\/wp-json\/wp\/v2\/media\/6167"}],"wp:attachment":[{"href":"https:\/\/glassupply.com\/ca\/fr\/wp-json\/wp\/v2\/media?parent=2138"}],"wp:term":[{"taxonomy":"product_brand","embeddable":true,"href":"https:\/\/glassupply.com\/ca\/fr\/wp-json\/wp\/v2\/product_brand?post=2138"},{"taxonomy":"product_cat","embeddable":true,"href":"https:\/\/glassupply.com\/ca\/fr\/wp-json\/wp\/v2\/product_cat?post=2138"},{"taxonomy":"product_tag","embeddable":true,"href":"https:\/\/glassupply.com\/ca\/fr\/wp-json\/wp\/v2\/product_tag?post=2138"}],"curies":[{"name":"wp","href":"https:\/\/api.w.org\/{rel}","templated":true}]}}