{"id":2152,"date":"2023-06-28T09:26:38","date_gmt":"2023-06-28T14:26:38","guid":{"rendered":"https:\/\/staging.glassupply.com\/ca\/product\/90-wall-mount-support-bar\/"},"modified":"2025-06-05T09:40:16","modified_gmt":"2025-06-05T14:40:16","slug":"90-wall-mount-support-bar","status":"publish","type":"product","link":"https:\/\/glassupply.com\/ca\/fr\/produit\/90-wall-mount-support-bar\/","title":{"rendered":"90\u00b0 Wall Mount Support Bar"},"content":{"rendered":"","protected":false},"excerpt":{"rendered":"<p><span style=\"font-weight: 400;\">La barre de renfort murale \u00e0 90\u00b0 est con\u00e7ue pour offrir une stabilit\u00e9 suppl\u00e9mentaire aux panneaux de verre fixes dans les cabines de douche ou autres installations similaires. Elle peut \u00eatre mont\u00e9e \u00e0 un angle droit de 90 degr\u00e9s sur un mur et convient aux panneaux de verre d\u2019une \u00e9paisseur de 5\/16\u201d (8 mm) \u00e0 1\/2\u201d (12 mm).<\/span><\/p>\n<p><span style=\"font-weight: 400;\">Cette barre de soutien haut de gamme pr\u00e9sente une base au design moderne c\u00f4t\u00e9 mur et une extr\u00e9mit\u00e9 en forme de U pouvant pivoter pour fixer le panneau de verre. Des vis de fixation avec embouts en nylon sont incluses afin d\u2019\u00e9viter tout contact direct entre le verre et le m\u00e9tal et de maintenir fermement le panneau de verre en place. Aucune d\u00e9coupe ou per\u00e7age du verre n\u2019est requis pour l\u2019installation de cette barre de renfort.<\/span><\/p>\n<p><span style=\"font-weight: 400;\">Ce produit constitue un ajout pratique et \u00e9l\u00e9gant \u00e0 toute installation de douche, permettant d\u2019obtenir un look enti\u00e8rement sans cadre tout en assurant un bon niveau de soutien.<\/span><\/p>\n<p><span style=\"font-weight: 400;\">Vendu en longueur de 51\u201d (1,3 m), \u00e0 d\u00e9couper sur place selon les besoins. Les vis et chevilles murales en plastique sont incluses dans le kit.<\/span><\/p>\n<p><span style=\"font-weight: 400;\">Notre proc\u00e9d\u00e9 de finition de la quincaillerie de douche comprend trois m\u00e9thodes d\u2019application diff\u00e9rentes, chacune garantissant une finition durable, r\u00e9sistante \u00e0 la corrosion et esth\u00e9tiquement attrayante. Ces m\u00e9thodes incluent l\u2019\u00e9lectrophor\u00e8se (Noir Mat), le chromage (Chrome) et le nickelage (Nickel Bross\u00e9). Quelle que soit l\u2019option choisie, notre processus de finition assure un rendu beau et durable r\u00e9pondant aux normes les plus \u00e9lev\u00e9es de l\u2019industrie en mati\u00e8re de qualit\u00e9 et de durabilit\u00e9, offrant des performances exceptionnelles et un attrait visuel remarquable.<\/span><\/p>\n<h2><b>LE KIT COMPREND<\/b><\/h2>\n<table>\n<tbody>\n<tr>\n<td><b>Produit<\/b><\/td>\n<td><b>R\u00e9f.<\/b><\/td>\n<td><b>Qt\u00e9<\/b><\/td>\n<\/tr>\n<tr>\n<td><b>Tube de barre de soutien<\/b><\/td>\n<td><span style=\"font-weight: 400;\">S-SB-TXX<\/span><\/td>\n<td><span style=\"font-weight: 400;\">1<\/span><\/td>\n<\/tr>\n<tr>\n<td><b>Support de barre de renfort<\/b><\/td>\n<td><span style=\"font-weight: 400;\">S-SB-UBXX<\/span><\/td>\n<td><span style=\"font-weight: 400;\">1<\/span><\/td>\n<\/tr>\n<tr>\n<td><b>Support mural 90\u00b0 pour barre de renfort<\/b><\/td>\n<td><span style=\"font-weight: 400;\">S-SB-WM90XX<\/span><\/td>\n<td><span style=\"font-weight: 400;\">1<\/span><\/td>\n<\/tr>\n<\/tbody>\n<\/table>\n<h2><b>SP\u00c9CIFICATIONS TECHNIQUES<\/b><\/h2>\n<table>\n<tbody>\n<tr>\n<td><b>\u00c9paisseur du verre de s\u00e9curit\u00e9<\/b><\/td>\n<td><span style=\"font-weight: 400;\">5\/16\u201d (8 mm) \u00e0 1\/2\u201d (12 mm)<\/span><\/td>\n<\/tr>\n<tr>\n<td><b>Couleur\/Finition<\/b><\/td>\n<td><span style=\"font-weight: 400;\">Chrome, Nickel Bross\u00e9, Noir Mat<\/span><\/td>\n<\/tr>\n<tr>\n<td><b>Mat\u00e9riau de fabrication<\/b><\/td>\n<td><span style=\"font-weight: 400;\">Acier inoxydable<\/span><\/td>\n<\/tr>\n<\/tbody>\n<\/table>\n","protected":false},"featured_media":6149,"comment_status":"closed","ping_status":"closed","template":"","meta":{"_acf_changed":false,"inline_featured_image":false},"product_brand":[],"product_cat":[73],"product_tag":[],"class_list":{"0":"post-2152","1":"product","2":"type-product","3":"status-publish","4":"has-post-thumbnail","6":"product_cat-shower-hardware-fr","8":"first","9":"instock","10":"taxable","11":"shipping-taxable","12":"purchasable","13":"product-type-variable","14":"has-default-attributes"},"acf":[],"yoast_head":"<!-- This site is optimized with the Yoast SEO plugin v26.9 - https:\/\/yoast.com\/product\/yoast-seo-wordpress\/ -->\n<title>90\u00b0 Wall Mount Support Bar - Glassupply (CA)<\/title>\n<meta name=\"robots\" content=\"index, follow, max-snippet:-1, max-image-preview:large, max-video-preview:-1\" \/>\n<link rel=\"canonical\" href=\"https:\/\/glassupply.com\/ca\/fr\/produit\/90-wall-mount-support-bar\/\" \/>\n<meta property=\"og:locale\" content=\"fr_CA\" \/>\n<meta property=\"og:type\" content=\"article\" \/>\n<meta property=\"og:title\" content=\"90\u00b0 Wall Mount Support Bar - Glassupply (CA)\" \/>\n<meta property=\"og:description\" content=\"La barre de renfort murale \u00e0 90\u00b0 est con\u00e7ue pour offrir une stabilit\u00e9 suppl\u00e9mentaire aux panneaux de verre fixes dans les cabines de douche ou autres installations similaires. Elle peut \u00eatre mont\u00e9e \u00e0 un angle droit de 90 degr\u00e9s sur un mur et convient aux panneaux de verre d\u2019une \u00e9paisseur de 5\/16\u201d (8 mm) \u00e0 1\/2\u201d (12 mm).  Cette barre de soutien haut de gamme pr\u00e9sente une base au design moderne c\u00f4t\u00e9 mur et une extr\u00e9mit\u00e9 en forme de U pouvant pivoter pour fixer le panneau de verre. Des vis de fixation avec embouts en nylon sont incluses afin d\u2019\u00e9viter tout contact direct entre le verre et le m\u00e9tal et de maintenir fermement le panneau de verre en place. Aucune d\u00e9coupe ou per\u00e7age du verre n\u2019est requis pour l\u2019installation de cette barre de renfort.  Ce produit constitue un ajout pratique et \u00e9l\u00e9gant \u00e0 toute installation de douche, permettant d\u2019obtenir un look enti\u00e8rement sans cadre tout en assurant un bon niveau de soutien.  Vendu en longueur de 51\u201d (1,3 m), \u00e0 d\u00e9couper sur place selon les besoins. Les vis et chevilles murales en plastique sont incluses dans le kit.  Notre proc\u00e9d\u00e9 de finition de la quincaillerie de douche comprend trois m\u00e9thodes d\u2019application diff\u00e9rentes, chacune garantissant une finition durable, r\u00e9sistante \u00e0 la corrosion et esth\u00e9tiquement attrayante. Ces m\u00e9thodes incluent l\u2019\u00e9lectrophor\u00e8se (Noir Mat), le chromage (Chrome) et le nickelage (Nickel Bross\u00e9). Quelle que soit l\u2019option choisie, notre processus de finition assure un rendu beau et durable r\u00e9pondant aux normes les plus \u00e9lev\u00e9es de l\u2019industrie en mati\u00e8re de qualit\u00e9 et de durabilit\u00e9, offrant des performances exceptionnelles et un attrait visuel remarquable. LE KIT COMPREND    Produit R\u00e9f. Qt\u00e9   Tube de barre de soutien S-SB-TXX 1   Support de barre de renfort S-SB-UBXX 1   Support mural 90\u00b0 pour barre de renfort S-SB-WM90XX 1    SP\u00c9CIFICATIONS TECHNIQUES    \u00c9paisseur du verre de s\u00e9curit\u00e9 5\/16\u201d (8 mm) \u00e0 1\/2\u201d (12 mm)   Couleur\/Finition Chrome, Nickel Bross\u00e9, Noir Mat   Mat\u00e9riau de fabrication Acier inoxydable\" \/>\n<meta property=\"og:url\" content=\"https:\/\/glassupply.com\/ca\/fr\/produit\/90-wall-mount-support-bar\/\" \/>\n<meta property=\"og:site_name\" content=\"Glassupply (CA)\" \/>\n<meta property=\"article:modified_time\" content=\"2025-06-05T14:40:16+00:00\" \/>\n<meta property=\"og:image\" content=\"https:\/\/glassupply.com\/ca\/wp-content\/uploads\/sites\/5\/2024\/04\/S-SB-KSB90CH.webp\" \/>\n\t<meta property=\"og:image:width\" content=\"2000\" \/>\n\t<meta property=\"og:image:height\" content=\"2000\" \/>\n\t<meta property=\"og:image:type\" content=\"image\/webp\" \/>\n<meta name=\"twitter:card\" content=\"summary_large_image\" \/>\n<meta name=\"twitter:label1\" content=\"Est. reading time\" \/>\n\t<meta name=\"twitter:data1\" content=\"1 minute\" \/>\n<script type=\"application\/ld+json\" class=\"yoast-schema-graph\">{\"@context\":\"https:\/\/schema.org\",\"@graph\":[{\"@type\":\"WebPage\",\"@id\":\"https:\/\/glassupply.com\/ca\/fr\/produit\/90-wall-mount-support-bar\/\",\"url\":\"https:\/\/glassupply.com\/ca\/fr\/produit\/90-wall-mount-support-bar\/\",\"name\":\"90\u00b0 Wall Mount Support Bar - Glassupply (CA)\",\"isPartOf\":{\"@id\":\"https:\/\/glassupply.com\/ca\/fr\/#website\"},\"primaryImageOfPage\":{\"@id\":\"https:\/\/glassupply.com\/ca\/fr\/produit\/90-wall-mount-support-bar\/#primaryimage\"},\"image\":{\"@id\":\"https:\/\/glassupply.com\/ca\/fr\/produit\/90-wall-mount-support-bar\/#primaryimage\"},\"thumbnailUrl\":\"https:\/\/glassupply.com\/ca\/wp-content\/uploads\/sites\/5\/2024\/04\/S-SB-KSB90CH.webp\",\"datePublished\":\"2023-06-28T14:26:38+00:00\",\"dateModified\":\"2025-06-05T14:40:16+00:00\",\"breadcrumb\":{\"@id\":\"https:\/\/glassupply.com\/ca\/fr\/produit\/90-wall-mount-support-bar\/#breadcrumb\"},\"inLanguage\":\"fr-FR\",\"potentialAction\":[{\"@type\":\"ReadAction\",\"target\":[\"https:\/\/glassupply.com\/ca\/fr\/produit\/90-wall-mount-support-bar\/\"]}]},{\"@type\":\"ImageObject\",\"inLanguage\":\"fr-FR\",\"@id\":\"https:\/\/glassupply.com\/ca\/fr\/produit\/90-wall-mount-support-bar\/#primaryimage\",\"url\":\"https:\/\/glassupply.com\/ca\/wp-content\/uploads\/sites\/5\/2024\/04\/S-SB-KSB90CH.webp\",\"contentUrl\":\"https:\/\/glassupply.com\/ca\/wp-content\/uploads\/sites\/5\/2024\/04\/S-SB-KSB90CH.webp\",\"width\":2000,\"height\":2000},{\"@type\":\"BreadcrumbList\",\"@id\":\"https:\/\/glassupply.com\/ca\/fr\/produit\/90-wall-mount-support-bar\/#breadcrumb\",\"itemListElement\":[{\"@type\":\"ListItem\",\"position\":1,\"name\":\"Home\",\"item\":\"https:\/\/glassupply.com\/ca\/fr\/\"},{\"@type\":\"ListItem\",\"position\":2,\"name\":\"Shop\",\"item\":\"https:\/\/glassupply.com\/ca\/fr\/shop\/\"},{\"@type\":\"ListItem\",\"position\":3,\"name\":\"90\u00b0 Wall Mount Support Bar\"}]},{\"@type\":\"WebSite\",\"@id\":\"https:\/\/glassupply.com\/ca\/fr\/#website\",\"url\":\"https:\/\/glassupply.com\/ca\/fr\/\",\"name\":\"Glassupply.com\",\"description\":\"From the manufacturer to your doorstep\",\"publisher\":{\"@id\":\"https:\/\/glassupply.com\/ca\/fr\/#organization\"},\"potentialAction\":[{\"@type\":\"SearchAction\",\"target\":{\"@type\":\"EntryPoint\",\"urlTemplate\":\"https:\/\/glassupply.com\/ca\/fr\/?s={search_term_string}\"},\"query-input\":{\"@type\":\"PropertyValueSpecification\",\"valueRequired\":true,\"valueName\":\"search_term_string\"}}],\"inLanguage\":\"fr-FR\"},{\"@type\":\"Organization\",\"@id\":\"https:\/\/glassupply.com\/ca\/fr\/#organization\",\"name\":\"Glassupply.com\",\"url\":\"https:\/\/glassupply.com\/ca\/fr\/\",\"logo\":{\"@type\":\"ImageObject\",\"inLanguage\":\"fr-FR\",\"@id\":\"https:\/\/glassupply.com\/ca\/fr\/#\/schema\/logo\/image\/\",\"url\":\"https:\/\/staging.glassupply.com\/ca\/wp-content\/uploads\/sites\/5\/2023\/07\/logo.svg\",\"contentUrl\":\"https:\/\/staging.glassupply.com\/ca\/wp-content\/uploads\/sites\/5\/2023\/07\/logo.svg\",\"width\":310,\"height\":24,\"caption\":\"Glassupply.com\"},\"image\":{\"@id\":\"https:\/\/glassupply.com\/ca\/fr\/#\/schema\/logo\/image\/\"}}]}<\/script>\n<!-- \/ Yoast SEO plugin. -->","yoast_head_json":{"title":"90\u00b0 Wall Mount Support Bar - Glassupply (CA)","robots":{"index":"index","follow":"follow","max-snippet":"max-snippet:-1","max-image-preview":"max-image-preview:large","max-video-preview":"max-video-preview:-1"},"canonical":"https:\/\/glassupply.com\/ca\/fr\/produit\/90-wall-mount-support-bar\/","og_locale":"fr_CA","og_type":"article","og_title":"90\u00b0 Wall Mount Support Bar - Glassupply (CA)","og_description":"La barre de renfort murale \u00e0 90\u00b0 est con\u00e7ue pour offrir une stabilit\u00e9 suppl\u00e9mentaire aux panneaux de verre fixes dans les cabines de douche ou autres installations similaires. Elle peut \u00eatre mont\u00e9e \u00e0 un angle droit de 90 degr\u00e9s sur un mur et convient aux panneaux de verre d\u2019une \u00e9paisseur de 5\/16\u201d (8 mm) \u00e0 1\/2\u201d (12 mm).  Cette barre de soutien haut de gamme pr\u00e9sente une base au design moderne c\u00f4t\u00e9 mur et une extr\u00e9mit\u00e9 en forme de U pouvant pivoter pour fixer le panneau de verre. Des vis de fixation avec embouts en nylon sont incluses afin d\u2019\u00e9viter tout contact direct entre le verre et le m\u00e9tal et de maintenir fermement le panneau de verre en place. Aucune d\u00e9coupe ou per\u00e7age du verre n\u2019est requis pour l\u2019installation de cette barre de renfort.  Ce produit constitue un ajout pratique et \u00e9l\u00e9gant \u00e0 toute installation de douche, permettant d\u2019obtenir un look enti\u00e8rement sans cadre tout en assurant un bon niveau de soutien.  Vendu en longueur de 51\u201d (1,3 m), \u00e0 d\u00e9couper sur place selon les besoins. Les vis et chevilles murales en plastique sont incluses dans le kit.  Notre proc\u00e9d\u00e9 de finition de la quincaillerie de douche comprend trois m\u00e9thodes d\u2019application diff\u00e9rentes, chacune garantissant une finition durable, r\u00e9sistante \u00e0 la corrosion et esth\u00e9tiquement attrayante. Ces m\u00e9thodes incluent l\u2019\u00e9lectrophor\u00e8se (Noir Mat), le chromage (Chrome) et le nickelage (Nickel Bross\u00e9). Quelle que soit l\u2019option choisie, notre processus de finition assure un rendu beau et durable r\u00e9pondant aux normes les plus \u00e9lev\u00e9es de l\u2019industrie en mati\u00e8re de qualit\u00e9 et de durabilit\u00e9, offrant des performances exceptionnelles et un attrait visuel remarquable. LE KIT COMPREND    Produit R\u00e9f. Qt\u00e9   Tube de barre de soutien S-SB-TXX 1   Support de barre de renfort S-SB-UBXX 1   Support mural 90\u00b0 pour barre de renfort S-SB-WM90XX 1    SP\u00c9CIFICATIONS TECHNIQUES    \u00c9paisseur du verre de s\u00e9curit\u00e9 5\/16\u201d (8 mm) \u00e0 1\/2\u201d (12 mm)   Couleur\/Finition Chrome, Nickel Bross\u00e9, Noir Mat   Mat\u00e9riau de fabrication Acier inoxydable","og_url":"https:\/\/glassupply.com\/ca\/fr\/produit\/90-wall-mount-support-bar\/","og_site_name":"Glassupply (CA)","article_modified_time":"2025-06-05T14:40:16+00:00","og_image":[{"width":2000,"height":2000,"url":"https:\/\/glassupply.com\/ca\/wp-content\/uploads\/sites\/5\/2024\/04\/S-SB-KSB90CH.webp","type":"image\/webp"}],"twitter_card":"summary_large_image","twitter_misc":{"Est. reading time":"1 minute"},"schema":{"@context":"https:\/\/schema.org","@graph":[{"@type":"WebPage","@id":"https:\/\/glassupply.com\/ca\/fr\/produit\/90-wall-mount-support-bar\/","url":"https:\/\/glassupply.com\/ca\/fr\/produit\/90-wall-mount-support-bar\/","name":"90\u00b0 Wall Mount Support Bar - Glassupply (CA)","isPartOf":{"@id":"https:\/\/glassupply.com\/ca\/fr\/#website"},"primaryImageOfPage":{"@id":"https:\/\/glassupply.com\/ca\/fr\/produit\/90-wall-mount-support-bar\/#primaryimage"},"image":{"@id":"https:\/\/glassupply.com\/ca\/fr\/produit\/90-wall-mount-support-bar\/#primaryimage"},"thumbnailUrl":"https:\/\/glassupply.com\/ca\/wp-content\/uploads\/sites\/5\/2024\/04\/S-SB-KSB90CH.webp","datePublished":"2023-06-28T14:26:38+00:00","dateModified":"2025-06-05T14:40:16+00:00","breadcrumb":{"@id":"https:\/\/glassupply.com\/ca\/fr\/produit\/90-wall-mount-support-bar\/#breadcrumb"},"inLanguage":"fr-FR","potentialAction":[{"@type":"ReadAction","target":["https:\/\/glassupply.com\/ca\/fr\/produit\/90-wall-mount-support-bar\/"]}]},{"@type":"ImageObject","inLanguage":"fr-FR","@id":"https:\/\/glassupply.com\/ca\/fr\/produit\/90-wall-mount-support-bar\/#primaryimage","url":"https:\/\/glassupply.com\/ca\/wp-content\/uploads\/sites\/5\/2024\/04\/S-SB-KSB90CH.webp","contentUrl":"https:\/\/glassupply.com\/ca\/wp-content\/uploads\/sites\/5\/2024\/04\/S-SB-KSB90CH.webp","width":2000,"height":2000},{"@type":"BreadcrumbList","@id":"https:\/\/glassupply.com\/ca\/fr\/produit\/90-wall-mount-support-bar\/#breadcrumb","itemListElement":[{"@type":"ListItem","position":1,"name":"Home","item":"https:\/\/glassupply.com\/ca\/fr\/"},{"@type":"ListItem","position":2,"name":"Shop","item":"https:\/\/glassupply.com\/ca\/fr\/shop\/"},{"@type":"ListItem","position":3,"name":"90\u00b0 Wall Mount Support Bar"}]},{"@type":"WebSite","@id":"https:\/\/glassupply.com\/ca\/fr\/#website","url":"https:\/\/glassupply.com\/ca\/fr\/","name":"Glassupply.com","description":"From the manufacturer to your doorstep","publisher":{"@id":"https:\/\/glassupply.com\/ca\/fr\/#organization"},"potentialAction":[{"@type":"SearchAction","target":{"@type":"EntryPoint","urlTemplate":"https:\/\/glassupply.com\/ca\/fr\/?s={search_term_string}"},"query-input":{"@type":"PropertyValueSpecification","valueRequired":true,"valueName":"search_term_string"}}],"inLanguage":"fr-FR"},{"@type":"Organization","@id":"https:\/\/glassupply.com\/ca\/fr\/#organization","name":"Glassupply.com","url":"https:\/\/glassupply.com\/ca\/fr\/","logo":{"@type":"ImageObject","inLanguage":"fr-FR","@id":"https:\/\/glassupply.com\/ca\/fr\/#\/schema\/logo\/image\/","url":"https:\/\/staging.glassupply.com\/ca\/wp-content\/uploads\/sites\/5\/2023\/07\/logo.svg","contentUrl":"https:\/\/staging.glassupply.com\/ca\/wp-content\/uploads\/sites\/5\/2023\/07\/logo.svg","width":310,"height":24,"caption":"Glassupply.com"},"image":{"@id":"https:\/\/glassupply.com\/ca\/fr\/#\/schema\/logo\/image\/"}}]}},"_links":{"self":[{"href":"https:\/\/glassupply.com\/ca\/fr\/wp-json\/wp\/v2\/product\/2152","targetHints":{"allow":["GET"]}}],"collection":[{"href":"https:\/\/glassupply.com\/ca\/fr\/wp-json\/wp\/v2\/product"}],"about":[{"href":"https:\/\/glassupply.com\/ca\/fr\/wp-json\/wp\/v2\/types\/product"}],"replies":[{"embeddable":true,"href":"https:\/\/glassupply.com\/ca\/fr\/wp-json\/wp\/v2\/comments?post=2152"}],"wp:featuredmedia":[{"embeddable":true,"href":"https:\/\/glassupply.com\/ca\/fr\/wp-json\/wp\/v2\/media\/6149"}],"wp:attachment":[{"href":"https:\/\/glassupply.com\/ca\/fr\/wp-json\/wp\/v2\/media?parent=2152"}],"wp:term":[{"taxonomy":"product_brand","embeddable":true,"href":"https:\/\/glassupply.com\/ca\/fr\/wp-json\/wp\/v2\/product_brand?post=2152"},{"taxonomy":"product_cat","embeddable":true,"href":"https:\/\/glassupply.com\/ca\/fr\/wp-json\/wp\/v2\/product_cat?post=2152"},{"taxonomy":"product_tag","embeddable":true,"href":"https:\/\/glassupply.com\/ca\/fr\/wp-json\/wp\/v2\/product_tag?post=2152"}],"curies":[{"name":"wp","href":"https:\/\/api.w.org\/{rel}","templated":true}]}}