{"id":2160,"date":"2023-06-28T09:26:31","date_gmt":"2023-06-28T14:26:31","guid":{"rendered":"https:\/\/staging.glassupply.com\/ca\/product\/l-shaped-top-mounted-support-bar\/"},"modified":"2025-06-06T01:33:43","modified_gmt":"2025-06-06T06:33:43","slug":"l-shaped-top-mounted-support-bar","status":"publish","type":"product","link":"https:\/\/glassupply.com\/ca\/fr\/produit\/l-shaped-top-mounted-support-bar\/","title":{"rendered":"L Shaped Top Mounted Support Bar"},"content":{"rendered":"","protected":false},"excerpt":{"rendered":"<p><span style=\"font-weight: 400;\">La barre de support sup\u00e9rieure mont\u00e9e en L est con\u00e7ue pour fournir une stabilit\u00e9 suppl\u00e9mentaire aux panneaux de verre fixes dans les cabines de douche ou autres installations similaires. Elle peut \u00eatre mont\u00e9e \u00e0 un angle de 90 degr\u00e9s par rapport \u00e0 un mur adjacent et convient pour des panneaux de verre d\u2019une \u00e9paisseur de 5\/16\u201d (8 mm) \u00e0 1\/2\u201d (12 mm).<\/span><\/p>\n<p><span style=\"font-weight: 400;\">Cette barre de support haut de gamme pr\u00e9sente un design moderne avec des caches magn\u00e9tiques sans couture. Des vis de r\u00e9glage \u00e0 embout en nylon sont incluses pour aider \u00e0 pr\u00e9venir le contact verre-m\u00e9tal et maintenir solidement le panneau de verre en place. Aucune d\u00e9coupe ni trou dans le verre n\u2019est n\u00e9cessaire pour installer la barre de support.<\/span><\/p>\n<p><span style=\"font-weight: 400;\">Ce produit est un ajout utile et \u00e9l\u00e9gant \u00e0 toute installation de douche pour obtenir un aspect enti\u00e8rement sans cadre tout en conservant un bon niveau de support.<\/span><\/p>\n<p><span style=\"font-weight: 400;\">Les vis et les chevilles murales en plastique pour l\u2019installation sont incluses dans le kit.<\/span><\/p>\n<p><span style=\"font-weight: 400;\">Notre proc\u00e9d\u00e9 de finition pour la quincaillerie de douche comprend trois m\u00e9thodes diff\u00e9rentes, chacune aboutissant \u00e0 une finition durable, r\u00e9sistante \u00e0 la corrosion et esth\u00e9tiquement attrayante. Ces m\u00e9thodes incluent l\u2019\u00e9lectrophor\u00e8se (Noir Mat), le chromage (Chrome) et le nickelage (Nickel Bross\u00e9). Quelle que soit l\u2019option choisie, notre proc\u00e9d\u00e9 garantit une finition belle et durable, conforme aux normes les plus \u00e9lev\u00e9es de qualit\u00e9 et de durabilit\u00e9, offrant des performances exceptionnelles et un attrait visuel remarquable.<\/span><\/p>\n<p><span style=\"font-weight: 400;\">Veuillez pr\u00e9ciser la couleur et le c\u00f4t\u00e9 de finition.<\/span><\/p>\n<p><span style=\"font-weight: 400;\">Vendu \u00e0 l\u2019unit\u00e9, Qt\u00e9 1 = 1 barre de support.<\/span><\/p>\n<h2><b>SP\u00c9CIFICATIONS TECHNIQUES<\/b><\/h2>\n<table>\n<tbody>\n<tr>\n<td><b>\u00c9paisseur du verre de s\u00e9curit\u00e9<\/b><\/td>\n<td><span style=\"font-weight: 400;\">5\/16\u201d (8 mm) \u00e0 1\/2\u201d (12 mm)<\/span><\/td>\n<\/tr>\n<tr>\n<td><b>Couleur\/Finition<\/b><\/td>\n<td><span style=\"font-weight: 400;\">Chrome, Nickel Bross\u00e9, Noir Mat<\/span><\/td>\n<\/tr>\n<tr>\n<td><b>Mat\u00e9riau de fabrication<\/b><\/td>\n<td><span style=\"font-weight: 400;\">Acier inoxydable<\/span><\/td>\n<\/tr>\n<\/tbody>\n<\/table>\n<p>&nbsp;<\/p>\n","protected":false},"featured_media":1774,"comment_status":"closed","ping_status":"closed","template":"","meta":{"_acf_changed":false,"inline_featured_image":false},"product_brand":[],"product_cat":[73],"product_tag":[],"class_list":{"0":"post-2160","1":"product","2":"type-product","3":"status-publish","4":"has-post-thumbnail","6":"product_cat-shower-hardware-fr","8":"first","9":"instock","10":"taxable","11":"shipping-taxable","12":"purchasable","13":"product-type-variable","14":"has-default-attributes"},"acf":[],"yoast_head":"<!-- This site is optimized with the Yoast SEO plugin v26.9 - https:\/\/yoast.com\/product\/yoast-seo-wordpress\/ -->\n<title>L Shaped Top Mounted Support Bar - Glassupply (CA)<\/title>\n<meta name=\"robots\" content=\"index, follow, max-snippet:-1, max-image-preview:large, max-video-preview:-1\" \/>\n<link rel=\"canonical\" href=\"https:\/\/glassupply.com\/ca\/fr\/produit\/l-shaped-top-mounted-support-bar\/\" \/>\n<meta property=\"og:locale\" content=\"fr_CA\" \/>\n<meta property=\"og:type\" content=\"article\" \/>\n<meta property=\"og:title\" content=\"L Shaped Top Mounted Support Bar - Glassupply (CA)\" \/>\n<meta property=\"og:description\" content=\"La barre de support sup\u00e9rieure mont\u00e9e en L est con\u00e7ue pour fournir une stabilit\u00e9 suppl\u00e9mentaire aux panneaux de verre fixes dans les cabines de douche ou autres installations similaires. Elle peut \u00eatre mont\u00e9e \u00e0 un angle de 90 degr\u00e9s par rapport \u00e0 un mur adjacent et convient pour des panneaux de verre d\u2019une \u00e9paisseur de 5\/16\u201d (8 mm) \u00e0 1\/2\u201d (12 mm).  Cette barre de support haut de gamme pr\u00e9sente un design moderne avec des caches magn\u00e9tiques sans couture. Des vis de r\u00e9glage \u00e0 embout en nylon sont incluses pour aider \u00e0 pr\u00e9venir le contact verre-m\u00e9tal et maintenir solidement le panneau de verre en place. Aucune d\u00e9coupe ni trou dans le verre n\u2019est n\u00e9cessaire pour installer la barre de support.  Ce produit est un ajout utile et \u00e9l\u00e9gant \u00e0 toute installation de douche pour obtenir un aspect enti\u00e8rement sans cadre tout en conservant un bon niveau de support.  Les vis et les chevilles murales en plastique pour l\u2019installation sont incluses dans le kit.  Notre proc\u00e9d\u00e9 de finition pour la quincaillerie de douche comprend trois m\u00e9thodes diff\u00e9rentes, chacune aboutissant \u00e0 une finition durable, r\u00e9sistante \u00e0 la corrosion et esth\u00e9tiquement attrayante. Ces m\u00e9thodes incluent l\u2019\u00e9lectrophor\u00e8se (Noir Mat), le chromage (Chrome) et le nickelage (Nickel Bross\u00e9). Quelle que soit l\u2019option choisie, notre proc\u00e9d\u00e9 garantit une finition belle et durable, conforme aux normes les plus \u00e9lev\u00e9es de qualit\u00e9 et de durabilit\u00e9, offrant des performances exceptionnelles et un attrait visuel remarquable.  Veuillez pr\u00e9ciser la couleur et le c\u00f4t\u00e9 de finition.  Vendu \u00e0 l\u2019unit\u00e9, Qt\u00e9 1 = 1 barre de support. SP\u00c9CIFICATIONS TECHNIQUES    \u00c9paisseur du verre de s\u00e9curit\u00e9 5\/16\u201d (8 mm) \u00e0 1\/2\u201d (12 mm)   Couleur\/Finition Chrome, Nickel Bross\u00e9, Noir Mat   Mat\u00e9riau de fabrication Acier inoxydable    &nbsp;\" \/>\n<meta property=\"og:url\" content=\"https:\/\/glassupply.com\/ca\/fr\/produit\/l-shaped-top-mounted-support-bar\/\" \/>\n<meta property=\"og:site_name\" content=\"Glassupply (CA)\" \/>\n<meta property=\"article:modified_time\" content=\"2025-06-06T06:33:43+00:00\" \/>\n<meta property=\"og:image\" content=\"https:\/\/glassupply.com\/ca\/wp-content\/uploads\/sites\/5\/2023\/06\/S-SB-LSLCH-Product-Image.webp\" \/>\n\t<meta property=\"og:image:width\" content=\"1000\" \/>\n\t<meta property=\"og:image:height\" content=\"1000\" \/>\n\t<meta property=\"og:image:type\" content=\"image\/webp\" \/>\n<meta name=\"twitter:card\" content=\"summary_large_image\" \/>\n<meta name=\"twitter:label1\" content=\"Est. reading time\" \/>\n\t<meta name=\"twitter:data1\" content=\"1 minute\" \/>\n<script type=\"application\/ld+json\" class=\"yoast-schema-graph\">{\"@context\":\"https:\/\/schema.org\",\"@graph\":[{\"@type\":\"WebPage\",\"@id\":\"https:\/\/glassupply.com\/ca\/fr\/produit\/l-shaped-top-mounted-support-bar\/\",\"url\":\"https:\/\/glassupply.com\/ca\/fr\/produit\/l-shaped-top-mounted-support-bar\/\",\"name\":\"L Shaped Top Mounted Support Bar - Glassupply (CA)\",\"isPartOf\":{\"@id\":\"https:\/\/glassupply.com\/ca\/fr\/#website\"},\"primaryImageOfPage\":{\"@id\":\"https:\/\/glassupply.com\/ca\/fr\/produit\/l-shaped-top-mounted-support-bar\/#primaryimage\"},\"image\":{\"@id\":\"https:\/\/glassupply.com\/ca\/fr\/produit\/l-shaped-top-mounted-support-bar\/#primaryimage\"},\"thumbnailUrl\":\"https:\/\/glassupply.com\/ca\/wp-content\/uploads\/sites\/5\/2023\/06\/S-SB-LSLCH-Product-Image.webp\",\"datePublished\":\"2023-06-28T14:26:31+00:00\",\"dateModified\":\"2025-06-06T06:33:43+00:00\",\"breadcrumb\":{\"@id\":\"https:\/\/glassupply.com\/ca\/fr\/produit\/l-shaped-top-mounted-support-bar\/#breadcrumb\"},\"inLanguage\":\"fr-FR\",\"potentialAction\":[{\"@type\":\"ReadAction\",\"target\":[\"https:\/\/glassupply.com\/ca\/fr\/produit\/l-shaped-top-mounted-support-bar\/\"]}]},{\"@type\":\"ImageObject\",\"inLanguage\":\"fr-FR\",\"@id\":\"https:\/\/glassupply.com\/ca\/fr\/produit\/l-shaped-top-mounted-support-bar\/#primaryimage\",\"url\":\"https:\/\/glassupply.com\/ca\/wp-content\/uploads\/sites\/5\/2023\/06\/S-SB-LSLCH-Product-Image.webp\",\"contentUrl\":\"https:\/\/glassupply.com\/ca\/wp-content\/uploads\/sites\/5\/2023\/06\/S-SB-LSLCH-Product-Image.webp\",\"width\":1000,\"height\":1000},{\"@type\":\"BreadcrumbList\",\"@id\":\"https:\/\/glassupply.com\/ca\/fr\/produit\/l-shaped-top-mounted-support-bar\/#breadcrumb\",\"itemListElement\":[{\"@type\":\"ListItem\",\"position\":1,\"name\":\"Home\",\"item\":\"https:\/\/glassupply.com\/ca\/fr\/\"},{\"@type\":\"ListItem\",\"position\":2,\"name\":\"Shop\",\"item\":\"https:\/\/glassupply.com\/ca\/fr\/shop\/\"},{\"@type\":\"ListItem\",\"position\":3,\"name\":\"L Shaped Top Mounted Support Bar\"}]},{\"@type\":\"WebSite\",\"@id\":\"https:\/\/glassupply.com\/ca\/fr\/#website\",\"url\":\"https:\/\/glassupply.com\/ca\/fr\/\",\"name\":\"Glassupply.com\",\"description\":\"From the manufacturer to your doorstep\",\"publisher\":{\"@id\":\"https:\/\/glassupply.com\/ca\/fr\/#organization\"},\"potentialAction\":[{\"@type\":\"SearchAction\",\"target\":{\"@type\":\"EntryPoint\",\"urlTemplate\":\"https:\/\/glassupply.com\/ca\/fr\/?s={search_term_string}\"},\"query-input\":{\"@type\":\"PropertyValueSpecification\",\"valueRequired\":true,\"valueName\":\"search_term_string\"}}],\"inLanguage\":\"fr-FR\"},{\"@type\":\"Organization\",\"@id\":\"https:\/\/glassupply.com\/ca\/fr\/#organization\",\"name\":\"Glassupply.com\",\"url\":\"https:\/\/glassupply.com\/ca\/fr\/\",\"logo\":{\"@type\":\"ImageObject\",\"inLanguage\":\"fr-FR\",\"@id\":\"https:\/\/glassupply.com\/ca\/fr\/#\/schema\/logo\/image\/\",\"url\":\"https:\/\/staging.glassupply.com\/ca\/wp-content\/uploads\/sites\/5\/2023\/07\/logo.svg\",\"contentUrl\":\"https:\/\/staging.glassupply.com\/ca\/wp-content\/uploads\/sites\/5\/2023\/07\/logo.svg\",\"width\":310,\"height\":24,\"caption\":\"Glassupply.com\"},\"image\":{\"@id\":\"https:\/\/glassupply.com\/ca\/fr\/#\/schema\/logo\/image\/\"}}]}<\/script>\n<!-- \/ Yoast SEO plugin. -->","yoast_head_json":{"title":"L Shaped Top Mounted Support Bar - Glassupply (CA)","robots":{"index":"index","follow":"follow","max-snippet":"max-snippet:-1","max-image-preview":"max-image-preview:large","max-video-preview":"max-video-preview:-1"},"canonical":"https:\/\/glassupply.com\/ca\/fr\/produit\/l-shaped-top-mounted-support-bar\/","og_locale":"fr_CA","og_type":"article","og_title":"L Shaped Top Mounted Support Bar - Glassupply (CA)","og_description":"La barre de support sup\u00e9rieure mont\u00e9e en L est con\u00e7ue pour fournir une stabilit\u00e9 suppl\u00e9mentaire aux panneaux de verre fixes dans les cabines de douche ou autres installations similaires. Elle peut \u00eatre mont\u00e9e \u00e0 un angle de 90 degr\u00e9s par rapport \u00e0 un mur adjacent et convient pour des panneaux de verre d\u2019une \u00e9paisseur de 5\/16\u201d (8 mm) \u00e0 1\/2\u201d (12 mm).  Cette barre de support haut de gamme pr\u00e9sente un design moderne avec des caches magn\u00e9tiques sans couture. Des vis de r\u00e9glage \u00e0 embout en nylon sont incluses pour aider \u00e0 pr\u00e9venir le contact verre-m\u00e9tal et maintenir solidement le panneau de verre en place. Aucune d\u00e9coupe ni trou dans le verre n\u2019est n\u00e9cessaire pour installer la barre de support.  Ce produit est un ajout utile et \u00e9l\u00e9gant \u00e0 toute installation de douche pour obtenir un aspect enti\u00e8rement sans cadre tout en conservant un bon niveau de support.  Les vis et les chevilles murales en plastique pour l\u2019installation sont incluses dans le kit.  Notre proc\u00e9d\u00e9 de finition pour la quincaillerie de douche comprend trois m\u00e9thodes diff\u00e9rentes, chacune aboutissant \u00e0 une finition durable, r\u00e9sistante \u00e0 la corrosion et esth\u00e9tiquement attrayante. Ces m\u00e9thodes incluent l\u2019\u00e9lectrophor\u00e8se (Noir Mat), le chromage (Chrome) et le nickelage (Nickel Bross\u00e9). Quelle que soit l\u2019option choisie, notre proc\u00e9d\u00e9 garantit une finition belle et durable, conforme aux normes les plus \u00e9lev\u00e9es de qualit\u00e9 et de durabilit\u00e9, offrant des performances exceptionnelles et un attrait visuel remarquable.  Veuillez pr\u00e9ciser la couleur et le c\u00f4t\u00e9 de finition.  Vendu \u00e0 l\u2019unit\u00e9, Qt\u00e9 1 = 1 barre de support. SP\u00c9CIFICATIONS TECHNIQUES    \u00c9paisseur du verre de s\u00e9curit\u00e9 5\/16\u201d (8 mm) \u00e0 1\/2\u201d (12 mm)   Couleur\/Finition Chrome, Nickel Bross\u00e9, Noir Mat   Mat\u00e9riau de fabrication Acier inoxydable    &nbsp;","og_url":"https:\/\/glassupply.com\/ca\/fr\/produit\/l-shaped-top-mounted-support-bar\/","og_site_name":"Glassupply (CA)","article_modified_time":"2025-06-06T06:33:43+00:00","og_image":[{"width":1000,"height":1000,"url":"https:\/\/glassupply.com\/ca\/wp-content\/uploads\/sites\/5\/2023\/06\/S-SB-LSLCH-Product-Image.webp","type":"image\/webp"}],"twitter_card":"summary_large_image","twitter_misc":{"Est. reading time":"1 minute"},"schema":{"@context":"https:\/\/schema.org","@graph":[{"@type":"WebPage","@id":"https:\/\/glassupply.com\/ca\/fr\/produit\/l-shaped-top-mounted-support-bar\/","url":"https:\/\/glassupply.com\/ca\/fr\/produit\/l-shaped-top-mounted-support-bar\/","name":"L Shaped Top Mounted Support Bar - Glassupply (CA)","isPartOf":{"@id":"https:\/\/glassupply.com\/ca\/fr\/#website"},"primaryImageOfPage":{"@id":"https:\/\/glassupply.com\/ca\/fr\/produit\/l-shaped-top-mounted-support-bar\/#primaryimage"},"image":{"@id":"https:\/\/glassupply.com\/ca\/fr\/produit\/l-shaped-top-mounted-support-bar\/#primaryimage"},"thumbnailUrl":"https:\/\/glassupply.com\/ca\/wp-content\/uploads\/sites\/5\/2023\/06\/S-SB-LSLCH-Product-Image.webp","datePublished":"2023-06-28T14:26:31+00:00","dateModified":"2025-06-06T06:33:43+00:00","breadcrumb":{"@id":"https:\/\/glassupply.com\/ca\/fr\/produit\/l-shaped-top-mounted-support-bar\/#breadcrumb"},"inLanguage":"fr-FR","potentialAction":[{"@type":"ReadAction","target":["https:\/\/glassupply.com\/ca\/fr\/produit\/l-shaped-top-mounted-support-bar\/"]}]},{"@type":"ImageObject","inLanguage":"fr-FR","@id":"https:\/\/glassupply.com\/ca\/fr\/produit\/l-shaped-top-mounted-support-bar\/#primaryimage","url":"https:\/\/glassupply.com\/ca\/wp-content\/uploads\/sites\/5\/2023\/06\/S-SB-LSLCH-Product-Image.webp","contentUrl":"https:\/\/glassupply.com\/ca\/wp-content\/uploads\/sites\/5\/2023\/06\/S-SB-LSLCH-Product-Image.webp","width":1000,"height":1000},{"@type":"BreadcrumbList","@id":"https:\/\/glassupply.com\/ca\/fr\/produit\/l-shaped-top-mounted-support-bar\/#breadcrumb","itemListElement":[{"@type":"ListItem","position":1,"name":"Home","item":"https:\/\/glassupply.com\/ca\/fr\/"},{"@type":"ListItem","position":2,"name":"Shop","item":"https:\/\/glassupply.com\/ca\/fr\/shop\/"},{"@type":"ListItem","position":3,"name":"L Shaped Top Mounted Support Bar"}]},{"@type":"WebSite","@id":"https:\/\/glassupply.com\/ca\/fr\/#website","url":"https:\/\/glassupply.com\/ca\/fr\/","name":"Glassupply.com","description":"From the manufacturer to your doorstep","publisher":{"@id":"https:\/\/glassupply.com\/ca\/fr\/#organization"},"potentialAction":[{"@type":"SearchAction","target":{"@type":"EntryPoint","urlTemplate":"https:\/\/glassupply.com\/ca\/fr\/?s={search_term_string}"},"query-input":{"@type":"PropertyValueSpecification","valueRequired":true,"valueName":"search_term_string"}}],"inLanguage":"fr-FR"},{"@type":"Organization","@id":"https:\/\/glassupply.com\/ca\/fr\/#organization","name":"Glassupply.com","url":"https:\/\/glassupply.com\/ca\/fr\/","logo":{"@type":"ImageObject","inLanguage":"fr-FR","@id":"https:\/\/glassupply.com\/ca\/fr\/#\/schema\/logo\/image\/","url":"https:\/\/staging.glassupply.com\/ca\/wp-content\/uploads\/sites\/5\/2023\/07\/logo.svg","contentUrl":"https:\/\/staging.glassupply.com\/ca\/wp-content\/uploads\/sites\/5\/2023\/07\/logo.svg","width":310,"height":24,"caption":"Glassupply.com"},"image":{"@id":"https:\/\/glassupply.com\/ca\/fr\/#\/schema\/logo\/image\/"}}]}},"_links":{"self":[{"href":"https:\/\/glassupply.com\/ca\/fr\/wp-json\/wp\/v2\/product\/2160","targetHints":{"allow":["GET"]}}],"collection":[{"href":"https:\/\/glassupply.com\/ca\/fr\/wp-json\/wp\/v2\/product"}],"about":[{"href":"https:\/\/glassupply.com\/ca\/fr\/wp-json\/wp\/v2\/types\/product"}],"replies":[{"embeddable":true,"href":"https:\/\/glassupply.com\/ca\/fr\/wp-json\/wp\/v2\/comments?post=2160"}],"wp:featuredmedia":[{"embeddable":true,"href":"https:\/\/glassupply.com\/ca\/fr\/wp-json\/wp\/v2\/media\/1774"}],"wp:attachment":[{"href":"https:\/\/glassupply.com\/ca\/fr\/wp-json\/wp\/v2\/media?parent=2160"}],"wp:term":[{"taxonomy":"product_brand","embeddable":true,"href":"https:\/\/glassupply.com\/ca\/fr\/wp-json\/wp\/v2\/product_brand?post=2160"},{"taxonomy":"product_cat","embeddable":true,"href":"https:\/\/glassupply.com\/ca\/fr\/wp-json\/wp\/v2\/product_cat?post=2160"},{"taxonomy":"product_tag","embeddable":true,"href":"https:\/\/glassupply.com\/ca\/fr\/wp-json\/wp\/v2\/product_tag?post=2160"}],"curies":[{"name":"wp","href":"https:\/\/api.w.org\/{rel}","templated":true}]}}