{"id":2238,"date":"2023-06-28T09:26:06","date_gmt":"2023-06-28T09:26:06","guid":{"rendered":"https:\/\/staging.glassupply.com\/ca\/product\/gs-low-profile-graspable-top-rail\/"},"modified":"2026-02-12T07:43:48","modified_gmt":"2026-02-12T12:43:48","slug":"gs-low-profile-graspable-top-rail","status":"publish","type":"product","link":"https:\/\/glassupply.com\/ca\/fr\/produit\/gs-low-profile-graspable-top-rail\/","title":{"rendered":"GS Low Profile Graspable Top Rail"},"content":{"rendered":"","protected":false},"excerpt":{"rendered":"<p><span style=\"font-weight: 400;\">La main courante basse profil\u00e9e GS est un composant utilis\u00e9 pour offrir une prise s\u00fbre et s\u00e9curis\u00e9e aux utilisateurs lorsqu\u2019ils montent ou descendent des escaliers. Elle sert \u00e9galement de barri\u00e8re dans un syst\u00e8me de balustrade en verre sans cadre.<\/span><\/p>\n<p><span style=\"font-weight: 400;\">Fabriqu\u00e9e avec des alliages en acier inoxydable 316 de la plus haute qualit\u00e9, notre main courante haut de gamme offre non seulement une excellente r\u00e9sistance \u00e0 la corrosion, mais aussi un attrait esth\u00e9tique incomparable qui am\u00e9liorera l\u2019apparence g\u00e9n\u00e9rale de tout projet. Que vous construisiez un espace de vie ext\u00e9rieur moderne ou une zone de piscine \u00e9l\u00e9gante et styl\u00e9e, notre main courante en acier inoxydable 316 est le choix parfait pour ceux qui recherchent durabilit\u00e9, fiabilit\u00e9 et esth\u00e9tique. Avec sa performance durable, ses faibles besoins d\u2019entretien et son exceptionnelle polyvalence, notre main courante en acier inoxydable 316 est la solution ultime pour tout projet exigeant un mat\u00e9riau de la plus haute qualit\u00e9 tout en garantissant une performance longue dur\u00e9e m\u00eame dans les environnements les plus difficiles.<\/span><\/p>\n<p><span style=\"font-weight: 400;\">Choisissez une finition en acier inoxydable poli (bross\u00e9) ou une finition noire mate lisse, appliqu\u00e9e par poudrage \u00e9lectrostatique et cuite au four pour une surface r\u00e9sistante aux rayures et prot\u00e9g\u00e9e contre les intemp\u00e9ries. Id\u00e9ale pour les applications int\u00e9rieures et ext\u00e9rieures, elle offre une excellente r\u00e9sistance \u00e0 la corrosion, ce qui la rend parfaite pour les structures expos\u00e9es \u00e0 un fort degr\u00e9 de corrosion, telles que les r\u00e9gions c\u00f4ti\u00e8res et les environnements de piscines.<\/span><\/p>\n<p><b>Instructions :<\/b><\/p>\n<p><span style=\"font-weight: 400;\">La longueur standard de nos mains courantes est de 98\u201d, pour les commandes en ligne standard, la longueur maximale d\u2019exp\u00e9dition est de 98\u201d (emball\u00e9e dans un tube en carton). La main courante est vendue en deux tailles diff\u00e9rentes : 49\u201d (demi-longueur) ou 98\u201d (longueur compl\u00e8te)<\/span><\/p>\n<p><span style=\"font-weight: 400;\">Par exemple : si la quantit\u00e9 s\u00e9lectionn\u00e9e = 1<\/span><\/p>\n<p><span style=\"font-weight: 400;\">et si la longueur s\u00e9lectionn\u00e9e = 49\u201d<\/span><\/p>\n<p><span style=\"font-weight: 400;\">Vous recevrez 1 pi\u00e8ce de main courante de 49\u201d<\/span><\/p>\n<p><span style=\"font-weight: 400;\">Si vous avez besoin de grandes quantit\u00e9s, veuillez nous contacter, nous \u00e9tablirons un devis manuel pour le mat\u00e9riel et les frais d\u2019exp\u00e9dition.<\/span><\/p>\n<p><span style=\"font-weight: 400;\">Le joint pour main courante R-TR-GASKET est vendu s\u00e9par\u00e9ment<\/span><\/p>\n<h2><strong>SP\u00c9CIFICATIONS TECHNIQUES<\/strong><\/h2>\n<table>\n<tbody>\n<tr>\n<td><b>\u00c9paisseur du verre de s\u00e9curit\u00e9<\/b><\/td>\n<td><span style=\"font-weight: 400;\">1\/2\u201d (12 mm)<\/span><\/td>\n<\/tr>\n<tr>\n<td><b>Couleur\/Finition<\/b><\/td>\n<td><span style=\"font-weight: 400;\">Noir mat, acier inoxydable poli<\/span><\/td>\n<\/tr>\n<tr>\n<td><b>Mat\u00e9riau de fabrication<\/b><\/td>\n<td><span style=\"font-weight: 400;\">Acier inoxydable AISI 316<\/span><\/td>\n<\/tr>\n<tr>\n<td><b>Usage recommand\u00e9<\/b><\/td>\n<td><span style=\"font-weight: 400;\">Int\u00e9rieur, ext\u00e9rieur<\/span><\/td>\n<\/tr>\n<\/tbody>\n<\/table>\n","protected":false},"featured_media":1680,"comment_status":"closed","ping_status":"closed","template":"","meta":{"_acf_changed":false,"inline_featured_image":false},"product_brand":[],"product_cat":[86,71,131],"product_tag":[],"class_list":{"0":"post-2238","1":"product","2":"type-product","3":"status-publish","4":"has-post-thumbnail","6":"product_cat-glass-hardware-fr","7":"product_cat-glass-fence-railing-hardware-fr","8":"product_cat-top-rail-fr","10":"first","11":"instock","12":"taxable","13":"shipping-taxable","14":"purchasable","15":"product-type-variable","16":"has-default-attributes"},"acf":[],"yoast_head":"<!-- This site is optimized with the Yoast SEO plugin v26.9 - https:\/\/yoast.com\/product\/yoast-seo-wordpress\/ -->\n<title>GS Low Profile Graspable Top Rail - Glassupply (CA)<\/title>\n<meta name=\"robots\" content=\"index, follow, max-snippet:-1, max-image-preview:large, max-video-preview:-1\" \/>\n<link rel=\"canonical\" href=\"https:\/\/glassupply.com\/ca\/fr\/produit\/gs-low-profile-graspable-top-rail\/\" \/>\n<meta property=\"og:locale\" content=\"fr_CA\" \/>\n<meta property=\"og:type\" content=\"article\" \/>\n<meta property=\"og:title\" content=\"GS Low Profile Graspable Top Rail - Glassupply (CA)\" \/>\n<meta property=\"og:description\" content=\"La main courante basse profil\u00e9e GS est un composant utilis\u00e9 pour offrir une prise s\u00fbre et s\u00e9curis\u00e9e aux utilisateurs lorsqu\u2019ils montent ou descendent des escaliers. Elle sert \u00e9galement de barri\u00e8re dans un syst\u00e8me de balustrade en verre sans cadre.  Fabriqu\u00e9e avec des alliages en acier inoxydable 316 de la plus haute qualit\u00e9, notre main courante haut de gamme offre non seulement une excellente r\u00e9sistance \u00e0 la corrosion, mais aussi un attrait esth\u00e9tique incomparable qui am\u00e9liorera l\u2019apparence g\u00e9n\u00e9rale de tout projet. Que vous construisiez un espace de vie ext\u00e9rieur moderne ou une zone de piscine \u00e9l\u00e9gante et styl\u00e9e, notre main courante en acier inoxydable 316 est le choix parfait pour ceux qui recherchent durabilit\u00e9, fiabilit\u00e9 et esth\u00e9tique. Avec sa performance durable, ses faibles besoins d\u2019entretien et son exceptionnelle polyvalence, notre main courante en acier inoxydable 316 est la solution ultime pour tout projet exigeant un mat\u00e9riau de la plus haute qualit\u00e9 tout en garantissant une performance longue dur\u00e9e m\u00eame dans les environnements les plus difficiles.  Choisissez une finition en acier inoxydable poli (bross\u00e9) ou une finition noire mate lisse, appliqu\u00e9e par poudrage \u00e9lectrostatique et cuite au four pour une surface r\u00e9sistante aux rayures et prot\u00e9g\u00e9e contre les intemp\u00e9ries. Id\u00e9ale pour les applications int\u00e9rieures et ext\u00e9rieures, elle offre une excellente r\u00e9sistance \u00e0 la corrosion, ce qui la rend parfaite pour les structures expos\u00e9es \u00e0 un fort degr\u00e9 de corrosion, telles que les r\u00e9gions c\u00f4ti\u00e8res et les environnements de piscines.  Instructions :  La longueur standard de nos mains courantes est de 98\u201d, pour les commandes en ligne standard, la longueur maximale d\u2019exp\u00e9dition est de 98\u201d (emball\u00e9e dans un tube en carton). La main courante est vendue en deux tailles diff\u00e9rentes : 49\u201d (demi-longueur) ou 98\u201d (longueur compl\u00e8te)  Par exemple : si la quantit\u00e9 s\u00e9lectionn\u00e9e = 1  et si la longueur s\u00e9lectionn\u00e9e = 49\u201d  Vous recevrez 1 pi\u00e8ce de main courante de 49\u201d  Si vous avez besoin de grandes quantit\u00e9s, veuillez nous contacter, nous \u00e9tablirons un devis manuel pour le mat\u00e9riel et les frais d\u2019exp\u00e9dition.  Le joint pour main courante R-TR-GASKET est vendu s\u00e9par\u00e9ment SP\u00c9CIFICATIONS TECHNIQUES    \u00c9paisseur du verre de s\u00e9curit\u00e9 1\/2\u201d (12 mm)   Couleur\/Finition Noir mat, acier inoxydable poli   Mat\u00e9riau de fabrication Acier inoxydable AISI 316   Usage recommand\u00e9 Int\u00e9rieur, ext\u00e9rieur\" \/>\n<meta property=\"og:url\" content=\"https:\/\/glassupply.com\/ca\/fr\/produit\/gs-low-profile-graspable-top-rail\/\" \/>\n<meta property=\"og:site_name\" content=\"Glassupply (CA)\" \/>\n<meta property=\"article:modified_time\" content=\"2026-02-12T12:43:48+00:00\" \/>\n<meta property=\"og:image\" content=\"https:\/\/glassupply.com\/ca\/wp-content\/uploads\/sites\/5\/2023\/06\/R-TR-RSS-Product-Image.webp\" \/>\n\t<meta property=\"og:image:width\" content=\"2500\" \/>\n\t<meta property=\"og:image:height\" content=\"2500\" \/>\n\t<meta property=\"og:image:type\" content=\"image\/webp\" \/>\n<meta name=\"twitter:card\" content=\"summary_large_image\" \/>\n<meta name=\"twitter:label1\" content=\"Est. reading time\" \/>\n\t<meta name=\"twitter:data1\" content=\"1 minute\" \/>\n<script type=\"application\/ld+json\" class=\"yoast-schema-graph\">{\"@context\":\"https:\/\/schema.org\",\"@graph\":[{\"@type\":\"WebPage\",\"@id\":\"https:\/\/glassupply.com\/ca\/fr\/produit\/gs-low-profile-graspable-top-rail\/\",\"url\":\"https:\/\/glassupply.com\/ca\/fr\/produit\/gs-low-profile-graspable-top-rail\/\",\"name\":\"GS Low Profile Graspable Top Rail - Glassupply (CA)\",\"isPartOf\":{\"@id\":\"https:\/\/glassupply.com\/ca\/fr\/#website\"},\"primaryImageOfPage\":{\"@id\":\"https:\/\/glassupply.com\/ca\/fr\/produit\/gs-low-profile-graspable-top-rail\/#primaryimage\"},\"image\":{\"@id\":\"https:\/\/glassupply.com\/ca\/fr\/produit\/gs-low-profile-graspable-top-rail\/#primaryimage\"},\"thumbnailUrl\":\"https:\/\/glassupply.com\/ca\/wp-content\/uploads\/sites\/5\/2023\/06\/R-TR-RSS-Product-Image.webp\",\"datePublished\":\"2023-06-28T09:26:06+00:00\",\"dateModified\":\"2026-02-12T12:43:48+00:00\",\"breadcrumb\":{\"@id\":\"https:\/\/glassupply.com\/ca\/fr\/produit\/gs-low-profile-graspable-top-rail\/#breadcrumb\"},\"inLanguage\":\"fr-FR\",\"potentialAction\":[{\"@type\":\"ReadAction\",\"target\":[\"https:\/\/glassupply.com\/ca\/fr\/produit\/gs-low-profile-graspable-top-rail\/\"]}]},{\"@type\":\"ImageObject\",\"inLanguage\":\"fr-FR\",\"@id\":\"https:\/\/glassupply.com\/ca\/fr\/produit\/gs-low-profile-graspable-top-rail\/#primaryimage\",\"url\":\"https:\/\/glassupply.com\/ca\/wp-content\/uploads\/sites\/5\/2023\/06\/R-TR-RSS-Product-Image.webp\",\"contentUrl\":\"https:\/\/glassupply.com\/ca\/wp-content\/uploads\/sites\/5\/2023\/06\/R-TR-RSS-Product-Image.webp\",\"width\":2500,\"height\":2500},{\"@type\":\"BreadcrumbList\",\"@id\":\"https:\/\/glassupply.com\/ca\/fr\/produit\/gs-low-profile-graspable-top-rail\/#breadcrumb\",\"itemListElement\":[{\"@type\":\"ListItem\",\"position\":1,\"name\":\"Home\",\"item\":\"https:\/\/glassupply.com\/ca\/fr\/\"},{\"@type\":\"ListItem\",\"position\":2,\"name\":\"Shop\",\"item\":\"https:\/\/glassupply.com\/ca\/fr\/shop\/\"},{\"@type\":\"ListItem\",\"position\":3,\"name\":\"GS Low Profile Graspable Top Rail\"}]},{\"@type\":\"WebSite\",\"@id\":\"https:\/\/glassupply.com\/ca\/fr\/#website\",\"url\":\"https:\/\/glassupply.com\/ca\/fr\/\",\"name\":\"Glassupply.com\",\"description\":\"From the manufacturer to your doorstep\",\"publisher\":{\"@id\":\"https:\/\/glassupply.com\/ca\/fr\/#organization\"},\"potentialAction\":[{\"@type\":\"SearchAction\",\"target\":{\"@type\":\"EntryPoint\",\"urlTemplate\":\"https:\/\/glassupply.com\/ca\/fr\/?s={search_term_string}\"},\"query-input\":{\"@type\":\"PropertyValueSpecification\",\"valueRequired\":true,\"valueName\":\"search_term_string\"}}],\"inLanguage\":\"fr-FR\"},{\"@type\":\"Organization\",\"@id\":\"https:\/\/glassupply.com\/ca\/fr\/#organization\",\"name\":\"Glassupply.com\",\"url\":\"https:\/\/glassupply.com\/ca\/fr\/\",\"logo\":{\"@type\":\"ImageObject\",\"inLanguage\":\"fr-FR\",\"@id\":\"https:\/\/glassupply.com\/ca\/fr\/#\/schema\/logo\/image\/\",\"url\":\"https:\/\/staging.glassupply.com\/ca\/wp-content\/uploads\/sites\/5\/2023\/07\/logo.svg\",\"contentUrl\":\"https:\/\/staging.glassupply.com\/ca\/wp-content\/uploads\/sites\/5\/2023\/07\/logo.svg\",\"width\":310,\"height\":24,\"caption\":\"Glassupply.com\"},\"image\":{\"@id\":\"https:\/\/glassupply.com\/ca\/fr\/#\/schema\/logo\/image\/\"}}]}<\/script>\n<!-- \/ Yoast SEO plugin. -->","yoast_head_json":{"title":"GS Low Profile Graspable Top Rail - Glassupply (CA)","robots":{"index":"index","follow":"follow","max-snippet":"max-snippet:-1","max-image-preview":"max-image-preview:large","max-video-preview":"max-video-preview:-1"},"canonical":"https:\/\/glassupply.com\/ca\/fr\/produit\/gs-low-profile-graspable-top-rail\/","og_locale":"fr_CA","og_type":"article","og_title":"GS Low Profile Graspable Top Rail - Glassupply (CA)","og_description":"La main courante basse profil\u00e9e GS est un composant utilis\u00e9 pour offrir une prise s\u00fbre et s\u00e9curis\u00e9e aux utilisateurs lorsqu\u2019ils montent ou descendent des escaliers. Elle sert \u00e9galement de barri\u00e8re dans un syst\u00e8me de balustrade en verre sans cadre.  Fabriqu\u00e9e avec des alliages en acier inoxydable 316 de la plus haute qualit\u00e9, notre main courante haut de gamme offre non seulement une excellente r\u00e9sistance \u00e0 la corrosion, mais aussi un attrait esth\u00e9tique incomparable qui am\u00e9liorera l\u2019apparence g\u00e9n\u00e9rale de tout projet. Que vous construisiez un espace de vie ext\u00e9rieur moderne ou une zone de piscine \u00e9l\u00e9gante et styl\u00e9e, notre main courante en acier inoxydable 316 est le choix parfait pour ceux qui recherchent durabilit\u00e9, fiabilit\u00e9 et esth\u00e9tique. Avec sa performance durable, ses faibles besoins d\u2019entretien et son exceptionnelle polyvalence, notre main courante en acier inoxydable 316 est la solution ultime pour tout projet exigeant un mat\u00e9riau de la plus haute qualit\u00e9 tout en garantissant une performance longue dur\u00e9e m\u00eame dans les environnements les plus difficiles.  Choisissez une finition en acier inoxydable poli (bross\u00e9) ou une finition noire mate lisse, appliqu\u00e9e par poudrage \u00e9lectrostatique et cuite au four pour une surface r\u00e9sistante aux rayures et prot\u00e9g\u00e9e contre les intemp\u00e9ries. Id\u00e9ale pour les applications int\u00e9rieures et ext\u00e9rieures, elle offre une excellente r\u00e9sistance \u00e0 la corrosion, ce qui la rend parfaite pour les structures expos\u00e9es \u00e0 un fort degr\u00e9 de corrosion, telles que les r\u00e9gions c\u00f4ti\u00e8res et les environnements de piscines.  Instructions :  La longueur standard de nos mains courantes est de 98\u201d, pour les commandes en ligne standard, la longueur maximale d\u2019exp\u00e9dition est de 98\u201d (emball\u00e9e dans un tube en carton). La main courante est vendue en deux tailles diff\u00e9rentes : 49\u201d (demi-longueur) ou 98\u201d (longueur compl\u00e8te)  Par exemple : si la quantit\u00e9 s\u00e9lectionn\u00e9e = 1  et si la longueur s\u00e9lectionn\u00e9e = 49\u201d  Vous recevrez 1 pi\u00e8ce de main courante de 49\u201d  Si vous avez besoin de grandes quantit\u00e9s, veuillez nous contacter, nous \u00e9tablirons un devis manuel pour le mat\u00e9riel et les frais d\u2019exp\u00e9dition.  Le joint pour main courante R-TR-GASKET est vendu s\u00e9par\u00e9ment SP\u00c9CIFICATIONS TECHNIQUES    \u00c9paisseur du verre de s\u00e9curit\u00e9 1\/2\u201d (12 mm)   Couleur\/Finition Noir mat, acier inoxydable poli   Mat\u00e9riau de fabrication Acier inoxydable AISI 316   Usage recommand\u00e9 Int\u00e9rieur, ext\u00e9rieur","og_url":"https:\/\/glassupply.com\/ca\/fr\/produit\/gs-low-profile-graspable-top-rail\/","og_site_name":"Glassupply (CA)","article_modified_time":"2026-02-12T12:43:48+00:00","og_image":[{"width":2500,"height":2500,"url":"https:\/\/glassupply.com\/ca\/wp-content\/uploads\/sites\/5\/2023\/06\/R-TR-RSS-Product-Image.webp","type":"image\/webp"}],"twitter_card":"summary_large_image","twitter_misc":{"Est. reading time":"1 minute"},"schema":{"@context":"https:\/\/schema.org","@graph":[{"@type":"WebPage","@id":"https:\/\/glassupply.com\/ca\/fr\/produit\/gs-low-profile-graspable-top-rail\/","url":"https:\/\/glassupply.com\/ca\/fr\/produit\/gs-low-profile-graspable-top-rail\/","name":"GS Low Profile Graspable Top Rail - Glassupply (CA)","isPartOf":{"@id":"https:\/\/glassupply.com\/ca\/fr\/#website"},"primaryImageOfPage":{"@id":"https:\/\/glassupply.com\/ca\/fr\/produit\/gs-low-profile-graspable-top-rail\/#primaryimage"},"image":{"@id":"https:\/\/glassupply.com\/ca\/fr\/produit\/gs-low-profile-graspable-top-rail\/#primaryimage"},"thumbnailUrl":"https:\/\/glassupply.com\/ca\/wp-content\/uploads\/sites\/5\/2023\/06\/R-TR-RSS-Product-Image.webp","datePublished":"2023-06-28T09:26:06+00:00","dateModified":"2026-02-12T12:43:48+00:00","breadcrumb":{"@id":"https:\/\/glassupply.com\/ca\/fr\/produit\/gs-low-profile-graspable-top-rail\/#breadcrumb"},"inLanguage":"fr-FR","potentialAction":[{"@type":"ReadAction","target":["https:\/\/glassupply.com\/ca\/fr\/produit\/gs-low-profile-graspable-top-rail\/"]}]},{"@type":"ImageObject","inLanguage":"fr-FR","@id":"https:\/\/glassupply.com\/ca\/fr\/produit\/gs-low-profile-graspable-top-rail\/#primaryimage","url":"https:\/\/glassupply.com\/ca\/wp-content\/uploads\/sites\/5\/2023\/06\/R-TR-RSS-Product-Image.webp","contentUrl":"https:\/\/glassupply.com\/ca\/wp-content\/uploads\/sites\/5\/2023\/06\/R-TR-RSS-Product-Image.webp","width":2500,"height":2500},{"@type":"BreadcrumbList","@id":"https:\/\/glassupply.com\/ca\/fr\/produit\/gs-low-profile-graspable-top-rail\/#breadcrumb","itemListElement":[{"@type":"ListItem","position":1,"name":"Home","item":"https:\/\/glassupply.com\/ca\/fr\/"},{"@type":"ListItem","position":2,"name":"Shop","item":"https:\/\/glassupply.com\/ca\/fr\/shop\/"},{"@type":"ListItem","position":3,"name":"GS Low Profile Graspable Top Rail"}]},{"@type":"WebSite","@id":"https:\/\/glassupply.com\/ca\/fr\/#website","url":"https:\/\/glassupply.com\/ca\/fr\/","name":"Glassupply.com","description":"From the manufacturer to your doorstep","publisher":{"@id":"https:\/\/glassupply.com\/ca\/fr\/#organization"},"potentialAction":[{"@type":"SearchAction","target":{"@type":"EntryPoint","urlTemplate":"https:\/\/glassupply.com\/ca\/fr\/?s={search_term_string}"},"query-input":{"@type":"PropertyValueSpecification","valueRequired":true,"valueName":"search_term_string"}}],"inLanguage":"fr-FR"},{"@type":"Organization","@id":"https:\/\/glassupply.com\/ca\/fr\/#organization","name":"Glassupply.com","url":"https:\/\/glassupply.com\/ca\/fr\/","logo":{"@type":"ImageObject","inLanguage":"fr-FR","@id":"https:\/\/glassupply.com\/ca\/fr\/#\/schema\/logo\/image\/","url":"https:\/\/staging.glassupply.com\/ca\/wp-content\/uploads\/sites\/5\/2023\/07\/logo.svg","contentUrl":"https:\/\/staging.glassupply.com\/ca\/wp-content\/uploads\/sites\/5\/2023\/07\/logo.svg","width":310,"height":24,"caption":"Glassupply.com"},"image":{"@id":"https:\/\/glassupply.com\/ca\/fr\/#\/schema\/logo\/image\/"}}]}},"_links":{"self":[{"href":"https:\/\/glassupply.com\/ca\/fr\/wp-json\/wp\/v2\/product\/2238","targetHints":{"allow":["GET"]}}],"collection":[{"href":"https:\/\/glassupply.com\/ca\/fr\/wp-json\/wp\/v2\/product"}],"about":[{"href":"https:\/\/glassupply.com\/ca\/fr\/wp-json\/wp\/v2\/types\/product"}],"replies":[{"embeddable":true,"href":"https:\/\/glassupply.com\/ca\/fr\/wp-json\/wp\/v2\/comments?post=2238"}],"wp:featuredmedia":[{"embeddable":true,"href":"https:\/\/glassupply.com\/ca\/fr\/wp-json\/wp\/v2\/media\/1680"}],"wp:attachment":[{"href":"https:\/\/glassupply.com\/ca\/fr\/wp-json\/wp\/v2\/media?parent=2238"}],"wp:term":[{"taxonomy":"product_brand","embeddable":true,"href":"https:\/\/glassupply.com\/ca\/fr\/wp-json\/wp\/v2\/product_brand?post=2238"},{"taxonomy":"product_cat","embeddable":true,"href":"https:\/\/glassupply.com\/ca\/fr\/wp-json\/wp\/v2\/product_cat?post=2238"},{"taxonomy":"product_tag","embeddable":true,"href":"https:\/\/glassupply.com\/ca\/fr\/wp-json\/wp\/v2\/product_tag?post=2238"}],"curies":[{"name":"wp","href":"https:\/\/api.w.org\/{rel}","templated":true}]}}