{"id":2272,"date":"2023-06-28T09:26:06","date_gmt":"2023-06-28T14:26:06","guid":{"rendered":"https:\/\/staging.glassupply.com\/ca\/product\/gs-2205-duplex-stainless-steel-side-mounted-spigots\/"},"modified":"2025-06-05T08:43:41","modified_gmt":"2025-06-05T13:43:41","slug":"gs-2205-duplex-stainless-steel-side-mounted-spigots","status":"publish","type":"product","link":"https:\/\/glassupply.com\/ca\/fr\/produit\/gs-2205-duplex-stainless-steel-side-mounted-spigots\/","title":{"rendered":"GS 2205 Duplex Stainless-Steel Side Mounted Spigots"},"content":{"rendered":"","protected":false},"excerpt":{"rendered":"<p><strong>Nous vous pr\u00e9sentons nos embouts lat\u00e9raux en acier inoxydable Duplex GS 2205, con\u00e7us pour simplifier l&rsquo;installation de panneaux de verre, y compris sur des surfaces horizontales irr\u00e9guli\u00e8res.<\/strong><\/p>\n<p>Fabriqu\u00e9 \u00e0 partir d&rsquo;un alliage d&rsquo;acier inoxydable Duplex 2205 de la plus haute qualit\u00e9, ce mat\u00e9riel anticorrosion de qualit\u00e9 marine est r\u00e9put\u00e9 pour sa solidit\u00e9 sup\u00e9rieure et sa r\u00e9sistance \u00e0 la corrosion dans les environnements ext\u00e9rieurs difficiles. Notre acier inoxydable Duplex 2205, alli\u00e9 \u00e0 22 % de chrome, 3 % de molybd\u00e8ne et 5 \u00e0 6 % de nickel, offre une r\u00e9sistance sup\u00e9rieure \u00e0 la corrosion et une limite d&rsquo;\u00e9lasticit\u00e9 plus de deux fois sup\u00e9rieure \u00e0 celle de l&rsquo;acier inoxydable aust\u00e9nitique standard.<\/p>\n<p>Notre ensemble d&#8217;embouts \u00e0 montage lat\u00e9ral comprend des joints d&rsquo;\u00e9paisseur variable qui peuvent s&rsquo;adapter \u00e0 des panneaux de verre d&rsquo;une \u00e9paisseur allant de \u00bd pouce (12 mm) \u00e0 9\/16 pouce (13,5 mm).<\/p>\n<p>Il suffit de serrer la vis sans t\u00eate sup\u00e9rieure pour faire basculer le verre vers l&rsquo;int\u00e9rieur et la vis sans t\u00eate inf\u00e9rieure pour le faire basculer vers l&rsquo;ext\u00e9rieur.<\/p>\n<p>Nos syst\u00e8mes de garde-corps en verre sans cadre sont con\u00e7us pour offrir une s\u00e9curit\u00e9 maximale, et nous avons pris toutes les mesures n\u00e9cessaires pour nous assurer qu&rsquo;ils respectent ou d\u00e9passent les normes d&rsquo;ing\u00e9nierie les plus strictes. Les embouts lat\u00e9raux en acier inoxydable Duplex GS 2205 ont \u00e9t\u00e9 soumis \u00e0 des tests rigoureux et ont pass\u00e9 avec succ\u00e8s les tests de charge d&rsquo;ing\u00e9nierie pour de nombreux codes du b\u00e2timent. Vous pouvez avoir confiance en la qualit\u00e9 et la fiabilit\u00e9 de nos produits. Contactez-nous d\u00e8s aujourd&rsquo;hui pour plus d&rsquo;informations et faites le premier pas vers l&rsquo;am\u00e9lioration de votre syst\u00e8me de garde-corps pour atteindre le plus haut niveau de s\u00fbret\u00e9 et de s\u00e9curit\u00e9.<\/p>\n<p>Choisissez entre une finition en acier inoxydable poli (bross\u00e9) ou une finition lisse en noir mat, avec un rev\u00eatement en poudre appliqu\u00e9 \u00e9lectrostatiquement et durci au four pour une surface r\u00e9sistante aux rayures et prot\u00e9g\u00e9e contre les intemp\u00e9ries. Id\u00e9al pour les applications int\u00e9rieures et ext\u00e9rieures, il offre une excellente r\u00e9sistance \u00e0 la corrosion, ce qui le rend parfait pour les structures pr\u00e9sentant un degr\u00e9 \u00e9lev\u00e9 de corrosion, telles que les r\u00e9gions c\u00f4ti\u00e8res et les piscines.<\/p>\n<p>Am\u00e9liorez votre installation de panneaux de verre avec nos embouts \u00e0 montage lat\u00e9ral en acier inoxydable Duplex GS 2205, la combinaison parfaite de fonctionnalit\u00e9 et de style.<\/p>\n<p>&nbsp;<\/p>\n<h2><strong>SP\u00c9CIFICATIONS TECHNIQUES<\/strong><\/h2>\n<table>\n<tbody>\n<tr>\n<td><strong>\u00c9paisseur du verre de s\u00e9curit\u00e9<\/strong><\/td>\n<td>Panneaux de verre de 1\/2&Prime; (12 mm) \u00e0 9\/16&Prime; (13,5 mm)<\/td>\n<\/tr>\n<tr>\n<td><strong>Couleur\/Finition<\/strong><\/td>\n<td>Acier inoxydable poli, noir mat<\/td>\n<\/tr>\n<tr>\n<td><strong>Mat\u00e9riau de fabrication<\/strong><\/td>\n<td>Acier inoxydable Duplex 2205<\/td>\n<\/tr>\n<tr>\n<td><strong>Utilisation recommand\u00e9e<\/strong><\/td>\n<td>Int\u00e9rieur, ext\u00e9rieur<\/td>\n<\/tr>\n<\/tbody>\n<\/table>\n","protected":false},"featured_media":1676,"comment_status":"closed","ping_status":"closed","template":"","meta":{"_acf_changed":false,"inline_featured_image":false},"product_brand":[],"product_cat":[86,71,130],"product_tag":[],"class_list":{"0":"post-2272","1":"product","2":"type-product","3":"status-publish","4":"has-post-thumbnail","6":"product_cat-glass-hardware-fr","7":"product_cat-glass-fence-railing-hardware-fr","8":"product_cat-railing-system-fr","10":"first","11":"instock","12":"taxable","13":"shipping-taxable","14":"purchasable","15":"product-type-variable","16":"has-default-attributes"},"acf":[],"yoast_head":"<!-- This site is optimized with the Yoast SEO plugin v26.9 - https:\/\/yoast.com\/product\/yoast-seo-wordpress\/ -->\n<title>GS 2205 Duplex Stainless-Steel Side Mounted Spigots - Glassupply (CA)<\/title>\n<meta name=\"robots\" content=\"index, follow, max-snippet:-1, max-image-preview:large, max-video-preview:-1\" \/>\n<link rel=\"canonical\" href=\"https:\/\/glassupply.com\/ca\/fr\/produit\/gs-2205-duplex-stainless-steel-side-mounted-spigots\/\" \/>\n<meta property=\"og:locale\" content=\"fr_CA\" \/>\n<meta property=\"og:type\" content=\"article\" \/>\n<meta property=\"og:title\" content=\"GS 2205 Duplex Stainless-Steel Side Mounted Spigots - Glassupply (CA)\" \/>\n<meta property=\"og:description\" content=\"Nous vous pr\u00e9sentons nos embouts lat\u00e9raux en acier inoxydable Duplex GS 2205, con\u00e7us pour simplifier l&#039;installation de panneaux de verre, y compris sur des surfaces horizontales irr\u00e9guli\u00e8res.  Fabriqu\u00e9 \u00e0 partir d&#039;un alliage d&#039;acier inoxydable Duplex 2205 de la plus haute qualit\u00e9, ce mat\u00e9riel anticorrosion de qualit\u00e9 marine est r\u00e9put\u00e9 pour sa solidit\u00e9 sup\u00e9rieure et sa r\u00e9sistance \u00e0 la corrosion dans les environnements ext\u00e9rieurs difficiles. Notre acier inoxydable Duplex 2205, alli\u00e9 \u00e0 22 % de chrome, 3 % de molybd\u00e8ne et 5 \u00e0 6 % de nickel, offre une r\u00e9sistance sup\u00e9rieure \u00e0 la corrosion et une limite d&#039;\u00e9lasticit\u00e9 plus de deux fois sup\u00e9rieure \u00e0 celle de l&#039;acier inoxydable aust\u00e9nitique standard.  Notre ensemble d&#039;embouts \u00e0 montage lat\u00e9ral comprend des joints d&#039;\u00e9paisseur variable qui peuvent s&#039;adapter \u00e0 des panneaux de verre d&#039;une \u00e9paisseur allant de \u00bd pouce (12 mm) \u00e0 9\/16 pouce (13,5 mm).  Il suffit de serrer la vis sans t\u00eate sup\u00e9rieure pour faire basculer le verre vers l&#039;int\u00e9rieur et la vis sans t\u00eate inf\u00e9rieure pour le faire basculer vers l&#039;ext\u00e9rieur.  Nos syst\u00e8mes de garde-corps en verre sans cadre sont con\u00e7us pour offrir une s\u00e9curit\u00e9 maximale, et nous avons pris toutes les mesures n\u00e9cessaires pour nous assurer qu&#039;ils respectent ou d\u00e9passent les normes d&#039;ing\u00e9nierie les plus strictes. Les embouts lat\u00e9raux en acier inoxydable Duplex GS 2205 ont \u00e9t\u00e9 soumis \u00e0 des tests rigoureux et ont pass\u00e9 avec succ\u00e8s les tests de charge d&#039;ing\u00e9nierie pour de nombreux codes du b\u00e2timent. Vous pouvez avoir confiance en la qualit\u00e9 et la fiabilit\u00e9 de nos produits. Contactez-nous d\u00e8s aujourd&#039;hui pour plus d&#039;informations et faites le premier pas vers l&#039;am\u00e9lioration de votre syst\u00e8me de garde-corps pour atteindre le plus haut niveau de s\u00fbret\u00e9 et de s\u00e9curit\u00e9.  Choisissez entre une finition en acier inoxydable poli (bross\u00e9) ou une finition lisse en noir mat, avec un rev\u00eatement en poudre appliqu\u00e9 \u00e9lectrostatiquement et durci au four pour une surface r\u00e9sistante aux rayures et prot\u00e9g\u00e9e contre les intemp\u00e9ries. Id\u00e9al pour les applications int\u00e9rieures et ext\u00e9rieures, il offre une excellente r\u00e9sistance \u00e0 la corrosion, ce qui le rend parfait pour les structures pr\u00e9sentant un degr\u00e9 \u00e9lev\u00e9 de corrosion, telles que les r\u00e9gions c\u00f4ti\u00e8res et les piscines.  Am\u00e9liorez votre installation de panneaux de verre avec nos embouts \u00e0 montage lat\u00e9ral en acier inoxydable Duplex GS 2205, la combinaison parfaite de fonctionnalit\u00e9 et de style.  &nbsp; SP\u00c9CIFICATIONS TECHNIQUES    \u00c9paisseur du verre de s\u00e9curit\u00e9 Panneaux de verre de 1\/2&quot; (12 mm) \u00e0 9\/16&quot; (13,5 mm)   Couleur\/Finition Acier inoxydable poli, noir mat   Mat\u00e9riau de fabrication Acier inoxydable Duplex 2205   Utilisation recommand\u00e9e Int\u00e9rieur, ext\u00e9rieur\" \/>\n<meta property=\"og:url\" content=\"https:\/\/glassupply.com\/ca\/fr\/produit\/gs-2205-duplex-stainless-steel-side-mounted-spigots\/\" \/>\n<meta property=\"og:site_name\" content=\"Glassupply (CA)\" \/>\n<meta property=\"article:modified_time\" content=\"2025-06-05T13:43:41+00:00\" \/>\n<meta property=\"og:image\" content=\"https:\/\/glassupply.com\/ca\/wp-content\/uploads\/sites\/5\/2023\/06\/R-SM-2205SS-First-Product-Image-scaled-1.webp\" \/>\n\t<meta property=\"og:image:width\" content=\"1757\" \/>\n\t<meta property=\"og:image:height\" content=\"2560\" \/>\n\t<meta property=\"og:image:type\" content=\"image\/webp\" \/>\n<meta name=\"twitter:card\" content=\"summary_large_image\" \/>\n<meta name=\"twitter:label1\" content=\"Est. reading time\" \/>\n\t<meta name=\"twitter:data1\" content=\"1 minute\" \/>\n<script type=\"application\/ld+json\" class=\"yoast-schema-graph\">{\"@context\":\"https:\/\/schema.org\",\"@graph\":[{\"@type\":\"WebPage\",\"@id\":\"https:\/\/glassupply.com\/ca\/fr\/produit\/gs-2205-duplex-stainless-steel-side-mounted-spigots\/\",\"url\":\"https:\/\/glassupply.com\/ca\/fr\/produit\/gs-2205-duplex-stainless-steel-side-mounted-spigots\/\",\"name\":\"GS 2205 Duplex Stainless-Steel Side Mounted Spigots - Glassupply (CA)\",\"isPartOf\":{\"@id\":\"https:\/\/glassupply.com\/ca\/fr\/#website\"},\"primaryImageOfPage\":{\"@id\":\"https:\/\/glassupply.com\/ca\/fr\/produit\/gs-2205-duplex-stainless-steel-side-mounted-spigots\/#primaryimage\"},\"image\":{\"@id\":\"https:\/\/glassupply.com\/ca\/fr\/produit\/gs-2205-duplex-stainless-steel-side-mounted-spigots\/#primaryimage\"},\"thumbnailUrl\":\"https:\/\/glassupply.com\/ca\/wp-content\/uploads\/sites\/5\/2023\/06\/R-SM-2205SS-First-Product-Image-scaled-1.webp\",\"datePublished\":\"2023-06-28T14:26:06+00:00\",\"dateModified\":\"2025-06-05T13:43:41+00:00\",\"breadcrumb\":{\"@id\":\"https:\/\/glassupply.com\/ca\/fr\/produit\/gs-2205-duplex-stainless-steel-side-mounted-spigots\/#breadcrumb\"},\"inLanguage\":\"fr-FR\",\"potentialAction\":[{\"@type\":\"ReadAction\",\"target\":[\"https:\/\/glassupply.com\/ca\/fr\/produit\/gs-2205-duplex-stainless-steel-side-mounted-spigots\/\"]}]},{\"@type\":\"ImageObject\",\"inLanguage\":\"fr-FR\",\"@id\":\"https:\/\/glassupply.com\/ca\/fr\/produit\/gs-2205-duplex-stainless-steel-side-mounted-spigots\/#primaryimage\",\"url\":\"https:\/\/glassupply.com\/ca\/wp-content\/uploads\/sites\/5\/2023\/06\/R-SM-2205SS-First-Product-Image-scaled-1.webp\",\"contentUrl\":\"https:\/\/glassupply.com\/ca\/wp-content\/uploads\/sites\/5\/2023\/06\/R-SM-2205SS-First-Product-Image-scaled-1.webp\",\"width\":1757,\"height\":2560},{\"@type\":\"BreadcrumbList\",\"@id\":\"https:\/\/glassupply.com\/ca\/fr\/produit\/gs-2205-duplex-stainless-steel-side-mounted-spigots\/#breadcrumb\",\"itemListElement\":[{\"@type\":\"ListItem\",\"position\":1,\"name\":\"Home\",\"item\":\"https:\/\/glassupply.com\/ca\/fr\/\"},{\"@type\":\"ListItem\",\"position\":2,\"name\":\"Shop\",\"item\":\"https:\/\/glassupply.com\/ca\/fr\/shop\/\"},{\"@type\":\"ListItem\",\"position\":3,\"name\":\"GS 2205 Duplex Stainless-Steel Side Mounted Spigots\"}]},{\"@type\":\"WebSite\",\"@id\":\"https:\/\/glassupply.com\/ca\/fr\/#website\",\"url\":\"https:\/\/glassupply.com\/ca\/fr\/\",\"name\":\"Glassupply.com\",\"description\":\"From the manufacturer to your doorstep\",\"publisher\":{\"@id\":\"https:\/\/glassupply.com\/ca\/fr\/#organization\"},\"potentialAction\":[{\"@type\":\"SearchAction\",\"target\":{\"@type\":\"EntryPoint\",\"urlTemplate\":\"https:\/\/glassupply.com\/ca\/fr\/?s={search_term_string}\"},\"query-input\":{\"@type\":\"PropertyValueSpecification\",\"valueRequired\":true,\"valueName\":\"search_term_string\"}}],\"inLanguage\":\"fr-FR\"},{\"@type\":\"Organization\",\"@id\":\"https:\/\/glassupply.com\/ca\/fr\/#organization\",\"name\":\"Glassupply.com\",\"url\":\"https:\/\/glassupply.com\/ca\/fr\/\",\"logo\":{\"@type\":\"ImageObject\",\"inLanguage\":\"fr-FR\",\"@id\":\"https:\/\/glassupply.com\/ca\/fr\/#\/schema\/logo\/image\/\",\"url\":\"https:\/\/staging.glassupply.com\/ca\/wp-content\/uploads\/sites\/5\/2023\/07\/logo.svg\",\"contentUrl\":\"https:\/\/staging.glassupply.com\/ca\/wp-content\/uploads\/sites\/5\/2023\/07\/logo.svg\",\"width\":310,\"height\":24,\"caption\":\"Glassupply.com\"},\"image\":{\"@id\":\"https:\/\/glassupply.com\/ca\/fr\/#\/schema\/logo\/image\/\"}}]}<\/script>\n<!-- \/ Yoast SEO plugin. -->","yoast_head_json":{"title":"GS 2205 Duplex Stainless-Steel Side Mounted Spigots - Glassupply (CA)","robots":{"index":"index","follow":"follow","max-snippet":"max-snippet:-1","max-image-preview":"max-image-preview:large","max-video-preview":"max-video-preview:-1"},"canonical":"https:\/\/glassupply.com\/ca\/fr\/produit\/gs-2205-duplex-stainless-steel-side-mounted-spigots\/","og_locale":"fr_CA","og_type":"article","og_title":"GS 2205 Duplex Stainless-Steel Side Mounted Spigots - Glassupply (CA)","og_description":"Nous vous pr\u00e9sentons nos embouts lat\u00e9raux en acier inoxydable Duplex GS 2205, con\u00e7us pour simplifier l'installation de panneaux de verre, y compris sur des surfaces horizontales irr\u00e9guli\u00e8res.  Fabriqu\u00e9 \u00e0 partir d'un alliage d'acier inoxydable Duplex 2205 de la plus haute qualit\u00e9, ce mat\u00e9riel anticorrosion de qualit\u00e9 marine est r\u00e9put\u00e9 pour sa solidit\u00e9 sup\u00e9rieure et sa r\u00e9sistance \u00e0 la corrosion dans les environnements ext\u00e9rieurs difficiles. Notre acier inoxydable Duplex 2205, alli\u00e9 \u00e0 22 % de chrome, 3 % de molybd\u00e8ne et 5 \u00e0 6 % de nickel, offre une r\u00e9sistance sup\u00e9rieure \u00e0 la corrosion et une limite d'\u00e9lasticit\u00e9 plus de deux fois sup\u00e9rieure \u00e0 celle de l'acier inoxydable aust\u00e9nitique standard.  Notre ensemble d'embouts \u00e0 montage lat\u00e9ral comprend des joints d'\u00e9paisseur variable qui peuvent s'adapter \u00e0 des panneaux de verre d'une \u00e9paisseur allant de \u00bd pouce (12 mm) \u00e0 9\/16 pouce (13,5 mm).  Il suffit de serrer la vis sans t\u00eate sup\u00e9rieure pour faire basculer le verre vers l'int\u00e9rieur et la vis sans t\u00eate inf\u00e9rieure pour le faire basculer vers l'ext\u00e9rieur.  Nos syst\u00e8mes de garde-corps en verre sans cadre sont con\u00e7us pour offrir une s\u00e9curit\u00e9 maximale, et nous avons pris toutes les mesures n\u00e9cessaires pour nous assurer qu'ils respectent ou d\u00e9passent les normes d'ing\u00e9nierie les plus strictes. Les embouts lat\u00e9raux en acier inoxydable Duplex GS 2205 ont \u00e9t\u00e9 soumis \u00e0 des tests rigoureux et ont pass\u00e9 avec succ\u00e8s les tests de charge d'ing\u00e9nierie pour de nombreux codes du b\u00e2timent. Vous pouvez avoir confiance en la qualit\u00e9 et la fiabilit\u00e9 de nos produits. Contactez-nous d\u00e8s aujourd'hui pour plus d'informations et faites le premier pas vers l'am\u00e9lioration de votre syst\u00e8me de garde-corps pour atteindre le plus haut niveau de s\u00fbret\u00e9 et de s\u00e9curit\u00e9.  Choisissez entre une finition en acier inoxydable poli (bross\u00e9) ou une finition lisse en noir mat, avec un rev\u00eatement en poudre appliqu\u00e9 \u00e9lectrostatiquement et durci au four pour une surface r\u00e9sistante aux rayures et prot\u00e9g\u00e9e contre les intemp\u00e9ries. Id\u00e9al pour les applications int\u00e9rieures et ext\u00e9rieures, il offre une excellente r\u00e9sistance \u00e0 la corrosion, ce qui le rend parfait pour les structures pr\u00e9sentant un degr\u00e9 \u00e9lev\u00e9 de corrosion, telles que les r\u00e9gions c\u00f4ti\u00e8res et les piscines.  Am\u00e9liorez votre installation de panneaux de verre avec nos embouts \u00e0 montage lat\u00e9ral en acier inoxydable Duplex GS 2205, la combinaison parfaite de fonctionnalit\u00e9 et de style.  &nbsp; SP\u00c9CIFICATIONS TECHNIQUES    \u00c9paisseur du verre de s\u00e9curit\u00e9 Panneaux de verre de 1\/2\" (12 mm) \u00e0 9\/16\" (13,5 mm)   Couleur\/Finition Acier inoxydable poli, noir mat   Mat\u00e9riau de fabrication Acier inoxydable Duplex 2205   Utilisation recommand\u00e9e Int\u00e9rieur, ext\u00e9rieur","og_url":"https:\/\/glassupply.com\/ca\/fr\/produit\/gs-2205-duplex-stainless-steel-side-mounted-spigots\/","og_site_name":"Glassupply (CA)","article_modified_time":"2025-06-05T13:43:41+00:00","og_image":[{"width":1757,"height":2560,"url":"https:\/\/glassupply.com\/ca\/wp-content\/uploads\/sites\/5\/2023\/06\/R-SM-2205SS-First-Product-Image-scaled-1.webp","type":"image\/webp"}],"twitter_card":"summary_large_image","twitter_misc":{"Est. reading time":"1 minute"},"schema":{"@context":"https:\/\/schema.org","@graph":[{"@type":"WebPage","@id":"https:\/\/glassupply.com\/ca\/fr\/produit\/gs-2205-duplex-stainless-steel-side-mounted-spigots\/","url":"https:\/\/glassupply.com\/ca\/fr\/produit\/gs-2205-duplex-stainless-steel-side-mounted-spigots\/","name":"GS 2205 Duplex Stainless-Steel Side Mounted Spigots - Glassupply (CA)","isPartOf":{"@id":"https:\/\/glassupply.com\/ca\/fr\/#website"},"primaryImageOfPage":{"@id":"https:\/\/glassupply.com\/ca\/fr\/produit\/gs-2205-duplex-stainless-steel-side-mounted-spigots\/#primaryimage"},"image":{"@id":"https:\/\/glassupply.com\/ca\/fr\/produit\/gs-2205-duplex-stainless-steel-side-mounted-spigots\/#primaryimage"},"thumbnailUrl":"https:\/\/glassupply.com\/ca\/wp-content\/uploads\/sites\/5\/2023\/06\/R-SM-2205SS-First-Product-Image-scaled-1.webp","datePublished":"2023-06-28T14:26:06+00:00","dateModified":"2025-06-05T13:43:41+00:00","breadcrumb":{"@id":"https:\/\/glassupply.com\/ca\/fr\/produit\/gs-2205-duplex-stainless-steel-side-mounted-spigots\/#breadcrumb"},"inLanguage":"fr-FR","potentialAction":[{"@type":"ReadAction","target":["https:\/\/glassupply.com\/ca\/fr\/produit\/gs-2205-duplex-stainless-steel-side-mounted-spigots\/"]}]},{"@type":"ImageObject","inLanguage":"fr-FR","@id":"https:\/\/glassupply.com\/ca\/fr\/produit\/gs-2205-duplex-stainless-steel-side-mounted-spigots\/#primaryimage","url":"https:\/\/glassupply.com\/ca\/wp-content\/uploads\/sites\/5\/2023\/06\/R-SM-2205SS-First-Product-Image-scaled-1.webp","contentUrl":"https:\/\/glassupply.com\/ca\/wp-content\/uploads\/sites\/5\/2023\/06\/R-SM-2205SS-First-Product-Image-scaled-1.webp","width":1757,"height":2560},{"@type":"BreadcrumbList","@id":"https:\/\/glassupply.com\/ca\/fr\/produit\/gs-2205-duplex-stainless-steel-side-mounted-spigots\/#breadcrumb","itemListElement":[{"@type":"ListItem","position":1,"name":"Home","item":"https:\/\/glassupply.com\/ca\/fr\/"},{"@type":"ListItem","position":2,"name":"Shop","item":"https:\/\/glassupply.com\/ca\/fr\/shop\/"},{"@type":"ListItem","position":3,"name":"GS 2205 Duplex Stainless-Steel Side Mounted Spigots"}]},{"@type":"WebSite","@id":"https:\/\/glassupply.com\/ca\/fr\/#website","url":"https:\/\/glassupply.com\/ca\/fr\/","name":"Glassupply.com","description":"From the manufacturer to your doorstep","publisher":{"@id":"https:\/\/glassupply.com\/ca\/fr\/#organization"},"potentialAction":[{"@type":"SearchAction","target":{"@type":"EntryPoint","urlTemplate":"https:\/\/glassupply.com\/ca\/fr\/?s={search_term_string}"},"query-input":{"@type":"PropertyValueSpecification","valueRequired":true,"valueName":"search_term_string"}}],"inLanguage":"fr-FR"},{"@type":"Organization","@id":"https:\/\/glassupply.com\/ca\/fr\/#organization","name":"Glassupply.com","url":"https:\/\/glassupply.com\/ca\/fr\/","logo":{"@type":"ImageObject","inLanguage":"fr-FR","@id":"https:\/\/glassupply.com\/ca\/fr\/#\/schema\/logo\/image\/","url":"https:\/\/staging.glassupply.com\/ca\/wp-content\/uploads\/sites\/5\/2023\/07\/logo.svg","contentUrl":"https:\/\/staging.glassupply.com\/ca\/wp-content\/uploads\/sites\/5\/2023\/07\/logo.svg","width":310,"height":24,"caption":"Glassupply.com"},"image":{"@id":"https:\/\/glassupply.com\/ca\/fr\/#\/schema\/logo\/image\/"}}]}},"_links":{"self":[{"href":"https:\/\/glassupply.com\/ca\/fr\/wp-json\/wp\/v2\/product\/2272","targetHints":{"allow":["GET"]}}],"collection":[{"href":"https:\/\/glassupply.com\/ca\/fr\/wp-json\/wp\/v2\/product"}],"about":[{"href":"https:\/\/glassupply.com\/ca\/fr\/wp-json\/wp\/v2\/types\/product"}],"replies":[{"embeddable":true,"href":"https:\/\/glassupply.com\/ca\/fr\/wp-json\/wp\/v2\/comments?post=2272"}],"wp:featuredmedia":[{"embeddable":true,"href":"https:\/\/glassupply.com\/ca\/fr\/wp-json\/wp\/v2\/media\/1676"}],"wp:attachment":[{"href":"https:\/\/glassupply.com\/ca\/fr\/wp-json\/wp\/v2\/media?parent=2272"}],"wp:term":[{"taxonomy":"product_brand","embeddable":true,"href":"https:\/\/glassupply.com\/ca\/fr\/wp-json\/wp\/v2\/product_brand?post=2272"},{"taxonomy":"product_cat","embeddable":true,"href":"https:\/\/glassupply.com\/ca\/fr\/wp-json\/wp\/v2\/product_cat?post=2272"},{"taxonomy":"product_tag","embeddable":true,"href":"https:\/\/glassupply.com\/ca\/fr\/wp-json\/wp\/v2\/product_tag?post=2272"}],"curies":[{"name":"wp","href":"https:\/\/api.w.org\/{rel}","templated":true}]}}