{"id":2302,"date":"2023-06-28T09:26:05","date_gmt":"2023-06-28T14:26:05","guid":{"rendered":"https:\/\/staging.glassupply.com\/ca\/product\/180-glass-to-glass-latch-for-frameless-glass-railing\/"},"modified":"2025-06-05T07:02:41","modified_gmt":"2025-06-05T12:02:41","slug":"180-glass-to-glass-latch-for-frameless-glass-railing","status":"publish","type":"product","link":"https:\/\/glassupply.com\/ca\/fr\/produit\/180-glass-to-glass-latch-for-frameless-glass-railing\/","title":{"rendered":"180\u00b0 Glass to Glass Latch for Frameless Glass Railing"},"content":{"rendered":"","protected":false},"excerpt":{"rendered":"<p><span style=\"font-weight: 400;\">Le loquet verre-\u00e0-verre \u00e0 180\u00b0 pour garde-corps sans cadre est un loquet tr\u00e8s fonctionnel et s\u00e9curis\u00e9, \u00e9quip\u00e9 d\u2019un <strong>m\u00e9canisme magn\u00e9tique \u00e0 fermeture automatique<\/strong>. Ce loquet est sp\u00e9cialement con\u00e7u pour \u00eatre install\u00e9 sur un panneau de verre adjacent, ce qui en fait un choix id\u00e9al pour les garde-corps en verre sans cadre.<\/span><\/p>\n<p><span style=\"font-weight: 400;\">Associ\u00e9 \u00e0 nos charni\u00e8res \u00e0 ressort \u00e0 fermeture automatique, ce loquet magn\u00e9tique peut constituer un \u00e9l\u00e9ment essentiel pour respecter les<\/span><b> exigences relatives aux barri\u00e8res de s\u00e9curit\u00e9 pour piscines<\/b><span style=\"font-weight: 400;\"> mises en \u0153uvre par de nombreuses municipalit\u00e9s \u00e0 travers l\u2019Am\u00e9rique du Nord.<\/span><\/p>\n<p><span style=\"font-weight: 400;\">Ce type de loquet est con\u00e7u pour \u00eatre install\u00e9 de mani\u00e8re \u00e0 ce que le p\u00eane du loquet se trouve du m\u00eame c\u00f4t\u00e9 que l\u2019ouverture de la porte. Ce syst\u00e8me fonctionne que la porte soit mont\u00e9e \u00e0 gauche ou \u00e0 droite.<\/span><\/p>\n<p><span style=\"font-weight: 400;\">Si la porte s\u2019ouvre vers l\u2019ext\u00e9rieur, le loquet sera install\u00e9 \u00e0 l\u2019ext\u00e9rieur de la porte, permettant au p\u00eane de s\u2019engager dans la douille magn\u00e9tique lorsque la porte est ferm\u00e9e.<\/span><\/p>\n<p><span style=\"font-weight: 400;\">En revanche, un loquet invers\u00e9 est install\u00e9 du c\u00f4t\u00e9 oppos\u00e9 \u00e0 l\u2019ouverture de la porte.<\/span><\/p>\n<p><span style=\"font-weight: 400;\">Fabriqu\u00e9 avec un alliage d\u2019acier inoxydable Duplex 2205 de la plus haute qualit\u00e9, ce mat\u00e9riel de qualit\u00e9 marine, anticorrosion, est reconnu pour sa r\u00e9sistance exceptionnelle et sa durabilit\u00e9 dans les environnements ext\u00e9rieurs exigeants. Notre acier inoxydable Duplex 2205, alli\u00e9 \u00e0 22 % de chrome, 3 % de molybd\u00e8ne et 5 \u00e0 6 % de nickel, offre une r\u00e9sistance \u00e0 la corrosion sup\u00e9rieure et plus du double de la limite d\u2019\u00e9lasticit\u00e9 des aciers inoxydables aust\u00e9nitiques standards.<\/span><\/p>\n<p><span style=\"font-weight: 400;\">Choisissez entre une finition en acier inoxydable poli (bross\u00e9) ou une finition noire mate lisse, appliqu\u00e9e par poudrage \u00e9lectrostatique et durcie au four pour une surface r\u00e9sistante aux rayures et prot\u00e9g\u00e9e contre les intemp\u00e9ries. Id\u00e9al pour les applications int\u00e9rieures et ext\u00e9rieures, il offre une excellente r\u00e9sistance \u00e0 la corrosion, ce qui le rend parfait pour les structures fortement expos\u00e9es \u00e0 la corrosion, telles que les r\u00e9gions c\u00f4ti\u00e8res et les environnements de piscine.<\/span><\/p>\n<p>&nbsp;<\/p>\n<h2><b>SP\u00c9CIFICATIONS TECHNIQUES<\/b><\/h2>\n<table>\n<tbody>\n<tr>\n<td><b>\u00c9paisseur du verre de s\u00e9curit\u00e9<\/b><\/td>\n<td><span style=\"font-weight: 400;\">3\/8\u201d \u2013 1\/2\u201d (10 \u00e0 12 mm) \u2013 peut accueillir des panneaux de verre de 9\/16\u201d (13,5 mm)<\/span><\/td>\n<\/tr>\n<tr>\n<td><b>Couleur\/Finition<\/b><\/td>\n<td><span style=\"font-weight: 400;\">Acier inoxydable poli, Noir mat<\/span><\/td>\n<\/tr>\n<tr>\n<td><b>Mat\u00e9riau de fabrication<\/b><\/td>\n<td><span style=\"font-weight: 400;\">Acier inoxydable Duplex 2205<\/span><\/td>\n<\/tr>\n<tr>\n<td><b>Jeu recommand\u00e9 pour la porte<\/b><\/td>\n<td><span style=\"font-weight: 400;\">1\/4\u201d \u2013 3\/8\u201d (6 \u00e0 10 mm)<\/span><\/td>\n<\/tr>\n<tr>\n<td><b>Type de fixation<\/b><\/td>\n<td><span style=\"font-weight: 400;\">Montage sur panneau de verre<\/span><\/td>\n<\/tr>\n<tr>\n<td><b>Emplacement recommand\u00e9<\/b><\/td>\n<td><span style=\"font-weight: 400;\">Int\u00e9rieur, Ext\u00e9rieur<\/span><\/td>\n<\/tr>\n<tr>\n<td><b>C\u00f4t\u00e9 de montage<\/b><\/td>\n<td><span style=\"font-weight: 400;\">R\u00e9versible<\/span><\/td>\n<\/tr>\n<\/tbody>\n<\/table>\n","protected":false},"featured_media":1650,"comment_status":"closed","ping_status":"closed","template":"","meta":{"_acf_changed":false,"inline_featured_image":false},"product_brand":[],"product_cat":[71,128],"product_tag":[],"class_list":{"0":"post-2302","1":"product","2":"type-product","3":"status-publish","4":"has-post-thumbnail","6":"product_cat-glass-fence-railing-hardware-fr","7":"product_cat-door-hardware-fr","9":"first","10":"instock","11":"taxable","12":"shipping-taxable","13":"purchasable","14":"product-type-variable","15":"has-default-attributes"},"acf":[],"yoast_head":"<!-- This site is optimized with the Yoast SEO plugin v26.9 - https:\/\/yoast.com\/product\/yoast-seo-wordpress\/ -->\n<title>180\u00b0 Glass to Glass Latch for Frameless Glass Railing - Glassupply (CA)<\/title>\n<meta name=\"robots\" content=\"index, follow, max-snippet:-1, max-image-preview:large, max-video-preview:-1\" \/>\n<link rel=\"canonical\" href=\"https:\/\/glassupply.com\/ca\/fr\/produit\/180-glass-to-glass-latch-for-frameless-glass-railing\/\" \/>\n<meta property=\"og:locale\" content=\"fr_CA\" \/>\n<meta property=\"og:type\" content=\"article\" \/>\n<meta property=\"og:title\" content=\"180\u00b0 Glass to Glass Latch for Frameless Glass Railing - Glassupply (CA)\" \/>\n<meta property=\"og:description\" content=\"Le loquet verre-\u00e0-verre \u00e0 180\u00b0 pour garde-corps sans cadre est un loquet tr\u00e8s fonctionnel et s\u00e9curis\u00e9, \u00e9quip\u00e9 d\u2019un m\u00e9canisme magn\u00e9tique \u00e0 fermeture automatique. Ce loquet est sp\u00e9cialement con\u00e7u pour \u00eatre install\u00e9 sur un panneau de verre adjacent, ce qui en fait un choix id\u00e9al pour les garde-corps en verre sans cadre.  Associ\u00e9 \u00e0 nos charni\u00e8res \u00e0 ressort \u00e0 fermeture automatique, ce loquet magn\u00e9tique peut constituer un \u00e9l\u00e9ment essentiel pour respecter les exigences relatives aux barri\u00e8res de s\u00e9curit\u00e9 pour piscines mises en \u0153uvre par de nombreuses municipalit\u00e9s \u00e0 travers l\u2019Am\u00e9rique du Nord.  Ce type de loquet est con\u00e7u pour \u00eatre install\u00e9 de mani\u00e8re \u00e0 ce que le p\u00eane du loquet se trouve du m\u00eame c\u00f4t\u00e9 que l\u2019ouverture de la porte. Ce syst\u00e8me fonctionne que la porte soit mont\u00e9e \u00e0 gauche ou \u00e0 droite.  Si la porte s\u2019ouvre vers l\u2019ext\u00e9rieur, le loquet sera install\u00e9 \u00e0 l\u2019ext\u00e9rieur de la porte, permettant au p\u00eane de s\u2019engager dans la douille magn\u00e9tique lorsque la porte est ferm\u00e9e.  En revanche, un loquet invers\u00e9 est install\u00e9 du c\u00f4t\u00e9 oppos\u00e9 \u00e0 l\u2019ouverture de la porte.  Fabriqu\u00e9 avec un alliage d\u2019acier inoxydable Duplex 2205 de la plus haute qualit\u00e9, ce mat\u00e9riel de qualit\u00e9 marine, anticorrosion, est reconnu pour sa r\u00e9sistance exceptionnelle et sa durabilit\u00e9 dans les environnements ext\u00e9rieurs exigeants. Notre acier inoxydable Duplex 2205, alli\u00e9 \u00e0 22 % de chrome, 3 % de molybd\u00e8ne et 5 \u00e0 6 % de nickel, offre une r\u00e9sistance \u00e0 la corrosion sup\u00e9rieure et plus du double de la limite d\u2019\u00e9lasticit\u00e9 des aciers inoxydables aust\u00e9nitiques standards.  Choisissez entre une finition en acier inoxydable poli (bross\u00e9) ou une finition noire mate lisse, appliqu\u00e9e par poudrage \u00e9lectrostatique et durcie au four pour une surface r\u00e9sistante aux rayures et prot\u00e9g\u00e9e contre les intemp\u00e9ries. Id\u00e9al pour les applications int\u00e9rieures et ext\u00e9rieures, il offre une excellente r\u00e9sistance \u00e0 la corrosion, ce qui le rend parfait pour les structures fortement expos\u00e9es \u00e0 la corrosion, telles que les r\u00e9gions c\u00f4ti\u00e8res et les environnements de piscine.  &nbsp; SP\u00c9CIFICATIONS TECHNIQUES    \u00c9paisseur du verre de s\u00e9curit\u00e9 3\/8\u201d \u2013 1\/2\u201d (10 \u00e0 12 mm) \u2013 peut accueillir des panneaux de verre de 9\/16\u201d (13,5 mm)   Couleur\/Finition Acier inoxydable poli, Noir mat   Mat\u00e9riau de fabrication Acier inoxydable Duplex 2205   Jeu recommand\u00e9 pour la porte 1\/4\u201d \u2013 3\/8\u201d (6 \u00e0 10 mm)   Type de fixation Montage sur panneau de verre   Emplacement recommand\u00e9 Int\u00e9rieur, Ext\u00e9rieur   C\u00f4t\u00e9 de montage R\u00e9versible\" \/>\n<meta property=\"og:url\" content=\"https:\/\/glassupply.com\/ca\/fr\/produit\/180-glass-to-glass-latch-for-frameless-glass-railing\/\" \/>\n<meta property=\"og:site_name\" content=\"Glassupply (CA)\" \/>\n<meta property=\"article:modified_time\" content=\"2025-06-05T12:02:41+00:00\" \/>\n<meta property=\"og:image\" content=\"https:\/\/glassupply.com\/ca\/wp-content\/uploads\/sites\/5\/2023\/06\/R-DH-180GGLECSS-First-Product-Image-2.webp\" \/>\n\t<meta property=\"og:image:width\" content=\"1902\" \/>\n\t<meta property=\"og:image:height\" content=\"1902\" \/>\n\t<meta property=\"og:image:type\" content=\"image\/webp\" \/>\n<meta name=\"twitter:card\" content=\"summary_large_image\" \/>\n<meta name=\"twitter:label1\" content=\"Est. reading time\" \/>\n\t<meta name=\"twitter:data1\" content=\"1 minute\" \/>\n<script type=\"application\/ld+json\" class=\"yoast-schema-graph\">{\"@context\":\"https:\/\/schema.org\",\"@graph\":[{\"@type\":\"WebPage\",\"@id\":\"https:\/\/glassupply.com\/ca\/fr\/produit\/180-glass-to-glass-latch-for-frameless-glass-railing\/\",\"url\":\"https:\/\/glassupply.com\/ca\/fr\/produit\/180-glass-to-glass-latch-for-frameless-glass-railing\/\",\"name\":\"180\u00b0 Glass to Glass Latch for Frameless Glass Railing - Glassupply (CA)\",\"isPartOf\":{\"@id\":\"https:\/\/glassupply.com\/ca\/fr\/#website\"},\"primaryImageOfPage\":{\"@id\":\"https:\/\/glassupply.com\/ca\/fr\/produit\/180-glass-to-glass-latch-for-frameless-glass-railing\/#primaryimage\"},\"image\":{\"@id\":\"https:\/\/glassupply.com\/ca\/fr\/produit\/180-glass-to-glass-latch-for-frameless-glass-railing\/#primaryimage\"},\"thumbnailUrl\":\"https:\/\/glassupply.com\/ca\/wp-content\/uploads\/sites\/5\/2023\/06\/R-DH-180GGLECSS-First-Product-Image-2.webp\",\"datePublished\":\"2023-06-28T14:26:05+00:00\",\"dateModified\":\"2025-06-05T12:02:41+00:00\",\"breadcrumb\":{\"@id\":\"https:\/\/glassupply.com\/ca\/fr\/produit\/180-glass-to-glass-latch-for-frameless-glass-railing\/#breadcrumb\"},\"inLanguage\":\"fr-FR\",\"potentialAction\":[{\"@type\":\"ReadAction\",\"target\":[\"https:\/\/glassupply.com\/ca\/fr\/produit\/180-glass-to-glass-latch-for-frameless-glass-railing\/\"]}]},{\"@type\":\"ImageObject\",\"inLanguage\":\"fr-FR\",\"@id\":\"https:\/\/glassupply.com\/ca\/fr\/produit\/180-glass-to-glass-latch-for-frameless-glass-railing\/#primaryimage\",\"url\":\"https:\/\/glassupply.com\/ca\/wp-content\/uploads\/sites\/5\/2023\/06\/R-DH-180GGLECSS-First-Product-Image-2.webp\",\"contentUrl\":\"https:\/\/glassupply.com\/ca\/wp-content\/uploads\/sites\/5\/2023\/06\/R-DH-180GGLECSS-First-Product-Image-2.webp\",\"width\":1902,\"height\":1902},{\"@type\":\"BreadcrumbList\",\"@id\":\"https:\/\/glassupply.com\/ca\/fr\/produit\/180-glass-to-glass-latch-for-frameless-glass-railing\/#breadcrumb\",\"itemListElement\":[{\"@type\":\"ListItem\",\"position\":1,\"name\":\"Home\",\"item\":\"https:\/\/glassupply.com\/ca\/fr\/\"},{\"@type\":\"ListItem\",\"position\":2,\"name\":\"Shop\",\"item\":\"https:\/\/glassupply.com\/ca\/fr\/shop\/\"},{\"@type\":\"ListItem\",\"position\":3,\"name\":\"180\u00b0 Glass to Glass Latch for Frameless Glass Railing\"}]},{\"@type\":\"WebSite\",\"@id\":\"https:\/\/glassupply.com\/ca\/fr\/#website\",\"url\":\"https:\/\/glassupply.com\/ca\/fr\/\",\"name\":\"Glassupply.com\",\"description\":\"From the manufacturer to your doorstep\",\"publisher\":{\"@id\":\"https:\/\/glassupply.com\/ca\/fr\/#organization\"},\"potentialAction\":[{\"@type\":\"SearchAction\",\"target\":{\"@type\":\"EntryPoint\",\"urlTemplate\":\"https:\/\/glassupply.com\/ca\/fr\/?s={search_term_string}\"},\"query-input\":{\"@type\":\"PropertyValueSpecification\",\"valueRequired\":true,\"valueName\":\"search_term_string\"}}],\"inLanguage\":\"fr-FR\"},{\"@type\":\"Organization\",\"@id\":\"https:\/\/glassupply.com\/ca\/fr\/#organization\",\"name\":\"Glassupply.com\",\"url\":\"https:\/\/glassupply.com\/ca\/fr\/\",\"logo\":{\"@type\":\"ImageObject\",\"inLanguage\":\"fr-FR\",\"@id\":\"https:\/\/glassupply.com\/ca\/fr\/#\/schema\/logo\/image\/\",\"url\":\"https:\/\/staging.glassupply.com\/ca\/wp-content\/uploads\/sites\/5\/2023\/07\/logo.svg\",\"contentUrl\":\"https:\/\/staging.glassupply.com\/ca\/wp-content\/uploads\/sites\/5\/2023\/07\/logo.svg\",\"width\":310,\"height\":24,\"caption\":\"Glassupply.com\"},\"image\":{\"@id\":\"https:\/\/glassupply.com\/ca\/fr\/#\/schema\/logo\/image\/\"}}]}<\/script>\n<!-- \/ Yoast SEO plugin. -->","yoast_head_json":{"title":"180\u00b0 Glass to Glass Latch for Frameless Glass Railing - Glassupply (CA)","robots":{"index":"index","follow":"follow","max-snippet":"max-snippet:-1","max-image-preview":"max-image-preview:large","max-video-preview":"max-video-preview:-1"},"canonical":"https:\/\/glassupply.com\/ca\/fr\/produit\/180-glass-to-glass-latch-for-frameless-glass-railing\/","og_locale":"fr_CA","og_type":"article","og_title":"180\u00b0 Glass to Glass Latch for Frameless Glass Railing - Glassupply (CA)","og_description":"Le loquet verre-\u00e0-verre \u00e0 180\u00b0 pour garde-corps sans cadre est un loquet tr\u00e8s fonctionnel et s\u00e9curis\u00e9, \u00e9quip\u00e9 d\u2019un m\u00e9canisme magn\u00e9tique \u00e0 fermeture automatique. Ce loquet est sp\u00e9cialement con\u00e7u pour \u00eatre install\u00e9 sur un panneau de verre adjacent, ce qui en fait un choix id\u00e9al pour les garde-corps en verre sans cadre.  Associ\u00e9 \u00e0 nos charni\u00e8res \u00e0 ressort \u00e0 fermeture automatique, ce loquet magn\u00e9tique peut constituer un \u00e9l\u00e9ment essentiel pour respecter les exigences relatives aux barri\u00e8res de s\u00e9curit\u00e9 pour piscines mises en \u0153uvre par de nombreuses municipalit\u00e9s \u00e0 travers l\u2019Am\u00e9rique du Nord.  Ce type de loquet est con\u00e7u pour \u00eatre install\u00e9 de mani\u00e8re \u00e0 ce que le p\u00eane du loquet se trouve du m\u00eame c\u00f4t\u00e9 que l\u2019ouverture de la porte. Ce syst\u00e8me fonctionne que la porte soit mont\u00e9e \u00e0 gauche ou \u00e0 droite.  Si la porte s\u2019ouvre vers l\u2019ext\u00e9rieur, le loquet sera install\u00e9 \u00e0 l\u2019ext\u00e9rieur de la porte, permettant au p\u00eane de s\u2019engager dans la douille magn\u00e9tique lorsque la porte est ferm\u00e9e.  En revanche, un loquet invers\u00e9 est install\u00e9 du c\u00f4t\u00e9 oppos\u00e9 \u00e0 l\u2019ouverture de la porte.  Fabriqu\u00e9 avec un alliage d\u2019acier inoxydable Duplex 2205 de la plus haute qualit\u00e9, ce mat\u00e9riel de qualit\u00e9 marine, anticorrosion, est reconnu pour sa r\u00e9sistance exceptionnelle et sa durabilit\u00e9 dans les environnements ext\u00e9rieurs exigeants. Notre acier inoxydable Duplex 2205, alli\u00e9 \u00e0 22 % de chrome, 3 % de molybd\u00e8ne et 5 \u00e0 6 % de nickel, offre une r\u00e9sistance \u00e0 la corrosion sup\u00e9rieure et plus du double de la limite d\u2019\u00e9lasticit\u00e9 des aciers inoxydables aust\u00e9nitiques standards.  Choisissez entre une finition en acier inoxydable poli (bross\u00e9) ou une finition noire mate lisse, appliqu\u00e9e par poudrage \u00e9lectrostatique et durcie au four pour une surface r\u00e9sistante aux rayures et prot\u00e9g\u00e9e contre les intemp\u00e9ries. Id\u00e9al pour les applications int\u00e9rieures et ext\u00e9rieures, il offre une excellente r\u00e9sistance \u00e0 la corrosion, ce qui le rend parfait pour les structures fortement expos\u00e9es \u00e0 la corrosion, telles que les r\u00e9gions c\u00f4ti\u00e8res et les environnements de piscine.  &nbsp; SP\u00c9CIFICATIONS TECHNIQUES    \u00c9paisseur du verre de s\u00e9curit\u00e9 3\/8\u201d \u2013 1\/2\u201d (10 \u00e0 12 mm) \u2013 peut accueillir des panneaux de verre de 9\/16\u201d (13,5 mm)   Couleur\/Finition Acier inoxydable poli, Noir mat   Mat\u00e9riau de fabrication Acier inoxydable Duplex 2205   Jeu recommand\u00e9 pour la porte 1\/4\u201d \u2013 3\/8\u201d (6 \u00e0 10 mm)   Type de fixation Montage sur panneau de verre   Emplacement recommand\u00e9 Int\u00e9rieur, Ext\u00e9rieur   C\u00f4t\u00e9 de montage R\u00e9versible","og_url":"https:\/\/glassupply.com\/ca\/fr\/produit\/180-glass-to-glass-latch-for-frameless-glass-railing\/","og_site_name":"Glassupply (CA)","article_modified_time":"2025-06-05T12:02:41+00:00","og_image":[{"width":1902,"height":1902,"url":"https:\/\/glassupply.com\/ca\/wp-content\/uploads\/sites\/5\/2023\/06\/R-DH-180GGLECSS-First-Product-Image-2.webp","type":"image\/webp"}],"twitter_card":"summary_large_image","twitter_misc":{"Est. reading time":"1 minute"},"schema":{"@context":"https:\/\/schema.org","@graph":[{"@type":"WebPage","@id":"https:\/\/glassupply.com\/ca\/fr\/produit\/180-glass-to-glass-latch-for-frameless-glass-railing\/","url":"https:\/\/glassupply.com\/ca\/fr\/produit\/180-glass-to-glass-latch-for-frameless-glass-railing\/","name":"180\u00b0 Glass to Glass Latch for Frameless Glass Railing - Glassupply (CA)","isPartOf":{"@id":"https:\/\/glassupply.com\/ca\/fr\/#website"},"primaryImageOfPage":{"@id":"https:\/\/glassupply.com\/ca\/fr\/produit\/180-glass-to-glass-latch-for-frameless-glass-railing\/#primaryimage"},"image":{"@id":"https:\/\/glassupply.com\/ca\/fr\/produit\/180-glass-to-glass-latch-for-frameless-glass-railing\/#primaryimage"},"thumbnailUrl":"https:\/\/glassupply.com\/ca\/wp-content\/uploads\/sites\/5\/2023\/06\/R-DH-180GGLECSS-First-Product-Image-2.webp","datePublished":"2023-06-28T14:26:05+00:00","dateModified":"2025-06-05T12:02:41+00:00","breadcrumb":{"@id":"https:\/\/glassupply.com\/ca\/fr\/produit\/180-glass-to-glass-latch-for-frameless-glass-railing\/#breadcrumb"},"inLanguage":"fr-FR","potentialAction":[{"@type":"ReadAction","target":["https:\/\/glassupply.com\/ca\/fr\/produit\/180-glass-to-glass-latch-for-frameless-glass-railing\/"]}]},{"@type":"ImageObject","inLanguage":"fr-FR","@id":"https:\/\/glassupply.com\/ca\/fr\/produit\/180-glass-to-glass-latch-for-frameless-glass-railing\/#primaryimage","url":"https:\/\/glassupply.com\/ca\/wp-content\/uploads\/sites\/5\/2023\/06\/R-DH-180GGLECSS-First-Product-Image-2.webp","contentUrl":"https:\/\/glassupply.com\/ca\/wp-content\/uploads\/sites\/5\/2023\/06\/R-DH-180GGLECSS-First-Product-Image-2.webp","width":1902,"height":1902},{"@type":"BreadcrumbList","@id":"https:\/\/glassupply.com\/ca\/fr\/produit\/180-glass-to-glass-latch-for-frameless-glass-railing\/#breadcrumb","itemListElement":[{"@type":"ListItem","position":1,"name":"Home","item":"https:\/\/glassupply.com\/ca\/fr\/"},{"@type":"ListItem","position":2,"name":"Shop","item":"https:\/\/glassupply.com\/ca\/fr\/shop\/"},{"@type":"ListItem","position":3,"name":"180\u00b0 Glass to Glass Latch for Frameless Glass Railing"}]},{"@type":"WebSite","@id":"https:\/\/glassupply.com\/ca\/fr\/#website","url":"https:\/\/glassupply.com\/ca\/fr\/","name":"Glassupply.com","description":"From the manufacturer to your doorstep","publisher":{"@id":"https:\/\/glassupply.com\/ca\/fr\/#organization"},"potentialAction":[{"@type":"SearchAction","target":{"@type":"EntryPoint","urlTemplate":"https:\/\/glassupply.com\/ca\/fr\/?s={search_term_string}"},"query-input":{"@type":"PropertyValueSpecification","valueRequired":true,"valueName":"search_term_string"}}],"inLanguage":"fr-FR"},{"@type":"Organization","@id":"https:\/\/glassupply.com\/ca\/fr\/#organization","name":"Glassupply.com","url":"https:\/\/glassupply.com\/ca\/fr\/","logo":{"@type":"ImageObject","inLanguage":"fr-FR","@id":"https:\/\/glassupply.com\/ca\/fr\/#\/schema\/logo\/image\/","url":"https:\/\/staging.glassupply.com\/ca\/wp-content\/uploads\/sites\/5\/2023\/07\/logo.svg","contentUrl":"https:\/\/staging.glassupply.com\/ca\/wp-content\/uploads\/sites\/5\/2023\/07\/logo.svg","width":310,"height":24,"caption":"Glassupply.com"},"image":{"@id":"https:\/\/glassupply.com\/ca\/fr\/#\/schema\/logo\/image\/"}}]}},"_links":{"self":[{"href":"https:\/\/glassupply.com\/ca\/fr\/wp-json\/wp\/v2\/product\/2302","targetHints":{"allow":["GET"]}}],"collection":[{"href":"https:\/\/glassupply.com\/ca\/fr\/wp-json\/wp\/v2\/product"}],"about":[{"href":"https:\/\/glassupply.com\/ca\/fr\/wp-json\/wp\/v2\/types\/product"}],"replies":[{"embeddable":true,"href":"https:\/\/glassupply.com\/ca\/fr\/wp-json\/wp\/v2\/comments?post=2302"}],"wp:featuredmedia":[{"embeddable":true,"href":"https:\/\/glassupply.com\/ca\/fr\/wp-json\/wp\/v2\/media\/1650"}],"wp:attachment":[{"href":"https:\/\/glassupply.com\/ca\/fr\/wp-json\/wp\/v2\/media?parent=2302"}],"wp:term":[{"taxonomy":"product_brand","embeddable":true,"href":"https:\/\/glassupply.com\/ca\/fr\/wp-json\/wp\/v2\/product_brand?post=2302"},{"taxonomy":"product_cat","embeddable":true,"href":"https:\/\/glassupply.com\/ca\/fr\/wp-json\/wp\/v2\/product_cat?post=2302"},{"taxonomy":"product_tag","embeddable":true,"href":"https:\/\/glassupply.com\/ca\/fr\/wp-json\/wp\/v2\/product_tag?post=2302"}],"curies":[{"name":"wp","href":"https:\/\/api.w.org\/{rel}","templated":true}]}}