{"id":2322,"date":"2023-06-28T09:26:05","date_gmt":"2023-06-28T09:26:05","guid":{"rendered":"https:\/\/staging.glassupply.com\/ca\/product\/gs-header-kit\/"},"modified":"2026-02-12T07:41:03","modified_gmt":"2026-02-12T12:41:03","slug":"gs-header-kit","status":"publish","type":"product","link":"https:\/\/glassupply.com\/ca\/fr\/produit\/gs-header-kit\/","title":{"rendered":"GS Header Kit"},"content":{"rendered":"","protected":false},"excerpt":{"rendered":"<p><span style=\"font-weight: 400;\">Le kit de traverse sup\u00e9rieure GS est un ajout \u00e9l\u00e9gant et moderne \u00e0 tout environnement contemporain. Il est con\u00e7u pour offrir soutien et stabilit\u00e9 aux enceintes de douche en verre ou \u00e0 d\u2019autres structures similaires qui ne vont pas jusqu\u2019au plafond.<\/span><\/p>\n<p><span style=\"font-weight: 400;\">Avec un design contemporain et polyvalent, le kit de traverse pr\u00e9sente un c\u00f4t\u00e9 arrondi et un c\u00f4t\u00e9 plat, interchangeables, ce qui vous permet de l\u2019harmoniser facilement avec les autres \u00e9l\u00e9ments de quincaillerie et la d\u00e9coration de votre salle de bain ou espace de vie.<\/span><\/p>\n<p><span style=\"font-weight: 400;\">Le kit de traverse sup\u00e9rieure GS est compatible avec nos charni\u00e8res pivotantes GS (S-HI-PH) pour un montage de porte en verre haut-bas.<\/span><\/p>\n<p><span style=\"font-weight: 400;\">Le bloc adaptateur pour charni\u00e8re (S-HK-AD), les vis, les chevilles murales en plastique <\/span><span style=\"font-weight: 400;\">et tous les autres composants n\u00e9cessaires \u00e0 une installation efficace sont inclus dans le kit de traverse (S-HK).<\/span><\/p>\n<p><span style=\"font-weight: 400;\">Vendu en longueur de 98\u201d (2,5 m), \u00e0 couper sur place selon les besoins.<\/span><\/p>\n<p><span style=\"font-weight: 400;\">Notre proc\u00e9d\u00e9 de finition pour la quincaillerie en aluminium comprend trois m\u00e9thodes d\u2019application, chacune garantissant une finition durable, r\u00e9sistante \u00e0 la corrosion et esth\u00e9tiquement agr\u00e9able. Ces m\u00e9thodes incluent l\u2019\u00e9lectrophor\u00e8se (Noir mat), le chromage (Chrome) et le nickelage (Nickel bross\u00e9). Quelle que soit l\u2019option choisie, notre proc\u00e9d\u00e9 assure une finition magnifique et durable, conforme aux normes les plus \u00e9lev\u00e9es de l\u2019industrie en mati\u00e8re de qualit\u00e9 et de durabilit\u00e9, offrant des performances exceptionnelles et une grande esth\u00e9tique.<\/span><\/p>\n<h2><b>LE KIT COMPREND<\/b><\/h2>\n<table>\n<tbody>\n<tr>\n<td><b>Produit<\/b><\/td>\n<td><b>R\u00e9f\u00e9rence<\/b><\/td>\n<td><b>Qt\u00e9<\/b><\/td>\n<\/tr>\n<tr>\n<td><span style=\"font-weight: 400;\">Traverse 98&Prime;<\/span><\/td>\n<td><span style=\"font-weight: 400;\">S-HK-HXX<\/span><\/td>\n<td><span style=\"font-weight: 400;\">1<\/span><\/td>\n<\/tr>\n<tr>\n<td><span style=\"font-weight: 400;\">Bloc adaptateur<\/span><\/td>\n<td><span style=\"font-weight: 400;\">S-HK-ADXX<\/span><\/td>\n<td><span style=\"font-weight: 400;\">1<\/span><\/td>\n<\/tr>\n<tr>\n<td><span style=\"font-weight: 400;\">Supports muraux en laiton<\/span><\/td>\n<td><span style=\"font-weight: 400;\">S-HK-MBH<\/span><\/td>\n<td><span style=\"font-weight: 400;\">2<\/span><\/td>\n<\/tr>\n<tr>\n<td><span style=\"font-weight: 400;\">Support de traverse r\u00e9glable<\/span><\/td>\n<td><span style=\"font-weight: 400;\">S-HK-AB<\/span><\/td>\n<td><span style=\"font-weight: 400;\">2<\/span><\/td>\n<\/tr>\n<\/tbody>\n<\/table>\n<h2><b>SP\u00c9CIFICATIONS TECHNIQUES<\/b><\/h2>\n<table>\n<tbody>\n<tr>\n<td><b>\u00c9paisseur du verre de s\u00e9curit\u00e9<\/b><\/td>\n<td><span style=\"font-weight: 400;\">5\/16\u201d (8 mm) \u00e0 1\/2\u201d (12 mm)<\/span><\/td>\n<\/tr>\n<tr>\n<td><b>Couleur\/Finition<\/b><\/td>\n<td><span style=\"font-weight: 400;\">Chrome, Nickel bross\u00e9, Noir mat<\/span><\/td>\n<\/tr>\n<\/tbody>\n<\/table>\n","protected":false},"featured_media":1618,"comment_status":"closed","ping_status":"closed","template":"","meta":{"_acf_changed":false,"inline_featured_image":false},"product_brand":[],"product_cat":[73],"product_tag":[],"class_list":{"0":"post-2322","1":"product","2":"type-product","3":"status-publish","4":"has-post-thumbnail","6":"product_cat-shower-hardware-fr","8":"first","9":"instock","10":"taxable","11":"shipping-taxable","12":"purchasable","13":"product-type-variable","14":"has-default-attributes"},"acf":[],"yoast_head":"<!-- This site is optimized with the Yoast SEO plugin v26.9 - https:\/\/yoast.com\/product\/yoast-seo-wordpress\/ -->\n<title>GS Header Kit - Glassupply (CA)<\/title>\n<meta name=\"robots\" content=\"index, follow, max-snippet:-1, max-image-preview:large, max-video-preview:-1\" \/>\n<link rel=\"canonical\" href=\"https:\/\/glassupply.com\/ca\/fr\/produit\/gs-header-kit\/\" \/>\n<meta property=\"og:locale\" content=\"fr_CA\" \/>\n<meta property=\"og:type\" content=\"article\" \/>\n<meta property=\"og:title\" content=\"GS Header Kit - Glassupply (CA)\" \/>\n<meta property=\"og:description\" content=\"Le kit de traverse sup\u00e9rieure GS est un ajout \u00e9l\u00e9gant et moderne \u00e0 tout environnement contemporain. Il est con\u00e7u pour offrir soutien et stabilit\u00e9 aux enceintes de douche en verre ou \u00e0 d\u2019autres structures similaires qui ne vont pas jusqu\u2019au plafond.  Avec un design contemporain et polyvalent, le kit de traverse pr\u00e9sente un c\u00f4t\u00e9 arrondi et un c\u00f4t\u00e9 plat, interchangeables, ce qui vous permet de l\u2019harmoniser facilement avec les autres \u00e9l\u00e9ments de quincaillerie et la d\u00e9coration de votre salle de bain ou espace de vie.  Le kit de traverse sup\u00e9rieure GS est compatible avec nos charni\u00e8res pivotantes GS (S-HI-PH) pour un montage de porte en verre haut-bas.  Le bloc adaptateur pour charni\u00e8re (S-HK-AD), les vis, les chevilles murales en plastique et tous les autres composants n\u00e9cessaires \u00e0 une installation efficace sont inclus dans le kit de traverse (S-HK).  Vendu en longueur de 98\u201d (2,5 m), \u00e0 couper sur place selon les besoins.  Notre proc\u00e9d\u00e9 de finition pour la quincaillerie en aluminium comprend trois m\u00e9thodes d\u2019application, chacune garantissant une finition durable, r\u00e9sistante \u00e0 la corrosion et esth\u00e9tiquement agr\u00e9able. Ces m\u00e9thodes incluent l\u2019\u00e9lectrophor\u00e8se (Noir mat), le chromage (Chrome) et le nickelage (Nickel bross\u00e9). Quelle que soit l\u2019option choisie, notre proc\u00e9d\u00e9 assure une finition magnifique et durable, conforme aux normes les plus \u00e9lev\u00e9es de l\u2019industrie en mati\u00e8re de qualit\u00e9 et de durabilit\u00e9, offrant des performances exceptionnelles et une grande esth\u00e9tique. LE KIT COMPREND    Produit R\u00e9f\u00e9rence Qt\u00e9   Traverse 98&quot; S-HK-HXX 1   Bloc adaptateur S-HK-ADXX 1   Supports muraux en laiton S-HK-MBH 2   Support de traverse r\u00e9glable S-HK-AB 2    SP\u00c9CIFICATIONS TECHNIQUES    \u00c9paisseur du verre de s\u00e9curit\u00e9 5\/16\u201d (8 mm) \u00e0 1\/2\u201d (12 mm)   Couleur\/Finition Chrome, Nickel bross\u00e9, Noir mat\" \/>\n<meta property=\"og:url\" content=\"https:\/\/glassupply.com\/ca\/fr\/produit\/gs-header-kit\/\" \/>\n<meta property=\"og:site_name\" content=\"Glassupply (CA)\" \/>\n<meta property=\"article:modified_time\" content=\"2026-02-12T12:41:03+00:00\" \/>\n<meta property=\"og:image\" content=\"https:\/\/glassupply.com\/ca\/wp-content\/uploads\/sites\/5\/2023\/06\/S-HK-CH-Product-Image.webp\" \/>\n\t<meta property=\"og:image:width\" content=\"1920\" \/>\n\t<meta property=\"og:image:height\" content=\"1080\" \/>\n\t<meta property=\"og:image:type\" content=\"image\/webp\" \/>\n<meta name=\"twitter:card\" content=\"summary_large_image\" \/>\n<meta name=\"twitter:label1\" content=\"Est. reading time\" \/>\n\t<meta name=\"twitter:data1\" content=\"1 minute\" \/>\n<script type=\"application\/ld+json\" class=\"yoast-schema-graph\">{\"@context\":\"https:\/\/schema.org\",\"@graph\":[{\"@type\":\"WebPage\",\"@id\":\"https:\/\/glassupply.com\/ca\/fr\/produit\/gs-header-kit\/\",\"url\":\"https:\/\/glassupply.com\/ca\/fr\/produit\/gs-header-kit\/\",\"name\":\"GS Header Kit - Glassupply (CA)\",\"isPartOf\":{\"@id\":\"https:\/\/glassupply.com\/ca\/fr\/#website\"},\"primaryImageOfPage\":{\"@id\":\"https:\/\/glassupply.com\/ca\/fr\/produit\/gs-header-kit\/#primaryimage\"},\"image\":{\"@id\":\"https:\/\/glassupply.com\/ca\/fr\/produit\/gs-header-kit\/#primaryimage\"},\"thumbnailUrl\":\"https:\/\/glassupply.com\/ca\/wp-content\/uploads\/sites\/5\/2023\/06\/S-HK-CH-Product-Image.webp\",\"datePublished\":\"2023-06-28T09:26:05+00:00\",\"dateModified\":\"2026-02-12T12:41:03+00:00\",\"breadcrumb\":{\"@id\":\"https:\/\/glassupply.com\/ca\/fr\/produit\/gs-header-kit\/#breadcrumb\"},\"inLanguage\":\"fr-FR\",\"potentialAction\":[{\"@type\":\"ReadAction\",\"target\":[\"https:\/\/glassupply.com\/ca\/fr\/produit\/gs-header-kit\/\"]}]},{\"@type\":\"ImageObject\",\"inLanguage\":\"fr-FR\",\"@id\":\"https:\/\/glassupply.com\/ca\/fr\/produit\/gs-header-kit\/#primaryimage\",\"url\":\"https:\/\/glassupply.com\/ca\/wp-content\/uploads\/sites\/5\/2023\/06\/S-HK-CH-Product-Image.webp\",\"contentUrl\":\"https:\/\/glassupply.com\/ca\/wp-content\/uploads\/sites\/5\/2023\/06\/S-HK-CH-Product-Image.webp\",\"width\":1920,\"height\":1080},{\"@type\":\"BreadcrumbList\",\"@id\":\"https:\/\/glassupply.com\/ca\/fr\/produit\/gs-header-kit\/#breadcrumb\",\"itemListElement\":[{\"@type\":\"ListItem\",\"position\":1,\"name\":\"Home\",\"item\":\"https:\/\/glassupply.com\/ca\/fr\/\"},{\"@type\":\"ListItem\",\"position\":2,\"name\":\"Shop\",\"item\":\"https:\/\/glassupply.com\/ca\/fr\/shop\/\"},{\"@type\":\"ListItem\",\"position\":3,\"name\":\"GS Header Kit\"}]},{\"@type\":\"WebSite\",\"@id\":\"https:\/\/glassupply.com\/ca\/fr\/#website\",\"url\":\"https:\/\/glassupply.com\/ca\/fr\/\",\"name\":\"Glassupply.com\",\"description\":\"From the manufacturer to your doorstep\",\"publisher\":{\"@id\":\"https:\/\/glassupply.com\/ca\/fr\/#organization\"},\"potentialAction\":[{\"@type\":\"SearchAction\",\"target\":{\"@type\":\"EntryPoint\",\"urlTemplate\":\"https:\/\/glassupply.com\/ca\/fr\/?s={search_term_string}\"},\"query-input\":{\"@type\":\"PropertyValueSpecification\",\"valueRequired\":true,\"valueName\":\"search_term_string\"}}],\"inLanguage\":\"fr-FR\"},{\"@type\":\"Organization\",\"@id\":\"https:\/\/glassupply.com\/ca\/fr\/#organization\",\"name\":\"Glassupply.com\",\"url\":\"https:\/\/glassupply.com\/ca\/fr\/\",\"logo\":{\"@type\":\"ImageObject\",\"inLanguage\":\"fr-FR\",\"@id\":\"https:\/\/glassupply.com\/ca\/fr\/#\/schema\/logo\/image\/\",\"url\":\"https:\/\/staging.glassupply.com\/ca\/wp-content\/uploads\/sites\/5\/2023\/07\/logo.svg\",\"contentUrl\":\"https:\/\/staging.glassupply.com\/ca\/wp-content\/uploads\/sites\/5\/2023\/07\/logo.svg\",\"width\":310,\"height\":24,\"caption\":\"Glassupply.com\"},\"image\":{\"@id\":\"https:\/\/glassupply.com\/ca\/fr\/#\/schema\/logo\/image\/\"}}]}<\/script>\n<!-- \/ Yoast SEO plugin. -->","yoast_head_json":{"title":"GS Header Kit - Glassupply (CA)","robots":{"index":"index","follow":"follow","max-snippet":"max-snippet:-1","max-image-preview":"max-image-preview:large","max-video-preview":"max-video-preview:-1"},"canonical":"https:\/\/glassupply.com\/ca\/fr\/produit\/gs-header-kit\/","og_locale":"fr_CA","og_type":"article","og_title":"GS Header Kit - Glassupply (CA)","og_description":"Le kit de traverse sup\u00e9rieure GS est un ajout \u00e9l\u00e9gant et moderne \u00e0 tout environnement contemporain. Il est con\u00e7u pour offrir soutien et stabilit\u00e9 aux enceintes de douche en verre ou \u00e0 d\u2019autres structures similaires qui ne vont pas jusqu\u2019au plafond.  Avec un design contemporain et polyvalent, le kit de traverse pr\u00e9sente un c\u00f4t\u00e9 arrondi et un c\u00f4t\u00e9 plat, interchangeables, ce qui vous permet de l\u2019harmoniser facilement avec les autres \u00e9l\u00e9ments de quincaillerie et la d\u00e9coration de votre salle de bain ou espace de vie.  Le kit de traverse sup\u00e9rieure GS est compatible avec nos charni\u00e8res pivotantes GS (S-HI-PH) pour un montage de porte en verre haut-bas.  Le bloc adaptateur pour charni\u00e8re (S-HK-AD), les vis, les chevilles murales en plastique et tous les autres composants n\u00e9cessaires \u00e0 une installation efficace sont inclus dans le kit de traverse (S-HK).  Vendu en longueur de 98\u201d (2,5 m), \u00e0 couper sur place selon les besoins.  Notre proc\u00e9d\u00e9 de finition pour la quincaillerie en aluminium comprend trois m\u00e9thodes d\u2019application, chacune garantissant une finition durable, r\u00e9sistante \u00e0 la corrosion et esth\u00e9tiquement agr\u00e9able. Ces m\u00e9thodes incluent l\u2019\u00e9lectrophor\u00e8se (Noir mat), le chromage (Chrome) et le nickelage (Nickel bross\u00e9). Quelle que soit l\u2019option choisie, notre proc\u00e9d\u00e9 assure une finition magnifique et durable, conforme aux normes les plus \u00e9lev\u00e9es de l\u2019industrie en mati\u00e8re de qualit\u00e9 et de durabilit\u00e9, offrant des performances exceptionnelles et une grande esth\u00e9tique. LE KIT COMPREND    Produit R\u00e9f\u00e9rence Qt\u00e9   Traverse 98\" S-HK-HXX 1   Bloc adaptateur S-HK-ADXX 1   Supports muraux en laiton S-HK-MBH 2   Support de traverse r\u00e9glable S-HK-AB 2    SP\u00c9CIFICATIONS TECHNIQUES    \u00c9paisseur du verre de s\u00e9curit\u00e9 5\/16\u201d (8 mm) \u00e0 1\/2\u201d (12 mm)   Couleur\/Finition Chrome, Nickel bross\u00e9, Noir mat","og_url":"https:\/\/glassupply.com\/ca\/fr\/produit\/gs-header-kit\/","og_site_name":"Glassupply (CA)","article_modified_time":"2026-02-12T12:41:03+00:00","og_image":[{"width":1920,"height":1080,"url":"https:\/\/glassupply.com\/ca\/wp-content\/uploads\/sites\/5\/2023\/06\/S-HK-CH-Product-Image.webp","type":"image\/webp"}],"twitter_card":"summary_large_image","twitter_misc":{"Est. reading time":"1 minute"},"schema":{"@context":"https:\/\/schema.org","@graph":[{"@type":"WebPage","@id":"https:\/\/glassupply.com\/ca\/fr\/produit\/gs-header-kit\/","url":"https:\/\/glassupply.com\/ca\/fr\/produit\/gs-header-kit\/","name":"GS Header Kit - Glassupply (CA)","isPartOf":{"@id":"https:\/\/glassupply.com\/ca\/fr\/#website"},"primaryImageOfPage":{"@id":"https:\/\/glassupply.com\/ca\/fr\/produit\/gs-header-kit\/#primaryimage"},"image":{"@id":"https:\/\/glassupply.com\/ca\/fr\/produit\/gs-header-kit\/#primaryimage"},"thumbnailUrl":"https:\/\/glassupply.com\/ca\/wp-content\/uploads\/sites\/5\/2023\/06\/S-HK-CH-Product-Image.webp","datePublished":"2023-06-28T09:26:05+00:00","dateModified":"2026-02-12T12:41:03+00:00","breadcrumb":{"@id":"https:\/\/glassupply.com\/ca\/fr\/produit\/gs-header-kit\/#breadcrumb"},"inLanguage":"fr-FR","potentialAction":[{"@type":"ReadAction","target":["https:\/\/glassupply.com\/ca\/fr\/produit\/gs-header-kit\/"]}]},{"@type":"ImageObject","inLanguage":"fr-FR","@id":"https:\/\/glassupply.com\/ca\/fr\/produit\/gs-header-kit\/#primaryimage","url":"https:\/\/glassupply.com\/ca\/wp-content\/uploads\/sites\/5\/2023\/06\/S-HK-CH-Product-Image.webp","contentUrl":"https:\/\/glassupply.com\/ca\/wp-content\/uploads\/sites\/5\/2023\/06\/S-HK-CH-Product-Image.webp","width":1920,"height":1080},{"@type":"BreadcrumbList","@id":"https:\/\/glassupply.com\/ca\/fr\/produit\/gs-header-kit\/#breadcrumb","itemListElement":[{"@type":"ListItem","position":1,"name":"Home","item":"https:\/\/glassupply.com\/ca\/fr\/"},{"@type":"ListItem","position":2,"name":"Shop","item":"https:\/\/glassupply.com\/ca\/fr\/shop\/"},{"@type":"ListItem","position":3,"name":"GS Header Kit"}]},{"@type":"WebSite","@id":"https:\/\/glassupply.com\/ca\/fr\/#website","url":"https:\/\/glassupply.com\/ca\/fr\/","name":"Glassupply.com","description":"From the manufacturer to your doorstep","publisher":{"@id":"https:\/\/glassupply.com\/ca\/fr\/#organization"},"potentialAction":[{"@type":"SearchAction","target":{"@type":"EntryPoint","urlTemplate":"https:\/\/glassupply.com\/ca\/fr\/?s={search_term_string}"},"query-input":{"@type":"PropertyValueSpecification","valueRequired":true,"valueName":"search_term_string"}}],"inLanguage":"fr-FR"},{"@type":"Organization","@id":"https:\/\/glassupply.com\/ca\/fr\/#organization","name":"Glassupply.com","url":"https:\/\/glassupply.com\/ca\/fr\/","logo":{"@type":"ImageObject","inLanguage":"fr-FR","@id":"https:\/\/glassupply.com\/ca\/fr\/#\/schema\/logo\/image\/","url":"https:\/\/staging.glassupply.com\/ca\/wp-content\/uploads\/sites\/5\/2023\/07\/logo.svg","contentUrl":"https:\/\/staging.glassupply.com\/ca\/wp-content\/uploads\/sites\/5\/2023\/07\/logo.svg","width":310,"height":24,"caption":"Glassupply.com"},"image":{"@id":"https:\/\/glassupply.com\/ca\/fr\/#\/schema\/logo\/image\/"}}]}},"_links":{"self":[{"href":"https:\/\/glassupply.com\/ca\/fr\/wp-json\/wp\/v2\/product\/2322","targetHints":{"allow":["GET"]}}],"collection":[{"href":"https:\/\/glassupply.com\/ca\/fr\/wp-json\/wp\/v2\/product"}],"about":[{"href":"https:\/\/glassupply.com\/ca\/fr\/wp-json\/wp\/v2\/types\/product"}],"replies":[{"embeddable":true,"href":"https:\/\/glassupply.com\/ca\/fr\/wp-json\/wp\/v2\/comments?post=2322"}],"wp:featuredmedia":[{"embeddable":true,"href":"https:\/\/glassupply.com\/ca\/fr\/wp-json\/wp\/v2\/media\/1618"}],"wp:attachment":[{"href":"https:\/\/glassupply.com\/ca\/fr\/wp-json\/wp\/v2\/media?parent=2322"}],"wp:term":[{"taxonomy":"product_brand","embeddable":true,"href":"https:\/\/glassupply.com\/ca\/fr\/wp-json\/wp\/v2\/product_brand?post=2322"},{"taxonomy":"product_cat","embeddable":true,"href":"https:\/\/glassupply.com\/ca\/fr\/wp-json\/wp\/v2\/product_cat?post=2322"},{"taxonomy":"product_tag","embeddable":true,"href":"https:\/\/glassupply.com\/ca\/fr\/wp-json\/wp\/v2\/product_tag?post=2322"}],"curies":[{"name":"wp","href":"https:\/\/api.w.org\/{rel}","templated":true}]}}