{"id":2330,"date":"2023-06-28T09:26:05","date_gmt":"2023-06-28T09:26:05","guid":{"rendered":"https:\/\/staging.glassupply.com\/ca\/product\/gs-u-channel-for-3-8-10mm-or-1-2-12mm-glass\/"},"modified":"2026-02-12T07:38:28","modified_gmt":"2026-02-12T12:38:28","slug":"gs-u-channel-for-3-8-10mm-or-1-2-12mm-glass","status":"publish","type":"product","link":"https:\/\/glassupply.com\/ca\/fr\/produit\/gs-u-channel-for-3-8-10mm-or-1-2-12mm-glass\/","title":{"rendered":"GS U-Channel for 3\/8\u00a0\u00bb (10mm) or 1\/2&Prime; (12mm) Glass"},"content":{"rendered":"","protected":false},"excerpt":{"rendered":"<p><span style=\"font-weight: 400;\">Le profil\u00e9 en U GS-U est un produit polyvalent et pratique con\u00e7u pour maintenir et stabiliser solidement les panneaux de verre fixes dans diverses applications, notamment les cabines de douche, les cloisons vitr\u00e9es et les pr\u00e9sentoirs.<\/span><\/p>\n<p><span style=\"font-weight: 400;\">Le profil\u00e9 en U GS-U est fabriqu\u00e9 en aluminium de haute qualit\u00e9 et est disponible en deux tailles diff\u00e9rentes pour s\u2019adapter \u00e0 du verre de 3\/8\u201d (10 mm) ou de 1\/2\u201d (12 mm).<\/span><\/p>\n<p><span style=\"font-weight: 400;\">Le profil\u00e9 en U peut \u00eatre facilement install\u00e9 \u00e0 l\u2019aide de vis, d\u2019adh\u00e9sif ou d\u2019autres m\u00e9thodes appropri\u00e9es. Il ne n\u00e9cessite aucun trou ni d\u00e9coupe dans le verre et est g\u00e9n\u00e9ralement <\/span><span style=\"font-weight: 400;\">fix\u00e9 avec un vitrage humide \u00e0 l\u2019aide de silicone transparent.<\/span><\/p>\n<p><span style=\"font-weight: 400;\">Notre proc\u00e9d\u00e9 de finition pour la quincaillerie en aluminium comprend trois m\u00e9thodes d\u2019application diff\u00e9rentes, chacune assurant une finition durable, r\u00e9sistante \u00e0 la corrosion et esth\u00e9tiquement attrayante. Ces m\u00e9thodes incluent l\u2019anodisation (Noir Mat), le chromage (Chrome) et le nickelage (Nickel Bross\u00e9). Quel que soit le choix, notre proc\u00e9d\u00e9 garantit une finition belle et durable, conforme aux normes les plus strictes de l\u2019industrie en mati\u00e8re de qualit\u00e9 et de durabilit\u00e9, offrant des performances exceptionnelles et un attrait visuel remarquable.<\/span><\/p>\n<p><b>Instructions :<\/b><\/p>\n<p><span style=\"font-weight: 400;\">Notre longueur standard de stock pour le profil\u00e9 en U est de 144\u201d (3,66 m). Pour les commandes en ligne standards, la longueur maximale d\u2019exp\u00e9dition est de 98\u201d (2,5 m), emball\u00e9e dans un tube en carton. Veuillez sp\u00e9cifier la longueur de coupe souhait\u00e9e ci-dessous lors de votre commande.<\/span><\/p>\n<p><span style=\"font-weight: 400;\">Pour Qt\u00e9 1 = 1 x profil\u00e9 en U complet de 144\u201d d\u00e9coup\u00e9 \u00e0 la longueur sp\u00e9cifi\u00e9e + le morceau restant sera \u00e9galement inclus.<\/span><\/p>\n<p><span style=\"font-weight: 400;\">Par ex. : si la quantit\u00e9 s\u00e9lectionn\u00e9e = 1<\/span><span style=\"font-weight: 400;\"><br \/>\n<\/span><span style=\"font-weight: 400;\">et si la longueur de coupe s\u00e9lectionn\u00e9e = 98\u201d<\/span><\/p>\n<p><span style=\"font-weight: 400;\">Vous recevrez 1 x morceau de profil\u00e9 en U de 98\u201d et 1 x morceau de 46\u201d (144 &#8211; 98 = 46\u201d).<\/span><\/p>\n<p><span style=\"font-weight: 400;\">Si vous avez besoin d\u2019une longueur compl\u00e8te ou de grandes quantit\u00e9s, veuillez nous contacter afin que nous puissions \u00e9tablir un devis manuel pour les frais d\u2019exp\u00e9dition.<\/span><\/p>\n<h2><b>SP\u00c9CIFICATIONS TECHNIQUES<\/b><\/h2>\n<table>\n<tbody>\n<tr>\n<td><b>\u00c9paisseur du verre de s\u00e9curit\u00e9<\/b><\/td>\n<td><span style=\"font-weight: 400;\">3\/8\u201d (10 mm) \u00e0 1\/2\u201d (12 mm)<\/span><\/td>\n<\/tr>\n<tr>\n<td><b>Couleur\/Finition<\/b><\/td>\n<td><span style=\"font-weight: 400;\">Chrome, Nickel Bross\u00e9, Noir Mat<\/span><\/td>\n<\/tr>\n<tr>\n<td><b>Mat\u00e9riau de fabrication<\/b><\/td>\n<td><span style=\"font-weight: 400;\">Aluminium<\/span><\/td>\n<\/tr>\n<\/tbody>\n<\/table>\n","protected":false},"featured_media":1612,"comment_status":"closed","ping_status":"closed","template":"","meta":{"_acf_changed":false,"inline_featured_image":false},"product_brand":[],"product_cat":[73],"product_tag":[],"class_list":{"0":"post-2330","1":"product","2":"type-product","3":"status-publish","4":"has-post-thumbnail","6":"product_cat-shower-hardware-fr","8":"first","9":"instock","10":"taxable","11":"shipping-taxable","12":"purchasable","13":"product-type-variable","14":"has-default-attributes"},"acf":[],"yoast_head":"<!-- This site is optimized with the Yoast SEO plugin v26.9 - https:\/\/yoast.com\/product\/yoast-seo-wordpress\/ -->\n<title>GS U-Channel for 3\/8&#039;&#039; (10mm) or 1\/2&quot; (12mm) Glass - Glassupply (CA)<\/title>\n<meta name=\"robots\" content=\"index, follow, max-snippet:-1, max-image-preview:large, max-video-preview:-1\" \/>\n<link rel=\"canonical\" href=\"https:\/\/glassupply.com\/ca\/fr\/produit\/gs-u-channel-for-3-8-10mm-or-1-2-12mm-glass\/\" \/>\n<meta property=\"og:locale\" content=\"fr_CA\" \/>\n<meta property=\"og:type\" content=\"article\" \/>\n<meta property=\"og:title\" content=\"GS U-Channel for 3\/8&#039;&#039; (10mm) or 1\/2&quot; (12mm) Glass - Glassupply (CA)\" \/>\n<meta property=\"og:description\" content=\"Le profil\u00e9 en U GS-U est un produit polyvalent et pratique con\u00e7u pour maintenir et stabiliser solidement les panneaux de verre fixes dans diverses applications, notamment les cabines de douche, les cloisons vitr\u00e9es et les pr\u00e9sentoirs.  Le profil\u00e9 en U GS-U est fabriqu\u00e9 en aluminium de haute qualit\u00e9 et est disponible en deux tailles diff\u00e9rentes pour s\u2019adapter \u00e0 du verre de 3\/8\u201d (10 mm) ou de 1\/2\u201d (12 mm).  Le profil\u00e9 en U peut \u00eatre facilement install\u00e9 \u00e0 l\u2019aide de vis, d\u2019adh\u00e9sif ou d\u2019autres m\u00e9thodes appropri\u00e9es. Il ne n\u00e9cessite aucun trou ni d\u00e9coupe dans le verre et est g\u00e9n\u00e9ralement fix\u00e9 avec un vitrage humide \u00e0 l\u2019aide de silicone transparent.  Notre proc\u00e9d\u00e9 de finition pour la quincaillerie en aluminium comprend trois m\u00e9thodes d\u2019application diff\u00e9rentes, chacune assurant une finition durable, r\u00e9sistante \u00e0 la corrosion et esth\u00e9tiquement attrayante. Ces m\u00e9thodes incluent l\u2019anodisation (Noir Mat), le chromage (Chrome) et le nickelage (Nickel Bross\u00e9). Quel que soit le choix, notre proc\u00e9d\u00e9 garantit une finition belle et durable, conforme aux normes les plus strictes de l\u2019industrie en mati\u00e8re de qualit\u00e9 et de durabilit\u00e9, offrant des performances exceptionnelles et un attrait visuel remarquable.  Instructions :  Notre longueur standard de stock pour le profil\u00e9 en U est de 144\u201d (3,66 m). Pour les commandes en ligne standards, la longueur maximale d\u2019exp\u00e9dition est de 98\u201d (2,5 m), emball\u00e9e dans un tube en carton. Veuillez sp\u00e9cifier la longueur de coupe souhait\u00e9e ci-dessous lors de votre commande.  Pour Qt\u00e9 1 = 1 x profil\u00e9 en U complet de 144\u201d d\u00e9coup\u00e9 \u00e0 la longueur sp\u00e9cifi\u00e9e + le morceau restant sera \u00e9galement inclus.  Par ex. : si la quantit\u00e9 s\u00e9lectionn\u00e9e = 1 et si la longueur de coupe s\u00e9lectionn\u00e9e = 98\u201d  Vous recevrez 1 x morceau de profil\u00e9 en U de 98\u201d et 1 x morceau de 46\u201d (144 - 98 = 46\u201d).  Si vous avez besoin d\u2019une longueur compl\u00e8te ou de grandes quantit\u00e9s, veuillez nous contacter afin que nous puissions \u00e9tablir un devis manuel pour les frais d\u2019exp\u00e9dition. SP\u00c9CIFICATIONS TECHNIQUES    \u00c9paisseur du verre de s\u00e9curit\u00e9 3\/8\u201d (10 mm) \u00e0 1\/2\u201d (12 mm)   Couleur\/Finition Chrome, Nickel Bross\u00e9, Noir Mat   Mat\u00e9riau de fabrication Aluminium\" \/>\n<meta property=\"og:url\" content=\"https:\/\/glassupply.com\/ca\/fr\/produit\/gs-u-channel-for-3-8-10mm-or-1-2-12mm-glass\/\" \/>\n<meta property=\"og:site_name\" content=\"Glassupply (CA)\" \/>\n<meta property=\"article:modified_time\" content=\"2026-02-12T12:38:28+00:00\" \/>\n<meta property=\"og:image\" content=\"https:\/\/glassupply.com\/ca\/wp-content\/uploads\/sites\/5\/2023\/06\/S-UC-10CH-Product-Image.webp\" \/>\n\t<meta property=\"og:image:width\" content=\"2500\" \/>\n\t<meta property=\"og:image:height\" content=\"2500\" \/>\n\t<meta property=\"og:image:type\" content=\"image\/webp\" \/>\n<meta name=\"twitter:card\" content=\"summary_large_image\" \/>\n<meta name=\"twitter:label1\" content=\"Est. reading time\" \/>\n\t<meta name=\"twitter:data1\" content=\"1 minute\" \/>\n<script type=\"application\/ld+json\" class=\"yoast-schema-graph\">{\"@context\":\"https:\/\/schema.org\",\"@graph\":[{\"@type\":\"WebPage\",\"@id\":\"https:\/\/glassupply.com\/ca\/fr\/produit\/gs-u-channel-for-3-8-10mm-or-1-2-12mm-glass\/\",\"url\":\"https:\/\/glassupply.com\/ca\/fr\/produit\/gs-u-channel-for-3-8-10mm-or-1-2-12mm-glass\/\",\"name\":\"GS U-Channel for 3\/8'' (10mm) or 1\/2\\\" (12mm) Glass - Glassupply (CA)\",\"isPartOf\":{\"@id\":\"https:\/\/glassupply.com\/ca\/fr\/#website\"},\"primaryImageOfPage\":{\"@id\":\"https:\/\/glassupply.com\/ca\/fr\/produit\/gs-u-channel-for-3-8-10mm-or-1-2-12mm-glass\/#primaryimage\"},\"image\":{\"@id\":\"https:\/\/glassupply.com\/ca\/fr\/produit\/gs-u-channel-for-3-8-10mm-or-1-2-12mm-glass\/#primaryimage\"},\"thumbnailUrl\":\"https:\/\/glassupply.com\/ca\/wp-content\/uploads\/sites\/5\/2023\/06\/S-UC-10CH-Product-Image.webp\",\"datePublished\":\"2023-06-28T09:26:05+00:00\",\"dateModified\":\"2026-02-12T12:38:28+00:00\",\"breadcrumb\":{\"@id\":\"https:\/\/glassupply.com\/ca\/fr\/produit\/gs-u-channel-for-3-8-10mm-or-1-2-12mm-glass\/#breadcrumb\"},\"inLanguage\":\"fr-FR\",\"potentialAction\":[{\"@type\":\"ReadAction\",\"target\":[\"https:\/\/glassupply.com\/ca\/fr\/produit\/gs-u-channel-for-3-8-10mm-or-1-2-12mm-glass\/\"]}]},{\"@type\":\"ImageObject\",\"inLanguage\":\"fr-FR\",\"@id\":\"https:\/\/glassupply.com\/ca\/fr\/produit\/gs-u-channel-for-3-8-10mm-or-1-2-12mm-glass\/#primaryimage\",\"url\":\"https:\/\/glassupply.com\/ca\/wp-content\/uploads\/sites\/5\/2023\/06\/S-UC-10CH-Product-Image.webp\",\"contentUrl\":\"https:\/\/glassupply.com\/ca\/wp-content\/uploads\/sites\/5\/2023\/06\/S-UC-10CH-Product-Image.webp\",\"width\":2500,\"height\":2500},{\"@type\":\"BreadcrumbList\",\"@id\":\"https:\/\/glassupply.com\/ca\/fr\/produit\/gs-u-channel-for-3-8-10mm-or-1-2-12mm-glass\/#breadcrumb\",\"itemListElement\":[{\"@type\":\"ListItem\",\"position\":1,\"name\":\"Home\",\"item\":\"https:\/\/glassupply.com\/ca\/fr\/\"},{\"@type\":\"ListItem\",\"position\":2,\"name\":\"Shop\",\"item\":\"https:\/\/glassupply.com\/ca\/fr\/shop\/\"},{\"@type\":\"ListItem\",\"position\":3,\"name\":\"GS U-Channel for 3\/8&#8221; (10mm) or 1\/2&#8243; (12mm) Glass\"}]},{\"@type\":\"WebSite\",\"@id\":\"https:\/\/glassupply.com\/ca\/fr\/#website\",\"url\":\"https:\/\/glassupply.com\/ca\/fr\/\",\"name\":\"Glassupply.com\",\"description\":\"From the manufacturer to your doorstep\",\"publisher\":{\"@id\":\"https:\/\/glassupply.com\/ca\/fr\/#organization\"},\"potentialAction\":[{\"@type\":\"SearchAction\",\"target\":{\"@type\":\"EntryPoint\",\"urlTemplate\":\"https:\/\/glassupply.com\/ca\/fr\/?s={search_term_string}\"},\"query-input\":{\"@type\":\"PropertyValueSpecification\",\"valueRequired\":true,\"valueName\":\"search_term_string\"}}],\"inLanguage\":\"fr-FR\"},{\"@type\":\"Organization\",\"@id\":\"https:\/\/glassupply.com\/ca\/fr\/#organization\",\"name\":\"Glassupply.com\",\"url\":\"https:\/\/glassupply.com\/ca\/fr\/\",\"logo\":{\"@type\":\"ImageObject\",\"inLanguage\":\"fr-FR\",\"@id\":\"https:\/\/glassupply.com\/ca\/fr\/#\/schema\/logo\/image\/\",\"url\":\"https:\/\/staging.glassupply.com\/ca\/wp-content\/uploads\/sites\/5\/2023\/07\/logo.svg\",\"contentUrl\":\"https:\/\/staging.glassupply.com\/ca\/wp-content\/uploads\/sites\/5\/2023\/07\/logo.svg\",\"width\":310,\"height\":24,\"caption\":\"Glassupply.com\"},\"image\":{\"@id\":\"https:\/\/glassupply.com\/ca\/fr\/#\/schema\/logo\/image\/\"}}]}<\/script>\n<!-- \/ Yoast SEO plugin. -->","yoast_head_json":{"title":"GS U-Channel for 3\/8'' (10mm) or 1\/2\" (12mm) Glass - Glassupply (CA)","robots":{"index":"index","follow":"follow","max-snippet":"max-snippet:-1","max-image-preview":"max-image-preview:large","max-video-preview":"max-video-preview:-1"},"canonical":"https:\/\/glassupply.com\/ca\/fr\/produit\/gs-u-channel-for-3-8-10mm-or-1-2-12mm-glass\/","og_locale":"fr_CA","og_type":"article","og_title":"GS U-Channel for 3\/8'' (10mm) or 1\/2\" (12mm) Glass - Glassupply (CA)","og_description":"Le profil\u00e9 en U GS-U est un produit polyvalent et pratique con\u00e7u pour maintenir et stabiliser solidement les panneaux de verre fixes dans diverses applications, notamment les cabines de douche, les cloisons vitr\u00e9es et les pr\u00e9sentoirs.  Le profil\u00e9 en U GS-U est fabriqu\u00e9 en aluminium de haute qualit\u00e9 et est disponible en deux tailles diff\u00e9rentes pour s\u2019adapter \u00e0 du verre de 3\/8\u201d (10 mm) ou de 1\/2\u201d (12 mm).  Le profil\u00e9 en U peut \u00eatre facilement install\u00e9 \u00e0 l\u2019aide de vis, d\u2019adh\u00e9sif ou d\u2019autres m\u00e9thodes appropri\u00e9es. Il ne n\u00e9cessite aucun trou ni d\u00e9coupe dans le verre et est g\u00e9n\u00e9ralement fix\u00e9 avec un vitrage humide \u00e0 l\u2019aide de silicone transparent.  Notre proc\u00e9d\u00e9 de finition pour la quincaillerie en aluminium comprend trois m\u00e9thodes d\u2019application diff\u00e9rentes, chacune assurant une finition durable, r\u00e9sistante \u00e0 la corrosion et esth\u00e9tiquement attrayante. Ces m\u00e9thodes incluent l\u2019anodisation (Noir Mat), le chromage (Chrome) et le nickelage (Nickel Bross\u00e9). Quel que soit le choix, notre proc\u00e9d\u00e9 garantit une finition belle et durable, conforme aux normes les plus strictes de l\u2019industrie en mati\u00e8re de qualit\u00e9 et de durabilit\u00e9, offrant des performances exceptionnelles et un attrait visuel remarquable.  Instructions :  Notre longueur standard de stock pour le profil\u00e9 en U est de 144\u201d (3,66 m). Pour les commandes en ligne standards, la longueur maximale d\u2019exp\u00e9dition est de 98\u201d (2,5 m), emball\u00e9e dans un tube en carton. Veuillez sp\u00e9cifier la longueur de coupe souhait\u00e9e ci-dessous lors de votre commande.  Pour Qt\u00e9 1 = 1 x profil\u00e9 en U complet de 144\u201d d\u00e9coup\u00e9 \u00e0 la longueur sp\u00e9cifi\u00e9e + le morceau restant sera \u00e9galement inclus.  Par ex. : si la quantit\u00e9 s\u00e9lectionn\u00e9e = 1 et si la longueur de coupe s\u00e9lectionn\u00e9e = 98\u201d  Vous recevrez 1 x morceau de profil\u00e9 en U de 98\u201d et 1 x morceau de 46\u201d (144 - 98 = 46\u201d).  Si vous avez besoin d\u2019une longueur compl\u00e8te ou de grandes quantit\u00e9s, veuillez nous contacter afin que nous puissions \u00e9tablir un devis manuel pour les frais d\u2019exp\u00e9dition. SP\u00c9CIFICATIONS TECHNIQUES    \u00c9paisseur du verre de s\u00e9curit\u00e9 3\/8\u201d (10 mm) \u00e0 1\/2\u201d (12 mm)   Couleur\/Finition Chrome, Nickel Bross\u00e9, Noir Mat   Mat\u00e9riau de fabrication Aluminium","og_url":"https:\/\/glassupply.com\/ca\/fr\/produit\/gs-u-channel-for-3-8-10mm-or-1-2-12mm-glass\/","og_site_name":"Glassupply (CA)","article_modified_time":"2026-02-12T12:38:28+00:00","og_image":[{"width":2500,"height":2500,"url":"https:\/\/glassupply.com\/ca\/wp-content\/uploads\/sites\/5\/2023\/06\/S-UC-10CH-Product-Image.webp","type":"image\/webp"}],"twitter_card":"summary_large_image","twitter_misc":{"Est. reading time":"1 minute"},"schema":{"@context":"https:\/\/schema.org","@graph":[{"@type":"WebPage","@id":"https:\/\/glassupply.com\/ca\/fr\/produit\/gs-u-channel-for-3-8-10mm-or-1-2-12mm-glass\/","url":"https:\/\/glassupply.com\/ca\/fr\/produit\/gs-u-channel-for-3-8-10mm-or-1-2-12mm-glass\/","name":"GS U-Channel for 3\/8'' (10mm) or 1\/2\" (12mm) Glass - Glassupply (CA)","isPartOf":{"@id":"https:\/\/glassupply.com\/ca\/fr\/#website"},"primaryImageOfPage":{"@id":"https:\/\/glassupply.com\/ca\/fr\/produit\/gs-u-channel-for-3-8-10mm-or-1-2-12mm-glass\/#primaryimage"},"image":{"@id":"https:\/\/glassupply.com\/ca\/fr\/produit\/gs-u-channel-for-3-8-10mm-or-1-2-12mm-glass\/#primaryimage"},"thumbnailUrl":"https:\/\/glassupply.com\/ca\/wp-content\/uploads\/sites\/5\/2023\/06\/S-UC-10CH-Product-Image.webp","datePublished":"2023-06-28T09:26:05+00:00","dateModified":"2026-02-12T12:38:28+00:00","breadcrumb":{"@id":"https:\/\/glassupply.com\/ca\/fr\/produit\/gs-u-channel-for-3-8-10mm-or-1-2-12mm-glass\/#breadcrumb"},"inLanguage":"fr-FR","potentialAction":[{"@type":"ReadAction","target":["https:\/\/glassupply.com\/ca\/fr\/produit\/gs-u-channel-for-3-8-10mm-or-1-2-12mm-glass\/"]}]},{"@type":"ImageObject","inLanguage":"fr-FR","@id":"https:\/\/glassupply.com\/ca\/fr\/produit\/gs-u-channel-for-3-8-10mm-or-1-2-12mm-glass\/#primaryimage","url":"https:\/\/glassupply.com\/ca\/wp-content\/uploads\/sites\/5\/2023\/06\/S-UC-10CH-Product-Image.webp","contentUrl":"https:\/\/glassupply.com\/ca\/wp-content\/uploads\/sites\/5\/2023\/06\/S-UC-10CH-Product-Image.webp","width":2500,"height":2500},{"@type":"BreadcrumbList","@id":"https:\/\/glassupply.com\/ca\/fr\/produit\/gs-u-channel-for-3-8-10mm-or-1-2-12mm-glass\/#breadcrumb","itemListElement":[{"@type":"ListItem","position":1,"name":"Home","item":"https:\/\/glassupply.com\/ca\/fr\/"},{"@type":"ListItem","position":2,"name":"Shop","item":"https:\/\/glassupply.com\/ca\/fr\/shop\/"},{"@type":"ListItem","position":3,"name":"GS U-Channel for 3\/8&#8221; (10mm) or 1\/2&#8243; (12mm) Glass"}]},{"@type":"WebSite","@id":"https:\/\/glassupply.com\/ca\/fr\/#website","url":"https:\/\/glassupply.com\/ca\/fr\/","name":"Glassupply.com","description":"From the manufacturer to your doorstep","publisher":{"@id":"https:\/\/glassupply.com\/ca\/fr\/#organization"},"potentialAction":[{"@type":"SearchAction","target":{"@type":"EntryPoint","urlTemplate":"https:\/\/glassupply.com\/ca\/fr\/?s={search_term_string}"},"query-input":{"@type":"PropertyValueSpecification","valueRequired":true,"valueName":"search_term_string"}}],"inLanguage":"fr-FR"},{"@type":"Organization","@id":"https:\/\/glassupply.com\/ca\/fr\/#organization","name":"Glassupply.com","url":"https:\/\/glassupply.com\/ca\/fr\/","logo":{"@type":"ImageObject","inLanguage":"fr-FR","@id":"https:\/\/glassupply.com\/ca\/fr\/#\/schema\/logo\/image\/","url":"https:\/\/staging.glassupply.com\/ca\/wp-content\/uploads\/sites\/5\/2023\/07\/logo.svg","contentUrl":"https:\/\/staging.glassupply.com\/ca\/wp-content\/uploads\/sites\/5\/2023\/07\/logo.svg","width":310,"height":24,"caption":"Glassupply.com"},"image":{"@id":"https:\/\/glassupply.com\/ca\/fr\/#\/schema\/logo\/image\/"}}]}},"_links":{"self":[{"href":"https:\/\/glassupply.com\/ca\/fr\/wp-json\/wp\/v2\/product\/2330","targetHints":{"allow":["GET"]}}],"collection":[{"href":"https:\/\/glassupply.com\/ca\/fr\/wp-json\/wp\/v2\/product"}],"about":[{"href":"https:\/\/glassupply.com\/ca\/fr\/wp-json\/wp\/v2\/types\/product"}],"replies":[{"embeddable":true,"href":"https:\/\/glassupply.com\/ca\/fr\/wp-json\/wp\/v2\/comments?post=2330"}],"wp:featuredmedia":[{"embeddable":true,"href":"https:\/\/glassupply.com\/ca\/fr\/wp-json\/wp\/v2\/media\/1612"}],"wp:attachment":[{"href":"https:\/\/glassupply.com\/ca\/fr\/wp-json\/wp\/v2\/media?parent=2330"}],"wp:term":[{"taxonomy":"product_brand","embeddable":true,"href":"https:\/\/glassupply.com\/ca\/fr\/wp-json\/wp\/v2\/product_brand?post=2330"},{"taxonomy":"product_cat","embeddable":true,"href":"https:\/\/glassupply.com\/ca\/fr\/wp-json\/wp\/v2\/product_cat?post=2330"},{"taxonomy":"product_tag","embeddable":true,"href":"https:\/\/glassupply.com\/ca\/fr\/wp-json\/wp\/v2\/product_tag?post=2330"}],"curies":[{"name":"wp","href":"https:\/\/api.w.org\/{rel}","templated":true}]}}