{"id":2344,"date":"2023-06-28T09:26:05","date_gmt":"2023-06-28T14:26:05","guid":{"rendered":"https:\/\/staging.glassupply.com\/ca\/product\/gs-sliding-door-system\/"},"modified":"2025-06-06T01:28:56","modified_gmt":"2025-06-06T06:28:56","slug":"gs-sliding-door-system","status":"publish","type":"product","link":"https:\/\/glassupply.com\/ca\/fr\/produit\/gs-sliding-door-system\/","title":{"rendered":"GS Sliding Door System"},"content":{"rendered":"","protected":false},"excerpt":{"rendered":"<p><span style=\"font-weight: 400;\">Le syst\u00e8me de porte coulissante GS offre une esth\u00e9tique unique par rapport aux autres syst\u00e8mes coulissants. Gr\u00e2ce \u00e0 un minimum de quincaillerie, il cr\u00e9e une apparence sans cadre, donnant \u00e0 la paroi un effet flottant visuellement impressionnant. Le syst\u00e8me int\u00e8gre des roulements \u00e0 galets robustes sp\u00e9cialement con\u00e7us, garantissant un fonctionnement fluide et silencieux lors de l\u2019ouverture et de la fermeture de la porte, tout en offrant un excellent soutien.<\/span><\/p>\n<p><span style=\"font-weight: 400;\">Le kit comprend tous les composants essentiels pour une installation facile, y compris un joint en L (S-SD-LSEAL) avec un ruban adh\u00e9sif haute adh\u00e9rence 3M pr\u00e9appliqu\u00e9. Ce joint permet de garantir une \u00e9tanch\u00e9it\u00e9 efficace.<\/span><\/p>\n<p><span style=\"font-weight: 400;\">Pour les configurations de douches \u00e0 angle de 90 degr\u00e9s, un accessoire d\u00e9di\u00e9, l\u2019adaptateur 90\u00b0 pour porte coulissante (S-SD-ADA90), est disponible \u00e0 l\u2019unit\u00e9. Cet adaptateur est con\u00e7u pour \u00eatre utilis\u00e9 avec un panneau de retour en verre.<\/span><\/p>\n<p><span style=\"font-weight: 400;\">Pour les vitrages de 1\/2&Prime; (12 mm), un joint en polycarbonate en U avec une l\u00e8vre en vinyle (S-SD-SEA9012) est \u00e9galement disponible \u00e0 l\u2019unit\u00e9.<\/span><\/p>\n<p><span style=\"font-weight: 400;\">Disponible en deux longueurs standards : 78\u201d (2 m) et 95\u201d (2,4 m), \u00e0 couper sur place.<\/span><\/p>\n<p><b>Taille maximale de la porte :<\/b><\/p>\n<p><span style=\"font-weight: 400;\">Avec du verre de 5\/16\u2033 \u00e0 1\/2\u2033 (8 \u00e0 12 mm), le syst\u00e8me peut supporter jusqu\u2019\u00e0 100 lb (45 kg).<\/span><\/p>\n<p><span style=\"font-weight: 400;\">Veuillez vous r\u00e9f\u00e9rer aux fiches techniques ci-dessous pour les proportions entre le panneau fixe et la porte.<\/span><\/p>\n<p><span style=\"font-weight: 400;\">Notre processus de finition pour la quincaillerie de douche comprend trois m\u00e9thodes d\u2019application diff\u00e9rentes, chacune garantissant une finition durable, r\u00e9sistante \u00e0 la corrosion et esth\u00e9tiquement attrayante. Ces m\u00e9thodes incluent l\u2019\u00e9lectrophor\u00e8se (Noir Mat), le chromage (Chrome) et le nickelage (Nickel Bross\u00e9). Quelle que soit l\u2019option choisie, notre finition assure une apparence \u00e9l\u00e9gante et une performance durable, r\u00e9pondant aux normes les plus \u00e9lev\u00e9es de l\u2019industrie en termes de qualit\u00e9 et de long\u00e9vit\u00e9.<\/span><\/p>\n<h2><b>LE KIT COMPREND<\/b><\/h2>\n<table>\n<tbody>\n<tr>\n<td><b>Produit<\/b><\/td>\n<td><b>SKU<\/b><\/td>\n<td><b>Qt\u00e9<\/b><\/td>\n<\/tr>\n<tr>\n<td><span style=\"font-weight: 400;\">Barre de support coulissante 75\u201d ou Barre de support coulissante 95\u201d<\/span><\/td>\n<td><span style=\"font-weight: 400;\">S-SD-BAR ou S-SD-95BAR<\/span><\/td>\n<td><span style=\"font-weight: 400;\">1<\/span><\/td>\n<\/tr>\n<tr>\n<td><span style=\"font-weight: 400;\">Fixation panneau fixe<\/span><\/td>\n<td><span style=\"font-weight: 400;\">S-SD-FPF<\/span><\/td>\n<td><span style=\"font-weight: 400;\">2<\/span><\/td>\n<\/tr>\n<tr>\n<td><span style=\"font-weight: 400;\">But\u00e9e de porte<\/span><\/td>\n<td><span style=\"font-weight: 400;\">S-SD-DSTP<\/span><\/td>\n<td><span style=\"font-weight: 400;\">2<\/span><\/td>\n<\/tr>\n<tr>\n<td><span style=\"font-weight: 400;\">Guides de porte r\u00e9versibles<\/span><\/td>\n<td><span style=\"font-weight: 400;\">S-SD-RDG<\/span><\/td>\n<td><span style=\"font-weight: 400;\">2<\/span><\/td>\n<\/tr>\n<tr>\n<td><span style=\"font-weight: 400;\">Poign\u00e9e traversante<\/span><\/td>\n<td><span style=\"font-weight: 400;\">S-SD-TGP<\/span><\/td>\n<td><span style=\"font-weight: 400;\">1<\/span><\/td>\n<\/tr>\n<tr>\n<td><span style=\"font-weight: 400;\">Galets<\/span><\/td>\n<td><span style=\"font-weight: 400;\">S-SD-ROLL<\/span><\/td>\n<td><span style=\"font-weight: 400;\">4<\/span><\/td>\n<\/tr>\n<tr>\n<td><span style=\"font-weight: 400;\">Support de rail \u00e0 hauteur r\u00e9glable<\/span><\/td>\n<td><span style=\"font-weight: 400;\">S-SD-THF<\/span><\/td>\n<td><span style=\"font-weight: 400;\">2<\/span><\/td>\n<\/tr>\n<tr>\n<td><span style=\"font-weight: 400;\">Joint en L<\/span><\/td>\n<td><span style=\"font-weight: 400;\">S-SD-LSEAL<\/span><\/td>\n<td><span style=\"font-weight: 400;\">1<\/span><\/td>\n<\/tr>\n<tr>\n<td><span style=\"font-weight: 400;\">Joint \u00e0 90\u00b0 pour verre 3\/8\u201d<\/span><\/td>\n<td><span style=\"font-weight: 400;\">S-SD-SEA9010<\/span><\/td>\n<td><span style=\"font-weight: 400;\">1<\/span><\/td>\n<\/tr>\n<tr>\n<td><span style=\"font-weight: 400;\">Kit d\u2019installation<\/span><\/td>\n<td><span style=\"font-weight: 400;\">S-SD-MISC1-2<\/span><\/td>\n<td><span style=\"font-weight: 400;\">1<\/span><\/td>\n<\/tr>\n<\/tbody>\n<\/table>\n<h2><b>SP\u00c9CIFICATIONS TECHNIQUES<\/b><\/h2>\n<table>\n<tbody>\n<tr>\n<td>\u00c9paisseur du verre de s\u00e9curit\u00e9<\/td>\n<td><span style=\"font-weight: 400;\">5\/16\u201d (8 mm) \u00e0 1\/2\u201d (12 mm)<\/span><\/td>\n<\/tr>\n<tr>\n<td>Couleur\/finition<\/td>\n<td><span style=\"font-weight: 400;\">Chrome, Nickel Bross\u00e9, Noir Mat<\/span><\/td>\n<\/tr>\n<tr>\n<td>Mat\u00e9riau de fabrication<\/td>\n<td><span style=\"font-weight: 400;\">Acier inoxydable<\/span><\/td>\n<\/tr>\n<\/tbody>\n<\/table>\n","protected":false},"featured_media":1610,"comment_status":"closed","ping_status":"closed","template":"","meta":{"_acf_changed":false,"inline_featured_image":false},"product_brand":[],"product_cat":[73],"product_tag":[],"class_list":{"0":"post-2344","1":"product","2":"type-product","3":"status-publish","4":"has-post-thumbnail","6":"product_cat-shower-hardware-fr","8":"first","9":"instock","10":"taxable","11":"shipping-taxable","12":"purchasable","13":"product-type-variable","14":"has-default-attributes"},"acf":[],"yoast_head":"<!-- This site is optimized with the Yoast SEO plugin v26.9 - https:\/\/yoast.com\/product\/yoast-seo-wordpress\/ -->\n<title>GS Sliding Door System - Glassupply (CA)<\/title>\n<meta name=\"robots\" content=\"index, follow, max-snippet:-1, max-image-preview:large, max-video-preview:-1\" \/>\n<link rel=\"canonical\" href=\"https:\/\/glassupply.com\/ca\/fr\/produit\/gs-sliding-door-system\/\" \/>\n<meta property=\"og:locale\" content=\"fr_CA\" \/>\n<meta property=\"og:type\" content=\"article\" \/>\n<meta property=\"og:title\" content=\"GS Sliding Door System - Glassupply (CA)\" \/>\n<meta property=\"og:description\" content=\"Le syst\u00e8me de porte coulissante GS offre une esth\u00e9tique unique par rapport aux autres syst\u00e8mes coulissants. Gr\u00e2ce \u00e0 un minimum de quincaillerie, il cr\u00e9e une apparence sans cadre, donnant \u00e0 la paroi un effet flottant visuellement impressionnant. Le syst\u00e8me int\u00e8gre des roulements \u00e0 galets robustes sp\u00e9cialement con\u00e7us, garantissant un fonctionnement fluide et silencieux lors de l\u2019ouverture et de la fermeture de la porte, tout en offrant un excellent soutien.  Le kit comprend tous les composants essentiels pour une installation facile, y compris un joint en L (S-SD-LSEAL) avec un ruban adh\u00e9sif haute adh\u00e9rence 3M pr\u00e9appliqu\u00e9. Ce joint permet de garantir une \u00e9tanch\u00e9it\u00e9 efficace.  Pour les configurations de douches \u00e0 angle de 90 degr\u00e9s, un accessoire d\u00e9di\u00e9, l\u2019adaptateur 90\u00b0 pour porte coulissante (S-SD-ADA90), est disponible \u00e0 l\u2019unit\u00e9. Cet adaptateur est con\u00e7u pour \u00eatre utilis\u00e9 avec un panneau de retour en verre.  Pour les vitrages de 1\/2&quot; (12 mm), un joint en polycarbonate en U avec une l\u00e8vre en vinyle (S-SD-SEA9012) est \u00e9galement disponible \u00e0 l\u2019unit\u00e9.  Disponible en deux longueurs standards : 78\u201d (2 m) et 95\u201d (2,4 m), \u00e0 couper sur place.  Taille maximale de la porte :  Avec du verre de 5\/16\u2033 \u00e0 1\/2\u2033 (8 \u00e0 12 mm), le syst\u00e8me peut supporter jusqu\u2019\u00e0 100 lb (45 kg).  Veuillez vous r\u00e9f\u00e9rer aux fiches techniques ci-dessous pour les proportions entre le panneau fixe et la porte.  Notre processus de finition pour la quincaillerie de douche comprend trois m\u00e9thodes d\u2019application diff\u00e9rentes, chacune garantissant une finition durable, r\u00e9sistante \u00e0 la corrosion et esth\u00e9tiquement attrayante. Ces m\u00e9thodes incluent l\u2019\u00e9lectrophor\u00e8se (Noir Mat), le chromage (Chrome) et le nickelage (Nickel Bross\u00e9). Quelle que soit l\u2019option choisie, notre finition assure une apparence \u00e9l\u00e9gante et une performance durable, r\u00e9pondant aux normes les plus \u00e9lev\u00e9es de l\u2019industrie en termes de qualit\u00e9 et de long\u00e9vit\u00e9. LE KIT COMPREND    Produit SKU Qt\u00e9   Barre de support coulissante 75\u201d ou Barre de support coulissante 95\u201d S-SD-BAR ou S-SD-95BAR 1   Fixation panneau fixe S-SD-FPF 2   But\u00e9e de porte S-SD-DSTP 2   Guides de porte r\u00e9versibles S-SD-RDG 2   Poign\u00e9e traversante S-SD-TGP 1   Galets S-SD-ROLL 4   Support de rail \u00e0 hauteur r\u00e9glable S-SD-THF 2   Joint en L S-SD-LSEAL 1   Joint \u00e0 90\u00b0 pour verre 3\/8\u201d S-SD-SEA9010 1   Kit d\u2019installation S-SD-MISC1-2 1    SP\u00c9CIFICATIONS TECHNIQUES    \u00c9paisseur du verre de s\u00e9curit\u00e9 5\/16\u201d (8 mm) \u00e0 1\/2\u201d (12 mm)   Couleur\/finition Chrome, Nickel Bross\u00e9, Noir Mat   Mat\u00e9riau de fabrication Acier inoxydable\" \/>\n<meta property=\"og:url\" content=\"https:\/\/glassupply.com\/ca\/fr\/produit\/gs-sliding-door-system\/\" \/>\n<meta property=\"og:site_name\" content=\"Glassupply (CA)\" \/>\n<meta property=\"article:modified_time\" content=\"2025-06-06T06:28:56+00:00\" \/>\n<meta property=\"og:image\" content=\"https:\/\/glassupply.com\/ca\/wp-content\/uploads\/sites\/5\/2023\/06\/S-SD-SDKXX-Product-Image-scaled-1.webp\" \/>\n\t<meta property=\"og:image:width\" content=\"2560\" \/>\n\t<meta property=\"og:image:height\" content=\"1810\" \/>\n\t<meta property=\"og:image:type\" content=\"image\/webp\" \/>\n<meta name=\"twitter:card\" content=\"summary_large_image\" \/>\n<meta name=\"twitter:label1\" content=\"Est. reading time\" \/>\n\t<meta name=\"twitter:data1\" content=\"1 minute\" \/>\n<script type=\"application\/ld+json\" class=\"yoast-schema-graph\">{\"@context\":\"https:\/\/schema.org\",\"@graph\":[{\"@type\":\"WebPage\",\"@id\":\"https:\/\/glassupply.com\/ca\/fr\/produit\/gs-sliding-door-system\/\",\"url\":\"https:\/\/glassupply.com\/ca\/fr\/produit\/gs-sliding-door-system\/\",\"name\":\"GS Sliding Door System - Glassupply (CA)\",\"isPartOf\":{\"@id\":\"https:\/\/glassupply.com\/ca\/fr\/#website\"},\"primaryImageOfPage\":{\"@id\":\"https:\/\/glassupply.com\/ca\/fr\/produit\/gs-sliding-door-system\/#primaryimage\"},\"image\":{\"@id\":\"https:\/\/glassupply.com\/ca\/fr\/produit\/gs-sliding-door-system\/#primaryimage\"},\"thumbnailUrl\":\"https:\/\/glassupply.com\/ca\/wp-content\/uploads\/sites\/5\/2023\/06\/S-SD-SDKXX-Product-Image-scaled-1.webp\",\"datePublished\":\"2023-06-28T14:26:05+00:00\",\"dateModified\":\"2025-06-06T06:28:56+00:00\",\"breadcrumb\":{\"@id\":\"https:\/\/glassupply.com\/ca\/fr\/produit\/gs-sliding-door-system\/#breadcrumb\"},\"inLanguage\":\"fr-FR\",\"potentialAction\":[{\"@type\":\"ReadAction\",\"target\":[\"https:\/\/glassupply.com\/ca\/fr\/produit\/gs-sliding-door-system\/\"]}]},{\"@type\":\"ImageObject\",\"inLanguage\":\"fr-FR\",\"@id\":\"https:\/\/glassupply.com\/ca\/fr\/produit\/gs-sliding-door-system\/#primaryimage\",\"url\":\"https:\/\/glassupply.com\/ca\/wp-content\/uploads\/sites\/5\/2023\/06\/S-SD-SDKXX-Product-Image-scaled-1.webp\",\"contentUrl\":\"https:\/\/glassupply.com\/ca\/wp-content\/uploads\/sites\/5\/2023\/06\/S-SD-SDKXX-Product-Image-scaled-1.webp\",\"width\":2560,\"height\":1810},{\"@type\":\"BreadcrumbList\",\"@id\":\"https:\/\/glassupply.com\/ca\/fr\/produit\/gs-sliding-door-system\/#breadcrumb\",\"itemListElement\":[{\"@type\":\"ListItem\",\"position\":1,\"name\":\"Home\",\"item\":\"https:\/\/glassupply.com\/ca\/fr\/\"},{\"@type\":\"ListItem\",\"position\":2,\"name\":\"Shop\",\"item\":\"https:\/\/glassupply.com\/ca\/fr\/shop\/\"},{\"@type\":\"ListItem\",\"position\":3,\"name\":\"GS Sliding Door System\"}]},{\"@type\":\"WebSite\",\"@id\":\"https:\/\/glassupply.com\/ca\/fr\/#website\",\"url\":\"https:\/\/glassupply.com\/ca\/fr\/\",\"name\":\"Glassupply.com\",\"description\":\"From the manufacturer to your doorstep\",\"publisher\":{\"@id\":\"https:\/\/glassupply.com\/ca\/fr\/#organization\"},\"potentialAction\":[{\"@type\":\"SearchAction\",\"target\":{\"@type\":\"EntryPoint\",\"urlTemplate\":\"https:\/\/glassupply.com\/ca\/fr\/?s={search_term_string}\"},\"query-input\":{\"@type\":\"PropertyValueSpecification\",\"valueRequired\":true,\"valueName\":\"search_term_string\"}}],\"inLanguage\":\"fr-FR\"},{\"@type\":\"Organization\",\"@id\":\"https:\/\/glassupply.com\/ca\/fr\/#organization\",\"name\":\"Glassupply.com\",\"url\":\"https:\/\/glassupply.com\/ca\/fr\/\",\"logo\":{\"@type\":\"ImageObject\",\"inLanguage\":\"fr-FR\",\"@id\":\"https:\/\/glassupply.com\/ca\/fr\/#\/schema\/logo\/image\/\",\"url\":\"https:\/\/staging.glassupply.com\/ca\/wp-content\/uploads\/sites\/5\/2023\/07\/logo.svg\",\"contentUrl\":\"https:\/\/staging.glassupply.com\/ca\/wp-content\/uploads\/sites\/5\/2023\/07\/logo.svg\",\"width\":310,\"height\":24,\"caption\":\"Glassupply.com\"},\"image\":{\"@id\":\"https:\/\/glassupply.com\/ca\/fr\/#\/schema\/logo\/image\/\"}}]}<\/script>\n<!-- \/ Yoast SEO plugin. -->","yoast_head_json":{"title":"GS Sliding Door System - Glassupply (CA)","robots":{"index":"index","follow":"follow","max-snippet":"max-snippet:-1","max-image-preview":"max-image-preview:large","max-video-preview":"max-video-preview:-1"},"canonical":"https:\/\/glassupply.com\/ca\/fr\/produit\/gs-sliding-door-system\/","og_locale":"fr_CA","og_type":"article","og_title":"GS Sliding Door System - Glassupply (CA)","og_description":"Le syst\u00e8me de porte coulissante GS offre une esth\u00e9tique unique par rapport aux autres syst\u00e8mes coulissants. Gr\u00e2ce \u00e0 un minimum de quincaillerie, il cr\u00e9e une apparence sans cadre, donnant \u00e0 la paroi un effet flottant visuellement impressionnant. Le syst\u00e8me int\u00e8gre des roulements \u00e0 galets robustes sp\u00e9cialement con\u00e7us, garantissant un fonctionnement fluide et silencieux lors de l\u2019ouverture et de la fermeture de la porte, tout en offrant un excellent soutien.  Le kit comprend tous les composants essentiels pour une installation facile, y compris un joint en L (S-SD-LSEAL) avec un ruban adh\u00e9sif haute adh\u00e9rence 3M pr\u00e9appliqu\u00e9. Ce joint permet de garantir une \u00e9tanch\u00e9it\u00e9 efficace.  Pour les configurations de douches \u00e0 angle de 90 degr\u00e9s, un accessoire d\u00e9di\u00e9, l\u2019adaptateur 90\u00b0 pour porte coulissante (S-SD-ADA90), est disponible \u00e0 l\u2019unit\u00e9. Cet adaptateur est con\u00e7u pour \u00eatre utilis\u00e9 avec un panneau de retour en verre.  Pour les vitrages de 1\/2\" (12 mm), un joint en polycarbonate en U avec une l\u00e8vre en vinyle (S-SD-SEA9012) est \u00e9galement disponible \u00e0 l\u2019unit\u00e9.  Disponible en deux longueurs standards : 78\u201d (2 m) et 95\u201d (2,4 m), \u00e0 couper sur place.  Taille maximale de la porte :  Avec du verre de 5\/16\u2033 \u00e0 1\/2\u2033 (8 \u00e0 12 mm), le syst\u00e8me peut supporter jusqu\u2019\u00e0 100 lb (45 kg).  Veuillez vous r\u00e9f\u00e9rer aux fiches techniques ci-dessous pour les proportions entre le panneau fixe et la porte.  Notre processus de finition pour la quincaillerie de douche comprend trois m\u00e9thodes d\u2019application diff\u00e9rentes, chacune garantissant une finition durable, r\u00e9sistante \u00e0 la corrosion et esth\u00e9tiquement attrayante. Ces m\u00e9thodes incluent l\u2019\u00e9lectrophor\u00e8se (Noir Mat), le chromage (Chrome) et le nickelage (Nickel Bross\u00e9). Quelle que soit l\u2019option choisie, notre finition assure une apparence \u00e9l\u00e9gante et une performance durable, r\u00e9pondant aux normes les plus \u00e9lev\u00e9es de l\u2019industrie en termes de qualit\u00e9 et de long\u00e9vit\u00e9. LE KIT COMPREND    Produit SKU Qt\u00e9   Barre de support coulissante 75\u201d ou Barre de support coulissante 95\u201d S-SD-BAR ou S-SD-95BAR 1   Fixation panneau fixe S-SD-FPF 2   But\u00e9e de porte S-SD-DSTP 2   Guides de porte r\u00e9versibles S-SD-RDG 2   Poign\u00e9e traversante S-SD-TGP 1   Galets S-SD-ROLL 4   Support de rail \u00e0 hauteur r\u00e9glable S-SD-THF 2   Joint en L S-SD-LSEAL 1   Joint \u00e0 90\u00b0 pour verre 3\/8\u201d S-SD-SEA9010 1   Kit d\u2019installation S-SD-MISC1-2 1    SP\u00c9CIFICATIONS TECHNIQUES    \u00c9paisseur du verre de s\u00e9curit\u00e9 5\/16\u201d (8 mm) \u00e0 1\/2\u201d (12 mm)   Couleur\/finition Chrome, Nickel Bross\u00e9, Noir Mat   Mat\u00e9riau de fabrication Acier inoxydable","og_url":"https:\/\/glassupply.com\/ca\/fr\/produit\/gs-sliding-door-system\/","og_site_name":"Glassupply (CA)","article_modified_time":"2025-06-06T06:28:56+00:00","og_image":[{"width":2560,"height":1810,"url":"https:\/\/glassupply.com\/ca\/wp-content\/uploads\/sites\/5\/2023\/06\/S-SD-SDKXX-Product-Image-scaled-1.webp","type":"image\/webp"}],"twitter_card":"summary_large_image","twitter_misc":{"Est. reading time":"1 minute"},"schema":{"@context":"https:\/\/schema.org","@graph":[{"@type":"WebPage","@id":"https:\/\/glassupply.com\/ca\/fr\/produit\/gs-sliding-door-system\/","url":"https:\/\/glassupply.com\/ca\/fr\/produit\/gs-sliding-door-system\/","name":"GS Sliding Door System - Glassupply (CA)","isPartOf":{"@id":"https:\/\/glassupply.com\/ca\/fr\/#website"},"primaryImageOfPage":{"@id":"https:\/\/glassupply.com\/ca\/fr\/produit\/gs-sliding-door-system\/#primaryimage"},"image":{"@id":"https:\/\/glassupply.com\/ca\/fr\/produit\/gs-sliding-door-system\/#primaryimage"},"thumbnailUrl":"https:\/\/glassupply.com\/ca\/wp-content\/uploads\/sites\/5\/2023\/06\/S-SD-SDKXX-Product-Image-scaled-1.webp","datePublished":"2023-06-28T14:26:05+00:00","dateModified":"2025-06-06T06:28:56+00:00","breadcrumb":{"@id":"https:\/\/glassupply.com\/ca\/fr\/produit\/gs-sliding-door-system\/#breadcrumb"},"inLanguage":"fr-FR","potentialAction":[{"@type":"ReadAction","target":["https:\/\/glassupply.com\/ca\/fr\/produit\/gs-sliding-door-system\/"]}]},{"@type":"ImageObject","inLanguage":"fr-FR","@id":"https:\/\/glassupply.com\/ca\/fr\/produit\/gs-sliding-door-system\/#primaryimage","url":"https:\/\/glassupply.com\/ca\/wp-content\/uploads\/sites\/5\/2023\/06\/S-SD-SDKXX-Product-Image-scaled-1.webp","contentUrl":"https:\/\/glassupply.com\/ca\/wp-content\/uploads\/sites\/5\/2023\/06\/S-SD-SDKXX-Product-Image-scaled-1.webp","width":2560,"height":1810},{"@type":"BreadcrumbList","@id":"https:\/\/glassupply.com\/ca\/fr\/produit\/gs-sliding-door-system\/#breadcrumb","itemListElement":[{"@type":"ListItem","position":1,"name":"Home","item":"https:\/\/glassupply.com\/ca\/fr\/"},{"@type":"ListItem","position":2,"name":"Shop","item":"https:\/\/glassupply.com\/ca\/fr\/shop\/"},{"@type":"ListItem","position":3,"name":"GS Sliding Door System"}]},{"@type":"WebSite","@id":"https:\/\/glassupply.com\/ca\/fr\/#website","url":"https:\/\/glassupply.com\/ca\/fr\/","name":"Glassupply.com","description":"From the manufacturer to your doorstep","publisher":{"@id":"https:\/\/glassupply.com\/ca\/fr\/#organization"},"potentialAction":[{"@type":"SearchAction","target":{"@type":"EntryPoint","urlTemplate":"https:\/\/glassupply.com\/ca\/fr\/?s={search_term_string}"},"query-input":{"@type":"PropertyValueSpecification","valueRequired":true,"valueName":"search_term_string"}}],"inLanguage":"fr-FR"},{"@type":"Organization","@id":"https:\/\/glassupply.com\/ca\/fr\/#organization","name":"Glassupply.com","url":"https:\/\/glassupply.com\/ca\/fr\/","logo":{"@type":"ImageObject","inLanguage":"fr-FR","@id":"https:\/\/glassupply.com\/ca\/fr\/#\/schema\/logo\/image\/","url":"https:\/\/staging.glassupply.com\/ca\/wp-content\/uploads\/sites\/5\/2023\/07\/logo.svg","contentUrl":"https:\/\/staging.glassupply.com\/ca\/wp-content\/uploads\/sites\/5\/2023\/07\/logo.svg","width":310,"height":24,"caption":"Glassupply.com"},"image":{"@id":"https:\/\/glassupply.com\/ca\/fr\/#\/schema\/logo\/image\/"}}]}},"_links":{"self":[{"href":"https:\/\/glassupply.com\/ca\/fr\/wp-json\/wp\/v2\/product\/2344","targetHints":{"allow":["GET"]}}],"collection":[{"href":"https:\/\/glassupply.com\/ca\/fr\/wp-json\/wp\/v2\/product"}],"about":[{"href":"https:\/\/glassupply.com\/ca\/fr\/wp-json\/wp\/v2\/types\/product"}],"replies":[{"embeddable":true,"href":"https:\/\/glassupply.com\/ca\/fr\/wp-json\/wp\/v2\/comments?post=2344"}],"wp:featuredmedia":[{"embeddable":true,"href":"https:\/\/glassupply.com\/ca\/fr\/wp-json\/wp\/v2\/media\/1610"}],"wp:attachment":[{"href":"https:\/\/glassupply.com\/ca\/fr\/wp-json\/wp\/v2\/media?parent=2344"}],"wp:term":[{"taxonomy":"product_brand","embeddable":true,"href":"https:\/\/glassupply.com\/ca\/fr\/wp-json\/wp\/v2\/product_brand?post=2344"},{"taxonomy":"product_cat","embeddable":true,"href":"https:\/\/glassupply.com\/ca\/fr\/wp-json\/wp\/v2\/product_cat?post=2344"},{"taxonomy":"product_tag","embeddable":true,"href":"https:\/\/glassupply.com\/ca\/fr\/wp-json\/wp\/v2\/product_tag?post=2344"}],"curies":[{"name":"wp","href":"https:\/\/api.w.org\/{rel}","templated":true}]}}