{"id":2358,"date":"2023-06-28T09:25:55","date_gmt":"2023-06-28T14:25:55","guid":{"rendered":"https:\/\/staging.glassupply.com\/ca\/product\/gs-pivot-hinge\/"},"modified":"2025-06-06T01:26:11","modified_gmt":"2025-06-06T06:26:11","slug":"gs-pivot-hinge","status":"publish","type":"product","link":"https:\/\/glassupply.com\/ca\/fr\/produit\/gs-pivot-hinge\/","title":{"rendered":"GS Pivot Hinge"},"content":{"rendered":"","protected":false},"excerpt":{"rendered":"<p><span style=\"font-weight: 400;\">La charni\u00e8re pivotante GS offre une large gamme d&rsquo;applications, compatible avec du verre de s\u00e9curit\u00e9 tremp\u00e9 de 5\/16&Prime; \u00e0 1\/2&Prime; (8 \u00e0 12 mm). Cette charni\u00e8re haut de gamme pr\u00e9sente plusieurs avantages, notamment le fait que la majeure partie du poids est support\u00e9e par la charni\u00e8re inf\u00e9rieure, \u00e9vitant ainsi l&rsquo;affaissement du verre avec le temps. Ces charni\u00e8res \u00e0 recentrage automatique sont \u00e9quip\u00e9es de quatre ressorts offrant une force de r\u00e9tention maximale.<\/span><\/p>\n<p><span style=\"font-weight: 400;\">La charni\u00e8re pivotante GS est \u00e9galement compatible avec notre Kit de Traverse (S-HK) pour les cabines de douche qui ne vont pas jusqu\u2019au plafond.<\/span><\/p>\n<p><span style=\"font-weight: 400;\">Le bloc adaptateur pivotant pour le Kit de Traverse (S-HK-AD) est vendu avec le kit complet (S-HK).<\/span><\/p>\n<p><span style=\"font-weight: 400;\">La charni\u00e8re est pr\u00e9configur\u00e9e avec le c\u00f4t\u00e9 \u00e0 90 degr\u00e9s activ\u00e9 par d\u00e9faut. Cela signifie que lorsque le ressort de recentrage est activ\u00e9, la porte s&rsquo;arr\u00eate en position ferm\u00e9e et forme une ligne droite (\u00e9galement appel\u00e9e 90\u00b0 ou 0\u00b0).<\/span><\/p>\n<p><span style=\"font-weight: 400;\">Cependant, il est possible de faire pivoter l\u2019axe pour activer l\u2019autre c\u00f4t\u00e9 (85\u00b0), ce qui fera s\u2019arr\u00eater la porte \u00e0 une position ferm\u00e9e situ\u00e9e \u00e0 5\u00b0 au-del\u00e0 de la ligne droite. Il est important de noter que l&rsquo;axe ne doit pas \u00eatre retourn\u00e9. Le c\u00f4t\u00e9 \u00e0 85 degr\u00e9s est g\u00e9n\u00e9ralement activ\u00e9 pour assurer une meilleure \u00e9tanch\u00e9it\u00e9 avec certains types de joints de douche.<\/span><\/p>\n<p><b>Utilisation de deux charni\u00e8res<\/b><\/p>\n<p><span style=\"font-weight: 400;\">Avec du verre de 5\/16\u2033 \u00e0 1\/2\u2033 (8 \u00e0 12 mm), la charni\u00e8re peut supporter jusqu&rsquo;\u00e0 100 lb (45 kg) avec une largeur de porte maximale de 32\u2033 (813 mm).<\/span><\/p>\n<p><b>Inclus<\/b><span style=\"font-weight: 400;\"> : <\/span><\/p>\n<p><span style=\"font-weight: 400;\">Joints pour toutes les \u00e9paisseurs de verre, vis, chevilles murales en plastique.<\/span><\/p>\n<p><span style=\"font-weight: 400;\">Veuillez noter que le verre doit \u00eatre usin\u00e9 pour accueillir la charni\u00e8re.<\/span><\/p>\n<p><span style=\"font-weight: 400;\">Notre proc\u00e9d\u00e9 de finition du mat\u00e9riel de douche comprend trois m\u00e9thodes diff\u00e9rentes, chacune offrant une finition durable, r\u00e9sistante \u00e0 la corrosion et esth\u00e9tiquement attrayante. Ces m\u00e9thodes incluent l\u2019\u00e9lectrophor\u00e8se (Noir Mat), le chromage (Chrome) et le nickelage (Nickel Bross\u00e9). Quelle que soit l\u2019option choisie, notre processus garantit une finition magnifique et durable, r\u00e9pondant aux normes industrielles les plus \u00e9lev\u00e9es en termes de qualit\u00e9 et de durabilit\u00e9, tout en offrant des performances et un attrait visuel exceptionnels.<\/span><\/p>\n<h2><strong>SP\u00c9CIFICATIONS TECHNIQUES<\/strong><\/h2>\n<table>\n<tbody>\n<tr>\n<td><b>\u00c9paisseur du verre de s\u00e9curit\u00e9<\/b><\/td>\n<td><span style=\"font-weight: 400;\">5\/16\u201d (8 mm) \u00e0 1\/2\u201d (12 mm)<\/span><\/td>\n<\/tr>\n<tr>\n<td><b>Couleur\/Finition<\/b><\/td>\n<td><span style=\"font-weight: 400;\">Chrome, Nickel Bross\u00e9, Noir Mat<\/span><\/td>\n<\/tr>\n<tr>\n<td><b>Test de durabilit\u00e9 \/ dur\u00e9e de vie<\/b><\/td>\n<td><span style=\"font-weight: 400;\">50000 cycles d\u2019ouverture\/fermeture*<\/span><\/td>\n<\/tr>\n<tr>\n<td><b>Mat\u00e9riau de fabrication<\/b><\/td>\n<td><span style=\"font-weight: 400;\">Laiton massif<\/span><\/td>\n<\/tr>\n<tr>\n<td><b>Type d\u2019ouverture<\/b><\/td>\n<td><span style=\"font-weight: 400;\">90<\/span><span style=\"font-weight: 400;\">\u00b0 <\/span><span style=\"font-weight: 400;\">vers l&rsquo;int\u00e9rieur et 90<\/span><span style=\"font-weight: 400;\">\u00b0<\/span><span style=\"font-weight: 400;\"> vers l&rsquo;ext\u00e9rieur<\/span><\/td>\n<\/tr>\n<tr>\n<td><b>Type de fermeture<\/b><\/td>\n<td><span style=\"font-weight: 400;\">Recentrage automatique dans un angle de 15 degr\u00e9s autour de la position ferm\u00e9e<\/span><\/td>\n<\/tr>\n<\/tbody>\n<\/table>\n<p><span style=\"font-weight: 400;\">*Le terme \u00ab 50000 cycles d\u2019ouverture\/fermeture \u00bb d\u00e9signe un test couramment utilis\u00e9 pour \u00e9valuer la durabilit\u00e9 et la long\u00e9vit\u00e9 des charni\u00e8res de porte. Cela signifie que la charni\u00e8re a \u00e9t\u00e9 test\u00e9e pour r\u00e9sister \u00e0 50 000 ouvertures et fermetures sans d\u00e9faillance ni signes d\u2019usure.<\/span><\/p>\n<div id=\"gtx-trans\" style=\"position: absolute; left: 378px; top: 756.414px;\">\n<div class=\"gtx-trans-icon\"><\/div>\n<\/div>\n","protected":false},"featured_media":1594,"comment_status":"closed","ping_status":"closed","template":"","meta":{"_acf_changed":false,"inline_featured_image":false},"product_brand":[],"product_cat":[73],"product_tag":[],"class_list":{"0":"post-2358","1":"product","2":"type-product","3":"status-publish","4":"has-post-thumbnail","6":"product_cat-shower-hardware-fr","8":"first","9":"instock","10":"taxable","11":"shipping-taxable","12":"purchasable","13":"product-type-variable","14":"has-default-attributes"},"acf":[],"yoast_head":"<!-- This site is optimized with the Yoast SEO plugin v26.9 - https:\/\/yoast.com\/product\/yoast-seo-wordpress\/ -->\n<title>GS Pivot Hinge - Glassupply (CA)<\/title>\n<meta name=\"robots\" content=\"index, follow, max-snippet:-1, max-image-preview:large, max-video-preview:-1\" \/>\n<link rel=\"canonical\" href=\"https:\/\/glassupply.com\/ca\/fr\/produit\/gs-pivot-hinge\/\" \/>\n<meta property=\"og:locale\" content=\"fr_CA\" \/>\n<meta property=\"og:type\" content=\"article\" \/>\n<meta property=\"og:title\" content=\"GS Pivot Hinge - Glassupply (CA)\" \/>\n<meta property=\"og:description\" content=\"La charni\u00e8re pivotante GS offre une large gamme d&#039;applications, compatible avec du verre de s\u00e9curit\u00e9 tremp\u00e9 de 5\/16&quot; \u00e0 1\/2&quot; (8 \u00e0 12 mm). Cette charni\u00e8re haut de gamme pr\u00e9sente plusieurs avantages, notamment le fait que la majeure partie du poids est support\u00e9e par la charni\u00e8re inf\u00e9rieure, \u00e9vitant ainsi l&#039;affaissement du verre avec le temps. Ces charni\u00e8res \u00e0 recentrage automatique sont \u00e9quip\u00e9es de quatre ressorts offrant une force de r\u00e9tention maximale.  La charni\u00e8re pivotante GS est \u00e9galement compatible avec notre Kit de Traverse (S-HK) pour les cabines de douche qui ne vont pas jusqu\u2019au plafond.  Le bloc adaptateur pivotant pour le Kit de Traverse (S-HK-AD) est vendu avec le kit complet (S-HK).  La charni\u00e8re est pr\u00e9configur\u00e9e avec le c\u00f4t\u00e9 \u00e0 90 degr\u00e9s activ\u00e9 par d\u00e9faut. Cela signifie que lorsque le ressort de recentrage est activ\u00e9, la porte s&#039;arr\u00eate en position ferm\u00e9e et forme une ligne droite (\u00e9galement appel\u00e9e 90\u00b0 ou 0\u00b0).  Cependant, il est possible de faire pivoter l\u2019axe pour activer l\u2019autre c\u00f4t\u00e9 (85\u00b0), ce qui fera s\u2019arr\u00eater la porte \u00e0 une position ferm\u00e9e situ\u00e9e \u00e0 5\u00b0 au-del\u00e0 de la ligne droite. Il est important de noter que l&#039;axe ne doit pas \u00eatre retourn\u00e9. Le c\u00f4t\u00e9 \u00e0 85 degr\u00e9s est g\u00e9n\u00e9ralement activ\u00e9 pour assurer une meilleure \u00e9tanch\u00e9it\u00e9 avec certains types de joints de douche.  Utilisation de deux charni\u00e8res  Avec du verre de 5\/16\u2033 \u00e0 1\/2\u2033 (8 \u00e0 12 mm), la charni\u00e8re peut supporter jusqu&#039;\u00e0 100 lb (45 kg) avec une largeur de porte maximale de 32\u2033 (813 mm).  Inclus :   Joints pour toutes les \u00e9paisseurs de verre, vis, chevilles murales en plastique.  Veuillez noter que le verre doit \u00eatre usin\u00e9 pour accueillir la charni\u00e8re.  Notre proc\u00e9d\u00e9 de finition du mat\u00e9riel de douche comprend trois m\u00e9thodes diff\u00e9rentes, chacune offrant une finition durable, r\u00e9sistante \u00e0 la corrosion et esth\u00e9tiquement attrayante. Ces m\u00e9thodes incluent l\u2019\u00e9lectrophor\u00e8se (Noir Mat), le chromage (Chrome) et le nickelage (Nickel Bross\u00e9). Quelle que soit l\u2019option choisie, notre processus garantit une finition magnifique et durable, r\u00e9pondant aux normes industrielles les plus \u00e9lev\u00e9es en termes de qualit\u00e9 et de durabilit\u00e9, tout en offrant des performances et un attrait visuel exceptionnels. SP\u00c9CIFICATIONS TECHNIQUES    \u00c9paisseur du verre de s\u00e9curit\u00e9 5\/16\u201d (8 mm) \u00e0 1\/2\u201d (12 mm)   Couleur\/Finition Chrome, Nickel Bross\u00e9, Noir Mat   Test de durabilit\u00e9 \/ dur\u00e9e de vie 50000 cycles d\u2019ouverture\/fermeture*   Mat\u00e9riau de fabrication Laiton massif   Type d\u2019ouverture 90\u00b0 vers l&#039;int\u00e9rieur et 90\u00b0 vers l&#039;ext\u00e9rieur   Type de fermeture Recentrage automatique dans un angle de 15 degr\u00e9s autour de la position ferm\u00e9e    *Le terme \u00ab 50000 cycles d\u2019ouverture\/fermeture \u00bb d\u00e9signe un test couramment utilis\u00e9 pour \u00e9valuer la durabilit\u00e9 et la long\u00e9vit\u00e9 des charni\u00e8res de porte. Cela signifie que la charni\u00e8re a \u00e9t\u00e9 test\u00e9e pour r\u00e9sister \u00e0 50 000 ouvertures et fermetures sans d\u00e9faillance ni signes d\u2019usure.\" \/>\n<meta property=\"og:url\" content=\"https:\/\/glassupply.com\/ca\/fr\/produit\/gs-pivot-hinge\/\" \/>\n<meta property=\"og:site_name\" content=\"Glassupply (CA)\" \/>\n<meta property=\"article:modified_time\" content=\"2025-06-06T06:26:11+00:00\" \/>\n<meta property=\"og:image\" content=\"https:\/\/glassupply.com\/ca\/wp-content\/uploads\/sites\/5\/2023\/06\/S-HI-PHCH-Product-Image.webp\" \/>\n\t<meta property=\"og:image:width\" content=\"1000\" \/>\n\t<meta property=\"og:image:height\" content=\"1000\" \/>\n\t<meta property=\"og:image:type\" content=\"image\/webp\" \/>\n<meta name=\"twitter:card\" content=\"summary_large_image\" \/>\n<meta name=\"twitter:label1\" content=\"Est. reading time\" \/>\n\t<meta name=\"twitter:data1\" content=\"1 minute\" \/>\n<script type=\"application\/ld+json\" class=\"yoast-schema-graph\">{\"@context\":\"https:\/\/schema.org\",\"@graph\":[{\"@type\":\"WebPage\",\"@id\":\"https:\/\/glassupply.com\/ca\/fr\/produit\/gs-pivot-hinge\/\",\"url\":\"https:\/\/glassupply.com\/ca\/fr\/produit\/gs-pivot-hinge\/\",\"name\":\"GS Pivot Hinge - Glassupply (CA)\",\"isPartOf\":{\"@id\":\"https:\/\/glassupply.com\/ca\/fr\/#website\"},\"primaryImageOfPage\":{\"@id\":\"https:\/\/glassupply.com\/ca\/fr\/produit\/gs-pivot-hinge\/#primaryimage\"},\"image\":{\"@id\":\"https:\/\/glassupply.com\/ca\/fr\/produit\/gs-pivot-hinge\/#primaryimage\"},\"thumbnailUrl\":\"https:\/\/glassupply.com\/ca\/wp-content\/uploads\/sites\/5\/2023\/06\/S-HI-PHCH-Product-Image.webp\",\"datePublished\":\"2023-06-28T14:25:55+00:00\",\"dateModified\":\"2025-06-06T06:26:11+00:00\",\"breadcrumb\":{\"@id\":\"https:\/\/glassupply.com\/ca\/fr\/produit\/gs-pivot-hinge\/#breadcrumb\"},\"inLanguage\":\"fr-FR\",\"potentialAction\":[{\"@type\":\"ReadAction\",\"target\":[\"https:\/\/glassupply.com\/ca\/fr\/produit\/gs-pivot-hinge\/\"]}]},{\"@type\":\"ImageObject\",\"inLanguage\":\"fr-FR\",\"@id\":\"https:\/\/glassupply.com\/ca\/fr\/produit\/gs-pivot-hinge\/#primaryimage\",\"url\":\"https:\/\/glassupply.com\/ca\/wp-content\/uploads\/sites\/5\/2023\/06\/S-HI-PHCH-Product-Image.webp\",\"contentUrl\":\"https:\/\/glassupply.com\/ca\/wp-content\/uploads\/sites\/5\/2023\/06\/S-HI-PHCH-Product-Image.webp\",\"width\":1000,\"height\":1000},{\"@type\":\"BreadcrumbList\",\"@id\":\"https:\/\/glassupply.com\/ca\/fr\/produit\/gs-pivot-hinge\/#breadcrumb\",\"itemListElement\":[{\"@type\":\"ListItem\",\"position\":1,\"name\":\"Home\",\"item\":\"https:\/\/glassupply.com\/ca\/fr\/\"},{\"@type\":\"ListItem\",\"position\":2,\"name\":\"Shop\",\"item\":\"https:\/\/glassupply.com\/ca\/fr\/shop\/\"},{\"@type\":\"ListItem\",\"position\":3,\"name\":\"GS Pivot Hinge\"}]},{\"@type\":\"WebSite\",\"@id\":\"https:\/\/glassupply.com\/ca\/fr\/#website\",\"url\":\"https:\/\/glassupply.com\/ca\/fr\/\",\"name\":\"Glassupply.com\",\"description\":\"From the manufacturer to your doorstep\",\"publisher\":{\"@id\":\"https:\/\/glassupply.com\/ca\/fr\/#organization\"},\"potentialAction\":[{\"@type\":\"SearchAction\",\"target\":{\"@type\":\"EntryPoint\",\"urlTemplate\":\"https:\/\/glassupply.com\/ca\/fr\/?s={search_term_string}\"},\"query-input\":{\"@type\":\"PropertyValueSpecification\",\"valueRequired\":true,\"valueName\":\"search_term_string\"}}],\"inLanguage\":\"fr-FR\"},{\"@type\":\"Organization\",\"@id\":\"https:\/\/glassupply.com\/ca\/fr\/#organization\",\"name\":\"Glassupply.com\",\"url\":\"https:\/\/glassupply.com\/ca\/fr\/\",\"logo\":{\"@type\":\"ImageObject\",\"inLanguage\":\"fr-FR\",\"@id\":\"https:\/\/glassupply.com\/ca\/fr\/#\/schema\/logo\/image\/\",\"url\":\"https:\/\/staging.glassupply.com\/ca\/wp-content\/uploads\/sites\/5\/2023\/07\/logo.svg\",\"contentUrl\":\"https:\/\/staging.glassupply.com\/ca\/wp-content\/uploads\/sites\/5\/2023\/07\/logo.svg\",\"width\":310,\"height\":24,\"caption\":\"Glassupply.com\"},\"image\":{\"@id\":\"https:\/\/glassupply.com\/ca\/fr\/#\/schema\/logo\/image\/\"}}]}<\/script>\n<!-- \/ Yoast SEO plugin. -->","yoast_head_json":{"title":"GS Pivot Hinge - Glassupply (CA)","robots":{"index":"index","follow":"follow","max-snippet":"max-snippet:-1","max-image-preview":"max-image-preview:large","max-video-preview":"max-video-preview:-1"},"canonical":"https:\/\/glassupply.com\/ca\/fr\/produit\/gs-pivot-hinge\/","og_locale":"fr_CA","og_type":"article","og_title":"GS Pivot Hinge - Glassupply (CA)","og_description":"La charni\u00e8re pivotante GS offre une large gamme d'applications, compatible avec du verre de s\u00e9curit\u00e9 tremp\u00e9 de 5\/16\" \u00e0 1\/2\" (8 \u00e0 12 mm). Cette charni\u00e8re haut de gamme pr\u00e9sente plusieurs avantages, notamment le fait que la majeure partie du poids est support\u00e9e par la charni\u00e8re inf\u00e9rieure, \u00e9vitant ainsi l'affaissement du verre avec le temps. Ces charni\u00e8res \u00e0 recentrage automatique sont \u00e9quip\u00e9es de quatre ressorts offrant une force de r\u00e9tention maximale.  La charni\u00e8re pivotante GS est \u00e9galement compatible avec notre Kit de Traverse (S-HK) pour les cabines de douche qui ne vont pas jusqu\u2019au plafond.  Le bloc adaptateur pivotant pour le Kit de Traverse (S-HK-AD) est vendu avec le kit complet (S-HK).  La charni\u00e8re est pr\u00e9configur\u00e9e avec le c\u00f4t\u00e9 \u00e0 90 degr\u00e9s activ\u00e9 par d\u00e9faut. Cela signifie que lorsque le ressort de recentrage est activ\u00e9, la porte s'arr\u00eate en position ferm\u00e9e et forme une ligne droite (\u00e9galement appel\u00e9e 90\u00b0 ou 0\u00b0).  Cependant, il est possible de faire pivoter l\u2019axe pour activer l\u2019autre c\u00f4t\u00e9 (85\u00b0), ce qui fera s\u2019arr\u00eater la porte \u00e0 une position ferm\u00e9e situ\u00e9e \u00e0 5\u00b0 au-del\u00e0 de la ligne droite. Il est important de noter que l'axe ne doit pas \u00eatre retourn\u00e9. Le c\u00f4t\u00e9 \u00e0 85 degr\u00e9s est g\u00e9n\u00e9ralement activ\u00e9 pour assurer une meilleure \u00e9tanch\u00e9it\u00e9 avec certains types de joints de douche.  Utilisation de deux charni\u00e8res  Avec du verre de 5\/16\u2033 \u00e0 1\/2\u2033 (8 \u00e0 12 mm), la charni\u00e8re peut supporter jusqu'\u00e0 100 lb (45 kg) avec une largeur de porte maximale de 32\u2033 (813 mm).  Inclus :   Joints pour toutes les \u00e9paisseurs de verre, vis, chevilles murales en plastique.  Veuillez noter que le verre doit \u00eatre usin\u00e9 pour accueillir la charni\u00e8re.  Notre proc\u00e9d\u00e9 de finition du mat\u00e9riel de douche comprend trois m\u00e9thodes diff\u00e9rentes, chacune offrant une finition durable, r\u00e9sistante \u00e0 la corrosion et esth\u00e9tiquement attrayante. Ces m\u00e9thodes incluent l\u2019\u00e9lectrophor\u00e8se (Noir Mat), le chromage (Chrome) et le nickelage (Nickel Bross\u00e9). Quelle que soit l\u2019option choisie, notre processus garantit une finition magnifique et durable, r\u00e9pondant aux normes industrielles les plus \u00e9lev\u00e9es en termes de qualit\u00e9 et de durabilit\u00e9, tout en offrant des performances et un attrait visuel exceptionnels. SP\u00c9CIFICATIONS TECHNIQUES    \u00c9paisseur du verre de s\u00e9curit\u00e9 5\/16\u201d (8 mm) \u00e0 1\/2\u201d (12 mm)   Couleur\/Finition Chrome, Nickel Bross\u00e9, Noir Mat   Test de durabilit\u00e9 \/ dur\u00e9e de vie 50000 cycles d\u2019ouverture\/fermeture*   Mat\u00e9riau de fabrication Laiton massif   Type d\u2019ouverture 90\u00b0 vers l'int\u00e9rieur et 90\u00b0 vers l'ext\u00e9rieur   Type de fermeture Recentrage automatique dans un angle de 15 degr\u00e9s autour de la position ferm\u00e9e    *Le terme \u00ab 50000 cycles d\u2019ouverture\/fermeture \u00bb d\u00e9signe un test couramment utilis\u00e9 pour \u00e9valuer la durabilit\u00e9 et la long\u00e9vit\u00e9 des charni\u00e8res de porte. Cela signifie que la charni\u00e8re a \u00e9t\u00e9 test\u00e9e pour r\u00e9sister \u00e0 50 000 ouvertures et fermetures sans d\u00e9faillance ni signes d\u2019usure.","og_url":"https:\/\/glassupply.com\/ca\/fr\/produit\/gs-pivot-hinge\/","og_site_name":"Glassupply (CA)","article_modified_time":"2025-06-06T06:26:11+00:00","og_image":[{"width":1000,"height":1000,"url":"https:\/\/glassupply.com\/ca\/wp-content\/uploads\/sites\/5\/2023\/06\/S-HI-PHCH-Product-Image.webp","type":"image\/webp"}],"twitter_card":"summary_large_image","twitter_misc":{"Est. reading time":"1 minute"},"schema":{"@context":"https:\/\/schema.org","@graph":[{"@type":"WebPage","@id":"https:\/\/glassupply.com\/ca\/fr\/produit\/gs-pivot-hinge\/","url":"https:\/\/glassupply.com\/ca\/fr\/produit\/gs-pivot-hinge\/","name":"GS Pivot Hinge - Glassupply (CA)","isPartOf":{"@id":"https:\/\/glassupply.com\/ca\/fr\/#website"},"primaryImageOfPage":{"@id":"https:\/\/glassupply.com\/ca\/fr\/produit\/gs-pivot-hinge\/#primaryimage"},"image":{"@id":"https:\/\/glassupply.com\/ca\/fr\/produit\/gs-pivot-hinge\/#primaryimage"},"thumbnailUrl":"https:\/\/glassupply.com\/ca\/wp-content\/uploads\/sites\/5\/2023\/06\/S-HI-PHCH-Product-Image.webp","datePublished":"2023-06-28T14:25:55+00:00","dateModified":"2025-06-06T06:26:11+00:00","breadcrumb":{"@id":"https:\/\/glassupply.com\/ca\/fr\/produit\/gs-pivot-hinge\/#breadcrumb"},"inLanguage":"fr-FR","potentialAction":[{"@type":"ReadAction","target":["https:\/\/glassupply.com\/ca\/fr\/produit\/gs-pivot-hinge\/"]}]},{"@type":"ImageObject","inLanguage":"fr-FR","@id":"https:\/\/glassupply.com\/ca\/fr\/produit\/gs-pivot-hinge\/#primaryimage","url":"https:\/\/glassupply.com\/ca\/wp-content\/uploads\/sites\/5\/2023\/06\/S-HI-PHCH-Product-Image.webp","contentUrl":"https:\/\/glassupply.com\/ca\/wp-content\/uploads\/sites\/5\/2023\/06\/S-HI-PHCH-Product-Image.webp","width":1000,"height":1000},{"@type":"BreadcrumbList","@id":"https:\/\/glassupply.com\/ca\/fr\/produit\/gs-pivot-hinge\/#breadcrumb","itemListElement":[{"@type":"ListItem","position":1,"name":"Home","item":"https:\/\/glassupply.com\/ca\/fr\/"},{"@type":"ListItem","position":2,"name":"Shop","item":"https:\/\/glassupply.com\/ca\/fr\/shop\/"},{"@type":"ListItem","position":3,"name":"GS Pivot Hinge"}]},{"@type":"WebSite","@id":"https:\/\/glassupply.com\/ca\/fr\/#website","url":"https:\/\/glassupply.com\/ca\/fr\/","name":"Glassupply.com","description":"From the manufacturer to your doorstep","publisher":{"@id":"https:\/\/glassupply.com\/ca\/fr\/#organization"},"potentialAction":[{"@type":"SearchAction","target":{"@type":"EntryPoint","urlTemplate":"https:\/\/glassupply.com\/ca\/fr\/?s={search_term_string}"},"query-input":{"@type":"PropertyValueSpecification","valueRequired":true,"valueName":"search_term_string"}}],"inLanguage":"fr-FR"},{"@type":"Organization","@id":"https:\/\/glassupply.com\/ca\/fr\/#organization","name":"Glassupply.com","url":"https:\/\/glassupply.com\/ca\/fr\/","logo":{"@type":"ImageObject","inLanguage":"fr-FR","@id":"https:\/\/glassupply.com\/ca\/fr\/#\/schema\/logo\/image\/","url":"https:\/\/staging.glassupply.com\/ca\/wp-content\/uploads\/sites\/5\/2023\/07\/logo.svg","contentUrl":"https:\/\/staging.glassupply.com\/ca\/wp-content\/uploads\/sites\/5\/2023\/07\/logo.svg","width":310,"height":24,"caption":"Glassupply.com"},"image":{"@id":"https:\/\/glassupply.com\/ca\/fr\/#\/schema\/logo\/image\/"}}]}},"_links":{"self":[{"href":"https:\/\/glassupply.com\/ca\/fr\/wp-json\/wp\/v2\/product\/2358","targetHints":{"allow":["GET"]}}],"collection":[{"href":"https:\/\/glassupply.com\/ca\/fr\/wp-json\/wp\/v2\/product"}],"about":[{"href":"https:\/\/glassupply.com\/ca\/fr\/wp-json\/wp\/v2\/types\/product"}],"replies":[{"embeddable":true,"href":"https:\/\/glassupply.com\/ca\/fr\/wp-json\/wp\/v2\/comments?post=2358"}],"wp:featuredmedia":[{"embeddable":true,"href":"https:\/\/glassupply.com\/ca\/fr\/wp-json\/wp\/v2\/media\/1594"}],"wp:attachment":[{"href":"https:\/\/glassupply.com\/ca\/fr\/wp-json\/wp\/v2\/media?parent=2358"}],"wp:term":[{"taxonomy":"product_brand","embeddable":true,"href":"https:\/\/glassupply.com\/ca\/fr\/wp-json\/wp\/v2\/product_brand?post=2358"},{"taxonomy":"product_cat","embeddable":true,"href":"https:\/\/glassupply.com\/ca\/fr\/wp-json\/wp\/v2\/product_cat?post=2358"},{"taxonomy":"product_tag","embeddable":true,"href":"https:\/\/glassupply.com\/ca\/fr\/wp-json\/wp\/v2\/product_tag?post=2358"}],"curies":[{"name":"wp","href":"https:\/\/api.w.org\/{rel}","templated":true}]}}