{"id":2384,"date":"2023-06-28T09:25:54","date_gmt":"2023-06-28T09:25:54","guid":{"rendered":"https:\/\/staging.glassupply.com\/ca\/product\/mirror-mounting-double-sided-foam-tape\/"},"modified":"2025-06-06T01:57:43","modified_gmt":"2025-06-06T06:57:43","slug":"mirror-mounting-double-sided-foam-tape","status":"publish","type":"product","link":"https:\/\/glassupply.com\/ca\/fr\/produit\/mirror-mounting-double-sided-foam-tape\/","title":{"rendered":"Mirror Mounting Double-Sided Foam Tape"},"content":{"rendered":"","protected":false},"excerpt":{"rendered":"<div class=\"flex-shrink-0 flex flex-col relative items-end\">\n<div>\n<div class=\"pt-0\">\n<div class=\"gizmo-bot-avatar flex h-8 w-8 items-center justify-center overflow-hidden rounded-full\">\n<div class=\"relative p-1 rounded-sm flex items-center justify-center bg-token-main-surface-primary text-token-text-primary h-8 w-8\">Ce ruban de vitrage en mousse double face est sp\u00e9cialement con\u00e7u avec une base en mousse de poly\u00e9thyl\u00e8ne (PE) r\u00e9ticul\u00e9e et un syst\u00e8me adh\u00e9sif acrylique. Sa construction unique le rend id\u00e9al pour les applications de vitrage et autres applications exigeantes, offrant facilit\u00e9 d&rsquo;utilisation, forte adh\u00e9rence et performance durable.<\/div>\n<\/div>\n<\/div>\n<\/div>\n<\/div>\n<p>Ce ruban conserve sa r\u00e9sistance dans des conditions de chaleur et de froid extr\u00eames, et ne se d\u00e9colle pas ni n\u2019absorbe l\u2019humidit\u00e9.<\/p>\n<p>GL-N0708 et GL-N0716 sont des rubans de vitrage en mousse double face con\u00e7us pour les applications de vitrage de fen\u00eatres. Disponibles en \u00e9paisseurs de 1\/8 pouce et 1\/16 pouce, ils sont enduits sur chaque face d&rsquo;un adh\u00e9sif acrylique \u00e0 forte adh\u00e9rence, \u00e0 prise rapide et qui se renforce avec le temps. Fabriqu\u00e9 avec une mousse de poly\u00e9thyl\u00e8ne souple et flexible, le ruban s\u2019adapte \u00e0 diverses surfaces textur\u00e9es.<\/p>\n<h5><strong>APPLICATIONS DU RUBAN<\/strong><\/h5>\n<p>Les applications les plus courantes du ruban de vitrage en mousse double face comprennent :<\/p>\n<ul>\n<li>vitrage de fen\u00eatres sur cadres en aluminium<\/li>\n<li>vitrage de fen\u00eatres sur cadres en PVC<\/li>\n<li>collage et montage de plastiques l\u00e9gers<\/li>\n<li>collage et montage de m\u00e9taux l\u00e9gers<\/li>\n<\/ul>\n<h5><strong>CARACT\u00c9RISTIQUES DU RUBAN<\/strong><\/h5>\n<p>Caract\u00e9ristiques du ruban de vitrage en mousse double face :<\/p>\n<ul>\n<li>excellente \u00e9tanch\u00e9it\u00e9 \u00e0 l\u2019eau, la poussi\u00e8re et la lumi\u00e8re<\/li>\n<li>r\u00e9sistance aux intemp\u00e9ries, aux temp\u00e9ratures, aux UV et \u00e0 l\u2019oxydation<\/li>\n<li>flexible et souple, s\u2019adapte facilement \u00e0 diverses surfaces textur\u00e9es<\/li>\n<li>forte adh\u00e9rence initiale<\/li>\n<li>l\u2019adh\u00e9sif acrylique continue de renforcer son adh\u00e9sion au fil du temps<\/li>\n<li>film de protection facile \u00e0 retirer<\/li>\n<li>certifi\u00e9 AAMA (adapt\u00e9 aux applications de vitrage)<\/li>\n<\/ul>\n<h5><strong>ADH\u00c9SIF DU RUBAN<\/strong><\/h5>\n<p>Le ruban utilise un adh\u00e9sif acrylique.<\/p>\n<h5><strong>R\u00c9SISTANCE AUX INTEMP\u00c9RIES<\/strong><\/h5>\n<p>Le ruban de vitrage en mousse double face pr\u00e9sente une excellente r\u00e9sistance aux intemp\u00e9ries, aux UV, aux temp\u00e9ratures et \u00e0 l\u2019oxydation.<\/p>\n<p>&nbsp;<\/p>\n<h5>APPLICATIONS<\/h5>\n<ul class=\"list-unstyled\">\n<li>Utilisation pour le vitrage de fen\u00eatres sur cadres en aluminium et PVC<\/li>\n<li>Utilisation pour le collage et le montage de plastiques et de m\u00e9taux l\u00e9gers<\/li>\n<\/ul>\n<h5><\/h5>\n<h5>CARACT\u00c9RISTIQUES ET AVANTAGES<\/h5>\n<ul class=\"list-unstyled\">\n<li>La certification AAMA le rend adapt\u00e9 aux applications de vitrage<\/li>\n<li>Excellente r\u00e9sistance aux intemp\u00e9ries, \u00e0 l\u2019oxydation, aux UV et aux temp\u00e9ratures<\/li>\n<li>Bonne \u00e9tanch\u00e9it\u00e9 \u00e0 l\u2019eau, \u00e0 la poussi\u00e8re et \u00e0 la lumi\u00e8re<\/li>\n<li>Souple et flexible pour s\u2019adapter \u00e0 diff\u00e9rentes surfaces textur\u00e9es<\/li>\n<li>Forte adh\u00e9sion initiale, renforc\u00e9e dans le temps gr\u00e2ce \u00e0 l\u2019adh\u00e9sif acrylique<\/li>\n<\/ul>\n<p>&nbsp;<\/p>\n<h4><strong>Veuillez noter que la version du ruban de 1\/8\u2033 d\u2019\u00e9paisseur est disponible en rouleau de 75 pieds, tandis que la version de 1\/16\u2033 est disponible en rouleau de 150 pieds.<\/strong><\/h4>\n","protected":false},"featured_media":8447,"comment_status":"closed","ping_status":"closed","template":"","meta":{"_acf_changed":false,"inline_featured_image":false},"product_brand":[],"product_cat":[98],"product_tag":[],"class_list":{"0":"post-2384","1":"product","2":"type-product","3":"status-publish","4":"has-post-thumbnail","6":"product_cat-general-hardware-and-components-fr","8":"first","9":"instock","10":"taxable","11":"shipping-taxable","12":"purchasable","13":"product-type-variable","14":"has-default-attributes"},"acf":[],"yoast_head":"<!-- This site is optimized with the Yoast SEO plugin v26.9 - https:\/\/yoast.com\/product\/yoast-seo-wordpress\/ -->\n<title>Mirror Mounting Double-Sided Foam Tape - Glassupply (CA)<\/title>\n<meta name=\"robots\" content=\"index, follow, max-snippet:-1, max-image-preview:large, max-video-preview:-1\" \/>\n<link rel=\"canonical\" href=\"https:\/\/glassupply.com\/ca\/fr\/produit\/mirror-mounting-double-sided-foam-tape\/\" \/>\n<meta property=\"og:locale\" content=\"fr_CA\" \/>\n<meta property=\"og:type\" content=\"article\" \/>\n<meta property=\"og:title\" content=\"Mirror Mounting Double-Sided Foam Tape - Glassupply (CA)\" \/>\n<meta property=\"og:description\" content=\"Ce ruban de vitrage en mousse double face est sp\u00e9cialement con\u00e7u avec une base en mousse de poly\u00e9thyl\u00e8ne (PE) r\u00e9ticul\u00e9e et un syst\u00e8me adh\u00e9sif acrylique. Sa construction unique le rend id\u00e9al pour les applications de vitrage et autres applications exigeantes, offrant facilit\u00e9 d&#039;utilisation, forte adh\u00e9rence et performance durable.     Ce ruban conserve sa r\u00e9sistance dans des conditions de chaleur et de froid extr\u00eames, et ne se d\u00e9colle pas ni n\u2019absorbe l\u2019humidit\u00e9.  GL-N0708 et GL-N0716 sont des rubans de vitrage en mousse double face con\u00e7us pour les applications de vitrage de fen\u00eatres. Disponibles en \u00e9paisseurs de 1\/8 pouce et 1\/16 pouce, ils sont enduits sur chaque face d&#039;un adh\u00e9sif acrylique \u00e0 forte adh\u00e9rence, \u00e0 prise rapide et qui se renforce avec le temps. Fabriqu\u00e9 avec une mousse de poly\u00e9thyl\u00e8ne souple et flexible, le ruban s\u2019adapte \u00e0 diverses surfaces textur\u00e9es. APPLICATIONS DU RUBAN Les applications les plus courantes du ruban de vitrage en mousse double face comprennent :   vitrage de fen\u00eatres sur cadres en aluminium  vitrage de fen\u00eatres sur cadres en PVC  collage et montage de plastiques l\u00e9gers  collage et montage de m\u00e9taux l\u00e9gers  CARACT\u00c9RISTIQUES DU RUBAN Caract\u00e9ristiques du ruban de vitrage en mousse double face :   excellente \u00e9tanch\u00e9it\u00e9 \u00e0 l\u2019eau, la poussi\u00e8re et la lumi\u00e8re  r\u00e9sistance aux intemp\u00e9ries, aux temp\u00e9ratures, aux UV et \u00e0 l\u2019oxydation  flexible et souple, s\u2019adapte facilement \u00e0 diverses surfaces textur\u00e9es  forte adh\u00e9rence initiale  l\u2019adh\u00e9sif acrylique continue de renforcer son adh\u00e9sion au fil du temps  film de protection facile \u00e0 retirer  certifi\u00e9 AAMA (adapt\u00e9 aux applications de vitrage)  ADH\u00c9SIF DU RUBAN Le ruban utilise un adh\u00e9sif acrylique. R\u00c9SISTANCE AUX INTEMP\u00c9RIES Le ruban de vitrage en mousse double face pr\u00e9sente une excellente r\u00e9sistance aux intemp\u00e9ries, aux UV, aux temp\u00e9ratures et \u00e0 l\u2019oxydation.  &nbsp; APPLICATIONS   Utilisation pour le vitrage de fen\u00eatres sur cadres en aluminium et PVC  Utilisation pour le collage et le montage de plastiques et de m\u00e9taux l\u00e9gers   CARACT\u00c9RISTIQUES ET AVANTAGES   La certification AAMA le rend adapt\u00e9 aux applications de vitrage  Excellente r\u00e9sistance aux intemp\u00e9ries, \u00e0 l\u2019oxydation, aux UV et aux temp\u00e9ratures  Bonne \u00e9tanch\u00e9it\u00e9 \u00e0 l\u2019eau, \u00e0 la poussi\u00e8re et \u00e0 la lumi\u00e8re  Souple et flexible pour s\u2019adapter \u00e0 diff\u00e9rentes surfaces textur\u00e9es  Forte adh\u00e9sion initiale, renforc\u00e9e dans le temps gr\u00e2ce \u00e0 l\u2019adh\u00e9sif acrylique  &nbsp; Veuillez noter que la version du ruban de 1\/8\u2033 d\u2019\u00e9paisseur est disponible en rouleau de 75 pieds, tandis que la version de 1\/16\u2033 est disponible en rouleau de 150 pieds.\" \/>\n<meta property=\"og:url\" content=\"https:\/\/glassupply.com\/ca\/fr\/produit\/mirror-mounting-double-sided-foam-tape\/\" \/>\n<meta property=\"og:site_name\" content=\"Glassupply (CA)\" \/>\n<meta property=\"article:modified_time\" content=\"2025-06-06T06:57:43+00:00\" \/>\n<meta property=\"og:image\" content=\"https:\/\/glassupply.com\/ca\/wp-content\/uploads\/sites\/5\/2023\/06\/echotape.webp\" \/>\n\t<meta property=\"og:image:width\" content=\"1280\" \/>\n\t<meta property=\"og:image:height\" content=\"1280\" \/>\n\t<meta property=\"og:image:type\" content=\"image\/webp\" \/>\n<meta name=\"twitter:card\" content=\"summary_large_image\" \/>\n<meta name=\"twitter:label1\" content=\"Est. reading time\" \/>\n\t<meta name=\"twitter:data1\" content=\"1 minute\" \/>\n<script type=\"application\/ld+json\" class=\"yoast-schema-graph\">{\"@context\":\"https:\/\/schema.org\",\"@graph\":[{\"@type\":\"WebPage\",\"@id\":\"https:\/\/glassupply.com\/ca\/fr\/produit\/mirror-mounting-double-sided-foam-tape\/\",\"url\":\"https:\/\/glassupply.com\/ca\/fr\/produit\/mirror-mounting-double-sided-foam-tape\/\",\"name\":\"Mirror Mounting Double-Sided Foam Tape - Glassupply (CA)\",\"isPartOf\":{\"@id\":\"https:\/\/glassupply.com\/ca\/fr\/#website\"},\"primaryImageOfPage\":{\"@id\":\"https:\/\/glassupply.com\/ca\/fr\/produit\/mirror-mounting-double-sided-foam-tape\/#primaryimage\"},\"image\":{\"@id\":\"https:\/\/glassupply.com\/ca\/fr\/produit\/mirror-mounting-double-sided-foam-tape\/#primaryimage\"},\"thumbnailUrl\":\"https:\/\/glassupply.com\/ca\/wp-content\/uploads\/sites\/5\/2023\/06\/echotape.webp\",\"datePublished\":\"2023-06-28T09:25:54+00:00\",\"dateModified\":\"2025-06-06T06:57:43+00:00\",\"breadcrumb\":{\"@id\":\"https:\/\/glassupply.com\/ca\/fr\/produit\/mirror-mounting-double-sided-foam-tape\/#breadcrumb\"},\"inLanguage\":\"fr-FR\",\"potentialAction\":[{\"@type\":\"ReadAction\",\"target\":[\"https:\/\/glassupply.com\/ca\/fr\/produit\/mirror-mounting-double-sided-foam-tape\/\"]}]},{\"@type\":\"ImageObject\",\"inLanguage\":\"fr-FR\",\"@id\":\"https:\/\/glassupply.com\/ca\/fr\/produit\/mirror-mounting-double-sided-foam-tape\/#primaryimage\",\"url\":\"https:\/\/glassupply.com\/ca\/wp-content\/uploads\/sites\/5\/2023\/06\/echotape.webp\",\"contentUrl\":\"https:\/\/glassupply.com\/ca\/wp-content\/uploads\/sites\/5\/2023\/06\/echotape.webp\",\"width\":1280,\"height\":1280},{\"@type\":\"BreadcrumbList\",\"@id\":\"https:\/\/glassupply.com\/ca\/fr\/produit\/mirror-mounting-double-sided-foam-tape\/#breadcrumb\",\"itemListElement\":[{\"@type\":\"ListItem\",\"position\":1,\"name\":\"Home\",\"item\":\"https:\/\/glassupply.com\/ca\/fr\/\"},{\"@type\":\"ListItem\",\"position\":2,\"name\":\"Shop\",\"item\":\"https:\/\/glassupply.com\/ca\/fr\/shop\/\"},{\"@type\":\"ListItem\",\"position\":3,\"name\":\"Mirror Mounting Double-Sided Foam Tape\"}]},{\"@type\":\"WebSite\",\"@id\":\"https:\/\/glassupply.com\/ca\/fr\/#website\",\"url\":\"https:\/\/glassupply.com\/ca\/fr\/\",\"name\":\"Glassupply.com\",\"description\":\"From the manufacturer to your doorstep\",\"publisher\":{\"@id\":\"https:\/\/glassupply.com\/ca\/fr\/#organization\"},\"potentialAction\":[{\"@type\":\"SearchAction\",\"target\":{\"@type\":\"EntryPoint\",\"urlTemplate\":\"https:\/\/glassupply.com\/ca\/fr\/?s={search_term_string}\"},\"query-input\":{\"@type\":\"PropertyValueSpecification\",\"valueRequired\":true,\"valueName\":\"search_term_string\"}}],\"inLanguage\":\"fr-FR\"},{\"@type\":\"Organization\",\"@id\":\"https:\/\/glassupply.com\/ca\/fr\/#organization\",\"name\":\"Glassupply.com\",\"url\":\"https:\/\/glassupply.com\/ca\/fr\/\",\"logo\":{\"@type\":\"ImageObject\",\"inLanguage\":\"fr-FR\",\"@id\":\"https:\/\/glassupply.com\/ca\/fr\/#\/schema\/logo\/image\/\",\"url\":\"https:\/\/staging.glassupply.com\/ca\/wp-content\/uploads\/sites\/5\/2023\/07\/logo.svg\",\"contentUrl\":\"https:\/\/staging.glassupply.com\/ca\/wp-content\/uploads\/sites\/5\/2023\/07\/logo.svg\",\"width\":310,\"height\":24,\"caption\":\"Glassupply.com\"},\"image\":{\"@id\":\"https:\/\/glassupply.com\/ca\/fr\/#\/schema\/logo\/image\/\"}}]}<\/script>\n<!-- \/ Yoast SEO plugin. -->","yoast_head_json":{"title":"Mirror Mounting Double-Sided Foam Tape - Glassupply (CA)","robots":{"index":"index","follow":"follow","max-snippet":"max-snippet:-1","max-image-preview":"max-image-preview:large","max-video-preview":"max-video-preview:-1"},"canonical":"https:\/\/glassupply.com\/ca\/fr\/produit\/mirror-mounting-double-sided-foam-tape\/","og_locale":"fr_CA","og_type":"article","og_title":"Mirror Mounting Double-Sided Foam Tape - Glassupply (CA)","og_description":"Ce ruban de vitrage en mousse double face est sp\u00e9cialement con\u00e7u avec une base en mousse de poly\u00e9thyl\u00e8ne (PE) r\u00e9ticul\u00e9e et un syst\u00e8me adh\u00e9sif acrylique. Sa construction unique le rend id\u00e9al pour les applications de vitrage et autres applications exigeantes, offrant facilit\u00e9 d'utilisation, forte adh\u00e9rence et performance durable.     Ce ruban conserve sa r\u00e9sistance dans des conditions de chaleur et de froid extr\u00eames, et ne se d\u00e9colle pas ni n\u2019absorbe l\u2019humidit\u00e9.  GL-N0708 et GL-N0716 sont des rubans de vitrage en mousse double face con\u00e7us pour les applications de vitrage de fen\u00eatres. Disponibles en \u00e9paisseurs de 1\/8 pouce et 1\/16 pouce, ils sont enduits sur chaque face d'un adh\u00e9sif acrylique \u00e0 forte adh\u00e9rence, \u00e0 prise rapide et qui se renforce avec le temps. Fabriqu\u00e9 avec une mousse de poly\u00e9thyl\u00e8ne souple et flexible, le ruban s\u2019adapte \u00e0 diverses surfaces textur\u00e9es. APPLICATIONS DU RUBAN Les applications les plus courantes du ruban de vitrage en mousse double face comprennent :   vitrage de fen\u00eatres sur cadres en aluminium  vitrage de fen\u00eatres sur cadres en PVC  collage et montage de plastiques l\u00e9gers  collage et montage de m\u00e9taux l\u00e9gers  CARACT\u00c9RISTIQUES DU RUBAN Caract\u00e9ristiques du ruban de vitrage en mousse double face :   excellente \u00e9tanch\u00e9it\u00e9 \u00e0 l\u2019eau, la poussi\u00e8re et la lumi\u00e8re  r\u00e9sistance aux intemp\u00e9ries, aux temp\u00e9ratures, aux UV et \u00e0 l\u2019oxydation  flexible et souple, s\u2019adapte facilement \u00e0 diverses surfaces textur\u00e9es  forte adh\u00e9rence initiale  l\u2019adh\u00e9sif acrylique continue de renforcer son adh\u00e9sion au fil du temps  film de protection facile \u00e0 retirer  certifi\u00e9 AAMA (adapt\u00e9 aux applications de vitrage)  ADH\u00c9SIF DU RUBAN Le ruban utilise un adh\u00e9sif acrylique. R\u00c9SISTANCE AUX INTEMP\u00c9RIES Le ruban de vitrage en mousse double face pr\u00e9sente une excellente r\u00e9sistance aux intemp\u00e9ries, aux UV, aux temp\u00e9ratures et \u00e0 l\u2019oxydation.  &nbsp; APPLICATIONS   Utilisation pour le vitrage de fen\u00eatres sur cadres en aluminium et PVC  Utilisation pour le collage et le montage de plastiques et de m\u00e9taux l\u00e9gers   CARACT\u00c9RISTIQUES ET AVANTAGES   La certification AAMA le rend adapt\u00e9 aux applications de vitrage  Excellente r\u00e9sistance aux intemp\u00e9ries, \u00e0 l\u2019oxydation, aux UV et aux temp\u00e9ratures  Bonne \u00e9tanch\u00e9it\u00e9 \u00e0 l\u2019eau, \u00e0 la poussi\u00e8re et \u00e0 la lumi\u00e8re  Souple et flexible pour s\u2019adapter \u00e0 diff\u00e9rentes surfaces textur\u00e9es  Forte adh\u00e9sion initiale, renforc\u00e9e dans le temps gr\u00e2ce \u00e0 l\u2019adh\u00e9sif acrylique  &nbsp; Veuillez noter que la version du ruban de 1\/8\u2033 d\u2019\u00e9paisseur est disponible en rouleau de 75 pieds, tandis que la version de 1\/16\u2033 est disponible en rouleau de 150 pieds.","og_url":"https:\/\/glassupply.com\/ca\/fr\/produit\/mirror-mounting-double-sided-foam-tape\/","og_site_name":"Glassupply (CA)","article_modified_time":"2025-06-06T06:57:43+00:00","og_image":[{"width":1280,"height":1280,"url":"https:\/\/glassupply.com\/ca\/wp-content\/uploads\/sites\/5\/2023\/06\/echotape.webp","type":"image\/webp"}],"twitter_card":"summary_large_image","twitter_misc":{"Est. reading time":"1 minute"},"schema":{"@context":"https:\/\/schema.org","@graph":[{"@type":"WebPage","@id":"https:\/\/glassupply.com\/ca\/fr\/produit\/mirror-mounting-double-sided-foam-tape\/","url":"https:\/\/glassupply.com\/ca\/fr\/produit\/mirror-mounting-double-sided-foam-tape\/","name":"Mirror Mounting Double-Sided Foam Tape - Glassupply (CA)","isPartOf":{"@id":"https:\/\/glassupply.com\/ca\/fr\/#website"},"primaryImageOfPage":{"@id":"https:\/\/glassupply.com\/ca\/fr\/produit\/mirror-mounting-double-sided-foam-tape\/#primaryimage"},"image":{"@id":"https:\/\/glassupply.com\/ca\/fr\/produit\/mirror-mounting-double-sided-foam-tape\/#primaryimage"},"thumbnailUrl":"https:\/\/glassupply.com\/ca\/wp-content\/uploads\/sites\/5\/2023\/06\/echotape.webp","datePublished":"2023-06-28T09:25:54+00:00","dateModified":"2025-06-06T06:57:43+00:00","breadcrumb":{"@id":"https:\/\/glassupply.com\/ca\/fr\/produit\/mirror-mounting-double-sided-foam-tape\/#breadcrumb"},"inLanguage":"fr-FR","potentialAction":[{"@type":"ReadAction","target":["https:\/\/glassupply.com\/ca\/fr\/produit\/mirror-mounting-double-sided-foam-tape\/"]}]},{"@type":"ImageObject","inLanguage":"fr-FR","@id":"https:\/\/glassupply.com\/ca\/fr\/produit\/mirror-mounting-double-sided-foam-tape\/#primaryimage","url":"https:\/\/glassupply.com\/ca\/wp-content\/uploads\/sites\/5\/2023\/06\/echotape.webp","contentUrl":"https:\/\/glassupply.com\/ca\/wp-content\/uploads\/sites\/5\/2023\/06\/echotape.webp","width":1280,"height":1280},{"@type":"BreadcrumbList","@id":"https:\/\/glassupply.com\/ca\/fr\/produit\/mirror-mounting-double-sided-foam-tape\/#breadcrumb","itemListElement":[{"@type":"ListItem","position":1,"name":"Home","item":"https:\/\/glassupply.com\/ca\/fr\/"},{"@type":"ListItem","position":2,"name":"Shop","item":"https:\/\/glassupply.com\/ca\/fr\/shop\/"},{"@type":"ListItem","position":3,"name":"Mirror Mounting Double-Sided Foam Tape"}]},{"@type":"WebSite","@id":"https:\/\/glassupply.com\/ca\/fr\/#website","url":"https:\/\/glassupply.com\/ca\/fr\/","name":"Glassupply.com","description":"From the manufacturer to your doorstep","publisher":{"@id":"https:\/\/glassupply.com\/ca\/fr\/#organization"},"potentialAction":[{"@type":"SearchAction","target":{"@type":"EntryPoint","urlTemplate":"https:\/\/glassupply.com\/ca\/fr\/?s={search_term_string}"},"query-input":{"@type":"PropertyValueSpecification","valueRequired":true,"valueName":"search_term_string"}}],"inLanguage":"fr-FR"},{"@type":"Organization","@id":"https:\/\/glassupply.com\/ca\/fr\/#organization","name":"Glassupply.com","url":"https:\/\/glassupply.com\/ca\/fr\/","logo":{"@type":"ImageObject","inLanguage":"fr-FR","@id":"https:\/\/glassupply.com\/ca\/fr\/#\/schema\/logo\/image\/","url":"https:\/\/staging.glassupply.com\/ca\/wp-content\/uploads\/sites\/5\/2023\/07\/logo.svg","contentUrl":"https:\/\/staging.glassupply.com\/ca\/wp-content\/uploads\/sites\/5\/2023\/07\/logo.svg","width":310,"height":24,"caption":"Glassupply.com"},"image":{"@id":"https:\/\/glassupply.com\/ca\/fr\/#\/schema\/logo\/image\/"}}]}},"_links":{"self":[{"href":"https:\/\/glassupply.com\/ca\/fr\/wp-json\/wp\/v2\/product\/2384","targetHints":{"allow":["GET"]}}],"collection":[{"href":"https:\/\/glassupply.com\/ca\/fr\/wp-json\/wp\/v2\/product"}],"about":[{"href":"https:\/\/glassupply.com\/ca\/fr\/wp-json\/wp\/v2\/types\/product"}],"replies":[{"embeddable":true,"href":"https:\/\/glassupply.com\/ca\/fr\/wp-json\/wp\/v2\/comments?post=2384"}],"wp:featuredmedia":[{"embeddable":true,"href":"https:\/\/glassupply.com\/ca\/fr\/wp-json\/wp\/v2\/media\/8447"}],"wp:attachment":[{"href":"https:\/\/glassupply.com\/ca\/fr\/wp-json\/wp\/v2\/media?parent=2384"}],"wp:term":[{"taxonomy":"product_brand","embeddable":true,"href":"https:\/\/glassupply.com\/ca\/fr\/wp-json\/wp\/v2\/product_brand?post=2384"},{"taxonomy":"product_cat","embeddable":true,"href":"https:\/\/glassupply.com\/ca\/fr\/wp-json\/wp\/v2\/product_cat?post=2384"},{"taxonomy":"product_tag","embeddable":true,"href":"https:\/\/glassupply.com\/ca\/fr\/wp-json\/wp\/v2\/product_tag?post=2384"}],"curies":[{"name":"wp","href":"https:\/\/api.w.org\/{rel}","templated":true}]}}