{"id":2394,"date":"2023-06-28T09:25:54","date_gmt":"2023-06-28T14:25:54","guid":{"rendered":"https:\/\/staging.glassupply.com\/ca\/product\/kalabrone-mini-glass-wall-shelf-support\/"},"modified":"2025-06-06T02:06:27","modified_gmt":"2025-06-06T07:06:27","slug":"kalabrone-mini-glass-wall-shelf-support","status":"publish","type":"product","link":"https:\/\/glassupply.com\/ca\/fr\/produit\/kalabrone-mini-glass-wall-shelf-support\/","title":{"rendered":"Kalabrone Mini Glass Wall Shelf Support"},"content":{"rendered":"","protected":false},"excerpt":{"rendered":"<p>Con\u00e7u pour verrouiller les \u00e9tag\u00e8res en verre. Con\u00e7u pour garantir le transport de meubles avec des \u00e9tag\u00e8res en verre d\u00e9j\u00e0 mont\u00e9es. Le verrouillage et le d\u00e9verrouillage de l\u2019\u00e9tag\u00e8re en verre peuvent \u00eatre effectu\u00e9s manuellement, sans aucun outil. Le verre est bloqu\u00e9 des deux c\u00f4t\u00e9s, sup\u00e9rieur et inf\u00e9rieur, par des \u00e9l\u00e9ments en caoutchouc souple, conform\u00e9ment aux fonctions et normes de s\u00e9curit\u00e9 en vigueur.<\/p>\n","protected":false},"featured_media":1566,"comment_status":"closed","ping_status":"closed","template":"","meta":{"_acf_changed":false,"inline_featured_image":false},"product_brand":[],"product_cat":[98],"product_tag":[],"class_list":{"0":"post-2394","1":"product","2":"type-product","3":"status-publish","4":"has-post-thumbnail","6":"product_cat-general-hardware-and-components-fr","8":"first","9":"instock","10":"taxable","11":"shipping-taxable","12":"purchasable","13":"product-type-variable"},"acf":[],"yoast_head":"<!-- This site is optimized with the Yoast SEO plugin v26.9 - https:\/\/yoast.com\/product\/yoast-seo-wordpress\/ -->\n<title>Kalabrone Mini Glass Wall Shelf Support - Glassupply (CA)<\/title>\n<meta name=\"robots\" content=\"index, follow, max-snippet:-1, max-image-preview:large, max-video-preview:-1\" \/>\n<link rel=\"canonical\" href=\"https:\/\/glassupply.com\/ca\/fr\/produit\/kalabrone-mini-glass-wall-shelf-support\/\" \/>\n<meta property=\"og:locale\" content=\"fr_CA\" \/>\n<meta property=\"og:type\" content=\"article\" \/>\n<meta property=\"og:title\" content=\"Kalabrone Mini Glass Wall Shelf Support - Glassupply (CA)\" \/>\n<meta property=\"og:description\" content=\"Con\u00e7u pour verrouiller les \u00e9tag\u00e8res en verre. Con\u00e7u pour garantir le transport de meubles avec des \u00e9tag\u00e8res en verre d\u00e9j\u00e0 mont\u00e9es. Le verrouillage et le d\u00e9verrouillage de l\u2019\u00e9tag\u00e8re en verre peuvent \u00eatre effectu\u00e9s manuellement, sans aucun outil. Le verre est bloqu\u00e9 des deux c\u00f4t\u00e9s, sup\u00e9rieur et inf\u00e9rieur, par des \u00e9l\u00e9ments en caoutchouc souple, conform\u00e9ment aux fonctions et normes de s\u00e9curit\u00e9 en vigueur.\" \/>\n<meta property=\"og:url\" content=\"https:\/\/glassupply.com\/ca\/fr\/produit\/kalabrone-mini-glass-wall-shelf-support\/\" \/>\n<meta property=\"og:site_name\" content=\"Glassupply (CA)\" \/>\n<meta property=\"article:modified_time\" content=\"2025-06-06T07:06:27+00:00\" \/>\n<meta property=\"og:image\" content=\"https:\/\/glassupply.com\/ca\/wp-content\/uploads\/sites\/5\/2023\/06\/1280727_hd.png\" \/>\n\t<meta property=\"og:image:width\" content=\"750\" \/>\n\t<meta property=\"og:image:height\" content=\"500\" \/>\n\t<meta property=\"og:image:type\" content=\"image\/png\" \/>\n<meta name=\"twitter:card\" content=\"summary_large_image\" \/>\n<meta name=\"twitter:label1\" content=\"Est. reading time\" \/>\n\t<meta name=\"twitter:data1\" content=\"1 minute\" \/>\n<script type=\"application\/ld+json\" class=\"yoast-schema-graph\">{\"@context\":\"https:\/\/schema.org\",\"@graph\":[{\"@type\":\"WebPage\",\"@id\":\"https:\/\/glassupply.com\/ca\/fr\/produit\/kalabrone-mini-glass-wall-shelf-support\/\",\"url\":\"https:\/\/glassupply.com\/ca\/fr\/produit\/kalabrone-mini-glass-wall-shelf-support\/\",\"name\":\"Kalabrone Mini Glass Wall Shelf Support - Glassupply (CA)\",\"isPartOf\":{\"@id\":\"https:\/\/glassupply.com\/ca\/fr\/#website\"},\"primaryImageOfPage\":{\"@id\":\"https:\/\/glassupply.com\/ca\/fr\/produit\/kalabrone-mini-glass-wall-shelf-support\/#primaryimage\"},\"image\":{\"@id\":\"https:\/\/glassupply.com\/ca\/fr\/produit\/kalabrone-mini-glass-wall-shelf-support\/#primaryimage\"},\"thumbnailUrl\":\"https:\/\/glassupply.com\/ca\/wp-content\/uploads\/sites\/5\/2023\/06\/1280727_hd.png\",\"datePublished\":\"2023-06-28T14:25:54+00:00\",\"dateModified\":\"2025-06-06T07:06:27+00:00\",\"breadcrumb\":{\"@id\":\"https:\/\/glassupply.com\/ca\/fr\/produit\/kalabrone-mini-glass-wall-shelf-support\/#breadcrumb\"},\"inLanguage\":\"fr-FR\",\"potentialAction\":[{\"@type\":\"ReadAction\",\"target\":[\"https:\/\/glassupply.com\/ca\/fr\/produit\/kalabrone-mini-glass-wall-shelf-support\/\"]}]},{\"@type\":\"ImageObject\",\"inLanguage\":\"fr-FR\",\"@id\":\"https:\/\/glassupply.com\/ca\/fr\/produit\/kalabrone-mini-glass-wall-shelf-support\/#primaryimage\",\"url\":\"https:\/\/glassupply.com\/ca\/wp-content\/uploads\/sites\/5\/2023\/06\/1280727_hd.png\",\"contentUrl\":\"https:\/\/glassupply.com\/ca\/wp-content\/uploads\/sites\/5\/2023\/06\/1280727_hd.png\",\"width\":750,\"height\":500},{\"@type\":\"BreadcrumbList\",\"@id\":\"https:\/\/glassupply.com\/ca\/fr\/produit\/kalabrone-mini-glass-wall-shelf-support\/#breadcrumb\",\"itemListElement\":[{\"@type\":\"ListItem\",\"position\":1,\"name\":\"Home\",\"item\":\"https:\/\/glassupply.com\/ca\/fr\/\"},{\"@type\":\"ListItem\",\"position\":2,\"name\":\"Shop\",\"item\":\"https:\/\/glassupply.com\/ca\/fr\/shop\/\"},{\"@type\":\"ListItem\",\"position\":3,\"name\":\"Kalabrone Mini Glass Wall Shelf Support\"}]},{\"@type\":\"WebSite\",\"@id\":\"https:\/\/glassupply.com\/ca\/fr\/#website\",\"url\":\"https:\/\/glassupply.com\/ca\/fr\/\",\"name\":\"Glassupply.com\",\"description\":\"From the manufacturer to your doorstep\",\"publisher\":{\"@id\":\"https:\/\/glassupply.com\/ca\/fr\/#organization\"},\"potentialAction\":[{\"@type\":\"SearchAction\",\"target\":{\"@type\":\"EntryPoint\",\"urlTemplate\":\"https:\/\/glassupply.com\/ca\/fr\/?s={search_term_string}\"},\"query-input\":{\"@type\":\"PropertyValueSpecification\",\"valueRequired\":true,\"valueName\":\"search_term_string\"}}],\"inLanguage\":\"fr-FR\"},{\"@type\":\"Organization\",\"@id\":\"https:\/\/glassupply.com\/ca\/fr\/#organization\",\"name\":\"Glassupply.com\",\"url\":\"https:\/\/glassupply.com\/ca\/fr\/\",\"logo\":{\"@type\":\"ImageObject\",\"inLanguage\":\"fr-FR\",\"@id\":\"https:\/\/glassupply.com\/ca\/fr\/#\/schema\/logo\/image\/\",\"url\":\"https:\/\/staging.glassupply.com\/ca\/wp-content\/uploads\/sites\/5\/2023\/07\/logo.svg\",\"contentUrl\":\"https:\/\/staging.glassupply.com\/ca\/wp-content\/uploads\/sites\/5\/2023\/07\/logo.svg\",\"width\":310,\"height\":24,\"caption\":\"Glassupply.com\"},\"image\":{\"@id\":\"https:\/\/glassupply.com\/ca\/fr\/#\/schema\/logo\/image\/\"}}]}<\/script>\n<!-- \/ Yoast SEO plugin. -->","yoast_head_json":{"title":"Kalabrone Mini Glass Wall Shelf Support - Glassupply (CA)","robots":{"index":"index","follow":"follow","max-snippet":"max-snippet:-1","max-image-preview":"max-image-preview:large","max-video-preview":"max-video-preview:-1"},"canonical":"https:\/\/glassupply.com\/ca\/fr\/produit\/kalabrone-mini-glass-wall-shelf-support\/","og_locale":"fr_CA","og_type":"article","og_title":"Kalabrone Mini Glass Wall Shelf Support - Glassupply (CA)","og_description":"Con\u00e7u pour verrouiller les \u00e9tag\u00e8res en verre. Con\u00e7u pour garantir le transport de meubles avec des \u00e9tag\u00e8res en verre d\u00e9j\u00e0 mont\u00e9es. Le verrouillage et le d\u00e9verrouillage de l\u2019\u00e9tag\u00e8re en verre peuvent \u00eatre effectu\u00e9s manuellement, sans aucun outil. Le verre est bloqu\u00e9 des deux c\u00f4t\u00e9s, sup\u00e9rieur et inf\u00e9rieur, par des \u00e9l\u00e9ments en caoutchouc souple, conform\u00e9ment aux fonctions et normes de s\u00e9curit\u00e9 en vigueur.","og_url":"https:\/\/glassupply.com\/ca\/fr\/produit\/kalabrone-mini-glass-wall-shelf-support\/","og_site_name":"Glassupply (CA)","article_modified_time":"2025-06-06T07:06:27+00:00","og_image":[{"width":750,"height":500,"url":"https:\/\/glassupply.com\/ca\/wp-content\/uploads\/sites\/5\/2023\/06\/1280727_hd.png","type":"image\/png"}],"twitter_card":"summary_large_image","twitter_misc":{"Est. reading time":"1 minute"},"schema":{"@context":"https:\/\/schema.org","@graph":[{"@type":"WebPage","@id":"https:\/\/glassupply.com\/ca\/fr\/produit\/kalabrone-mini-glass-wall-shelf-support\/","url":"https:\/\/glassupply.com\/ca\/fr\/produit\/kalabrone-mini-glass-wall-shelf-support\/","name":"Kalabrone Mini Glass Wall Shelf Support - Glassupply (CA)","isPartOf":{"@id":"https:\/\/glassupply.com\/ca\/fr\/#website"},"primaryImageOfPage":{"@id":"https:\/\/glassupply.com\/ca\/fr\/produit\/kalabrone-mini-glass-wall-shelf-support\/#primaryimage"},"image":{"@id":"https:\/\/glassupply.com\/ca\/fr\/produit\/kalabrone-mini-glass-wall-shelf-support\/#primaryimage"},"thumbnailUrl":"https:\/\/glassupply.com\/ca\/wp-content\/uploads\/sites\/5\/2023\/06\/1280727_hd.png","datePublished":"2023-06-28T14:25:54+00:00","dateModified":"2025-06-06T07:06:27+00:00","breadcrumb":{"@id":"https:\/\/glassupply.com\/ca\/fr\/produit\/kalabrone-mini-glass-wall-shelf-support\/#breadcrumb"},"inLanguage":"fr-FR","potentialAction":[{"@type":"ReadAction","target":["https:\/\/glassupply.com\/ca\/fr\/produit\/kalabrone-mini-glass-wall-shelf-support\/"]}]},{"@type":"ImageObject","inLanguage":"fr-FR","@id":"https:\/\/glassupply.com\/ca\/fr\/produit\/kalabrone-mini-glass-wall-shelf-support\/#primaryimage","url":"https:\/\/glassupply.com\/ca\/wp-content\/uploads\/sites\/5\/2023\/06\/1280727_hd.png","contentUrl":"https:\/\/glassupply.com\/ca\/wp-content\/uploads\/sites\/5\/2023\/06\/1280727_hd.png","width":750,"height":500},{"@type":"BreadcrumbList","@id":"https:\/\/glassupply.com\/ca\/fr\/produit\/kalabrone-mini-glass-wall-shelf-support\/#breadcrumb","itemListElement":[{"@type":"ListItem","position":1,"name":"Home","item":"https:\/\/glassupply.com\/ca\/fr\/"},{"@type":"ListItem","position":2,"name":"Shop","item":"https:\/\/glassupply.com\/ca\/fr\/shop\/"},{"@type":"ListItem","position":3,"name":"Kalabrone Mini Glass Wall Shelf Support"}]},{"@type":"WebSite","@id":"https:\/\/glassupply.com\/ca\/fr\/#website","url":"https:\/\/glassupply.com\/ca\/fr\/","name":"Glassupply.com","description":"From the manufacturer to your doorstep","publisher":{"@id":"https:\/\/glassupply.com\/ca\/fr\/#organization"},"potentialAction":[{"@type":"SearchAction","target":{"@type":"EntryPoint","urlTemplate":"https:\/\/glassupply.com\/ca\/fr\/?s={search_term_string}"},"query-input":{"@type":"PropertyValueSpecification","valueRequired":true,"valueName":"search_term_string"}}],"inLanguage":"fr-FR"},{"@type":"Organization","@id":"https:\/\/glassupply.com\/ca\/fr\/#organization","name":"Glassupply.com","url":"https:\/\/glassupply.com\/ca\/fr\/","logo":{"@type":"ImageObject","inLanguage":"fr-FR","@id":"https:\/\/glassupply.com\/ca\/fr\/#\/schema\/logo\/image\/","url":"https:\/\/staging.glassupply.com\/ca\/wp-content\/uploads\/sites\/5\/2023\/07\/logo.svg","contentUrl":"https:\/\/staging.glassupply.com\/ca\/wp-content\/uploads\/sites\/5\/2023\/07\/logo.svg","width":310,"height":24,"caption":"Glassupply.com"},"image":{"@id":"https:\/\/glassupply.com\/ca\/fr\/#\/schema\/logo\/image\/"}}]}},"_links":{"self":[{"href":"https:\/\/glassupply.com\/ca\/fr\/wp-json\/wp\/v2\/product\/2394","targetHints":{"allow":["GET"]}}],"collection":[{"href":"https:\/\/glassupply.com\/ca\/fr\/wp-json\/wp\/v2\/product"}],"about":[{"href":"https:\/\/glassupply.com\/ca\/fr\/wp-json\/wp\/v2\/types\/product"}],"replies":[{"embeddable":true,"href":"https:\/\/glassupply.com\/ca\/fr\/wp-json\/wp\/v2\/comments?post=2394"}],"wp:featuredmedia":[{"embeddable":true,"href":"https:\/\/glassupply.com\/ca\/fr\/wp-json\/wp\/v2\/media\/1566"}],"wp:attachment":[{"href":"https:\/\/glassupply.com\/ca\/fr\/wp-json\/wp\/v2\/media?parent=2394"}],"wp:term":[{"taxonomy":"product_brand","embeddable":true,"href":"https:\/\/glassupply.com\/ca\/fr\/wp-json\/wp\/v2\/product_brand?post=2394"},{"taxonomy":"product_cat","embeddable":true,"href":"https:\/\/glassupply.com\/ca\/fr\/wp-json\/wp\/v2\/product_cat?post=2394"},{"taxonomy":"product_tag","embeddable":true,"href":"https:\/\/glassupply.com\/ca\/fr\/wp-json\/wp\/v2\/product_tag?post=2394"}],"curies":[{"name":"wp","href":"https:\/\/api.w.org\/{rel}","templated":true}]}}