{"id":2400,"date":"2023-06-28T09:25:54","date_gmt":"2023-06-28T14:25:54","guid":{"rendered":"https:\/\/staging.glassupply.com\/ca\/product\/mirror-adhesive-xtragrip\/"},"modified":"2025-06-06T02:10:58","modified_gmt":"2025-06-06T07:10:58","slug":"mirror-adhesive-xtragrip","status":"publish","type":"product","link":"https:\/\/glassupply.com\/ca\/fr\/produit\/mirror-adhesive-xtragrip\/","title":{"rendered":"Mirror Adhesive Xtragrip"},"content":{"rendered":"","protected":false},"excerpt":{"rendered":"<p>Mirro-Mastic\u00ae est la r\u00e9f\u00e9rence de l\u2019industrie en mati\u00e8re d\u2019adh\u00e9sif mastic de haute qualit\u00e9. Formul\u00e9 pour coller des miroirs en verre et en acrylique sur divers substrats, Mirro-Mastic a \u00e9t\u00e9 test\u00e9 sur le terrain et en laboratoire pour sa compatibilit\u00e9 avec toutes les grandes marques de miroirs et de peintures de fond.<\/p>\n<p>Xtragrip est un produit exclusif de Bohle pour l\u2019installation et la fixation de miroirs, avec des caract\u00e9ristiques exceptionnelles, notamment :<\/p>\n<p>&#8211; Formule \u00e0 prise rapide et haute adh\u00e9rence<br \/>\n&#8211; Force de liaison sup\u00e9rieure<br \/>\n&#8211; Adh\u00e9rence sur surfaces non appr\u00eat\u00e9es<br \/>\n&#8211; Capacit\u00e9 de r\u00e9sistance tr\u00e8s \u00e9lev\u00e9e<br \/>\n&#8211; Technologie hybride de scellement de derni\u00e8re g\u00e9n\u00e9ration<\/p>\n<p>Formule sans solvant, faible en COV, faible en odeur, 100 % solide et respectueuse de l\u2019environnement.<\/p>\n","protected":false},"featured_media":1562,"comment_status":"closed","ping_status":"closed","template":"","meta":{"_acf_changed":false,"inline_featured_image":false},"product_brand":[],"product_cat":[98],"product_tag":[],"class_list":{"0":"post-2400","1":"product","2":"type-product","3":"status-publish","4":"has-post-thumbnail","6":"product_cat-general-hardware-and-components-fr","8":"first","9":"instock","10":"taxable","11":"shipping-taxable","12":"purchasable","13":"product-type-simple"},"acf":[],"yoast_head":"<!-- This site is optimized with the Yoast SEO Premium plugin v27.4 (Yoast SEO v27.4) - https:\/\/yoast.com\/product\/yoast-seo-premium-wordpress\/ -->\n<title>Mirror Adhesive Xtragrip - Glassupply (CA)<\/title>\n<meta name=\"robots\" content=\"index, follow, max-snippet:-1, max-image-preview:large, max-video-preview:-1\" \/>\n<link rel=\"canonical\" href=\"https:\/\/glassupply.com\/ca\/fr\/produit\/mirror-adhesive-xtragrip\/\" \/>\n<meta property=\"og:locale\" content=\"fr_CA\" \/>\n<meta property=\"og:type\" content=\"article\" \/>\n<meta property=\"og:title\" content=\"Mirror Adhesive Xtragrip\" \/>\n<meta property=\"og:description\" content=\"Mirro-Mastic\u00ae est la r\u00e9f\u00e9rence de l\u2019industrie en mati\u00e8re d\u2019adh\u00e9sif mastic de haute qualit\u00e9. Formul\u00e9 pour coller des miroirs en verre et en acrylique sur divers substrats, Mirro-Mastic a \u00e9t\u00e9 test\u00e9 sur le terrain et en laboratoire pour sa compatibilit\u00e9 avec toutes les grandes marques de miroirs et de peintures de fond.  Xtragrip est un produit exclusif de Bohle pour l\u2019installation et la fixation de miroirs, avec des caract\u00e9ristiques exceptionnelles, notamment :  - Formule \u00e0 prise rapide et haute adh\u00e9rence - Force de liaison sup\u00e9rieure - Adh\u00e9rence sur surfaces non appr\u00eat\u00e9es - Capacit\u00e9 de r\u00e9sistance tr\u00e8s \u00e9lev\u00e9e - Technologie hybride de scellement de derni\u00e8re g\u00e9n\u00e9ration  Formule sans solvant, faible en COV, faible en odeur, 100 % solide et respectueuse de l\u2019environnement.\" \/>\n<meta property=\"og:url\" content=\"https:\/\/glassupply.com\/ca\/fr\/produit\/mirror-adhesive-xtragrip\/\" \/>\n<meta property=\"og:site_name\" content=\"Glassupply (CA)\" \/>\n<meta property=\"article:publisher\" content=\"https:\/\/www.facebook.com\/glassupply.comCustomGlass\" \/>\n<meta property=\"article:modified_time\" content=\"2025-06-06T07:10:58+00:00\" \/>\n<meta property=\"og:image\" content=\"https:\/\/glassupply.com\/ca\/wp-content\/uploads\/sites\/5\/2023\/06\/Mirror-Adhesive.png\" \/>\n\t<meta property=\"og:image:width\" content=\"750\" \/>\n\t<meta property=\"og:image:height\" content=\"500\" \/>\n\t<meta property=\"og:image:type\" content=\"image\/png\" \/>\n<meta name=\"twitter:card\" content=\"summary_large_image\" \/>\n<meta name=\"twitter:label1\" content=\"Price\" \/>\n\t<meta name=\"twitter:data1\" content=\"&#036;22.00\" \/>\n\t<meta name=\"twitter:label2\" content=\"Availability\" \/>\n\t<meta name=\"twitter:data2\" content=\"In stock\" \/>\n<script type=\"application\/ld+json\" class=\"yoast-schema-graph\">{\"@context\":\"https:\\\/\\\/schema.org\",\"@graph\":[{\"@type\":\"WebPage\",\"@id\":\"https:\\\/\\\/glassupply.com\\\/ca\\\/fr\\\/produit\\\/mirror-adhesive-xtragrip\\\/\",\"url\":\"https:\\\/\\\/glassupply.com\\\/ca\\\/fr\\\/produit\\\/mirror-adhesive-xtragrip\\\/\",\"name\":\"Mirror Adhesive Xtragrip - Glassupply (CA)\",\"isPartOf\":{\"@id\":\"https:\\\/\\\/glassupply.com\\\/ca\\\/fr\\\/#website\"},\"primaryImageOfPage\":{\"@id\":\"https:\\\/\\\/glassupply.com\\\/ca\\\/fr\\\/produit\\\/mirror-adhesive-xtragrip\\\/#primaryimage\"},\"image\":{\"@id\":\"https:\\\/\\\/glassupply.com\\\/ca\\\/fr\\\/produit\\\/mirror-adhesive-xtragrip\\\/#primaryimage\"},\"thumbnailUrl\":\"https:\\\/\\\/glassupply.com\\\/ca\\\/wp-content\\\/uploads\\\/sites\\\/5\\\/2023\\\/06\\\/Mirror-Adhesive.png\",\"datePublished\":\"2023-06-28T14:25:54+00:00\",\"dateModified\":\"2025-06-06T07:10:58+00:00\",\"breadcrumb\":{\"@id\":\"https:\\\/\\\/glassupply.com\\\/ca\\\/fr\\\/produit\\\/mirror-adhesive-xtragrip\\\/#breadcrumb\"},\"inLanguage\":\"fr-FR\",\"potentialAction\":[{\"@type\":\"ReadAction\",\"target\":[\"https:\\\/\\\/glassupply.com\\\/ca\\\/fr\\\/produit\\\/mirror-adhesive-xtragrip\\\/\"]}]},{\"@type\":\"ImageObject\",\"inLanguage\":\"fr-FR\",\"@id\":\"https:\\\/\\\/glassupply.com\\\/ca\\\/fr\\\/produit\\\/mirror-adhesive-xtragrip\\\/#primaryimage\",\"url\":\"https:\\\/\\\/glassupply.com\\\/ca\\\/wp-content\\\/uploads\\\/sites\\\/5\\\/2023\\\/06\\\/Mirror-Adhesive.png\",\"contentUrl\":\"https:\\\/\\\/glassupply.com\\\/ca\\\/wp-content\\\/uploads\\\/sites\\\/5\\\/2023\\\/06\\\/Mirror-Adhesive.png\",\"width\":750,\"height\":500},{\"@type\":\"BreadcrumbList\",\"@id\":\"https:\\\/\\\/glassupply.com\\\/ca\\\/fr\\\/produit\\\/mirror-adhesive-xtragrip\\\/#breadcrumb\",\"itemListElement\":[{\"@type\":\"ListItem\",\"position\":1,\"name\":\"Home\",\"item\":\"https:\\\/\\\/glassupply.com\\\/ca\\\/fr\\\/\"},{\"@type\":\"ListItem\",\"position\":2,\"name\":\"Shop\",\"item\":\"https:\\\/\\\/glassupply.com\\\/ca\\\/fr\\\/shop\\\/\"},{\"@type\":\"ListItem\",\"position\":3,\"name\":\"Mirror Adhesive Xtragrip\"}]},{\"@type\":\"WebSite\",\"@id\":\"https:\\\/\\\/glassupply.com\\\/ca\\\/fr\\\/#website\",\"url\":\"https:\\\/\\\/glassupply.com\\\/ca\\\/fr\\\/\",\"name\":\"Glassupply.com\",\"description\":\"From the manufacturer to your doorstep\",\"publisher\":{\"@id\":\"https:\\\/\\\/glassupply.com\\\/ca\\\/fr\\\/#organization\"},\"potentialAction\":[{\"@type\":\"SearchAction\",\"target\":{\"@type\":\"EntryPoint\",\"urlTemplate\":\"https:\\\/\\\/glassupply.com\\\/ca\\\/fr\\\/?s={search_term_string}\"},\"query-input\":{\"@type\":\"PropertyValueSpecification\",\"valueRequired\":true,\"valueName\":\"search_term_string\"}}],\"inLanguage\":\"fr-FR\"},{\"@type\":[\"Organization\",\"Place\"],\"@id\":\"https:\\\/\\\/glassupply.com\\\/ca\\\/fr\\\/#organization\",\"name\":\"Glassupply.com\",\"url\":\"https:\\\/\\\/glassupply.com\\\/ca\\\/fr\\\/\",\"logo\":{\"@id\":\"https:\\\/\\\/glassupply.com\\\/ca\\\/fr\\\/produit\\\/mirror-adhesive-xtragrip\\\/#local-main-organization-logo\"},\"image\":{\"@id\":\"https:\\\/\\\/glassupply.com\\\/ca\\\/fr\\\/produit\\\/mirror-adhesive-xtragrip\\\/#local-main-organization-logo\"},\"sameAs\":[\"https:\\\/\\\/www.facebook.com\\\/glassupply.comCustomGlass\",\"https:\\\/\\\/www.youtube.com\\\/@Glassupply.comVideos\"],\"address\":{\"@id\":\"https:\\\/\\\/glassupply.com\\\/ca\\\/fr\\\/produit\\\/mirror-adhesive-xtragrip\\\/#local-main-place-address\"},\"geo\":{\"@type\":\"GeoCoordinates\",\"latitude\":\"45.752055926060365\",\"longitude\":\"-73.44333072883563\"},\"telephone\":[\"+1-888-225-4392\"],\"openingHoursSpecification\":[],\"email\":\"support@glassupply.com\"},{\"@type\":\"PostalAddress\",\"@id\":\"https:\\\/\\\/glassupply.com\\\/ca\\\/fr\\\/produit\\\/mirror-adhesive-xtragrip\\\/#local-main-place-address\",\"streetAddress\":\"80 Rue de Normandie\",\"addressLocality\":\"Repentigny\",\"postalCode\":\"J6A 4W2\",\"addressRegion\":\"Quebec (QC)\",\"addressCountry\":\"CA\"},{\"@type\":\"ImageObject\",\"inLanguage\":\"fr-FR\",\"@id\":\"https:\\\/\\\/glassupply.com\\\/ca\\\/fr\\\/produit\\\/mirror-adhesive-xtragrip\\\/#local-main-organization-logo\",\"url\":\"https:\\\/\\\/glassupply.com\\\/ca\\\/wp-content\\\/uploads\\\/sites\\\/5\\\/2023\\\/07\\\/logo.svg\",\"contentUrl\":\"https:\\\/\\\/glassupply.com\\\/ca\\\/wp-content\\\/uploads\\\/sites\\\/5\\\/2023\\\/07\\\/logo.svg\",\"width\":310,\"height\":24,\"caption\":\"Glassupply.com\"}]}<\/script>\n<meta property=\"product:price:amount\" content=\"22.00\" \/>\n<meta property=\"product:price:currency\" content=\"CAD\" \/>\n<meta property=\"og:availability\" content=\"instock\" \/>\n<meta property=\"product:availability\" content=\"instock\" \/>\n<meta property=\"product:retailer_item_id\" content=\"M-MI-GRIP\" \/>\n<meta property=\"product:condition\" content=\"new\" \/>\n<meta name=\"geo.placename\" content=\"Repentigny\" \/>\n<meta name=\"geo.position\" content=\"45.752055926060365;-73.44333072883563\" \/>\n<meta name=\"geo.region\" content=\"Canada\" \/>\n<!-- \/ Yoast SEO Premium plugin. -->","yoast_head_json":{"title":"Mirror Adhesive Xtragrip - Glassupply (CA)","robots":{"index":"index","follow":"follow","max-snippet":"max-snippet:-1","max-image-preview":"max-image-preview:large","max-video-preview":"max-video-preview:-1"},"canonical":"https:\/\/glassupply.com\/ca\/fr\/produit\/mirror-adhesive-xtragrip\/","og_locale":"fr_CA","og_type":"article","og_title":"Mirror Adhesive Xtragrip","og_description":"Mirro-Mastic\u00ae est la r\u00e9f\u00e9rence de l\u2019industrie en mati\u00e8re d\u2019adh\u00e9sif mastic de haute qualit\u00e9. Formul\u00e9 pour coller des miroirs en verre et en acrylique sur divers substrats, Mirro-Mastic a \u00e9t\u00e9 test\u00e9 sur le terrain et en laboratoire pour sa compatibilit\u00e9 avec toutes les grandes marques de miroirs et de peintures de fond.  Xtragrip est un produit exclusif de Bohle pour l\u2019installation et la fixation de miroirs, avec des caract\u00e9ristiques exceptionnelles, notamment :  - Formule \u00e0 prise rapide et haute adh\u00e9rence - Force de liaison sup\u00e9rieure - Adh\u00e9rence sur surfaces non appr\u00eat\u00e9es - Capacit\u00e9 de r\u00e9sistance tr\u00e8s \u00e9lev\u00e9e - Technologie hybride de scellement de derni\u00e8re g\u00e9n\u00e9ration  Formule sans solvant, faible en COV, faible en odeur, 100 % solide et respectueuse de l\u2019environnement.","og_url":"https:\/\/glassupply.com\/ca\/fr\/produit\/mirror-adhesive-xtragrip\/","og_site_name":"Glassupply (CA)","article_publisher":"https:\/\/www.facebook.com\/glassupply.comCustomGlass","article_modified_time":"2025-06-06T07:10:58+00:00","og_image":[{"width":750,"height":500,"url":"https:\/\/glassupply.com\/ca\/wp-content\/uploads\/sites\/5\/2023\/06\/Mirror-Adhesive.png","type":"image\/png"}],"twitter_card":"summary_large_image","twitter_misc":{"Price":"&#36;22.00","Availability":"In stock"},"schema":{"@context":"https:\/\/schema.org","@graph":[{"@type":"WebPage","@id":"https:\/\/glassupply.com\/ca\/fr\/produit\/mirror-adhesive-xtragrip\/","url":"https:\/\/glassupply.com\/ca\/fr\/produit\/mirror-adhesive-xtragrip\/","name":"Mirror Adhesive Xtragrip - Glassupply (CA)","isPartOf":{"@id":"https:\/\/glassupply.com\/ca\/fr\/#website"},"primaryImageOfPage":{"@id":"https:\/\/glassupply.com\/ca\/fr\/produit\/mirror-adhesive-xtragrip\/#primaryimage"},"image":{"@id":"https:\/\/glassupply.com\/ca\/fr\/produit\/mirror-adhesive-xtragrip\/#primaryimage"},"thumbnailUrl":"https:\/\/glassupply.com\/ca\/wp-content\/uploads\/sites\/5\/2023\/06\/Mirror-Adhesive.png","datePublished":"2023-06-28T14:25:54+00:00","dateModified":"2025-06-06T07:10:58+00:00","breadcrumb":{"@id":"https:\/\/glassupply.com\/ca\/fr\/produit\/mirror-adhesive-xtragrip\/#breadcrumb"},"inLanguage":"fr-FR","potentialAction":[{"@type":"ReadAction","target":["https:\/\/glassupply.com\/ca\/fr\/produit\/mirror-adhesive-xtragrip\/"]}]},{"@type":"ImageObject","inLanguage":"fr-FR","@id":"https:\/\/glassupply.com\/ca\/fr\/produit\/mirror-adhesive-xtragrip\/#primaryimage","url":"https:\/\/glassupply.com\/ca\/wp-content\/uploads\/sites\/5\/2023\/06\/Mirror-Adhesive.png","contentUrl":"https:\/\/glassupply.com\/ca\/wp-content\/uploads\/sites\/5\/2023\/06\/Mirror-Adhesive.png","width":750,"height":500},{"@type":"BreadcrumbList","@id":"https:\/\/glassupply.com\/ca\/fr\/produit\/mirror-adhesive-xtragrip\/#breadcrumb","itemListElement":[{"@type":"ListItem","position":1,"name":"Home","item":"https:\/\/glassupply.com\/ca\/fr\/"},{"@type":"ListItem","position":2,"name":"Shop","item":"https:\/\/glassupply.com\/ca\/fr\/shop\/"},{"@type":"ListItem","position":3,"name":"Mirror Adhesive Xtragrip"}]},{"@type":"WebSite","@id":"https:\/\/glassupply.com\/ca\/fr\/#website","url":"https:\/\/glassupply.com\/ca\/fr\/","name":"Glassupply.com","description":"From the manufacturer to your doorstep","publisher":{"@id":"https:\/\/glassupply.com\/ca\/fr\/#organization"},"potentialAction":[{"@type":"SearchAction","target":{"@type":"EntryPoint","urlTemplate":"https:\/\/glassupply.com\/ca\/fr\/?s={search_term_string}"},"query-input":{"@type":"PropertyValueSpecification","valueRequired":true,"valueName":"search_term_string"}}],"inLanguage":"fr-FR"},{"@type":["Organization","Place"],"@id":"https:\/\/glassupply.com\/ca\/fr\/#organization","name":"Glassupply.com","url":"https:\/\/glassupply.com\/ca\/fr\/","logo":{"@id":"https:\/\/glassupply.com\/ca\/fr\/produit\/mirror-adhesive-xtragrip\/#local-main-organization-logo"},"image":{"@id":"https:\/\/glassupply.com\/ca\/fr\/produit\/mirror-adhesive-xtragrip\/#local-main-organization-logo"},"sameAs":["https:\/\/www.facebook.com\/glassupply.comCustomGlass","https:\/\/www.youtube.com\/@Glassupply.comVideos"],"address":{"@id":"https:\/\/glassupply.com\/ca\/fr\/produit\/mirror-adhesive-xtragrip\/#local-main-place-address"},"geo":{"@type":"GeoCoordinates","latitude":"45.752055926060365","longitude":"-73.44333072883563"},"telephone":["+1-888-225-4392"],"openingHoursSpecification":[],"email":"support@glassupply.com"},{"@type":"PostalAddress","@id":"https:\/\/glassupply.com\/ca\/fr\/produit\/mirror-adhesive-xtragrip\/#local-main-place-address","streetAddress":"80 Rue de Normandie","addressLocality":"Repentigny","postalCode":"J6A 4W2","addressRegion":"Quebec (QC)","addressCountry":"CA"},{"@type":"ImageObject","inLanguage":"fr-FR","@id":"https:\/\/glassupply.com\/ca\/fr\/produit\/mirror-adhesive-xtragrip\/#local-main-organization-logo","url":"https:\/\/glassupply.com\/ca\/wp-content\/uploads\/sites\/5\/2023\/07\/logo.svg","contentUrl":"https:\/\/glassupply.com\/ca\/wp-content\/uploads\/sites\/5\/2023\/07\/logo.svg","width":310,"height":24,"caption":"Glassupply.com"}]},"product_price_amount":"22.00","product_price_currency":"CAD","og_availability":"instock","product_availability":"instock","product_retailer_item_id":"M-MI-GRIP","product_condition":"new","geo.placename":"Repentigny","geo.position":{"lat":"45.752055926060365","long":"-73.44333072883563"},"geo.region":"Canada"},"_links":{"self":[{"href":"https:\/\/glassupply.com\/ca\/fr\/wp-json\/wp\/v2\/product\/2400","targetHints":{"allow":["GET"]}}],"collection":[{"href":"https:\/\/glassupply.com\/ca\/fr\/wp-json\/wp\/v2\/product"}],"about":[{"href":"https:\/\/glassupply.com\/ca\/fr\/wp-json\/wp\/v2\/types\/product"}],"replies":[{"embeddable":true,"href":"https:\/\/glassupply.com\/ca\/fr\/wp-json\/wp\/v2\/comments?post=2400"}],"wp:featuredmedia":[{"embeddable":true,"href":"https:\/\/glassupply.com\/ca\/fr\/wp-json\/wp\/v2\/media\/1562"}],"wp:attachment":[{"href":"https:\/\/glassupply.com\/ca\/fr\/wp-json\/wp\/v2\/media?parent=2400"}],"wp:term":[{"taxonomy":"product_brand","embeddable":true,"href":"https:\/\/glassupply.com\/ca\/fr\/wp-json\/wp\/v2\/product_brand?post=2400"},{"taxonomy":"product_cat","embeddable":true,"href":"https:\/\/glassupply.com\/ca\/fr\/wp-json\/wp\/v2\/product_cat?post=2400"},{"taxonomy":"product_tag","embeddable":true,"href":"https:\/\/glassupply.com\/ca\/fr\/wp-json\/wp\/v2\/product_tag?post=2400"}],"curies":[{"name":"wp","href":"https:\/\/api.w.org\/{rel}","templated":true}]}}