{"id":2419,"date":"2023-06-28T09:25:54","date_gmt":"2023-06-28T09:25:54","guid":{"rendered":"https:\/\/staging.glassupply.com\/ca\/product\/gs-2205-duplex-stainless-steel-surface-mount-spigot\/"},"modified":"2025-06-05T08:46:33","modified_gmt":"2025-06-05T13:46:33","slug":"gs-2205-duplex-stainless-steel-surface-mount-spigot","status":"publish","type":"product","link":"https:\/\/glassupply.com\/ca\/fr\/produit\/gs-2205-duplex-stainless-steel-surface-mount-spigot\/","title":{"rendered":"GS 2205 Duplex Stainless-Steel Surface Mount Spigot"},"content":{"rendered":"","protected":false},"excerpt":{"rendered":"<p><strong>Pr\u00e9sentation de notre support de fixation de surface GS 2205 en acier inoxydable duplex avec vis de r\u00e9glage de niveau, con\u00e7u pour simplifier l\u2019installation de panneaux en verre, y compris sur des surfaces horizontales in\u00e9gales.<\/strong><\/p>\n<p><span style=\"font-weight: 400;\">Notre kit de support de fixation de surface comprend plusieurs inserts d\u2019\u00e9paisseur de joint d\u2019\u00e9tanch\u00e9it\u00e9 pouvant accueillir des panneaux en verre allant de <\/span><b>\u215c\u201d (10 mm) \u00e0 9\/16\u201d (13,5 mm) d\u2019\u00e9paisseur.<\/b><\/p>\n<p><span style=\"font-weight: 400;\">Notre fente en U agrandie, con\u00e7ue de mani\u00e8re unique, distingue notre support des autres sur le march\u00e9 en rendant l\u2019installation plus facile que jamais. Avec la <\/span><b>fente \u00e9largie<\/b><span style=\"font-weight: 400;\">, l\u2019alignement devient un jeu d\u2019enfant. Il suffit d\u2019ins\u00e9rer le verre et d\u2019ajuster selon les besoins, en utilisant le joint fourni. (Pour un verre de 12 mm, un seul joint est n\u00e9cessaire.) Ensuite, serrez la vis Allen en place.<\/span><\/p>\n<p><span style=\"font-weight: 400;\">L\u2019ajout d\u2019une <\/span><b>fonction de mise \u00e0 la terre<\/b><span style=\"font-weight: 400;\"> \u00e0 la base du support garantit la conformit\u00e9 avec les exigences sp\u00e9cifiques de mise \u00e0 la terre des juridictions.<\/span><\/p>\n<p><span style=\"font-weight: 400;\">\u00c9quip\u00e9 de quatre vis de r\u00e9glage de nivellement et d\u2019une plaque en acier inoxydable, ce support facilite l\u2019alignement et le nivellement de plusieurs panneaux en verre sans effort. Notre nouvelle plaque de pression r\u00e9glable simplifie la plomberie du verre \u2013 serrez la vis sup\u00e9rieure pour incliner le verre vers l\u2019int\u00e9rieur et la vis inf\u00e9rieure pour l\u2019incliner vers l\u2019ext\u00e9rieur.<\/span><\/p>\n<p><span style=\"font-weight: 400;\">De plus, la rampe peut \u00eatre cal\u00e9e au niveau du verre pour un r\u00e9glage de la hauteur.<\/span><b> Chaque kit comprend des cales de r\u00e9glage<\/b><span style=\"font-weight: 400;\">, permettant un ajustement du verre jusqu\u2019\u00e0 \u00bd\u201d en hauteur.<\/span><\/p>\n<p><span style=\"font-weight: 400;\">Fabriqu\u00e9 avec l\u2019alliage en acier inoxydable duplex 2205 de la plus haute qualit\u00e9, cet alliage marin anti-corrosion est reconnu pour sa r\u00e9sistance sup\u00e9rieure et sa r\u00e9sistance \u00e0 la corrosion dans les environnements ext\u00e9rieurs s\u00e9v\u00e8res. Nous sommes fiers de fournir uniquement la meilleure qualit\u00e9 d\u2019acier inoxydable sur le march\u00e9. Notre alliage en acier inoxydable duplex 2205, alli\u00e9 \u00e0 22 % de chrome, 3 % de molybd\u00e8ne et 5 \u00e0 6 % de nickel, offre une r\u00e9sistance sup\u00e9rieure \u00e0 la corrosion et plus du double de la limite d\u2019\u00e9lasticit\u00e9 de l\u2019acier inoxydable aust\u00e9nitique standard.<\/span><\/p>\n<p><span style=\"font-weight: 400;\">Nos syst\u00e8mes de garde-corps en verre sans cadre sont con\u00e7us pour offrir une s\u00e9curit\u00e9 maximale, et nous avons pris toutes les mesures pour garantir qu\u2019ils respectent ou d\u00e9passent les normes d\u2019ing\u00e9nierie les plus strictes. Le support GS 2205 en acier inoxydable duplex avec vis de r\u00e9glage de niveau a subi des tests rigoureux et a r\u00e9ussi les tests de charge selon plusieurs codes du b\u00e2timent. Vous pouvez avoir confiance en la qualit\u00e9 et la fiabilit\u00e9 de nos produits. Contactez-nous d\u00e8s aujourd\u2019hui pour plus d\u2019informations et faites le premier pas vers la mise \u00e0 niveau de votre syst\u00e8me de garde-corps vers le plus haut niveau de s\u00e9curit\u00e9.<\/span><\/p>\n<p><span style=\"font-weight: 400;\">Choisissez une finition en acier inoxydable poli (bross\u00e9) ou une finition mate noire lisse, appliqu\u00e9e par poudrage \u00e9lectrostatique et cuite au four pour une surface r\u00e9sistante aux rayures et prot\u00e9g\u00e9e contre les intemp\u00e9ries. Id\u00e9al pour les applications int\u00e9rieures et ext\u00e9rieures, il offre une excellente r\u00e9sistance \u00e0 la corrosion, ce qui le rend parfait pour les structures expos\u00e9es \u00e0 un fort degr\u00e9 de corrosion, telles que les r\u00e9gions c\u00f4ti\u00e8res et les environnements de piscines.<\/span><\/p>\n<p><span style=\"font-weight: 400;\">Am\u00e9liorez l\u2019installation de vos panneaux en verre avec notre support de fixation de surface GS 2205 en acier inoxydable duplex avec vis de r\u00e9glage de niveau, la combinaison parfaite de fonctionnalit\u00e9 et de style.<\/span><\/p>\n<h2><b>SP\u00c9CIFICATIONS TECHNIQUES<\/b><\/h2>\n<table>\n<tbody>\n<tr>\n<td><b>\u00c9paisseur du verre de s\u00e9curit\u00e9<\/b><\/td>\n<td><span style=\"font-weight: 400;\">Panneaux en verre de 3\/8\u201d (10 mm) \u00e0 9\/16\u201d (13,5 mm)<\/span><\/td>\n<\/tr>\n<tr>\n<td><b>Couleur\/Finition<\/b><\/td>\n<td><span style=\"font-weight: 400;\">Acier inoxydable poli, Noir mat<\/span><\/td>\n<\/tr>\n<tr>\n<td><b>Mat\u00e9riau de fabrication<\/b><\/td>\n<td><span style=\"font-weight: 400;\">Acier inoxydable duplex 2205<\/span><\/td>\n<\/tr>\n<tr>\n<td><b>Usage recommand\u00e9<\/b><\/td>\n<td><span style=\"font-weight: 400;\">Int\u00e9rieur, Ext\u00e9rieur<\/span><\/td>\n<\/tr>\n<\/tbody>\n<\/table>\n","protected":false},"featured_media":5810,"comment_status":"closed","ping_status":"closed","template":"","meta":{"_acf_changed":false,"inline_featured_image":false},"product_brand":[],"product_cat":[71,130],"product_tag":[],"class_list":{"0":"post-2419","1":"product","2":"type-product","3":"status-publish","4":"has-post-thumbnail","6":"product_cat-glass-fence-railing-hardware-fr","7":"product_cat-railing-system-fr","9":"first","10":"instock","11":"taxable","12":"shipping-taxable","13":"purchasable","14":"product-type-variable","15":"has-default-attributes"},"acf":[],"yoast_head":"<!-- This site is optimized with the Yoast SEO plugin v26.9 - https:\/\/yoast.com\/product\/yoast-seo-wordpress\/ -->\n<title>GS 2205 Duplex Stainless-Steel Surface Mount Spigot - Glassupply (CA)<\/title>\n<meta name=\"robots\" content=\"index, follow, max-snippet:-1, max-image-preview:large, max-video-preview:-1\" \/>\n<link rel=\"canonical\" href=\"https:\/\/glassupply.com\/ca\/fr\/produit\/gs-2205-duplex-stainless-steel-surface-mount-spigot\/\" \/>\n<meta property=\"og:locale\" content=\"fr_CA\" \/>\n<meta property=\"og:type\" content=\"article\" \/>\n<meta property=\"og:title\" content=\"GS 2205 Duplex Stainless-Steel Surface Mount Spigot - Glassupply (CA)\" \/>\n<meta property=\"og:description\" content=\"Pr\u00e9sentation de notre support de fixation de surface GS 2205 en acier inoxydable duplex avec vis de r\u00e9glage de niveau, con\u00e7u pour simplifier l\u2019installation de panneaux en verre, y compris sur des surfaces horizontales in\u00e9gales.  Notre kit de support de fixation de surface comprend plusieurs inserts d\u2019\u00e9paisseur de joint d\u2019\u00e9tanch\u00e9it\u00e9 pouvant accueillir des panneaux en verre allant de \u215c\u201d (10 mm) \u00e0 9\/16\u201d (13,5 mm) d\u2019\u00e9paisseur.  Notre fente en U agrandie, con\u00e7ue de mani\u00e8re unique, distingue notre support des autres sur le march\u00e9 en rendant l\u2019installation plus facile que jamais. Avec la fente \u00e9largie, l\u2019alignement devient un jeu d\u2019enfant. Il suffit d\u2019ins\u00e9rer le verre et d\u2019ajuster selon les besoins, en utilisant le joint fourni. (Pour un verre de 12 mm, un seul joint est n\u00e9cessaire.) Ensuite, serrez la vis Allen en place.  L\u2019ajout d\u2019une fonction de mise \u00e0 la terre \u00e0 la base du support garantit la conformit\u00e9 avec les exigences sp\u00e9cifiques de mise \u00e0 la terre des juridictions.  \u00c9quip\u00e9 de quatre vis de r\u00e9glage de nivellement et d\u2019une plaque en acier inoxydable, ce support facilite l\u2019alignement et le nivellement de plusieurs panneaux en verre sans effort. Notre nouvelle plaque de pression r\u00e9glable simplifie la plomberie du verre \u2013 serrez la vis sup\u00e9rieure pour incliner le verre vers l\u2019int\u00e9rieur et la vis inf\u00e9rieure pour l\u2019incliner vers l\u2019ext\u00e9rieur.  De plus, la rampe peut \u00eatre cal\u00e9e au niveau du verre pour un r\u00e9glage de la hauteur. Chaque kit comprend des cales de r\u00e9glage, permettant un ajustement du verre jusqu\u2019\u00e0 \u00bd\u201d en hauteur.  Fabriqu\u00e9 avec l\u2019alliage en acier inoxydable duplex 2205 de la plus haute qualit\u00e9, cet alliage marin anti-corrosion est reconnu pour sa r\u00e9sistance sup\u00e9rieure et sa r\u00e9sistance \u00e0 la corrosion dans les environnements ext\u00e9rieurs s\u00e9v\u00e8res. Nous sommes fiers de fournir uniquement la meilleure qualit\u00e9 d\u2019acier inoxydable sur le march\u00e9. Notre alliage en acier inoxydable duplex 2205, alli\u00e9 \u00e0 22 % de chrome, 3 % de molybd\u00e8ne et 5 \u00e0 6 % de nickel, offre une r\u00e9sistance sup\u00e9rieure \u00e0 la corrosion et plus du double de la limite d\u2019\u00e9lasticit\u00e9 de l\u2019acier inoxydable aust\u00e9nitique standard.  Nos syst\u00e8mes de garde-corps en verre sans cadre sont con\u00e7us pour offrir une s\u00e9curit\u00e9 maximale, et nous avons pris toutes les mesures pour garantir qu\u2019ils respectent ou d\u00e9passent les normes d\u2019ing\u00e9nierie les plus strictes. Le support GS 2205 en acier inoxydable duplex avec vis de r\u00e9glage de niveau a subi des tests rigoureux et a r\u00e9ussi les tests de charge selon plusieurs codes du b\u00e2timent. Vous pouvez avoir confiance en la qualit\u00e9 et la fiabilit\u00e9 de nos produits. Contactez-nous d\u00e8s aujourd\u2019hui pour plus d\u2019informations et faites le premier pas vers la mise \u00e0 niveau de votre syst\u00e8me de garde-corps vers le plus haut niveau de s\u00e9curit\u00e9.  Choisissez une finition en acier inoxydable poli (bross\u00e9) ou une finition mate noire lisse, appliqu\u00e9e par poudrage \u00e9lectrostatique et cuite au four pour une surface r\u00e9sistante aux rayures et prot\u00e9g\u00e9e contre les intemp\u00e9ries. Id\u00e9al pour les applications int\u00e9rieures et ext\u00e9rieures, il offre une excellente r\u00e9sistance \u00e0 la corrosion, ce qui le rend parfait pour les structures expos\u00e9es \u00e0 un fort degr\u00e9 de corrosion, telles que les r\u00e9gions c\u00f4ti\u00e8res et les environnements de piscines.  Am\u00e9liorez l\u2019installation de vos panneaux en verre avec notre support de fixation de surface GS 2205 en acier inoxydable duplex avec vis de r\u00e9glage de niveau, la combinaison parfaite de fonctionnalit\u00e9 et de style. SP\u00c9CIFICATIONS TECHNIQUES    \u00c9paisseur du verre de s\u00e9curit\u00e9 Panneaux en verre de 3\/8\u201d (10 mm) \u00e0 9\/16\u201d (13,5 mm)   Couleur\/Finition Acier inoxydable poli, Noir mat   Mat\u00e9riau de fabrication Acier inoxydable duplex 2205   Usage recommand\u00e9 Int\u00e9rieur, Ext\u00e9rieur\" \/>\n<meta property=\"og:url\" content=\"https:\/\/glassupply.com\/ca\/fr\/produit\/gs-2205-duplex-stainless-steel-surface-mount-spigot\/\" \/>\n<meta property=\"og:site_name\" content=\"Glassupply (CA)\" \/>\n<meta property=\"article:modified_time\" content=\"2025-06-05T13:46:33+00:00\" \/>\n<meta property=\"og:image\" content=\"https:\/\/glassupply.com\/ca\/wp-content\/uploads\/sites\/5\/2023\/06\/R-SP-2205-1SS_2-1.webp\" \/>\n\t<meta property=\"og:image:width\" content=\"2000\" \/>\n\t<meta property=\"og:image:height\" content=\"2000\" \/>\n\t<meta property=\"og:image:type\" content=\"image\/webp\" \/>\n<meta name=\"twitter:card\" content=\"summary_large_image\" \/>\n<meta name=\"twitter:label1\" content=\"Est. reading time\" \/>\n\t<meta name=\"twitter:data1\" content=\"1 minute\" \/>\n<script type=\"application\/ld+json\" class=\"yoast-schema-graph\">{\"@context\":\"https:\/\/schema.org\",\"@graph\":[{\"@type\":\"WebPage\",\"@id\":\"https:\/\/glassupply.com\/ca\/fr\/produit\/gs-2205-duplex-stainless-steel-surface-mount-spigot\/\",\"url\":\"https:\/\/glassupply.com\/ca\/fr\/produit\/gs-2205-duplex-stainless-steel-surface-mount-spigot\/\",\"name\":\"GS 2205 Duplex Stainless-Steel Surface Mount Spigot - Glassupply (CA)\",\"isPartOf\":{\"@id\":\"https:\/\/glassupply.com\/ca\/fr\/#website\"},\"primaryImageOfPage\":{\"@id\":\"https:\/\/glassupply.com\/ca\/fr\/produit\/gs-2205-duplex-stainless-steel-surface-mount-spigot\/#primaryimage\"},\"image\":{\"@id\":\"https:\/\/glassupply.com\/ca\/fr\/produit\/gs-2205-duplex-stainless-steel-surface-mount-spigot\/#primaryimage\"},\"thumbnailUrl\":\"https:\/\/glassupply.com\/ca\/wp-content\/uploads\/sites\/5\/2023\/06\/R-SP-2205-1SS_2-1.webp\",\"datePublished\":\"2023-06-28T09:25:54+00:00\",\"dateModified\":\"2025-06-05T13:46:33+00:00\",\"breadcrumb\":{\"@id\":\"https:\/\/glassupply.com\/ca\/fr\/produit\/gs-2205-duplex-stainless-steel-surface-mount-spigot\/#breadcrumb\"},\"inLanguage\":\"fr-FR\",\"potentialAction\":[{\"@type\":\"ReadAction\",\"target\":[\"https:\/\/glassupply.com\/ca\/fr\/produit\/gs-2205-duplex-stainless-steel-surface-mount-spigot\/\"]}]},{\"@type\":\"ImageObject\",\"inLanguage\":\"fr-FR\",\"@id\":\"https:\/\/glassupply.com\/ca\/fr\/produit\/gs-2205-duplex-stainless-steel-surface-mount-spigot\/#primaryimage\",\"url\":\"https:\/\/glassupply.com\/ca\/wp-content\/uploads\/sites\/5\/2023\/06\/R-SP-2205-1SS_2-1.webp\",\"contentUrl\":\"https:\/\/glassupply.com\/ca\/wp-content\/uploads\/sites\/5\/2023\/06\/R-SP-2205-1SS_2-1.webp\",\"width\":2000,\"height\":2000},{\"@type\":\"BreadcrumbList\",\"@id\":\"https:\/\/glassupply.com\/ca\/fr\/produit\/gs-2205-duplex-stainless-steel-surface-mount-spigot\/#breadcrumb\",\"itemListElement\":[{\"@type\":\"ListItem\",\"position\":1,\"name\":\"Home\",\"item\":\"https:\/\/glassupply.com\/ca\/fr\/\"},{\"@type\":\"ListItem\",\"position\":2,\"name\":\"Shop\",\"item\":\"https:\/\/glassupply.com\/ca\/fr\/shop\/\"},{\"@type\":\"ListItem\",\"position\":3,\"name\":\"GS 2205 Duplex Stainless-Steel Surface Mount Spigot\"}]},{\"@type\":\"WebSite\",\"@id\":\"https:\/\/glassupply.com\/ca\/fr\/#website\",\"url\":\"https:\/\/glassupply.com\/ca\/fr\/\",\"name\":\"Glassupply.com\",\"description\":\"From the manufacturer to your doorstep\",\"publisher\":{\"@id\":\"https:\/\/glassupply.com\/ca\/fr\/#organization\"},\"potentialAction\":[{\"@type\":\"SearchAction\",\"target\":{\"@type\":\"EntryPoint\",\"urlTemplate\":\"https:\/\/glassupply.com\/ca\/fr\/?s={search_term_string}\"},\"query-input\":{\"@type\":\"PropertyValueSpecification\",\"valueRequired\":true,\"valueName\":\"search_term_string\"}}],\"inLanguage\":\"fr-FR\"},{\"@type\":\"Organization\",\"@id\":\"https:\/\/glassupply.com\/ca\/fr\/#organization\",\"name\":\"Glassupply.com\",\"url\":\"https:\/\/glassupply.com\/ca\/fr\/\",\"logo\":{\"@type\":\"ImageObject\",\"inLanguage\":\"fr-FR\",\"@id\":\"https:\/\/glassupply.com\/ca\/fr\/#\/schema\/logo\/image\/\",\"url\":\"https:\/\/staging.glassupply.com\/ca\/wp-content\/uploads\/sites\/5\/2023\/07\/logo.svg\",\"contentUrl\":\"https:\/\/staging.glassupply.com\/ca\/wp-content\/uploads\/sites\/5\/2023\/07\/logo.svg\",\"width\":310,\"height\":24,\"caption\":\"Glassupply.com\"},\"image\":{\"@id\":\"https:\/\/glassupply.com\/ca\/fr\/#\/schema\/logo\/image\/\"}}]}<\/script>\n<!-- \/ Yoast SEO plugin. -->","yoast_head_json":{"title":"GS 2205 Duplex Stainless-Steel Surface Mount Spigot - Glassupply (CA)","robots":{"index":"index","follow":"follow","max-snippet":"max-snippet:-1","max-image-preview":"max-image-preview:large","max-video-preview":"max-video-preview:-1"},"canonical":"https:\/\/glassupply.com\/ca\/fr\/produit\/gs-2205-duplex-stainless-steel-surface-mount-spigot\/","og_locale":"fr_CA","og_type":"article","og_title":"GS 2205 Duplex Stainless-Steel Surface Mount Spigot - Glassupply (CA)","og_description":"Pr\u00e9sentation de notre support de fixation de surface GS 2205 en acier inoxydable duplex avec vis de r\u00e9glage de niveau, con\u00e7u pour simplifier l\u2019installation de panneaux en verre, y compris sur des surfaces horizontales in\u00e9gales.  Notre kit de support de fixation de surface comprend plusieurs inserts d\u2019\u00e9paisseur de joint d\u2019\u00e9tanch\u00e9it\u00e9 pouvant accueillir des panneaux en verre allant de \u215c\u201d (10 mm) \u00e0 9\/16\u201d (13,5 mm) d\u2019\u00e9paisseur.  Notre fente en U agrandie, con\u00e7ue de mani\u00e8re unique, distingue notre support des autres sur le march\u00e9 en rendant l\u2019installation plus facile que jamais. Avec la fente \u00e9largie, l\u2019alignement devient un jeu d\u2019enfant. Il suffit d\u2019ins\u00e9rer le verre et d\u2019ajuster selon les besoins, en utilisant le joint fourni. (Pour un verre de 12 mm, un seul joint est n\u00e9cessaire.) Ensuite, serrez la vis Allen en place.  L\u2019ajout d\u2019une fonction de mise \u00e0 la terre \u00e0 la base du support garantit la conformit\u00e9 avec les exigences sp\u00e9cifiques de mise \u00e0 la terre des juridictions.  \u00c9quip\u00e9 de quatre vis de r\u00e9glage de nivellement et d\u2019une plaque en acier inoxydable, ce support facilite l\u2019alignement et le nivellement de plusieurs panneaux en verre sans effort. Notre nouvelle plaque de pression r\u00e9glable simplifie la plomberie du verre \u2013 serrez la vis sup\u00e9rieure pour incliner le verre vers l\u2019int\u00e9rieur et la vis inf\u00e9rieure pour l\u2019incliner vers l\u2019ext\u00e9rieur.  De plus, la rampe peut \u00eatre cal\u00e9e au niveau du verre pour un r\u00e9glage de la hauteur. Chaque kit comprend des cales de r\u00e9glage, permettant un ajustement du verre jusqu\u2019\u00e0 \u00bd\u201d en hauteur.  Fabriqu\u00e9 avec l\u2019alliage en acier inoxydable duplex 2205 de la plus haute qualit\u00e9, cet alliage marin anti-corrosion est reconnu pour sa r\u00e9sistance sup\u00e9rieure et sa r\u00e9sistance \u00e0 la corrosion dans les environnements ext\u00e9rieurs s\u00e9v\u00e8res. Nous sommes fiers de fournir uniquement la meilleure qualit\u00e9 d\u2019acier inoxydable sur le march\u00e9. Notre alliage en acier inoxydable duplex 2205, alli\u00e9 \u00e0 22 % de chrome, 3 % de molybd\u00e8ne et 5 \u00e0 6 % de nickel, offre une r\u00e9sistance sup\u00e9rieure \u00e0 la corrosion et plus du double de la limite d\u2019\u00e9lasticit\u00e9 de l\u2019acier inoxydable aust\u00e9nitique standard.  Nos syst\u00e8mes de garde-corps en verre sans cadre sont con\u00e7us pour offrir une s\u00e9curit\u00e9 maximale, et nous avons pris toutes les mesures pour garantir qu\u2019ils respectent ou d\u00e9passent les normes d\u2019ing\u00e9nierie les plus strictes. Le support GS 2205 en acier inoxydable duplex avec vis de r\u00e9glage de niveau a subi des tests rigoureux et a r\u00e9ussi les tests de charge selon plusieurs codes du b\u00e2timent. Vous pouvez avoir confiance en la qualit\u00e9 et la fiabilit\u00e9 de nos produits. Contactez-nous d\u00e8s aujourd\u2019hui pour plus d\u2019informations et faites le premier pas vers la mise \u00e0 niveau de votre syst\u00e8me de garde-corps vers le plus haut niveau de s\u00e9curit\u00e9.  Choisissez une finition en acier inoxydable poli (bross\u00e9) ou une finition mate noire lisse, appliqu\u00e9e par poudrage \u00e9lectrostatique et cuite au four pour une surface r\u00e9sistante aux rayures et prot\u00e9g\u00e9e contre les intemp\u00e9ries. Id\u00e9al pour les applications int\u00e9rieures et ext\u00e9rieures, il offre une excellente r\u00e9sistance \u00e0 la corrosion, ce qui le rend parfait pour les structures expos\u00e9es \u00e0 un fort degr\u00e9 de corrosion, telles que les r\u00e9gions c\u00f4ti\u00e8res et les environnements de piscines.  Am\u00e9liorez l\u2019installation de vos panneaux en verre avec notre support de fixation de surface GS 2205 en acier inoxydable duplex avec vis de r\u00e9glage de niveau, la combinaison parfaite de fonctionnalit\u00e9 et de style. SP\u00c9CIFICATIONS TECHNIQUES    \u00c9paisseur du verre de s\u00e9curit\u00e9 Panneaux en verre de 3\/8\u201d (10 mm) \u00e0 9\/16\u201d (13,5 mm)   Couleur\/Finition Acier inoxydable poli, Noir mat   Mat\u00e9riau de fabrication Acier inoxydable duplex 2205   Usage recommand\u00e9 Int\u00e9rieur, Ext\u00e9rieur","og_url":"https:\/\/glassupply.com\/ca\/fr\/produit\/gs-2205-duplex-stainless-steel-surface-mount-spigot\/","og_site_name":"Glassupply (CA)","article_modified_time":"2025-06-05T13:46:33+00:00","og_image":[{"width":2000,"height":2000,"url":"https:\/\/glassupply.com\/ca\/wp-content\/uploads\/sites\/5\/2023\/06\/R-SP-2205-1SS_2-1.webp","type":"image\/webp"}],"twitter_card":"summary_large_image","twitter_misc":{"Est. reading time":"1 minute"},"schema":{"@context":"https:\/\/schema.org","@graph":[{"@type":"WebPage","@id":"https:\/\/glassupply.com\/ca\/fr\/produit\/gs-2205-duplex-stainless-steel-surface-mount-spigot\/","url":"https:\/\/glassupply.com\/ca\/fr\/produit\/gs-2205-duplex-stainless-steel-surface-mount-spigot\/","name":"GS 2205 Duplex Stainless-Steel Surface Mount Spigot - Glassupply (CA)","isPartOf":{"@id":"https:\/\/glassupply.com\/ca\/fr\/#website"},"primaryImageOfPage":{"@id":"https:\/\/glassupply.com\/ca\/fr\/produit\/gs-2205-duplex-stainless-steel-surface-mount-spigot\/#primaryimage"},"image":{"@id":"https:\/\/glassupply.com\/ca\/fr\/produit\/gs-2205-duplex-stainless-steel-surface-mount-spigot\/#primaryimage"},"thumbnailUrl":"https:\/\/glassupply.com\/ca\/wp-content\/uploads\/sites\/5\/2023\/06\/R-SP-2205-1SS_2-1.webp","datePublished":"2023-06-28T09:25:54+00:00","dateModified":"2025-06-05T13:46:33+00:00","breadcrumb":{"@id":"https:\/\/glassupply.com\/ca\/fr\/produit\/gs-2205-duplex-stainless-steel-surface-mount-spigot\/#breadcrumb"},"inLanguage":"fr-FR","potentialAction":[{"@type":"ReadAction","target":["https:\/\/glassupply.com\/ca\/fr\/produit\/gs-2205-duplex-stainless-steel-surface-mount-spigot\/"]}]},{"@type":"ImageObject","inLanguage":"fr-FR","@id":"https:\/\/glassupply.com\/ca\/fr\/produit\/gs-2205-duplex-stainless-steel-surface-mount-spigot\/#primaryimage","url":"https:\/\/glassupply.com\/ca\/wp-content\/uploads\/sites\/5\/2023\/06\/R-SP-2205-1SS_2-1.webp","contentUrl":"https:\/\/glassupply.com\/ca\/wp-content\/uploads\/sites\/5\/2023\/06\/R-SP-2205-1SS_2-1.webp","width":2000,"height":2000},{"@type":"BreadcrumbList","@id":"https:\/\/glassupply.com\/ca\/fr\/produit\/gs-2205-duplex-stainless-steel-surface-mount-spigot\/#breadcrumb","itemListElement":[{"@type":"ListItem","position":1,"name":"Home","item":"https:\/\/glassupply.com\/ca\/fr\/"},{"@type":"ListItem","position":2,"name":"Shop","item":"https:\/\/glassupply.com\/ca\/fr\/shop\/"},{"@type":"ListItem","position":3,"name":"GS 2205 Duplex Stainless-Steel Surface Mount Spigot"}]},{"@type":"WebSite","@id":"https:\/\/glassupply.com\/ca\/fr\/#website","url":"https:\/\/glassupply.com\/ca\/fr\/","name":"Glassupply.com","description":"From the manufacturer to your doorstep","publisher":{"@id":"https:\/\/glassupply.com\/ca\/fr\/#organization"},"potentialAction":[{"@type":"SearchAction","target":{"@type":"EntryPoint","urlTemplate":"https:\/\/glassupply.com\/ca\/fr\/?s={search_term_string}"},"query-input":{"@type":"PropertyValueSpecification","valueRequired":true,"valueName":"search_term_string"}}],"inLanguage":"fr-FR"},{"@type":"Organization","@id":"https:\/\/glassupply.com\/ca\/fr\/#organization","name":"Glassupply.com","url":"https:\/\/glassupply.com\/ca\/fr\/","logo":{"@type":"ImageObject","inLanguage":"fr-FR","@id":"https:\/\/glassupply.com\/ca\/fr\/#\/schema\/logo\/image\/","url":"https:\/\/staging.glassupply.com\/ca\/wp-content\/uploads\/sites\/5\/2023\/07\/logo.svg","contentUrl":"https:\/\/staging.glassupply.com\/ca\/wp-content\/uploads\/sites\/5\/2023\/07\/logo.svg","width":310,"height":24,"caption":"Glassupply.com"},"image":{"@id":"https:\/\/glassupply.com\/ca\/fr\/#\/schema\/logo\/image\/"}}]}},"_links":{"self":[{"href":"https:\/\/glassupply.com\/ca\/fr\/wp-json\/wp\/v2\/product\/2419","targetHints":{"allow":["GET"]}}],"collection":[{"href":"https:\/\/glassupply.com\/ca\/fr\/wp-json\/wp\/v2\/product"}],"about":[{"href":"https:\/\/glassupply.com\/ca\/fr\/wp-json\/wp\/v2\/types\/product"}],"replies":[{"embeddable":true,"href":"https:\/\/glassupply.com\/ca\/fr\/wp-json\/wp\/v2\/comments?post=2419"}],"wp:featuredmedia":[{"embeddable":true,"href":"https:\/\/glassupply.com\/ca\/fr\/wp-json\/wp\/v2\/media\/5810"}],"wp:attachment":[{"href":"https:\/\/glassupply.com\/ca\/fr\/wp-json\/wp\/v2\/media?parent=2419"}],"wp:term":[{"taxonomy":"product_brand","embeddable":true,"href":"https:\/\/glassupply.com\/ca\/fr\/wp-json\/wp\/v2\/product_brand?post=2419"},{"taxonomy":"product_cat","embeddable":true,"href":"https:\/\/glassupply.com\/ca\/fr\/wp-json\/wp\/v2\/product_cat?post=2419"},{"taxonomy":"product_tag","embeddable":true,"href":"https:\/\/glassupply.com\/ca\/fr\/wp-json\/wp\/v2\/product_tag?post=2419"}],"curies":[{"name":"wp","href":"https:\/\/api.w.org\/{rel}","templated":true}]}}