{"id":2431,"date":"2023-06-28T09:25:54","date_gmt":"2023-06-28T14:25:54","guid":{"rendered":"https:\/\/staging.glassupply.com\/ca\/product\/square-glass-to-wall-railing-clamp\/"},"modified":"2025-10-20T01:30:30","modified_gmt":"2025-10-20T06:30:30","slug":"square-glass-to-wall-railing-clamp","status":"publish","type":"product","link":"https:\/\/glassupply.com\/ca\/fr\/produit\/square-glass-to-wall-railing-clamp\/","title":{"rendered":"Square Glass to Wall Railing Clamp"},"content":{"rendered":"","protected":false},"excerpt":{"rendered":"<p><span style=\"font-weight: 400;\">D\u00e9couvrez notre pince carr\u00e9e haut de gamme pour garde-corps verre-\u00e0-mur, disponible exclusivement sur Glassupply.com. Notre pince en acier inoxydable est polyvalente, adapt\u00e9e au montage mur-\u00e0-verre ou poteau-\u00e0-verre. Les pinces disposent d\u2019une base plate pour un montage facile en surface et peuvent \u00eatre utilis\u00e9es aux deux extr\u00e9mit\u00e9s d\u2019une cl\u00f4ture afin d\u2019augmenter la stabilit\u00e9 globale de la structure du garde-corps.<\/span><b> La pince utilise un syst\u00e8me \u00e0 cl\u00e9 Allen pour serrer le verre en toute s\u00e9curit\u00e9, \u00e9liminant ainsi le besoin de percer les panneaux de verre<\/b><span style=\"font-weight: 400;\">. De plus, la pince est con\u00e7ue avec une base amovible qui peut \u00eatre install\u00e9e \u00e0 n\u2019importe quelle position sur le bord du verre (sans la base) ou en bas du verre pour supporter son poids lorsque n\u00e9cessaire, dans le cadre d\u2019un syst\u00e8me complet de pince (avec la base).<\/span><\/p>\n<p><span style=\"font-weight: 400;\">Fabriqu\u00e9 avec un alliage d\u2019acier inoxydable Duplex 2205 de la plus haute qualit\u00e9, ce mat\u00e9riel de qualit\u00e9 marine, anticorrosion, est reconnu pour sa r\u00e9sistance exceptionnelle et sa durabilit\u00e9 dans les environnements ext\u00e9rieurs difficiles. Notre acier inoxydable Duplex 2205, alli\u00e9 \u00e0 22 % de chrome, 3 % de molybd\u00e8ne et 5 \u00e0 6 % de nickel, offre une r\u00e9sistance \u00e0 la corrosion sup\u00e9rieure et plus du double de la limite d\u2019\u00e9lasticit\u00e9 des aciers inoxydables aust\u00e9nitiques standards.<\/span><\/p>\n<p><span style=\"font-weight: 400;\">Choisissez entre une finition en acier inoxydable poli (bross\u00e9) ou une finition noire mate lisse, appliqu\u00e9e par poudrage \u00e9lectrostatique et durcie au four pour une surface r\u00e9sistante aux rayures et prot\u00e9g\u00e9e contre les intemp\u00e9ries. Id\u00e9al pour les applications int\u00e9rieures et ext\u00e9rieures, il offre une excellente r\u00e9sistance \u00e0 la corrosion, ce qui le rend parfait pour les structures fortement expos\u00e9es \u00e0 la corrosion, telles que les r\u00e9gions c\u00f4ti\u00e8res et les environnements de piscine.<\/span><\/p>\n<p><span style=\"font-weight: 400;\">Notre pince comprend plusieurs \u00e9paisseurs de joints en caoutchouc et est compatible avec des \u00e9paisseurs de verre de s\u00e9curit\u00e9 allant de 8 mm \u00e0 12 mm (5\/16\u201d \u00e0 1\/2\u201d).<\/span><\/p>\n<h2><b>SP\u00c9CIFICATIONS TECHNIQUES<\/b><\/h2>\n<table>\n<tbody>\n<tr>\n<td><b>\u00c9paisseur du verre de s\u00e9curit\u00e9<\/b><\/td>\n<td><span style=\"font-weight: 400;\">8 mm \u00e0 12 mm (5\/16\u201d \u00e0 1\/2\u201d) \u2013 peut accueillir des panneaux de verre de 9\/16\u2033 (13,5 mm)<\/span><\/td>\n<\/tr>\n<tr>\n<td><b>Couleur\/Finition<\/b><\/td>\n<td><span style=\"font-weight: 400;\">Acier inoxydable poli, Noir mat<\/span><\/td>\n<\/tr>\n<tr>\n<td><b>Mat\u00e9riau de fabrication<\/b><\/td>\n<td><span style=\"font-weight: 400;\">Acier inoxydable Duplex 2205<\/span><\/td>\n<\/tr>\n<tr>\n<td><b>Type de fixation<\/b><\/td>\n<td>Verre-\u00e0-mur, Poteau-\u00e0-mur<\/td>\n<\/tr>\n<tr>\n<td><b>Emplacement recommand\u00e9<\/b><\/td>\n<td><span style=\"font-weight: 400;\">Int\u00e9rieur, Ext\u00e9rieur<\/span><\/td>\n<\/tr>\n<tr>\n<td><b>C\u00f4t\u00e9 de montage<\/b><\/td>\n<td><span style=\"font-weight: 400;\">R\u00e9versible<\/span><\/td>\n<\/tr>\n<\/tbody>\n<\/table>\n","protected":false},"featured_media":1540,"comment_status":"closed","ping_status":"closed","template":"","meta":{"_acf_changed":false,"inline_featured_image":false},"product_brand":[],"product_cat":[71,127],"product_tag":[],"class_list":{"0":"post-2431","1":"product","2":"type-product","3":"status-publish","4":"has-post-thumbnail","6":"product_cat-glass-fence-railing-hardware-fr","7":"product_cat-clamps-fr","9":"first","10":"instock","11":"taxable","12":"shipping-taxable","13":"purchasable","14":"product-type-variable"},"acf":[],"yoast_head":"<!-- This site is optimized with the Yoast SEO plugin v26.9 - https:\/\/yoast.com\/product\/yoast-seo-wordpress\/ -->\n<title>Square Glass to Wall Railing Clamp - Glassupply (CA)<\/title>\n<meta name=\"robots\" content=\"index, follow, max-snippet:-1, max-image-preview:large, max-video-preview:-1\" \/>\n<link rel=\"canonical\" href=\"https:\/\/glassupply.com\/ca\/fr\/produit\/square-glass-to-wall-railing-clamp\/\" \/>\n<meta property=\"og:locale\" content=\"fr_CA\" \/>\n<meta property=\"og:type\" content=\"article\" \/>\n<meta property=\"og:title\" content=\"Square Glass to Wall Railing Clamp - Glassupply (CA)\" \/>\n<meta property=\"og:description\" content=\"D\u00e9couvrez notre pince carr\u00e9e haut de gamme pour garde-corps verre-\u00e0-mur, disponible exclusivement sur Glassupply.com. Notre pince en acier inoxydable est polyvalente, adapt\u00e9e au montage mur-\u00e0-verre ou poteau-\u00e0-verre. Les pinces disposent d\u2019une base plate pour un montage facile en surface et peuvent \u00eatre utilis\u00e9es aux deux extr\u00e9mit\u00e9s d\u2019une cl\u00f4ture afin d\u2019augmenter la stabilit\u00e9 globale de la structure du garde-corps. La pince utilise un syst\u00e8me \u00e0 cl\u00e9 Allen pour serrer le verre en toute s\u00e9curit\u00e9, \u00e9liminant ainsi le besoin de percer les panneaux de verre. De plus, la pince est con\u00e7ue avec une base amovible qui peut \u00eatre install\u00e9e \u00e0 n\u2019importe quelle position sur le bord du verre (sans la base) ou en bas du verre pour supporter son poids lorsque n\u00e9cessaire, dans le cadre d\u2019un syst\u00e8me complet de pince (avec la base).  Fabriqu\u00e9 avec un alliage d\u2019acier inoxydable Duplex 2205 de la plus haute qualit\u00e9, ce mat\u00e9riel de qualit\u00e9 marine, anticorrosion, est reconnu pour sa r\u00e9sistance exceptionnelle et sa durabilit\u00e9 dans les environnements ext\u00e9rieurs difficiles. Notre acier inoxydable Duplex 2205, alli\u00e9 \u00e0 22 % de chrome, 3 % de molybd\u00e8ne et 5 \u00e0 6 % de nickel, offre une r\u00e9sistance \u00e0 la corrosion sup\u00e9rieure et plus du double de la limite d\u2019\u00e9lasticit\u00e9 des aciers inoxydables aust\u00e9nitiques standards.  Choisissez entre une finition en acier inoxydable poli (bross\u00e9) ou une finition noire mate lisse, appliqu\u00e9e par poudrage \u00e9lectrostatique et durcie au four pour une surface r\u00e9sistante aux rayures et prot\u00e9g\u00e9e contre les intemp\u00e9ries. Id\u00e9al pour les applications int\u00e9rieures et ext\u00e9rieures, il offre une excellente r\u00e9sistance \u00e0 la corrosion, ce qui le rend parfait pour les structures fortement expos\u00e9es \u00e0 la corrosion, telles que les r\u00e9gions c\u00f4ti\u00e8res et les environnements de piscine.  Notre pince comprend plusieurs \u00e9paisseurs de joints en caoutchouc et est compatible avec des \u00e9paisseurs de verre de s\u00e9curit\u00e9 allant de 8 mm \u00e0 12 mm (5\/16\u201d \u00e0 1\/2\u201d). SP\u00c9CIFICATIONS TECHNIQUES    \u00c9paisseur du verre de s\u00e9curit\u00e9 8 mm \u00e0 12 mm (5\/16\u201d \u00e0 1\/2\u201d) \u2013 peut accueillir des panneaux de verre de 9\/16\u2033 (13,5 mm)   Couleur\/Finition Acier inoxydable poli, Noir mat   Mat\u00e9riau de fabrication Acier inoxydable Duplex 2205   Type de fixation Verre-\u00e0-mur, Poteau-\u00e0-mur   Emplacement recommand\u00e9 Int\u00e9rieur, Ext\u00e9rieur   C\u00f4t\u00e9 de montage R\u00e9versible\" \/>\n<meta property=\"og:url\" content=\"https:\/\/glassupply.com\/ca\/fr\/produit\/square-glass-to-wall-railing-clamp\/\" \/>\n<meta property=\"og:site_name\" content=\"Glassupply (CA)\" \/>\n<meta property=\"article:modified_time\" content=\"2025-10-20T06:30:30+00:00\" \/>\n<meta property=\"og:image\" content=\"https:\/\/glassupply.com\/ca\/wp-content\/uploads\/sites\/5\/2023\/06\/R-CL-GWXX-Polished-Stainless-Steel.webp\" \/>\n\t<meta property=\"og:image:width\" content=\"1500\" \/>\n\t<meta property=\"og:image:height\" content=\"1500\" \/>\n\t<meta property=\"og:image:type\" content=\"image\/webp\" \/>\n<meta name=\"twitter:card\" content=\"summary_large_image\" \/>\n<meta name=\"twitter:label1\" content=\"Est. reading time\" \/>\n\t<meta name=\"twitter:data1\" content=\"1 minute\" \/>\n<script type=\"application\/ld+json\" class=\"yoast-schema-graph\">{\"@context\":\"https:\/\/schema.org\",\"@graph\":[{\"@type\":\"WebPage\",\"@id\":\"https:\/\/glassupply.com\/ca\/fr\/produit\/square-glass-to-wall-railing-clamp\/\",\"url\":\"https:\/\/glassupply.com\/ca\/fr\/produit\/square-glass-to-wall-railing-clamp\/\",\"name\":\"Square Glass to Wall Railing Clamp - Glassupply (CA)\",\"isPartOf\":{\"@id\":\"https:\/\/glassupply.com\/ca\/fr\/#website\"},\"primaryImageOfPage\":{\"@id\":\"https:\/\/glassupply.com\/ca\/fr\/produit\/square-glass-to-wall-railing-clamp\/#primaryimage\"},\"image\":{\"@id\":\"https:\/\/glassupply.com\/ca\/fr\/produit\/square-glass-to-wall-railing-clamp\/#primaryimage\"},\"thumbnailUrl\":\"https:\/\/glassupply.com\/ca\/wp-content\/uploads\/sites\/5\/2023\/06\/R-CL-GWXX-Polished-Stainless-Steel.webp\",\"datePublished\":\"2023-06-28T14:25:54+00:00\",\"dateModified\":\"2025-10-20T06:30:30+00:00\",\"breadcrumb\":{\"@id\":\"https:\/\/glassupply.com\/ca\/fr\/produit\/square-glass-to-wall-railing-clamp\/#breadcrumb\"},\"inLanguage\":\"fr-FR\",\"potentialAction\":[{\"@type\":\"ReadAction\",\"target\":[\"https:\/\/glassupply.com\/ca\/fr\/produit\/square-glass-to-wall-railing-clamp\/\"]}]},{\"@type\":\"ImageObject\",\"inLanguage\":\"fr-FR\",\"@id\":\"https:\/\/glassupply.com\/ca\/fr\/produit\/square-glass-to-wall-railing-clamp\/#primaryimage\",\"url\":\"https:\/\/glassupply.com\/ca\/wp-content\/uploads\/sites\/5\/2023\/06\/R-CL-GWXX-Polished-Stainless-Steel.webp\",\"contentUrl\":\"https:\/\/glassupply.com\/ca\/wp-content\/uploads\/sites\/5\/2023\/06\/R-CL-GWXX-Polished-Stainless-Steel.webp\",\"width\":1500,\"height\":1500},{\"@type\":\"BreadcrumbList\",\"@id\":\"https:\/\/glassupply.com\/ca\/fr\/produit\/square-glass-to-wall-railing-clamp\/#breadcrumb\",\"itemListElement\":[{\"@type\":\"ListItem\",\"position\":1,\"name\":\"Home\",\"item\":\"https:\/\/glassupply.com\/ca\/fr\/\"},{\"@type\":\"ListItem\",\"position\":2,\"name\":\"Shop\",\"item\":\"https:\/\/glassupply.com\/ca\/fr\/shop\/\"},{\"@type\":\"ListItem\",\"position\":3,\"name\":\"Square Glass to Wall Railing Clamp\"}]},{\"@type\":\"WebSite\",\"@id\":\"https:\/\/glassupply.com\/ca\/fr\/#website\",\"url\":\"https:\/\/glassupply.com\/ca\/fr\/\",\"name\":\"Glassupply.com\",\"description\":\"From the manufacturer to your doorstep\",\"publisher\":{\"@id\":\"https:\/\/glassupply.com\/ca\/fr\/#organization\"},\"potentialAction\":[{\"@type\":\"SearchAction\",\"target\":{\"@type\":\"EntryPoint\",\"urlTemplate\":\"https:\/\/glassupply.com\/ca\/fr\/?s={search_term_string}\"},\"query-input\":{\"@type\":\"PropertyValueSpecification\",\"valueRequired\":true,\"valueName\":\"search_term_string\"}}],\"inLanguage\":\"fr-FR\"},{\"@type\":\"Organization\",\"@id\":\"https:\/\/glassupply.com\/ca\/fr\/#organization\",\"name\":\"Glassupply.com\",\"url\":\"https:\/\/glassupply.com\/ca\/fr\/\",\"logo\":{\"@type\":\"ImageObject\",\"inLanguage\":\"fr-FR\",\"@id\":\"https:\/\/glassupply.com\/ca\/fr\/#\/schema\/logo\/image\/\",\"url\":\"https:\/\/staging.glassupply.com\/ca\/wp-content\/uploads\/sites\/5\/2023\/07\/logo.svg\",\"contentUrl\":\"https:\/\/staging.glassupply.com\/ca\/wp-content\/uploads\/sites\/5\/2023\/07\/logo.svg\",\"width\":310,\"height\":24,\"caption\":\"Glassupply.com\"},\"image\":{\"@id\":\"https:\/\/glassupply.com\/ca\/fr\/#\/schema\/logo\/image\/\"}}]}<\/script>\n<!-- \/ Yoast SEO plugin. -->","yoast_head_json":{"title":"Square Glass to Wall Railing Clamp - Glassupply (CA)","robots":{"index":"index","follow":"follow","max-snippet":"max-snippet:-1","max-image-preview":"max-image-preview:large","max-video-preview":"max-video-preview:-1"},"canonical":"https:\/\/glassupply.com\/ca\/fr\/produit\/square-glass-to-wall-railing-clamp\/","og_locale":"fr_CA","og_type":"article","og_title":"Square Glass to Wall Railing Clamp - Glassupply (CA)","og_description":"D\u00e9couvrez notre pince carr\u00e9e haut de gamme pour garde-corps verre-\u00e0-mur, disponible exclusivement sur Glassupply.com. Notre pince en acier inoxydable est polyvalente, adapt\u00e9e au montage mur-\u00e0-verre ou poteau-\u00e0-verre. Les pinces disposent d\u2019une base plate pour un montage facile en surface et peuvent \u00eatre utilis\u00e9es aux deux extr\u00e9mit\u00e9s d\u2019une cl\u00f4ture afin d\u2019augmenter la stabilit\u00e9 globale de la structure du garde-corps. La pince utilise un syst\u00e8me \u00e0 cl\u00e9 Allen pour serrer le verre en toute s\u00e9curit\u00e9, \u00e9liminant ainsi le besoin de percer les panneaux de verre. De plus, la pince est con\u00e7ue avec une base amovible qui peut \u00eatre install\u00e9e \u00e0 n\u2019importe quelle position sur le bord du verre (sans la base) ou en bas du verre pour supporter son poids lorsque n\u00e9cessaire, dans le cadre d\u2019un syst\u00e8me complet de pince (avec la base).  Fabriqu\u00e9 avec un alliage d\u2019acier inoxydable Duplex 2205 de la plus haute qualit\u00e9, ce mat\u00e9riel de qualit\u00e9 marine, anticorrosion, est reconnu pour sa r\u00e9sistance exceptionnelle et sa durabilit\u00e9 dans les environnements ext\u00e9rieurs difficiles. Notre acier inoxydable Duplex 2205, alli\u00e9 \u00e0 22 % de chrome, 3 % de molybd\u00e8ne et 5 \u00e0 6 % de nickel, offre une r\u00e9sistance \u00e0 la corrosion sup\u00e9rieure et plus du double de la limite d\u2019\u00e9lasticit\u00e9 des aciers inoxydables aust\u00e9nitiques standards.  Choisissez entre une finition en acier inoxydable poli (bross\u00e9) ou une finition noire mate lisse, appliqu\u00e9e par poudrage \u00e9lectrostatique et durcie au four pour une surface r\u00e9sistante aux rayures et prot\u00e9g\u00e9e contre les intemp\u00e9ries. Id\u00e9al pour les applications int\u00e9rieures et ext\u00e9rieures, il offre une excellente r\u00e9sistance \u00e0 la corrosion, ce qui le rend parfait pour les structures fortement expos\u00e9es \u00e0 la corrosion, telles que les r\u00e9gions c\u00f4ti\u00e8res et les environnements de piscine.  Notre pince comprend plusieurs \u00e9paisseurs de joints en caoutchouc et est compatible avec des \u00e9paisseurs de verre de s\u00e9curit\u00e9 allant de 8 mm \u00e0 12 mm (5\/16\u201d \u00e0 1\/2\u201d). SP\u00c9CIFICATIONS TECHNIQUES    \u00c9paisseur du verre de s\u00e9curit\u00e9 8 mm \u00e0 12 mm (5\/16\u201d \u00e0 1\/2\u201d) \u2013 peut accueillir des panneaux de verre de 9\/16\u2033 (13,5 mm)   Couleur\/Finition Acier inoxydable poli, Noir mat   Mat\u00e9riau de fabrication Acier inoxydable Duplex 2205   Type de fixation Verre-\u00e0-mur, Poteau-\u00e0-mur   Emplacement recommand\u00e9 Int\u00e9rieur, Ext\u00e9rieur   C\u00f4t\u00e9 de montage R\u00e9versible","og_url":"https:\/\/glassupply.com\/ca\/fr\/produit\/square-glass-to-wall-railing-clamp\/","og_site_name":"Glassupply (CA)","article_modified_time":"2025-10-20T06:30:30+00:00","og_image":[{"width":1500,"height":1500,"url":"https:\/\/glassupply.com\/ca\/wp-content\/uploads\/sites\/5\/2023\/06\/R-CL-GWXX-Polished-Stainless-Steel.webp","type":"image\/webp"}],"twitter_card":"summary_large_image","twitter_misc":{"Est. reading time":"1 minute"},"schema":{"@context":"https:\/\/schema.org","@graph":[{"@type":"WebPage","@id":"https:\/\/glassupply.com\/ca\/fr\/produit\/square-glass-to-wall-railing-clamp\/","url":"https:\/\/glassupply.com\/ca\/fr\/produit\/square-glass-to-wall-railing-clamp\/","name":"Square Glass to Wall Railing Clamp - Glassupply (CA)","isPartOf":{"@id":"https:\/\/glassupply.com\/ca\/fr\/#website"},"primaryImageOfPage":{"@id":"https:\/\/glassupply.com\/ca\/fr\/produit\/square-glass-to-wall-railing-clamp\/#primaryimage"},"image":{"@id":"https:\/\/glassupply.com\/ca\/fr\/produit\/square-glass-to-wall-railing-clamp\/#primaryimage"},"thumbnailUrl":"https:\/\/glassupply.com\/ca\/wp-content\/uploads\/sites\/5\/2023\/06\/R-CL-GWXX-Polished-Stainless-Steel.webp","datePublished":"2023-06-28T14:25:54+00:00","dateModified":"2025-10-20T06:30:30+00:00","breadcrumb":{"@id":"https:\/\/glassupply.com\/ca\/fr\/produit\/square-glass-to-wall-railing-clamp\/#breadcrumb"},"inLanguage":"fr-FR","potentialAction":[{"@type":"ReadAction","target":["https:\/\/glassupply.com\/ca\/fr\/produit\/square-glass-to-wall-railing-clamp\/"]}]},{"@type":"ImageObject","inLanguage":"fr-FR","@id":"https:\/\/glassupply.com\/ca\/fr\/produit\/square-glass-to-wall-railing-clamp\/#primaryimage","url":"https:\/\/glassupply.com\/ca\/wp-content\/uploads\/sites\/5\/2023\/06\/R-CL-GWXX-Polished-Stainless-Steel.webp","contentUrl":"https:\/\/glassupply.com\/ca\/wp-content\/uploads\/sites\/5\/2023\/06\/R-CL-GWXX-Polished-Stainless-Steel.webp","width":1500,"height":1500},{"@type":"BreadcrumbList","@id":"https:\/\/glassupply.com\/ca\/fr\/produit\/square-glass-to-wall-railing-clamp\/#breadcrumb","itemListElement":[{"@type":"ListItem","position":1,"name":"Home","item":"https:\/\/glassupply.com\/ca\/fr\/"},{"@type":"ListItem","position":2,"name":"Shop","item":"https:\/\/glassupply.com\/ca\/fr\/shop\/"},{"@type":"ListItem","position":3,"name":"Square Glass to Wall Railing Clamp"}]},{"@type":"WebSite","@id":"https:\/\/glassupply.com\/ca\/fr\/#website","url":"https:\/\/glassupply.com\/ca\/fr\/","name":"Glassupply.com","description":"From the manufacturer to your doorstep","publisher":{"@id":"https:\/\/glassupply.com\/ca\/fr\/#organization"},"potentialAction":[{"@type":"SearchAction","target":{"@type":"EntryPoint","urlTemplate":"https:\/\/glassupply.com\/ca\/fr\/?s={search_term_string}"},"query-input":{"@type":"PropertyValueSpecification","valueRequired":true,"valueName":"search_term_string"}}],"inLanguage":"fr-FR"},{"@type":"Organization","@id":"https:\/\/glassupply.com\/ca\/fr\/#organization","name":"Glassupply.com","url":"https:\/\/glassupply.com\/ca\/fr\/","logo":{"@type":"ImageObject","inLanguage":"fr-FR","@id":"https:\/\/glassupply.com\/ca\/fr\/#\/schema\/logo\/image\/","url":"https:\/\/staging.glassupply.com\/ca\/wp-content\/uploads\/sites\/5\/2023\/07\/logo.svg","contentUrl":"https:\/\/staging.glassupply.com\/ca\/wp-content\/uploads\/sites\/5\/2023\/07\/logo.svg","width":310,"height":24,"caption":"Glassupply.com"},"image":{"@id":"https:\/\/glassupply.com\/ca\/fr\/#\/schema\/logo\/image\/"}}]}},"_links":{"self":[{"href":"https:\/\/glassupply.com\/ca\/fr\/wp-json\/wp\/v2\/product\/2431","targetHints":{"allow":["GET"]}}],"collection":[{"href":"https:\/\/glassupply.com\/ca\/fr\/wp-json\/wp\/v2\/product"}],"about":[{"href":"https:\/\/glassupply.com\/ca\/fr\/wp-json\/wp\/v2\/types\/product"}],"replies":[{"embeddable":true,"href":"https:\/\/glassupply.com\/ca\/fr\/wp-json\/wp\/v2\/comments?post=2431"}],"wp:featuredmedia":[{"embeddable":true,"href":"https:\/\/glassupply.com\/ca\/fr\/wp-json\/wp\/v2\/media\/1540"}],"wp:attachment":[{"href":"https:\/\/glassupply.com\/ca\/fr\/wp-json\/wp\/v2\/media?parent=2431"}],"wp:term":[{"taxonomy":"product_brand","embeddable":true,"href":"https:\/\/glassupply.com\/ca\/fr\/wp-json\/wp\/v2\/product_brand?post=2431"},{"taxonomy":"product_cat","embeddable":true,"href":"https:\/\/glassupply.com\/ca\/fr\/wp-json\/wp\/v2\/product_cat?post=2431"},{"taxonomy":"product_tag","embeddable":true,"href":"https:\/\/glassupply.com\/ca\/fr\/wp-json\/wp\/v2\/product_tag?post=2431"}],"curies":[{"name":"wp","href":"https:\/\/api.w.org\/{rel}","templated":true}]}}