{"id":2444,"date":"2023-06-28T09:25:53","date_gmt":"2023-06-28T14:25:53","guid":{"rendered":"https:\/\/staging.glassupply.com\/ca\/product\/door-sweep-with-double-soft-fins-and-deflector-for-3-8-or-1-2-glass\/"},"modified":"2025-06-05T09:42:52","modified_gmt":"2025-06-05T14:42:52","slug":"door-sweep-with-double-soft-fins-and-deflector-for-3-8-or-1-2-glass","status":"publish","type":"product","link":"https:\/\/glassupply.com\/ca\/fr\/produit\/door-sweep-with-double-soft-fins-and-deflector-for-3-8-or-1-2-glass\/","title":{"rendered":"Door Sweep with Double Soft Fins and Deflector for 3\/8&Prime; or 1\/2&Prime; Glass"},"content":{"rendered":"","protected":false},"excerpt":{"rendered":"<p><span style=\"font-weight: 400;\">La bavette de porte avec doubles ailettes souples et d\u00e9flecteur est fabriqu\u00e9e en polycarbonate de haute qualit\u00e9 et est disponible en deux tailles diff\u00e9rentes pour s\u2019adapter aux verres de 3\/8\u201d (10 mm) ou 1\/2\u201d (12 mm).<\/span><\/p>\n<p><span style=\"font-weight: 400;\">Elle se fixe facilement au bas de la porte gr\u00e2ce \u00e0 un syst\u00e8me d\u2019encliquetage et comprend un d\u00e9flecteur \u00e0 45 degr\u00e9s qui aide \u00e0 rediriger l\u2019eau vers l\u2019int\u00e9rieur de la cabine de douche.<\/span><\/p>\n<p><span style=\"font-weight: 400;\">La bavette est \u00e9galement dot\u00e9e de l\u00e8vres souples \u00e0 la base, cr\u00e9ant un joint r\u00e9sistant \u00e0 l\u2019eau qui emp\u00eache les fuites \u00e0 l\u2019ext\u00e9rieur de la douche.<\/span><\/p>\n<p><span style=\"font-weight: 400;\">Ce produit est recommand\u00e9 pour une utilisation avec du verre tremp\u00e9 et un espace sugg\u00e9r\u00e9 de 1\/2\u201d (12 mm) entre le bas de la porte et le seuil.<\/span><\/p>\n<h2><b>SP\u00c9CIFICATIONS TECHNIQUES<\/b><\/h2>\n<table>\n<tbody>\n<tr>\n<td><b>\u00c9paisseur du verre de s\u00e9curit\u00e9<\/b><\/td>\n<td><span style=\"font-weight: 400;\">3\/8\u201d (10 mm) \u00e0 1\/2\u201d (12 mm)<\/span><\/td>\n<\/tr>\n<tr>\n<td><b>Longueur<\/b><\/td>\n<td><span style=\"font-weight: 400;\">36\u201d (915 mm)<\/span><\/td>\n<\/tr>\n<tr>\n<td><b>Mat\u00e9riau de fabrication<\/b><\/td>\n<td><span style=\"font-weight: 400;\">Base rigide en polycarbonate, ailettes souples en vinyle<\/span><\/td>\n<\/tr>\n<\/tbody>\n<\/table>\n","protected":false},"featured_media":1520,"comment_status":"closed","ping_status":"closed","template":"","meta":{"_acf_changed":false,"inline_featured_image":false},"product_brand":[],"product_cat":[73],"product_tag":[],"class_list":{"0":"post-2444","1":"product","2":"type-product","3":"status-publish","4":"has-post-thumbnail","6":"product_cat-shower-hardware-fr","8":"first","9":"instock","10":"taxable","11":"shipping-taxable","12":"purchasable","13":"product-type-variable","14":"has-default-attributes"},"acf":[],"yoast_head":"<!-- This site is optimized with the Yoast SEO plugin v26.9 - https:\/\/yoast.com\/product\/yoast-seo-wordpress\/ -->\n<title>Door Sweep with Double Soft Fins and Deflector for 3\/8&quot; or 1\/2&quot; Glass - Glassupply (CA)<\/title>\n<meta name=\"robots\" content=\"index, follow, max-snippet:-1, max-image-preview:large, max-video-preview:-1\" \/>\n<link rel=\"canonical\" href=\"https:\/\/glassupply.com\/ca\/fr\/produit\/door-sweep-with-double-soft-fins-and-deflector-for-3-8-or-1-2-glass\/\" \/>\n<meta property=\"og:locale\" content=\"fr_CA\" \/>\n<meta property=\"og:type\" content=\"article\" \/>\n<meta property=\"og:title\" content=\"Door Sweep with Double Soft Fins and Deflector for 3\/8&quot; or 1\/2&quot; Glass - Glassupply (CA)\" \/>\n<meta property=\"og:description\" content=\"La bavette de porte avec doubles ailettes souples et d\u00e9flecteur est fabriqu\u00e9e en polycarbonate de haute qualit\u00e9 et est disponible en deux tailles diff\u00e9rentes pour s\u2019adapter aux verres de 3\/8\u201d (10 mm) ou 1\/2\u201d (12 mm).  Elle se fixe facilement au bas de la porte gr\u00e2ce \u00e0 un syst\u00e8me d\u2019encliquetage et comprend un d\u00e9flecteur \u00e0 45 degr\u00e9s qui aide \u00e0 rediriger l\u2019eau vers l\u2019int\u00e9rieur de la cabine de douche.  La bavette est \u00e9galement dot\u00e9e de l\u00e8vres souples \u00e0 la base, cr\u00e9ant un joint r\u00e9sistant \u00e0 l\u2019eau qui emp\u00eache les fuites \u00e0 l\u2019ext\u00e9rieur de la douche.  Ce produit est recommand\u00e9 pour une utilisation avec du verre tremp\u00e9 et un espace sugg\u00e9r\u00e9 de 1\/2\u201d (12 mm) entre le bas de la porte et le seuil. SP\u00c9CIFICATIONS TECHNIQUES    \u00c9paisseur du verre de s\u00e9curit\u00e9 3\/8\u201d (10 mm) \u00e0 1\/2\u201d (12 mm)   Longueur 36\u201d (915 mm)   Mat\u00e9riau de fabrication Base rigide en polycarbonate, ailettes souples en vinyle\" \/>\n<meta property=\"og:url\" content=\"https:\/\/glassupply.com\/ca\/fr\/produit\/door-sweep-with-double-soft-fins-and-deflector-for-3-8-or-1-2-glass\/\" \/>\n<meta property=\"og:site_name\" content=\"Glassupply (CA)\" \/>\n<meta property=\"article:modified_time\" content=\"2025-06-05T14:42:52+00:00\" \/>\n<meta property=\"og:image\" content=\"https:\/\/glassupply.com\/ca\/wp-content\/uploads\/sites\/5\/2023\/06\/S-IK-10DS-Product-Image-2.webp\" \/>\n\t<meta property=\"og:image:width\" content=\"1500\" \/>\n\t<meta property=\"og:image:height\" content=\"1500\" \/>\n\t<meta property=\"og:image:type\" content=\"image\/webp\" \/>\n<meta name=\"twitter:card\" content=\"summary_large_image\" \/>\n<meta name=\"twitter:label1\" content=\"Est. reading time\" \/>\n\t<meta name=\"twitter:data1\" content=\"1 minute\" \/>\n<script type=\"application\/ld+json\" class=\"yoast-schema-graph\">{\"@context\":\"https:\/\/schema.org\",\"@graph\":[{\"@type\":\"WebPage\",\"@id\":\"https:\/\/glassupply.com\/ca\/fr\/produit\/door-sweep-with-double-soft-fins-and-deflector-for-3-8-or-1-2-glass\/\",\"url\":\"https:\/\/glassupply.com\/ca\/fr\/produit\/door-sweep-with-double-soft-fins-and-deflector-for-3-8-or-1-2-glass\/\",\"name\":\"Door Sweep with Double Soft Fins and Deflector for 3\/8\\\" or 1\/2\\\" Glass - Glassupply (CA)\",\"isPartOf\":{\"@id\":\"https:\/\/glassupply.com\/ca\/fr\/#website\"},\"primaryImageOfPage\":{\"@id\":\"https:\/\/glassupply.com\/ca\/fr\/produit\/door-sweep-with-double-soft-fins-and-deflector-for-3-8-or-1-2-glass\/#primaryimage\"},\"image\":{\"@id\":\"https:\/\/glassupply.com\/ca\/fr\/produit\/door-sweep-with-double-soft-fins-and-deflector-for-3-8-or-1-2-glass\/#primaryimage\"},\"thumbnailUrl\":\"https:\/\/glassupply.com\/ca\/wp-content\/uploads\/sites\/5\/2023\/06\/S-IK-10DS-Product-Image-2.webp\",\"datePublished\":\"2023-06-28T14:25:53+00:00\",\"dateModified\":\"2025-06-05T14:42:52+00:00\",\"breadcrumb\":{\"@id\":\"https:\/\/glassupply.com\/ca\/fr\/produit\/door-sweep-with-double-soft-fins-and-deflector-for-3-8-or-1-2-glass\/#breadcrumb\"},\"inLanguage\":\"fr-FR\",\"potentialAction\":[{\"@type\":\"ReadAction\",\"target\":[\"https:\/\/glassupply.com\/ca\/fr\/produit\/door-sweep-with-double-soft-fins-and-deflector-for-3-8-or-1-2-glass\/\"]}]},{\"@type\":\"ImageObject\",\"inLanguage\":\"fr-FR\",\"@id\":\"https:\/\/glassupply.com\/ca\/fr\/produit\/door-sweep-with-double-soft-fins-and-deflector-for-3-8-or-1-2-glass\/#primaryimage\",\"url\":\"https:\/\/glassupply.com\/ca\/wp-content\/uploads\/sites\/5\/2023\/06\/S-IK-10DS-Product-Image-2.webp\",\"contentUrl\":\"https:\/\/glassupply.com\/ca\/wp-content\/uploads\/sites\/5\/2023\/06\/S-IK-10DS-Product-Image-2.webp\",\"width\":1500,\"height\":1500},{\"@type\":\"BreadcrumbList\",\"@id\":\"https:\/\/glassupply.com\/ca\/fr\/produit\/door-sweep-with-double-soft-fins-and-deflector-for-3-8-or-1-2-glass\/#breadcrumb\",\"itemListElement\":[{\"@type\":\"ListItem\",\"position\":1,\"name\":\"Home\",\"item\":\"https:\/\/glassupply.com\/ca\/fr\/\"},{\"@type\":\"ListItem\",\"position\":2,\"name\":\"Shop\",\"item\":\"https:\/\/glassupply.com\/ca\/fr\/shop\/\"},{\"@type\":\"ListItem\",\"position\":3,\"name\":\"Door Sweep with Double Soft Fins and Deflector for 3\/8&#8243; or 1\/2&#8243; Glass\"}]},{\"@type\":\"WebSite\",\"@id\":\"https:\/\/glassupply.com\/ca\/fr\/#website\",\"url\":\"https:\/\/glassupply.com\/ca\/fr\/\",\"name\":\"Glassupply.com\",\"description\":\"From the manufacturer to your doorstep\",\"publisher\":{\"@id\":\"https:\/\/glassupply.com\/ca\/fr\/#organization\"},\"potentialAction\":[{\"@type\":\"SearchAction\",\"target\":{\"@type\":\"EntryPoint\",\"urlTemplate\":\"https:\/\/glassupply.com\/ca\/fr\/?s={search_term_string}\"},\"query-input\":{\"@type\":\"PropertyValueSpecification\",\"valueRequired\":true,\"valueName\":\"search_term_string\"}}],\"inLanguage\":\"fr-FR\"},{\"@type\":\"Organization\",\"@id\":\"https:\/\/glassupply.com\/ca\/fr\/#organization\",\"name\":\"Glassupply.com\",\"url\":\"https:\/\/glassupply.com\/ca\/fr\/\",\"logo\":{\"@type\":\"ImageObject\",\"inLanguage\":\"fr-FR\",\"@id\":\"https:\/\/glassupply.com\/ca\/fr\/#\/schema\/logo\/image\/\",\"url\":\"https:\/\/staging.glassupply.com\/ca\/wp-content\/uploads\/sites\/5\/2023\/07\/logo.svg\",\"contentUrl\":\"https:\/\/staging.glassupply.com\/ca\/wp-content\/uploads\/sites\/5\/2023\/07\/logo.svg\",\"width\":310,\"height\":24,\"caption\":\"Glassupply.com\"},\"image\":{\"@id\":\"https:\/\/glassupply.com\/ca\/fr\/#\/schema\/logo\/image\/\"}}]}<\/script>\n<!-- \/ Yoast SEO plugin. -->","yoast_head_json":{"title":"Door Sweep with Double Soft Fins and Deflector for 3\/8\" or 1\/2\" Glass - Glassupply (CA)","robots":{"index":"index","follow":"follow","max-snippet":"max-snippet:-1","max-image-preview":"max-image-preview:large","max-video-preview":"max-video-preview:-1"},"canonical":"https:\/\/glassupply.com\/ca\/fr\/produit\/door-sweep-with-double-soft-fins-and-deflector-for-3-8-or-1-2-glass\/","og_locale":"fr_CA","og_type":"article","og_title":"Door Sweep with Double Soft Fins and Deflector for 3\/8\" or 1\/2\" Glass - Glassupply (CA)","og_description":"La bavette de porte avec doubles ailettes souples et d\u00e9flecteur est fabriqu\u00e9e en polycarbonate de haute qualit\u00e9 et est disponible en deux tailles diff\u00e9rentes pour s\u2019adapter aux verres de 3\/8\u201d (10 mm) ou 1\/2\u201d (12 mm).  Elle se fixe facilement au bas de la porte gr\u00e2ce \u00e0 un syst\u00e8me d\u2019encliquetage et comprend un d\u00e9flecteur \u00e0 45 degr\u00e9s qui aide \u00e0 rediriger l\u2019eau vers l\u2019int\u00e9rieur de la cabine de douche.  La bavette est \u00e9galement dot\u00e9e de l\u00e8vres souples \u00e0 la base, cr\u00e9ant un joint r\u00e9sistant \u00e0 l\u2019eau qui emp\u00eache les fuites \u00e0 l\u2019ext\u00e9rieur de la douche.  Ce produit est recommand\u00e9 pour une utilisation avec du verre tremp\u00e9 et un espace sugg\u00e9r\u00e9 de 1\/2\u201d (12 mm) entre le bas de la porte et le seuil. SP\u00c9CIFICATIONS TECHNIQUES    \u00c9paisseur du verre de s\u00e9curit\u00e9 3\/8\u201d (10 mm) \u00e0 1\/2\u201d (12 mm)   Longueur 36\u201d (915 mm)   Mat\u00e9riau de fabrication Base rigide en polycarbonate, ailettes souples en vinyle","og_url":"https:\/\/glassupply.com\/ca\/fr\/produit\/door-sweep-with-double-soft-fins-and-deflector-for-3-8-or-1-2-glass\/","og_site_name":"Glassupply (CA)","article_modified_time":"2025-06-05T14:42:52+00:00","og_image":[{"width":1500,"height":1500,"url":"https:\/\/glassupply.com\/ca\/wp-content\/uploads\/sites\/5\/2023\/06\/S-IK-10DS-Product-Image-2.webp","type":"image\/webp"}],"twitter_card":"summary_large_image","twitter_misc":{"Est. reading time":"1 minute"},"schema":{"@context":"https:\/\/schema.org","@graph":[{"@type":"WebPage","@id":"https:\/\/glassupply.com\/ca\/fr\/produit\/door-sweep-with-double-soft-fins-and-deflector-for-3-8-or-1-2-glass\/","url":"https:\/\/glassupply.com\/ca\/fr\/produit\/door-sweep-with-double-soft-fins-and-deflector-for-3-8-or-1-2-glass\/","name":"Door Sweep with Double Soft Fins and Deflector for 3\/8\" or 1\/2\" Glass - Glassupply (CA)","isPartOf":{"@id":"https:\/\/glassupply.com\/ca\/fr\/#website"},"primaryImageOfPage":{"@id":"https:\/\/glassupply.com\/ca\/fr\/produit\/door-sweep-with-double-soft-fins-and-deflector-for-3-8-or-1-2-glass\/#primaryimage"},"image":{"@id":"https:\/\/glassupply.com\/ca\/fr\/produit\/door-sweep-with-double-soft-fins-and-deflector-for-3-8-or-1-2-glass\/#primaryimage"},"thumbnailUrl":"https:\/\/glassupply.com\/ca\/wp-content\/uploads\/sites\/5\/2023\/06\/S-IK-10DS-Product-Image-2.webp","datePublished":"2023-06-28T14:25:53+00:00","dateModified":"2025-06-05T14:42:52+00:00","breadcrumb":{"@id":"https:\/\/glassupply.com\/ca\/fr\/produit\/door-sweep-with-double-soft-fins-and-deflector-for-3-8-or-1-2-glass\/#breadcrumb"},"inLanguage":"fr-FR","potentialAction":[{"@type":"ReadAction","target":["https:\/\/glassupply.com\/ca\/fr\/produit\/door-sweep-with-double-soft-fins-and-deflector-for-3-8-or-1-2-glass\/"]}]},{"@type":"ImageObject","inLanguage":"fr-FR","@id":"https:\/\/glassupply.com\/ca\/fr\/produit\/door-sweep-with-double-soft-fins-and-deflector-for-3-8-or-1-2-glass\/#primaryimage","url":"https:\/\/glassupply.com\/ca\/wp-content\/uploads\/sites\/5\/2023\/06\/S-IK-10DS-Product-Image-2.webp","contentUrl":"https:\/\/glassupply.com\/ca\/wp-content\/uploads\/sites\/5\/2023\/06\/S-IK-10DS-Product-Image-2.webp","width":1500,"height":1500},{"@type":"BreadcrumbList","@id":"https:\/\/glassupply.com\/ca\/fr\/produit\/door-sweep-with-double-soft-fins-and-deflector-for-3-8-or-1-2-glass\/#breadcrumb","itemListElement":[{"@type":"ListItem","position":1,"name":"Home","item":"https:\/\/glassupply.com\/ca\/fr\/"},{"@type":"ListItem","position":2,"name":"Shop","item":"https:\/\/glassupply.com\/ca\/fr\/shop\/"},{"@type":"ListItem","position":3,"name":"Door Sweep with Double Soft Fins and Deflector for 3\/8&#8243; or 1\/2&#8243; Glass"}]},{"@type":"WebSite","@id":"https:\/\/glassupply.com\/ca\/fr\/#website","url":"https:\/\/glassupply.com\/ca\/fr\/","name":"Glassupply.com","description":"From the manufacturer to your doorstep","publisher":{"@id":"https:\/\/glassupply.com\/ca\/fr\/#organization"},"potentialAction":[{"@type":"SearchAction","target":{"@type":"EntryPoint","urlTemplate":"https:\/\/glassupply.com\/ca\/fr\/?s={search_term_string}"},"query-input":{"@type":"PropertyValueSpecification","valueRequired":true,"valueName":"search_term_string"}}],"inLanguage":"fr-FR"},{"@type":"Organization","@id":"https:\/\/glassupply.com\/ca\/fr\/#organization","name":"Glassupply.com","url":"https:\/\/glassupply.com\/ca\/fr\/","logo":{"@type":"ImageObject","inLanguage":"fr-FR","@id":"https:\/\/glassupply.com\/ca\/fr\/#\/schema\/logo\/image\/","url":"https:\/\/staging.glassupply.com\/ca\/wp-content\/uploads\/sites\/5\/2023\/07\/logo.svg","contentUrl":"https:\/\/staging.glassupply.com\/ca\/wp-content\/uploads\/sites\/5\/2023\/07\/logo.svg","width":310,"height":24,"caption":"Glassupply.com"},"image":{"@id":"https:\/\/glassupply.com\/ca\/fr\/#\/schema\/logo\/image\/"}}]}},"_links":{"self":[{"href":"https:\/\/glassupply.com\/ca\/fr\/wp-json\/wp\/v2\/product\/2444","targetHints":{"allow":["GET"]}}],"collection":[{"href":"https:\/\/glassupply.com\/ca\/fr\/wp-json\/wp\/v2\/product"}],"about":[{"href":"https:\/\/glassupply.com\/ca\/fr\/wp-json\/wp\/v2\/types\/product"}],"replies":[{"embeddable":true,"href":"https:\/\/glassupply.com\/ca\/fr\/wp-json\/wp\/v2\/comments?post=2444"}],"wp:featuredmedia":[{"embeddable":true,"href":"https:\/\/glassupply.com\/ca\/fr\/wp-json\/wp\/v2\/media\/1520"}],"wp:attachment":[{"href":"https:\/\/glassupply.com\/ca\/fr\/wp-json\/wp\/v2\/media?parent=2444"}],"wp:term":[{"taxonomy":"product_brand","embeddable":true,"href":"https:\/\/glassupply.com\/ca\/fr\/wp-json\/wp\/v2\/product_brand?post=2444"},{"taxonomy":"product_cat","embeddable":true,"href":"https:\/\/glassupply.com\/ca\/fr\/wp-json\/wp\/v2\/product_cat?post=2444"},{"taxonomy":"product_tag","embeddable":true,"href":"https:\/\/glassupply.com\/ca\/fr\/wp-json\/wp\/v2\/product_tag?post=2444"}],"curies":[{"name":"wp","href":"https:\/\/api.w.org\/{rel}","templated":true}]}}