{"id":3340,"date":"2023-06-28T09:25:55","date_gmt":"2023-06-28T14:25:55","guid":{"rendered":"https:\/\/staging.glassupply.com\/ca\/product\/gs-90-glass-to-glass-square-hinge\/"},"modified":"2025-06-06T01:20:09","modified_gmt":"2025-06-06T06:20:09","slug":"gs-90-glass-to-glass-square-hinge","status":"publish","type":"product","link":"https:\/\/glassupply.com\/ca\/fr\/produit\/gs-90-glass-to-glass-square-hinge\/","title":{"rendered":"GS 90\u00b0 Glass to Glass Square Hinge"},"content":{"rendered":"","protected":false},"excerpt":{"rendered":"<p><span style=\"font-weight: 400;\">La charni\u00e8re carr\u00e9e verre \u00e0 verre GS 90\u00b0 est con\u00e7ue pour une installation o\u00f9 une porte en verre est mont\u00e9e sur un panneau de verre fixe adjacent et permet un espace verre \u00e0 verre de 5\/32\u201d (4 mm) \u00e0 5\/16\u201d (8 mm).<\/span><\/p>\n<p><span style=\"font-weight: 400;\">Cette charni\u00e8re haut de gamme<\/span><span style=\"font-weight: 400;\"> est auto-centr\u00e9e, contient un axe pivotant r\u00e9versible \u00e0 5 degr\u00e9s et est fabriqu\u00e9e en laiton massif, avec toutes les pi\u00e8ces mobiles (axes et ressorts) en acier inoxydable.<\/span><\/p>\n<p><b>Axe pivotant r\u00e9versible standard<\/b><\/p>\n<p><span style=\"font-weight: 400;\">La charni\u00e8re carr\u00e9e verre \u00e0 verre GS 90\u00b0<\/span><span style=\"font-weight: 400;\"> contient un axe pivotant r\u00e9versible. Un c\u00f4t\u00e9 de l\u2019axe est marqu\u00e9 90 degr\u00e9s. Le c\u00f4t\u00e9 oppos\u00e9 est marqu\u00e9 85 degr\u00e9s.<\/span><\/p>\n<p><span style=\"font-weight: 400;\">La charni\u00e8re est pr\u00e9configur\u00e9e avec le c\u00f4t\u00e9 \u00e0 90 degr\u00e9s activ\u00e9 par d\u00e9faut. Cela signifie que lorsque le ressort auto-centrant est activ\u00e9, la porte s\u2019arr\u00eate en position ferm\u00e9e et forme une ligne droite (\u00e9galement appel\u00e9e 90\u00b0 ou 0\u00b0).<\/span><\/p>\n<p><span style=\"font-weight: 400;\">Cependant, l\u2019axe peut \u00eatre tourn\u00e9 pour activer l\u2019autre c\u00f4t\u00e9 (85\u00b0), ce qui ferait que la porte s\u2019arr\u00eate en position ferm\u00e9e \u00e0 5\u00b0 au-del\u00e0 d\u2019une ligne droite. Il est important de noter que l\u2019axe ne doit pas \u00eatre retourn\u00e9. Le c\u00f4t\u00e9 \u00e0 85 degr\u00e9s de l\u2019axe pivotant est g\u00e9n\u00e9ralement activ\u00e9 pour obtenir une \u00e9tanch\u00e9it\u00e9 plus serr\u00e9e avec certains types de joints de douche.<\/span><\/p>\n<p><b>Utilisation de deux charni\u00e8res<\/b><\/p>\n<p><span style=\"font-weight: 400;\">Avec du verre de 5\/16\u2033 \u00e0 1\/2\u2033 (8 \u00e0 12 mm), la charni\u00e8re supportera jusqu\u2019\u00e0 90 lb (41 kg) avec une largeur maximale de porte de 32\u2033 (813 mm).<\/span><\/p>\n<p><b>Utilisation de trois charni\u00e8res<\/b><\/p>\n<p><span style=\"font-weight: 400;\">Avec du verre de 5\/16\u2033 \u00e0 1\/2\u2033 (8 \u00e0 12 mm), la charni\u00e8re supportera jusqu\u2019\u00e0 130 lb (59 kg) avec une largeur maximale de porte de 36\u2033 (915 mm).<\/span><\/p>\n<p><b>Comprend<\/b><span style=\"font-weight: 400;\"> : <\/span><\/p>\n<p><span style=\"font-weight: 400;\">Joints pour toutes les \u00e9paisseurs de verre, vis, chevilles murales en plastique.<\/span><\/p>\n<p><span style=\"font-weight: 400;\">Veuillez noter qu\u2019un fa\u00e7onnage du verre est n\u00e9cessaire pour accueillir la charni\u00e8re.<\/span><\/p>\n<p><span style=\"font-weight: 400;\">Notre processus de finition pour les accessoires de douche comprend trois m\u00e9thodes diff\u00e9rentes, chacune offrant une finition durable, r\u00e9sistante \u00e0 la corrosion et esth\u00e9tiquement attrayante. Ces m\u00e9thodes incluent l\u2019\u00e9lectrophor\u00e8se (noir mat), le chromage (chrome) et le nickelage (nickel bross\u00e9). Quel que soit le choix, notre processus garantit une finition magnifique et durable, r\u00e9pondant aux normes les plus strictes de l\u2019industrie en mati\u00e8re de qualit\u00e9 et de durabilit\u00e9, offrant des performances exceptionnelles et un attrait visuel remarquable.<\/span><\/p>\n<h2><b>SP\u00c9CIFICATIONS TECHNIQUES<\/b><\/h2>\n<table>\n<tbody>\n<tr>\n<td><b>\u00c9paisseur du verre de s\u00e9curit\u00e9<\/b><\/td>\n<td><span style=\"font-weight: 400;\">5\/16\u201d (8 mm) \u00e0 1\/2\u201d (12 mm)<\/span><\/td>\n<\/tr>\n<tr>\n<td><b>Couleur\/Finition<\/b><\/td>\n<td><span style=\"font-weight: 400;\">Chrome, Nickel bross\u00e9, Noir mat<\/span><\/td>\n<\/tr>\n<tr>\n<td><b>Test de durabilit\u00e9\/dur\u00e9e de vie<\/b><\/td>\n<td><span style=\"font-weight: 400;\">50000 cycles d\u2019ouverture\/fermeture*<\/span><\/td>\n<\/tr>\n<tr>\n<td><b>Mat\u00e9riau de fabrication<\/b><\/td>\n<td><span style=\"font-weight: 400;\">Laiton massif<\/span><\/td>\n<\/tr>\n<tr>\n<td><b>Type de rotation<\/b><\/td>\n<td><span style=\"font-weight: 400;\">90<\/span><span style=\"font-weight: 400;\">\u00b0 vers l\u2019int\u00e9rieur et 90<\/span><span style=\"font-weight: 400;\">\u00b0<\/span><span style=\"font-weight: 400;\"> vers l\u2019ext\u00e9rieur<\/span><\/td>\n<\/tr>\n<tr>\n<td><b>Type de fermeture<\/b><\/td>\n<td><span style=\"font-weight: 400;\">Auto-centrage dans les 15 degr\u00e9s de la position ferm\u00e9e<\/span><\/td>\n<\/tr>\n<\/tbody>\n<\/table>\n<p><span style=\"font-weight: 400;\">*Le terme \u00ab 50000 cycles d\u2019ouverture\/fermeture \u00bb est un test couramment utilis\u00e9 pour mesurer la durabilit\u00e9 et la dur\u00e9e de vie des charni\u00e8res de porte. Cela signifie que la charni\u00e8re a \u00e9t\u00e9 test\u00e9e pour r\u00e9sister \u00e0 50 000 ouvertures et fermetures sans d\u00e9faillance ni signes d\u2019usure.<\/span><\/p>\n","protected":false},"featured_media":6179,"comment_status":"open","ping_status":"closed","template":"","meta":{"_acf_changed":false,"inline_featured_image":false},"product_brand":[],"product_cat":[73],"product_tag":[],"class_list":{"0":"post-3340","1":"product","2":"type-product","3":"status-publish","4":"has-post-thumbnail","6":"product_cat-shower-hardware-fr","8":"first","9":"instock","10":"taxable","11":"shipping-taxable","12":"purchasable","13":"product-type-variable","14":"has-default-attributes"},"acf":[],"yoast_head":"<!-- This site is optimized with the Yoast SEO plugin v26.9 - https:\/\/yoast.com\/product\/yoast-seo-wordpress\/ -->\n<title>GS 90\u00b0 Glass to Glass Square Hinge - Glassupply (CA)<\/title>\n<meta name=\"robots\" content=\"index, follow, max-snippet:-1, max-image-preview:large, max-video-preview:-1\" \/>\n<link rel=\"canonical\" href=\"https:\/\/glassupply.com\/ca\/fr\/produit\/gs-90-glass-to-glass-square-hinge\/\" \/>\n<meta property=\"og:locale\" content=\"fr_CA\" \/>\n<meta property=\"og:type\" content=\"article\" \/>\n<meta property=\"og:title\" content=\"GS 90\u00b0 Glass to Glass Square Hinge - Glassupply (CA)\" \/>\n<meta property=\"og:description\" content=\"La charni\u00e8re carr\u00e9e verre \u00e0 verre GS 90\u00b0 est con\u00e7ue pour une installation o\u00f9 une porte en verre est mont\u00e9e sur un panneau de verre fixe adjacent et permet un espace verre \u00e0 verre de 5\/32\u201d (4 mm) \u00e0 5\/16\u201d (8 mm).  Cette charni\u00e8re haut de gamme est auto-centr\u00e9e, contient un axe pivotant r\u00e9versible \u00e0 5 degr\u00e9s et est fabriqu\u00e9e en laiton massif, avec toutes les pi\u00e8ces mobiles (axes et ressorts) en acier inoxydable.  Axe pivotant r\u00e9versible standard  La charni\u00e8re carr\u00e9e verre \u00e0 verre GS 90\u00b0 contient un axe pivotant r\u00e9versible. Un c\u00f4t\u00e9 de l\u2019axe est marqu\u00e9 90 degr\u00e9s. Le c\u00f4t\u00e9 oppos\u00e9 est marqu\u00e9 85 degr\u00e9s.  La charni\u00e8re est pr\u00e9configur\u00e9e avec le c\u00f4t\u00e9 \u00e0 90 degr\u00e9s activ\u00e9 par d\u00e9faut. Cela signifie que lorsque le ressort auto-centrant est activ\u00e9, la porte s\u2019arr\u00eate en position ferm\u00e9e et forme une ligne droite (\u00e9galement appel\u00e9e 90\u00b0 ou 0\u00b0).  Cependant, l\u2019axe peut \u00eatre tourn\u00e9 pour activer l\u2019autre c\u00f4t\u00e9 (85\u00b0), ce qui ferait que la porte s\u2019arr\u00eate en position ferm\u00e9e \u00e0 5\u00b0 au-del\u00e0 d\u2019une ligne droite. Il est important de noter que l\u2019axe ne doit pas \u00eatre retourn\u00e9. Le c\u00f4t\u00e9 \u00e0 85 degr\u00e9s de l\u2019axe pivotant est g\u00e9n\u00e9ralement activ\u00e9 pour obtenir une \u00e9tanch\u00e9it\u00e9 plus serr\u00e9e avec certains types de joints de douche.  Utilisation de deux charni\u00e8res  Avec du verre de 5\/16\u2033 \u00e0 1\/2\u2033 (8 \u00e0 12 mm), la charni\u00e8re supportera jusqu\u2019\u00e0 90 lb (41 kg) avec une largeur maximale de porte de 32\u2033 (813 mm).  Utilisation de trois charni\u00e8res  Avec du verre de 5\/16\u2033 \u00e0 1\/2\u2033 (8 \u00e0 12 mm), la charni\u00e8re supportera jusqu\u2019\u00e0 130 lb (59 kg) avec une largeur maximale de porte de 36\u2033 (915 mm).  Comprend :   Joints pour toutes les \u00e9paisseurs de verre, vis, chevilles murales en plastique.  Veuillez noter qu\u2019un fa\u00e7onnage du verre est n\u00e9cessaire pour accueillir la charni\u00e8re.  Notre processus de finition pour les accessoires de douche comprend trois m\u00e9thodes diff\u00e9rentes, chacune offrant une finition durable, r\u00e9sistante \u00e0 la corrosion et esth\u00e9tiquement attrayante. Ces m\u00e9thodes incluent l\u2019\u00e9lectrophor\u00e8se (noir mat), le chromage (chrome) et le nickelage (nickel bross\u00e9). Quel que soit le choix, notre processus garantit une finition magnifique et durable, r\u00e9pondant aux normes les plus strictes de l\u2019industrie en mati\u00e8re de qualit\u00e9 et de durabilit\u00e9, offrant des performances exceptionnelles et un attrait visuel remarquable. SP\u00c9CIFICATIONS TECHNIQUES    \u00c9paisseur du verre de s\u00e9curit\u00e9 5\/16\u201d (8 mm) \u00e0 1\/2\u201d (12 mm)   Couleur\/Finition Chrome, Nickel bross\u00e9, Noir mat   Test de durabilit\u00e9\/dur\u00e9e de vie 50000 cycles d\u2019ouverture\/fermeture*   Mat\u00e9riau de fabrication Laiton massif   Type de rotation 90\u00b0 vers l\u2019int\u00e9rieur et 90\u00b0 vers l\u2019ext\u00e9rieur   Type de fermeture Auto-centrage dans les 15 degr\u00e9s de la position ferm\u00e9e    *Le terme \u00ab 50000 cycles d\u2019ouverture\/fermeture \u00bb est un test couramment utilis\u00e9 pour mesurer la durabilit\u00e9 et la dur\u00e9e de vie des charni\u00e8res de porte. Cela signifie que la charni\u00e8re a \u00e9t\u00e9 test\u00e9e pour r\u00e9sister \u00e0 50 000 ouvertures et fermetures sans d\u00e9faillance ni signes d\u2019usure.\" \/>\n<meta property=\"og:url\" content=\"https:\/\/glassupply.com\/ca\/fr\/produit\/gs-90-glass-to-glass-square-hinge\/\" \/>\n<meta property=\"og:site_name\" content=\"Glassupply (CA)\" \/>\n<meta property=\"article:modified_time\" content=\"2025-06-06T06:20:09+00:00\" \/>\n<meta property=\"og:image\" content=\"https:\/\/glassupply.com\/ca\/wp-content\/uploads\/sites\/5\/2024\/04\/SHIGG90CH.webp\" \/>\n\t<meta property=\"og:image:width\" content=\"2000\" \/>\n\t<meta property=\"og:image:height\" content=\"2000\" \/>\n\t<meta property=\"og:image:type\" content=\"image\/webp\" \/>\n<meta name=\"twitter:card\" content=\"summary_large_image\" \/>\n<meta name=\"twitter:label1\" content=\"Est. reading time\" \/>\n\t<meta name=\"twitter:data1\" content=\"1 minute\" \/>\n<script type=\"application\/ld+json\" class=\"yoast-schema-graph\">{\"@context\":\"https:\/\/schema.org\",\"@graph\":[{\"@type\":\"WebPage\",\"@id\":\"https:\/\/glassupply.com\/ca\/fr\/produit\/gs-90-glass-to-glass-square-hinge\/\",\"url\":\"https:\/\/glassupply.com\/ca\/fr\/produit\/gs-90-glass-to-glass-square-hinge\/\",\"name\":\"GS 90\u00b0 Glass to Glass Square Hinge - Glassupply (CA)\",\"isPartOf\":{\"@id\":\"https:\/\/glassupply.com\/ca\/fr\/#website\"},\"primaryImageOfPage\":{\"@id\":\"https:\/\/glassupply.com\/ca\/fr\/produit\/gs-90-glass-to-glass-square-hinge\/#primaryimage\"},\"image\":{\"@id\":\"https:\/\/glassupply.com\/ca\/fr\/produit\/gs-90-glass-to-glass-square-hinge\/#primaryimage\"},\"thumbnailUrl\":\"https:\/\/glassupply.com\/ca\/wp-content\/uploads\/sites\/5\/2024\/04\/SHIGG90CH.webp\",\"datePublished\":\"2023-06-28T14:25:55+00:00\",\"dateModified\":\"2025-06-06T06:20:09+00:00\",\"breadcrumb\":{\"@id\":\"https:\/\/glassupply.com\/ca\/fr\/produit\/gs-90-glass-to-glass-square-hinge\/#breadcrumb\"},\"inLanguage\":\"fr-FR\",\"potentialAction\":[{\"@type\":\"ReadAction\",\"target\":[\"https:\/\/glassupply.com\/ca\/fr\/produit\/gs-90-glass-to-glass-square-hinge\/\"]}]},{\"@type\":\"ImageObject\",\"inLanguage\":\"fr-FR\",\"@id\":\"https:\/\/glassupply.com\/ca\/fr\/produit\/gs-90-glass-to-glass-square-hinge\/#primaryimage\",\"url\":\"https:\/\/glassupply.com\/ca\/wp-content\/uploads\/sites\/5\/2024\/04\/SHIGG90CH.webp\",\"contentUrl\":\"https:\/\/glassupply.com\/ca\/wp-content\/uploads\/sites\/5\/2024\/04\/SHIGG90CH.webp\",\"width\":2000,\"height\":2000},{\"@type\":\"BreadcrumbList\",\"@id\":\"https:\/\/glassupply.com\/ca\/fr\/produit\/gs-90-glass-to-glass-square-hinge\/#breadcrumb\",\"itemListElement\":[{\"@type\":\"ListItem\",\"position\":1,\"name\":\"Home\",\"item\":\"https:\/\/glassupply.com\/ca\/fr\/\"},{\"@type\":\"ListItem\",\"position\":2,\"name\":\"Shop\",\"item\":\"https:\/\/glassupply.com\/ca\/fr\/shop\/\"},{\"@type\":\"ListItem\",\"position\":3,\"name\":\"GS 90\u00b0 Glass to Glass Square Hinge\"}]},{\"@type\":\"WebSite\",\"@id\":\"https:\/\/glassupply.com\/ca\/fr\/#website\",\"url\":\"https:\/\/glassupply.com\/ca\/fr\/\",\"name\":\"Glassupply.com\",\"description\":\"From the manufacturer to your doorstep\",\"publisher\":{\"@id\":\"https:\/\/glassupply.com\/ca\/fr\/#organization\"},\"potentialAction\":[{\"@type\":\"SearchAction\",\"target\":{\"@type\":\"EntryPoint\",\"urlTemplate\":\"https:\/\/glassupply.com\/ca\/fr\/?s={search_term_string}\"},\"query-input\":{\"@type\":\"PropertyValueSpecification\",\"valueRequired\":true,\"valueName\":\"search_term_string\"}}],\"inLanguage\":\"fr-FR\"},{\"@type\":\"Organization\",\"@id\":\"https:\/\/glassupply.com\/ca\/fr\/#organization\",\"name\":\"Glassupply.com\",\"url\":\"https:\/\/glassupply.com\/ca\/fr\/\",\"logo\":{\"@type\":\"ImageObject\",\"inLanguage\":\"fr-FR\",\"@id\":\"https:\/\/glassupply.com\/ca\/fr\/#\/schema\/logo\/image\/\",\"url\":\"https:\/\/staging.glassupply.com\/ca\/wp-content\/uploads\/sites\/5\/2023\/07\/logo.svg\",\"contentUrl\":\"https:\/\/staging.glassupply.com\/ca\/wp-content\/uploads\/sites\/5\/2023\/07\/logo.svg\",\"width\":310,\"height\":24,\"caption\":\"Glassupply.com\"},\"image\":{\"@id\":\"https:\/\/glassupply.com\/ca\/fr\/#\/schema\/logo\/image\/\"}}]}<\/script>\n<!-- \/ Yoast SEO plugin. -->","yoast_head_json":{"title":"GS 90\u00b0 Glass to Glass Square Hinge - Glassupply (CA)","robots":{"index":"index","follow":"follow","max-snippet":"max-snippet:-1","max-image-preview":"max-image-preview:large","max-video-preview":"max-video-preview:-1"},"canonical":"https:\/\/glassupply.com\/ca\/fr\/produit\/gs-90-glass-to-glass-square-hinge\/","og_locale":"fr_CA","og_type":"article","og_title":"GS 90\u00b0 Glass to Glass Square Hinge - Glassupply (CA)","og_description":"La charni\u00e8re carr\u00e9e verre \u00e0 verre GS 90\u00b0 est con\u00e7ue pour une installation o\u00f9 une porte en verre est mont\u00e9e sur un panneau de verre fixe adjacent et permet un espace verre \u00e0 verre de 5\/32\u201d (4 mm) \u00e0 5\/16\u201d (8 mm).  Cette charni\u00e8re haut de gamme est auto-centr\u00e9e, contient un axe pivotant r\u00e9versible \u00e0 5 degr\u00e9s et est fabriqu\u00e9e en laiton massif, avec toutes les pi\u00e8ces mobiles (axes et ressorts) en acier inoxydable.  Axe pivotant r\u00e9versible standard  La charni\u00e8re carr\u00e9e verre \u00e0 verre GS 90\u00b0 contient un axe pivotant r\u00e9versible. Un c\u00f4t\u00e9 de l\u2019axe est marqu\u00e9 90 degr\u00e9s. Le c\u00f4t\u00e9 oppos\u00e9 est marqu\u00e9 85 degr\u00e9s.  La charni\u00e8re est pr\u00e9configur\u00e9e avec le c\u00f4t\u00e9 \u00e0 90 degr\u00e9s activ\u00e9 par d\u00e9faut. Cela signifie que lorsque le ressort auto-centrant est activ\u00e9, la porte s\u2019arr\u00eate en position ferm\u00e9e et forme une ligne droite (\u00e9galement appel\u00e9e 90\u00b0 ou 0\u00b0).  Cependant, l\u2019axe peut \u00eatre tourn\u00e9 pour activer l\u2019autre c\u00f4t\u00e9 (85\u00b0), ce qui ferait que la porte s\u2019arr\u00eate en position ferm\u00e9e \u00e0 5\u00b0 au-del\u00e0 d\u2019une ligne droite. Il est important de noter que l\u2019axe ne doit pas \u00eatre retourn\u00e9. Le c\u00f4t\u00e9 \u00e0 85 degr\u00e9s de l\u2019axe pivotant est g\u00e9n\u00e9ralement activ\u00e9 pour obtenir une \u00e9tanch\u00e9it\u00e9 plus serr\u00e9e avec certains types de joints de douche.  Utilisation de deux charni\u00e8res  Avec du verre de 5\/16\u2033 \u00e0 1\/2\u2033 (8 \u00e0 12 mm), la charni\u00e8re supportera jusqu\u2019\u00e0 90 lb (41 kg) avec une largeur maximale de porte de 32\u2033 (813 mm).  Utilisation de trois charni\u00e8res  Avec du verre de 5\/16\u2033 \u00e0 1\/2\u2033 (8 \u00e0 12 mm), la charni\u00e8re supportera jusqu\u2019\u00e0 130 lb (59 kg) avec une largeur maximale de porte de 36\u2033 (915 mm).  Comprend :   Joints pour toutes les \u00e9paisseurs de verre, vis, chevilles murales en plastique.  Veuillez noter qu\u2019un fa\u00e7onnage du verre est n\u00e9cessaire pour accueillir la charni\u00e8re.  Notre processus de finition pour les accessoires de douche comprend trois m\u00e9thodes diff\u00e9rentes, chacune offrant une finition durable, r\u00e9sistante \u00e0 la corrosion et esth\u00e9tiquement attrayante. Ces m\u00e9thodes incluent l\u2019\u00e9lectrophor\u00e8se (noir mat), le chromage (chrome) et le nickelage (nickel bross\u00e9). Quel que soit le choix, notre processus garantit une finition magnifique et durable, r\u00e9pondant aux normes les plus strictes de l\u2019industrie en mati\u00e8re de qualit\u00e9 et de durabilit\u00e9, offrant des performances exceptionnelles et un attrait visuel remarquable. SP\u00c9CIFICATIONS TECHNIQUES    \u00c9paisseur du verre de s\u00e9curit\u00e9 5\/16\u201d (8 mm) \u00e0 1\/2\u201d (12 mm)   Couleur\/Finition Chrome, Nickel bross\u00e9, Noir mat   Test de durabilit\u00e9\/dur\u00e9e de vie 50000 cycles d\u2019ouverture\/fermeture*   Mat\u00e9riau de fabrication Laiton massif   Type de rotation 90\u00b0 vers l\u2019int\u00e9rieur et 90\u00b0 vers l\u2019ext\u00e9rieur   Type de fermeture Auto-centrage dans les 15 degr\u00e9s de la position ferm\u00e9e    *Le terme \u00ab 50000 cycles d\u2019ouverture\/fermeture \u00bb est un test couramment utilis\u00e9 pour mesurer la durabilit\u00e9 et la dur\u00e9e de vie des charni\u00e8res de porte. Cela signifie que la charni\u00e8re a \u00e9t\u00e9 test\u00e9e pour r\u00e9sister \u00e0 50 000 ouvertures et fermetures sans d\u00e9faillance ni signes d\u2019usure.","og_url":"https:\/\/glassupply.com\/ca\/fr\/produit\/gs-90-glass-to-glass-square-hinge\/","og_site_name":"Glassupply (CA)","article_modified_time":"2025-06-06T06:20:09+00:00","og_image":[{"width":2000,"height":2000,"url":"https:\/\/glassupply.com\/ca\/wp-content\/uploads\/sites\/5\/2024\/04\/SHIGG90CH.webp","type":"image\/webp"}],"twitter_card":"summary_large_image","twitter_misc":{"Est. reading time":"1 minute"},"schema":{"@context":"https:\/\/schema.org","@graph":[{"@type":"WebPage","@id":"https:\/\/glassupply.com\/ca\/fr\/produit\/gs-90-glass-to-glass-square-hinge\/","url":"https:\/\/glassupply.com\/ca\/fr\/produit\/gs-90-glass-to-glass-square-hinge\/","name":"GS 90\u00b0 Glass to Glass Square Hinge - Glassupply (CA)","isPartOf":{"@id":"https:\/\/glassupply.com\/ca\/fr\/#website"},"primaryImageOfPage":{"@id":"https:\/\/glassupply.com\/ca\/fr\/produit\/gs-90-glass-to-glass-square-hinge\/#primaryimage"},"image":{"@id":"https:\/\/glassupply.com\/ca\/fr\/produit\/gs-90-glass-to-glass-square-hinge\/#primaryimage"},"thumbnailUrl":"https:\/\/glassupply.com\/ca\/wp-content\/uploads\/sites\/5\/2024\/04\/SHIGG90CH.webp","datePublished":"2023-06-28T14:25:55+00:00","dateModified":"2025-06-06T06:20:09+00:00","breadcrumb":{"@id":"https:\/\/glassupply.com\/ca\/fr\/produit\/gs-90-glass-to-glass-square-hinge\/#breadcrumb"},"inLanguage":"fr-FR","potentialAction":[{"@type":"ReadAction","target":["https:\/\/glassupply.com\/ca\/fr\/produit\/gs-90-glass-to-glass-square-hinge\/"]}]},{"@type":"ImageObject","inLanguage":"fr-FR","@id":"https:\/\/glassupply.com\/ca\/fr\/produit\/gs-90-glass-to-glass-square-hinge\/#primaryimage","url":"https:\/\/glassupply.com\/ca\/wp-content\/uploads\/sites\/5\/2024\/04\/SHIGG90CH.webp","contentUrl":"https:\/\/glassupply.com\/ca\/wp-content\/uploads\/sites\/5\/2024\/04\/SHIGG90CH.webp","width":2000,"height":2000},{"@type":"BreadcrumbList","@id":"https:\/\/glassupply.com\/ca\/fr\/produit\/gs-90-glass-to-glass-square-hinge\/#breadcrumb","itemListElement":[{"@type":"ListItem","position":1,"name":"Home","item":"https:\/\/glassupply.com\/ca\/fr\/"},{"@type":"ListItem","position":2,"name":"Shop","item":"https:\/\/glassupply.com\/ca\/fr\/shop\/"},{"@type":"ListItem","position":3,"name":"GS 90\u00b0 Glass to Glass Square Hinge"}]},{"@type":"WebSite","@id":"https:\/\/glassupply.com\/ca\/fr\/#website","url":"https:\/\/glassupply.com\/ca\/fr\/","name":"Glassupply.com","description":"From the manufacturer to your doorstep","publisher":{"@id":"https:\/\/glassupply.com\/ca\/fr\/#organization"},"potentialAction":[{"@type":"SearchAction","target":{"@type":"EntryPoint","urlTemplate":"https:\/\/glassupply.com\/ca\/fr\/?s={search_term_string}"},"query-input":{"@type":"PropertyValueSpecification","valueRequired":true,"valueName":"search_term_string"}}],"inLanguage":"fr-FR"},{"@type":"Organization","@id":"https:\/\/glassupply.com\/ca\/fr\/#organization","name":"Glassupply.com","url":"https:\/\/glassupply.com\/ca\/fr\/","logo":{"@type":"ImageObject","inLanguage":"fr-FR","@id":"https:\/\/glassupply.com\/ca\/fr\/#\/schema\/logo\/image\/","url":"https:\/\/staging.glassupply.com\/ca\/wp-content\/uploads\/sites\/5\/2023\/07\/logo.svg","contentUrl":"https:\/\/staging.glassupply.com\/ca\/wp-content\/uploads\/sites\/5\/2023\/07\/logo.svg","width":310,"height":24,"caption":"Glassupply.com"},"image":{"@id":"https:\/\/glassupply.com\/ca\/fr\/#\/schema\/logo\/image\/"}}]}},"_links":{"self":[{"href":"https:\/\/glassupply.com\/ca\/fr\/wp-json\/wp\/v2\/product\/3340","targetHints":{"allow":["GET"]}}],"collection":[{"href":"https:\/\/glassupply.com\/ca\/fr\/wp-json\/wp\/v2\/product"}],"about":[{"href":"https:\/\/glassupply.com\/ca\/fr\/wp-json\/wp\/v2\/types\/product"}],"replies":[{"embeddable":true,"href":"https:\/\/glassupply.com\/ca\/fr\/wp-json\/wp\/v2\/comments?post=3340"}],"wp:featuredmedia":[{"embeddable":true,"href":"https:\/\/glassupply.com\/ca\/fr\/wp-json\/wp\/v2\/media\/6179"}],"wp:attachment":[{"href":"https:\/\/glassupply.com\/ca\/fr\/wp-json\/wp\/v2\/media?parent=3340"}],"wp:term":[{"taxonomy":"product_brand","embeddable":true,"href":"https:\/\/glassupply.com\/ca\/fr\/wp-json\/wp\/v2\/product_brand?post=3340"},{"taxonomy":"product_cat","embeddable":true,"href":"https:\/\/glassupply.com\/ca\/fr\/wp-json\/wp\/v2\/product_cat?post=3340"},{"taxonomy":"product_tag","embeddable":true,"href":"https:\/\/glassupply.com\/ca\/fr\/wp-json\/wp\/v2\/product_tag?post=3340"}],"curies":[{"name":"wp","href":"https:\/\/api.w.org\/{rel}","templated":true}]}}