{"id":6017,"date":"2024-04-09T08:05:54","date_gmt":"2024-04-09T13:05:54","guid":{"rendered":"https:\/\/glassupply.com\/ca\/shop\/square-post-kit-for-aluminum-framed-railing-system\/"},"modified":"2025-06-05T06:21:58","modified_gmt":"2025-06-05T11:21:58","slug":"square-post-kit-for-aluminum-framed-railing-system","status":"publish","type":"product","link":"https:\/\/glassupply.com\/ca\/fr\/produit\/square-post-kit-for-aluminum-framed-railing-system\/","title":{"rendered":"2 1\/4&Prime; Square Post Kit for Aluminum Framed Railing System"},"content":{"rendered":"","protected":false},"excerpt":{"rendered":"<p><span style=\"font-weight: 400;\">Pr\u00e9sentation de notre kit de poteau carr\u00e9 GS 2 1\/4&Prime; pour montage en surface, un composant cl\u00e9 id\u00e9alement adapt\u00e9 \u00e0 notre syst\u00e8me de garde-corps \u00e0 cadre en aluminium GS. Ce poteau robuste constitue un \u00e9l\u00e9ment fondamental assurant l&rsquo;int\u00e9grit\u00e9 structurelle et la stabilit\u00e9 de notre solution de garde-corps \u00e0 cadre en aluminium GS, mais peut \u00e9galement \u00eatre utilis\u00e9 pour d&rsquo;autres applications.<\/span><\/p>\n<p><span style=\"font-weight: 400;\">Le design carr\u00e9 de 2-1\/4&Prime; avec des coins \u00e0 petit rayon offre robustesse tout en minimisant l&rsquo;obstruction de la vue et en conservant une apparence \u00e9l\u00e9gante et contemporaine.<\/span><\/p>\n<p><span style=\"font-weight: 400;\">Obtenez un attrait esth\u00e9tique optimal avec notre syst\u00e8me de poteaux et de garde-corps en aluminium<\/span><b>, sans vis visibles ni marques de soudure pour une finition homog\u00e8ne.<\/b><\/p>\n<p><span style=\"font-weight: 400;\">Con\u00e7u pour simplifier l&rsquo;installation des panneaux de verre, m\u00eame sur des surfaces horizontales irr\u00e9guli\u00e8res.<\/span><\/p>\n<p><span style=\"font-weight: 400;\">Le kit de poteau est fourni avec un support mont\u00e9 en fa\u00e7ade, un capuchon de poteau, et des caches-vis \u00e0 t\u00eate Lag et Phillips.<\/span><\/p>\n<p><span style=\"font-weight: 400;\">\u00c9galement disponible avec une base mont\u00e9e en fa\u00e7ade, notre poteau de 2-1\/4&Prime; offre fiabilit\u00e9 et attrait esth\u00e9tique, ce qui en fait un excellent choix pour tout projet.<\/span><\/p>\n<p><span style=\"font-weight: 400;\">\u00a0\u00a0Caract\u00e9ristiques cl\u00e9s et avantages :<\/span><\/p>\n<p><span style=\"font-weight: 400;\">&#8211; Ces poteaux sont soigneusement con\u00e7us pour une int\u00e9gration sans faille et des performances durables.<\/span><\/p>\n<p><span style=\"font-weight: 400;\">&#8211; La g\u00e9om\u00e9trie des guides de vis internes dans la section interne du poteau permet des connexions simples et dissimul\u00e9es avec d&rsquo;autres composants du syst\u00e8me.<\/span><\/p>\n<p><span style=\"font-weight: 400;\">&#8211; Le design carr\u00e9 de 2-1\/4&Prime; avec des coins \u00e0 petit rayon assure robustesse tout en minimisant l&rsquo;obstruction de la vue et en conservant une apparence \u00e9l\u00e9gante et moderne.<\/span><\/p>\n<p><span style=\"font-weight: 400;\">&#8211; Fabriqu\u00e9s en aluminium 6063-T6, ces poteaux garantissent solidit\u00e9 et support pour le verre sans affaissement ni besoin de support suppl\u00e9mentaire.<\/span><\/p>\n<p><span style=\"font-weight: 400;\">&#8211; Le rev\u00eatement en poudre AAMA 2604 offre une durabilit\u00e9 exceptionnelle.<\/span><\/p>\n<p><span style=\"font-weight: 400;\">&#8211; Disponibles en hauteurs finales de 36&Prime;, 42&Prime; et 48&Prime;, ces poteaux s&rsquo;adaptent \u00e0 divers besoins de projets.<\/span><\/p>\n<p><span style=\"font-weight: 400;\">&#8211; Syst\u00e8me d&rsquo;ajustement serr\u00e9 du capuchon de poteau, sans colle ni silicone requis.<\/span><\/p>\n<p><span style=\"font-weight: 400;\">&#8211; L&rsquo;assemblage facile pour les bricoleurs est facilit\u00e9 par des instructions d\u00e9taill\u00e9es et des guides de per\u00e7age, garantissant une installation simple.<\/span><\/p>\n<h2><b>LE KIT COMPREND<\/b><\/h2>\n<table>\n<tbody>\n<tr>\n<td><b>Produit<\/b><\/td>\n<td><b>SKU<\/b><\/td>\n<td><b>Qt\u00e9<\/b><\/td>\n<\/tr>\n<tr>\n<td><span style=\"font-weight: 400;\">Poteau carr\u00e9 2 1\/4&Prime;<\/span><\/td>\n<td><span style=\"font-weight: 400;\">R-AFR-37PO-XX, ou R-AFR-43PO-XX, ou R-AFR-49PO-XX<\/span><\/td>\n<td><span style=\"font-weight: 400;\">1<\/span><\/td>\n<\/tr>\n<tr>\n<td><span style=\"font-weight: 400;\">Base du poteau<\/span><\/td>\n<td><span style=\"font-weight: 400;\">R-AFR-PB-XX<\/span><\/td>\n<td><span style=\"font-weight: 400;\">1<\/span><\/td>\n<\/tr>\n<tr>\n<td><span style=\"font-weight: 400;\">Capuchon de poteau<\/span><\/td>\n<td><span style=\"font-weight: 400;\">R-AFR-PC<\/span><\/td>\n<td><span style=\"font-weight: 400;\">1<\/span><\/td>\n<\/tr>\n<tr>\n<td><span style=\"font-weight: 400;\">Caches-vis \u00e0 t\u00eate Lag<\/span><\/td>\n<td><span style=\"font-weight: 400;\">R-AFR-CLS-XX<\/span><\/td>\n<td><span style=\"font-weight: 400;\">4<\/span><\/td>\n<\/tr>\n<tr>\n<td><span style=\"font-weight: 400;\">Vis \u00e0 t\u00eate plate inox 18-8, taille #14, 2&Prime; de long (pour fixation de la plaque de base au poteau)<\/span><\/td>\n<td><span style=\"font-weight: 400;\">R-AFR-BPSCW14-2-00<\/span><\/td>\n<td><span style=\"font-weight: 400;\">4<\/span><\/td>\n<\/tr>\n<\/tbody>\n<\/table>\n<h2><b>SP\u00c9CIFICATIONS TECHNIQUES<\/b><\/h2>\n<table>\n<tbody>\n<tr>\n<td><b>Traitement de surface<\/b><\/td>\n<td><span style=\"font-weight: 400;\">Rev\u00eatement en poudre<\/span><\/td>\n<\/tr>\n<tr>\n<td><b>Couleur\/Finition<\/b><\/td>\n<td><span style=\"font-weight: 400;\">Blanc, Noir<\/span><\/td>\n<\/tr>\n<tr>\n<td><b>Mat\u00e9riau de fabrication<\/b><\/td>\n<td><span style=\"font-weight: 400;\">Aluminium 6063-T6<\/span><\/td>\n<\/tr>\n<tr>\n<td><b>Utilisation recommand\u00e9e<\/b><\/td>\n<td><span style=\"font-weight: 400;\">Garde-corps, Cl\u00f4ture de piscine, Main courante, Garde-corps de terrasse<\/span><\/td>\n<\/tr>\n<\/tbody>\n<\/table>\n","protected":false},"featured_media":5985,"comment_status":"closed","ping_status":"closed","template":"","meta":{"_acf_changed":false,"inline_featured_image":false},"product_brand":[],"product_cat":[71,155,130],"product_tag":[],"class_list":{"0":"post-6017","1":"product","2":"type-product","3":"status-publish","4":"has-post-thumbnail","6":"product_cat-glass-fence-railing-hardware-fr","7":"product_cat-aluminum-framed-railing-fr-glass-fence-railing-hardware-fr","8":"product_cat-railing-system-fr","10":"first","11":"instock","12":"taxable","13":"shipping-taxable","14":"purchasable","15":"product-type-variable"},"acf":[],"yoast_head":"<!-- This site is optimized with the Yoast SEO plugin v26.9 - https:\/\/yoast.com\/product\/yoast-seo-wordpress\/ -->\n<title>2 1\/4&quot; Square Post Kit for Aluminum Framed Railing System - Glassupply (CA)<\/title>\n<meta name=\"robots\" content=\"index, follow, max-snippet:-1, max-image-preview:large, max-video-preview:-1\" \/>\n<link rel=\"canonical\" href=\"https:\/\/glassupply.com\/ca\/fr\/produit\/square-post-kit-for-aluminum-framed-railing-system\/\" \/>\n<meta property=\"og:locale\" content=\"fr_CA\" \/>\n<meta property=\"og:type\" content=\"article\" \/>\n<meta property=\"og:title\" content=\"2 1\/4&quot; Square Post Kit for Aluminum Framed Railing System - Glassupply (CA)\" \/>\n<meta property=\"og:description\" content=\"Pr\u00e9sentation de notre kit de poteau carr\u00e9 GS 2 1\/4&quot; pour montage en surface, un composant cl\u00e9 id\u00e9alement adapt\u00e9 \u00e0 notre syst\u00e8me de garde-corps \u00e0 cadre en aluminium GS. Ce poteau robuste constitue un \u00e9l\u00e9ment fondamental assurant l&#039;int\u00e9grit\u00e9 structurelle et la stabilit\u00e9 de notre solution de garde-corps \u00e0 cadre en aluminium GS, mais peut \u00e9galement \u00eatre utilis\u00e9 pour d&#039;autres applications.  Le design carr\u00e9 de 2-1\/4&quot; avec des coins \u00e0 petit rayon offre robustesse tout en minimisant l&#039;obstruction de la vue et en conservant une apparence \u00e9l\u00e9gante et contemporaine.  Obtenez un attrait esth\u00e9tique optimal avec notre syst\u00e8me de poteaux et de garde-corps en aluminium, sans vis visibles ni marques de soudure pour une finition homog\u00e8ne.  Con\u00e7u pour simplifier l&#039;installation des panneaux de verre, m\u00eame sur des surfaces horizontales irr\u00e9guli\u00e8res.  Le kit de poteau est fourni avec un support mont\u00e9 en fa\u00e7ade, un capuchon de poteau, et des caches-vis \u00e0 t\u00eate Lag et Phillips.  \u00c9galement disponible avec une base mont\u00e9e en fa\u00e7ade, notre poteau de 2-1\/4&quot; offre fiabilit\u00e9 et attrait esth\u00e9tique, ce qui en fait un excellent choix pour tout projet.  \u00a0\u00a0Caract\u00e9ristiques cl\u00e9s et avantages :  - Ces poteaux sont soigneusement con\u00e7us pour une int\u00e9gration sans faille et des performances durables.  - La g\u00e9om\u00e9trie des guides de vis internes dans la section interne du poteau permet des connexions simples et dissimul\u00e9es avec d&#039;autres composants du syst\u00e8me.  - Le design carr\u00e9 de 2-1\/4&quot; avec des coins \u00e0 petit rayon assure robustesse tout en minimisant l&#039;obstruction de la vue et en conservant une apparence \u00e9l\u00e9gante et moderne.  - Fabriqu\u00e9s en aluminium 6063-T6, ces poteaux garantissent solidit\u00e9 et support pour le verre sans affaissement ni besoin de support suppl\u00e9mentaire.  - Le rev\u00eatement en poudre AAMA 2604 offre une durabilit\u00e9 exceptionnelle.  - Disponibles en hauteurs finales de 36&quot;, 42&quot; et 48&quot;, ces poteaux s&#039;adaptent \u00e0 divers besoins de projets.  - Syst\u00e8me d&#039;ajustement serr\u00e9 du capuchon de poteau, sans colle ni silicone requis.  - L&#039;assemblage facile pour les bricoleurs est facilit\u00e9 par des instructions d\u00e9taill\u00e9es et des guides de per\u00e7age, garantissant une installation simple. LE KIT COMPREND    Produit SKU Qt\u00e9   Poteau carr\u00e9 2 1\/4&quot; R-AFR-37PO-XX, ou R-AFR-43PO-XX, ou R-AFR-49PO-XX 1   Base du poteau R-AFR-PB-XX 1   Capuchon de poteau R-AFR-PC 1   Caches-vis \u00e0 t\u00eate Lag R-AFR-CLS-XX 4   Vis \u00e0 t\u00eate plate inox 18-8, taille #14, 2&quot; de long (pour fixation de la plaque de base au poteau) R-AFR-BPSCW14-2-00 4    SP\u00c9CIFICATIONS TECHNIQUES    Traitement de surface Rev\u00eatement en poudre   Couleur\/Finition Blanc, Noir   Mat\u00e9riau de fabrication Aluminium 6063-T6   Utilisation recommand\u00e9e Garde-corps, Cl\u00f4ture de piscine, Main courante, Garde-corps de terrasse\" \/>\n<meta property=\"og:url\" content=\"https:\/\/glassupply.com\/ca\/fr\/produit\/square-post-kit-for-aluminum-framed-railing-system\/\" \/>\n<meta property=\"og:site_name\" content=\"Glassupply (CA)\" \/>\n<meta property=\"article:modified_time\" content=\"2025-06-05T11:21:58+00:00\" \/>\n<meta property=\"og:image\" content=\"https:\/\/glassupply.com\/ca\/wp-content\/uploads\/sites\/5\/2024\/04\/R-AFR-43POKIT-BK.webp\" \/>\n\t<meta property=\"og:image:width\" content=\"2000\" \/>\n\t<meta property=\"og:image:height\" content=\"2000\" \/>\n\t<meta property=\"og:image:type\" content=\"image\/webp\" \/>\n<meta name=\"twitter:card\" content=\"summary_large_image\" \/>\n<meta name=\"twitter:label1\" content=\"Est. reading time\" \/>\n\t<meta name=\"twitter:data1\" content=\"1 minute\" \/>\n<script type=\"application\/ld+json\" class=\"yoast-schema-graph\">{\"@context\":\"https:\/\/schema.org\",\"@graph\":[{\"@type\":\"WebPage\",\"@id\":\"https:\/\/glassupply.com\/ca\/fr\/produit\/square-post-kit-for-aluminum-framed-railing-system\/\",\"url\":\"https:\/\/glassupply.com\/ca\/fr\/produit\/square-post-kit-for-aluminum-framed-railing-system\/\",\"name\":\"2 1\/4\\\" Square Post Kit for Aluminum Framed Railing System - Glassupply (CA)\",\"isPartOf\":{\"@id\":\"https:\/\/glassupply.com\/ca\/fr\/#website\"},\"primaryImageOfPage\":{\"@id\":\"https:\/\/glassupply.com\/ca\/fr\/produit\/square-post-kit-for-aluminum-framed-railing-system\/#primaryimage\"},\"image\":{\"@id\":\"https:\/\/glassupply.com\/ca\/fr\/produit\/square-post-kit-for-aluminum-framed-railing-system\/#primaryimage\"},\"thumbnailUrl\":\"https:\/\/glassupply.com\/ca\/wp-content\/uploads\/sites\/5\/2024\/04\/R-AFR-43POKIT-BK.webp\",\"datePublished\":\"2024-04-09T13:05:54+00:00\",\"dateModified\":\"2025-06-05T11:21:58+00:00\",\"breadcrumb\":{\"@id\":\"https:\/\/glassupply.com\/ca\/fr\/produit\/square-post-kit-for-aluminum-framed-railing-system\/#breadcrumb\"},\"inLanguage\":\"fr-FR\",\"potentialAction\":[{\"@type\":\"ReadAction\",\"target\":[\"https:\/\/glassupply.com\/ca\/fr\/produit\/square-post-kit-for-aluminum-framed-railing-system\/\"]}]},{\"@type\":\"ImageObject\",\"inLanguage\":\"fr-FR\",\"@id\":\"https:\/\/glassupply.com\/ca\/fr\/produit\/square-post-kit-for-aluminum-framed-railing-system\/#primaryimage\",\"url\":\"https:\/\/glassupply.com\/ca\/wp-content\/uploads\/sites\/5\/2024\/04\/R-AFR-43POKIT-BK.webp\",\"contentUrl\":\"https:\/\/glassupply.com\/ca\/wp-content\/uploads\/sites\/5\/2024\/04\/R-AFR-43POKIT-BK.webp\",\"width\":2000,\"height\":2000},{\"@type\":\"BreadcrumbList\",\"@id\":\"https:\/\/glassupply.com\/ca\/fr\/produit\/square-post-kit-for-aluminum-framed-railing-system\/#breadcrumb\",\"itemListElement\":[{\"@type\":\"ListItem\",\"position\":1,\"name\":\"Home\",\"item\":\"https:\/\/glassupply.com\/ca\/fr\/\"},{\"@type\":\"ListItem\",\"position\":2,\"name\":\"Shop\",\"item\":\"https:\/\/glassupply.com\/ca\/fr\/shop\/\"},{\"@type\":\"ListItem\",\"position\":3,\"name\":\"2 1\/4&#8243; Square Post Kit for Aluminum Framed Railing System\"}]},{\"@type\":\"WebSite\",\"@id\":\"https:\/\/glassupply.com\/ca\/fr\/#website\",\"url\":\"https:\/\/glassupply.com\/ca\/fr\/\",\"name\":\"Glassupply.com\",\"description\":\"From the manufacturer to your doorstep\",\"publisher\":{\"@id\":\"https:\/\/glassupply.com\/ca\/fr\/#organization\"},\"potentialAction\":[{\"@type\":\"SearchAction\",\"target\":{\"@type\":\"EntryPoint\",\"urlTemplate\":\"https:\/\/glassupply.com\/ca\/fr\/?s={search_term_string}\"},\"query-input\":{\"@type\":\"PropertyValueSpecification\",\"valueRequired\":true,\"valueName\":\"search_term_string\"}}],\"inLanguage\":\"fr-FR\"},{\"@type\":\"Organization\",\"@id\":\"https:\/\/glassupply.com\/ca\/fr\/#organization\",\"name\":\"Glassupply.com\",\"url\":\"https:\/\/glassupply.com\/ca\/fr\/\",\"logo\":{\"@type\":\"ImageObject\",\"inLanguage\":\"fr-FR\",\"@id\":\"https:\/\/glassupply.com\/ca\/fr\/#\/schema\/logo\/image\/\",\"url\":\"https:\/\/staging.glassupply.com\/ca\/wp-content\/uploads\/sites\/5\/2023\/07\/logo.svg\",\"contentUrl\":\"https:\/\/staging.glassupply.com\/ca\/wp-content\/uploads\/sites\/5\/2023\/07\/logo.svg\",\"width\":310,\"height\":24,\"caption\":\"Glassupply.com\"},\"image\":{\"@id\":\"https:\/\/glassupply.com\/ca\/fr\/#\/schema\/logo\/image\/\"}}]}<\/script>\n<!-- \/ Yoast SEO plugin. -->","yoast_head_json":{"title":"2 1\/4\" Square Post Kit for Aluminum Framed Railing System - Glassupply (CA)","robots":{"index":"index","follow":"follow","max-snippet":"max-snippet:-1","max-image-preview":"max-image-preview:large","max-video-preview":"max-video-preview:-1"},"canonical":"https:\/\/glassupply.com\/ca\/fr\/produit\/square-post-kit-for-aluminum-framed-railing-system\/","og_locale":"fr_CA","og_type":"article","og_title":"2 1\/4\" Square Post Kit for Aluminum Framed Railing System - Glassupply (CA)","og_description":"Pr\u00e9sentation de notre kit de poteau carr\u00e9 GS 2 1\/4\" pour montage en surface, un composant cl\u00e9 id\u00e9alement adapt\u00e9 \u00e0 notre syst\u00e8me de garde-corps \u00e0 cadre en aluminium GS. Ce poteau robuste constitue un \u00e9l\u00e9ment fondamental assurant l'int\u00e9grit\u00e9 structurelle et la stabilit\u00e9 de notre solution de garde-corps \u00e0 cadre en aluminium GS, mais peut \u00e9galement \u00eatre utilis\u00e9 pour d'autres applications.  Le design carr\u00e9 de 2-1\/4\" avec des coins \u00e0 petit rayon offre robustesse tout en minimisant l'obstruction de la vue et en conservant une apparence \u00e9l\u00e9gante et contemporaine.  Obtenez un attrait esth\u00e9tique optimal avec notre syst\u00e8me de poteaux et de garde-corps en aluminium, sans vis visibles ni marques de soudure pour une finition homog\u00e8ne.  Con\u00e7u pour simplifier l'installation des panneaux de verre, m\u00eame sur des surfaces horizontales irr\u00e9guli\u00e8res.  Le kit de poteau est fourni avec un support mont\u00e9 en fa\u00e7ade, un capuchon de poteau, et des caches-vis \u00e0 t\u00eate Lag et Phillips.  \u00c9galement disponible avec une base mont\u00e9e en fa\u00e7ade, notre poteau de 2-1\/4\" offre fiabilit\u00e9 et attrait esth\u00e9tique, ce qui en fait un excellent choix pour tout projet.  \u00a0\u00a0Caract\u00e9ristiques cl\u00e9s et avantages :  - Ces poteaux sont soigneusement con\u00e7us pour une int\u00e9gration sans faille et des performances durables.  - La g\u00e9om\u00e9trie des guides de vis internes dans la section interne du poteau permet des connexions simples et dissimul\u00e9es avec d'autres composants du syst\u00e8me.  - Le design carr\u00e9 de 2-1\/4\" avec des coins \u00e0 petit rayon assure robustesse tout en minimisant l'obstruction de la vue et en conservant une apparence \u00e9l\u00e9gante et moderne.  - Fabriqu\u00e9s en aluminium 6063-T6, ces poteaux garantissent solidit\u00e9 et support pour le verre sans affaissement ni besoin de support suppl\u00e9mentaire.  - Le rev\u00eatement en poudre AAMA 2604 offre une durabilit\u00e9 exceptionnelle.  - Disponibles en hauteurs finales de 36\", 42\" et 48\", ces poteaux s'adaptent \u00e0 divers besoins de projets.  - Syst\u00e8me d'ajustement serr\u00e9 du capuchon de poteau, sans colle ni silicone requis.  - L'assemblage facile pour les bricoleurs est facilit\u00e9 par des instructions d\u00e9taill\u00e9es et des guides de per\u00e7age, garantissant une installation simple. LE KIT COMPREND    Produit SKU Qt\u00e9   Poteau carr\u00e9 2 1\/4\" R-AFR-37PO-XX, ou R-AFR-43PO-XX, ou R-AFR-49PO-XX 1   Base du poteau R-AFR-PB-XX 1   Capuchon de poteau R-AFR-PC 1   Caches-vis \u00e0 t\u00eate Lag R-AFR-CLS-XX 4   Vis \u00e0 t\u00eate plate inox 18-8, taille #14, 2\" de long (pour fixation de la plaque de base au poteau) R-AFR-BPSCW14-2-00 4    SP\u00c9CIFICATIONS TECHNIQUES    Traitement de surface Rev\u00eatement en poudre   Couleur\/Finition Blanc, Noir   Mat\u00e9riau de fabrication Aluminium 6063-T6   Utilisation recommand\u00e9e Garde-corps, Cl\u00f4ture de piscine, Main courante, Garde-corps de terrasse","og_url":"https:\/\/glassupply.com\/ca\/fr\/produit\/square-post-kit-for-aluminum-framed-railing-system\/","og_site_name":"Glassupply (CA)","article_modified_time":"2025-06-05T11:21:58+00:00","og_image":[{"width":2000,"height":2000,"url":"https:\/\/glassupply.com\/ca\/wp-content\/uploads\/sites\/5\/2024\/04\/R-AFR-43POKIT-BK.webp","type":"image\/webp"}],"twitter_card":"summary_large_image","twitter_misc":{"Est. reading time":"1 minute"},"schema":{"@context":"https:\/\/schema.org","@graph":[{"@type":"WebPage","@id":"https:\/\/glassupply.com\/ca\/fr\/produit\/square-post-kit-for-aluminum-framed-railing-system\/","url":"https:\/\/glassupply.com\/ca\/fr\/produit\/square-post-kit-for-aluminum-framed-railing-system\/","name":"2 1\/4\" Square Post Kit for Aluminum Framed Railing System - Glassupply (CA)","isPartOf":{"@id":"https:\/\/glassupply.com\/ca\/fr\/#website"},"primaryImageOfPage":{"@id":"https:\/\/glassupply.com\/ca\/fr\/produit\/square-post-kit-for-aluminum-framed-railing-system\/#primaryimage"},"image":{"@id":"https:\/\/glassupply.com\/ca\/fr\/produit\/square-post-kit-for-aluminum-framed-railing-system\/#primaryimage"},"thumbnailUrl":"https:\/\/glassupply.com\/ca\/wp-content\/uploads\/sites\/5\/2024\/04\/R-AFR-43POKIT-BK.webp","datePublished":"2024-04-09T13:05:54+00:00","dateModified":"2025-06-05T11:21:58+00:00","breadcrumb":{"@id":"https:\/\/glassupply.com\/ca\/fr\/produit\/square-post-kit-for-aluminum-framed-railing-system\/#breadcrumb"},"inLanguage":"fr-FR","potentialAction":[{"@type":"ReadAction","target":["https:\/\/glassupply.com\/ca\/fr\/produit\/square-post-kit-for-aluminum-framed-railing-system\/"]}]},{"@type":"ImageObject","inLanguage":"fr-FR","@id":"https:\/\/glassupply.com\/ca\/fr\/produit\/square-post-kit-for-aluminum-framed-railing-system\/#primaryimage","url":"https:\/\/glassupply.com\/ca\/wp-content\/uploads\/sites\/5\/2024\/04\/R-AFR-43POKIT-BK.webp","contentUrl":"https:\/\/glassupply.com\/ca\/wp-content\/uploads\/sites\/5\/2024\/04\/R-AFR-43POKIT-BK.webp","width":2000,"height":2000},{"@type":"BreadcrumbList","@id":"https:\/\/glassupply.com\/ca\/fr\/produit\/square-post-kit-for-aluminum-framed-railing-system\/#breadcrumb","itemListElement":[{"@type":"ListItem","position":1,"name":"Home","item":"https:\/\/glassupply.com\/ca\/fr\/"},{"@type":"ListItem","position":2,"name":"Shop","item":"https:\/\/glassupply.com\/ca\/fr\/shop\/"},{"@type":"ListItem","position":3,"name":"2 1\/4&#8243; Square Post Kit for Aluminum Framed Railing System"}]},{"@type":"WebSite","@id":"https:\/\/glassupply.com\/ca\/fr\/#website","url":"https:\/\/glassupply.com\/ca\/fr\/","name":"Glassupply.com","description":"From the manufacturer to your doorstep","publisher":{"@id":"https:\/\/glassupply.com\/ca\/fr\/#organization"},"potentialAction":[{"@type":"SearchAction","target":{"@type":"EntryPoint","urlTemplate":"https:\/\/glassupply.com\/ca\/fr\/?s={search_term_string}"},"query-input":{"@type":"PropertyValueSpecification","valueRequired":true,"valueName":"search_term_string"}}],"inLanguage":"fr-FR"},{"@type":"Organization","@id":"https:\/\/glassupply.com\/ca\/fr\/#organization","name":"Glassupply.com","url":"https:\/\/glassupply.com\/ca\/fr\/","logo":{"@type":"ImageObject","inLanguage":"fr-FR","@id":"https:\/\/glassupply.com\/ca\/fr\/#\/schema\/logo\/image\/","url":"https:\/\/staging.glassupply.com\/ca\/wp-content\/uploads\/sites\/5\/2023\/07\/logo.svg","contentUrl":"https:\/\/staging.glassupply.com\/ca\/wp-content\/uploads\/sites\/5\/2023\/07\/logo.svg","width":310,"height":24,"caption":"Glassupply.com"},"image":{"@id":"https:\/\/glassupply.com\/ca\/fr\/#\/schema\/logo\/image\/"}}]}},"_links":{"self":[{"href":"https:\/\/glassupply.com\/ca\/fr\/wp-json\/wp\/v2\/product\/6017","targetHints":{"allow":["GET"]}}],"collection":[{"href":"https:\/\/glassupply.com\/ca\/fr\/wp-json\/wp\/v2\/product"}],"about":[{"href":"https:\/\/glassupply.com\/ca\/fr\/wp-json\/wp\/v2\/types\/product"}],"replies":[{"embeddable":true,"href":"https:\/\/glassupply.com\/ca\/fr\/wp-json\/wp\/v2\/comments?post=6017"}],"wp:featuredmedia":[{"embeddable":true,"href":"https:\/\/glassupply.com\/ca\/fr\/wp-json\/wp\/v2\/media\/5985"}],"wp:attachment":[{"href":"https:\/\/glassupply.com\/ca\/fr\/wp-json\/wp\/v2\/media?parent=6017"}],"wp:term":[{"taxonomy":"product_brand","embeddable":true,"href":"https:\/\/glassupply.com\/ca\/fr\/wp-json\/wp\/v2\/product_brand?post=6017"},{"taxonomy":"product_cat","embeddable":true,"href":"https:\/\/glassupply.com\/ca\/fr\/wp-json\/wp\/v2\/product_cat?post=6017"},{"taxonomy":"product_tag","embeddable":true,"href":"https:\/\/glassupply.com\/ca\/fr\/wp-json\/wp\/v2\/product_tag?post=6017"}],"curies":[{"name":"wp","href":"https:\/\/api.w.org\/{rel}","templated":true}]}}