{"id":6350,"date":"2024-04-11T00:48:14","date_gmt":"2024-04-11T05:48:14","guid":{"rendered":"https:\/\/glassupply.com\/ca\/shop\/handrail-kit-for-aluminum-framed-railing-system\/"},"modified":"2025-06-05T06:30:41","modified_gmt":"2025-06-05T11:30:41","slug":"handrail-kit-for-aluminum-framed-railing-system","status":"publish","type":"product","link":"https:\/\/glassupply.com\/ca\/fr\/produit\/handrail-kit-for-aluminum-framed-railing-system\/","title":{"rendered":"Handrail Kit for Aluminum Framed Railing System"},"content":{"rendered":"","protected":false},"excerpt":{"rendered":"<p><span style=\"font-weight: 400;\">Pr\u00e9sentation de notre Kit de Main Courante Moderne GS pour applications de syst\u00e8mes de garde-corps, un composant essentiel parfaitement adapt\u00e9 \u00e0 notre syst\u00e8me de garde-corps encadr\u00e9 en aluminium GS. Ce montant robuste constitue un \u00e9l\u00e9ment fondamental pour garantir l&rsquo;int\u00e9grit\u00e9 structurelle et la stabilit\u00e9 de notre solution de garde-corps encadr\u00e9 en aluminium GS, mais peut \u00e9galement \u00eatre utilis\u00e9 pour d&rsquo;autres applications.<\/span><\/p>\n<p><span style=\"font-weight: 400;\">Le Kit de Main Courante GS est dot\u00e9 d\u2019un<\/span><b> syst\u00e8me \u00e0 enclenchement<\/b><span style=\"font-weight: 400;\">, permettant de fixer facilement le rail \u00e0 sa base <\/span><b>sans vis ni attaches suppl\u00e9mentaires<\/b><span style=\"font-weight: 400;\">. Ce design innovant assure une finition haut de gamme sup\u00e9rieure par rapport aux montants soud\u00e9s traditionnels, offrant une apparence \u00e9l\u00e9gante et homog\u00e8ne.<\/span><\/p>\n<p><span style=\"font-weight: 400;\">Associ\u00e9 au Kit de Rail Inf\u00e9rieur GS, le syst\u00e8me propose une <\/span><b>fonction de verre \u00e0 insertion verticale<\/b><span style=\"font-weight: 400;\">, permettant une installation simple. Cela signifie que les rails sup\u00e9rieur et inf\u00e9rieur peuvent \u00eatre mont\u00e9s en premier, puis le verre peut \u00eatre ins\u00e9r\u00e9 dans le joint sup\u00e9rieur et ensuite d\u00e9pos\u00e9 dans le rail du joint inf\u00e9rieur. Cette m\u00e9thode permet d&rsquo;ajuster et d&rsquo;installer le verre directement sur site pour chaque projet, garantissant un ajustement parfait, contrairement aux syst\u00e8mes pr\u00e9assembl\u00e9s en usine.<\/span><\/p>\n<p><span style=\"font-weight: 400;\">Un \u00e9l\u00e9ment int\u00e9ressant \u00e0 noter est que notre kit comprend deux supports de fixation, offrant une flexibilit\u00e9 d\u2019installation au mur ou sur un poteau.<\/span><\/p>\n<p><span style=\"font-weight: 400;\">\u00a0\u00a0\u00a0\u00a0Caract\u00e9ristiques &amp; Avantages\u00a0:<\/span><\/p>\n<p><span style=\"font-weight: 400;\">&#8211; Fabriqu\u00e9 en aluminium 6063-T6, garantit r\u00e9sistance et maintien du verre sans affaissement ni besoin de support suppl\u00e9mentaire.<\/span><\/p>\n<p><span style=\"font-weight: 400;\">&#8211; Design \u00e9l\u00e9gant et moderne<\/span><\/p>\n<p><span style=\"font-weight: 400;\">&#8211; Rev\u00eatement en poudre AAMA 2604 pour une durabilit\u00e9 exceptionnelle.<\/span><\/p>\n<p><span style=\"font-weight: 400;\">&#8211; Dot\u00e9 d\u2019un syst\u00e8me \u00e0 enclenchement<\/span><span style=\"font-weight: 400;\">, aucune vis ou marque de soudure visible<\/span><\/p>\n<p><span style=\"font-weight: 400;\">&#8211; Avec une longueur finale de 72 pouces, il est facilement exp\u00e9di\u00e9 et peut \u00eatre recoup\u00e9 sur site.<\/span><\/p>\n<h2><b>LE KIT COMPREND<\/b><\/h2>\n<table>\n<tbody>\n<tr>\n<td><b>Produit<\/b><\/td>\n<td><b>R\u00e9f\u00e9rence<\/b><\/td>\n<td><b>Qt\u00e9<\/b><\/td>\n<\/tr>\n<tr>\n<td><span style=\"font-weight: 400;\">Main Courante<\/span><\/td>\n<td><span style=\"font-weight: 400;\">R-AFR-72HR-XX<\/span><\/td>\n<td><span style=\"font-weight: 400;\">1<\/span><\/td>\n<\/tr>\n<tr>\n<td><span style=\"font-weight: 400;\">Rail Sup\u00e9rieur<\/span><\/td>\n<td><span style=\"font-weight: 400;\">R-AFR-72TT\u2013XX<\/span><\/td>\n<td><span style=\"font-weight: 400;\">1<\/span><\/td>\n<\/tr>\n<tr>\n<td><span style=\"font-weight: 400;\">Joint pour Rail Sup\u00e9rieur<\/span><\/td>\n<td><span style=\"font-weight: 400;\">R-AFR-72TG-BK<\/span><\/td>\n<td><span style=\"font-weight: 400;\">1<\/span><\/td>\n<\/tr>\n<tr>\n<td><span style=\"font-weight: 400;\">Support de Montage en U<\/span><\/td>\n<td><span style=\"font-weight: 400;\">R-AFR-IUB-MF<\/span><\/td>\n<td><span style=\"font-weight: 400;\">2<\/span><\/td>\n<\/tr>\n<tr>\n<td><span style=\"font-weight: 400;\">Remplissage de Joint (pour les \u00e9carts entre le verre et le poteau)<\/span><\/td>\n<td><span style=\"font-weight: 400;\">R-AFR-GF-BK<\/span><\/td>\n<td><span style=\"font-weight: 400;\">2<\/span><\/td>\n<\/tr>\n<tr>\n<td><span style=\"font-weight: 400;\">Vis \u00e0 t\u00eate ronde Inox 18-8, taille #8, longueur 1\/2&Prime;<\/span><\/td>\n<td><span style=\"font-weight: 400;\">R-AFR-HRSCW8-1.5-00<\/span><\/td>\n<td><span style=\"font-weight: 400;\">12<\/span><\/td>\n<\/tr>\n<\/tbody>\n<\/table>\n<h2><b>SP\u00c9CIFICATIONS TECHNIQUES<\/b><\/h2>\n<table>\n<tbody>\n<tr>\n<td><b>Traitement de Surface<\/b><\/td>\n<td><span style=\"font-weight: 400;\">Rev\u00eatu par poudre<\/span><\/td>\n<\/tr>\n<tr>\n<td><b>Couleur\/Finition<\/b><\/td>\n<td><span style=\"font-weight: 400;\">Blanc, Noir<\/span><\/td>\n<\/tr>\n<tr>\n<td><b>Mat\u00e9riau de Fabrication<\/b><\/td>\n<td><span style=\"font-weight: 400;\">Aluminium 6063-T6<\/span><\/td>\n<\/tr>\n<tr>\n<td><b>Utilisation Recommand\u00e9e<\/b><\/td>\n<td><span style=\"font-weight: 400;\">Garde-corps, Cl\u00f4ture de piscine, Rambarde, Garde-corps de terrasse<\/span><\/td>\n<\/tr>\n<\/tbody>\n<\/table>\n<div id=\"gtx-trans\" style=\"position: absolute; left: 246px; top: 871.828px;\">\n<div class=\"gtx-trans-icon\"><\/div>\n<\/div>\n","protected":false},"featured_media":6333,"comment_status":"closed","ping_status":"closed","template":"","meta":{"_acf_changed":false,"inline_featured_image":false},"product_brand":[],"product_cat":[71,155,130],"product_tag":[],"class_list":{"0":"post-6350","1":"product","2":"type-product","3":"status-publish","4":"has-post-thumbnail","6":"product_cat-glass-fence-railing-hardware-fr","7":"product_cat-aluminum-framed-railing-fr-glass-fence-railing-hardware-fr","8":"product_cat-railing-system-fr","10":"first","11":"instock","12":"taxable","13":"shipping-taxable","14":"purchasable","15":"product-type-variable","16":"has-default-attributes"},"acf":[],"yoast_head":"<!-- This site is optimized with the Yoast SEO plugin v26.9 - https:\/\/yoast.com\/product\/yoast-seo-wordpress\/ -->\n<title>Handrail Kit for Aluminum Framed Railing System - Glassupply (CA)<\/title>\n<meta name=\"robots\" content=\"index, follow, max-snippet:-1, max-image-preview:large, max-video-preview:-1\" \/>\n<link rel=\"canonical\" href=\"https:\/\/glassupply.com\/ca\/fr\/produit\/handrail-kit-for-aluminum-framed-railing-system\/\" \/>\n<meta property=\"og:locale\" content=\"fr_CA\" \/>\n<meta property=\"og:type\" content=\"article\" \/>\n<meta property=\"og:title\" content=\"Handrail Kit for Aluminum Framed Railing System - Glassupply (CA)\" \/>\n<meta property=\"og:description\" content=\"Pr\u00e9sentation de notre Kit de Main Courante Moderne GS pour applications de syst\u00e8mes de garde-corps, un composant essentiel parfaitement adapt\u00e9 \u00e0 notre syst\u00e8me de garde-corps encadr\u00e9 en aluminium GS. Ce montant robuste constitue un \u00e9l\u00e9ment fondamental pour garantir l&#039;int\u00e9grit\u00e9 structurelle et la stabilit\u00e9 de notre solution de garde-corps encadr\u00e9 en aluminium GS, mais peut \u00e9galement \u00eatre utilis\u00e9 pour d&#039;autres applications.  Le Kit de Main Courante GS est dot\u00e9 d\u2019un syst\u00e8me \u00e0 enclenchement, permettant de fixer facilement le rail \u00e0 sa base sans vis ni attaches suppl\u00e9mentaires. Ce design innovant assure une finition haut de gamme sup\u00e9rieure par rapport aux montants soud\u00e9s traditionnels, offrant une apparence \u00e9l\u00e9gante et homog\u00e8ne.  Associ\u00e9 au Kit de Rail Inf\u00e9rieur GS, le syst\u00e8me propose une fonction de verre \u00e0 insertion verticale, permettant une installation simple. Cela signifie que les rails sup\u00e9rieur et inf\u00e9rieur peuvent \u00eatre mont\u00e9s en premier, puis le verre peut \u00eatre ins\u00e9r\u00e9 dans le joint sup\u00e9rieur et ensuite d\u00e9pos\u00e9 dans le rail du joint inf\u00e9rieur. Cette m\u00e9thode permet d&#039;ajuster et d&#039;installer le verre directement sur site pour chaque projet, garantissant un ajustement parfait, contrairement aux syst\u00e8mes pr\u00e9assembl\u00e9s en usine.  Un \u00e9l\u00e9ment int\u00e9ressant \u00e0 noter est que notre kit comprend deux supports de fixation, offrant une flexibilit\u00e9 d\u2019installation au mur ou sur un poteau.  \u00a0\u00a0\u00a0\u00a0Caract\u00e9ristiques &amp; Avantages\u00a0:  - Fabriqu\u00e9 en aluminium 6063-T6, garantit r\u00e9sistance et maintien du verre sans affaissement ni besoin de support suppl\u00e9mentaire.  - Design \u00e9l\u00e9gant et moderne  - Rev\u00eatement en poudre AAMA 2604 pour une durabilit\u00e9 exceptionnelle.  - Dot\u00e9 d\u2019un syst\u00e8me \u00e0 enclenchement, aucune vis ou marque de soudure visible  - Avec une longueur finale de 72 pouces, il est facilement exp\u00e9di\u00e9 et peut \u00eatre recoup\u00e9 sur site. LE KIT COMPREND    Produit R\u00e9f\u00e9rence Qt\u00e9   Main Courante R-AFR-72HR-XX 1   Rail Sup\u00e9rieur R-AFR-72TT\u2013XX 1   Joint pour Rail Sup\u00e9rieur R-AFR-72TG-BK 1   Support de Montage en U R-AFR-IUB-MF 2   Remplissage de Joint (pour les \u00e9carts entre le verre et le poteau) R-AFR-GF-BK 2   Vis \u00e0 t\u00eate ronde Inox 18-8, taille #8, longueur 1\/2&quot; R-AFR-HRSCW8-1.5-00 12    SP\u00c9CIFICATIONS TECHNIQUES    Traitement de Surface Rev\u00eatu par poudre   Couleur\/Finition Blanc, Noir   Mat\u00e9riau de Fabrication Aluminium 6063-T6   Utilisation Recommand\u00e9e Garde-corps, Cl\u00f4ture de piscine, Rambarde, Garde-corps de terrasse\" \/>\n<meta property=\"og:url\" content=\"https:\/\/glassupply.com\/ca\/fr\/produit\/handrail-kit-for-aluminum-framed-railing-system\/\" \/>\n<meta property=\"og:site_name\" content=\"Glassupply (CA)\" \/>\n<meta property=\"article:modified_time\" content=\"2025-06-05T11:30:41+00:00\" \/>\n<meta property=\"og:image\" content=\"https:\/\/glassupply.com\/ca\/wp-content\/uploads\/sites\/5\/2024\/04\/R-AFR-72HRKIT-BK_01.webp\" \/>\n\t<meta property=\"og:image:width\" content=\"2000\" \/>\n\t<meta property=\"og:image:height\" content=\"2000\" \/>\n\t<meta property=\"og:image:type\" content=\"image\/webp\" \/>\n<meta name=\"twitter:card\" content=\"summary_large_image\" \/>\n<meta name=\"twitter:label1\" content=\"Est. reading time\" \/>\n\t<meta name=\"twitter:data1\" content=\"1 minute\" \/>\n<script type=\"application\/ld+json\" class=\"yoast-schema-graph\">{\"@context\":\"https:\/\/schema.org\",\"@graph\":[{\"@type\":\"WebPage\",\"@id\":\"https:\/\/glassupply.com\/ca\/fr\/produit\/handrail-kit-for-aluminum-framed-railing-system\/\",\"url\":\"https:\/\/glassupply.com\/ca\/fr\/produit\/handrail-kit-for-aluminum-framed-railing-system\/\",\"name\":\"Handrail Kit for Aluminum Framed Railing System - Glassupply (CA)\",\"isPartOf\":{\"@id\":\"https:\/\/glassupply.com\/ca\/fr\/#website\"},\"primaryImageOfPage\":{\"@id\":\"https:\/\/glassupply.com\/ca\/fr\/produit\/handrail-kit-for-aluminum-framed-railing-system\/#primaryimage\"},\"image\":{\"@id\":\"https:\/\/glassupply.com\/ca\/fr\/produit\/handrail-kit-for-aluminum-framed-railing-system\/#primaryimage\"},\"thumbnailUrl\":\"https:\/\/glassupply.com\/ca\/wp-content\/uploads\/sites\/5\/2024\/04\/R-AFR-72HRKIT-BK_01.webp\",\"datePublished\":\"2024-04-11T05:48:14+00:00\",\"dateModified\":\"2025-06-05T11:30:41+00:00\",\"breadcrumb\":{\"@id\":\"https:\/\/glassupply.com\/ca\/fr\/produit\/handrail-kit-for-aluminum-framed-railing-system\/#breadcrumb\"},\"inLanguage\":\"fr-FR\",\"potentialAction\":[{\"@type\":\"ReadAction\",\"target\":[\"https:\/\/glassupply.com\/ca\/fr\/produit\/handrail-kit-for-aluminum-framed-railing-system\/\"]}]},{\"@type\":\"ImageObject\",\"inLanguage\":\"fr-FR\",\"@id\":\"https:\/\/glassupply.com\/ca\/fr\/produit\/handrail-kit-for-aluminum-framed-railing-system\/#primaryimage\",\"url\":\"https:\/\/glassupply.com\/ca\/wp-content\/uploads\/sites\/5\/2024\/04\/R-AFR-72HRKIT-BK_01.webp\",\"contentUrl\":\"https:\/\/glassupply.com\/ca\/wp-content\/uploads\/sites\/5\/2024\/04\/R-AFR-72HRKIT-BK_01.webp\",\"width\":2000,\"height\":2000},{\"@type\":\"BreadcrumbList\",\"@id\":\"https:\/\/glassupply.com\/ca\/fr\/produit\/handrail-kit-for-aluminum-framed-railing-system\/#breadcrumb\",\"itemListElement\":[{\"@type\":\"ListItem\",\"position\":1,\"name\":\"Home\",\"item\":\"https:\/\/glassupply.com\/ca\/fr\/\"},{\"@type\":\"ListItem\",\"position\":2,\"name\":\"Shop\",\"item\":\"https:\/\/glassupply.com\/ca\/fr\/shop\/\"},{\"@type\":\"ListItem\",\"position\":3,\"name\":\"Handrail Kit for Aluminum Framed Railing System\"}]},{\"@type\":\"WebSite\",\"@id\":\"https:\/\/glassupply.com\/ca\/fr\/#website\",\"url\":\"https:\/\/glassupply.com\/ca\/fr\/\",\"name\":\"Glassupply.com\",\"description\":\"From the manufacturer to your doorstep\",\"publisher\":{\"@id\":\"https:\/\/glassupply.com\/ca\/fr\/#organization\"},\"potentialAction\":[{\"@type\":\"SearchAction\",\"target\":{\"@type\":\"EntryPoint\",\"urlTemplate\":\"https:\/\/glassupply.com\/ca\/fr\/?s={search_term_string}\"},\"query-input\":{\"@type\":\"PropertyValueSpecification\",\"valueRequired\":true,\"valueName\":\"search_term_string\"}}],\"inLanguage\":\"fr-FR\"},{\"@type\":\"Organization\",\"@id\":\"https:\/\/glassupply.com\/ca\/fr\/#organization\",\"name\":\"Glassupply.com\",\"url\":\"https:\/\/glassupply.com\/ca\/fr\/\",\"logo\":{\"@type\":\"ImageObject\",\"inLanguage\":\"fr-FR\",\"@id\":\"https:\/\/glassupply.com\/ca\/fr\/#\/schema\/logo\/image\/\",\"url\":\"https:\/\/staging.glassupply.com\/ca\/wp-content\/uploads\/sites\/5\/2023\/07\/logo.svg\",\"contentUrl\":\"https:\/\/staging.glassupply.com\/ca\/wp-content\/uploads\/sites\/5\/2023\/07\/logo.svg\",\"width\":310,\"height\":24,\"caption\":\"Glassupply.com\"},\"image\":{\"@id\":\"https:\/\/glassupply.com\/ca\/fr\/#\/schema\/logo\/image\/\"}}]}<\/script>\n<!-- \/ Yoast SEO plugin. -->","yoast_head_json":{"title":"Handrail Kit for Aluminum Framed Railing System - Glassupply (CA)","robots":{"index":"index","follow":"follow","max-snippet":"max-snippet:-1","max-image-preview":"max-image-preview:large","max-video-preview":"max-video-preview:-1"},"canonical":"https:\/\/glassupply.com\/ca\/fr\/produit\/handrail-kit-for-aluminum-framed-railing-system\/","og_locale":"fr_CA","og_type":"article","og_title":"Handrail Kit for Aluminum Framed Railing System - Glassupply (CA)","og_description":"Pr\u00e9sentation de notre Kit de Main Courante Moderne GS pour applications de syst\u00e8mes de garde-corps, un composant essentiel parfaitement adapt\u00e9 \u00e0 notre syst\u00e8me de garde-corps encadr\u00e9 en aluminium GS. Ce montant robuste constitue un \u00e9l\u00e9ment fondamental pour garantir l'int\u00e9grit\u00e9 structurelle et la stabilit\u00e9 de notre solution de garde-corps encadr\u00e9 en aluminium GS, mais peut \u00e9galement \u00eatre utilis\u00e9 pour d'autres applications.  Le Kit de Main Courante GS est dot\u00e9 d\u2019un syst\u00e8me \u00e0 enclenchement, permettant de fixer facilement le rail \u00e0 sa base sans vis ni attaches suppl\u00e9mentaires. Ce design innovant assure une finition haut de gamme sup\u00e9rieure par rapport aux montants soud\u00e9s traditionnels, offrant une apparence \u00e9l\u00e9gante et homog\u00e8ne.  Associ\u00e9 au Kit de Rail Inf\u00e9rieur GS, le syst\u00e8me propose une fonction de verre \u00e0 insertion verticale, permettant une installation simple. Cela signifie que les rails sup\u00e9rieur et inf\u00e9rieur peuvent \u00eatre mont\u00e9s en premier, puis le verre peut \u00eatre ins\u00e9r\u00e9 dans le joint sup\u00e9rieur et ensuite d\u00e9pos\u00e9 dans le rail du joint inf\u00e9rieur. Cette m\u00e9thode permet d'ajuster et d'installer le verre directement sur site pour chaque projet, garantissant un ajustement parfait, contrairement aux syst\u00e8mes pr\u00e9assembl\u00e9s en usine.  Un \u00e9l\u00e9ment int\u00e9ressant \u00e0 noter est que notre kit comprend deux supports de fixation, offrant une flexibilit\u00e9 d\u2019installation au mur ou sur un poteau.  \u00a0\u00a0\u00a0\u00a0Caract\u00e9ristiques &amp; Avantages\u00a0:  - Fabriqu\u00e9 en aluminium 6063-T6, garantit r\u00e9sistance et maintien du verre sans affaissement ni besoin de support suppl\u00e9mentaire.  - Design \u00e9l\u00e9gant et moderne  - Rev\u00eatement en poudre AAMA 2604 pour une durabilit\u00e9 exceptionnelle.  - Dot\u00e9 d\u2019un syst\u00e8me \u00e0 enclenchement, aucune vis ou marque de soudure visible  - Avec une longueur finale de 72 pouces, il est facilement exp\u00e9di\u00e9 et peut \u00eatre recoup\u00e9 sur site. LE KIT COMPREND    Produit R\u00e9f\u00e9rence Qt\u00e9   Main Courante R-AFR-72HR-XX 1   Rail Sup\u00e9rieur R-AFR-72TT\u2013XX 1   Joint pour Rail Sup\u00e9rieur R-AFR-72TG-BK 1   Support de Montage en U R-AFR-IUB-MF 2   Remplissage de Joint (pour les \u00e9carts entre le verre et le poteau) R-AFR-GF-BK 2   Vis \u00e0 t\u00eate ronde Inox 18-8, taille #8, longueur 1\/2\" R-AFR-HRSCW8-1.5-00 12    SP\u00c9CIFICATIONS TECHNIQUES    Traitement de Surface Rev\u00eatu par poudre   Couleur\/Finition Blanc, Noir   Mat\u00e9riau de Fabrication Aluminium 6063-T6   Utilisation Recommand\u00e9e Garde-corps, Cl\u00f4ture de piscine, Rambarde, Garde-corps de terrasse","og_url":"https:\/\/glassupply.com\/ca\/fr\/produit\/handrail-kit-for-aluminum-framed-railing-system\/","og_site_name":"Glassupply (CA)","article_modified_time":"2025-06-05T11:30:41+00:00","og_image":[{"width":2000,"height":2000,"url":"https:\/\/glassupply.com\/ca\/wp-content\/uploads\/sites\/5\/2024\/04\/R-AFR-72HRKIT-BK_01.webp","type":"image\/webp"}],"twitter_card":"summary_large_image","twitter_misc":{"Est. reading time":"1 minute"},"schema":{"@context":"https:\/\/schema.org","@graph":[{"@type":"WebPage","@id":"https:\/\/glassupply.com\/ca\/fr\/produit\/handrail-kit-for-aluminum-framed-railing-system\/","url":"https:\/\/glassupply.com\/ca\/fr\/produit\/handrail-kit-for-aluminum-framed-railing-system\/","name":"Handrail Kit for Aluminum Framed Railing System - Glassupply (CA)","isPartOf":{"@id":"https:\/\/glassupply.com\/ca\/fr\/#website"},"primaryImageOfPage":{"@id":"https:\/\/glassupply.com\/ca\/fr\/produit\/handrail-kit-for-aluminum-framed-railing-system\/#primaryimage"},"image":{"@id":"https:\/\/glassupply.com\/ca\/fr\/produit\/handrail-kit-for-aluminum-framed-railing-system\/#primaryimage"},"thumbnailUrl":"https:\/\/glassupply.com\/ca\/wp-content\/uploads\/sites\/5\/2024\/04\/R-AFR-72HRKIT-BK_01.webp","datePublished":"2024-04-11T05:48:14+00:00","dateModified":"2025-06-05T11:30:41+00:00","breadcrumb":{"@id":"https:\/\/glassupply.com\/ca\/fr\/produit\/handrail-kit-for-aluminum-framed-railing-system\/#breadcrumb"},"inLanguage":"fr-FR","potentialAction":[{"@type":"ReadAction","target":["https:\/\/glassupply.com\/ca\/fr\/produit\/handrail-kit-for-aluminum-framed-railing-system\/"]}]},{"@type":"ImageObject","inLanguage":"fr-FR","@id":"https:\/\/glassupply.com\/ca\/fr\/produit\/handrail-kit-for-aluminum-framed-railing-system\/#primaryimage","url":"https:\/\/glassupply.com\/ca\/wp-content\/uploads\/sites\/5\/2024\/04\/R-AFR-72HRKIT-BK_01.webp","contentUrl":"https:\/\/glassupply.com\/ca\/wp-content\/uploads\/sites\/5\/2024\/04\/R-AFR-72HRKIT-BK_01.webp","width":2000,"height":2000},{"@type":"BreadcrumbList","@id":"https:\/\/glassupply.com\/ca\/fr\/produit\/handrail-kit-for-aluminum-framed-railing-system\/#breadcrumb","itemListElement":[{"@type":"ListItem","position":1,"name":"Home","item":"https:\/\/glassupply.com\/ca\/fr\/"},{"@type":"ListItem","position":2,"name":"Shop","item":"https:\/\/glassupply.com\/ca\/fr\/shop\/"},{"@type":"ListItem","position":3,"name":"Handrail Kit for Aluminum Framed Railing System"}]},{"@type":"WebSite","@id":"https:\/\/glassupply.com\/ca\/fr\/#website","url":"https:\/\/glassupply.com\/ca\/fr\/","name":"Glassupply.com","description":"From the manufacturer to your doorstep","publisher":{"@id":"https:\/\/glassupply.com\/ca\/fr\/#organization"},"potentialAction":[{"@type":"SearchAction","target":{"@type":"EntryPoint","urlTemplate":"https:\/\/glassupply.com\/ca\/fr\/?s={search_term_string}"},"query-input":{"@type":"PropertyValueSpecification","valueRequired":true,"valueName":"search_term_string"}}],"inLanguage":"fr-FR"},{"@type":"Organization","@id":"https:\/\/glassupply.com\/ca\/fr\/#organization","name":"Glassupply.com","url":"https:\/\/glassupply.com\/ca\/fr\/","logo":{"@type":"ImageObject","inLanguage":"fr-FR","@id":"https:\/\/glassupply.com\/ca\/fr\/#\/schema\/logo\/image\/","url":"https:\/\/staging.glassupply.com\/ca\/wp-content\/uploads\/sites\/5\/2023\/07\/logo.svg","contentUrl":"https:\/\/staging.glassupply.com\/ca\/wp-content\/uploads\/sites\/5\/2023\/07\/logo.svg","width":310,"height":24,"caption":"Glassupply.com"},"image":{"@id":"https:\/\/glassupply.com\/ca\/fr\/#\/schema\/logo\/image\/"}}]}},"_links":{"self":[{"href":"https:\/\/glassupply.com\/ca\/fr\/wp-json\/wp\/v2\/product\/6350","targetHints":{"allow":["GET"]}}],"collection":[{"href":"https:\/\/glassupply.com\/ca\/fr\/wp-json\/wp\/v2\/product"}],"about":[{"href":"https:\/\/glassupply.com\/ca\/fr\/wp-json\/wp\/v2\/types\/product"}],"replies":[{"embeddable":true,"href":"https:\/\/glassupply.com\/ca\/fr\/wp-json\/wp\/v2\/comments?post=6350"}],"wp:featuredmedia":[{"embeddable":true,"href":"https:\/\/glassupply.com\/ca\/fr\/wp-json\/wp\/v2\/media\/6333"}],"wp:attachment":[{"href":"https:\/\/glassupply.com\/ca\/fr\/wp-json\/wp\/v2\/media?parent=6350"}],"wp:term":[{"taxonomy":"product_brand","embeddable":true,"href":"https:\/\/glassupply.com\/ca\/fr\/wp-json\/wp\/v2\/product_brand?post=6350"},{"taxonomy":"product_cat","embeddable":true,"href":"https:\/\/glassupply.com\/ca\/fr\/wp-json\/wp\/v2\/product_cat?post=6350"},{"taxonomy":"product_tag","embeddable":true,"href":"https:\/\/glassupply.com\/ca\/fr\/wp-json\/wp\/v2\/product_tag?post=6350"}],"curies":[{"name":"wp","href":"https:\/\/api.w.org\/{rel}","templated":true}]}}