{"id":6382,"date":"2024-04-11T00:57:38","date_gmt":"2024-04-11T05:57:38","guid":{"rendered":"https:\/\/glassupply.com\/ca\/shop\/inside-corner-fascia-mounted-2-1-4-square-post-kit\/"},"modified":"2025-06-05T06:34:35","modified_gmt":"2025-06-05T11:34:35","slug":"inside-corner-fascia-mounted-2-1-4-square-post-kit","status":"publish","type":"product","link":"https:\/\/glassupply.com\/ca\/fr\/produit\/inside-corner-fascia-mounted-2-1-4-square-post-kit\/","title":{"rendered":"Inside Corner Fascia Mounted 2 1\/4&Prime; Square Post Kit"},"content":{"rendered":"","protected":false},"excerpt":{"rendered":"<p><span style=\"font-weight: 400;\">Pr\u00e9sentation de notre kit de poteau carr\u00e9 GS 2 1\/4&Prime; pour montage en applique sur coin int\u00e9rieur, un composant cl\u00e9 parfaitement adapt\u00e9 \u00e0 notre syst\u00e8me de garde-corps GS \u00e0 cadre en aluminium mont\u00e9 en applique. Ce poteau robuste constitue un \u00e9l\u00e9ment fondamental garantissant l&rsquo;int\u00e9grit\u00e9 structurelle et la stabilit\u00e9 de notre solution de garde-corps \u00e0 cadre en aluminium GS, mais il peut \u00e9galement \u00eatre utilis\u00e9 pour d&rsquo;autres applications.<\/span><\/p>\n<p><span style=\"font-weight: 400;\">Le poteau de coin int\u00e9rieur mont\u00e9 en applique est con\u00e7u pour une fixation s\u00e9curis\u00e9e \u00e0 la planche de rive ext\u00e9rieure d\u2019une terrasse ou de toute autre surface, assurant stabilit\u00e9 et fiabilit\u00e9. En pr\u00e9sence de surfaces avec un nez ou un bord d\u2019\u00e9gouttement, l\u2019utilisation de plusieurs cales de support d\u2019angle de 1\/2&Prime; empil\u00e9es permet de d\u00e9gager efficacement le surplomb du nez.<\/span> <b>Les cales de support d\u2019angle sont vendues s\u00e9par\u00e9ment.<\/b><\/p>\n<p><b>Le principal avantage d\u2019un syst\u00e8me mont\u00e9 en applique est l\u2019\u00e9conomie de plus de 10 cm d\u2019espace utile sur la terrasse par rapport aux poteaux mont\u00e9s en surface.<\/b><\/p>\n<p><span style=\"font-weight: 400;\">Obtenez un rendu esth\u00e9tique optimal avec notre syst\u00e8me de garde-corps \u00e0 cadre en aluminium, sans<\/span><b> vis apparentes ni marques de soudure pour une finition impeccable.<\/b><\/p>\n<p><span style=\"font-weight: 400;\">Con\u00e7u pour simplifier l\u2019installation des panneaux de verre, y compris sur des surfaces horizontales irr\u00e9guli\u00e8res,<\/span><\/p>\n<p><span style=\"font-weight: 400;\">Le kit de poteau est fourni avec un support de montage en applique, un capuchon de poteau, des caches-vis \u00e0 t\u00eate hexagonale et cruciforme.<\/span><\/p>\n<p><span style=\"font-weight: 400;\">Pour les poteaux mont\u00e9s en applique en ligne droite, optez pour le <\/span><span style=\"font-weight: 400;\">kit de poteau en applique droite 2 1\/4&Prime;.<\/span><\/p>\n<p><span style=\"font-weight: 400;\">Pour les poteaux mont\u00e9s en applique sur coin ext\u00e9rieur, choisissez le <\/span><span style=\"font-weight: 400;\">kit de poteau en applique angle ext\u00e9rieur 2 1\/4&Prime;.<\/span><\/p>\n<p><span style=\"font-weight: 400;\">\u00c9galement disponible avec base mont\u00e9e par le haut.<\/span><\/p>\n<p><span style=\"font-weight: 400;\">\u00a0\u00a0Caract\u00e9ristiques &amp; Avantages :<\/span><\/p>\n<p><span style=\"font-weight: 400;\">&#8211; Ces poteaux sont minutieusement con\u00e7us pour une int\u00e9gration parfaite et des performances durables.<\/span><\/p>\n<p><span style=\"font-weight: 400;\">&#8211; La g\u00e9om\u00e9trie int\u00e9rieure avec guides de vis permet des connexions discr\u00e8tes et efficaces avec les autres composants du syst\u00e8me.<\/span><\/p>\n<p><span style=\"font-weight: 400;\">&#8211; Chaque poteau de section carr\u00e9e 2 1\/4&Prime; avec angles \u00e0 faible rayon offre robustesse tout en pr\u00e9servant la vue et une esth\u00e9tique contemporaine.<\/span><\/p>\n<p><span style=\"font-weight: 400;\">&#8211; Fabriqu\u00e9s en aluminium 6063-T6, ces poteaux garantissent une solidit\u00e9 optimale et un soutien du verre sans affaissement ni besoin de renfort.<\/span><\/p>\n<p><span style=\"font-weight: 400;\">&#8211; Rev\u00eatement en poudre conforme \u00e0 la norme AAMA 2604 pour une durabilit\u00e9 exceptionnelle.<\/span><\/p>\n<p><span style=\"font-weight: 400;\">&#8211; Disponibles en hauteurs finales de 36\u201d, 42\u201d et 48\u201d pour r\u00e9pondre \u00e0 diff\u00e9rents besoins de projet.<\/span><\/p>\n<p><span style=\"font-weight: 400;\">&#8211; Capuchon de poteau \u00e0 ajustement serr\u00e9 sans colle ni silicone requis.<\/span><\/p>\n<h2><b>LE KIT COMPREND<\/b><\/h2>\n<table>\n<tbody>\n<tr>\n<td><b>Produit<\/b><\/td>\n<td><b>SKU<\/b><\/td>\n<td><b>Qt\u00e9<\/b><\/td>\n<\/tr>\n<tr>\n<td><span style=\"font-weight: 400;\">Poteau carr\u00e9 2 1\/4&Prime;<\/span><\/td>\n<td><span style=\"font-weight: 400;\">R-AFR-49PO-XX<\/span><\/td>\n<td><span style=\"font-weight: 400;\">1<\/span><\/td>\n<\/tr>\n<tr>\n<td><span style=\"font-weight: 400;\">Support de coin int\u00e9rieur mont\u00e9 en applique<\/span><\/td>\n<td><span style=\"font-weight: 400;\">R-AFR-FMICB-XX<\/span><\/td>\n<td><span style=\"font-weight: 400;\">1<\/span><\/td>\n<\/tr>\n<tr>\n<td><span style=\"font-weight: 400;\">Capuchon de poteau<\/span><\/td>\n<td><span style=\"font-weight: 400;\">R-AFR-PC<\/span><\/td>\n<td><span style=\"font-weight: 400;\">1<\/span><\/td>\n<\/tr>\n<tr>\n<td><span style=\"font-weight: 400;\">Caches-vis \u00e0 t\u00eate hexagonale<\/span><\/td>\n<td><span style=\"font-weight: 400;\">R-AFR-CLS-XX<\/span><\/td>\n<td><span style=\"font-weight: 400;\">4<\/span><\/td>\n<\/tr>\n<tr>\n<td><span style=\"font-weight: 400;\">Vis \u00e0 t\u00eate plate en acier inoxydable 18-8, taille #10, 1&Prime; (pour support \u00e0 poteau)<\/span><\/td>\n<td><span style=\"font-weight: 400;\">R-AFR-FMSCW10-1-00<\/span><\/td>\n<td><span style=\"font-weight: 400;\">2<\/span><\/td>\n<\/tr>\n<\/tbody>\n<\/table>\n<h2><b>SP\u00c9CIFICATIONS TECHNIQUES<\/b><\/h2>\n<table>\n<tbody>\n<tr>\n<td><b>Traitement de surface<\/b><\/td>\n<td><span style=\"font-weight: 400;\">Rev\u00eatement en poudre<\/span><\/td>\n<\/tr>\n<tr>\n<td><b>Couleur\/finition<\/b><\/td>\n<td><span style=\"font-weight: 400;\">Blanc, Noir<\/span><\/td>\n<\/tr>\n<tr>\n<td><b>Mat\u00e9riau de fabrication<\/b><\/td>\n<td><span style=\"font-weight: 400;\">Aluminium 6063-T6<\/span><\/td>\n<\/tr>\n<tr>\n<td><b>Utilisation recommand\u00e9e<\/b><\/td>\n<td><span style=\"font-weight: 400;\">Garde-corps, Cl\u00f4ture de piscine, Rambarde, Balustrade de terrasse<\/span><\/td>\n<\/tr>\n<\/tbody>\n<\/table>\n","protected":false},"featured_media":12929,"comment_status":"closed","ping_status":"closed","template":"","meta":{"_acf_changed":false,"inline_featured_image":false},"product_brand":[],"product_cat":[71,155,130],"product_tag":[],"class_list":{"0":"post-6382","1":"product","2":"type-product","3":"status-publish","4":"has-post-thumbnail","6":"product_cat-glass-fence-railing-hardware-fr","7":"product_cat-aluminum-framed-railing-fr-glass-fence-railing-hardware-fr","8":"product_cat-railing-system-fr","10":"first","11":"instock","12":"taxable","13":"shipping-taxable","14":"purchasable","15":"product-type-variable"},"acf":[],"yoast_head":"<!-- This site is optimized with the Yoast SEO plugin v26.9 - https:\/\/yoast.com\/product\/yoast-seo-wordpress\/ -->\n<title>Inside Corner Fascia Mounted 2 1\/4&quot; Square Post Kit - Glassupply (CA)<\/title>\n<meta name=\"robots\" content=\"index, follow, max-snippet:-1, max-image-preview:large, max-video-preview:-1\" \/>\n<link rel=\"canonical\" href=\"https:\/\/glassupply.com\/ca\/fr\/produit\/inside-corner-fascia-mounted-2-1-4-square-post-kit\/\" \/>\n<meta property=\"og:locale\" content=\"fr_CA\" \/>\n<meta property=\"og:type\" content=\"article\" \/>\n<meta property=\"og:title\" content=\"Inside Corner Fascia Mounted 2 1\/4&quot; Square Post Kit - Glassupply (CA)\" \/>\n<meta property=\"og:description\" content=\"Pr\u00e9sentation de notre kit de poteau carr\u00e9 GS 2 1\/4&quot; pour montage en applique sur coin int\u00e9rieur, un composant cl\u00e9 parfaitement adapt\u00e9 \u00e0 notre syst\u00e8me de garde-corps GS \u00e0 cadre en aluminium mont\u00e9 en applique. Ce poteau robuste constitue un \u00e9l\u00e9ment fondamental garantissant l&#039;int\u00e9grit\u00e9 structurelle et la stabilit\u00e9 de notre solution de garde-corps \u00e0 cadre en aluminium GS, mais il peut \u00e9galement \u00eatre utilis\u00e9 pour d&#039;autres applications.  Le poteau de coin int\u00e9rieur mont\u00e9 en applique est con\u00e7u pour une fixation s\u00e9curis\u00e9e \u00e0 la planche de rive ext\u00e9rieure d\u2019une terrasse ou de toute autre surface, assurant stabilit\u00e9 et fiabilit\u00e9. En pr\u00e9sence de surfaces avec un nez ou un bord d\u2019\u00e9gouttement, l\u2019utilisation de plusieurs cales de support d\u2019angle de 1\/2&quot; empil\u00e9es permet de d\u00e9gager efficacement le surplomb du nez. Les cales de support d\u2019angle sont vendues s\u00e9par\u00e9ment.  Le principal avantage d\u2019un syst\u00e8me mont\u00e9 en applique est l\u2019\u00e9conomie de plus de 10 cm d\u2019espace utile sur la terrasse par rapport aux poteaux mont\u00e9s en surface.  Obtenez un rendu esth\u00e9tique optimal avec notre syst\u00e8me de garde-corps \u00e0 cadre en aluminium, sans vis apparentes ni marques de soudure pour une finition impeccable.  Con\u00e7u pour simplifier l\u2019installation des panneaux de verre, y compris sur des surfaces horizontales irr\u00e9guli\u00e8res,  Le kit de poteau est fourni avec un support de montage en applique, un capuchon de poteau, des caches-vis \u00e0 t\u00eate hexagonale et cruciforme.  Pour les poteaux mont\u00e9s en applique en ligne droite, optez pour le kit de poteau en applique droite 2 1\/4&quot;.  Pour les poteaux mont\u00e9s en applique sur coin ext\u00e9rieur, choisissez le kit de poteau en applique angle ext\u00e9rieur 2 1\/4&quot;.  \u00c9galement disponible avec base mont\u00e9e par le haut.  \u00a0\u00a0Caract\u00e9ristiques &amp; Avantages :  - Ces poteaux sont minutieusement con\u00e7us pour une int\u00e9gration parfaite et des performances durables.  - La g\u00e9om\u00e9trie int\u00e9rieure avec guides de vis permet des connexions discr\u00e8tes et efficaces avec les autres composants du syst\u00e8me.  - Chaque poteau de section carr\u00e9e 2 1\/4&quot; avec angles \u00e0 faible rayon offre robustesse tout en pr\u00e9servant la vue et une esth\u00e9tique contemporaine.  - Fabriqu\u00e9s en aluminium 6063-T6, ces poteaux garantissent une solidit\u00e9 optimale et un soutien du verre sans affaissement ni besoin de renfort.  - Rev\u00eatement en poudre conforme \u00e0 la norme AAMA 2604 pour une durabilit\u00e9 exceptionnelle.  - Disponibles en hauteurs finales de 36\u201d, 42\u201d et 48\u201d pour r\u00e9pondre \u00e0 diff\u00e9rents besoins de projet.  - Capuchon de poteau \u00e0 ajustement serr\u00e9 sans colle ni silicone requis. LE KIT COMPREND    Produit SKU Qt\u00e9   Poteau carr\u00e9 2 1\/4&quot; R-AFR-49PO-XX 1   Support de coin int\u00e9rieur mont\u00e9 en applique R-AFR-FMICB-XX 1   Capuchon de poteau R-AFR-PC 1   Caches-vis \u00e0 t\u00eate hexagonale R-AFR-CLS-XX 4   Vis \u00e0 t\u00eate plate en acier inoxydable 18-8, taille #10, 1&quot; (pour support \u00e0 poteau) R-AFR-FMSCW10-1-00 2    SP\u00c9CIFICATIONS TECHNIQUES    Traitement de surface Rev\u00eatement en poudre   Couleur\/finition Blanc, Noir   Mat\u00e9riau de fabrication Aluminium 6063-T6   Utilisation recommand\u00e9e Garde-corps, Cl\u00f4ture de piscine, Rambarde, Balustrade de terrasse\" \/>\n<meta property=\"og:url\" content=\"https:\/\/glassupply.com\/ca\/fr\/produit\/inside-corner-fascia-mounted-2-1-4-square-post-kit\/\" \/>\n<meta property=\"og:site_name\" content=\"Glassupply (CA)\" \/>\n<meta property=\"article:modified_time\" content=\"2025-06-05T11:34:35+00:00\" \/>\n<meta property=\"og:image\" content=\"https:\/\/glassupply.com\/ca\/wp-content\/uploads\/sites\/5\/2024\/04\/06_01_BK_v2.webp\" \/>\n\t<meta property=\"og:image:width\" content=\"2000\" \/>\n\t<meta property=\"og:image:height\" content=\"2000\" \/>\n\t<meta property=\"og:image:type\" content=\"image\/webp\" \/>\n<meta name=\"twitter:card\" content=\"summary_large_image\" \/>\n<meta name=\"twitter:label1\" content=\"Est. reading time\" \/>\n\t<meta name=\"twitter:data1\" content=\"1 minute\" \/>\n<script type=\"application\/ld+json\" class=\"yoast-schema-graph\">{\"@context\":\"https:\/\/schema.org\",\"@graph\":[{\"@type\":\"WebPage\",\"@id\":\"https:\/\/glassupply.com\/ca\/fr\/produit\/inside-corner-fascia-mounted-2-1-4-square-post-kit\/\",\"url\":\"https:\/\/glassupply.com\/ca\/fr\/produit\/inside-corner-fascia-mounted-2-1-4-square-post-kit\/\",\"name\":\"Inside Corner Fascia Mounted 2 1\/4\\\" Square Post Kit - Glassupply (CA)\",\"isPartOf\":{\"@id\":\"https:\/\/glassupply.com\/ca\/fr\/#website\"},\"primaryImageOfPage\":{\"@id\":\"https:\/\/glassupply.com\/ca\/fr\/produit\/inside-corner-fascia-mounted-2-1-4-square-post-kit\/#primaryimage\"},\"image\":{\"@id\":\"https:\/\/glassupply.com\/ca\/fr\/produit\/inside-corner-fascia-mounted-2-1-4-square-post-kit\/#primaryimage\"},\"thumbnailUrl\":\"https:\/\/glassupply.com\/ca\/wp-content\/uploads\/sites\/5\/2025\/10\/R-AFR-49POICFMKIT-BK.jpg\",\"datePublished\":\"2024-04-11T05:57:38+00:00\",\"dateModified\":\"2025-06-05T11:34:35+00:00\",\"breadcrumb\":{\"@id\":\"https:\/\/glassupply.com\/ca\/fr\/produit\/inside-corner-fascia-mounted-2-1-4-square-post-kit\/#breadcrumb\"},\"inLanguage\":\"fr-FR\",\"potentialAction\":[{\"@type\":\"ReadAction\",\"target\":[\"https:\/\/glassupply.com\/ca\/fr\/produit\/inside-corner-fascia-mounted-2-1-4-square-post-kit\/\"]}]},{\"@type\":\"ImageObject\",\"inLanguage\":\"fr-FR\",\"@id\":\"https:\/\/glassupply.com\/ca\/fr\/produit\/inside-corner-fascia-mounted-2-1-4-square-post-kit\/#primaryimage\",\"url\":\"https:\/\/glassupply.com\/ca\/wp-content\/uploads\/sites\/5\/2025\/10\/R-AFR-49POICFMKIT-BK.jpg\",\"contentUrl\":\"https:\/\/glassupply.com\/ca\/wp-content\/uploads\/sites\/5\/2025\/10\/R-AFR-49POICFMKIT-BK.jpg\",\"width\":2000,\"height\":2000},{\"@type\":\"BreadcrumbList\",\"@id\":\"https:\/\/glassupply.com\/ca\/fr\/produit\/inside-corner-fascia-mounted-2-1-4-square-post-kit\/#breadcrumb\",\"itemListElement\":[{\"@type\":\"ListItem\",\"position\":1,\"name\":\"Home\",\"item\":\"https:\/\/glassupply.com\/ca\/fr\/\"},{\"@type\":\"ListItem\",\"position\":2,\"name\":\"Shop\",\"item\":\"https:\/\/glassupply.com\/ca\/fr\/shop\/\"},{\"@type\":\"ListItem\",\"position\":3,\"name\":\"Inside Corner Fascia Mounted 2 1\/4&#8243; Square Post Kit\"}]},{\"@type\":\"WebSite\",\"@id\":\"https:\/\/glassupply.com\/ca\/fr\/#website\",\"url\":\"https:\/\/glassupply.com\/ca\/fr\/\",\"name\":\"Glassupply.com\",\"description\":\"From the manufacturer to your doorstep\",\"publisher\":{\"@id\":\"https:\/\/glassupply.com\/ca\/fr\/#organization\"},\"potentialAction\":[{\"@type\":\"SearchAction\",\"target\":{\"@type\":\"EntryPoint\",\"urlTemplate\":\"https:\/\/glassupply.com\/ca\/fr\/?s={search_term_string}\"},\"query-input\":{\"@type\":\"PropertyValueSpecification\",\"valueRequired\":true,\"valueName\":\"search_term_string\"}}],\"inLanguage\":\"fr-FR\"},{\"@type\":\"Organization\",\"@id\":\"https:\/\/glassupply.com\/ca\/fr\/#organization\",\"name\":\"Glassupply.com\",\"url\":\"https:\/\/glassupply.com\/ca\/fr\/\",\"logo\":{\"@type\":\"ImageObject\",\"inLanguage\":\"fr-FR\",\"@id\":\"https:\/\/glassupply.com\/ca\/fr\/#\/schema\/logo\/image\/\",\"url\":\"https:\/\/staging.glassupply.com\/ca\/wp-content\/uploads\/sites\/5\/2023\/07\/logo.svg\",\"contentUrl\":\"https:\/\/staging.glassupply.com\/ca\/wp-content\/uploads\/sites\/5\/2023\/07\/logo.svg\",\"width\":310,\"height\":24,\"caption\":\"Glassupply.com\"},\"image\":{\"@id\":\"https:\/\/glassupply.com\/ca\/fr\/#\/schema\/logo\/image\/\"}}]}<\/script>\n<!-- \/ Yoast SEO plugin. -->","yoast_head_json":{"title":"Inside Corner Fascia Mounted 2 1\/4\" Square Post Kit - Glassupply (CA)","robots":{"index":"index","follow":"follow","max-snippet":"max-snippet:-1","max-image-preview":"max-image-preview:large","max-video-preview":"max-video-preview:-1"},"canonical":"https:\/\/glassupply.com\/ca\/fr\/produit\/inside-corner-fascia-mounted-2-1-4-square-post-kit\/","og_locale":"fr_CA","og_type":"article","og_title":"Inside Corner Fascia Mounted 2 1\/4\" Square Post Kit - Glassupply (CA)","og_description":"Pr\u00e9sentation de notre kit de poteau carr\u00e9 GS 2 1\/4\" pour montage en applique sur coin int\u00e9rieur, un composant cl\u00e9 parfaitement adapt\u00e9 \u00e0 notre syst\u00e8me de garde-corps GS \u00e0 cadre en aluminium mont\u00e9 en applique. Ce poteau robuste constitue un \u00e9l\u00e9ment fondamental garantissant l'int\u00e9grit\u00e9 structurelle et la stabilit\u00e9 de notre solution de garde-corps \u00e0 cadre en aluminium GS, mais il peut \u00e9galement \u00eatre utilis\u00e9 pour d'autres applications.  Le poteau de coin int\u00e9rieur mont\u00e9 en applique est con\u00e7u pour une fixation s\u00e9curis\u00e9e \u00e0 la planche de rive ext\u00e9rieure d\u2019une terrasse ou de toute autre surface, assurant stabilit\u00e9 et fiabilit\u00e9. En pr\u00e9sence de surfaces avec un nez ou un bord d\u2019\u00e9gouttement, l\u2019utilisation de plusieurs cales de support d\u2019angle de 1\/2\" empil\u00e9es permet de d\u00e9gager efficacement le surplomb du nez. Les cales de support d\u2019angle sont vendues s\u00e9par\u00e9ment.  Le principal avantage d\u2019un syst\u00e8me mont\u00e9 en applique est l\u2019\u00e9conomie de plus de 10 cm d\u2019espace utile sur la terrasse par rapport aux poteaux mont\u00e9s en surface.  Obtenez un rendu esth\u00e9tique optimal avec notre syst\u00e8me de garde-corps \u00e0 cadre en aluminium, sans vis apparentes ni marques de soudure pour une finition impeccable.  Con\u00e7u pour simplifier l\u2019installation des panneaux de verre, y compris sur des surfaces horizontales irr\u00e9guli\u00e8res,  Le kit de poteau est fourni avec un support de montage en applique, un capuchon de poteau, des caches-vis \u00e0 t\u00eate hexagonale et cruciforme.  Pour les poteaux mont\u00e9s en applique en ligne droite, optez pour le kit de poteau en applique droite 2 1\/4\".  Pour les poteaux mont\u00e9s en applique sur coin ext\u00e9rieur, choisissez le kit de poteau en applique angle ext\u00e9rieur 2 1\/4\".  \u00c9galement disponible avec base mont\u00e9e par le haut.  \u00a0\u00a0Caract\u00e9ristiques &amp; Avantages :  - Ces poteaux sont minutieusement con\u00e7us pour une int\u00e9gration parfaite et des performances durables.  - La g\u00e9om\u00e9trie int\u00e9rieure avec guides de vis permet des connexions discr\u00e8tes et efficaces avec les autres composants du syst\u00e8me.  - Chaque poteau de section carr\u00e9e 2 1\/4\" avec angles \u00e0 faible rayon offre robustesse tout en pr\u00e9servant la vue et une esth\u00e9tique contemporaine.  - Fabriqu\u00e9s en aluminium 6063-T6, ces poteaux garantissent une solidit\u00e9 optimale et un soutien du verre sans affaissement ni besoin de renfort.  - Rev\u00eatement en poudre conforme \u00e0 la norme AAMA 2604 pour une durabilit\u00e9 exceptionnelle.  - Disponibles en hauteurs finales de 36\u201d, 42\u201d et 48\u201d pour r\u00e9pondre \u00e0 diff\u00e9rents besoins de projet.  - Capuchon de poteau \u00e0 ajustement serr\u00e9 sans colle ni silicone requis. LE KIT COMPREND    Produit SKU Qt\u00e9   Poteau carr\u00e9 2 1\/4\" R-AFR-49PO-XX 1   Support de coin int\u00e9rieur mont\u00e9 en applique R-AFR-FMICB-XX 1   Capuchon de poteau R-AFR-PC 1   Caches-vis \u00e0 t\u00eate hexagonale R-AFR-CLS-XX 4   Vis \u00e0 t\u00eate plate en acier inoxydable 18-8, taille #10, 1\" (pour support \u00e0 poteau) R-AFR-FMSCW10-1-00 2    SP\u00c9CIFICATIONS TECHNIQUES    Traitement de surface Rev\u00eatement en poudre   Couleur\/finition Blanc, Noir   Mat\u00e9riau de fabrication Aluminium 6063-T6   Utilisation recommand\u00e9e Garde-corps, Cl\u00f4ture de piscine, Rambarde, Balustrade de terrasse","og_url":"https:\/\/glassupply.com\/ca\/fr\/produit\/inside-corner-fascia-mounted-2-1-4-square-post-kit\/","og_site_name":"Glassupply (CA)","article_modified_time":"2025-06-05T11:34:35+00:00","og_image":[{"width":2000,"height":2000,"url":"https:\/\/glassupply.com\/ca\/wp-content\/uploads\/sites\/5\/2024\/04\/06_01_BK_v2.webp","type":"image\/webp"}],"twitter_card":"summary_large_image","twitter_misc":{"Est. reading time":"1 minute"},"schema":{"@context":"https:\/\/schema.org","@graph":[{"@type":"WebPage","@id":"https:\/\/glassupply.com\/ca\/fr\/produit\/inside-corner-fascia-mounted-2-1-4-square-post-kit\/","url":"https:\/\/glassupply.com\/ca\/fr\/produit\/inside-corner-fascia-mounted-2-1-4-square-post-kit\/","name":"Inside Corner Fascia Mounted 2 1\/4\" Square Post Kit - Glassupply (CA)","isPartOf":{"@id":"https:\/\/glassupply.com\/ca\/fr\/#website"},"primaryImageOfPage":{"@id":"https:\/\/glassupply.com\/ca\/fr\/produit\/inside-corner-fascia-mounted-2-1-4-square-post-kit\/#primaryimage"},"image":{"@id":"https:\/\/glassupply.com\/ca\/fr\/produit\/inside-corner-fascia-mounted-2-1-4-square-post-kit\/#primaryimage"},"thumbnailUrl":"https:\/\/glassupply.com\/ca\/wp-content\/uploads\/sites\/5\/2025\/10\/R-AFR-49POICFMKIT-BK.jpg","datePublished":"2024-04-11T05:57:38+00:00","dateModified":"2025-06-05T11:34:35+00:00","breadcrumb":{"@id":"https:\/\/glassupply.com\/ca\/fr\/produit\/inside-corner-fascia-mounted-2-1-4-square-post-kit\/#breadcrumb"},"inLanguage":"fr-FR","potentialAction":[{"@type":"ReadAction","target":["https:\/\/glassupply.com\/ca\/fr\/produit\/inside-corner-fascia-mounted-2-1-4-square-post-kit\/"]}]},{"@type":"ImageObject","inLanguage":"fr-FR","@id":"https:\/\/glassupply.com\/ca\/fr\/produit\/inside-corner-fascia-mounted-2-1-4-square-post-kit\/#primaryimage","url":"https:\/\/glassupply.com\/ca\/wp-content\/uploads\/sites\/5\/2025\/10\/R-AFR-49POICFMKIT-BK.jpg","contentUrl":"https:\/\/glassupply.com\/ca\/wp-content\/uploads\/sites\/5\/2025\/10\/R-AFR-49POICFMKIT-BK.jpg","width":2000,"height":2000},{"@type":"BreadcrumbList","@id":"https:\/\/glassupply.com\/ca\/fr\/produit\/inside-corner-fascia-mounted-2-1-4-square-post-kit\/#breadcrumb","itemListElement":[{"@type":"ListItem","position":1,"name":"Home","item":"https:\/\/glassupply.com\/ca\/fr\/"},{"@type":"ListItem","position":2,"name":"Shop","item":"https:\/\/glassupply.com\/ca\/fr\/shop\/"},{"@type":"ListItem","position":3,"name":"Inside Corner Fascia Mounted 2 1\/4&#8243; Square Post Kit"}]},{"@type":"WebSite","@id":"https:\/\/glassupply.com\/ca\/fr\/#website","url":"https:\/\/glassupply.com\/ca\/fr\/","name":"Glassupply.com","description":"From the manufacturer to your doorstep","publisher":{"@id":"https:\/\/glassupply.com\/ca\/fr\/#organization"},"potentialAction":[{"@type":"SearchAction","target":{"@type":"EntryPoint","urlTemplate":"https:\/\/glassupply.com\/ca\/fr\/?s={search_term_string}"},"query-input":{"@type":"PropertyValueSpecification","valueRequired":true,"valueName":"search_term_string"}}],"inLanguage":"fr-FR"},{"@type":"Organization","@id":"https:\/\/glassupply.com\/ca\/fr\/#organization","name":"Glassupply.com","url":"https:\/\/glassupply.com\/ca\/fr\/","logo":{"@type":"ImageObject","inLanguage":"fr-FR","@id":"https:\/\/glassupply.com\/ca\/fr\/#\/schema\/logo\/image\/","url":"https:\/\/staging.glassupply.com\/ca\/wp-content\/uploads\/sites\/5\/2023\/07\/logo.svg","contentUrl":"https:\/\/staging.glassupply.com\/ca\/wp-content\/uploads\/sites\/5\/2023\/07\/logo.svg","width":310,"height":24,"caption":"Glassupply.com"},"image":{"@id":"https:\/\/glassupply.com\/ca\/fr\/#\/schema\/logo\/image\/"}}]}},"_links":{"self":[{"href":"https:\/\/glassupply.com\/ca\/fr\/wp-json\/wp\/v2\/product\/6382","targetHints":{"allow":["GET"]}}],"collection":[{"href":"https:\/\/glassupply.com\/ca\/fr\/wp-json\/wp\/v2\/product"}],"about":[{"href":"https:\/\/glassupply.com\/ca\/fr\/wp-json\/wp\/v2\/types\/product"}],"replies":[{"embeddable":true,"href":"https:\/\/glassupply.com\/ca\/fr\/wp-json\/wp\/v2\/comments?post=6382"}],"wp:featuredmedia":[{"embeddable":true,"href":"https:\/\/glassupply.com\/ca\/fr\/wp-json\/wp\/v2\/media\/12929"}],"wp:attachment":[{"href":"https:\/\/glassupply.com\/ca\/fr\/wp-json\/wp\/v2\/media?parent=6382"}],"wp:term":[{"taxonomy":"product_brand","embeddable":true,"href":"https:\/\/glassupply.com\/ca\/fr\/wp-json\/wp\/v2\/product_brand?post=6382"},{"taxonomy":"product_cat","embeddable":true,"href":"https:\/\/glassupply.com\/ca\/fr\/wp-json\/wp\/v2\/product_cat?post=6382"},{"taxonomy":"product_tag","embeddable":true,"href":"https:\/\/glassupply.com\/ca\/fr\/wp-json\/wp\/v2\/product_tag?post=6382"}],"curies":[{"name":"wp","href":"https:\/\/api.w.org\/{rel}","templated":true}]}}