{"id":6721,"date":"2024-05-03T07:04:06","date_gmt":"2024-05-03T12:04:06","guid":{"rendered":"https:\/\/glassupply.com\/ca\/shop\/translucent-vinyl-double-fin-seal\/"},"modified":"2025-06-06T01:47:26","modified_gmt":"2025-06-06T06:47:26","slug":"translucent-vinyl-double-fin-seal","status":"publish","type":"product","link":"https:\/\/glassupply.com\/ca\/fr\/produit\/translucent-vinyl-double-fin-seal\/","title":{"rendered":"Translucent Vinyl Double Fin Seal"},"content":{"rendered":"","protected":false},"excerpt":{"rendered":"<p><span style=\"font-weight: 400;\">Le joint \u00e0 double aile translucide est une solution polyvalente pour les portes \u00e0 double battant. Son aile est con\u00e7ue pour sceller efficacement des espaces jusqu\u2019\u00e0 8 mm (5\/16\u201d).<\/span><\/p>\n<p><span style=\"font-weight: 400;\">Avec le ruban adh\u00e9sif transparent 3M Hi-Bond pr\u00e9-appliqu\u00e9, la base rigide de 8 mm (5\/16\u201d) de l\u2019Edge Wipe peut \u00eatre facilement et solidement fix\u00e9e au bord du verre pour une tenue permanente. Cette caract\u00e9ristique ajoute commodit\u00e9 et fiabilit\u00e9 au processus d\u2019installation.<\/span><\/p>\n<p><span style=\"font-weight: 400;\">Aucune fabrication du verre requise.<\/span><\/p>\n<h2><b>SP\u00c9CIFICATIONS TECHNIQUES<\/b><\/h2>\n<table>\n<tbody>\n<tr>\n<td><b>\u00c9paisseur du verre de s\u00e9curit\u00e9<\/b><\/td>\n<td><span style=\"font-weight: 400;\">8 mm (5\/16\u201d) \u00e0 12 mm (1\/2\u201d)<\/span><\/td>\n<\/tr>\n<tr>\n<td><b>Longueur<\/b><\/td>\n<td><span style=\"font-weight: 400;\">2438 mm (96\u201d)<\/span><\/td>\n<\/tr>\n<tr>\n<td><b>Mat\u00e9riau de fabrication<\/b><\/td>\n<td><span style=\"font-weight: 400;\">Base rigide en polycarbonate, aile souple en vinyle<\/span><\/td>\n<\/tr>\n<\/tbody>\n<\/table>\n","protected":false},"featured_media":6712,"comment_status":"closed","ping_status":"closed","template":"","meta":{"_acf_changed":false,"inline_featured_image":false},"product_brand":[],"product_cat":[73],"product_tag":[],"class_list":{"0":"post-6721","1":"product","2":"type-product","3":"status-publish","4":"has-post-thumbnail","6":"product_cat-shower-hardware-fr","8":"first","9":"instock","10":"taxable","11":"shipping-taxable","12":"purchasable","13":"product-type-simple"},"acf":[],"yoast_head":"<!-- This site is optimized with the Yoast SEO plugin v26.9 - https:\/\/yoast.com\/product\/yoast-seo-wordpress\/ -->\n<title>Translucent Vinyl Double Fin Seal - Glassupply (CA)<\/title>\n<meta name=\"robots\" content=\"index, follow, max-snippet:-1, max-image-preview:large, max-video-preview:-1\" \/>\n<link rel=\"canonical\" href=\"https:\/\/glassupply.com\/ca\/fr\/produit\/translucent-vinyl-double-fin-seal\/\" \/>\n<meta property=\"og:locale\" content=\"fr_CA\" \/>\n<meta property=\"og:type\" content=\"article\" \/>\n<meta property=\"og:title\" content=\"Translucent Vinyl Double Fin Seal - Glassupply (CA)\" \/>\n<meta property=\"og:description\" content=\"Le joint \u00e0 double aile translucide est une solution polyvalente pour les portes \u00e0 double battant. Son aile est con\u00e7ue pour sceller efficacement des espaces jusqu\u2019\u00e0 8 mm (5\/16\u201d).  Avec le ruban adh\u00e9sif transparent 3M Hi-Bond pr\u00e9-appliqu\u00e9, la base rigide de 8 mm (5\/16\u201d) de l\u2019Edge Wipe peut \u00eatre facilement et solidement fix\u00e9e au bord du verre pour une tenue permanente. Cette caract\u00e9ristique ajoute commodit\u00e9 et fiabilit\u00e9 au processus d\u2019installation.  Aucune fabrication du verre requise. SP\u00c9CIFICATIONS TECHNIQUES    \u00c9paisseur du verre de s\u00e9curit\u00e9 8 mm (5\/16\u201d) \u00e0 12 mm (1\/2\u201d)   Longueur 2438 mm (96\u201d)   Mat\u00e9riau de fabrication Base rigide en polycarbonate, aile souple en vinyle\" \/>\n<meta property=\"og:url\" content=\"https:\/\/glassupply.com\/ca\/fr\/produit\/translucent-vinyl-double-fin-seal\/\" \/>\n<meta property=\"og:site_name\" content=\"Glassupply (CA)\" \/>\n<meta property=\"article:modified_time\" content=\"2025-06-06T06:47:26+00:00\" \/>\n<meta property=\"og:image\" content=\"https:\/\/glassupply.com\/ca\/wp-content\/uploads\/sites\/5\/2024\/05\/S-IK-TVDFS-Product-Image-1.webp\" \/>\n\t<meta property=\"og:image:width\" content=\"1500\" \/>\n\t<meta property=\"og:image:height\" content=\"1500\" \/>\n\t<meta property=\"og:image:type\" content=\"image\/webp\" \/>\n<meta name=\"twitter:card\" content=\"summary_large_image\" \/>\n<meta name=\"twitter:label1\" content=\"Est. reading time\" \/>\n\t<meta name=\"twitter:data1\" content=\"1 minute\" \/>\n<script type=\"application\/ld+json\" class=\"yoast-schema-graph\">{\"@context\":\"https:\/\/schema.org\",\"@graph\":[{\"@type\":\"WebPage\",\"@id\":\"https:\/\/glassupply.com\/ca\/fr\/produit\/translucent-vinyl-double-fin-seal\/\",\"url\":\"https:\/\/glassupply.com\/ca\/fr\/produit\/translucent-vinyl-double-fin-seal\/\",\"name\":\"Translucent Vinyl Double Fin Seal - Glassupply (CA)\",\"isPartOf\":{\"@id\":\"https:\/\/glassupply.com\/ca\/fr\/#website\"},\"primaryImageOfPage\":{\"@id\":\"https:\/\/glassupply.com\/ca\/fr\/produit\/translucent-vinyl-double-fin-seal\/#primaryimage\"},\"image\":{\"@id\":\"https:\/\/glassupply.com\/ca\/fr\/produit\/translucent-vinyl-double-fin-seal\/#primaryimage\"},\"thumbnailUrl\":\"https:\/\/glassupply.com\/ca\/wp-content\/uploads\/sites\/5\/2024\/05\/S-IK-TVDFS-Product-Image-1.webp\",\"datePublished\":\"2024-05-03T12:04:06+00:00\",\"dateModified\":\"2025-06-06T06:47:26+00:00\",\"breadcrumb\":{\"@id\":\"https:\/\/glassupply.com\/ca\/fr\/produit\/translucent-vinyl-double-fin-seal\/#breadcrumb\"},\"inLanguage\":\"fr-FR\",\"potentialAction\":[{\"@type\":\"ReadAction\",\"target\":[\"https:\/\/glassupply.com\/ca\/fr\/produit\/translucent-vinyl-double-fin-seal\/\"]}]},{\"@type\":\"ImageObject\",\"inLanguage\":\"fr-FR\",\"@id\":\"https:\/\/glassupply.com\/ca\/fr\/produit\/translucent-vinyl-double-fin-seal\/#primaryimage\",\"url\":\"https:\/\/glassupply.com\/ca\/wp-content\/uploads\/sites\/5\/2024\/05\/S-IK-TVDFS-Product-Image-1.webp\",\"contentUrl\":\"https:\/\/glassupply.com\/ca\/wp-content\/uploads\/sites\/5\/2024\/05\/S-IK-TVDFS-Product-Image-1.webp\",\"width\":1500,\"height\":1500},{\"@type\":\"BreadcrumbList\",\"@id\":\"https:\/\/glassupply.com\/ca\/fr\/produit\/translucent-vinyl-double-fin-seal\/#breadcrumb\",\"itemListElement\":[{\"@type\":\"ListItem\",\"position\":1,\"name\":\"Home\",\"item\":\"https:\/\/glassupply.com\/ca\/fr\/\"},{\"@type\":\"ListItem\",\"position\":2,\"name\":\"Shop\",\"item\":\"https:\/\/glassupply.com\/ca\/fr\/shop\/\"},{\"@type\":\"ListItem\",\"position\":3,\"name\":\"Translucent Vinyl Double Fin Seal\"}]},{\"@type\":\"WebSite\",\"@id\":\"https:\/\/glassupply.com\/ca\/fr\/#website\",\"url\":\"https:\/\/glassupply.com\/ca\/fr\/\",\"name\":\"Glassupply.com\",\"description\":\"From the manufacturer to your doorstep\",\"publisher\":{\"@id\":\"https:\/\/glassupply.com\/ca\/fr\/#organization\"},\"potentialAction\":[{\"@type\":\"SearchAction\",\"target\":{\"@type\":\"EntryPoint\",\"urlTemplate\":\"https:\/\/glassupply.com\/ca\/fr\/?s={search_term_string}\"},\"query-input\":{\"@type\":\"PropertyValueSpecification\",\"valueRequired\":true,\"valueName\":\"search_term_string\"}}],\"inLanguage\":\"fr-FR\"},{\"@type\":\"Organization\",\"@id\":\"https:\/\/glassupply.com\/ca\/fr\/#organization\",\"name\":\"Glassupply.com\",\"url\":\"https:\/\/glassupply.com\/ca\/fr\/\",\"logo\":{\"@type\":\"ImageObject\",\"inLanguage\":\"fr-FR\",\"@id\":\"https:\/\/glassupply.com\/ca\/fr\/#\/schema\/logo\/image\/\",\"url\":\"https:\/\/staging.glassupply.com\/ca\/wp-content\/uploads\/sites\/5\/2023\/07\/logo.svg\",\"contentUrl\":\"https:\/\/staging.glassupply.com\/ca\/wp-content\/uploads\/sites\/5\/2023\/07\/logo.svg\",\"width\":310,\"height\":24,\"caption\":\"Glassupply.com\"},\"image\":{\"@id\":\"https:\/\/glassupply.com\/ca\/fr\/#\/schema\/logo\/image\/\"}}]}<\/script>\n<!-- \/ Yoast SEO plugin. -->","yoast_head_json":{"title":"Translucent Vinyl Double Fin Seal - Glassupply (CA)","robots":{"index":"index","follow":"follow","max-snippet":"max-snippet:-1","max-image-preview":"max-image-preview:large","max-video-preview":"max-video-preview:-1"},"canonical":"https:\/\/glassupply.com\/ca\/fr\/produit\/translucent-vinyl-double-fin-seal\/","og_locale":"fr_CA","og_type":"article","og_title":"Translucent Vinyl Double Fin Seal - Glassupply (CA)","og_description":"Le joint \u00e0 double aile translucide est une solution polyvalente pour les portes \u00e0 double battant. Son aile est con\u00e7ue pour sceller efficacement des espaces jusqu\u2019\u00e0 8 mm (5\/16\u201d).  Avec le ruban adh\u00e9sif transparent 3M Hi-Bond pr\u00e9-appliqu\u00e9, la base rigide de 8 mm (5\/16\u201d) de l\u2019Edge Wipe peut \u00eatre facilement et solidement fix\u00e9e au bord du verre pour une tenue permanente. Cette caract\u00e9ristique ajoute commodit\u00e9 et fiabilit\u00e9 au processus d\u2019installation.  Aucune fabrication du verre requise. SP\u00c9CIFICATIONS TECHNIQUES    \u00c9paisseur du verre de s\u00e9curit\u00e9 8 mm (5\/16\u201d) \u00e0 12 mm (1\/2\u201d)   Longueur 2438 mm (96\u201d)   Mat\u00e9riau de fabrication Base rigide en polycarbonate, aile souple en vinyle","og_url":"https:\/\/glassupply.com\/ca\/fr\/produit\/translucent-vinyl-double-fin-seal\/","og_site_name":"Glassupply (CA)","article_modified_time":"2025-06-06T06:47:26+00:00","og_image":[{"width":1500,"height":1500,"url":"https:\/\/glassupply.com\/ca\/wp-content\/uploads\/sites\/5\/2024\/05\/S-IK-TVDFS-Product-Image-1.webp","type":"image\/webp"}],"twitter_card":"summary_large_image","twitter_misc":{"Est. reading time":"1 minute"},"schema":{"@context":"https:\/\/schema.org","@graph":[{"@type":"WebPage","@id":"https:\/\/glassupply.com\/ca\/fr\/produit\/translucent-vinyl-double-fin-seal\/","url":"https:\/\/glassupply.com\/ca\/fr\/produit\/translucent-vinyl-double-fin-seal\/","name":"Translucent Vinyl Double Fin Seal - Glassupply (CA)","isPartOf":{"@id":"https:\/\/glassupply.com\/ca\/fr\/#website"},"primaryImageOfPage":{"@id":"https:\/\/glassupply.com\/ca\/fr\/produit\/translucent-vinyl-double-fin-seal\/#primaryimage"},"image":{"@id":"https:\/\/glassupply.com\/ca\/fr\/produit\/translucent-vinyl-double-fin-seal\/#primaryimage"},"thumbnailUrl":"https:\/\/glassupply.com\/ca\/wp-content\/uploads\/sites\/5\/2024\/05\/S-IK-TVDFS-Product-Image-1.webp","datePublished":"2024-05-03T12:04:06+00:00","dateModified":"2025-06-06T06:47:26+00:00","breadcrumb":{"@id":"https:\/\/glassupply.com\/ca\/fr\/produit\/translucent-vinyl-double-fin-seal\/#breadcrumb"},"inLanguage":"fr-FR","potentialAction":[{"@type":"ReadAction","target":["https:\/\/glassupply.com\/ca\/fr\/produit\/translucent-vinyl-double-fin-seal\/"]}]},{"@type":"ImageObject","inLanguage":"fr-FR","@id":"https:\/\/glassupply.com\/ca\/fr\/produit\/translucent-vinyl-double-fin-seal\/#primaryimage","url":"https:\/\/glassupply.com\/ca\/wp-content\/uploads\/sites\/5\/2024\/05\/S-IK-TVDFS-Product-Image-1.webp","contentUrl":"https:\/\/glassupply.com\/ca\/wp-content\/uploads\/sites\/5\/2024\/05\/S-IK-TVDFS-Product-Image-1.webp","width":1500,"height":1500},{"@type":"BreadcrumbList","@id":"https:\/\/glassupply.com\/ca\/fr\/produit\/translucent-vinyl-double-fin-seal\/#breadcrumb","itemListElement":[{"@type":"ListItem","position":1,"name":"Home","item":"https:\/\/glassupply.com\/ca\/fr\/"},{"@type":"ListItem","position":2,"name":"Shop","item":"https:\/\/glassupply.com\/ca\/fr\/shop\/"},{"@type":"ListItem","position":3,"name":"Translucent Vinyl Double Fin Seal"}]},{"@type":"WebSite","@id":"https:\/\/glassupply.com\/ca\/fr\/#website","url":"https:\/\/glassupply.com\/ca\/fr\/","name":"Glassupply.com","description":"From the manufacturer to your doorstep","publisher":{"@id":"https:\/\/glassupply.com\/ca\/fr\/#organization"},"potentialAction":[{"@type":"SearchAction","target":{"@type":"EntryPoint","urlTemplate":"https:\/\/glassupply.com\/ca\/fr\/?s={search_term_string}"},"query-input":{"@type":"PropertyValueSpecification","valueRequired":true,"valueName":"search_term_string"}}],"inLanguage":"fr-FR"},{"@type":"Organization","@id":"https:\/\/glassupply.com\/ca\/fr\/#organization","name":"Glassupply.com","url":"https:\/\/glassupply.com\/ca\/fr\/","logo":{"@type":"ImageObject","inLanguage":"fr-FR","@id":"https:\/\/glassupply.com\/ca\/fr\/#\/schema\/logo\/image\/","url":"https:\/\/staging.glassupply.com\/ca\/wp-content\/uploads\/sites\/5\/2023\/07\/logo.svg","contentUrl":"https:\/\/staging.glassupply.com\/ca\/wp-content\/uploads\/sites\/5\/2023\/07\/logo.svg","width":310,"height":24,"caption":"Glassupply.com"},"image":{"@id":"https:\/\/glassupply.com\/ca\/fr\/#\/schema\/logo\/image\/"}}]}},"_links":{"self":[{"href":"https:\/\/glassupply.com\/ca\/fr\/wp-json\/wp\/v2\/product\/6721","targetHints":{"allow":["GET"]}}],"collection":[{"href":"https:\/\/glassupply.com\/ca\/fr\/wp-json\/wp\/v2\/product"}],"about":[{"href":"https:\/\/glassupply.com\/ca\/fr\/wp-json\/wp\/v2\/types\/product"}],"replies":[{"embeddable":true,"href":"https:\/\/glassupply.com\/ca\/fr\/wp-json\/wp\/v2\/comments?post=6721"}],"wp:featuredmedia":[{"embeddable":true,"href":"https:\/\/glassupply.com\/ca\/fr\/wp-json\/wp\/v2\/media\/6712"}],"wp:attachment":[{"href":"https:\/\/glassupply.com\/ca\/fr\/wp-json\/wp\/v2\/media?parent=6721"}],"wp:term":[{"taxonomy":"product_brand","embeddable":true,"href":"https:\/\/glassupply.com\/ca\/fr\/wp-json\/wp\/v2\/product_brand?post=6721"},{"taxonomy":"product_cat","embeddable":true,"href":"https:\/\/glassupply.com\/ca\/fr\/wp-json\/wp\/v2\/product_cat?post=6721"},{"taxonomy":"product_tag","embeddable":true,"href":"https:\/\/glassupply.com\/ca\/fr\/wp-json\/wp\/v2\/product_tag?post=6721"}],"curies":[{"name":"wp","href":"https:\/\/api.w.org\/{rel}","templated":true}]}}