{"id":1199,"date":"2023-06-28T09:26:49","date_gmt":"2023-06-28T14:26:49","guid":{"rendered":"https:\/\/glassupply.com\/product\/gs-adjustable-standoff-1-1-2-base-height\/"},"modified":"2025-06-03T09:28:48","modified_gmt":"2025-06-03T14:28:48","slug":"gs-adjustable-standoff-1-1-2-base-height","status":"publish","type":"product","link":"https:\/\/glassupply.com\/es\/producto\/gs-adjustable-standoff-1-1-2-base-height\/","title":{"rendered":"GS Adjustable Standoff 1-1\/2\u201c Base Height"},"content":{"rendered":"","protected":false},"excerpt":{"rendered":"<p>Presentamos nuestro GS Adjustable Standoff 1-1\/2\u00bb Base Height, dise\u00f1ado para simplificar la instalaci\u00f3n de paneles de vidrio, incluso en superficies horizontales irregulares. Disponible exclusivamente en Glassupply.com, el separador ajustable es un componente utilizado en uno de nuestros sistemas de barandillas de cristal m\u00e1s populares. Est\u00e1 dise\u00f1ado para mantener los paneles de vidrio firmemente en su lugar, creando una barrera segura y elegante para escaleras, balcones u otras \u00e1reas donde se requiere una barrera protectora. Este separador de barandilla de vidrio es f\u00e1cil de instalar, se puede utilizar tanto en interiores como en exteriores y es adecuado para su uso con paneles de vidrio templado o laminado. Fabricado con aleaciones de acero inoxidable 316 de la m\u00e1s alta calidad, nuestro separador no s\u00f3lo ofrece propiedades superiores de resistencia a la corrosi\u00f3n, sino tambi\u00e9n un atractivo est\u00e9tico sin igual que mejorar\u00e1 el aspecto general de cualquier proyecto. Nuestros separadores de acero inoxidable 316 son la elecci\u00f3n perfecta para quienes buscan durabilidad, fiabilidad y atractivo visual, tanto si est\u00e1 construyendo un espacio exterior moderno como una zona exterior elegante y con estilo. Gracias a su rendimiento duradero, sus bajos requisitos de mantenimiento y su excepcional versatilidad, es la soluci\u00f3n definitiva para cualquier proyecto que exija un material de la m\u00e1s alta calidad y que, al mismo tiempo, garantice un rendimiento duradero incluso en los entornos m\u00e1s duros. Nuestro sistema ajustable de barandillas de vidrio Standoff est\u00e1 dise\u00f1ado para proporcionar la m\u00e1xima seguridad y protecci\u00f3n, y hemos tomado todas las medidas para garantizar que cumple o supera los m\u00e1s altos est\u00e1ndares de ingenier\u00eda. Nuestros sistemas de barandillas se han sometido a rigurosas pruebas y han superado pruebas de carga de ingenier\u00eda para m\u00faltiples c\u00f3digos de construcci\u00f3n. Puede confiar en la calidad y fiabilidad de nuestros productos. Elija entre un acabado de acero inoxidable pulido (cepillado) o un acabado negro mate liso con recubrimiento en polvo aplicado electrost\u00e1ticamente y curado al horno para obtener una superficie resistente a los ara\u00f1azos y protegida de la intemperie. Ideal para aplicaciones interiores y exteriores, ofrece una excelente resistencia a la corrosi\u00f3n, por lo que es perfecto para estructuras con un alto grado de corrosi\u00f3n, como regiones costeras y entornos de piscinas. P\u00f3ngase en contacto con nosotros hoy mismo para obtener m\u00e1s informaci\u00f3n y dar el primer paso para actualizar su sistema de barandillas al m\u00e1s alto nivel de seguridad y protecci\u00f3n.<\/p>\n<p>&nbsp;<\/p>\n<h2 style=\"text-align: left;\"><strong>ESPECIFICACIONES T\u00c9CNICAS<\/strong><\/h2>\n<table>\n<tbody>\n<tr>\n<td><strong>Espesor del vidrio de seguridad<\/strong><\/td>\n<td><span style=\"font-weight: 400;\">5\/16\u201d (8 mm) to \u2013 3\/4\u201d (19 mm)<\/span><\/td>\n<\/tr>\n<tr>\n<td><strong>Color\/Acabado<\/strong><\/td>\n<td>Acero inoxidable pulido, negro mate<\/td>\n<\/tr>\n<tr>\n<td><strong>Material de fabricaci\u00f3n<\/strong><\/td>\n<td>Acero inoxidable AISI 316<\/td>\n<\/tr>\n<tr>\n<td><strong>Di\u00e1metro del separador<\/strong><\/td>\n<td><span style=\"font-weight: 400;\">1- 1\/2\u201c (38mm)<\/span><\/td>\n<\/tr>\n<tr>\n<td><strong>Uso Recomendado<\/strong><\/td>\n<td>Interior, Exterior<\/td>\n<\/tr>\n<\/tbody>\n<\/table>\n<div id=\"gtx-trans\" style=\"position: absolute; left: 167px; top: 588.414px;\">\n<div class=\"gtx-trans-icon\"><\/div>\n<\/div>\n","protected":false},"featured_media":1200,"comment_status":"closed","ping_status":"closed","template":"","meta":{"_acf_changed":false,"inline_featured_image":false},"product_brand":[],"product_cat":[60,135],"product_tag":[],"class_list":{"0":"post-1199","1":"product","2":"type-product","3":"status-publish","4":"has-post-thumbnail","6":"product_cat-glass-fence-railing-hardware-es","7":"product_cat-railing-system-es","9":"first","10":"instock","11":"taxable","12":"shipping-taxable","13":"purchasable","14":"product-type-variable","15":"has-default-attributes"},"acf":[],"yoast_head":"<!-- This site is optimized with the Yoast SEO plugin v26.9 - https:\/\/yoast.com\/product\/yoast-seo-wordpress\/ -->\n<title>GS Adjustable Standoff 1-1\/2\u201c Base Height - Glassupply.com<\/title>\n<meta name=\"robots\" content=\"index, follow, max-snippet:-1, max-image-preview:large, max-video-preview:-1\" \/>\n<link rel=\"canonical\" href=\"https:\/\/glassupply.com\/es\/producto\/gs-adjustable-standoff-1-1-2-base-height\/\" \/>\n<meta property=\"og:locale\" content=\"es_ES\" \/>\n<meta property=\"og:type\" content=\"article\" \/>\n<meta property=\"og:title\" content=\"GS Adjustable Standoff 1-1\/2\u201c Base Height - Glassupply.com\" \/>\n<meta property=\"og:description\" content=\"Presentamos nuestro GS Adjustable Standoff 1-1\/2\u00bb Base Height, dise\u00f1ado para simplificar la instalaci\u00f3n de paneles de vidrio, incluso en superficies horizontales irregulares. Disponible exclusivamente en Glassupply.com, el separador ajustable es un componente utilizado en uno de nuestros sistemas de barandillas de cristal m\u00e1s populares. Est\u00e1 dise\u00f1ado para mantener los paneles de vidrio firmemente en su lugar, creando una barrera segura y elegante para escaleras, balcones u otras \u00e1reas donde se requiere una barrera protectora. Este separador de barandilla de vidrio es f\u00e1cil de instalar, se puede utilizar tanto en interiores como en exteriores y es adecuado para su uso con paneles de vidrio templado o laminado. Fabricado con aleaciones de acero inoxidable 316 de la m\u00e1s alta calidad, nuestro separador no s\u00f3lo ofrece propiedades superiores de resistencia a la corrosi\u00f3n, sino tambi\u00e9n un atractivo est\u00e9tico sin igual que mejorar\u00e1 el aspecto general de cualquier proyecto. Nuestros separadores de acero inoxidable 316 son la elecci\u00f3n perfecta para quienes buscan durabilidad, fiabilidad y atractivo visual, tanto si est\u00e1 construyendo un espacio exterior moderno como una zona exterior elegante y con estilo. Gracias a su rendimiento duradero, sus bajos requisitos de mantenimiento y su excepcional versatilidad, es la soluci\u00f3n definitiva para cualquier proyecto que exija un material de la m\u00e1s alta calidad y que, al mismo tiempo, garantice un rendimiento duradero incluso en los entornos m\u00e1s duros. Nuestro sistema ajustable de barandillas de vidrio Standoff est\u00e1 dise\u00f1ado para proporcionar la m\u00e1xima seguridad y protecci\u00f3n, y hemos tomado todas las medidas para garantizar que cumple o supera los m\u00e1s altos est\u00e1ndares de ingenier\u00eda. Nuestros sistemas de barandillas se han sometido a rigurosas pruebas y han superado pruebas de carga de ingenier\u00eda para m\u00faltiples c\u00f3digos de construcci\u00f3n. Puede confiar en la calidad y fiabilidad de nuestros productos. Elija entre un acabado de acero inoxidable pulido (cepillado) o un acabado negro mate liso con recubrimiento en polvo aplicado electrost\u00e1ticamente y curado al horno para obtener una superficie resistente a los ara\u00f1azos y protegida de la intemperie. Ideal para aplicaciones interiores y exteriores, ofrece una excelente resistencia a la corrosi\u00f3n, por lo que es perfecto para estructuras con un alto grado de corrosi\u00f3n, como regiones costeras y entornos de piscinas. P\u00f3ngase en contacto con nosotros hoy mismo para obtener m\u00e1s informaci\u00f3n y dar el primer paso para actualizar su sistema de barandillas al m\u00e1s alto nivel de seguridad y protecci\u00f3n.  &nbsp; ESPECIFICACIONES T\u00c9CNICAS    Espesor del vidrio de seguridad 5\/16\u201d (8 mm) to \u2013 3\/4\u201d (19 mm)   Color\/Acabado Acero inoxidable pulido, negro mate   Material de fabricaci\u00f3n Acero inoxidable AISI 316   Di\u00e1metro del separador 1- 1\/2\u201c (38mm)   Uso Recomendado Interior, Exterior\" \/>\n<meta property=\"og:url\" content=\"https:\/\/glassupply.com\/es\/producto\/gs-adjustable-standoff-1-1-2-base-height\/\" \/>\n<meta property=\"og:site_name\" content=\"Glassupply.com\" \/>\n<meta property=\"article:modified_time\" content=\"2025-06-03T14:28:48+00:00\" \/>\n<meta property=\"og:image\" content=\"https:\/\/glassupply.com\/wp-content\/uploads\/2023\/06\/R-ST-AJ-150D150HSS-Product-Image.webp\" \/>\n\t<meta property=\"og:image:width\" content=\"1500\" \/>\n\t<meta property=\"og:image:height\" content=\"1500\" \/>\n\t<meta property=\"og:image:type\" content=\"image\/webp\" \/>\n<meta name=\"twitter:card\" content=\"summary_large_image\" \/>\n<meta name=\"twitter:label1\" content=\"Est. reading time\" \/>\n\t<meta name=\"twitter:data1\" content=\"1 minuto\" \/>\n<script type=\"application\/ld+json\" class=\"yoast-schema-graph\">{\"@context\":\"https:\/\/schema.org\",\"@graph\":[{\"@type\":\"WebPage\",\"@id\":\"https:\/\/glassupply.com\/es\/producto\/gs-adjustable-standoff-1-1-2-base-height\/\",\"url\":\"https:\/\/glassupply.com\/es\/producto\/gs-adjustable-standoff-1-1-2-base-height\/\",\"name\":\"GS Adjustable Standoff 1-1\/2\u201c Base Height - Glassupply.com\",\"isPartOf\":{\"@id\":\"https:\/\/glassupply.com\/es\/#website\"},\"primaryImageOfPage\":{\"@id\":\"https:\/\/glassupply.com\/es\/producto\/gs-adjustable-standoff-1-1-2-base-height\/#primaryimage\"},\"image\":{\"@id\":\"https:\/\/glassupply.com\/es\/producto\/gs-adjustable-standoff-1-1-2-base-height\/#primaryimage\"},\"thumbnailUrl\":\"https:\/\/glassupply.com\/wp-content\/uploads\/2023\/06\/R-ST-AJ-150D150HSS-Product-Image.webp\",\"datePublished\":\"2023-06-28T14:26:49+00:00\",\"dateModified\":\"2025-06-03T14:28:48+00:00\",\"breadcrumb\":{\"@id\":\"https:\/\/glassupply.com\/es\/producto\/gs-adjustable-standoff-1-1-2-base-height\/#breadcrumb\"},\"inLanguage\":\"es\",\"potentialAction\":[{\"@type\":\"ReadAction\",\"target\":[\"https:\/\/glassupply.com\/es\/producto\/gs-adjustable-standoff-1-1-2-base-height\/\"]}]},{\"@type\":\"ImageObject\",\"inLanguage\":\"es\",\"@id\":\"https:\/\/glassupply.com\/es\/producto\/gs-adjustable-standoff-1-1-2-base-height\/#primaryimage\",\"url\":\"https:\/\/glassupply.com\/wp-content\/uploads\/2023\/06\/R-ST-AJ-150D150HSS-Product-Image.webp\",\"contentUrl\":\"https:\/\/glassupply.com\/wp-content\/uploads\/2023\/06\/R-ST-AJ-150D150HSS-Product-Image.webp\",\"width\":1500,\"height\":1500},{\"@type\":\"BreadcrumbList\",\"@id\":\"https:\/\/glassupply.com\/es\/producto\/gs-adjustable-standoff-1-1-2-base-height\/#breadcrumb\",\"itemListElement\":[{\"@type\":\"ListItem\",\"position\":1,\"name\":\"Tienda\",\"item\":\"https:\/\/glassupply.com\/es\/tienda\/\"},{\"@type\":\"ListItem\",\"position\":2,\"name\":\"GS Adjustable Standoff 1-1\/2\u201c Base Height\"}]},{\"@type\":\"WebSite\",\"@id\":\"https:\/\/glassupply.com\/es\/#website\",\"url\":\"https:\/\/glassupply.com\/es\/\",\"name\":\"Glassupply.com\",\"description\":\"From the manufacturer to your doorstep\",\"potentialAction\":[{\"@type\":\"SearchAction\",\"target\":{\"@type\":\"EntryPoint\",\"urlTemplate\":\"https:\/\/glassupply.com\/es\/?s={search_term_string}\"},\"query-input\":{\"@type\":\"PropertyValueSpecification\",\"valueRequired\":true,\"valueName\":\"search_term_string\"}}],\"inLanguage\":\"es\"}]}<\/script>\n<!-- \/ Yoast SEO plugin. -->","yoast_head_json":{"title":"GS Adjustable Standoff 1-1\/2\u201c Base Height - Glassupply.com","robots":{"index":"index","follow":"follow","max-snippet":"max-snippet:-1","max-image-preview":"max-image-preview:large","max-video-preview":"max-video-preview:-1"},"canonical":"https:\/\/glassupply.com\/es\/producto\/gs-adjustable-standoff-1-1-2-base-height\/","og_locale":"es_ES","og_type":"article","og_title":"GS Adjustable Standoff 1-1\/2\u201c Base Height - Glassupply.com","og_description":"Presentamos nuestro GS Adjustable Standoff 1-1\/2\u00bb Base Height, dise\u00f1ado para simplificar la instalaci\u00f3n de paneles de vidrio, incluso en superficies horizontales irregulares. Disponible exclusivamente en Glassupply.com, el separador ajustable es un componente utilizado en uno de nuestros sistemas de barandillas de cristal m\u00e1s populares. Est\u00e1 dise\u00f1ado para mantener los paneles de vidrio firmemente en su lugar, creando una barrera segura y elegante para escaleras, balcones u otras \u00e1reas donde se requiere una barrera protectora. Este separador de barandilla de vidrio es f\u00e1cil de instalar, se puede utilizar tanto en interiores como en exteriores y es adecuado para su uso con paneles de vidrio templado o laminado. Fabricado con aleaciones de acero inoxidable 316 de la m\u00e1s alta calidad, nuestro separador no s\u00f3lo ofrece propiedades superiores de resistencia a la corrosi\u00f3n, sino tambi\u00e9n un atractivo est\u00e9tico sin igual que mejorar\u00e1 el aspecto general de cualquier proyecto. Nuestros separadores de acero inoxidable 316 son la elecci\u00f3n perfecta para quienes buscan durabilidad, fiabilidad y atractivo visual, tanto si est\u00e1 construyendo un espacio exterior moderno como una zona exterior elegante y con estilo. Gracias a su rendimiento duradero, sus bajos requisitos de mantenimiento y su excepcional versatilidad, es la soluci\u00f3n definitiva para cualquier proyecto que exija un material de la m\u00e1s alta calidad y que, al mismo tiempo, garantice un rendimiento duradero incluso en los entornos m\u00e1s duros. Nuestro sistema ajustable de barandillas de vidrio Standoff est\u00e1 dise\u00f1ado para proporcionar la m\u00e1xima seguridad y protecci\u00f3n, y hemos tomado todas las medidas para garantizar que cumple o supera los m\u00e1s altos est\u00e1ndares de ingenier\u00eda. Nuestros sistemas de barandillas se han sometido a rigurosas pruebas y han superado pruebas de carga de ingenier\u00eda para m\u00faltiples c\u00f3digos de construcci\u00f3n. Puede confiar en la calidad y fiabilidad de nuestros productos. Elija entre un acabado de acero inoxidable pulido (cepillado) o un acabado negro mate liso con recubrimiento en polvo aplicado electrost\u00e1ticamente y curado al horno para obtener una superficie resistente a los ara\u00f1azos y protegida de la intemperie. Ideal para aplicaciones interiores y exteriores, ofrece una excelente resistencia a la corrosi\u00f3n, por lo que es perfecto para estructuras con un alto grado de corrosi\u00f3n, como regiones costeras y entornos de piscinas. P\u00f3ngase en contacto con nosotros hoy mismo para obtener m\u00e1s informaci\u00f3n y dar el primer paso para actualizar su sistema de barandillas al m\u00e1s alto nivel de seguridad y protecci\u00f3n.  &nbsp; ESPECIFICACIONES T\u00c9CNICAS    Espesor del vidrio de seguridad 5\/16\u201d (8 mm) to \u2013 3\/4\u201d (19 mm)   Color\/Acabado Acero inoxidable pulido, negro mate   Material de fabricaci\u00f3n Acero inoxidable AISI 316   Di\u00e1metro del separador 1- 1\/2\u201c (38mm)   Uso Recomendado Interior, Exterior","og_url":"https:\/\/glassupply.com\/es\/producto\/gs-adjustable-standoff-1-1-2-base-height\/","og_site_name":"Glassupply.com","article_modified_time":"2025-06-03T14:28:48+00:00","og_image":[{"width":1500,"height":1500,"url":"https:\/\/glassupply.com\/wp-content\/uploads\/2023\/06\/R-ST-AJ-150D150HSS-Product-Image.webp","type":"image\/webp"}],"twitter_card":"summary_large_image","twitter_misc":{"Est. reading time":"1 minuto"},"schema":{"@context":"https:\/\/schema.org","@graph":[{"@type":"WebPage","@id":"https:\/\/glassupply.com\/es\/producto\/gs-adjustable-standoff-1-1-2-base-height\/","url":"https:\/\/glassupply.com\/es\/producto\/gs-adjustable-standoff-1-1-2-base-height\/","name":"GS Adjustable Standoff 1-1\/2\u201c Base Height - Glassupply.com","isPartOf":{"@id":"https:\/\/glassupply.com\/es\/#website"},"primaryImageOfPage":{"@id":"https:\/\/glassupply.com\/es\/producto\/gs-adjustable-standoff-1-1-2-base-height\/#primaryimage"},"image":{"@id":"https:\/\/glassupply.com\/es\/producto\/gs-adjustable-standoff-1-1-2-base-height\/#primaryimage"},"thumbnailUrl":"https:\/\/glassupply.com\/wp-content\/uploads\/2023\/06\/R-ST-AJ-150D150HSS-Product-Image.webp","datePublished":"2023-06-28T14:26:49+00:00","dateModified":"2025-06-03T14:28:48+00:00","breadcrumb":{"@id":"https:\/\/glassupply.com\/es\/producto\/gs-adjustable-standoff-1-1-2-base-height\/#breadcrumb"},"inLanguage":"es","potentialAction":[{"@type":"ReadAction","target":["https:\/\/glassupply.com\/es\/producto\/gs-adjustable-standoff-1-1-2-base-height\/"]}]},{"@type":"ImageObject","inLanguage":"es","@id":"https:\/\/glassupply.com\/es\/producto\/gs-adjustable-standoff-1-1-2-base-height\/#primaryimage","url":"https:\/\/glassupply.com\/wp-content\/uploads\/2023\/06\/R-ST-AJ-150D150HSS-Product-Image.webp","contentUrl":"https:\/\/glassupply.com\/wp-content\/uploads\/2023\/06\/R-ST-AJ-150D150HSS-Product-Image.webp","width":1500,"height":1500},{"@type":"BreadcrumbList","@id":"https:\/\/glassupply.com\/es\/producto\/gs-adjustable-standoff-1-1-2-base-height\/#breadcrumb","itemListElement":[{"@type":"ListItem","position":1,"name":"Tienda","item":"https:\/\/glassupply.com\/es\/tienda\/"},{"@type":"ListItem","position":2,"name":"GS Adjustable Standoff 1-1\/2\u201c Base Height"}]},{"@type":"WebSite","@id":"https:\/\/glassupply.com\/es\/#website","url":"https:\/\/glassupply.com\/es\/","name":"Glassupply.com","description":"From the manufacturer to your doorstep","potentialAction":[{"@type":"SearchAction","target":{"@type":"EntryPoint","urlTemplate":"https:\/\/glassupply.com\/es\/?s={search_term_string}"},"query-input":{"@type":"PropertyValueSpecification","valueRequired":true,"valueName":"search_term_string"}}],"inLanguage":"es"}]}},"_links":{"self":[{"href":"https:\/\/glassupply.com\/es\/wp-json\/wp\/v2\/product\/1199","targetHints":{"allow":["GET"]}}],"collection":[{"href":"https:\/\/glassupply.com\/es\/wp-json\/wp\/v2\/product"}],"about":[{"href":"https:\/\/glassupply.com\/es\/wp-json\/wp\/v2\/types\/product"}],"replies":[{"embeddable":true,"href":"https:\/\/glassupply.com\/es\/wp-json\/wp\/v2\/comments?post=1199"}],"wp:featuredmedia":[{"embeddable":true,"href":"https:\/\/glassupply.com\/es\/wp-json\/wp\/v2\/media\/1200"}],"wp:attachment":[{"href":"https:\/\/glassupply.com\/es\/wp-json\/wp\/v2\/media?parent=1199"}],"wp:term":[{"taxonomy":"product_brand","embeddable":true,"href":"https:\/\/glassupply.com\/es\/wp-json\/wp\/v2\/product_brand?post=1199"},{"taxonomy":"product_cat","embeddable":true,"href":"https:\/\/glassupply.com\/es\/wp-json\/wp\/v2\/product_cat?post=1199"},{"taxonomy":"product_tag","embeddable":true,"href":"https:\/\/glassupply.com\/es\/wp-json\/wp\/v2\/product_tag?post=1199"}],"curies":[{"name":"wp","href":"https:\/\/api.w.org\/{rel}","templated":true}]}}