{"id":1209,"date":"2023-06-28T09:26:40","date_gmt":"2023-06-28T14:26:40","guid":{"rendered":"https:\/\/glassupply.com\/product\/glass-mounted-adjustable-length-projection-bracket-with-swivel-head-4-5-16-to-6-7-8\/"},"modified":"2025-06-04T08:07:10","modified_gmt":"2025-06-04T13:07:10","slug":"glass-mounted-adjustable-length-projection-bracket-with-swivel-head-4-5-16-to-6-7-8","status":"publish","type":"product","link":"https:\/\/glassupply.com\/es\/producto\/glass-mounted-adjustable-length-projection-bracket-with-swivel-head-4-5-16-to-6-7-8\/","title":{"rendered":"Glass Mounted Adjustable length projection Bracket with Swivel Head &#8211; 4 5\/16&#8243; to 6 7\/8&#8243;"},"content":{"rendered":"","protected":false},"excerpt":{"rendered":"<p><span style=\"font-weight: 400;\">El Soporte de Proyecci\u00f3n Ajustable Montado en Vidrio para Pasamanos \u2013 de 4 5\/16\u2033 a 6 7\/8\u2033 cuenta con un brazo de proyecci\u00f3n ajustable, lo que permite una f\u00e1cil personalizaci\u00f3n de la distancia de proyecci\u00f3n del soporte desde el panel de vidrio hasta el pasamanos.<\/span><\/p>\n<p><span style=\"font-weight: 400;\">Uno de los beneficios de esta caracter\u00edstica ajustable es que puede ayudar a alinear una secci\u00f3n de barandilla de vidrio con una pared que no est\u00e9 en l\u00ednea. Al ajustar la distancia de proyecci\u00f3n, los instaladores pueden asegurarse de que el pasamanos est\u00e9 en la posici\u00f3n correcta con respecto tanto al panel de vidrio como a la pared, proporcionando un aspecto limpio y uniforme.<\/span><\/p>\n<p><span style=\"font-weight: 400;\">Adem\u00e1s de sus beneficios de alineaci\u00f3n, la funci\u00f3n de Proyecci\u00f3n de Longitud Ajustable tambi\u00e9n es \u00fatil cuando el pasamanos debe colocarse a una distancia espec\u00edfica del panel de vidrio.<\/span><\/p>\n<p><span style=\"font-weight: 400;\">Asimismo, la caracter\u00edstica de cabezal giratorio del soporte permite un f\u00e1cil ajuste del \u00e1ngulo, asegurando que est\u00e9 perfectamente alineado con la inclinaci\u00f3n de las escaleras o del balc\u00f3n.<\/span><\/p>\n<p><span style=\"font-weight: 400;\">Fabricados con aleaciones de acero inoxidable 316 de la m\u00e1s alta calidad, nuestros conectores de pasamanos de alta gama ofrecen no solo una resistencia superior a la corrosi\u00f3n, sino tambi\u00e9n un atractivo est\u00e9tico inigualable que realzar\u00e1 el aspecto general de cualquier proyecto. Nuestros conectores de pasamanos y la serie de pasamanos de acero inoxidable 316 son la opci\u00f3n perfecta para quienes buscan durabilidad, fiabilidad y atractivo visual, garantizando un rendimiento duradero incluso en los entornos m\u00e1s exigentes.<\/span><\/p>\n<p><span style=\"font-weight: 400;\">Elija entre un acabado en acero inoxidable pulido (cepillado) o un acabado negro mate suave con recubrimiento en polvo aplicado electrost\u00e1ticamente y curado al horno para una superficie resistente a los ara\u00f1azos y protegida contra las inclemencias del tiempo. Ideal tanto para aplicaciones interiores como exteriores, ofrece una excelente resistencia a la corrosi\u00f3n, por lo que es perfecto para estructuras con un alto grado de exposici\u00f3n, como regiones costeras y entornos de piscinas.<\/span><\/p>\n<h2><b>ESPECIFICACIONES T\u00c9CNICAS<\/b><\/h2>\n<table>\n<tbody>\n<tr>\n<td><b>Pasamanos Recomendado<\/b><\/td>\n<td><span style=\"font-weight: 400;\">R-HR-RT<\/span><\/td>\n<\/tr>\n<tr>\n<td><b>Color\/Acabado<\/b><\/td>\n<td><span style=\"font-weight: 400;\">Negro Mate, Acero Inoxidable Pulido<\/span><\/td>\n<\/tr>\n<tr>\n<td><b>Material de Fabricaci\u00f3n<\/b><\/td>\n<td><span style=\"font-weight: 400;\">Acero Inoxidable AISI 316<\/span><\/td>\n<\/tr>\n<tr>\n<td><b>Ubicaci\u00f3n Recomendada de Uso<\/b><\/td>\n<td><span style=\"font-weight: 400;\">Interior, Exterior<\/span><\/td>\n<\/tr>\n<\/tbody>\n<\/table>\n","protected":false},"featured_media":1210,"comment_status":"closed","ping_status":"closed","template":"","meta":{"_acf_changed":false,"inline_featured_image":false},"product_brand":[],"product_cat":[60,134],"product_tag":[],"class_list":{"0":"post-1209","1":"product","2":"type-product","3":"status-publish","4":"has-post-thumbnail","6":"product_cat-glass-fence-railing-hardware-es","7":"product_cat-handrail-es","9":"first","10":"instock","11":"taxable","12":"shipping-taxable","13":"purchasable","14":"product-type-variable","15":"has-default-attributes"},"acf":[],"yoast_head":"<!-- This site is optimized with the Yoast SEO plugin v26.9 - https:\/\/yoast.com\/product\/yoast-seo-wordpress\/ -->\n<title>Glass Mounted Adjustable length projection Bracket with Swivel Head - 4 5\/16&quot; to 6 7\/8&quot; - Glassupply.com<\/title>\n<meta name=\"robots\" content=\"index, follow, max-snippet:-1, max-image-preview:large, max-video-preview:-1\" \/>\n<link rel=\"canonical\" href=\"https:\/\/glassupply.com\/es\/producto\/glass-mounted-adjustable-length-projection-bracket-with-swivel-head-4-5-16-to-6-7-8\/\" \/>\n<meta property=\"og:locale\" content=\"es_ES\" \/>\n<meta property=\"og:type\" content=\"article\" \/>\n<meta property=\"og:title\" content=\"Glass Mounted Adjustable length projection Bracket with Swivel Head - 4 5\/16&quot; to 6 7\/8&quot; - Glassupply.com\" \/>\n<meta property=\"og:description\" content=\"El Soporte de Proyecci\u00f3n Ajustable Montado en Vidrio para Pasamanos \u2013 de 4 5\/16\u2033 a 6 7\/8\u2033 cuenta con un brazo de proyecci\u00f3n ajustable, lo que permite una f\u00e1cil personalizaci\u00f3n de la distancia de proyecci\u00f3n del soporte desde el panel de vidrio hasta el pasamanos.  Uno de los beneficios de esta caracter\u00edstica ajustable es que puede ayudar a alinear una secci\u00f3n de barandilla de vidrio con una pared que no est\u00e9 en l\u00ednea. Al ajustar la distancia de proyecci\u00f3n, los instaladores pueden asegurarse de que el pasamanos est\u00e9 en la posici\u00f3n correcta con respecto tanto al panel de vidrio como a la pared, proporcionando un aspecto limpio y uniforme.  Adem\u00e1s de sus beneficios de alineaci\u00f3n, la funci\u00f3n de Proyecci\u00f3n de Longitud Ajustable tambi\u00e9n es \u00fatil cuando el pasamanos debe colocarse a una distancia espec\u00edfica del panel de vidrio.  Asimismo, la caracter\u00edstica de cabezal giratorio del soporte permite un f\u00e1cil ajuste del \u00e1ngulo, asegurando que est\u00e9 perfectamente alineado con la inclinaci\u00f3n de las escaleras o del balc\u00f3n.  Fabricados con aleaciones de acero inoxidable 316 de la m\u00e1s alta calidad, nuestros conectores de pasamanos de alta gama ofrecen no solo una resistencia superior a la corrosi\u00f3n, sino tambi\u00e9n un atractivo est\u00e9tico inigualable que realzar\u00e1 el aspecto general de cualquier proyecto. Nuestros conectores de pasamanos y la serie de pasamanos de acero inoxidable 316 son la opci\u00f3n perfecta para quienes buscan durabilidad, fiabilidad y atractivo visual, garantizando un rendimiento duradero incluso en los entornos m\u00e1s exigentes.  Elija entre un acabado en acero inoxidable pulido (cepillado) o un acabado negro mate suave con recubrimiento en polvo aplicado electrost\u00e1ticamente y curado al horno para una superficie resistente a los ara\u00f1azos y protegida contra las inclemencias del tiempo. Ideal tanto para aplicaciones interiores como exteriores, ofrece una excelente resistencia a la corrosi\u00f3n, por lo que es perfecto para estructuras con un alto grado de exposici\u00f3n, como regiones costeras y entornos de piscinas. ESPECIFICACIONES T\u00c9CNICAS    Pasamanos Recomendado R-HR-RT   Color\/Acabado Negro Mate, Acero Inoxidable Pulido   Material de Fabricaci\u00f3n Acero Inoxidable AISI 316   Ubicaci\u00f3n Recomendada de Uso Interior, Exterior\" \/>\n<meta property=\"og:url\" content=\"https:\/\/glassupply.com\/es\/producto\/glass-mounted-adjustable-length-projection-bracket-with-swivel-head-4-5-16-to-6-7-8\/\" \/>\n<meta property=\"og:site_name\" content=\"Glassupply.com\" \/>\n<meta property=\"article:modified_time\" content=\"2025-06-04T13:07:10+00:00\" \/>\n<meta property=\"og:image\" content=\"https:\/\/glassupply.com\/wp-content\/uploads\/2023\/06\/R-HR-GMBAJLGTHSS-Product-Image-2.webp\" \/>\n\t<meta property=\"og:image:width\" content=\"1500\" \/>\n\t<meta property=\"og:image:height\" content=\"1500\" \/>\n\t<meta property=\"og:image:type\" content=\"image\/webp\" \/>\n<meta name=\"twitter:card\" content=\"summary_large_image\" \/>\n<meta name=\"twitter:label1\" content=\"Est. reading time\" \/>\n\t<meta name=\"twitter:data1\" content=\"1 minuto\" \/>\n<script type=\"application\/ld+json\" class=\"yoast-schema-graph\">{\"@context\":\"https:\/\/schema.org\",\"@graph\":[{\"@type\":\"WebPage\",\"@id\":\"https:\/\/glassupply.com\/es\/producto\/glass-mounted-adjustable-length-projection-bracket-with-swivel-head-4-5-16-to-6-7-8\/\",\"url\":\"https:\/\/glassupply.com\/es\/producto\/glass-mounted-adjustable-length-projection-bracket-with-swivel-head-4-5-16-to-6-7-8\/\",\"name\":\"Glass Mounted Adjustable length projection Bracket with Swivel Head - 4 5\/16\\\" to 6 7\/8\\\" - Glassupply.com\",\"isPartOf\":{\"@id\":\"https:\/\/glassupply.com\/es\/#website\"},\"primaryImageOfPage\":{\"@id\":\"https:\/\/glassupply.com\/es\/producto\/glass-mounted-adjustable-length-projection-bracket-with-swivel-head-4-5-16-to-6-7-8\/#primaryimage\"},\"image\":{\"@id\":\"https:\/\/glassupply.com\/es\/producto\/glass-mounted-adjustable-length-projection-bracket-with-swivel-head-4-5-16-to-6-7-8\/#primaryimage\"},\"thumbnailUrl\":\"https:\/\/glassupply.com\/wp-content\/uploads\/2023\/06\/R-HR-GMBAJLGTHSS-Product-Image-2.webp\",\"datePublished\":\"2023-06-28T14:26:40+00:00\",\"dateModified\":\"2025-06-04T13:07:10+00:00\",\"breadcrumb\":{\"@id\":\"https:\/\/glassupply.com\/es\/producto\/glass-mounted-adjustable-length-projection-bracket-with-swivel-head-4-5-16-to-6-7-8\/#breadcrumb\"},\"inLanguage\":\"es\",\"potentialAction\":[{\"@type\":\"ReadAction\",\"target\":[\"https:\/\/glassupply.com\/es\/producto\/glass-mounted-adjustable-length-projection-bracket-with-swivel-head-4-5-16-to-6-7-8\/\"]}]},{\"@type\":\"ImageObject\",\"inLanguage\":\"es\",\"@id\":\"https:\/\/glassupply.com\/es\/producto\/glass-mounted-adjustable-length-projection-bracket-with-swivel-head-4-5-16-to-6-7-8\/#primaryimage\",\"url\":\"https:\/\/glassupply.com\/wp-content\/uploads\/2023\/06\/R-HR-GMBAJLGTHSS-Product-Image-2.webp\",\"contentUrl\":\"https:\/\/glassupply.com\/wp-content\/uploads\/2023\/06\/R-HR-GMBAJLGTHSS-Product-Image-2.webp\",\"width\":1500,\"height\":1500},{\"@type\":\"BreadcrumbList\",\"@id\":\"https:\/\/glassupply.com\/es\/producto\/glass-mounted-adjustable-length-projection-bracket-with-swivel-head-4-5-16-to-6-7-8\/#breadcrumb\",\"itemListElement\":[{\"@type\":\"ListItem\",\"position\":1,\"name\":\"Tienda\",\"item\":\"https:\/\/glassupply.com\/es\/tienda\/\"},{\"@type\":\"ListItem\",\"position\":2,\"name\":\"Glass Mounted Adjustable length projection Bracket with Swivel Head &#8211; 4 5\/16&#8243; to 6 7\/8&#8243;\"}]},{\"@type\":\"WebSite\",\"@id\":\"https:\/\/glassupply.com\/es\/#website\",\"url\":\"https:\/\/glassupply.com\/es\/\",\"name\":\"Glassupply.com\",\"description\":\"From the manufacturer to your doorstep\",\"potentialAction\":[{\"@type\":\"SearchAction\",\"target\":{\"@type\":\"EntryPoint\",\"urlTemplate\":\"https:\/\/glassupply.com\/es\/?s={search_term_string}\"},\"query-input\":{\"@type\":\"PropertyValueSpecification\",\"valueRequired\":true,\"valueName\":\"search_term_string\"}}],\"inLanguage\":\"es\"}]}<\/script>\n<!-- \/ Yoast SEO plugin. -->","yoast_head_json":{"title":"Glass Mounted Adjustable length projection Bracket with Swivel Head - 4 5\/16\" to 6 7\/8\" - Glassupply.com","robots":{"index":"index","follow":"follow","max-snippet":"max-snippet:-1","max-image-preview":"max-image-preview:large","max-video-preview":"max-video-preview:-1"},"canonical":"https:\/\/glassupply.com\/es\/producto\/glass-mounted-adjustable-length-projection-bracket-with-swivel-head-4-5-16-to-6-7-8\/","og_locale":"es_ES","og_type":"article","og_title":"Glass Mounted Adjustable length projection Bracket with Swivel Head - 4 5\/16\" to 6 7\/8\" - Glassupply.com","og_description":"El Soporte de Proyecci\u00f3n Ajustable Montado en Vidrio para Pasamanos \u2013 de 4 5\/16\u2033 a 6 7\/8\u2033 cuenta con un brazo de proyecci\u00f3n ajustable, lo que permite una f\u00e1cil personalizaci\u00f3n de la distancia de proyecci\u00f3n del soporte desde el panel de vidrio hasta el pasamanos.  Uno de los beneficios de esta caracter\u00edstica ajustable es que puede ayudar a alinear una secci\u00f3n de barandilla de vidrio con una pared que no est\u00e9 en l\u00ednea. Al ajustar la distancia de proyecci\u00f3n, los instaladores pueden asegurarse de que el pasamanos est\u00e9 en la posici\u00f3n correcta con respecto tanto al panel de vidrio como a la pared, proporcionando un aspecto limpio y uniforme.  Adem\u00e1s de sus beneficios de alineaci\u00f3n, la funci\u00f3n de Proyecci\u00f3n de Longitud Ajustable tambi\u00e9n es \u00fatil cuando el pasamanos debe colocarse a una distancia espec\u00edfica del panel de vidrio.  Asimismo, la caracter\u00edstica de cabezal giratorio del soporte permite un f\u00e1cil ajuste del \u00e1ngulo, asegurando que est\u00e9 perfectamente alineado con la inclinaci\u00f3n de las escaleras o del balc\u00f3n.  Fabricados con aleaciones de acero inoxidable 316 de la m\u00e1s alta calidad, nuestros conectores de pasamanos de alta gama ofrecen no solo una resistencia superior a la corrosi\u00f3n, sino tambi\u00e9n un atractivo est\u00e9tico inigualable que realzar\u00e1 el aspecto general de cualquier proyecto. Nuestros conectores de pasamanos y la serie de pasamanos de acero inoxidable 316 son la opci\u00f3n perfecta para quienes buscan durabilidad, fiabilidad y atractivo visual, garantizando un rendimiento duradero incluso en los entornos m\u00e1s exigentes.  Elija entre un acabado en acero inoxidable pulido (cepillado) o un acabado negro mate suave con recubrimiento en polvo aplicado electrost\u00e1ticamente y curado al horno para una superficie resistente a los ara\u00f1azos y protegida contra las inclemencias del tiempo. Ideal tanto para aplicaciones interiores como exteriores, ofrece una excelente resistencia a la corrosi\u00f3n, por lo que es perfecto para estructuras con un alto grado de exposici\u00f3n, como regiones costeras y entornos de piscinas. ESPECIFICACIONES T\u00c9CNICAS    Pasamanos Recomendado R-HR-RT   Color\/Acabado Negro Mate, Acero Inoxidable Pulido   Material de Fabricaci\u00f3n Acero Inoxidable AISI 316   Ubicaci\u00f3n Recomendada de Uso Interior, Exterior","og_url":"https:\/\/glassupply.com\/es\/producto\/glass-mounted-adjustable-length-projection-bracket-with-swivel-head-4-5-16-to-6-7-8\/","og_site_name":"Glassupply.com","article_modified_time":"2025-06-04T13:07:10+00:00","og_image":[{"width":1500,"height":1500,"url":"https:\/\/glassupply.com\/wp-content\/uploads\/2023\/06\/R-HR-GMBAJLGTHSS-Product-Image-2.webp","type":"image\/webp"}],"twitter_card":"summary_large_image","twitter_misc":{"Est. reading time":"1 minuto"},"schema":{"@context":"https:\/\/schema.org","@graph":[{"@type":"WebPage","@id":"https:\/\/glassupply.com\/es\/producto\/glass-mounted-adjustable-length-projection-bracket-with-swivel-head-4-5-16-to-6-7-8\/","url":"https:\/\/glassupply.com\/es\/producto\/glass-mounted-adjustable-length-projection-bracket-with-swivel-head-4-5-16-to-6-7-8\/","name":"Glass Mounted Adjustable length projection Bracket with Swivel Head - 4 5\/16\" to 6 7\/8\" - Glassupply.com","isPartOf":{"@id":"https:\/\/glassupply.com\/es\/#website"},"primaryImageOfPage":{"@id":"https:\/\/glassupply.com\/es\/producto\/glass-mounted-adjustable-length-projection-bracket-with-swivel-head-4-5-16-to-6-7-8\/#primaryimage"},"image":{"@id":"https:\/\/glassupply.com\/es\/producto\/glass-mounted-adjustable-length-projection-bracket-with-swivel-head-4-5-16-to-6-7-8\/#primaryimage"},"thumbnailUrl":"https:\/\/glassupply.com\/wp-content\/uploads\/2023\/06\/R-HR-GMBAJLGTHSS-Product-Image-2.webp","datePublished":"2023-06-28T14:26:40+00:00","dateModified":"2025-06-04T13:07:10+00:00","breadcrumb":{"@id":"https:\/\/glassupply.com\/es\/producto\/glass-mounted-adjustable-length-projection-bracket-with-swivel-head-4-5-16-to-6-7-8\/#breadcrumb"},"inLanguage":"es","potentialAction":[{"@type":"ReadAction","target":["https:\/\/glassupply.com\/es\/producto\/glass-mounted-adjustable-length-projection-bracket-with-swivel-head-4-5-16-to-6-7-8\/"]}]},{"@type":"ImageObject","inLanguage":"es","@id":"https:\/\/glassupply.com\/es\/producto\/glass-mounted-adjustable-length-projection-bracket-with-swivel-head-4-5-16-to-6-7-8\/#primaryimage","url":"https:\/\/glassupply.com\/wp-content\/uploads\/2023\/06\/R-HR-GMBAJLGTHSS-Product-Image-2.webp","contentUrl":"https:\/\/glassupply.com\/wp-content\/uploads\/2023\/06\/R-HR-GMBAJLGTHSS-Product-Image-2.webp","width":1500,"height":1500},{"@type":"BreadcrumbList","@id":"https:\/\/glassupply.com\/es\/producto\/glass-mounted-adjustable-length-projection-bracket-with-swivel-head-4-5-16-to-6-7-8\/#breadcrumb","itemListElement":[{"@type":"ListItem","position":1,"name":"Tienda","item":"https:\/\/glassupply.com\/es\/tienda\/"},{"@type":"ListItem","position":2,"name":"Glass Mounted Adjustable length projection Bracket with Swivel Head &#8211; 4 5\/16&#8243; to 6 7\/8&#8243;"}]},{"@type":"WebSite","@id":"https:\/\/glassupply.com\/es\/#website","url":"https:\/\/glassupply.com\/es\/","name":"Glassupply.com","description":"From the manufacturer to your doorstep","potentialAction":[{"@type":"SearchAction","target":{"@type":"EntryPoint","urlTemplate":"https:\/\/glassupply.com\/es\/?s={search_term_string}"},"query-input":{"@type":"PropertyValueSpecification","valueRequired":true,"valueName":"search_term_string"}}],"inLanguage":"es"}]}},"_links":{"self":[{"href":"https:\/\/glassupply.com\/es\/wp-json\/wp\/v2\/product\/1209","targetHints":{"allow":["GET"]}}],"collection":[{"href":"https:\/\/glassupply.com\/es\/wp-json\/wp\/v2\/product"}],"about":[{"href":"https:\/\/glassupply.com\/es\/wp-json\/wp\/v2\/types\/product"}],"replies":[{"embeddable":true,"href":"https:\/\/glassupply.com\/es\/wp-json\/wp\/v2\/comments?post=1209"}],"wp:featuredmedia":[{"embeddable":true,"href":"https:\/\/glassupply.com\/es\/wp-json\/wp\/v2\/media\/1210"}],"wp:attachment":[{"href":"https:\/\/glassupply.com\/es\/wp-json\/wp\/v2\/media?parent=1209"}],"wp:term":[{"taxonomy":"product_brand","embeddable":true,"href":"https:\/\/glassupply.com\/es\/wp-json\/wp\/v2\/product_brand?post=1209"},{"taxonomy":"product_cat","embeddable":true,"href":"https:\/\/glassupply.com\/es\/wp-json\/wp\/v2\/product_cat?post=1209"},{"taxonomy":"product_tag","embeddable":true,"href":"https:\/\/glassupply.com\/es\/wp-json\/wp\/v2\/product_tag?post=1209"}],"curies":[{"name":"wp","href":"https:\/\/api.w.org\/{rel}","templated":true}]}}