{"id":2106,"date":"2023-06-28T09:26:39","date_gmt":"2023-06-28T09:26:39","guid":{"rendered":"https:\/\/glassupply.com\/product\/gs-round-handrail-tube\/"},"modified":"2026-02-12T07:43:23","modified_gmt":"2026-02-12T12:43:23","slug":"gs-round-handrail-tube","status":"publish","type":"product","link":"https:\/\/glassupply.com\/es\/producto\/gs-round-handrail-tube\/","title":{"rendered":"GS Round Handrail Tube"},"content":{"rendered":"","protected":false},"excerpt":{"rendered":"<p><span style=\"font-weight: 400;\">El Tubo de Pasamanos Redondo GS es un componente utilizado en un sistema de barandilla para escaleras, balcones u otras \u00e1reas donde se requiere un pasamanos.<\/span><\/p>\n<p><span style=\"font-weight: 400;\">Fabricado con aleaciones de acero inoxidable 316 de la m\u00e1s alta calidad, nuestro pasamanos de alta gama ofrece no solo una resistencia superior a la corrosi\u00f3n, sino tambi\u00e9n un atractivo est\u00e9tico inigualable que realzar\u00e1 la apariencia y sensaci\u00f3n general de cualquier proyecto. Ya sea que est\u00e9 construyendo un espacio moderno al aire libre o una zona exterior elegante y con estilo, nuestro pasamanos de acero inoxidable 316 es la elecci\u00f3n perfecta para quienes buscan durabilidad, fiabilidad y atractivo visual. Con su rendimiento duradero, bajos requisitos de mantenimiento y versatilidad excepcional, nuestro pasamanos es la soluci\u00f3n definitiva para cualquier proyecto que exija el material de la m\u00e1s alta calidad y garantice un rendimiento duradero incluso en los entornos m\u00e1s exigentes.<\/span><\/p>\n<p><span style=\"font-weight: 400;\">Elija entre un acabado de acero inoxidable pulido (cepillado) o un acabado Negro Mate suave con recubrimiento en polvo aplicado electrost\u00e1ticamente y curado al horno para una superficie resistente a los ara\u00f1azos y protegida contra la intemperie. Ideal para aplicaciones tanto interiores como exteriores, ofrece una excelente resistencia a la corrosi\u00f3n, lo que lo hace perfecto para estructuras con un alto grado de corrosi\u00f3n, como regiones costeras y entornos de piscinas.<\/span><\/p>\n<p>&nbsp;<\/p>\n<table>\n<tbody>\n<tr>\n<td><b>Color\/Acabado<\/b><\/td>\n<td><span style=\"font-weight: 400;\">Negro Mate, Acero Inoxidable Pulido<\/span><\/td>\n<\/tr>\n<tr>\n<td><b>Material de Fabricaci\u00f3n<\/b><\/td>\n<td><span style=\"font-weight: 400;\">Acero Inoxidable AISI 316<\/span><\/td>\n<\/tr>\n<tr>\n<td><b>Di\u00e1metro<\/b><\/td>\n<td><span style=\"font-weight: 400;\">1-11\/16\u2033\u00a0<\/span><\/td>\n<\/tr>\n<tr>\n<td><b>Uso Recomendado<\/b><\/td>\n<td><span style=\"font-weight: 400;\">Interior, Exterior<\/span><\/td>\n<\/tr>\n<tr>\n<td><b>Tipo de Montaje<\/b><\/td>\n<td><span style=\"font-weight: 400;\">Montado con Soporte<\/span><\/td>\n<\/tr>\n<\/tbody>\n<\/table>\n<p>&nbsp;<\/p>\n<p><b>Instrucciones:<\/b><\/p>\n<p><span style=\"font-weight: 400;\">La longitud est\u00e1ndar del pasamanos es de 98\u201d de largo; para pedidos est\u00e1ndar en l\u00ednea, la longitud m\u00e1xima de env\u00edo es de 98\u201d (empaquetado en un tubo de cart\u00f3n). El pasamanos se vende en dos tama\u00f1os diferentes: 49\u201d (medio largo) o 98\u201d (largo completo).<\/span><\/p>\n<p><span style=\"font-weight: 400;\">Ejemplo: si la cantidad seleccionada = 1<\/span><\/p>\n<p><span style=\"font-weight: 400;\">y si la longitud seleccionada = 49\u201d<\/span><\/p>\n<p><span style=\"font-weight: 400;\">Recibir\u00e1 1 pieza de pasamanos de 49\u201d<\/span><\/p>\n<p><span style=\"font-weight: 400;\">Si necesita grandes cantidades, por favor cont\u00e1ctenos; realizaremos una cotizaci\u00f3n manual del hardware y los gastos de env\u00edo.<\/span><\/p>\n","protected":false},"featured_media":1837,"comment_status":"closed","ping_status":"closed","template":"","meta":{"_acf_changed":false,"inline_featured_image":false},"product_brand":[],"product_cat":[60,134],"product_tag":[],"class_list":{"0":"post-2106","1":"product","2":"type-product","3":"status-publish","4":"has-post-thumbnail","6":"product_cat-glass-fence-railing-hardware-es","7":"product_cat-handrail-es","9":"first","10":"instock","11":"taxable","12":"shipping-taxable","13":"purchasable","14":"product-type-variable","15":"has-default-attributes"},"acf":[],"yoast_head":"<!-- This site is optimized with the Yoast SEO plugin v26.9 - https:\/\/yoast.com\/product\/yoast-seo-wordpress\/ -->\n<title>GS Round Handrail Tube - Glassupply.com<\/title>\n<meta name=\"robots\" content=\"index, follow, max-snippet:-1, max-image-preview:large, max-video-preview:-1\" \/>\n<link rel=\"canonical\" href=\"https:\/\/glassupply.com\/es\/producto\/gs-round-handrail-tube\/\" \/>\n<meta property=\"og:locale\" content=\"es_ES\" \/>\n<meta property=\"og:type\" content=\"article\" \/>\n<meta property=\"og:title\" content=\"GS Round Handrail Tube - Glassupply.com\" \/>\n<meta property=\"og:description\" content=\"El Tubo de Pasamanos Redondo GS es un componente utilizado en un sistema de barandilla para escaleras, balcones u otras \u00e1reas donde se requiere un pasamanos.  Fabricado con aleaciones de acero inoxidable 316 de la m\u00e1s alta calidad, nuestro pasamanos de alta gama ofrece no solo una resistencia superior a la corrosi\u00f3n, sino tambi\u00e9n un atractivo est\u00e9tico inigualable que realzar\u00e1 la apariencia y sensaci\u00f3n general de cualquier proyecto. Ya sea que est\u00e9 construyendo un espacio moderno al aire libre o una zona exterior elegante y con estilo, nuestro pasamanos de acero inoxidable 316 es la elecci\u00f3n perfecta para quienes buscan durabilidad, fiabilidad y atractivo visual. Con su rendimiento duradero, bajos requisitos de mantenimiento y versatilidad excepcional, nuestro pasamanos es la soluci\u00f3n definitiva para cualquier proyecto que exija el material de la m\u00e1s alta calidad y garantice un rendimiento duradero incluso en los entornos m\u00e1s exigentes.  Elija entre un acabado de acero inoxidable pulido (cepillado) o un acabado Negro Mate suave con recubrimiento en polvo aplicado electrost\u00e1ticamente y curado al horno para una superficie resistente a los ara\u00f1azos y protegida contra la intemperie. Ideal para aplicaciones tanto interiores como exteriores, ofrece una excelente resistencia a la corrosi\u00f3n, lo que lo hace perfecto para estructuras con un alto grado de corrosi\u00f3n, como regiones costeras y entornos de piscinas.  &nbsp;    Color\/Acabado Negro Mate, Acero Inoxidable Pulido   Material de Fabricaci\u00f3n Acero Inoxidable AISI 316   Di\u00e1metro 1-11\/16\u2033\u00a0   Uso Recomendado Interior, Exterior   Tipo de Montaje Montado con Soporte    &nbsp;  Instrucciones:  La longitud est\u00e1ndar del pasamanos es de 98\u201d de largo; para pedidos est\u00e1ndar en l\u00ednea, la longitud m\u00e1xima de env\u00edo es de 98\u201d (empaquetado en un tubo de cart\u00f3n). El pasamanos se vende en dos tama\u00f1os diferentes: 49\u201d (medio largo) o 98\u201d (largo completo).  Ejemplo: si la cantidad seleccionada = 1  y si la longitud seleccionada = 49\u201d  Recibir\u00e1 1 pieza de pasamanos de 49\u201d  Si necesita grandes cantidades, por favor cont\u00e1ctenos; realizaremos una cotizaci\u00f3n manual del hardware y los gastos de env\u00edo.\" \/>\n<meta property=\"og:url\" content=\"https:\/\/glassupply.com\/es\/producto\/gs-round-handrail-tube\/\" \/>\n<meta property=\"og:site_name\" content=\"Glassupply.com\" \/>\n<meta property=\"article:modified_time\" content=\"2026-02-12T12:43:23+00:00\" \/>\n<meta property=\"og:image\" content=\"https:\/\/glassupply.com\/wp-content\/uploads\/2023\/06\/R-HR-RTSS-Product-Image.webp\" \/>\n\t<meta property=\"og:image:width\" content=\"1500\" \/>\n\t<meta property=\"og:image:height\" content=\"1500\" \/>\n\t<meta property=\"og:image:type\" content=\"image\/webp\" \/>\n<meta name=\"twitter:card\" content=\"summary_large_image\" \/>\n<meta name=\"twitter:label1\" content=\"Est. reading time\" \/>\n\t<meta name=\"twitter:data1\" content=\"1 minuto\" \/>\n<script type=\"application\/ld+json\" class=\"yoast-schema-graph\">{\"@context\":\"https:\/\/schema.org\",\"@graph\":[{\"@type\":\"WebPage\",\"@id\":\"https:\/\/glassupply.com\/es\/producto\/gs-round-handrail-tube\/\",\"url\":\"https:\/\/glassupply.com\/es\/producto\/gs-round-handrail-tube\/\",\"name\":\"GS Round Handrail Tube - Glassupply.com\",\"isPartOf\":{\"@id\":\"https:\/\/glassupply.com\/es\/#website\"},\"primaryImageOfPage\":{\"@id\":\"https:\/\/glassupply.com\/es\/producto\/gs-round-handrail-tube\/#primaryimage\"},\"image\":{\"@id\":\"https:\/\/glassupply.com\/es\/producto\/gs-round-handrail-tube\/#primaryimage\"},\"thumbnailUrl\":\"https:\/\/glassupply.com\/wp-content\/uploads\/2023\/06\/R-HR-RTSS-Product-Image.webp\",\"datePublished\":\"2023-06-28T09:26:39+00:00\",\"dateModified\":\"2026-02-12T12:43:23+00:00\",\"breadcrumb\":{\"@id\":\"https:\/\/glassupply.com\/es\/producto\/gs-round-handrail-tube\/#breadcrumb\"},\"inLanguage\":\"es\",\"potentialAction\":[{\"@type\":\"ReadAction\",\"target\":[\"https:\/\/glassupply.com\/es\/producto\/gs-round-handrail-tube\/\"]}]},{\"@type\":\"ImageObject\",\"inLanguage\":\"es\",\"@id\":\"https:\/\/glassupply.com\/es\/producto\/gs-round-handrail-tube\/#primaryimage\",\"url\":\"https:\/\/glassupply.com\/wp-content\/uploads\/2023\/06\/R-HR-RTSS-Product-Image.webp\",\"contentUrl\":\"https:\/\/glassupply.com\/wp-content\/uploads\/2023\/06\/R-HR-RTSS-Product-Image.webp\",\"width\":1500,\"height\":1500},{\"@type\":\"BreadcrumbList\",\"@id\":\"https:\/\/glassupply.com\/es\/producto\/gs-round-handrail-tube\/#breadcrumb\",\"itemListElement\":[{\"@type\":\"ListItem\",\"position\":1,\"name\":\"Tienda\",\"item\":\"https:\/\/glassupply.com\/es\/tienda\/\"},{\"@type\":\"ListItem\",\"position\":2,\"name\":\"GS Round Handrail Tube\"}]},{\"@type\":\"WebSite\",\"@id\":\"https:\/\/glassupply.com\/es\/#website\",\"url\":\"https:\/\/glassupply.com\/es\/\",\"name\":\"Glassupply.com\",\"description\":\"From the manufacturer to your doorstep\",\"potentialAction\":[{\"@type\":\"SearchAction\",\"target\":{\"@type\":\"EntryPoint\",\"urlTemplate\":\"https:\/\/glassupply.com\/es\/?s={search_term_string}\"},\"query-input\":{\"@type\":\"PropertyValueSpecification\",\"valueRequired\":true,\"valueName\":\"search_term_string\"}}],\"inLanguage\":\"es\"}]}<\/script>\n<!-- \/ Yoast SEO plugin. -->","yoast_head_json":{"title":"GS Round Handrail Tube - Glassupply.com","robots":{"index":"index","follow":"follow","max-snippet":"max-snippet:-1","max-image-preview":"max-image-preview:large","max-video-preview":"max-video-preview:-1"},"canonical":"https:\/\/glassupply.com\/es\/producto\/gs-round-handrail-tube\/","og_locale":"es_ES","og_type":"article","og_title":"GS Round Handrail Tube - Glassupply.com","og_description":"El Tubo de Pasamanos Redondo GS es un componente utilizado en un sistema de barandilla para escaleras, balcones u otras \u00e1reas donde se requiere un pasamanos.  Fabricado con aleaciones de acero inoxidable 316 de la m\u00e1s alta calidad, nuestro pasamanos de alta gama ofrece no solo una resistencia superior a la corrosi\u00f3n, sino tambi\u00e9n un atractivo est\u00e9tico inigualable que realzar\u00e1 la apariencia y sensaci\u00f3n general de cualquier proyecto. Ya sea que est\u00e9 construyendo un espacio moderno al aire libre o una zona exterior elegante y con estilo, nuestro pasamanos de acero inoxidable 316 es la elecci\u00f3n perfecta para quienes buscan durabilidad, fiabilidad y atractivo visual. Con su rendimiento duradero, bajos requisitos de mantenimiento y versatilidad excepcional, nuestro pasamanos es la soluci\u00f3n definitiva para cualquier proyecto que exija el material de la m\u00e1s alta calidad y garantice un rendimiento duradero incluso en los entornos m\u00e1s exigentes.  Elija entre un acabado de acero inoxidable pulido (cepillado) o un acabado Negro Mate suave con recubrimiento en polvo aplicado electrost\u00e1ticamente y curado al horno para una superficie resistente a los ara\u00f1azos y protegida contra la intemperie. Ideal para aplicaciones tanto interiores como exteriores, ofrece una excelente resistencia a la corrosi\u00f3n, lo que lo hace perfecto para estructuras con un alto grado de corrosi\u00f3n, como regiones costeras y entornos de piscinas.  &nbsp;    Color\/Acabado Negro Mate, Acero Inoxidable Pulido   Material de Fabricaci\u00f3n Acero Inoxidable AISI 316   Di\u00e1metro 1-11\/16\u2033\u00a0   Uso Recomendado Interior, Exterior   Tipo de Montaje Montado con Soporte    &nbsp;  Instrucciones:  La longitud est\u00e1ndar del pasamanos es de 98\u201d de largo; para pedidos est\u00e1ndar en l\u00ednea, la longitud m\u00e1xima de env\u00edo es de 98\u201d (empaquetado en un tubo de cart\u00f3n). El pasamanos se vende en dos tama\u00f1os diferentes: 49\u201d (medio largo) o 98\u201d (largo completo).  Ejemplo: si la cantidad seleccionada = 1  y si la longitud seleccionada = 49\u201d  Recibir\u00e1 1 pieza de pasamanos de 49\u201d  Si necesita grandes cantidades, por favor cont\u00e1ctenos; realizaremos una cotizaci\u00f3n manual del hardware y los gastos de env\u00edo.","og_url":"https:\/\/glassupply.com\/es\/producto\/gs-round-handrail-tube\/","og_site_name":"Glassupply.com","article_modified_time":"2026-02-12T12:43:23+00:00","og_image":[{"width":1500,"height":1500,"url":"https:\/\/glassupply.com\/wp-content\/uploads\/2023\/06\/R-HR-RTSS-Product-Image.webp","type":"image\/webp"}],"twitter_card":"summary_large_image","twitter_misc":{"Est. reading time":"1 minuto"},"schema":{"@context":"https:\/\/schema.org","@graph":[{"@type":"WebPage","@id":"https:\/\/glassupply.com\/es\/producto\/gs-round-handrail-tube\/","url":"https:\/\/glassupply.com\/es\/producto\/gs-round-handrail-tube\/","name":"GS Round Handrail Tube - Glassupply.com","isPartOf":{"@id":"https:\/\/glassupply.com\/es\/#website"},"primaryImageOfPage":{"@id":"https:\/\/glassupply.com\/es\/producto\/gs-round-handrail-tube\/#primaryimage"},"image":{"@id":"https:\/\/glassupply.com\/es\/producto\/gs-round-handrail-tube\/#primaryimage"},"thumbnailUrl":"https:\/\/glassupply.com\/wp-content\/uploads\/2023\/06\/R-HR-RTSS-Product-Image.webp","datePublished":"2023-06-28T09:26:39+00:00","dateModified":"2026-02-12T12:43:23+00:00","breadcrumb":{"@id":"https:\/\/glassupply.com\/es\/producto\/gs-round-handrail-tube\/#breadcrumb"},"inLanguage":"es","potentialAction":[{"@type":"ReadAction","target":["https:\/\/glassupply.com\/es\/producto\/gs-round-handrail-tube\/"]}]},{"@type":"ImageObject","inLanguage":"es","@id":"https:\/\/glassupply.com\/es\/producto\/gs-round-handrail-tube\/#primaryimage","url":"https:\/\/glassupply.com\/wp-content\/uploads\/2023\/06\/R-HR-RTSS-Product-Image.webp","contentUrl":"https:\/\/glassupply.com\/wp-content\/uploads\/2023\/06\/R-HR-RTSS-Product-Image.webp","width":1500,"height":1500},{"@type":"BreadcrumbList","@id":"https:\/\/glassupply.com\/es\/producto\/gs-round-handrail-tube\/#breadcrumb","itemListElement":[{"@type":"ListItem","position":1,"name":"Tienda","item":"https:\/\/glassupply.com\/es\/tienda\/"},{"@type":"ListItem","position":2,"name":"GS Round Handrail Tube"}]},{"@type":"WebSite","@id":"https:\/\/glassupply.com\/es\/#website","url":"https:\/\/glassupply.com\/es\/","name":"Glassupply.com","description":"From the manufacturer to your doorstep","potentialAction":[{"@type":"SearchAction","target":{"@type":"EntryPoint","urlTemplate":"https:\/\/glassupply.com\/es\/?s={search_term_string}"},"query-input":{"@type":"PropertyValueSpecification","valueRequired":true,"valueName":"search_term_string"}}],"inLanguage":"es"}]}},"_links":{"self":[{"href":"https:\/\/glassupply.com\/es\/wp-json\/wp\/v2\/product\/2106","targetHints":{"allow":["GET"]}}],"collection":[{"href":"https:\/\/glassupply.com\/es\/wp-json\/wp\/v2\/product"}],"about":[{"href":"https:\/\/glassupply.com\/es\/wp-json\/wp\/v2\/types\/product"}],"replies":[{"embeddable":true,"href":"https:\/\/glassupply.com\/es\/wp-json\/wp\/v2\/comments?post=2106"}],"wp:featuredmedia":[{"embeddable":true,"href":"https:\/\/glassupply.com\/es\/wp-json\/wp\/v2\/media\/1837"}],"wp:attachment":[{"href":"https:\/\/glassupply.com\/es\/wp-json\/wp\/v2\/media?parent=2106"}],"wp:term":[{"taxonomy":"product_brand","embeddable":true,"href":"https:\/\/glassupply.com\/es\/wp-json\/wp\/v2\/product_brand?post=2106"},{"taxonomy":"product_cat","embeddable":true,"href":"https:\/\/glassupply.com\/es\/wp-json\/wp\/v2\/product_cat?post=2106"},{"taxonomy":"product_tag","embeddable":true,"href":"https:\/\/glassupply.com\/es\/wp-json\/wp\/v2\/product_tag?post=2106"}],"curies":[{"name":"wp","href":"https:\/\/api.w.org\/{rel}","templated":true}]}}