{"id":2146,"date":"2023-06-28T09:26:38","date_gmt":"2023-06-28T14:26:38","guid":{"rendered":"https:\/\/glassupply.com\/product\/vertical-ceiling-support-bar\/"},"modified":"2025-06-05T02:05:40","modified_gmt":"2025-06-05T07:05:40","slug":"vertical-ceiling-support-bar","status":"publish","type":"product","link":"https:\/\/glassupply.com\/es\/producto\/vertical-ceiling-support-bar\/","title":{"rendered":"Vertical \u2013 Ceiling Support Bar"},"content":{"rendered":"","protected":false},"excerpt":{"rendered":"<p><span style=\"font-weight: 400;\">La barra de soporte vertical para techo est\u00e1 dise\u00f1ada para proporcionar estabilidad adicional a paneles de vidrio fijos en recintos de ducha u otras instalaciones similares. Puede montarse en un \u00e1ngulo recto de 90 grados en el techo y es adecuada para paneles de vidrio con un grosor de 8 mm (5\/16\u201d) a 12 mm (1\/2\u201d).<\/span><\/p>\n<p><span style=\"font-weight: 400;\">Esta barra de soporte de alta gama presenta un dise\u00f1o moderno en la base del lado del techo y un recept\u00e1culo en forma de U en el otro extremo que puede girar para asegurar el panel de vidrio fijo. Se incluyen tornillos de ajuste con punta de nailon para ayudar a evitar el contacto vidrio-metal y sujetar firmemente el panel de vidrio en su lugar. No se requieren perforaciones ni cortes en el vidrio para acomodar la barra de soporte.<\/span><\/p>\n<p><span style=\"font-weight: 400;\">Este producto es una adici\u00f3n \u00fatil y elegante para cualquier instalaci\u00f3n de ducha para obtener un aspecto completamente sin marco, manteniendo un buen nivel de soporte.<\/span><\/p>\n<p><span style=\"font-weight: 400;\">Se vende en una longitud de 1.3 m (51\u201d), para ser cortada a medida en el sitio. Los tornillos y anclajes pl\u00e1sticos para pared para la instalaci\u00f3n est\u00e1n incluidos en el kit.<\/span><\/p>\n<p><span style=\"font-weight: 400;\">Nuestro proceso de acabado para herrajes de ducha incluye tres m\u00e9todos aplicados diferentes, cada uno resultando en un acabado duradero, resistente a la corrosi\u00f3n y visualmente atractivo. Estos m\u00e9todos incluyen electrodeposici\u00f3n (Negro Mate), cromado (cromo) y niquelado (N\u00edquel Cepillado). Independientemente de la opci\u00f3n elegida, nuestro proceso de acabado garantiza un acabado hermoso y duradero que cumple con los m\u00e1s altos est\u00e1ndares de calidad y durabilidad de la industria, ofreciendo un rendimiento excepcional y atractivo visual.<\/span><\/p>\n<p>&nbsp;<\/p>\n<h2><b>EL KIT INCLUYE<\/b><\/h2>\n<table>\n<tbody>\n<tr>\n<td><b>Producto<\/b><\/td>\n<td><b>SKU<\/b><\/td>\n<td><b>Cantidad<\/b><\/td>\n<\/tr>\n<tr>\n<td><b>Tubo de barra de soporte<\/b><\/td>\n<td><span style=\"font-weight: 400;\">S-SB-TXX<\/span><\/td>\n<td><span style=\"font-weight: 400;\">1<\/span><\/td>\n<\/tr>\n<tr>\n<td><b>Soporte vertical de barra de soporte<\/b><\/td>\n<td><span style=\"font-weight: 400;\">S-SB-VBXX<\/span><\/td>\n<td><span style=\"font-weight: 400;\">1<\/span><\/td>\n<\/tr>\n<tr>\n<td><b>Soporte de barra de soporte para pared\/techo a 90\u00b0<\/b><\/td>\n<td><span style=\"font-weight: 400;\">S-SB-WM90XX<\/span><\/td>\n<td><span style=\"font-weight: 400;\">1<\/span><\/td>\n<\/tr>\n<\/tbody>\n<\/table>\n<h2><b>ESPECIFICACIONES T\u00c9CNICAS<\/b><\/h2>\n<table>\n<tbody>\n<tr>\n<td><b>Espesor del vidrio de seguridad<\/b><\/td>\n<td><span style=\"font-weight: 400;\">8 mm (5\/16\u201d) a 12 mm (1\/2\u201d)<\/span><\/td>\n<\/tr>\n<tr>\n<td><b>Color\/Acabado<\/b><\/td>\n<td><span style=\"font-weight: 400;\">Cromo, N\u00edquel Cepillado, Negro Mate<\/span><\/td>\n<\/tr>\n<tr>\n<td><b>Material de fabricaci\u00f3n<\/b><\/td>\n<td><span style=\"font-weight: 400;\">Acero inoxidable<\/span><\/td>\n<\/tr>\n<\/tbody>\n<\/table>\n","protected":false},"featured_media":7204,"comment_status":"closed","ping_status":"closed","template":"","meta":{"_acf_changed":false,"inline_featured_image":false},"product_brand":[],"product_cat":[72],"product_tag":[],"class_list":{"0":"post-2146","1":"product","2":"type-product","3":"status-publish","4":"has-post-thumbnail","6":"product_cat-shower-hardware-es","8":"first","9":"instock","10":"taxable","11":"shipping-taxable","12":"purchasable","13":"product-type-variable","14":"has-default-attributes"},"acf":[],"yoast_head":"<!-- This site is optimized with the Yoast SEO plugin v26.9 - https:\/\/yoast.com\/product\/yoast-seo-wordpress\/ -->\n<title>Vertical \u2013 Ceiling Support Bar - Glassupply.com<\/title>\n<meta name=\"robots\" content=\"index, follow, max-snippet:-1, max-image-preview:large, max-video-preview:-1\" \/>\n<link rel=\"canonical\" href=\"https:\/\/glassupply.com\/es\/producto\/vertical-ceiling-support-bar\/\" \/>\n<meta property=\"og:locale\" content=\"es_ES\" \/>\n<meta property=\"og:type\" content=\"article\" \/>\n<meta property=\"og:title\" content=\"Vertical \u2013 Ceiling Support Bar - Glassupply.com\" \/>\n<meta property=\"og:description\" content=\"La barra de soporte vertical para techo est\u00e1 dise\u00f1ada para proporcionar estabilidad adicional a paneles de vidrio fijos en recintos de ducha u otras instalaciones similares. Puede montarse en un \u00e1ngulo recto de 90 grados en el techo y es adecuada para paneles de vidrio con un grosor de 8 mm (5\/16\u201d) a 12 mm (1\/2\u201d).  Esta barra de soporte de alta gama presenta un dise\u00f1o moderno en la base del lado del techo y un recept\u00e1culo en forma de U en el otro extremo que puede girar para asegurar el panel de vidrio fijo. Se incluyen tornillos de ajuste con punta de nailon para ayudar a evitar el contacto vidrio-metal y sujetar firmemente el panel de vidrio en su lugar. No se requieren perforaciones ni cortes en el vidrio para acomodar la barra de soporte.  Este producto es una adici\u00f3n \u00fatil y elegante para cualquier instalaci\u00f3n de ducha para obtener un aspecto completamente sin marco, manteniendo un buen nivel de soporte.  Se vende en una longitud de 1.3 m (51\u201d), para ser cortada a medida en el sitio. Los tornillos y anclajes pl\u00e1sticos para pared para la instalaci\u00f3n est\u00e1n incluidos en el kit.  Nuestro proceso de acabado para herrajes de ducha incluye tres m\u00e9todos aplicados diferentes, cada uno resultando en un acabado duradero, resistente a la corrosi\u00f3n y visualmente atractivo. Estos m\u00e9todos incluyen electrodeposici\u00f3n (Negro Mate), cromado (cromo) y niquelado (N\u00edquel Cepillado). Independientemente de la opci\u00f3n elegida, nuestro proceso de acabado garantiza un acabado hermoso y duradero que cumple con los m\u00e1s altos est\u00e1ndares de calidad y durabilidad de la industria, ofreciendo un rendimiento excepcional y atractivo visual.  &nbsp; EL KIT INCLUYE    Producto SKU Cantidad   Tubo de barra de soporte S-SB-TXX 1   Soporte vertical de barra de soporte S-SB-VBXX 1   Soporte de barra de soporte para pared\/techo a 90\u00b0 S-SB-WM90XX 1    ESPECIFICACIONES T\u00c9CNICAS    Espesor del vidrio de seguridad 8 mm (5\/16\u201d) a 12 mm (1\/2\u201d)   Color\/Acabado Cromo, N\u00edquel Cepillado, Negro Mate   Material de fabricaci\u00f3n Acero inoxidable\" \/>\n<meta property=\"og:url\" content=\"https:\/\/glassupply.com\/es\/producto\/vertical-ceiling-support-bar\/\" \/>\n<meta property=\"og:site_name\" content=\"Glassupply.com\" \/>\n<meta property=\"article:modified_time\" content=\"2025-06-05T07:05:40+00:00\" \/>\n<meta property=\"og:image\" content=\"https:\/\/glassupply.com\/wp-content\/uploads\/2024\/04\/S-SB-KSBVECH.webp\" \/>\n\t<meta property=\"og:image:width\" content=\"2000\" \/>\n\t<meta property=\"og:image:height\" content=\"2000\" \/>\n\t<meta property=\"og:image:type\" content=\"image\/webp\" \/>\n<meta name=\"twitter:card\" content=\"summary_large_image\" \/>\n<meta name=\"twitter:label1\" content=\"Est. reading time\" \/>\n\t<meta name=\"twitter:data1\" content=\"1 minuto\" \/>\n<script type=\"application\/ld+json\" class=\"yoast-schema-graph\">{\"@context\":\"https:\/\/schema.org\",\"@graph\":[{\"@type\":\"WebPage\",\"@id\":\"https:\/\/glassupply.com\/es\/producto\/vertical-ceiling-support-bar\/\",\"url\":\"https:\/\/glassupply.com\/es\/producto\/vertical-ceiling-support-bar\/\",\"name\":\"Vertical \u2013 Ceiling Support Bar - Glassupply.com\",\"isPartOf\":{\"@id\":\"https:\/\/glassupply.com\/es\/#website\"},\"primaryImageOfPage\":{\"@id\":\"https:\/\/glassupply.com\/es\/producto\/vertical-ceiling-support-bar\/#primaryimage\"},\"image\":{\"@id\":\"https:\/\/glassupply.com\/es\/producto\/vertical-ceiling-support-bar\/#primaryimage\"},\"thumbnailUrl\":\"https:\/\/glassupply.com\/wp-content\/uploads\/2024\/04\/S-SB-KSBVECH.webp\",\"datePublished\":\"2023-06-28T14:26:38+00:00\",\"dateModified\":\"2025-06-05T07:05:40+00:00\",\"breadcrumb\":{\"@id\":\"https:\/\/glassupply.com\/es\/producto\/vertical-ceiling-support-bar\/#breadcrumb\"},\"inLanguage\":\"es\",\"potentialAction\":[{\"@type\":\"ReadAction\",\"target\":[\"https:\/\/glassupply.com\/es\/producto\/vertical-ceiling-support-bar\/\"]}]},{\"@type\":\"ImageObject\",\"inLanguage\":\"es\",\"@id\":\"https:\/\/glassupply.com\/es\/producto\/vertical-ceiling-support-bar\/#primaryimage\",\"url\":\"https:\/\/glassupply.com\/wp-content\/uploads\/2024\/04\/S-SB-KSBVECH.webp\",\"contentUrl\":\"https:\/\/glassupply.com\/wp-content\/uploads\/2024\/04\/S-SB-KSBVECH.webp\",\"width\":2000,\"height\":2000},{\"@type\":\"BreadcrumbList\",\"@id\":\"https:\/\/glassupply.com\/es\/producto\/vertical-ceiling-support-bar\/#breadcrumb\",\"itemListElement\":[{\"@type\":\"ListItem\",\"position\":1,\"name\":\"Tienda\",\"item\":\"https:\/\/glassupply.com\/es\/tienda\/\"},{\"@type\":\"ListItem\",\"position\":2,\"name\":\"Vertical \u2013 Ceiling Support Bar\"}]},{\"@type\":\"WebSite\",\"@id\":\"https:\/\/glassupply.com\/es\/#website\",\"url\":\"https:\/\/glassupply.com\/es\/\",\"name\":\"Glassupply.com\",\"description\":\"From the manufacturer to your doorstep\",\"potentialAction\":[{\"@type\":\"SearchAction\",\"target\":{\"@type\":\"EntryPoint\",\"urlTemplate\":\"https:\/\/glassupply.com\/es\/?s={search_term_string}\"},\"query-input\":{\"@type\":\"PropertyValueSpecification\",\"valueRequired\":true,\"valueName\":\"search_term_string\"}}],\"inLanguage\":\"es\"}]}<\/script>\n<!-- \/ Yoast SEO plugin. -->","yoast_head_json":{"title":"Vertical \u2013 Ceiling Support Bar - Glassupply.com","robots":{"index":"index","follow":"follow","max-snippet":"max-snippet:-1","max-image-preview":"max-image-preview:large","max-video-preview":"max-video-preview:-1"},"canonical":"https:\/\/glassupply.com\/es\/producto\/vertical-ceiling-support-bar\/","og_locale":"es_ES","og_type":"article","og_title":"Vertical \u2013 Ceiling Support Bar - Glassupply.com","og_description":"La barra de soporte vertical para techo est\u00e1 dise\u00f1ada para proporcionar estabilidad adicional a paneles de vidrio fijos en recintos de ducha u otras instalaciones similares. Puede montarse en un \u00e1ngulo recto de 90 grados en el techo y es adecuada para paneles de vidrio con un grosor de 8 mm (5\/16\u201d) a 12 mm (1\/2\u201d).  Esta barra de soporte de alta gama presenta un dise\u00f1o moderno en la base del lado del techo y un recept\u00e1culo en forma de U en el otro extremo que puede girar para asegurar el panel de vidrio fijo. Se incluyen tornillos de ajuste con punta de nailon para ayudar a evitar el contacto vidrio-metal y sujetar firmemente el panel de vidrio en su lugar. No se requieren perforaciones ni cortes en el vidrio para acomodar la barra de soporte.  Este producto es una adici\u00f3n \u00fatil y elegante para cualquier instalaci\u00f3n de ducha para obtener un aspecto completamente sin marco, manteniendo un buen nivel de soporte.  Se vende en una longitud de 1.3 m (51\u201d), para ser cortada a medida en el sitio. Los tornillos y anclajes pl\u00e1sticos para pared para la instalaci\u00f3n est\u00e1n incluidos en el kit.  Nuestro proceso de acabado para herrajes de ducha incluye tres m\u00e9todos aplicados diferentes, cada uno resultando en un acabado duradero, resistente a la corrosi\u00f3n y visualmente atractivo. Estos m\u00e9todos incluyen electrodeposici\u00f3n (Negro Mate), cromado (cromo) y niquelado (N\u00edquel Cepillado). Independientemente de la opci\u00f3n elegida, nuestro proceso de acabado garantiza un acabado hermoso y duradero que cumple con los m\u00e1s altos est\u00e1ndares de calidad y durabilidad de la industria, ofreciendo un rendimiento excepcional y atractivo visual.  &nbsp; EL KIT INCLUYE    Producto SKU Cantidad   Tubo de barra de soporte S-SB-TXX 1   Soporte vertical de barra de soporte S-SB-VBXX 1   Soporte de barra de soporte para pared\/techo a 90\u00b0 S-SB-WM90XX 1    ESPECIFICACIONES T\u00c9CNICAS    Espesor del vidrio de seguridad 8 mm (5\/16\u201d) a 12 mm (1\/2\u201d)   Color\/Acabado Cromo, N\u00edquel Cepillado, Negro Mate   Material de fabricaci\u00f3n Acero inoxidable","og_url":"https:\/\/glassupply.com\/es\/producto\/vertical-ceiling-support-bar\/","og_site_name":"Glassupply.com","article_modified_time":"2025-06-05T07:05:40+00:00","og_image":[{"width":2000,"height":2000,"url":"https:\/\/glassupply.com\/wp-content\/uploads\/2024\/04\/S-SB-KSBVECH.webp","type":"image\/webp"}],"twitter_card":"summary_large_image","twitter_misc":{"Est. reading time":"1 minuto"},"schema":{"@context":"https:\/\/schema.org","@graph":[{"@type":"WebPage","@id":"https:\/\/glassupply.com\/es\/producto\/vertical-ceiling-support-bar\/","url":"https:\/\/glassupply.com\/es\/producto\/vertical-ceiling-support-bar\/","name":"Vertical \u2013 Ceiling Support Bar - Glassupply.com","isPartOf":{"@id":"https:\/\/glassupply.com\/es\/#website"},"primaryImageOfPage":{"@id":"https:\/\/glassupply.com\/es\/producto\/vertical-ceiling-support-bar\/#primaryimage"},"image":{"@id":"https:\/\/glassupply.com\/es\/producto\/vertical-ceiling-support-bar\/#primaryimage"},"thumbnailUrl":"https:\/\/glassupply.com\/wp-content\/uploads\/2024\/04\/S-SB-KSBVECH.webp","datePublished":"2023-06-28T14:26:38+00:00","dateModified":"2025-06-05T07:05:40+00:00","breadcrumb":{"@id":"https:\/\/glassupply.com\/es\/producto\/vertical-ceiling-support-bar\/#breadcrumb"},"inLanguage":"es","potentialAction":[{"@type":"ReadAction","target":["https:\/\/glassupply.com\/es\/producto\/vertical-ceiling-support-bar\/"]}]},{"@type":"ImageObject","inLanguage":"es","@id":"https:\/\/glassupply.com\/es\/producto\/vertical-ceiling-support-bar\/#primaryimage","url":"https:\/\/glassupply.com\/wp-content\/uploads\/2024\/04\/S-SB-KSBVECH.webp","contentUrl":"https:\/\/glassupply.com\/wp-content\/uploads\/2024\/04\/S-SB-KSBVECH.webp","width":2000,"height":2000},{"@type":"BreadcrumbList","@id":"https:\/\/glassupply.com\/es\/producto\/vertical-ceiling-support-bar\/#breadcrumb","itemListElement":[{"@type":"ListItem","position":1,"name":"Tienda","item":"https:\/\/glassupply.com\/es\/tienda\/"},{"@type":"ListItem","position":2,"name":"Vertical \u2013 Ceiling Support Bar"}]},{"@type":"WebSite","@id":"https:\/\/glassupply.com\/es\/#website","url":"https:\/\/glassupply.com\/es\/","name":"Glassupply.com","description":"From the manufacturer to your doorstep","potentialAction":[{"@type":"SearchAction","target":{"@type":"EntryPoint","urlTemplate":"https:\/\/glassupply.com\/es\/?s={search_term_string}"},"query-input":{"@type":"PropertyValueSpecification","valueRequired":true,"valueName":"search_term_string"}}],"inLanguage":"es"}]}},"_links":{"self":[{"href":"https:\/\/glassupply.com\/es\/wp-json\/wp\/v2\/product\/2146","targetHints":{"allow":["GET"]}}],"collection":[{"href":"https:\/\/glassupply.com\/es\/wp-json\/wp\/v2\/product"}],"about":[{"href":"https:\/\/glassupply.com\/es\/wp-json\/wp\/v2\/types\/product"}],"replies":[{"embeddable":true,"href":"https:\/\/glassupply.com\/es\/wp-json\/wp\/v2\/comments?post=2146"}],"wp:featuredmedia":[{"embeddable":true,"href":"https:\/\/glassupply.com\/es\/wp-json\/wp\/v2\/media\/7204"}],"wp:attachment":[{"href":"https:\/\/glassupply.com\/es\/wp-json\/wp\/v2\/media?parent=2146"}],"wp:term":[{"taxonomy":"product_brand","embeddable":true,"href":"https:\/\/glassupply.com\/es\/wp-json\/wp\/v2\/product_brand?post=2146"},{"taxonomy":"product_cat","embeddable":true,"href":"https:\/\/glassupply.com\/es\/wp-json\/wp\/v2\/product_cat?post=2146"},{"taxonomy":"product_tag","embeddable":true,"href":"https:\/\/glassupply.com\/es\/wp-json\/wp\/v2\/product_tag?post=2146"}],"curies":[{"name":"wp","href":"https:\/\/api.w.org\/{rel}","templated":true}]}}