{"id":2156,"date":"2023-06-28T09:26:38","date_gmt":"2023-06-28T14:26:38","guid":{"rendered":"https:\/\/glassupply.com\/product\/90-wall-mount-support-bar\/"},"modified":"2025-06-04T09:20:25","modified_gmt":"2025-06-04T14:20:25","slug":"90-wall-mount-support-bar","status":"publish","type":"product","link":"https:\/\/glassupply.com\/es\/producto\/90-wall-mount-support-bar\/","title":{"rendered":"90\u00b0 Wall Mount Support Bar"},"content":{"rendered":"","protected":false},"excerpt":{"rendered":"<p><span style=\"font-weight: 400;\">La barra de soporte mural a 90\u00b0 est\u00e1 dise\u00f1ada para proporcionar estabilidad adicional a los paneles de vidrio fijos en mamparas de ducha u otras instalaciones similares. Puede montarse en la pared en un \u00e1ngulo recto de 90 grados y es apta para paneles de vidrio con un grosor de 5\/16\u201d (8 mm) a 1\/2\u201d (12 mm).<\/span><\/p>\n<p><span style=\"font-weight: 400;\">Esta barra de soporte de alta gama presenta un dise\u00f1o moderno en la base del lado de la pared y un recept\u00e1culo en forma de U en el otro extremo que puede girar para asegurar el panel de vidrio fijo. Se incluyen tornillos de fijaci\u00f3n con punta de nailon para evitar el contacto directo entre el vidrio y el metal, y sujetar el panel de vidrio de forma segura. No requiere perforaciones ni cortes en el vidrio para su instalaci\u00f3n.<\/span><\/p>\n<p><span style=\"font-weight: 400;\">Este producto es una adici\u00f3n \u00fatil y elegante a cualquier instalaci\u00f3n de ducha para lograr un aspecto totalmente sin marco, manteniendo un buen nivel de soporte.<\/span><\/p>\n<p><span style=\"font-weight: 400;\">Se vende en una longitud de 51\u201d (1,3 m), para ser cortada a medida en el lugar de instalaci\u00f3n. Los tornillos y tacos de pl\u00e1stico para pared est\u00e1n incluidos en el kit.<\/span><\/p>\n<p><span style=\"font-weight: 400;\">Nuestro proceso de acabado del herraje para duchas incluye tres m\u00e9todos de aplicaci\u00f3n diferentes, cada uno de los cuales ofrece un acabado duradero, resistente a la corrosi\u00f3n y visualmente atractivo. Estos m\u00e9todos incluyen la electroforesis (Negro Mate), el cromado (Cromo) y el niquelado (N\u00edquel Cepillado). Independientemente de la opci\u00f3n elegida, nuestro proceso garantiza un acabado hermoso y duradero que cumple con los m\u00e1s altos est\u00e1ndares de calidad y durabilidad de la industria, ofreciendo un rendimiento excepcional y atractivo visual.<\/span><\/p>\n<h2><b>EL KIT INCLUYE<\/b><\/h2>\n<table>\n<tbody>\n<tr>\n<td><b>Producto<\/b><\/td>\n<td><b>SKU<\/b><\/td>\n<td><b>Cant.<\/b><\/td>\n<\/tr>\n<tr>\n<td><b>Tubo de Barra de Soporte<\/b><\/td>\n<td><span style=\"font-weight: 400;\">S-SB-TXX<\/span><\/td>\n<td><span style=\"font-weight: 400;\">1<\/span><\/td>\n<\/tr>\n<tr>\n<td><b>Soporte de Barra de Soporte<\/b><\/td>\n<td><span style=\"font-weight: 400;\">S-SB-UBXX<\/span><\/td>\n<td><span style=\"font-weight: 400;\">1<\/span><\/td>\n<\/tr>\n<tr>\n<td><b>Soporte Mural a 90\u00b0 para Barra de Soporte<\/b><\/td>\n<td><span style=\"font-weight: 400;\">S-SB-WM90XX<\/span><\/td>\n<td><span style=\"font-weight: 400;\">1<\/span><\/td>\n<\/tr>\n<\/tbody>\n<\/table>\n<h2><b>ESPECIFICACIONES T\u00c9CNICAS<\/b><\/h2>\n<table>\n<tbody>\n<tr>\n<td><b>Espesor del Vidrio de Seguridad<\/b><\/td>\n<td><span style=\"font-weight: 400;\">5\/16\u201d (8 mm) a 1\/2\u201d (12 mm)<\/span><\/td>\n<\/tr>\n<tr>\n<td><b>Color\/Acabado<\/b><\/td>\n<td><span style=\"font-weight: 400;\">Cromo, N\u00edquel Cepillado, Negro Mate<\/span><\/td>\n<\/tr>\n<tr>\n<td><b>Material de Fabricaci\u00f3n<\/b><\/td>\n<td><span style=\"font-weight: 400;\">Acero Inoxidable<\/span><\/td>\n<\/tr>\n<\/tbody>\n<\/table>\n<p>&nbsp;<\/p>\n","protected":false},"featured_media":7186,"comment_status":"closed","ping_status":"closed","template":"","meta":{"_acf_changed":false,"inline_featured_image":false},"product_brand":[],"product_cat":[72],"product_tag":[],"class_list":{"0":"post-2156","1":"product","2":"type-product","3":"status-publish","4":"has-post-thumbnail","6":"product_cat-shower-hardware-es","8":"first","9":"instock","10":"taxable","11":"shipping-taxable","12":"purchasable","13":"product-type-variable","14":"has-default-attributes"},"acf":[],"yoast_head":"<!-- This site is optimized with the Yoast SEO plugin v26.9 - https:\/\/yoast.com\/product\/yoast-seo-wordpress\/ -->\n<title>90\u00b0 Wall Mount Support Bar - Glassupply.com<\/title>\n<meta name=\"robots\" content=\"index, follow, max-snippet:-1, max-image-preview:large, max-video-preview:-1\" \/>\n<link rel=\"canonical\" href=\"https:\/\/glassupply.com\/es\/producto\/90-wall-mount-support-bar\/\" \/>\n<meta property=\"og:locale\" content=\"es_ES\" \/>\n<meta property=\"og:type\" content=\"article\" \/>\n<meta property=\"og:title\" content=\"90\u00b0 Wall Mount Support Bar - Glassupply.com\" \/>\n<meta property=\"og:description\" content=\"La barra de soporte mural a 90\u00b0 est\u00e1 dise\u00f1ada para proporcionar estabilidad adicional a los paneles de vidrio fijos en mamparas de ducha u otras instalaciones similares. Puede montarse en la pared en un \u00e1ngulo recto de 90 grados y es apta para paneles de vidrio con un grosor de 5\/16\u201d (8 mm) a 1\/2\u201d (12 mm).  Esta barra de soporte de alta gama presenta un dise\u00f1o moderno en la base del lado de la pared y un recept\u00e1culo en forma de U en el otro extremo que puede girar para asegurar el panel de vidrio fijo. Se incluyen tornillos de fijaci\u00f3n con punta de nailon para evitar el contacto directo entre el vidrio y el metal, y sujetar el panel de vidrio de forma segura. No requiere perforaciones ni cortes en el vidrio para su instalaci\u00f3n.  Este producto es una adici\u00f3n \u00fatil y elegante a cualquier instalaci\u00f3n de ducha para lograr un aspecto totalmente sin marco, manteniendo un buen nivel de soporte.  Se vende en una longitud de 51\u201d (1,3 m), para ser cortada a medida en el lugar de instalaci\u00f3n. Los tornillos y tacos de pl\u00e1stico para pared est\u00e1n incluidos en el kit.  Nuestro proceso de acabado del herraje para duchas incluye tres m\u00e9todos de aplicaci\u00f3n diferentes, cada uno de los cuales ofrece un acabado duradero, resistente a la corrosi\u00f3n y visualmente atractivo. Estos m\u00e9todos incluyen la electroforesis (Negro Mate), el cromado (Cromo) y el niquelado (N\u00edquel Cepillado). Independientemente de la opci\u00f3n elegida, nuestro proceso garantiza un acabado hermoso y duradero que cumple con los m\u00e1s altos est\u00e1ndares de calidad y durabilidad de la industria, ofreciendo un rendimiento excepcional y atractivo visual. EL KIT INCLUYE    Producto SKU Cant.   Tubo de Barra de Soporte S-SB-TXX 1   Soporte de Barra de Soporte S-SB-UBXX 1   Soporte Mural a 90\u00b0 para Barra de Soporte S-SB-WM90XX 1    ESPECIFICACIONES T\u00c9CNICAS    Espesor del Vidrio de Seguridad 5\/16\u201d (8 mm) a 1\/2\u201d (12 mm)   Color\/Acabado Cromo, N\u00edquel Cepillado, Negro Mate   Material de Fabricaci\u00f3n Acero Inoxidable    &nbsp;\" \/>\n<meta property=\"og:url\" content=\"https:\/\/glassupply.com\/es\/producto\/90-wall-mount-support-bar\/\" \/>\n<meta property=\"og:site_name\" content=\"Glassupply.com\" \/>\n<meta property=\"article:modified_time\" content=\"2025-06-04T14:20:25+00:00\" \/>\n<meta property=\"og:image\" content=\"https:\/\/glassupply.com\/wp-content\/uploads\/2024\/04\/S-SB-KSB90CH.webp\" \/>\n\t<meta property=\"og:image:width\" content=\"2000\" \/>\n\t<meta property=\"og:image:height\" content=\"2000\" \/>\n\t<meta property=\"og:image:type\" content=\"image\/webp\" \/>\n<meta name=\"twitter:card\" content=\"summary_large_image\" \/>\n<meta name=\"twitter:label1\" content=\"Est. reading time\" \/>\n\t<meta name=\"twitter:data1\" content=\"1 minuto\" \/>\n<script type=\"application\/ld+json\" class=\"yoast-schema-graph\">{\"@context\":\"https:\/\/schema.org\",\"@graph\":[{\"@type\":\"WebPage\",\"@id\":\"https:\/\/glassupply.com\/es\/producto\/90-wall-mount-support-bar\/\",\"url\":\"https:\/\/glassupply.com\/es\/producto\/90-wall-mount-support-bar\/\",\"name\":\"90\u00b0 Wall Mount Support Bar - Glassupply.com\",\"isPartOf\":{\"@id\":\"https:\/\/glassupply.com\/es\/#website\"},\"primaryImageOfPage\":{\"@id\":\"https:\/\/glassupply.com\/es\/producto\/90-wall-mount-support-bar\/#primaryimage\"},\"image\":{\"@id\":\"https:\/\/glassupply.com\/es\/producto\/90-wall-mount-support-bar\/#primaryimage\"},\"thumbnailUrl\":\"https:\/\/glassupply.com\/wp-content\/uploads\/2024\/04\/S-SB-KSB90CH.webp\",\"datePublished\":\"2023-06-28T14:26:38+00:00\",\"dateModified\":\"2025-06-04T14:20:25+00:00\",\"breadcrumb\":{\"@id\":\"https:\/\/glassupply.com\/es\/producto\/90-wall-mount-support-bar\/#breadcrumb\"},\"inLanguage\":\"es\",\"potentialAction\":[{\"@type\":\"ReadAction\",\"target\":[\"https:\/\/glassupply.com\/es\/producto\/90-wall-mount-support-bar\/\"]}]},{\"@type\":\"ImageObject\",\"inLanguage\":\"es\",\"@id\":\"https:\/\/glassupply.com\/es\/producto\/90-wall-mount-support-bar\/#primaryimage\",\"url\":\"https:\/\/glassupply.com\/wp-content\/uploads\/2024\/04\/S-SB-KSB90CH.webp\",\"contentUrl\":\"https:\/\/glassupply.com\/wp-content\/uploads\/2024\/04\/S-SB-KSB90CH.webp\",\"width\":2000,\"height\":2000},{\"@type\":\"BreadcrumbList\",\"@id\":\"https:\/\/glassupply.com\/es\/producto\/90-wall-mount-support-bar\/#breadcrumb\",\"itemListElement\":[{\"@type\":\"ListItem\",\"position\":1,\"name\":\"Tienda\",\"item\":\"https:\/\/glassupply.com\/es\/tienda\/\"},{\"@type\":\"ListItem\",\"position\":2,\"name\":\"90\u00b0 Wall Mount Support Bar\"}]},{\"@type\":\"WebSite\",\"@id\":\"https:\/\/glassupply.com\/es\/#website\",\"url\":\"https:\/\/glassupply.com\/es\/\",\"name\":\"Glassupply.com\",\"description\":\"From the manufacturer to your doorstep\",\"potentialAction\":[{\"@type\":\"SearchAction\",\"target\":{\"@type\":\"EntryPoint\",\"urlTemplate\":\"https:\/\/glassupply.com\/es\/?s={search_term_string}\"},\"query-input\":{\"@type\":\"PropertyValueSpecification\",\"valueRequired\":true,\"valueName\":\"search_term_string\"}}],\"inLanguage\":\"es\"}]}<\/script>\n<!-- \/ Yoast SEO plugin. -->","yoast_head_json":{"title":"90\u00b0 Wall Mount Support Bar - Glassupply.com","robots":{"index":"index","follow":"follow","max-snippet":"max-snippet:-1","max-image-preview":"max-image-preview:large","max-video-preview":"max-video-preview:-1"},"canonical":"https:\/\/glassupply.com\/es\/producto\/90-wall-mount-support-bar\/","og_locale":"es_ES","og_type":"article","og_title":"90\u00b0 Wall Mount Support Bar - Glassupply.com","og_description":"La barra de soporte mural a 90\u00b0 est\u00e1 dise\u00f1ada para proporcionar estabilidad adicional a los paneles de vidrio fijos en mamparas de ducha u otras instalaciones similares. Puede montarse en la pared en un \u00e1ngulo recto de 90 grados y es apta para paneles de vidrio con un grosor de 5\/16\u201d (8 mm) a 1\/2\u201d (12 mm).  Esta barra de soporte de alta gama presenta un dise\u00f1o moderno en la base del lado de la pared y un recept\u00e1culo en forma de U en el otro extremo que puede girar para asegurar el panel de vidrio fijo. Se incluyen tornillos de fijaci\u00f3n con punta de nailon para evitar el contacto directo entre el vidrio y el metal, y sujetar el panel de vidrio de forma segura. No requiere perforaciones ni cortes en el vidrio para su instalaci\u00f3n.  Este producto es una adici\u00f3n \u00fatil y elegante a cualquier instalaci\u00f3n de ducha para lograr un aspecto totalmente sin marco, manteniendo un buen nivel de soporte.  Se vende en una longitud de 51\u201d (1,3 m), para ser cortada a medida en el lugar de instalaci\u00f3n. Los tornillos y tacos de pl\u00e1stico para pared est\u00e1n incluidos en el kit.  Nuestro proceso de acabado del herraje para duchas incluye tres m\u00e9todos de aplicaci\u00f3n diferentes, cada uno de los cuales ofrece un acabado duradero, resistente a la corrosi\u00f3n y visualmente atractivo. Estos m\u00e9todos incluyen la electroforesis (Negro Mate), el cromado (Cromo) y el niquelado (N\u00edquel Cepillado). Independientemente de la opci\u00f3n elegida, nuestro proceso garantiza un acabado hermoso y duradero que cumple con los m\u00e1s altos est\u00e1ndares de calidad y durabilidad de la industria, ofreciendo un rendimiento excepcional y atractivo visual. EL KIT INCLUYE    Producto SKU Cant.   Tubo de Barra de Soporte S-SB-TXX 1   Soporte de Barra de Soporte S-SB-UBXX 1   Soporte Mural a 90\u00b0 para Barra de Soporte S-SB-WM90XX 1    ESPECIFICACIONES T\u00c9CNICAS    Espesor del Vidrio de Seguridad 5\/16\u201d (8 mm) a 1\/2\u201d (12 mm)   Color\/Acabado Cromo, N\u00edquel Cepillado, Negro Mate   Material de Fabricaci\u00f3n Acero Inoxidable    &nbsp;","og_url":"https:\/\/glassupply.com\/es\/producto\/90-wall-mount-support-bar\/","og_site_name":"Glassupply.com","article_modified_time":"2025-06-04T14:20:25+00:00","og_image":[{"width":2000,"height":2000,"url":"https:\/\/glassupply.com\/wp-content\/uploads\/2024\/04\/S-SB-KSB90CH.webp","type":"image\/webp"}],"twitter_card":"summary_large_image","twitter_misc":{"Est. reading time":"1 minuto"},"schema":{"@context":"https:\/\/schema.org","@graph":[{"@type":"WebPage","@id":"https:\/\/glassupply.com\/es\/producto\/90-wall-mount-support-bar\/","url":"https:\/\/glassupply.com\/es\/producto\/90-wall-mount-support-bar\/","name":"90\u00b0 Wall Mount Support Bar - Glassupply.com","isPartOf":{"@id":"https:\/\/glassupply.com\/es\/#website"},"primaryImageOfPage":{"@id":"https:\/\/glassupply.com\/es\/producto\/90-wall-mount-support-bar\/#primaryimage"},"image":{"@id":"https:\/\/glassupply.com\/es\/producto\/90-wall-mount-support-bar\/#primaryimage"},"thumbnailUrl":"https:\/\/glassupply.com\/wp-content\/uploads\/2024\/04\/S-SB-KSB90CH.webp","datePublished":"2023-06-28T14:26:38+00:00","dateModified":"2025-06-04T14:20:25+00:00","breadcrumb":{"@id":"https:\/\/glassupply.com\/es\/producto\/90-wall-mount-support-bar\/#breadcrumb"},"inLanguage":"es","potentialAction":[{"@type":"ReadAction","target":["https:\/\/glassupply.com\/es\/producto\/90-wall-mount-support-bar\/"]}]},{"@type":"ImageObject","inLanguage":"es","@id":"https:\/\/glassupply.com\/es\/producto\/90-wall-mount-support-bar\/#primaryimage","url":"https:\/\/glassupply.com\/wp-content\/uploads\/2024\/04\/S-SB-KSB90CH.webp","contentUrl":"https:\/\/glassupply.com\/wp-content\/uploads\/2024\/04\/S-SB-KSB90CH.webp","width":2000,"height":2000},{"@type":"BreadcrumbList","@id":"https:\/\/glassupply.com\/es\/producto\/90-wall-mount-support-bar\/#breadcrumb","itemListElement":[{"@type":"ListItem","position":1,"name":"Tienda","item":"https:\/\/glassupply.com\/es\/tienda\/"},{"@type":"ListItem","position":2,"name":"90\u00b0 Wall Mount Support Bar"}]},{"@type":"WebSite","@id":"https:\/\/glassupply.com\/es\/#website","url":"https:\/\/glassupply.com\/es\/","name":"Glassupply.com","description":"From the manufacturer to your doorstep","potentialAction":[{"@type":"SearchAction","target":{"@type":"EntryPoint","urlTemplate":"https:\/\/glassupply.com\/es\/?s={search_term_string}"},"query-input":{"@type":"PropertyValueSpecification","valueRequired":true,"valueName":"search_term_string"}}],"inLanguage":"es"}]}},"_links":{"self":[{"href":"https:\/\/glassupply.com\/es\/wp-json\/wp\/v2\/product\/2156","targetHints":{"allow":["GET"]}}],"collection":[{"href":"https:\/\/glassupply.com\/es\/wp-json\/wp\/v2\/product"}],"about":[{"href":"https:\/\/glassupply.com\/es\/wp-json\/wp\/v2\/types\/product"}],"replies":[{"embeddable":true,"href":"https:\/\/glassupply.com\/es\/wp-json\/wp\/v2\/comments?post=2156"}],"wp:featuredmedia":[{"embeddable":true,"href":"https:\/\/glassupply.com\/es\/wp-json\/wp\/v2\/media\/7186"}],"wp:attachment":[{"href":"https:\/\/glassupply.com\/es\/wp-json\/wp\/v2\/media?parent=2156"}],"wp:term":[{"taxonomy":"product_brand","embeddable":true,"href":"https:\/\/glassupply.com\/es\/wp-json\/wp\/v2\/product_brand?post=2156"},{"taxonomy":"product_cat","embeddable":true,"href":"https:\/\/glassupply.com\/es\/wp-json\/wp\/v2\/product_cat?post=2156"},{"taxonomy":"product_tag","embeddable":true,"href":"https:\/\/glassupply.com\/es\/wp-json\/wp\/v2\/product_tag?post=2156"}],"curies":[{"name":"wp","href":"https:\/\/api.w.org\/{rel}","templated":true}]}}