{"id":2177,"date":"2023-06-28T09:26:06","date_gmt":"2023-06-28T14:26:06","guid":{"rendered":"https:\/\/glassupply.com\/product\/top-rail-horizontal-adjustable-connector\/"},"modified":"2025-06-04T07:59:00","modified_gmt":"2025-06-04T12:59:00","slug":"top-rail-horizontal-adjustable-connector","status":"publish","type":"product","link":"https:\/\/glassupply.com\/es\/producto\/top-rail-horizontal-adjustable-connector\/","title":{"rendered":"Top Rail Horizontal Adjustable Connector"},"content":{"rendered":"","protected":false},"excerpt":{"rendered":"<p><span style=\"font-weight: 400;\">El conector horizontal ajustable para pasamanos est\u00e1 dise\u00f1ado para conectar dos pasamanos (R-TR-R) en un sistema de barandilla de vidrio en un \u00e1ngulo ajustable. Esta pieza se utiliza en instalaciones de barandillas de vidrio para crear una estructura segura y estable.<\/span><\/p>\n<p><span style=\"font-weight: 400;\">Fabricados con aleaciones de acero inoxidable 316 de la m\u00e1s alta calidad, nuestros conectores de pasamanos de alta gama no solo ofrecen propiedades superiores de resistencia a la corrosi\u00f3n, sino tambi\u00e9n un atractivo est\u00e9tico inigualable que mejorar\u00e1 el aspecto y la sensaci\u00f3n general de cualquier proyecto. Nuestros conectores de pasamanos y la serie de pasamanos de acero inoxidable 316 son la elecci\u00f3n perfecta para quienes buscan durabilidad, fiabilidad y atractivo visual, garantizando un rendimiento duradero incluso en los ambientes m\u00e1s exigentes.<\/span><\/p>\n<p><span style=\"font-weight: 400;\">Elija entre un acabado de acero inoxidable pulido (cepillado) o un acabado negro mate suave con recubrimiento en polvo aplicado electrost\u00e1ticamente y curado al horno para una superficie resistente a los ara\u00f1azos y protegida contra el clima. Ideal para aplicaciones tanto interiores como exteriores, ofrece una excelente resistencia a la corrosi\u00f3n, lo que lo hace perfecto para estructuras con un alto grado de exposici\u00f3n, como regiones costeras y entornos con piscinas.<\/span><\/p>\n<h2><b>ESPECIFICACIONES T\u00c9CNICAS<\/b><\/h2>\n<table>\n<tbody>\n<tr>\n<td><b>Pasamanos requerido<\/b><\/td>\n<td><span style=\"font-weight: 400;\">R-TR-R<\/span><\/td>\n<\/tr>\n<tr>\n<td><b>Color\/Acabado<\/b><\/td>\n<td><span style=\"font-weight: 400;\">Negro mate, acero inoxidable pulido<\/span><\/td>\n<\/tr>\n<tr>\n<td><b>Material de fabricaci\u00f3n<\/b><\/td>\n<td><span style=\"font-weight: 400;\">Acero inoxidable AISI 316<\/span><\/td>\n<\/tr>\n<tr>\n<td><b>Ubicaci\u00f3n recomendada<\/b><\/td>\n<td><span style=\"font-weight: 400;\">Interior, exterior<\/span><\/td>\n<\/tr>\n<\/tbody>\n<\/table>\n","protected":false},"featured_media":1703,"comment_status":"closed","ping_status":"closed","template":"","meta":{"_acf_changed":false,"inline_featured_image":false},"product_brand":[],"product_cat":[87,136,60],"product_tag":[],"class_list":{"0":"post-2177","1":"product","2":"type-product","3":"status-publish","4":"has-post-thumbnail","6":"product_cat-glass-hardware-es","7":"product_cat-top-rail-es","8":"product_cat-glass-fence-railing-hardware-es","10":"first","11":"instock","12":"taxable","13":"shipping-taxable","14":"purchasable","15":"product-type-variable","16":"has-default-attributes"},"acf":[],"yoast_head":"<!-- This site is optimized with the Yoast SEO plugin v26.9 - https:\/\/yoast.com\/product\/yoast-seo-wordpress\/ -->\n<title>Top Rail Horizontal Adjustable Connector - Glassupply.com<\/title>\n<meta name=\"robots\" content=\"index, follow, max-snippet:-1, max-image-preview:large, max-video-preview:-1\" \/>\n<link rel=\"canonical\" href=\"https:\/\/glassupply.com\/es\/producto\/top-rail-horizontal-adjustable-connector\/\" \/>\n<meta property=\"og:locale\" content=\"es_ES\" \/>\n<meta property=\"og:type\" content=\"article\" \/>\n<meta property=\"og:title\" content=\"Top Rail Horizontal Adjustable Connector - Glassupply.com\" \/>\n<meta property=\"og:description\" content=\"El conector horizontal ajustable para pasamanos est\u00e1 dise\u00f1ado para conectar dos pasamanos (R-TR-R) en un sistema de barandilla de vidrio en un \u00e1ngulo ajustable. Esta pieza se utiliza en instalaciones de barandillas de vidrio para crear una estructura segura y estable.  Fabricados con aleaciones de acero inoxidable 316 de la m\u00e1s alta calidad, nuestros conectores de pasamanos de alta gama no solo ofrecen propiedades superiores de resistencia a la corrosi\u00f3n, sino tambi\u00e9n un atractivo est\u00e9tico inigualable que mejorar\u00e1 el aspecto y la sensaci\u00f3n general de cualquier proyecto. Nuestros conectores de pasamanos y la serie de pasamanos de acero inoxidable 316 son la elecci\u00f3n perfecta para quienes buscan durabilidad, fiabilidad y atractivo visual, garantizando un rendimiento duradero incluso en los ambientes m\u00e1s exigentes.  Elija entre un acabado de acero inoxidable pulido (cepillado) o un acabado negro mate suave con recubrimiento en polvo aplicado electrost\u00e1ticamente y curado al horno para una superficie resistente a los ara\u00f1azos y protegida contra el clima. Ideal para aplicaciones tanto interiores como exteriores, ofrece una excelente resistencia a la corrosi\u00f3n, lo que lo hace perfecto para estructuras con un alto grado de exposici\u00f3n, como regiones costeras y entornos con piscinas. ESPECIFICACIONES T\u00c9CNICAS    Pasamanos requerido R-TR-R   Color\/Acabado Negro mate, acero inoxidable pulido   Material de fabricaci\u00f3n Acero inoxidable AISI 316   Ubicaci\u00f3n recomendada Interior, exterior\" \/>\n<meta property=\"og:url\" content=\"https:\/\/glassupply.com\/es\/producto\/top-rail-horizontal-adjustable-connector\/\" \/>\n<meta property=\"og:site_name\" content=\"Glassupply.com\" \/>\n<meta property=\"article:modified_time\" content=\"2025-06-04T12:59:00+00:00\" \/>\n<meta property=\"og:image\" content=\"https:\/\/glassupply.com\/wp-content\/uploads\/2023\/06\/R-TR-HAJCSS-Product-Image.webp\" \/>\n\t<meta property=\"og:image:width\" content=\"1250\" \/>\n\t<meta property=\"og:image:height\" content=\"1250\" \/>\n\t<meta property=\"og:image:type\" content=\"image\/webp\" \/>\n<meta name=\"twitter:card\" content=\"summary_large_image\" \/>\n<meta name=\"twitter:label1\" content=\"Est. reading time\" \/>\n\t<meta name=\"twitter:data1\" content=\"1 minuto\" \/>\n<script type=\"application\/ld+json\" class=\"yoast-schema-graph\">{\"@context\":\"https:\/\/schema.org\",\"@graph\":[{\"@type\":\"WebPage\",\"@id\":\"https:\/\/glassupply.com\/es\/producto\/top-rail-horizontal-adjustable-connector\/\",\"url\":\"https:\/\/glassupply.com\/es\/producto\/top-rail-horizontal-adjustable-connector\/\",\"name\":\"Top Rail Horizontal Adjustable Connector - Glassupply.com\",\"isPartOf\":{\"@id\":\"https:\/\/glassupply.com\/es\/#website\"},\"primaryImageOfPage\":{\"@id\":\"https:\/\/glassupply.com\/es\/producto\/top-rail-horizontal-adjustable-connector\/#primaryimage\"},\"image\":{\"@id\":\"https:\/\/glassupply.com\/es\/producto\/top-rail-horizontal-adjustable-connector\/#primaryimage\"},\"thumbnailUrl\":\"https:\/\/glassupply.com\/wp-content\/uploads\/2023\/06\/R-TR-HAJCSS-Product-Image.webp\",\"datePublished\":\"2023-06-28T14:26:06+00:00\",\"dateModified\":\"2025-06-04T12:59:00+00:00\",\"breadcrumb\":{\"@id\":\"https:\/\/glassupply.com\/es\/producto\/top-rail-horizontal-adjustable-connector\/#breadcrumb\"},\"inLanguage\":\"es\",\"potentialAction\":[{\"@type\":\"ReadAction\",\"target\":[\"https:\/\/glassupply.com\/es\/producto\/top-rail-horizontal-adjustable-connector\/\"]}]},{\"@type\":\"ImageObject\",\"inLanguage\":\"es\",\"@id\":\"https:\/\/glassupply.com\/es\/producto\/top-rail-horizontal-adjustable-connector\/#primaryimage\",\"url\":\"https:\/\/glassupply.com\/wp-content\/uploads\/2023\/06\/R-TR-HAJCSS-Product-Image.webp\",\"contentUrl\":\"https:\/\/glassupply.com\/wp-content\/uploads\/2023\/06\/R-TR-HAJCSS-Product-Image.webp\",\"width\":1250,\"height\":1250},{\"@type\":\"BreadcrumbList\",\"@id\":\"https:\/\/glassupply.com\/es\/producto\/top-rail-horizontal-adjustable-connector\/#breadcrumb\",\"itemListElement\":[{\"@type\":\"ListItem\",\"position\":1,\"name\":\"Tienda\",\"item\":\"https:\/\/glassupply.com\/es\/tienda\/\"},{\"@type\":\"ListItem\",\"position\":2,\"name\":\"Top Rail Horizontal Adjustable Connector\"}]},{\"@type\":\"WebSite\",\"@id\":\"https:\/\/glassupply.com\/es\/#website\",\"url\":\"https:\/\/glassupply.com\/es\/\",\"name\":\"Glassupply.com\",\"description\":\"From the manufacturer to your doorstep\",\"potentialAction\":[{\"@type\":\"SearchAction\",\"target\":{\"@type\":\"EntryPoint\",\"urlTemplate\":\"https:\/\/glassupply.com\/es\/?s={search_term_string}\"},\"query-input\":{\"@type\":\"PropertyValueSpecification\",\"valueRequired\":true,\"valueName\":\"search_term_string\"}}],\"inLanguage\":\"es\"}]}<\/script>\n<!-- \/ Yoast SEO plugin. -->","yoast_head_json":{"title":"Top Rail Horizontal Adjustable Connector - Glassupply.com","robots":{"index":"index","follow":"follow","max-snippet":"max-snippet:-1","max-image-preview":"max-image-preview:large","max-video-preview":"max-video-preview:-1"},"canonical":"https:\/\/glassupply.com\/es\/producto\/top-rail-horizontal-adjustable-connector\/","og_locale":"es_ES","og_type":"article","og_title":"Top Rail Horizontal Adjustable Connector - Glassupply.com","og_description":"El conector horizontal ajustable para pasamanos est\u00e1 dise\u00f1ado para conectar dos pasamanos (R-TR-R) en un sistema de barandilla de vidrio en un \u00e1ngulo ajustable. Esta pieza se utiliza en instalaciones de barandillas de vidrio para crear una estructura segura y estable.  Fabricados con aleaciones de acero inoxidable 316 de la m\u00e1s alta calidad, nuestros conectores de pasamanos de alta gama no solo ofrecen propiedades superiores de resistencia a la corrosi\u00f3n, sino tambi\u00e9n un atractivo est\u00e9tico inigualable que mejorar\u00e1 el aspecto y la sensaci\u00f3n general de cualquier proyecto. Nuestros conectores de pasamanos y la serie de pasamanos de acero inoxidable 316 son la elecci\u00f3n perfecta para quienes buscan durabilidad, fiabilidad y atractivo visual, garantizando un rendimiento duradero incluso en los ambientes m\u00e1s exigentes.  Elija entre un acabado de acero inoxidable pulido (cepillado) o un acabado negro mate suave con recubrimiento en polvo aplicado electrost\u00e1ticamente y curado al horno para una superficie resistente a los ara\u00f1azos y protegida contra el clima. Ideal para aplicaciones tanto interiores como exteriores, ofrece una excelente resistencia a la corrosi\u00f3n, lo que lo hace perfecto para estructuras con un alto grado de exposici\u00f3n, como regiones costeras y entornos con piscinas. ESPECIFICACIONES T\u00c9CNICAS    Pasamanos requerido R-TR-R   Color\/Acabado Negro mate, acero inoxidable pulido   Material de fabricaci\u00f3n Acero inoxidable AISI 316   Ubicaci\u00f3n recomendada Interior, exterior","og_url":"https:\/\/glassupply.com\/es\/producto\/top-rail-horizontal-adjustable-connector\/","og_site_name":"Glassupply.com","article_modified_time":"2025-06-04T12:59:00+00:00","og_image":[{"width":1250,"height":1250,"url":"https:\/\/glassupply.com\/wp-content\/uploads\/2023\/06\/R-TR-HAJCSS-Product-Image.webp","type":"image\/webp"}],"twitter_card":"summary_large_image","twitter_misc":{"Est. reading time":"1 minuto"},"schema":{"@context":"https:\/\/schema.org","@graph":[{"@type":"WebPage","@id":"https:\/\/glassupply.com\/es\/producto\/top-rail-horizontal-adjustable-connector\/","url":"https:\/\/glassupply.com\/es\/producto\/top-rail-horizontal-adjustable-connector\/","name":"Top Rail Horizontal Adjustable Connector - Glassupply.com","isPartOf":{"@id":"https:\/\/glassupply.com\/es\/#website"},"primaryImageOfPage":{"@id":"https:\/\/glassupply.com\/es\/producto\/top-rail-horizontal-adjustable-connector\/#primaryimage"},"image":{"@id":"https:\/\/glassupply.com\/es\/producto\/top-rail-horizontal-adjustable-connector\/#primaryimage"},"thumbnailUrl":"https:\/\/glassupply.com\/wp-content\/uploads\/2023\/06\/R-TR-HAJCSS-Product-Image.webp","datePublished":"2023-06-28T14:26:06+00:00","dateModified":"2025-06-04T12:59:00+00:00","breadcrumb":{"@id":"https:\/\/glassupply.com\/es\/producto\/top-rail-horizontal-adjustable-connector\/#breadcrumb"},"inLanguage":"es","potentialAction":[{"@type":"ReadAction","target":["https:\/\/glassupply.com\/es\/producto\/top-rail-horizontal-adjustable-connector\/"]}]},{"@type":"ImageObject","inLanguage":"es","@id":"https:\/\/glassupply.com\/es\/producto\/top-rail-horizontal-adjustable-connector\/#primaryimage","url":"https:\/\/glassupply.com\/wp-content\/uploads\/2023\/06\/R-TR-HAJCSS-Product-Image.webp","contentUrl":"https:\/\/glassupply.com\/wp-content\/uploads\/2023\/06\/R-TR-HAJCSS-Product-Image.webp","width":1250,"height":1250},{"@type":"BreadcrumbList","@id":"https:\/\/glassupply.com\/es\/producto\/top-rail-horizontal-adjustable-connector\/#breadcrumb","itemListElement":[{"@type":"ListItem","position":1,"name":"Tienda","item":"https:\/\/glassupply.com\/es\/tienda\/"},{"@type":"ListItem","position":2,"name":"Top Rail Horizontal Adjustable Connector"}]},{"@type":"WebSite","@id":"https:\/\/glassupply.com\/es\/#website","url":"https:\/\/glassupply.com\/es\/","name":"Glassupply.com","description":"From the manufacturer to your doorstep","potentialAction":[{"@type":"SearchAction","target":{"@type":"EntryPoint","urlTemplate":"https:\/\/glassupply.com\/es\/?s={search_term_string}"},"query-input":{"@type":"PropertyValueSpecification","valueRequired":true,"valueName":"search_term_string"}}],"inLanguage":"es"}]}},"_links":{"self":[{"href":"https:\/\/glassupply.com\/es\/wp-json\/wp\/v2\/product\/2177","targetHints":{"allow":["GET"]}}],"collection":[{"href":"https:\/\/glassupply.com\/es\/wp-json\/wp\/v2\/product"}],"about":[{"href":"https:\/\/glassupply.com\/es\/wp-json\/wp\/v2\/types\/product"}],"replies":[{"embeddable":true,"href":"https:\/\/glassupply.com\/es\/wp-json\/wp\/v2\/comments?post=2177"}],"wp:featuredmedia":[{"embeddable":true,"href":"https:\/\/glassupply.com\/es\/wp-json\/wp\/v2\/media\/1703"}],"wp:attachment":[{"href":"https:\/\/glassupply.com\/es\/wp-json\/wp\/v2\/media?parent=2177"}],"wp:term":[{"taxonomy":"product_brand","embeddable":true,"href":"https:\/\/glassupply.com\/es\/wp-json\/wp\/v2\/product_brand?post=2177"},{"taxonomy":"product_cat","embeddable":true,"href":"https:\/\/glassupply.com\/es\/wp-json\/wp\/v2\/product_cat?post=2177"},{"taxonomy":"product_tag","embeddable":true,"href":"https:\/\/glassupply.com\/es\/wp-json\/wp\/v2\/product_tag?post=2177"}],"curies":[{"name":"wp","href":"https:\/\/api.w.org\/{rel}","templated":true}]}}