{"id":2230,"date":"2023-06-28T09:26:30","date_gmt":"2023-06-28T14:26:30","guid":{"rendered":"https:\/\/glassupply.com\/product\/glass-to-wall-reversible-latch-for-frameless-glass-railing\/"},"modified":"2025-06-04T07:16:16","modified_gmt":"2025-06-04T12:16:16","slug":"glass-to-wall-reversible-latch-for-frameless-glass-railing","status":"publish","type":"product","link":"https:\/\/glassupply.com\/es\/producto\/glass-to-wall-reversible-latch-for-frameless-glass-railing\/","title":{"rendered":"Glass-to-Wall reversible latch for Frameless Glass Railing"},"content":{"rendered":"","protected":false},"excerpt":{"rendered":"<p><span style=\"font-weight: 400;\">El pestillo reversible de vidrio a pared para barandillas de vidrio sin marco es un pestillo altamente funcional y seguro que viene equipado con un mecanismo magn\u00e9tico de cierre autom\u00e1tico. Este pestillo est\u00e1 espec\u00edficamente dise\u00f1ado para instalarse en una pared o poste adyacente, lo que lo convierte en una opci\u00f3n ideal para barandillas de vidrio sin marco.<\/span><\/p>\n<p><span style=\"font-weight: 400;\">Cuando se combina con nuestras bisagras de cierre autom\u00e1tico con resorte, este pestillo magn\u00e9tico puede ser un componente vital para cumplir con los<\/span><b> requisitos de barrera de seguridad para piscinas<\/b><span style=\"font-weight: 400;\"> que est\u00e1n siendo implementados por muchos municipios en toda Am\u00e9rica del Norte.<\/span><\/p>\n<p><span style=\"font-weight: 400;\">Este pestillo reversible o \u201cde doble cara\u201d est\u00e1 dise\u00f1ado para funcionar en cualquier direcci\u00f3n y puede usarse en puertas que abren hacia adentro o hacia afuera. Proporciona una mayor flexibilidad en la instalaci\u00f3n y permite que el pestillo se utilice en ambos lados de la puerta.<\/span><\/p>\n<p><span style=\"font-weight: 400;\">Fabricado con la aleaci\u00f3n de acero inoxidable Duplex 2205 de la m\u00e1s alta calidad, este hardware marino anticorrosivo es conocido por su resistencia superior y su capacidad para soportar ambientes exteriores agresivos. Nuestra aleaci\u00f3n de acero inoxidable Duplex 2205 contiene 22% de cromo, 3% de molibdeno y entre 5 y 6% de n\u00edquel, lo que proporciona una resistencia a la corrosi\u00f3n superior y m\u00e1s del doble de resistencia a la tracci\u00f3n que el acero inoxidable austen\u00edtico est\u00e1ndar.<\/span><\/p>\n<p><span style=\"font-weight: 400;\">Elija entre un acabado de acero inoxidable pulido (cepillado) o un acabado negro mate suave, con recubrimiento en polvo aplicado electrost\u00e1ticamente y curado al horno para una superficie resistente a los ara\u00f1azos y protegida contra las inclemencias del tiempo. Ideal tanto para aplicaciones interiores como exteriores, ofrece una excelente resistencia a la corrosi\u00f3n, lo que lo hace perfecto para estructuras expuestas a altos niveles de corrosi\u00f3n, como regiones costeras y entornos de piscinas.<\/span><\/p>\n<p>&nbsp;<\/p>\n<h2><b>ESPECIFICACIONES T\u00c9CNICAS<\/b><\/h2>\n<table>\n<tbody>\n<tr>\n<td><b>Espesor del vidrio de seguridad<\/b><\/td>\n<td><span style=\"font-weight: 400;\">3\/8\u201d &#8211; 1\/2\u201d (10 a 12 mm) \u2013 puede acomodar paneles de vidrio de 9\/16\u201d (13,5 mm)<\/span><\/td>\n<\/tr>\n<tr>\n<td><b>Color\/Acabado<\/b><\/td>\n<td><span style=\"font-weight: 400;\">Acero inoxidable pulido, Negro mate<\/span><\/td>\n<\/tr>\n<tr>\n<td><b>Material de fabricaci\u00f3n<\/b><\/td>\n<td><span style=\"font-weight: 400;\">Acero inoxidable Duplex 2205<\/span><\/td>\n<\/tr>\n<tr>\n<td><b>Deducci\u00f3n recomendada del espacio de la puerta<\/b><\/td>\n<td><span style=\"font-weight: 400;\">1\/4\u201d &#8211; 3\/8\u201d (6 a 10 mm)<\/span><\/td>\n<\/tr>\n<tr>\n<td><b>Tipo de montaje<\/b><\/td>\n<td><span style=\"font-weight: 400;\">Vidrio a pared, Poste a vidrio<\/span><\/td>\n<\/tr>\n<tr>\n<td><b>Uso recomendado del lugar<\/b><\/td>\n<td><span style=\"font-weight: 400;\">Interior, Exterior<\/span><\/td>\n<\/tr>\n<tr>\n<td><b>Lado de montaje<\/b><\/td>\n<td><span style=\"font-weight: 400;\">Reversible<\/span><\/td>\n<\/tr>\n<\/tbody>\n<\/table>\n","protected":false},"featured_media":1721,"comment_status":"closed","ping_status":"closed","template":"","meta":{"_acf_changed":false,"inline_featured_image":false},"product_brand":[],"product_cat":[133,60],"product_tag":[],"class_list":{"0":"post-2230","1":"product","2":"type-product","3":"status-publish","4":"has-post-thumbnail","6":"product_cat-door-hardware-es","7":"product_cat-glass-fence-railing-hardware-es","9":"first","10":"instock","11":"taxable","12":"shipping-taxable","13":"purchasable","14":"product-type-variable","15":"has-default-attributes"},"acf":[],"yoast_head":"<!-- This site is optimized with the Yoast SEO plugin v26.9 - https:\/\/yoast.com\/product\/yoast-seo-wordpress\/ -->\n<title>Glass-to-Wall reversible latch for Frameless Glass Railing - Glassupply.com<\/title>\n<meta name=\"robots\" content=\"index, follow, max-snippet:-1, max-image-preview:large, max-video-preview:-1\" \/>\n<link rel=\"canonical\" href=\"https:\/\/glassupply.com\/es\/producto\/glass-to-wall-reversible-latch-for-frameless-glass-railing\/\" \/>\n<meta property=\"og:locale\" content=\"es_ES\" \/>\n<meta property=\"og:type\" content=\"article\" \/>\n<meta property=\"og:title\" content=\"Glass-to-Wall reversible latch for Frameless Glass Railing - Glassupply.com\" \/>\n<meta property=\"og:description\" content=\"El pestillo reversible de vidrio a pared para barandillas de vidrio sin marco es un pestillo altamente funcional y seguro que viene equipado con un mecanismo magn\u00e9tico de cierre autom\u00e1tico. Este pestillo est\u00e1 espec\u00edficamente dise\u00f1ado para instalarse en una pared o poste adyacente, lo que lo convierte en una opci\u00f3n ideal para barandillas de vidrio sin marco.  Cuando se combina con nuestras bisagras de cierre autom\u00e1tico con resorte, este pestillo magn\u00e9tico puede ser un componente vital para cumplir con los requisitos de barrera de seguridad para piscinas que est\u00e1n siendo implementados por muchos municipios en toda Am\u00e9rica del Norte.  Este pestillo reversible o \u201cde doble cara\u201d est\u00e1 dise\u00f1ado para funcionar en cualquier direcci\u00f3n y puede usarse en puertas que abren hacia adentro o hacia afuera. Proporciona una mayor flexibilidad en la instalaci\u00f3n y permite que el pestillo se utilice en ambos lados de la puerta.  Fabricado con la aleaci\u00f3n de acero inoxidable Duplex 2205 de la m\u00e1s alta calidad, este hardware marino anticorrosivo es conocido por su resistencia superior y su capacidad para soportar ambientes exteriores agresivos. Nuestra aleaci\u00f3n de acero inoxidable Duplex 2205 contiene 22% de cromo, 3% de molibdeno y entre 5 y 6% de n\u00edquel, lo que proporciona una resistencia a la corrosi\u00f3n superior y m\u00e1s del doble de resistencia a la tracci\u00f3n que el acero inoxidable austen\u00edtico est\u00e1ndar.  Elija entre un acabado de acero inoxidable pulido (cepillado) o un acabado negro mate suave, con recubrimiento en polvo aplicado electrost\u00e1ticamente y curado al horno para una superficie resistente a los ara\u00f1azos y protegida contra las inclemencias del tiempo. Ideal tanto para aplicaciones interiores como exteriores, ofrece una excelente resistencia a la corrosi\u00f3n, lo que lo hace perfecto para estructuras expuestas a altos niveles de corrosi\u00f3n, como regiones costeras y entornos de piscinas.  &nbsp; ESPECIFICACIONES T\u00c9CNICAS    Espesor del vidrio de seguridad 3\/8\u201d - 1\/2\u201d (10 a 12 mm) \u2013 puede acomodar paneles de vidrio de 9\/16\u201d (13,5 mm)   Color\/Acabado Acero inoxidable pulido, Negro mate   Material de fabricaci\u00f3n Acero inoxidable Duplex 2205   Deducci\u00f3n recomendada del espacio de la puerta 1\/4\u201d - 3\/8\u201d (6 a 10 mm)   Tipo de montaje Vidrio a pared, Poste a vidrio   Uso recomendado del lugar Interior, Exterior   Lado de montaje Reversible\" \/>\n<meta property=\"og:url\" content=\"https:\/\/glassupply.com\/es\/producto\/glass-to-wall-reversible-latch-for-frameless-glass-railing\/\" \/>\n<meta property=\"og:site_name\" content=\"Glassupply.com\" \/>\n<meta property=\"article:modified_time\" content=\"2025-06-04T12:16:16+00:00\" \/>\n<meta property=\"og:image\" content=\"https:\/\/glassupply.com\/wp-content\/uploads\/2023\/06\/R-DH-GWLSS-First-Product-Image-1.webp\" \/>\n\t<meta property=\"og:image:width\" content=\"1902\" \/>\n\t<meta property=\"og:image:height\" content=\"1902\" \/>\n\t<meta property=\"og:image:type\" content=\"image\/webp\" \/>\n<meta name=\"twitter:card\" content=\"summary_large_image\" \/>\n<meta name=\"twitter:label1\" content=\"Est. reading time\" \/>\n\t<meta name=\"twitter:data1\" content=\"1 minuto\" \/>\n<script type=\"application\/ld+json\" class=\"yoast-schema-graph\">{\"@context\":\"https:\/\/schema.org\",\"@graph\":[{\"@type\":\"WebPage\",\"@id\":\"https:\/\/glassupply.com\/es\/producto\/glass-to-wall-reversible-latch-for-frameless-glass-railing\/\",\"url\":\"https:\/\/glassupply.com\/es\/producto\/glass-to-wall-reversible-latch-for-frameless-glass-railing\/\",\"name\":\"Glass-to-Wall reversible latch for Frameless Glass Railing - Glassupply.com\",\"isPartOf\":{\"@id\":\"https:\/\/glassupply.com\/es\/#website\"},\"primaryImageOfPage\":{\"@id\":\"https:\/\/glassupply.com\/es\/producto\/glass-to-wall-reversible-latch-for-frameless-glass-railing\/#primaryimage\"},\"image\":{\"@id\":\"https:\/\/glassupply.com\/es\/producto\/glass-to-wall-reversible-latch-for-frameless-glass-railing\/#primaryimage\"},\"thumbnailUrl\":\"https:\/\/glassupply.com\/wp-content\/uploads\/2023\/06\/R-DH-GWLSS-First-Product-Image-1.webp\",\"datePublished\":\"2023-06-28T14:26:30+00:00\",\"dateModified\":\"2025-06-04T12:16:16+00:00\",\"breadcrumb\":{\"@id\":\"https:\/\/glassupply.com\/es\/producto\/glass-to-wall-reversible-latch-for-frameless-glass-railing\/#breadcrumb\"},\"inLanguage\":\"es\",\"potentialAction\":[{\"@type\":\"ReadAction\",\"target\":[\"https:\/\/glassupply.com\/es\/producto\/glass-to-wall-reversible-latch-for-frameless-glass-railing\/\"]}]},{\"@type\":\"ImageObject\",\"inLanguage\":\"es\",\"@id\":\"https:\/\/glassupply.com\/es\/producto\/glass-to-wall-reversible-latch-for-frameless-glass-railing\/#primaryimage\",\"url\":\"https:\/\/glassupply.com\/wp-content\/uploads\/2023\/06\/R-DH-GWLSS-First-Product-Image-1.webp\",\"contentUrl\":\"https:\/\/glassupply.com\/wp-content\/uploads\/2023\/06\/R-DH-GWLSS-First-Product-Image-1.webp\",\"width\":1902,\"height\":1902},{\"@type\":\"BreadcrumbList\",\"@id\":\"https:\/\/glassupply.com\/es\/producto\/glass-to-wall-reversible-latch-for-frameless-glass-railing\/#breadcrumb\",\"itemListElement\":[{\"@type\":\"ListItem\",\"position\":1,\"name\":\"Tienda\",\"item\":\"https:\/\/glassupply.com\/es\/tienda\/\"},{\"@type\":\"ListItem\",\"position\":2,\"name\":\"Glass-to-Wall reversible latch for Frameless Glass Railing\"}]},{\"@type\":\"WebSite\",\"@id\":\"https:\/\/glassupply.com\/es\/#website\",\"url\":\"https:\/\/glassupply.com\/es\/\",\"name\":\"Glassupply.com\",\"description\":\"From the manufacturer to your doorstep\",\"potentialAction\":[{\"@type\":\"SearchAction\",\"target\":{\"@type\":\"EntryPoint\",\"urlTemplate\":\"https:\/\/glassupply.com\/es\/?s={search_term_string}\"},\"query-input\":{\"@type\":\"PropertyValueSpecification\",\"valueRequired\":true,\"valueName\":\"search_term_string\"}}],\"inLanguage\":\"es\"}]}<\/script>\n<!-- \/ Yoast SEO plugin. -->","yoast_head_json":{"title":"Glass-to-Wall reversible latch for Frameless Glass Railing - Glassupply.com","robots":{"index":"index","follow":"follow","max-snippet":"max-snippet:-1","max-image-preview":"max-image-preview:large","max-video-preview":"max-video-preview:-1"},"canonical":"https:\/\/glassupply.com\/es\/producto\/glass-to-wall-reversible-latch-for-frameless-glass-railing\/","og_locale":"es_ES","og_type":"article","og_title":"Glass-to-Wall reversible latch for Frameless Glass Railing - Glassupply.com","og_description":"El pestillo reversible de vidrio a pared para barandillas de vidrio sin marco es un pestillo altamente funcional y seguro que viene equipado con un mecanismo magn\u00e9tico de cierre autom\u00e1tico. Este pestillo est\u00e1 espec\u00edficamente dise\u00f1ado para instalarse en una pared o poste adyacente, lo que lo convierte en una opci\u00f3n ideal para barandillas de vidrio sin marco.  Cuando se combina con nuestras bisagras de cierre autom\u00e1tico con resorte, este pestillo magn\u00e9tico puede ser un componente vital para cumplir con los requisitos de barrera de seguridad para piscinas que est\u00e1n siendo implementados por muchos municipios en toda Am\u00e9rica del Norte.  Este pestillo reversible o \u201cde doble cara\u201d est\u00e1 dise\u00f1ado para funcionar en cualquier direcci\u00f3n y puede usarse en puertas que abren hacia adentro o hacia afuera. Proporciona una mayor flexibilidad en la instalaci\u00f3n y permite que el pestillo se utilice en ambos lados de la puerta.  Fabricado con la aleaci\u00f3n de acero inoxidable Duplex 2205 de la m\u00e1s alta calidad, este hardware marino anticorrosivo es conocido por su resistencia superior y su capacidad para soportar ambientes exteriores agresivos. Nuestra aleaci\u00f3n de acero inoxidable Duplex 2205 contiene 22% de cromo, 3% de molibdeno y entre 5 y 6% de n\u00edquel, lo que proporciona una resistencia a la corrosi\u00f3n superior y m\u00e1s del doble de resistencia a la tracci\u00f3n que el acero inoxidable austen\u00edtico est\u00e1ndar.  Elija entre un acabado de acero inoxidable pulido (cepillado) o un acabado negro mate suave, con recubrimiento en polvo aplicado electrost\u00e1ticamente y curado al horno para una superficie resistente a los ara\u00f1azos y protegida contra las inclemencias del tiempo. Ideal tanto para aplicaciones interiores como exteriores, ofrece una excelente resistencia a la corrosi\u00f3n, lo que lo hace perfecto para estructuras expuestas a altos niveles de corrosi\u00f3n, como regiones costeras y entornos de piscinas.  &nbsp; ESPECIFICACIONES T\u00c9CNICAS    Espesor del vidrio de seguridad 3\/8\u201d - 1\/2\u201d (10 a 12 mm) \u2013 puede acomodar paneles de vidrio de 9\/16\u201d (13,5 mm)   Color\/Acabado Acero inoxidable pulido, Negro mate   Material de fabricaci\u00f3n Acero inoxidable Duplex 2205   Deducci\u00f3n recomendada del espacio de la puerta 1\/4\u201d - 3\/8\u201d (6 a 10 mm)   Tipo de montaje Vidrio a pared, Poste a vidrio   Uso recomendado del lugar Interior, Exterior   Lado de montaje Reversible","og_url":"https:\/\/glassupply.com\/es\/producto\/glass-to-wall-reversible-latch-for-frameless-glass-railing\/","og_site_name":"Glassupply.com","article_modified_time":"2025-06-04T12:16:16+00:00","og_image":[{"width":1902,"height":1902,"url":"https:\/\/glassupply.com\/wp-content\/uploads\/2023\/06\/R-DH-GWLSS-First-Product-Image-1.webp","type":"image\/webp"}],"twitter_card":"summary_large_image","twitter_misc":{"Est. reading time":"1 minuto"},"schema":{"@context":"https:\/\/schema.org","@graph":[{"@type":"WebPage","@id":"https:\/\/glassupply.com\/es\/producto\/glass-to-wall-reversible-latch-for-frameless-glass-railing\/","url":"https:\/\/glassupply.com\/es\/producto\/glass-to-wall-reversible-latch-for-frameless-glass-railing\/","name":"Glass-to-Wall reversible latch for Frameless Glass Railing - Glassupply.com","isPartOf":{"@id":"https:\/\/glassupply.com\/es\/#website"},"primaryImageOfPage":{"@id":"https:\/\/glassupply.com\/es\/producto\/glass-to-wall-reversible-latch-for-frameless-glass-railing\/#primaryimage"},"image":{"@id":"https:\/\/glassupply.com\/es\/producto\/glass-to-wall-reversible-latch-for-frameless-glass-railing\/#primaryimage"},"thumbnailUrl":"https:\/\/glassupply.com\/wp-content\/uploads\/2023\/06\/R-DH-GWLSS-First-Product-Image-1.webp","datePublished":"2023-06-28T14:26:30+00:00","dateModified":"2025-06-04T12:16:16+00:00","breadcrumb":{"@id":"https:\/\/glassupply.com\/es\/producto\/glass-to-wall-reversible-latch-for-frameless-glass-railing\/#breadcrumb"},"inLanguage":"es","potentialAction":[{"@type":"ReadAction","target":["https:\/\/glassupply.com\/es\/producto\/glass-to-wall-reversible-latch-for-frameless-glass-railing\/"]}]},{"@type":"ImageObject","inLanguage":"es","@id":"https:\/\/glassupply.com\/es\/producto\/glass-to-wall-reversible-latch-for-frameless-glass-railing\/#primaryimage","url":"https:\/\/glassupply.com\/wp-content\/uploads\/2023\/06\/R-DH-GWLSS-First-Product-Image-1.webp","contentUrl":"https:\/\/glassupply.com\/wp-content\/uploads\/2023\/06\/R-DH-GWLSS-First-Product-Image-1.webp","width":1902,"height":1902},{"@type":"BreadcrumbList","@id":"https:\/\/glassupply.com\/es\/producto\/glass-to-wall-reversible-latch-for-frameless-glass-railing\/#breadcrumb","itemListElement":[{"@type":"ListItem","position":1,"name":"Tienda","item":"https:\/\/glassupply.com\/es\/tienda\/"},{"@type":"ListItem","position":2,"name":"Glass-to-Wall reversible latch for Frameless Glass Railing"}]},{"@type":"WebSite","@id":"https:\/\/glassupply.com\/es\/#website","url":"https:\/\/glassupply.com\/es\/","name":"Glassupply.com","description":"From the manufacturer to your doorstep","potentialAction":[{"@type":"SearchAction","target":{"@type":"EntryPoint","urlTemplate":"https:\/\/glassupply.com\/es\/?s={search_term_string}"},"query-input":{"@type":"PropertyValueSpecification","valueRequired":true,"valueName":"search_term_string"}}],"inLanguage":"es"}]}},"_links":{"self":[{"href":"https:\/\/glassupply.com\/es\/wp-json\/wp\/v2\/product\/2230","targetHints":{"allow":["GET"]}}],"collection":[{"href":"https:\/\/glassupply.com\/es\/wp-json\/wp\/v2\/product"}],"about":[{"href":"https:\/\/glassupply.com\/es\/wp-json\/wp\/v2\/types\/product"}],"replies":[{"embeddable":true,"href":"https:\/\/glassupply.com\/es\/wp-json\/wp\/v2\/comments?post=2230"}],"wp:featuredmedia":[{"embeddable":true,"href":"https:\/\/glassupply.com\/es\/wp-json\/wp\/v2\/media\/1721"}],"wp:attachment":[{"href":"https:\/\/glassupply.com\/es\/wp-json\/wp\/v2\/media?parent=2230"}],"wp:term":[{"taxonomy":"product_brand","embeddable":true,"href":"https:\/\/glassupply.com\/es\/wp-json\/wp\/v2\/product_brand?post=2230"},{"taxonomy":"product_cat","embeddable":true,"href":"https:\/\/glassupply.com\/es\/wp-json\/wp\/v2\/product_cat?post=2230"},{"taxonomy":"product_tag","embeddable":true,"href":"https:\/\/glassupply.com\/es\/wp-json\/wp\/v2\/product_tag?post=2230"}],"curies":[{"name":"wp","href":"https:\/\/api.w.org\/{rel}","templated":true}]}}